{"id":10425,"date":"2022-03-05T07:25:31","date_gmt":"2022-03-05T07:25:31","guid":{"rendered":"https:\/\/test.shrimataji.org\/?page_id=6484"},"modified":"2026-01-19T11:45:01","modified_gmt":"2026-01-19T11:45:01","slug":"swadhisthana-chakra-pt","status":"publish","type":"page","link":"https:\/\/shrimataji.org\/test\/pt\/swadhisthana-chakra-pt\/","title":{"rendered":"Swadhisthana Chakra PT"},"content":{"rendered":"\n\n\t<h1>Swadhisthana Chakra<\/h1>\n<h2>Intui\u00e7\u00e3o e Criatividade<\/h2>\n<h4>\u00c0 medida que envelhecemos, passamos por um processo intensivo e criativo de aprendizagem que surge de nossas experi\u00eancias e do ambiente ao nosso redor. Estamos constantemente aprendendo coisas novas.<\/h4>\n<p>O segundo centro est\u00e1 conectado \u00e0 fonte da nossa criatividade e possibilita uma aten\u00e7\u00e3o clara e uma intelig\u00eancia espiritual. Ele canaliza nossa inspira\u00e7\u00e3o criativa e nos permite experimentar a beleza ao nosso redor. A intelig\u00eancia espiritual dada por esse centro n\u00e3o \u00e9 mental, mas sim uma percep\u00e7\u00e3o direta da realidade. Ela pode ser sentida na ponta dos dedos e indica nossos bloqueios sutis. Este tamb\u00e9m \u00e9 o centro da nossa aten\u00e7\u00e3o pura, que nos d\u00e1 o poder de concentra\u00e7\u00e3o.<\/p>\n\t\t<iframe loading=\"lazy\" title=\"Swadhisthan Chakra\" width=\"1920\" height=\"1080\" src=\"https:\/\/www.youtube.com\/embed\/f4ta5ak6nMg?feature=oembed\" frameborder=\"0\" allow=\"accelerometer; autoplay; clipboard-write; encrypted-media; gyroscope; picture-in-picture; web-share\" allowfullscreen><\/iframe>\t\n\t<strong>Localiza\u00e7\u00e3o<\/strong>:<strong><br \/>\n<\/strong>Nosso Swadhisthana Chakra est\u00e1 localizado no plexo a\u00f3rtico, acima do osso sacro. Esse Chakra controla o funcionamento do f\u00edgado, rins, ba\u00e7o, p\u00e2ncreas e dos \u00f3rg\u00e3os reprodutivos femininos. As vibra\u00e7\u00f5es do Swadhisthana Chakra podem ser sentidas nos polegares de ambas as m\u00e3os.\n<strong>Cor<\/strong>:<strong><br \/>\n<\/strong>O Swadhisthana Chakra \u00e9 representado pela cor amarela. Ele est\u00e1 alinhado com o elemento purificador do fogo.\n<strong>As qualidades do Swadhisthana Chakra incluem:<\/strong><br \/>\n\u2022 Criatividade<br \/>\n\u2022 Aprecia\u00e7\u00e3o da beleza<br \/>\n\u2022 Inspira\u00e7\u00e3o<br \/>\n\u2022 Gera\u00e7\u00e3o de ideias<br \/>\n\u2022 Aten\u00e7\u00e3o sem distra\u00e7\u00f5es<br \/>\n\u2022 Percep\u00e7\u00e3o intelectual agu\u00e7ada<br \/>\n\u2022 Conhecimento puro<br \/>\n\u2022 Conhecimento espiritual\n\t\t\t\t<a href=\"https:\/\/shrimataji.org\/test\/wp-content\/uploads\/2023\/02\/2-Swadhisthan-01.png\"  target=\"_blank\" rel=\"noopener\"  itemprop=\"url\">\n\t\t\t\t<img decoding=\"async\" src=\"https:\/\/shrimataji.org\/test\/wp-content\/uploads\/2025\/11\/pt-2-Swadhisthan-01-scaled.png\" alt=\"pt-2-Swadhisthan-01\" itemprop=\"image\" height=\"2560\" width=\"2402\" title=\"pt-2-Swadhisthan-01\" onerror=\"this.style.display='none'\" loading=\"lazy\" \/>\n\t\t\t\t<\/a>\n\t<p>A qualidade fundamental do Swadhisthana \u00e9 a criatividade. \u00c9 por meio desse Chakra que nossa energia criativa \u00e9 gerada. O Swadhisthana tamb\u00e9m governa a aten\u00e7\u00e3o, a inspira\u00e7\u00e3o e o conhecimento puro. Quando nos abrimos para as qualidades do Swadhisthana Chakra, descobrimos a beleza e o poder da criatividade.<\/p>\n<strong>Experi\u00eancia e Benef\u00edcios:<\/strong><br \/>\nA fun\u00e7\u00e3o fisiol\u00f3gica mais importante do seu Swadhisthana Chakra \u00e9 a quebra das part\u00edculas de gordura no abd\u00f4men para repor a subst\u00e2ncia cinzenta e branca do c\u00e9rebro &#8211; a base do &#8220;pensar&#8221;.\n<p>O pensamento e o planejamento excessivos s\u00e3o muito comuns no mundo de hoje. Com o tempo, o lado direito do seu Swadhisthana Chakra pode ficar exausto por causa de tanto pensamento. Quando isso acontece, voc\u00ea pode perceber que sua criatividade enfraquece e seu trabalho se torna sem vida. A espontaneidade e a alegria podem deixar de ser parte da sua experi\u00eancia.<\/p>\n<p>Isso acontece porque o seu Swadhisthana Chakra come\u00e7a a negligenciar outros \u00f3rg\u00e3os dos quais deveria cuidar para repor a subst\u00e2ncia cerebral que voc\u00ea perde por causa do excesso de pensamento.<\/p>\n<p>Por exemplo, o seu f\u00edgado precisa trabalhar mais para produzir c\u00e9lulas de gordura a fim de atender \u00e0 demanda do corpo. Como o f\u00edgado \u00e9 o assento da aten\u00e7\u00e3o, voc\u00ea perde foco e a aten\u00e7\u00e3o pura fica comprometida.<\/p>\n<p>\u00c9 importante reconhecer a diferen\u00e7a entre aten\u00e7\u00e3o (que \u00e9 uma qualidade do Swadhisthana Chakra) e pensamento (que \u00e9 prejudicial a ele). Aten\u00e7\u00e3o significa observar ou escutar de forma cuidadosa. \u00c9 um foco puro sobre um objeto, sem pensamento. Aten\u00e7\u00e3o \u00e9 concentra\u00e7\u00e3o, observa\u00e7\u00e3o e capacidade de testemunhar.<\/p>\n<p>Por exemplo, voc\u00ea pode direcionar sua aten\u00e7\u00e3o para uma flor, apreciando sua beleza e seu perfume, sem realmente pensar sobre ela. Voc\u00ea a observaria e se encantaria sem que surgissem perguntas na mente como: &#8220;Qual \u00e9 o nome desta flor?&#8221; ou &#8220;Ser\u00e1 que ela \u00e9 anual ou perene?&#8221;<\/p>\n<p>Um f\u00edgado equilibrado sustenta e nutre sua capacidade de estar atento, filtrando impurezas, distra\u00e7\u00f5es e ru\u00eddos externos. A paz e a quietude que permitem meditar de forma eficaz v\u00eam dessa aten\u00e7\u00e3o purificada.<\/p>\n<p>Quando o seu Swadhisthana Chakra est\u00e1 equilibrado, o pensamento excessivo \u00e9 evitado. Voc\u00ea consegue manter uma mente tranquila, livre de preocupa\u00e7\u00f5es, d\u00favidas, confus\u00e3o e distra\u00e7\u00f5es. O trabalho criativo que voc\u00ea realiza nesse estado de equil\u00edbrio \u00e9 espiritualmente aprimorado &#8211; ele passa a ter &#8220;alma&#8221;.<\/p>\n<strong>Autoavalia\u00e7\u00e3o<\/strong>:<strong><br \/>\n<\/strong>Se o seu Swadhisthana Chakra estiver desequilibrado, voc\u00ea pode perceber dificuldade para meditar e uma falta geral de criatividade. Tamb\u00e9m pode experimentar ins\u00f4nia e irritabilidade. Outros sintomas de um Swadhisthana desequilibrado incluem doen\u00e7as como diabetes, c\u00e2nceres relacionados ao sangue, alergias e doen\u00e7as card\u00edacas.\n<p><strong>Raz\u00f5es para Desequil\u00edbrios: <\/strong><\/p>\n<ul>\n<li>O pensamento excessivo, o planejamento constante e a atividade mental exagerada exaurem esse centro. Em casos extremos, isso pode causar esgotamento mental e fadiga intensa no corpo f\u00edsico.<\/li>\n<\/ul>\n<strong>Como Equilibrar<\/strong>:<strong><br \/>\n<\/strong>Felizmente, a medita\u00e7\u00e3o oferece um meio simples de equilibrar esse Chakra. Para limpar o seu Swadhisthana Chakra, voc\u00ea deve mergulhar os p\u00e9s diariamente em \u00e1gua em temperatura normal.\n<p>Se voc\u00ea deseja focar na limpeza do lado direito do seu Swadhisthana Chakra, mergulhe os p\u00e9s em uma bacia com \u00e1gua salgada e <strong>fria<\/strong> (at\u00e9 mesmo com gelo) durante a medita\u00e7\u00e3o. Voc\u00ea tamb\u00e9m pode colocar uma bolsa de gelo na posi\u00e7\u00e3o do Swadhisthana direito, localizada logo acima do ponto onde o tronco se conecta \u00e0 perna direita.<\/p>\n<p>Para purificar o lado esquerdo do seu Swadhisthana Chakra, mergulhe os p\u00e9s em uma bacia com \u00e1gua salgada <strong>morna ou quente<\/strong> (na temperatura que for confort\u00e1vel para a sua pele) durante a medita\u00e7\u00e3o.<\/p>\n<p>Se voc\u00ea tiver problemas persistentes com o equil\u00edbrio deste Chakra, pode tentar purific\u00e1-lo com a chama de uma vela. Segure a vela na m\u00e3o direita a alguns cent\u00edmetros \u00e0 frente do seu Swadhisthana esquerdo. O Swadhisthana esquerdo est\u00e1 localizado logo acima do ponto onde o tronco se conecta \u00e0 perna esquerda.<\/p>\n\n","protected":false},"excerpt":{"rendered":"<p>Swadhisthana Chakra Intui\u00e7\u00e3o e Criatividade \u00c0 medida que envelhecemos, passamos por um processo intensivo e criativo de aprendizagem que surge de nossas experi\u00eancias e do ambiente ao nosso redor. Estamos constantemente aprendendo coisas novas. O segundo centro est\u00e1 conectado \u00e0 fonte da nossa criatividade e possibilita uma aten\u00e7\u00e3o clara e uma intelig\u00eancia espiritual. Ele canaliza&hellip; <br \/> <a class=\"read-more\" href=\"https:\/\/shrimataji.org\/test\/pt\/swadhisthana-chakra-pt\/\">Read more<\/a><\/p>\n","protected":false},"author":18,"featured_media":9252,"parent":0,"menu_order":0,"comment_status":"closed","ping_status":"closed","template":"","meta":{"inline_featured_image":false,"footnotes":""},"class_list":["post-10425","page","type-page","status-publish","has-post-thumbnail","hentry"],"yoast_head":"<!-- This site is optimized with the Yoast SEO plugin v27.4 - https:\/\/yoast.com\/product\/yoast-seo-wordpress\/ -->\n<title>Swadhisthana Chakra PT - TEST - SMND<\/title>\n<meta name=\"robots\" content=\"noindex, follow, max-snippet:-1, max-image-preview:large, max-video-preview:-1\" \/>\n<meta property=\"og:locale\" content=\"en_US\" \/>\n<meta property=\"og:type\" content=\"article\" \/>\n<meta property=\"og:title\" content=\"Swadhisthana Chakra PT - TEST - SMND\" \/>\n<meta property=\"og:description\" content=\"Swadhisthana Chakra Intui\u00e7\u00e3o e Criatividade \u00c0 medida que envelhecemos, passamos por um processo intensivo e criativo de aprendizagem que surge de nossas experi\u00eancias e do ambiente ao nosso redor. Estamos constantemente aprendendo coisas novas. O segundo centro est\u00e1 conectado \u00e0 fonte da nossa criatividade e possibilita uma aten\u00e7\u00e3o clara e uma intelig\u00eancia espiritual. Ele canaliza&hellip; Read more\" \/>\n<meta property=\"og:url\" content=\"https:\/\/shrimataji.org\/test\/pt\/swadhisthana-chakra-pt\/\" \/>\n<meta property=\"og:site_name\" content=\"TEST - SMND\" \/>\n<meta property=\"article:publisher\" content=\"https:\/\/www.facebook.com\/shrimataji\" \/>\n<meta property=\"article:modified_time\" content=\"2026-01-19T11:45:01+00:00\" \/>\n<meta property=\"og:image\" content=\"https:\/\/shrimataji.org\/test\/wp-content\/uploads\/2023\/03\/17_Banner-SY-Chakra-swad-scaled.jpg\" \/>\n\t<meta property=\"og:image:width\" content=\"2560\" \/>\n\t<meta property=\"og:image:height\" content=\"905\" \/>\n\t<meta property=\"og:image:type\" content=\"image\/jpeg\" \/>\n<meta name=\"twitter:card\" content=\"summary_large_image\" \/>\n<meta name=\"twitter:site\" content=\"@shrimataji\" \/>\n<script type=\"application\/ld+json\" class=\"yoast-schema-graph\">{\"@context\":\"https:\\\/\\\/schema.org\",\"@graph\":[{\"@type\":\"WebPage\",\"@id\":\"https:\\\/\\\/shrimataji.org\\\/test\\\/pt\\\/swadhisthana-chakra-pt\\\/\",\"url\":\"https:\\\/\\\/shrimataji.org\\\/test\\\/pt\\\/swadhisthana-chakra-pt\\\/\",\"name\":\"Swadhisthana Chakra PT - TEST - SMND\",\"isPartOf\":{\"@id\":\"https:\\\/\\\/shrimataji.org\\\/test\\\/#website\"},\"primaryImageOfPage\":{\"@id\":\"https:\\\/\\\/shrimataji.org\\\/test\\\/pt\\\/swadhisthana-chakra-pt\\\/#primaryimage\"},\"image\":{\"@id\":\"https:\\\/\\\/shrimataji.org\\\/test\\\/pt\\\/swadhisthana-chakra-pt\\\/#primaryimage\"},\"thumbnailUrl\":\"https:\\\/\\\/shrimataji.org\\\/test\\\/wp-content\\\/uploads\\\/2023\\\/03\\\/17_Banner-SY-Chakra-swad-scaled.jpg\",\"datePublished\":\"2022-03-05T07:25:31+00:00\",\"dateModified\":\"2026-01-19T11:45:01+00:00\",\"breadcrumb\":{\"@id\":\"https:\\\/\\\/shrimataji.org\\\/test\\\/pt\\\/swadhisthana-chakra-pt\\\/#breadcrumb\"},\"inLanguage\":\"en-US\",\"potentialAction\":[{\"@type\":\"ReadAction\",\"target\":[\"https:\\\/\\\/shrimataji.org\\\/test\\\/pt\\\/swadhisthana-chakra-pt\\\/\"]}]},{\"@type\":\"ImageObject\",\"inLanguage\":\"en-US\",\"@id\":\"https:\\\/\\\/shrimataji.org\\\/test\\\/pt\\\/swadhisthana-chakra-pt\\\/#primaryimage\",\"url\":\"https:\\\/\\\/shrimataji.org\\\/test\\\/wp-content\\\/uploads\\\/2023\\\/03\\\/17_Banner-SY-Chakra-swad-scaled.jpg\",\"contentUrl\":\"https:\\\/\\\/shrimataji.org\\\/test\\\/wp-content\\\/uploads\\\/2023\\\/03\\\/17_Banner-SY-Chakra-swad-scaled.jpg\",\"width\":2560,\"height\":905},{\"@type\":\"BreadcrumbList\",\"@id\":\"https:\\\/\\\/shrimataji.org\\\/test\\\/pt\\\/swadhisthana-chakra-pt\\\/#breadcrumb\",\"itemListElement\":[{\"@type\":\"ListItem\",\"position\":1,\"name\":\"Home\",\"item\":\"https:\\\/\\\/shrimataji.org\\\/test\\\/uk\\\/home-en\\\/\"},{\"@type\":\"ListItem\",\"position\":2,\"name\":\"Swadhisthana Chakra PT\"}]},{\"@type\":\"WebSite\",\"@id\":\"https:\\\/\\\/shrimataji.org\\\/test\\\/#website\",\"url\":\"https:\\\/\\\/shrimataji.org\\\/test\\\/\",\"name\":\"Shri Mataji Nirmala Devi\",\"description\":\"A Life Dedicated to Humanity\",\"publisher\":{\"@id\":\"https:\\\/\\\/shrimataji.org\\\/test\\\/#\\\/schema\\\/person\\\/a1b3419c6585f164aa96da1ff85715d1\"},\"potentialAction\":[{\"@type\":\"SearchAction\",\"target\":{\"@type\":\"EntryPoint\",\"urlTemplate\":\"https:\\\/\\\/shrimataji.org\\\/test\\\/?s={search_term_string}\"},\"query-input\":{\"@type\":\"PropertyValueSpecification\",\"valueRequired\":true,\"valueName\":\"search_term_string\"}}],\"inLanguage\":\"en-US\"},{\"@type\":[\"Person\",\"Organization\"],\"@id\":\"https:\\\/\\\/shrimataji.org\\\/test\\\/#\\\/schema\\\/person\\\/a1b3419c6585f164aa96da1ff85715d1\",\"name\":\"Nirmala Shrivastava\",\"image\":{\"@type\":\"ImageObject\",\"inLanguage\":\"en-US\",\"@id\":\"https:\\\/\\\/shrimataji.org\\\/test\\\/wp-content\\\/uploads\\\/2023\\\/02\\\/SMO_LOGO-03.svg\",\"url\":\"https:\\\/\\\/shrimataji.org\\\/test\\\/wp-content\\\/uploads\\\/2023\\\/02\\\/SMO_LOGO-03.svg\",\"contentUrl\":\"https:\\\/\\\/shrimataji.org\\\/test\\\/wp-content\\\/uploads\\\/2023\\\/02\\\/SMO_LOGO-03.svg\",\"width\":\"1024\",\"height\":\"1024\",\"caption\":\"Nirmala Shrivastava\"},\"logo\":{\"@id\":\"https:\\\/\\\/shrimataji.org\\\/test\\\/wp-content\\\/uploads\\\/2023\\\/02\\\/SMO_LOGO-03.svg\"},\"sameAs\":[\"https:\\\/\\\/shrimataji.org\\\/test\",\"https:\\\/\\\/www.facebook.com\\\/shrimataji\",\"https:\\\/\\\/x.com\\\/shrimataji\",\"https:\\\/\\\/www.youtube.com\\\/@Shri_Mataji_Nirmala_Devi\\\/featured\"]}]}<\/script>\n<!-- \/ Yoast SEO plugin. -->","yoast_head_json":{"title":"Swadhisthana Chakra PT - TEST - SMND","robots":{"index":"noindex","follow":"follow","max-snippet":"max-snippet:-1","max-image-preview":"max-image-preview:large","max-video-preview":"max-video-preview:-1"},"og_locale":"en_US","og_type":"article","og_title":"Swadhisthana Chakra PT - TEST - SMND","og_description":"Swadhisthana Chakra Intui\u00e7\u00e3o e Criatividade \u00c0 medida que envelhecemos, passamos por um processo intensivo e criativo de aprendizagem que surge de nossas experi\u00eancias e do ambiente ao nosso redor. Estamos constantemente aprendendo coisas novas. O segundo centro est\u00e1 conectado \u00e0 fonte da nossa criatividade e possibilita uma aten\u00e7\u00e3o clara e uma intelig\u00eancia espiritual. Ele canaliza&hellip; Read more","og_url":"https:\/\/shrimataji.org\/test\/pt\/swadhisthana-chakra-pt\/","og_site_name":"TEST - SMND","article_publisher":"https:\/\/www.facebook.com\/shrimataji","article_modified_time":"2026-01-19T11:45:01+00:00","og_image":[{"width":2560,"height":905,"url":"https:\/\/shrimataji.org\/test\/wp-content\/uploads\/2023\/03\/17_Banner-SY-Chakra-swad-scaled.jpg","type":"image\/jpeg"}],"twitter_card":"summary_large_image","twitter_site":"@shrimataji","schema":{"@context":"https:\/\/schema.org","@graph":[{"@type":"WebPage","@id":"https:\/\/shrimataji.org\/test\/pt\/swadhisthana-chakra-pt\/","url":"https:\/\/shrimataji.org\/test\/pt\/swadhisthana-chakra-pt\/","name":"Swadhisthana Chakra PT - TEST - SMND","isPartOf":{"@id":"https:\/\/shrimataji.org\/test\/#website"},"primaryImageOfPage":{"@id":"https:\/\/shrimataji.org\/test\/pt\/swadhisthana-chakra-pt\/#primaryimage"},"image":{"@id":"https:\/\/shrimataji.org\/test\/pt\/swadhisthana-chakra-pt\/#primaryimage"},"thumbnailUrl":"https:\/\/shrimataji.org\/test\/wp-content\/uploads\/2023\/03\/17_Banner-SY-Chakra-swad-scaled.jpg","datePublished":"2022-03-05T07:25:31+00:00","dateModified":"2026-01-19T11:45:01+00:00","breadcrumb":{"@id":"https:\/\/shrimataji.org\/test\/pt\/swadhisthana-chakra-pt\/#breadcrumb"},"inLanguage":"en-US","potentialAction":[{"@type":"ReadAction","target":["https:\/\/shrimataji.org\/test\/pt\/swadhisthana-chakra-pt\/"]}]},{"@type":"ImageObject","inLanguage":"en-US","@id":"https:\/\/shrimataji.org\/test\/pt\/swadhisthana-chakra-pt\/#primaryimage","url":"https:\/\/shrimataji.org\/test\/wp-content\/uploads\/2023\/03\/17_Banner-SY-Chakra-swad-scaled.jpg","contentUrl":"https:\/\/shrimataji.org\/test\/wp-content\/uploads\/2023\/03\/17_Banner-SY-Chakra-swad-scaled.jpg","width":2560,"height":905},{"@type":"BreadcrumbList","@id":"https:\/\/shrimataji.org\/test\/pt\/swadhisthana-chakra-pt\/#breadcrumb","itemListElement":[{"@type":"ListItem","position":1,"name":"Home","item":"https:\/\/shrimataji.org\/test\/uk\/home-en\/"},{"@type":"ListItem","position":2,"name":"Swadhisthana Chakra PT"}]},{"@type":"WebSite","@id":"https:\/\/shrimataji.org\/test\/#website","url":"https:\/\/shrimataji.org\/test\/","name":"Shri Mataji Nirmala Devi","description":"A Life Dedicated to Humanity","publisher":{"@id":"https:\/\/shrimataji.org\/test\/#\/schema\/person\/a1b3419c6585f164aa96da1ff85715d1"},"potentialAction":[{"@type":"SearchAction","target":{"@type":"EntryPoint","urlTemplate":"https:\/\/shrimataji.org\/test\/?s={search_term_string}"},"query-input":{"@type":"PropertyValueSpecification","valueRequired":true,"valueName":"search_term_string"}}],"inLanguage":"en-US"},{"@type":["Person","Organization"],"@id":"https:\/\/shrimataji.org\/test\/#\/schema\/person\/a1b3419c6585f164aa96da1ff85715d1","name":"Nirmala Shrivastava","image":{"@type":"ImageObject","inLanguage":"en-US","@id":"https:\/\/shrimataji.org\/test\/wp-content\/uploads\/2023\/02\/SMO_LOGO-03.svg","url":"https:\/\/shrimataji.org\/test\/wp-content\/uploads\/2023\/02\/SMO_LOGO-03.svg","contentUrl":"https:\/\/shrimataji.org\/test\/wp-content\/uploads\/2023\/02\/SMO_LOGO-03.svg","width":"1024","height":"1024","caption":"Nirmala Shrivastava"},"logo":{"@id":"https:\/\/shrimataji.org\/test\/wp-content\/uploads\/2023\/02\/SMO_LOGO-03.svg"},"sameAs":["https:\/\/shrimataji.org\/test","https:\/\/www.facebook.com\/shrimataji","https:\/\/x.com\/shrimataji","https:\/\/www.youtube.com\/@Shri_Mataji_Nirmala_Devi\/featured"]}]}},"lang":"pt","translations":{"pt":10425,"ur":37513,"en":6484,"am":18087,"th":20076,"hu":19576,"ar":16983,"sq":18488,"zh":17385,"hi":8323,"tr":10217,"de":10699,"fr":10797,"it":10895,"es":10992,"ja":11290,"ru":11478,"bn":11669,"te":11777,"sw":11900,"he":12048,"el":12340,"sk":12438,"fa":12536,"fi":12634,"bg":13374,"ro":14448,"cs":14641,"nl":16647,"ku":16807,"be":18695,"kn":18969,"mr":20440,"uk":20733,"ml":21028,"ta":22806,"sv":23075,"gu":28910,"pa":29070,"fil":29524,"da":37821,"pl":38031,"nn":38373},"pll_sync_post":[],"_links":{"self":[{"href":"https:\/\/shrimataji.org\/test\/wp-json\/wp\/v2\/pages\/10425","targetHints":{"allow":["GET"]}}],"collection":[{"href":"https:\/\/shrimataji.org\/test\/wp-json\/wp\/v2\/pages"}],"about":[{"href":"https:\/\/shrimataji.org\/test\/wp-json\/wp\/v2\/types\/page"}],"author":[{"embeddable":true,"href":"https:\/\/shrimataji.org\/test\/wp-json\/wp\/v2\/users\/18"}],"replies":[{"embeddable":true,"href":"https:\/\/shrimataji.org\/test\/wp-json\/wp\/v2\/comments?post=10425"}],"version-history":[{"count":0,"href":"https:\/\/shrimataji.org\/test\/wp-json\/wp\/v2\/pages\/10425\/revisions"}],"wp:featuredmedia":[{"embeddable":true,"href":"https:\/\/shrimataji.org\/test\/wp-json\/wp\/v2\/media\/9252"}],"wp:attachment":[{"href":"https:\/\/shrimataji.org\/test\/wp-json\/wp\/v2\/media?parent=10425"}],"curies":[{"name":"wp","href":"https:\/\/api.w.org\/{rel}","templated":true}]}}