{"id":10427,"date":"2012-10-02T12:00:00","date_gmt":"2012-10-02T12:00:00","guid":{"rendered":"http:\/\/testwordpress.nirmalnagari.org\/smnd\/index.php\/that-absolute-truth\/"},"modified":"2026-01-16T01:45:05","modified_gmt":"2026-01-16T01:45:05","slug":"verdade-absoluta","status":"publish","type":"page","link":"https:\/\/shrimataji.org\/test\/pt\/verdade-absoluta\/","title":{"rendered":"Verdade Absoluta"},"content":{"rendered":"\n\n\t<h1>Essa Verdade Absoluta<\/h1>\n<h2>Trecho do Programa P\u00fablico no Departamento de Estudos Religiosos na<br \/>\nUniversidade de Sydney, Austr\u00e1lia, em 15 de mar\u00e7o de 1990<\/h2>\n\t<p>Logo de in\u00edcio, precisamos saber uma coisa: a verdade \u00e9 o que \u00e9. N\u00e3o podemos organiz\u00e1-la, n\u00e3o podemos orden\u00e1-la, nem podemos conceb\u00ea-la com nossa compreens\u00e3o humana. Ela \u00e9, ela era e ela ser\u00e1. A ess\u00eancia de todas as religi\u00f5es, se reduzida a uma \u00fanica linha, \u00e9 esta: busque o eterno e trate o transit\u00f3rio com total discernimento.<\/p>\n\t\t\t\t<img decoding=\"async\" src=\"https:\/\/shrimataji.org\/test\/wp-content\/uploads\/2018\/07\/media_originals\/images\/shri-mataji-portraits\/shri-mataji-while-touring-india-1981-to-1982-1024x728.jpg\" alt=\"shri-mataji-while-touring-india-1981-to-1982\" itemprop=\"image\" height=\"728\" width=\"1024\" height=\"728\" width=\"1024\" title=\"shri-mataji-while-touring-india-1981-to-1982\" onerror=\"this.style.display='none'\" loading=\"lazy\" \/>\n\t<p>A primeira parte \u00e9 a dif\u00edcil: buscar o eterno. O eterno \u00e9 a verdade &#8211; e o que \u00e9 a verdade? Agora, enquanto falo com voc\u00eas, todos s\u00e3o pessoas muito instru\u00eddas e bem-educadas. Preciso pedir que tenham uma mente aberta, uma vis\u00e3o cient\u00edfica, para verificarem por si mesmos se o que digo \u00e9 verdade ou n\u00e3o; experimentem, e tratem tudo isso como uma hip\u00f3tese. E, se se revelar como verdade, ent\u00e3o, com toda honestidade, devemos aceit\u00e1-la.<\/p>\n<p>H\u00e1 duas coisas que talvez n\u00e3o aceitemos, mas que existem. Uma delas \u00e9 que todo este universo, toda esta cria\u00e7\u00e3o, \u00e9 permeada, nutrida e cuidada pelo Poder onipresente do Amor de Deus. Nestes tempos modernos, at\u00e9 mesmo mencionar o nome de Deus j\u00e1 parece demais. Isso \u00e9 chamado de Paramachaitanya na l\u00edngua s\u00e2nscrita; no Alcor\u00e3o \u00e9 chamado de Ruh; na B\u00edblia, de o Poder onipresente do Amor de Deus ou o Poder onipresente do Divino. O que chamamos de espiritualidade, divindade, \u00e9 a ess\u00eancia disso. Esta \u00e9 a primeira verdade.<\/p>\n\t<p>E a segunda verdade \u00e9 que n\u00f3s n\u00e3o somos este corpo, n\u00e3o somos esta mente, n\u00e3o somos as emo\u00e7\u00f5es, nem o ego, nem estes pensamentos. Al\u00e9m de tudo isso, n\u00f3s somos o esp\u00edrito, somos o esp\u00edrito puro. Estas s\u00e3o as duas coisas afirmadas em todas as religi\u00f5es, seja qual for a forma como tenham expressado.<\/p>\n<p>Nos tempos antigos, quando a busca come\u00e7ou na \u00cdndia &#8211; a \u00cdndia tem certos privil\u00e9gios em compara\u00e7\u00e3o com outros pa\u00edses. Primeiro, o clima \u00e9 t\u00e3o bom que se pode viver na selva sem muitos problemas. Enquanto no Ocidente, dir\u00edamos que as pessoas come\u00e7aram a ir para fora, como uma \u00e1rvore, os indianos come\u00e7aram a descer para dentro de suas ra\u00edzes. E descobriram, h\u00e1 muito tempo, a Sahaja Yoga.<\/p>\n<p>N\u00e3o \u00e9 algo moderno, \u00e9 um m\u00e9todo antigo e reconhecido de obter a uni\u00e3o com o Divino, que \u00e9 o yoga. Sahaja significa &#8220;nascido com voc\u00ea&#8221; &#8211; &#8220;saha&#8221; \u00e9 &#8220;com&#8221;, &#8220;ja&#8221; \u00e9 &#8220;nascido&#8221;. Nascido com voc\u00ea \u00e9 o direito de obter essa uni\u00e3o com o Poder Divino.<\/p>\n\t<p>Sahaja tamb\u00e9m significa espont\u00e2neo, porque \u00e9 o poder vivo que realiza isso. H\u00e1 um poder vivo dentro de n\u00f3s que nos fez seres humanos a partir do est\u00e1gio de ameba. E agora h\u00e1 outro poder residual que precisa nos conectar ao Divino. Este \u00e9 o verdadeiro significado da palavra yoga. E todo ser humano tem o direito de se unir a esse poder onipresente. Portanto, este \u00e9 o \u00faltimo salto da nossa evolu\u00e7\u00e3o.<\/p>\n<p>No n\u00edvel humano, como voc\u00ea sabe, vivemos em um mundo relativo. Algumas pessoas dizem que isto \u00e9 bom, outras dizem que aquilo \u00e9 bom. H\u00e1 sempre uma disputa. Mas, se for a verdade absoluta, n\u00e3o deveria haver duas opini\u00f5es sobre ela. Portanto, com muita humildade devemos aceitar que ainda n\u00e3o alcan\u00e7amos essa verdade absoluta que comprova a exist\u00eancia de Deus, que comprova a exist\u00eancia desse poder onipresente, que comprova a exatid\u00e3o do que os grandes profetas e grandes encarna\u00e7\u00f5es nos ensinaram.<\/p>\n\t<p><img loading=\"lazy\" decoding=\"async\" src=\"https:\/\/shrimataji.org\/test\/wp-content\/uploads\/2018\/07\/media_originals\/images\/shri-mataji-portraits\/shri-mataji-nirmala-devi-portrait.jpg\" alt=\"\" width=\"906\" height=\"598\" \/><\/p>\n\t<p>Claro que as religi\u00f5es tomaram rumos e desvios por causa do esfor\u00e7o humano, e podem ter parecido diferentes, mas eram como flores na \u00c1rvore da Vida em \u00e9pocas diferentes, de acordo com o momento &#8211; em s\u00e2nscrito, a palavra para isso \u00e9 samayachaa. De acordo com o tempo, a manifesta\u00e7\u00e3o acontecia, mas todas foram criadas na mesma \u00c1rvore da Vida. Mas as pessoas as arrancaram e come\u00e7aram a dizer: &#8220;Isto \u00e9 meu. Isto \u00e9 meu&#8221;, e com as flores mortas come\u00e7aram a brigar. \u00c9 assim que vemos hoje o problema surgindo.<\/p>\n\t<div class=\"su-quote su-quote-style-default\"><div class=\"su-quote-inner su-u-clearfix su-u-trim\"> Voc\u00ea n\u00e3o precisa ter f\u00e9 cega em nada. A f\u00e9 cega leva ao fanatismo. Voc\u00ea n\u00e3o deve ter f\u00e9 cega de forma alguma. \u00c9 preciso experienciar.<br \/>\n<\/div><\/div>\n\t<p>N\u00e3o havia nada de errado com esses santos, nada de errado com os profetas e nada de errado com as encarna\u00e7\u00f5es. Todos fizeram o que havia de melhor para n\u00f3s e tentaram nos dizer, de tempos em tempos, conforme o est\u00e1gio da nossa evolu\u00e7\u00e3o, o que dever\u00edamos fazer. Mas, na maior parte das vezes, eles lidaram com as coisas transit\u00f3rias, explicando como n\u00e3o nos envolver nos prazeres passageiros da vida, mas sim buscar o eterno&#8230;<\/p>\n\n","protected":false},"excerpt":{"rendered":"<p>Essa Verdade Absoluta Trecho do Programa P\u00fablico no Departamento de Estudos Religiosos na Universidade de Sydney, Austr\u00e1lia, em 15 de mar\u00e7o de 1990 Logo de in\u00edcio, precisamos saber uma coisa: a verdade \u00e9 o que \u00e9. N\u00e3o podemos organiz\u00e1-la, n\u00e3o podemos orden\u00e1-la, nem podemos conceb\u00ea-la com nossa compreens\u00e3o humana. Ela \u00e9, ela era e ela&hellip; <br \/> <a class=\"read-more\" href=\"https:\/\/shrimataji.org\/test\/pt\/verdade-absoluta\/\">Read more<\/a><\/p>\n","protected":false},"author":18,"featured_media":133,"parent":0,"menu_order":0,"comment_status":"closed","ping_status":"closed","template":"","meta":{"inline_featured_image":false,"footnotes":""},"class_list":["post-10427","page","type-page","status-publish","has-post-thumbnail","hentry"],"yoast_head":"<!-- This site is optimized with the Yoast SEO plugin v27.4 - https:\/\/yoast.com\/product\/yoast-seo-wordpress\/ -->\n<title>Verdade Absoluta - TEST - SMND<\/title>\n<meta name=\"robots\" content=\"noindex, follow, max-snippet:-1, max-image-preview:large, max-video-preview:-1\" \/>\n<meta property=\"og:locale\" content=\"en_US\" \/>\n<meta property=\"og:type\" content=\"article\" \/>\n<meta property=\"og:title\" content=\"Verdade Absoluta - TEST - SMND\" \/>\n<meta property=\"og:description\" content=\"Essa Verdade Absoluta Trecho do Programa P\u00fablico no Departamento de Estudos Religiosos na Universidade de Sydney, Austr\u00e1lia, em 15 de mar\u00e7o de 1990 Logo de in\u00edcio, precisamos saber uma coisa: a verdade \u00e9 o que \u00e9. N\u00e3o podemos organiz\u00e1-la, n\u00e3o podemos orden\u00e1-la, nem podemos conceb\u00ea-la com nossa compreens\u00e3o humana. Ela \u00e9, ela era e ela&hellip; Read more\" \/>\n<meta property=\"og:url\" content=\"https:\/\/shrimataji.org\/test\/pt\/verdade-absoluta\/\" \/>\n<meta property=\"og:site_name\" content=\"TEST - SMND\" \/>\n<meta property=\"article:publisher\" content=\"https:\/\/www.facebook.com\/shrimataji\" \/>\n<meta property=\"article:modified_time\" content=\"2026-01-16T01:45:05+00:00\" \/>\n<meta property=\"og:image\" content=\"https:\/\/shrimataji.org\/test\/wp-content\/uploads\/2018\/07\/media_originals\/images\/headers-general\/pink-flower-soft.jpg\" \/>\n\t<meta property=\"og:image:width\" content=\"990\" \/>\n\t<meta property=\"og:image:height\" content=\"350\" \/>\n\t<meta property=\"og:image:type\" content=\"image\/jpeg\" \/>\n<meta name=\"twitter:card\" content=\"summary_large_image\" \/>\n<meta name=\"twitter:site\" content=\"@shrimataji\" \/>\n<script type=\"application\/ld+json\" class=\"yoast-schema-graph\">{\"@context\":\"https:\\\/\\\/schema.org\",\"@graph\":[{\"@type\":\"WebPage\",\"@id\":\"https:\\\/\\\/shrimataji.org\\\/test\\\/pt\\\/verdade-absoluta\\\/\",\"url\":\"https:\\\/\\\/shrimataji.org\\\/test\\\/pt\\\/verdade-absoluta\\\/\",\"name\":\"Verdade Absoluta - TEST - SMND\",\"isPartOf\":{\"@id\":\"https:\\\/\\\/shrimataji.org\\\/test\\\/#website\"},\"primaryImageOfPage\":{\"@id\":\"https:\\\/\\\/shrimataji.org\\\/test\\\/pt\\\/verdade-absoluta\\\/#primaryimage\"},\"image\":{\"@id\":\"https:\\\/\\\/shrimataji.org\\\/test\\\/pt\\\/verdade-absoluta\\\/#primaryimage\"},\"thumbnailUrl\":\"https:\\\/\\\/shrimataji.org\\\/test\\\/wp-content\\\/uploads\\\/2018\\\/07\\\/media_originals\\\/images\\\/headers-general\\\/pink-flower-soft.jpg\",\"datePublished\":\"2012-10-02T12:00:00+00:00\",\"dateModified\":\"2026-01-16T01:45:05+00:00\",\"breadcrumb\":{\"@id\":\"https:\\\/\\\/shrimataji.org\\\/test\\\/pt\\\/verdade-absoluta\\\/#breadcrumb\"},\"inLanguage\":\"en-US\",\"potentialAction\":[{\"@type\":\"ReadAction\",\"target\":[\"https:\\\/\\\/shrimataji.org\\\/test\\\/pt\\\/verdade-absoluta\\\/\"]}]},{\"@type\":\"ImageObject\",\"inLanguage\":\"en-US\",\"@id\":\"https:\\\/\\\/shrimataji.org\\\/test\\\/pt\\\/verdade-absoluta\\\/#primaryimage\",\"url\":\"https:\\\/\\\/shrimataji.org\\\/test\\\/wp-content\\\/uploads\\\/2018\\\/07\\\/media_originals\\\/images\\\/headers-general\\\/pink-flower-soft.jpg\",\"contentUrl\":\"https:\\\/\\\/shrimataji.org\\\/test\\\/wp-content\\\/uploads\\\/2018\\\/07\\\/media_originals\\\/images\\\/headers-general\\\/pink-flower-soft.jpg\",\"width\":990,\"height\":350},{\"@type\":\"BreadcrumbList\",\"@id\":\"https:\\\/\\\/shrimataji.org\\\/test\\\/pt\\\/verdade-absoluta\\\/#breadcrumb\",\"itemListElement\":[{\"@type\":\"ListItem\",\"position\":1,\"name\":\"Home\",\"item\":\"https:\\\/\\\/shrimataji.org\\\/test\\\/uk\\\/home-en\\\/\"},{\"@type\":\"ListItem\",\"position\":2,\"name\":\"Verdade Absoluta\"}]},{\"@type\":\"WebSite\",\"@id\":\"https:\\\/\\\/shrimataji.org\\\/test\\\/#website\",\"url\":\"https:\\\/\\\/shrimataji.org\\\/test\\\/\",\"name\":\"Shri Mataji Nirmala Devi\",\"description\":\"A Life Dedicated to Humanity\",\"publisher\":{\"@id\":\"https:\\\/\\\/shrimataji.org\\\/test\\\/#\\\/schema\\\/person\\\/a1b3419c6585f164aa96da1ff85715d1\"},\"potentialAction\":[{\"@type\":\"SearchAction\",\"target\":{\"@type\":\"EntryPoint\",\"urlTemplate\":\"https:\\\/\\\/shrimataji.org\\\/test\\\/?s={search_term_string}\"},\"query-input\":{\"@type\":\"PropertyValueSpecification\",\"valueRequired\":true,\"valueName\":\"search_term_string\"}}],\"inLanguage\":\"en-US\"},{\"@type\":[\"Person\",\"Organization\"],\"@id\":\"https:\\\/\\\/shrimataji.org\\\/test\\\/#\\\/schema\\\/person\\\/a1b3419c6585f164aa96da1ff85715d1\",\"name\":\"Nirmala Shrivastava\",\"image\":{\"@type\":\"ImageObject\",\"inLanguage\":\"en-US\",\"@id\":\"https:\\\/\\\/shrimataji.org\\\/test\\\/wp-content\\\/uploads\\\/2023\\\/02\\\/SMO_LOGO-03.svg\",\"url\":\"https:\\\/\\\/shrimataji.org\\\/test\\\/wp-content\\\/uploads\\\/2023\\\/02\\\/SMO_LOGO-03.svg\",\"contentUrl\":\"https:\\\/\\\/shrimataji.org\\\/test\\\/wp-content\\\/uploads\\\/2023\\\/02\\\/SMO_LOGO-03.svg\",\"width\":\"1024\",\"height\":\"1024\",\"caption\":\"Nirmala Shrivastava\"},\"logo\":{\"@id\":\"https:\\\/\\\/shrimataji.org\\\/test\\\/wp-content\\\/uploads\\\/2023\\\/02\\\/SMO_LOGO-03.svg\"},\"sameAs\":[\"https:\\\/\\\/shrimataji.org\\\/test\",\"https:\\\/\\\/www.facebook.com\\\/shrimataji\",\"https:\\\/\\\/x.com\\\/shrimataji\",\"https:\\\/\\\/www.youtube.com\\\/@Shri_Mataji_Nirmala_Devi\\\/featured\"]}]}<\/script>\n<!-- \/ Yoast SEO plugin. -->","yoast_head_json":{"title":"Verdade Absoluta - TEST - SMND","robots":{"index":"noindex","follow":"follow","max-snippet":"max-snippet:-1","max-image-preview":"max-image-preview:large","max-video-preview":"max-video-preview:-1"},"og_locale":"en_US","og_type":"article","og_title":"Verdade Absoluta - TEST - SMND","og_description":"Essa Verdade Absoluta Trecho do Programa P\u00fablico no Departamento de Estudos Religiosos na Universidade de Sydney, Austr\u00e1lia, em 15 de mar\u00e7o de 1990 Logo de in\u00edcio, precisamos saber uma coisa: a verdade \u00e9 o que \u00e9. N\u00e3o podemos organiz\u00e1-la, n\u00e3o podemos orden\u00e1-la, nem podemos conceb\u00ea-la com nossa compreens\u00e3o humana. Ela \u00e9, ela era e ela&hellip; Read more","og_url":"https:\/\/shrimataji.org\/test\/pt\/verdade-absoluta\/","og_site_name":"TEST - SMND","article_publisher":"https:\/\/www.facebook.com\/shrimataji","article_modified_time":"2026-01-16T01:45:05+00:00","og_image":[{"width":990,"height":350,"url":"https:\/\/shrimataji.org\/test\/wp-content\/uploads\/2018\/07\/media_originals\/images\/headers-general\/pink-flower-soft.jpg","type":"image\/jpeg"}],"twitter_card":"summary_large_image","twitter_site":"@shrimataji","schema":{"@context":"https:\/\/schema.org","@graph":[{"@type":"WebPage","@id":"https:\/\/shrimataji.org\/test\/pt\/verdade-absoluta\/","url":"https:\/\/shrimataji.org\/test\/pt\/verdade-absoluta\/","name":"Verdade Absoluta - TEST - SMND","isPartOf":{"@id":"https:\/\/shrimataji.org\/test\/#website"},"primaryImageOfPage":{"@id":"https:\/\/shrimataji.org\/test\/pt\/verdade-absoluta\/#primaryimage"},"image":{"@id":"https:\/\/shrimataji.org\/test\/pt\/verdade-absoluta\/#primaryimage"},"thumbnailUrl":"https:\/\/shrimataji.org\/test\/wp-content\/uploads\/2018\/07\/media_originals\/images\/headers-general\/pink-flower-soft.jpg","datePublished":"2012-10-02T12:00:00+00:00","dateModified":"2026-01-16T01:45:05+00:00","breadcrumb":{"@id":"https:\/\/shrimataji.org\/test\/pt\/verdade-absoluta\/#breadcrumb"},"inLanguage":"en-US","potentialAction":[{"@type":"ReadAction","target":["https:\/\/shrimataji.org\/test\/pt\/verdade-absoluta\/"]}]},{"@type":"ImageObject","inLanguage":"en-US","@id":"https:\/\/shrimataji.org\/test\/pt\/verdade-absoluta\/#primaryimage","url":"https:\/\/shrimataji.org\/test\/wp-content\/uploads\/2018\/07\/media_originals\/images\/headers-general\/pink-flower-soft.jpg","contentUrl":"https:\/\/shrimataji.org\/test\/wp-content\/uploads\/2018\/07\/media_originals\/images\/headers-general\/pink-flower-soft.jpg","width":990,"height":350},{"@type":"BreadcrumbList","@id":"https:\/\/shrimataji.org\/test\/pt\/verdade-absoluta\/#breadcrumb","itemListElement":[{"@type":"ListItem","position":1,"name":"Home","item":"https:\/\/shrimataji.org\/test\/uk\/home-en\/"},{"@type":"ListItem","position":2,"name":"Verdade Absoluta"}]},{"@type":"WebSite","@id":"https:\/\/shrimataji.org\/test\/#website","url":"https:\/\/shrimataji.org\/test\/","name":"Shri Mataji Nirmala Devi","description":"A Life Dedicated to Humanity","publisher":{"@id":"https:\/\/shrimataji.org\/test\/#\/schema\/person\/a1b3419c6585f164aa96da1ff85715d1"},"potentialAction":[{"@type":"SearchAction","target":{"@type":"EntryPoint","urlTemplate":"https:\/\/shrimataji.org\/test\/?s={search_term_string}"},"query-input":{"@type":"PropertyValueSpecification","valueRequired":true,"valueName":"search_term_string"}}],"inLanguage":"en-US"},{"@type":["Person","Organization"],"@id":"https:\/\/shrimataji.org\/test\/#\/schema\/person\/a1b3419c6585f164aa96da1ff85715d1","name":"Nirmala Shrivastava","image":{"@type":"ImageObject","inLanguage":"en-US","@id":"https:\/\/shrimataji.org\/test\/wp-content\/uploads\/2023\/02\/SMO_LOGO-03.svg","url":"https:\/\/shrimataji.org\/test\/wp-content\/uploads\/2023\/02\/SMO_LOGO-03.svg","contentUrl":"https:\/\/shrimataji.org\/test\/wp-content\/uploads\/2023\/02\/SMO_LOGO-03.svg","width":"1024","height":"1024","caption":"Nirmala Shrivastava"},"logo":{"@id":"https:\/\/shrimataji.org\/test\/wp-content\/uploads\/2023\/02\/SMO_LOGO-03.svg"},"sameAs":["https:\/\/shrimataji.org\/test","https:\/\/www.facebook.com\/shrimataji","https:\/\/x.com\/shrimataji","https:\/\/www.youtube.com\/@Shri_Mataji_Nirmala_Devi\/featured"]}]}},"lang":"pt","translations":{"pt":10427,"ur":37515,"en":430,"am":18090,"th":20081,"hu":19580,"ar":16986,"sq":18491,"zh":17388,"tr":10219,"de":10701,"fr":10799,"it":10897,"es":10994,"ja":11292,"ru":11480,"bn":11671,"te":11779,"sw":11902,"he":12050,"el":12342,"sk":12440,"fa":12538,"fi":12636,"bg":13496,"ro":14571,"cs":14764,"nl":16650,"ku":16810,"be":18698,"kn":18972,"mr":20445,"uk":20738,"ml":21033,"ta":22809,"sv":23078,"gu":28913,"pa":29073,"fil":29527,"da":37823,"pl":38033,"nn":38375},"pll_sync_post":[],"_links":{"self":[{"href":"https:\/\/shrimataji.org\/test\/wp-json\/wp\/v2\/pages\/10427","targetHints":{"allow":["GET"]}}],"collection":[{"href":"https:\/\/shrimataji.org\/test\/wp-json\/wp\/v2\/pages"}],"about":[{"href":"https:\/\/shrimataji.org\/test\/wp-json\/wp\/v2\/types\/page"}],"author":[{"embeddable":true,"href":"https:\/\/shrimataji.org\/test\/wp-json\/wp\/v2\/users\/18"}],"replies":[{"embeddable":true,"href":"https:\/\/shrimataji.org\/test\/wp-json\/wp\/v2\/comments?post=10427"}],"version-history":[{"count":0,"href":"https:\/\/shrimataji.org\/test\/wp-json\/wp\/v2\/pages\/10427\/revisions"}],"wp:featuredmedia":[{"embeddable":true,"href":"https:\/\/shrimataji.org\/test\/wp-json\/wp\/v2\/media\/133"}],"wp:attachment":[{"href":"https:\/\/shrimataji.org\/test\/wp-json\/wp\/v2\/media?parent=10427"}],"curies":[{"name":"wp","href":"https:\/\/api.w.org\/{rel}","templated":true}]}}