{"id":10428,"date":"2022-01-29T09:27:08","date_gmt":"2022-01-29T09:27:08","guid":{"rendered":"https:\/\/test.shrimataji.org\/?page_id=6380"},"modified":"2026-01-18T22:42:28","modified_gmt":"2026-01-18T22:42:28","slug":"arte-do-crescimento-interior","status":"publish","type":"page","link":"https:\/\/shrimataji.org\/test\/pt\/arte-do-crescimento-interior\/","title":{"rendered":"A Arte do Crescimento Interior"},"content":{"rendered":"\n\n\t<h1>A Arte do Crescimento Interior<\/h1>\n<h2>Descubra o seu verdadeiro potencial interior<\/h2>\n<div class=\"su-quote su-quote-style-default\"><div class=\"su-quote-inner su-u-clearfix su-u-trim\"> Assim como voc\u00ea come\u00e7ou a descobrir o crescimento exterior, que precisa se desenvolver para fora, tamb\u00e9m deve existir o crescimento interior. Assim como acontece com uma \u00e1rvore: quando ela cresce para cima, suas ra\u00edzes precisam crescer igualmente.<br \/>\n<\/div><\/div>\n<h4>Nosso crescimento interior na <a href=\"https:\/\/shrimataji.org\/test\/pt\/meditacao-na-sahaja-yoga\/\" target=\"_blank\" rel=\"noopener\">Medita\u00e7\u00e3o da Sahaja Yoga <\/a>\u00e9 completamente natural e espont\u00e2neo. N\u00e3o existe nenhuma t\u00e9cnica especial que possamos aplicar com a mente ou o intelecto para for\u00e7ar ou influenciar esse crescimento interior. Da mesma forma que n\u00e3o h\u00e1 uma t\u00e9cnica para que uma semente se torne uma planta ou para que uma flor se transforme em fruto &#8211; \u00e9 a M\u00e3e Natureza que faz tudo isso acontecer espontaneamente -, \u00e9 somente a nossa <a href=\"https:\/\/shrimataji.org\/test\/pt\/kundalini-pt\/\" target=\"_blank\" rel=\"noopener\">Kundalini<\/a> uma for\u00e7a maternal e nutridora dentro de n\u00f3s, que trabalha todo o sistema sutil atrav\u00e9s da complexa rede de <a href=\"https:\/\/shrimataji.org\/test\/pt\/chakras-qualidades\/\" target=\"_blank\" rel=\"noopener\">Chakras<\/a> e <a href=\"https:\/\/shrimataji.org\/test\/pt\/nadis-tres-estados\/\" target=\"_blank\" rel=\"noopener\">Nadis<\/a> desenvolvendo plenamente nossa consci\u00eancia espiritual.<\/h4>\n<p>\u00c9 por meio da plena consci\u00eancia espiritual que nos tornamos uno com nosso verdadeiro potencial interior, integrando de forma hol\u00edstica nosso corpo, nossa mente, nossas emo\u00e7\u00f5es e nosso intelecto. Antes da realiza\u00e7\u00e3o do Si, nosso cora\u00e7\u00e3o deseja uma coisa, nosso intelecto pensa outra e nosso corpo reage de maneira diferente. A pr\u00e1tica regular da medita\u00e7\u00e3o Sahaja Yoga estabelece a conex\u00e3o sutil entre o cora\u00e7\u00e3o, a aten\u00e7\u00e3o, a mente, o corpo e o intelecto, permitindo-nos experimentar um estado perfeito de fluidez em todos os aspectos da vida.<\/p>\n<p>Ao alcan\u00e7ar essa harmonia interior, percebemos que ela afeta profundamente tudo ao nosso redor, seja no trabalho, na fam\u00edlia ou na sociedade em que vivemos. N\u00e3o precisamos pensar ou falar de um modo espec\u00edfico; s\u00e3o nossas auras espirituais (existem sete auras que envolvem nosso cora\u00e7\u00e3o e nossos Chakras) que se tornam iluminadas e passam a interagir dinamicamente com tudo o que comp\u00f5e nossa vida.<\/p>\n<div class=\"su-quote su-quote-style-default\"><div class=\"su-quote-inner su-u-clearfix su-u-trim\"> Que isso nada mais \u00e9 do que o crescimento interior de nossas ra\u00edzes, alcan\u00e7ado pela ascens\u00e3o da Kundalini. Por isso, tudo o que voc\u00ea precisa \u00e9 dedicar um pouco de tempo, participar do coletivo e progredir na Sahaja Yoga.<br \/>\n<\/div><\/div>\n\n","protected":false},"excerpt":{"rendered":"<p>A Arte do Crescimento Interior Descubra o seu verdadeiro potencial interior Nosso crescimento interior na Medita\u00e7\u00e3o da Sahaja Yoga \u00e9 completamente natural e espont\u00e2neo. N\u00e3o existe nenhuma t\u00e9cnica especial que possamos aplicar com a mente ou o intelecto para for\u00e7ar ou influenciar esse crescimento interior. Da mesma forma que n\u00e3o h\u00e1 uma t\u00e9cnica para que&hellip; <br \/> <a class=\"read-more\" href=\"https:\/\/shrimataji.org\/test\/pt\/arte-do-crescimento-interior\/\">Read more<\/a><\/p>\n","protected":false},"author":18,"featured_media":9258,"parent":0,"menu_order":0,"comment_status":"closed","ping_status":"closed","template":"","meta":{"inline_featured_image":false,"footnotes":""},"class_list":["post-10428","page","type-page","status-publish","has-post-thumbnail","hentry"],"yoast_head":"<!-- This site is optimized with the Yoast SEO plugin v27.4 - https:\/\/yoast.com\/product\/yoast-seo-wordpress\/ -->\n<title>A Arte do Crescimento Interior - TEST - SMND<\/title>\n<meta name=\"robots\" content=\"noindex, follow, max-snippet:-1, max-image-preview:large, max-video-preview:-1\" \/>\n<meta property=\"og:locale\" content=\"en_US\" \/>\n<meta property=\"og:type\" content=\"article\" \/>\n<meta property=\"og:title\" content=\"A Arte do Crescimento Interior - TEST - SMND\" \/>\n<meta property=\"og:description\" content=\"A Arte do Crescimento Interior Descubra o seu verdadeiro potencial interior Nosso crescimento interior na Medita\u00e7\u00e3o da Sahaja Yoga \u00e9 completamente natural e espont\u00e2neo. N\u00e3o existe nenhuma t\u00e9cnica especial que possamos aplicar com a mente ou o intelecto para for\u00e7ar ou influenciar esse crescimento interior. Da mesma forma que n\u00e3o h\u00e1 uma t\u00e9cnica para que&hellip; Read more\" \/>\n<meta property=\"og:url\" content=\"https:\/\/shrimataji.org\/test\/pt\/arte-do-crescimento-interior\/\" \/>\n<meta property=\"og:site_name\" content=\"TEST - SMND\" \/>\n<meta property=\"article:publisher\" content=\"https:\/\/www.facebook.com\/shrimataji\" \/>\n<meta property=\"article:modified_time\" content=\"2026-01-18T22:42:28+00:00\" \/>\n<meta property=\"og:image\" content=\"https:\/\/shrimataji.org\/test\/wp-content\/uploads\/2023\/03\/23_Banner-SY-Growth-scaled.jpg\" \/>\n\t<meta property=\"og:image:width\" content=\"2560\" \/>\n\t<meta property=\"og:image:height\" content=\"905\" \/>\n\t<meta property=\"og:image:type\" content=\"image\/jpeg\" \/>\n<meta name=\"twitter:card\" content=\"summary_large_image\" \/>\n<meta name=\"twitter:site\" content=\"@shrimataji\" \/>\n<meta name=\"twitter:label1\" content=\"Est. reading time\" \/>\n\t<meta name=\"twitter:data1\" content=\"2 minutes\" \/>\n<script type=\"application\/ld+json\" class=\"yoast-schema-graph\">{\"@context\":\"https:\\\/\\\/schema.org\",\"@graph\":[{\"@type\":\"WebPage\",\"@id\":\"https:\\\/\\\/shrimataji.org\\\/test\\\/pt\\\/arte-do-crescimento-interior\\\/\",\"url\":\"https:\\\/\\\/shrimataji.org\\\/test\\\/pt\\\/arte-do-crescimento-interior\\\/\",\"name\":\"A Arte do Crescimento Interior - TEST - SMND\",\"isPartOf\":{\"@id\":\"https:\\\/\\\/shrimataji.org\\\/test\\\/#website\"},\"primaryImageOfPage\":{\"@id\":\"https:\\\/\\\/shrimataji.org\\\/test\\\/pt\\\/arte-do-crescimento-interior\\\/#primaryimage\"},\"image\":{\"@id\":\"https:\\\/\\\/shrimataji.org\\\/test\\\/pt\\\/arte-do-crescimento-interior\\\/#primaryimage\"},\"thumbnailUrl\":\"https:\\\/\\\/shrimataji.org\\\/test\\\/wp-content\\\/uploads\\\/2023\\\/03\\\/23_Banner-SY-Growth-scaled.jpg\",\"datePublished\":\"2022-01-29T09:27:08+00:00\",\"dateModified\":\"2026-01-18T22:42:28+00:00\",\"breadcrumb\":{\"@id\":\"https:\\\/\\\/shrimataji.org\\\/test\\\/pt\\\/arte-do-crescimento-interior\\\/#breadcrumb\"},\"inLanguage\":\"en-US\",\"potentialAction\":[{\"@type\":\"ReadAction\",\"target\":[\"https:\\\/\\\/shrimataji.org\\\/test\\\/pt\\\/arte-do-crescimento-interior\\\/\"]}]},{\"@type\":\"ImageObject\",\"inLanguage\":\"en-US\",\"@id\":\"https:\\\/\\\/shrimataji.org\\\/test\\\/pt\\\/arte-do-crescimento-interior\\\/#primaryimage\",\"url\":\"https:\\\/\\\/shrimataji.org\\\/test\\\/wp-content\\\/uploads\\\/2023\\\/03\\\/23_Banner-SY-Growth-scaled.jpg\",\"contentUrl\":\"https:\\\/\\\/shrimataji.org\\\/test\\\/wp-content\\\/uploads\\\/2023\\\/03\\\/23_Banner-SY-Growth-scaled.jpg\",\"width\":2560,\"height\":905},{\"@type\":\"BreadcrumbList\",\"@id\":\"https:\\\/\\\/shrimataji.org\\\/test\\\/pt\\\/arte-do-crescimento-interior\\\/#breadcrumb\",\"itemListElement\":[{\"@type\":\"ListItem\",\"position\":1,\"name\":\"Home\",\"item\":\"https:\\\/\\\/shrimataji.org\\\/test\\\/uk\\\/home-en\\\/\"},{\"@type\":\"ListItem\",\"position\":2,\"name\":\"A Arte do Crescimento Interior\"}]},{\"@type\":\"WebSite\",\"@id\":\"https:\\\/\\\/shrimataji.org\\\/test\\\/#website\",\"url\":\"https:\\\/\\\/shrimataji.org\\\/test\\\/\",\"name\":\"Shri Mataji Nirmala Devi\",\"description\":\"A Life Dedicated to Humanity\",\"publisher\":{\"@id\":\"https:\\\/\\\/shrimataji.org\\\/test\\\/#\\\/schema\\\/person\\\/a1b3419c6585f164aa96da1ff85715d1\"},\"potentialAction\":[{\"@type\":\"SearchAction\",\"target\":{\"@type\":\"EntryPoint\",\"urlTemplate\":\"https:\\\/\\\/shrimataji.org\\\/test\\\/?s={search_term_string}\"},\"query-input\":{\"@type\":\"PropertyValueSpecification\",\"valueRequired\":true,\"valueName\":\"search_term_string\"}}],\"inLanguage\":\"en-US\"},{\"@type\":[\"Person\",\"Organization\"],\"@id\":\"https:\\\/\\\/shrimataji.org\\\/test\\\/#\\\/schema\\\/person\\\/a1b3419c6585f164aa96da1ff85715d1\",\"name\":\"Nirmala Shrivastava\",\"image\":{\"@type\":\"ImageObject\",\"inLanguage\":\"en-US\",\"@id\":\"https:\\\/\\\/shrimataji.org\\\/test\\\/wp-content\\\/uploads\\\/2023\\\/02\\\/SMO_LOGO-03.svg\",\"url\":\"https:\\\/\\\/shrimataji.org\\\/test\\\/wp-content\\\/uploads\\\/2023\\\/02\\\/SMO_LOGO-03.svg\",\"contentUrl\":\"https:\\\/\\\/shrimataji.org\\\/test\\\/wp-content\\\/uploads\\\/2023\\\/02\\\/SMO_LOGO-03.svg\",\"width\":\"1024\",\"height\":\"1024\",\"caption\":\"Nirmala Shrivastava\"},\"logo\":{\"@id\":\"https:\\\/\\\/shrimataji.org\\\/test\\\/wp-content\\\/uploads\\\/2023\\\/02\\\/SMO_LOGO-03.svg\"},\"sameAs\":[\"https:\\\/\\\/shrimataji.org\\\/test\",\"https:\\\/\\\/www.facebook.com\\\/shrimataji\",\"https:\\\/\\\/x.com\\\/shrimataji\",\"https:\\\/\\\/www.youtube.com\\\/@Shri_Mataji_Nirmala_Devi\\\/featured\"]}]}<\/script>\n<!-- \/ Yoast SEO plugin. -->","yoast_head_json":{"title":"A Arte do Crescimento Interior - TEST - SMND","robots":{"index":"noindex","follow":"follow","max-snippet":"max-snippet:-1","max-image-preview":"max-image-preview:large","max-video-preview":"max-video-preview:-1"},"og_locale":"en_US","og_type":"article","og_title":"A Arte do Crescimento Interior - TEST - SMND","og_description":"A Arte do Crescimento Interior Descubra o seu verdadeiro potencial interior Nosso crescimento interior na Medita\u00e7\u00e3o da Sahaja Yoga \u00e9 completamente natural e espont\u00e2neo. N\u00e3o existe nenhuma t\u00e9cnica especial que possamos aplicar com a mente ou o intelecto para for\u00e7ar ou influenciar esse crescimento interior. Da mesma forma que n\u00e3o h\u00e1 uma t\u00e9cnica para que&hellip; Read more","og_url":"https:\/\/shrimataji.org\/test\/pt\/arte-do-crescimento-interior\/","og_site_name":"TEST - SMND","article_publisher":"https:\/\/www.facebook.com\/shrimataji","article_modified_time":"2026-01-18T22:42:28+00:00","og_image":[{"width":2560,"height":905,"url":"https:\/\/shrimataji.org\/test\/wp-content\/uploads\/2023\/03\/23_Banner-SY-Growth-scaled.jpg","type":"image\/jpeg"}],"twitter_card":"summary_large_image","twitter_site":"@shrimataji","twitter_misc":{"Est. reading time":"2 minutes"},"schema":{"@context":"https:\/\/schema.org","@graph":[{"@type":"WebPage","@id":"https:\/\/shrimataji.org\/test\/pt\/arte-do-crescimento-interior\/","url":"https:\/\/shrimataji.org\/test\/pt\/arte-do-crescimento-interior\/","name":"A Arte do Crescimento Interior - TEST - SMND","isPartOf":{"@id":"https:\/\/shrimataji.org\/test\/#website"},"primaryImageOfPage":{"@id":"https:\/\/shrimataji.org\/test\/pt\/arte-do-crescimento-interior\/#primaryimage"},"image":{"@id":"https:\/\/shrimataji.org\/test\/pt\/arte-do-crescimento-interior\/#primaryimage"},"thumbnailUrl":"https:\/\/shrimataji.org\/test\/wp-content\/uploads\/2023\/03\/23_Banner-SY-Growth-scaled.jpg","datePublished":"2022-01-29T09:27:08+00:00","dateModified":"2026-01-18T22:42:28+00:00","breadcrumb":{"@id":"https:\/\/shrimataji.org\/test\/pt\/arte-do-crescimento-interior\/#breadcrumb"},"inLanguage":"en-US","potentialAction":[{"@type":"ReadAction","target":["https:\/\/shrimataji.org\/test\/pt\/arte-do-crescimento-interior\/"]}]},{"@type":"ImageObject","inLanguage":"en-US","@id":"https:\/\/shrimataji.org\/test\/pt\/arte-do-crescimento-interior\/#primaryimage","url":"https:\/\/shrimataji.org\/test\/wp-content\/uploads\/2023\/03\/23_Banner-SY-Growth-scaled.jpg","contentUrl":"https:\/\/shrimataji.org\/test\/wp-content\/uploads\/2023\/03\/23_Banner-SY-Growth-scaled.jpg","width":2560,"height":905},{"@type":"BreadcrumbList","@id":"https:\/\/shrimataji.org\/test\/pt\/arte-do-crescimento-interior\/#breadcrumb","itemListElement":[{"@type":"ListItem","position":1,"name":"Home","item":"https:\/\/shrimataji.org\/test\/uk\/home-en\/"},{"@type":"ListItem","position":2,"name":"A Arte do Crescimento Interior"}]},{"@type":"WebSite","@id":"https:\/\/shrimataji.org\/test\/#website","url":"https:\/\/shrimataji.org\/test\/","name":"Shri Mataji Nirmala Devi","description":"A Life Dedicated to Humanity","publisher":{"@id":"https:\/\/shrimataji.org\/test\/#\/schema\/person\/a1b3419c6585f164aa96da1ff85715d1"},"potentialAction":[{"@type":"SearchAction","target":{"@type":"EntryPoint","urlTemplate":"https:\/\/shrimataji.org\/test\/?s={search_term_string}"},"query-input":{"@type":"PropertyValueSpecification","valueRequired":true,"valueName":"search_term_string"}}],"inLanguage":"en-US"},{"@type":["Person","Organization"],"@id":"https:\/\/shrimataji.org\/test\/#\/schema\/person\/a1b3419c6585f164aa96da1ff85715d1","name":"Nirmala Shrivastava","image":{"@type":"ImageObject","inLanguage":"en-US","@id":"https:\/\/shrimataji.org\/test\/wp-content\/uploads\/2023\/02\/SMO_LOGO-03.svg","url":"https:\/\/shrimataji.org\/test\/wp-content\/uploads\/2023\/02\/SMO_LOGO-03.svg","contentUrl":"https:\/\/shrimataji.org\/test\/wp-content\/uploads\/2023\/02\/SMO_LOGO-03.svg","width":"1024","height":"1024","caption":"Nirmala Shrivastava"},"logo":{"@id":"https:\/\/shrimataji.org\/test\/wp-content\/uploads\/2023\/02\/SMO_LOGO-03.svg"},"sameAs":["https:\/\/shrimataji.org\/test","https:\/\/www.facebook.com\/shrimataji","https:\/\/x.com\/shrimataji","https:\/\/www.youtube.com\/@Shri_Mataji_Nirmala_Devi\/featured"]}]}},"lang":"pt","translations":{"pt":10428,"ur":37517,"en":6380,"am":18092,"th":20084,"hu":19582,"ar":16988,"sq":18493,"zh":17390,"hi":7883,"tr":10220,"de":10702,"fr":10800,"it":10898,"es":10995,"ja":11293,"ru":11481,"bn":11672,"te":11780,"sw":11903,"he":12051,"el":12343,"sk":12441,"fa":12539,"fi":12637,"bg":13405,"ro":14479,"cs":14672,"nl":16652,"ku":16812,"be":18700,"kn":18974,"mr":20448,"uk":20741,"ml":21036,"ta":22811,"sv":23080,"gu":28915,"pa":29075,"fil":29529,"da":37825,"pl":38035,"nn":38377},"pll_sync_post":[],"_links":{"self":[{"href":"https:\/\/shrimataji.org\/test\/wp-json\/wp\/v2\/pages\/10428","targetHints":{"allow":["GET"]}}],"collection":[{"href":"https:\/\/shrimataji.org\/test\/wp-json\/wp\/v2\/pages"}],"about":[{"href":"https:\/\/shrimataji.org\/test\/wp-json\/wp\/v2\/types\/page"}],"author":[{"embeddable":true,"href":"https:\/\/shrimataji.org\/test\/wp-json\/wp\/v2\/users\/18"}],"replies":[{"embeddable":true,"href":"https:\/\/shrimataji.org\/test\/wp-json\/wp\/v2\/comments?post=10428"}],"version-history":[{"count":0,"href":"https:\/\/shrimataji.org\/test\/wp-json\/wp\/v2\/pages\/10428\/revisions"}],"wp:featuredmedia":[{"embeddable":true,"href":"https:\/\/shrimataji.org\/test\/wp-json\/wp\/v2\/media\/9258"}],"wp:attachment":[{"href":"https:\/\/shrimataji.org\/test\/wp-json\/wp\/v2\/media?parent=10428"}],"curies":[{"name":"wp","href":"https:\/\/api.w.org\/{rel}","templated":true}]}}