{"id":10429,"date":"2018-07-10T06:54:50","date_gmt":"2018-07-10T06:54:50","guid":{"rendered":"http:\/\/testwordpress.nirmalnagari.org\/smnd\/index.php\/the-culmination\/"},"modified":"2026-01-18T22:45:06","modified_gmt":"2026-01-18T22:45:06","slug":"ponto-culminante","status":"publish","type":"page","link":"https:\/\/shrimataji.org\/test\/pt\/ponto-culminante\/","title":{"rendered":"O Ponto Culminante"},"content":{"rendered":"\n\n\t<h1>O Ponto Culminante<\/h1>\n<h2>Uma rever\u00eancia humilde<\/h2>\n\t<h4>Shri Mataji sabia desde muito jovem que seu objetivo maior era contribuir para a evolu\u00e7\u00e3o espiritual da humanidade. No entanto, somente aos 47 anos, quando suas duas filhas j\u00e1 estavam casadas, \u00e9 que ela iniciou a obra que definiria toda a sua vida.<\/h4>\n\t<p>O ponto de virada aconteceu em Nargol, uma pequena vila no estado de Gujarat, na \u00cdndia. Em <a href=\"https:\/\/shrimataji.org\/test\/pt\/evento-primordial\/\" target=\"_blank\" rel=\"noopener\">5 de maio de 1970<\/a>, ap\u00f3s um per\u00edodo de profunda medita\u00e7\u00e3o, Shri Mataji teve uma experi\u00eancia profunda de consci\u00eancia e verdade que inspiraria suas a\u00e7\u00f5es pelos quarenta anos seguintes.<\/p>\n<figure itemscope itemtype=\"https:\/\/schema.org\/ImageObject\">\n\t\t\t\t<img decoding=\"async\" src=\"https:\/\/shrimataji.org\/test\/wp-content\/uploads\/2018\/07\/media_originals\/images\/shri-mataji-teaching-sahaja-yoga\/shri-mataji-nirmala-devi-teaching-sahaja-yoga-meditation-in-india.jpg\" alt=\"Shri Mataji opettaa Sahaja Yoga -meditaatiota Intiassa\" height=\"541\" width=\"721\" title=\"Shri Mataji opettaa Sahaja Yoga -meditaatiota Intiassa\" onerror=\"this.style.display='none'\" loading=\"lazy\" \/>\n\t\t\n\t<\/figure>\n\t<p>A partir daquele momento, Shri Mataji dedicou-se a disseminar a mensagem de que a realiza\u00e7\u00e3o do Si est\u00e1 ao alcance de cada indiv\u00edduo, por meio da pr\u00e1tica de uma forma simples de medita\u00e7\u00e3o que ela chamou de Sahaja Yoga &#8211; um termo em s\u00e2nscrito que significa a uni\u00e3o espont\u00e2nea do ser individual com a energia criativa que permeia todo o universo. Ela afirmava que a realiza\u00e7\u00e3o do Si est\u00e1 dispon\u00edvel, gratuitamente, para todos, e mostrava como transmitir essa experi\u00eancia a outras pessoas, como &#8220;uma vela acendendo outra&#8221;.<\/p>\n<p>Shri Mataji come\u00e7ou de forma modesta, com um pequeno grupo de buscadores da verdade em Mumbai e Londres. Durante esse per\u00edodo, at\u00e9 meados da d\u00e9cada de 1980, Shri Mataji era uma presen\u00e7a constante e profundamente maternal &#8211; cozinhava, comia, fazia compras, ia ao cinema e, claro, meditava regularmente com sua crescente fam\u00edlia espiritual.<\/p>\n\t<p>Seu marido, Sir C.P. Srivastava, ent\u00e3o Secret\u00e1rio-Geral da Organiza\u00e7\u00e3o Mar\u00edtima Internacional das Na\u00e7\u00f5es Unidas, inicialmente ficou um pouco surpreso com a pol\u00edtica de &#8220;portas abertas&#8221; adotada pela esposa. Com o tempo, por\u00e9m, ele tamb\u00e9m se inspirou em sua compaix\u00e3o e no desejo genu\u00edno de ajudar os outros. Observou Shri Mataji receber pessoas em sua casa, conceder-lhes a realiza\u00e7\u00e3o do Si e cuidar delas, ensinando-as a se curarem por meio das t\u00e9cnicas da Sahaja Yoga. Sobre um desses epis\u00f3dios, ele comentou: &#8220;Ent\u00e3o comecei a ver o milagre acontecer. Ela tratou o jovem com muito carinho, afeto e com t\u00e9cnicas da Sahaja Yoga, e o rapaz come\u00e7ou a se transformar&#8230;&#8221;<\/p>\n\t<p>Embora Shri Mataji j\u00e1 tivesse grande visibilidade como esposa de um importante diplomata, ela come\u00e7ou a assumir um papel cada vez mais p\u00fablico por m\u00e9rito pr\u00f3prio &#8211; falando em eventos, concedendo entrevistas \u00e0 imprensa, dando palestras e, acima de tudo, compartilhando a experi\u00eancia da realiza\u00e7\u00e3o do Si com todos que a desejassem. Ela atra\u00eda pessoas por onde passava, gra\u00e7as \u00e0 sua mensagem de verdade, \u00e0 sua energia inesgot\u00e1vel e ao seu maravilhoso senso de humor. Aos poucos, a pr\u00e1tica da Sahaja Yoga foi se estabelecendo no Reino Unido e na \u00cdndia, depois em toda a Europa, nos Estados Unidos e, por fim, no resto do mundo.<\/p>\n<p>Na d\u00e9cada de 1990, Shri Mataji havia se tornado uma personalidade mundial, atraindo aten\u00e7\u00e3o da m\u00eddia por onde passava, al\u00e9m de receber uma s\u00e9rie de homenagens e reconhecimentos. Ela foi indicada ao Pr\u00eamio Nobel da Paz, e Claes Nobel, sobrinho-neto de Alfred Nobel e presidente da United Earth Foundation, declarou: &#8220;Shri Mataji nos capacita a nos tornarmos mestres do nosso pr\u00f3prio destino.&#8221; Foi convidada a falar na sede das Na\u00e7\u00f5es Unidas em Nova York, bem como na <a href=\"https:\/\/shrimataji.org\/test\/pt\/conferencia-mundial-onu-mulheres\/\">Confer\u00eancia da ONU para as Mulheres, em Pequim<\/a>. In\u00fameros governos municipais e regionais institu\u00edram um dia em sua homenagem.\u00a0<\/p>\n<p>Shri Mataji fundou diversas organiza\u00e7\u00f5es n\u00e3o governamentais, incluindo o International Hospital and Cancer Research Centre, pr\u00f3ximo a Mumbai, e o Nirmal Prem, um lar para mulheres em situa\u00e7\u00e3o de vulnerabilidade nos arredores de Nova Delhi. At\u00e9 hoje, essas institui\u00e7\u00f5es utilizam t\u00e9cnicas de Sahaja Yoga para ajudar pessoas a superar problemas como doen\u00e7as e depend\u00eancias, al\u00e9m de encontrar alegria e prop\u00f3sito em suas vidas.<\/p>\n<p>Apesar de se tornar uma celebridade, Shri Mataji permaneceu a pessoa compassiva, gentil e simples que sempre havia sido. Seu prop\u00f3sito n\u00e3o mudou, nem sua mensagem. Como escreveu em seu livro A Era Metamoderna: &#8220;Existe a alegria onipresente do amor Divino e eu quero que todos a desfrutem.&#8221; <a href=\"#citation-note-1\">[1]<\/a><\/p>\n<p>Shri Mataji continuou a viajar pelo mundo at\u00e9 o fim de sua vida, embora suas apari\u00e7\u00f5es p\u00fablicas tenham diminu\u00eddo nos \u00faltimos anos, quando passou a dedicar mais tempo \u00e0 sua fam\u00edlia pr\u00f3xima.<\/p>\n<p>No dia 23 de fevereiro de 2011, Shri Mataji faleceu pacificamente aos 87 anos. Seu legado permanece vivo, enquanto a experi\u00eancia da realiza\u00e7\u00e3o do Si continua a transformar in\u00fameras vidas.<\/p>\n<figure itemscope itemtype=\"https:\/\/schema.org\/ImageObject\">\n\t\t\t\t<img decoding=\"async\" src=\"https:\/\/shrimataji.org\/test\/wp-content\/uploads\/2025\/12\/PT_Nirmaldham_inside.jpg\" alt=\"Nirmal Dham, D\u00e9lhi, \u00cdndia\" height=\"400\" width=\"600\" title=\"PT_Nirmaldham_inside\" onerror=\"this.style.display='none'\" loading=\"lazy\" \/>\n\t\t<figcaption>Nirmal Dham, D\u00e9lhi, \u00cdndia<\/figcaption>\n\t<\/figure>\n<figure itemscope itemtype=\"https:\/\/schema.org\/ImageObject\">\n\t\t\t\t<img decoding=\"async\" src=\"https:\/\/shrimataji.org\/test\/wp-content\/uploads\/2025\/12\/PT_Nirmaldham.jpg\" alt=\"Nirmal Dham, D\u00e9lhi, \u00cdndia\" height=\"521\" width=\"521\" title=\"PT_Nirmaldham\" onerror=\"this.style.display='none'\" loading=\"lazy\" \/>\n\t\t<figcaption>Nirmal Dham, D\u00e9lhi, \u00cdndia<\/figcaption>\n\t<\/figure>\n\t<div class=\"su-quote su-quote-style-default\"><div class=\"su-quote-inner su-u-clearfix su-u-trim\">\u00c9 preciso perceber que todos n\u00f3s somos ligados por um princ\u00edpio comum da vida: todos temos a kundalini dentro de n\u00f3s. Devemos respeitar todas as pessoas, todos os seres humanos, independentemente da na\u00e7\u00e3o de onde venham, do pa\u00eds a que perten\u00e7am ou da cor que tenham, porque todos t\u00eam a kundalini.<br \/>\n<\/div><\/div>\n\t<hr \/>\n<h3>1.\u00a0<a href=\"https:\/\/shrimataji.org\/test\/the-culmination\/#citation-ref-1\">^<\/a><a name=\"citation-note-1\"><\/a> Shri Mataji Nirmala Devi, &#8216;Meta Modern Era&#8217; Pune: Vishwa Nirmala Dharma, 1995.<\/h3>\n\n","protected":false},"excerpt":{"rendered":"<p>O Ponto Culminante Uma rever\u00eancia humilde Shri Mataji sabia desde muito jovem que seu objetivo maior era contribuir para a evolu\u00e7\u00e3o espiritual da humanidade. No entanto, somente aos 47 anos, quando suas duas filhas j\u00e1 estavam casadas, \u00e9 que ela iniciou a obra que definiria toda a sua vida. O ponto de virada aconteceu em&hellip; <br \/> <a class=\"read-more\" href=\"https:\/\/shrimataji.org\/test\/pt\/ponto-culminante\/\">Read more<\/a><\/p>\n","protected":false},"author":18,"featured_media":119,"parent":0,"menu_order":0,"comment_status":"closed","ping_status":"closed","template":"","meta":{"inline_featured_image":false,"footnotes":""},"class_list":["post-10429","page","type-page","status-publish","has-post-thumbnail","hentry"],"yoast_head":"<!-- This site is optimized with the Yoast SEO plugin v27.4 - https:\/\/yoast.com\/product\/yoast-seo-wordpress\/ -->\n<title>O Ponto Culminante - TEST - SMND<\/title>\n<meta name=\"robots\" content=\"noindex, follow, max-snippet:-1, max-image-preview:large, max-video-preview:-1\" \/>\n<meta property=\"og:locale\" content=\"en_US\" \/>\n<meta property=\"og:type\" content=\"article\" \/>\n<meta property=\"og:title\" content=\"O Ponto Culminante - TEST - SMND\" \/>\n<meta property=\"og:description\" content=\"O Ponto Culminante Uma rever\u00eancia humilde Shri Mataji sabia desde muito jovem que seu objetivo maior era contribuir para a evolu\u00e7\u00e3o espiritual da humanidade. No entanto, somente aos 47 anos, quando suas duas filhas j\u00e1 estavam casadas, \u00e9 que ela iniciou a obra que definiria toda a sua vida. O ponto de virada aconteceu em&hellip; Read more\" \/>\n<meta property=\"og:url\" content=\"https:\/\/shrimataji.org\/test\/pt\/ponto-culminante\/\" \/>\n<meta property=\"og:site_name\" content=\"TEST - SMND\" \/>\n<meta property=\"article:publisher\" content=\"https:\/\/www.facebook.com\/shrimataji\" \/>\n<meta property=\"article:modified_time\" content=\"2026-01-18T22:45:06+00:00\" \/>\n<meta property=\"og:image\" content=\"https:\/\/shrimataji.org\/test\/wp-content\/uploads\/2018\/07\/media_originals\/images\/headers-general\/shri-mataji-nirmala-devi-austria.jpg\" \/>\n\t<meta property=\"og:image:width\" content=\"990\" \/>\n\t<meta property=\"og:image:height\" content=\"350\" \/>\n\t<meta property=\"og:image:type\" content=\"image\/jpeg\" \/>\n<meta name=\"twitter:card\" content=\"summary_large_image\" \/>\n<meta name=\"twitter:site\" content=\"@shrimataji\" \/>\n<meta name=\"twitter:label1\" content=\"Est. reading time\" \/>\n\t<meta name=\"twitter:data1\" content=\"4 minutes\" \/>\n<script type=\"application\/ld+json\" class=\"yoast-schema-graph\">{\"@context\":\"https:\\\/\\\/schema.org\",\"@graph\":[{\"@type\":\"WebPage\",\"@id\":\"https:\\\/\\\/shrimataji.org\\\/test\\\/pt\\\/ponto-culminante\\\/\",\"url\":\"https:\\\/\\\/shrimataji.org\\\/test\\\/pt\\\/ponto-culminante\\\/\",\"name\":\"O Ponto Culminante - TEST - SMND\",\"isPartOf\":{\"@id\":\"https:\\\/\\\/shrimataji.org\\\/test\\\/#website\"},\"primaryImageOfPage\":{\"@id\":\"https:\\\/\\\/shrimataji.org\\\/test\\\/pt\\\/ponto-culminante\\\/#primaryimage\"},\"image\":{\"@id\":\"https:\\\/\\\/shrimataji.org\\\/test\\\/pt\\\/ponto-culminante\\\/#primaryimage\"},\"thumbnailUrl\":\"https:\\\/\\\/shrimataji.org\\\/test\\\/wp-content\\\/uploads\\\/2018\\\/07\\\/media_originals\\\/images\\\/headers-general\\\/shri-mataji-nirmala-devi-austria.jpg\",\"datePublished\":\"2018-07-10T06:54:50+00:00\",\"dateModified\":\"2026-01-18T22:45:06+00:00\",\"breadcrumb\":{\"@id\":\"https:\\\/\\\/shrimataji.org\\\/test\\\/pt\\\/ponto-culminante\\\/#breadcrumb\"},\"inLanguage\":\"en-US\",\"potentialAction\":[{\"@type\":\"ReadAction\",\"target\":[\"https:\\\/\\\/shrimataji.org\\\/test\\\/pt\\\/ponto-culminante\\\/\"]}]},{\"@type\":\"ImageObject\",\"inLanguage\":\"en-US\",\"@id\":\"https:\\\/\\\/shrimataji.org\\\/test\\\/pt\\\/ponto-culminante\\\/#primaryimage\",\"url\":\"https:\\\/\\\/shrimataji.org\\\/test\\\/wp-content\\\/uploads\\\/2018\\\/07\\\/media_originals\\\/images\\\/headers-general\\\/shri-mataji-nirmala-devi-austria.jpg\",\"contentUrl\":\"https:\\\/\\\/shrimataji.org\\\/test\\\/wp-content\\\/uploads\\\/2018\\\/07\\\/media_originals\\\/images\\\/headers-general\\\/shri-mataji-nirmala-devi-austria.jpg\",\"width\":990,\"height\":350},{\"@type\":\"BreadcrumbList\",\"@id\":\"https:\\\/\\\/shrimataji.org\\\/test\\\/pt\\\/ponto-culminante\\\/#breadcrumb\",\"itemListElement\":[{\"@type\":\"ListItem\",\"position\":1,\"name\":\"Home\",\"item\":\"https:\\\/\\\/shrimataji.org\\\/test\\\/uk\\\/home-en\\\/\"},{\"@type\":\"ListItem\",\"position\":2,\"name\":\"O Ponto Culminante\"}]},{\"@type\":\"WebSite\",\"@id\":\"https:\\\/\\\/shrimataji.org\\\/test\\\/#website\",\"url\":\"https:\\\/\\\/shrimataji.org\\\/test\\\/\",\"name\":\"Shri Mataji Nirmala Devi\",\"description\":\"A Life Dedicated to Humanity\",\"publisher\":{\"@id\":\"https:\\\/\\\/shrimataji.org\\\/test\\\/#\\\/schema\\\/person\\\/a1b3419c6585f164aa96da1ff85715d1\"},\"potentialAction\":[{\"@type\":\"SearchAction\",\"target\":{\"@type\":\"EntryPoint\",\"urlTemplate\":\"https:\\\/\\\/shrimataji.org\\\/test\\\/?s={search_term_string}\"},\"query-input\":{\"@type\":\"PropertyValueSpecification\",\"valueRequired\":true,\"valueName\":\"search_term_string\"}}],\"inLanguage\":\"en-US\"},{\"@type\":[\"Person\",\"Organization\"],\"@id\":\"https:\\\/\\\/shrimataji.org\\\/test\\\/#\\\/schema\\\/person\\\/a1b3419c6585f164aa96da1ff85715d1\",\"name\":\"Nirmala Shrivastava\",\"image\":{\"@type\":\"ImageObject\",\"inLanguage\":\"en-US\",\"@id\":\"https:\\\/\\\/shrimataji.org\\\/test\\\/wp-content\\\/uploads\\\/2023\\\/02\\\/SMO_LOGO-03.svg\",\"url\":\"https:\\\/\\\/shrimataji.org\\\/test\\\/wp-content\\\/uploads\\\/2023\\\/02\\\/SMO_LOGO-03.svg\",\"contentUrl\":\"https:\\\/\\\/shrimataji.org\\\/test\\\/wp-content\\\/uploads\\\/2023\\\/02\\\/SMO_LOGO-03.svg\",\"width\":\"1024\",\"height\":\"1024\",\"caption\":\"Nirmala Shrivastava\"},\"logo\":{\"@id\":\"https:\\\/\\\/shrimataji.org\\\/test\\\/wp-content\\\/uploads\\\/2023\\\/02\\\/SMO_LOGO-03.svg\"},\"sameAs\":[\"https:\\\/\\\/shrimataji.org\\\/test\",\"https:\\\/\\\/www.facebook.com\\\/shrimataji\",\"https:\\\/\\\/x.com\\\/shrimataji\",\"https:\\\/\\\/www.youtube.com\\\/@Shri_Mataji_Nirmala_Devi\\\/featured\"]}]}<\/script>\n<!-- \/ Yoast SEO plugin. -->","yoast_head_json":{"title":"O Ponto Culminante - TEST - SMND","robots":{"index":"noindex","follow":"follow","max-snippet":"max-snippet:-1","max-image-preview":"max-image-preview:large","max-video-preview":"max-video-preview:-1"},"og_locale":"en_US","og_type":"article","og_title":"O Ponto Culminante - TEST - SMND","og_description":"O Ponto Culminante Uma rever\u00eancia humilde Shri Mataji sabia desde muito jovem que seu objetivo maior era contribuir para a evolu\u00e7\u00e3o espiritual da humanidade. No entanto, somente aos 47 anos, quando suas duas filhas j\u00e1 estavam casadas, \u00e9 que ela iniciou a obra que definiria toda a sua vida. O ponto de virada aconteceu em&hellip; Read more","og_url":"https:\/\/shrimataji.org\/test\/pt\/ponto-culminante\/","og_site_name":"TEST - SMND","article_publisher":"https:\/\/www.facebook.com\/shrimataji","article_modified_time":"2026-01-18T22:45:06+00:00","og_image":[{"width":990,"height":350,"url":"https:\/\/shrimataji.org\/test\/wp-content\/uploads\/2018\/07\/media_originals\/images\/headers-general\/shri-mataji-nirmala-devi-austria.jpg","type":"image\/jpeg"}],"twitter_card":"summary_large_image","twitter_site":"@shrimataji","twitter_misc":{"Est. reading time":"4 minutes"},"schema":{"@context":"https:\/\/schema.org","@graph":[{"@type":"WebPage","@id":"https:\/\/shrimataji.org\/test\/pt\/ponto-culminante\/","url":"https:\/\/shrimataji.org\/test\/pt\/ponto-culminante\/","name":"O Ponto Culminante - TEST - SMND","isPartOf":{"@id":"https:\/\/shrimataji.org\/test\/#website"},"primaryImageOfPage":{"@id":"https:\/\/shrimataji.org\/test\/pt\/ponto-culminante\/#primaryimage"},"image":{"@id":"https:\/\/shrimataji.org\/test\/pt\/ponto-culminante\/#primaryimage"},"thumbnailUrl":"https:\/\/shrimataji.org\/test\/wp-content\/uploads\/2018\/07\/media_originals\/images\/headers-general\/shri-mataji-nirmala-devi-austria.jpg","datePublished":"2018-07-10T06:54:50+00:00","dateModified":"2026-01-18T22:45:06+00:00","breadcrumb":{"@id":"https:\/\/shrimataji.org\/test\/pt\/ponto-culminante\/#breadcrumb"},"inLanguage":"en-US","potentialAction":[{"@type":"ReadAction","target":["https:\/\/shrimataji.org\/test\/pt\/ponto-culminante\/"]}]},{"@type":"ImageObject","inLanguage":"en-US","@id":"https:\/\/shrimataji.org\/test\/pt\/ponto-culminante\/#primaryimage","url":"https:\/\/shrimataji.org\/test\/wp-content\/uploads\/2018\/07\/media_originals\/images\/headers-general\/shri-mataji-nirmala-devi-austria.jpg","contentUrl":"https:\/\/shrimataji.org\/test\/wp-content\/uploads\/2018\/07\/media_originals\/images\/headers-general\/shri-mataji-nirmala-devi-austria.jpg","width":990,"height":350},{"@type":"BreadcrumbList","@id":"https:\/\/shrimataji.org\/test\/pt\/ponto-culminante\/#breadcrumb","itemListElement":[{"@type":"ListItem","position":1,"name":"Home","item":"https:\/\/shrimataji.org\/test\/uk\/home-en\/"},{"@type":"ListItem","position":2,"name":"O Ponto Culminante"}]},{"@type":"WebSite","@id":"https:\/\/shrimataji.org\/test\/#website","url":"https:\/\/shrimataji.org\/test\/","name":"Shri Mataji Nirmala Devi","description":"A Life Dedicated to Humanity","publisher":{"@id":"https:\/\/shrimataji.org\/test\/#\/schema\/person\/a1b3419c6585f164aa96da1ff85715d1"},"potentialAction":[{"@type":"SearchAction","target":{"@type":"EntryPoint","urlTemplate":"https:\/\/shrimataji.org\/test\/?s={search_term_string}"},"query-input":{"@type":"PropertyValueSpecification","valueRequired":true,"valueName":"search_term_string"}}],"inLanguage":"en-US"},{"@type":["Person","Organization"],"@id":"https:\/\/shrimataji.org\/test\/#\/schema\/person\/a1b3419c6585f164aa96da1ff85715d1","name":"Nirmala Shrivastava","image":{"@type":"ImageObject","inLanguage":"en-US","@id":"https:\/\/shrimataji.org\/test\/wp-content\/uploads\/2023\/02\/SMO_LOGO-03.svg","url":"https:\/\/shrimataji.org\/test\/wp-content\/uploads\/2023\/02\/SMO_LOGO-03.svg","contentUrl":"https:\/\/shrimataji.org\/test\/wp-content\/uploads\/2023\/02\/SMO_LOGO-03.svg","width":"1024","height":"1024","caption":"Nirmala Shrivastava"},"logo":{"@id":"https:\/\/shrimataji.org\/test\/wp-content\/uploads\/2023\/02\/SMO_LOGO-03.svg"},"sameAs":["https:\/\/shrimataji.org\/test","https:\/\/www.facebook.com\/shrimataji","https:\/\/x.com\/shrimataji","https:\/\/www.youtube.com\/@Shri_Mataji_Nirmala_Devi\/featured"]}]}},"lang":"pt","translations":{"pt":10429,"ur":37519,"en":446,"am":18094,"th":20087,"hu":19585,"ar":16990,"sq":18495,"zh":17392,"tr":10221,"de":10703,"fr":10801,"it":10899,"es":10996,"ja":11294,"ru":11482,"bn":11673,"te":11781,"sw":11904,"he":12052,"el":12344,"sk":12442,"fa":12540,"fi":12638,"bg":13449,"ro":14523,"cs":14716,"nl":16654,"ku":16814,"be":18702,"kn":18976,"mr":20451,"uk":20744,"ml":21039,"ta":22813,"sv":23082,"gu":28917,"pa":29077,"fil":29531,"da":37827,"pl":38037,"nn":38379},"pll_sync_post":[],"_links":{"self":[{"href":"https:\/\/shrimataji.org\/test\/wp-json\/wp\/v2\/pages\/10429","targetHints":{"allow":["GET"]}}],"collection":[{"href":"https:\/\/shrimataji.org\/test\/wp-json\/wp\/v2\/pages"}],"about":[{"href":"https:\/\/shrimataji.org\/test\/wp-json\/wp\/v2\/types\/page"}],"author":[{"embeddable":true,"href":"https:\/\/shrimataji.org\/test\/wp-json\/wp\/v2\/users\/18"}],"replies":[{"embeddable":true,"href":"https:\/\/shrimataji.org\/test\/wp-json\/wp\/v2\/comments?post=10429"}],"version-history":[{"count":0,"href":"https:\/\/shrimataji.org\/test\/wp-json\/wp\/v2\/pages\/10429\/revisions"}],"wp:featuredmedia":[{"embeddable":true,"href":"https:\/\/shrimataji.org\/test\/wp-json\/wp\/v2\/media\/119"}],"wp:attachment":[{"href":"https:\/\/shrimataji.org\/test\/wp-json\/wp\/v2\/media?parent=10429"}],"curies":[{"name":"wp","href":"https:\/\/api.w.org\/{rel}","templated":true}]}}