{"id":10434,"date":"2012-10-02T02:00:00","date_gmt":"2012-10-02T02:00:00","guid":{"rendered":"http:\/\/testwordpress.nirmalnagari.org\/smnd\/index.php\/un-womens-conference\/"},"modified":"2026-01-16T01:49:00","modified_gmt":"2026-01-16T01:49:00","slug":"conferencia-mundial-onu-mulheres","status":"publish","type":"page","link":"https:\/\/shrimataji.org\/test\/pt\/conferencia-mundial-onu-mulheres\/","title":{"rendered":"Confer\u00eancia Mundial da ONU sobre Mulheres"},"content":{"rendered":"\n\n\t<h1>4\u00aa Confer\u00eancia Mundial da ONU sobre Mulheres<\/h1>\n<h2>Trecho da Mesa-Redonda Inter-Regional de Pequim em setembro de 1995<\/h2>\n\t<h4>A quarta confer\u00eancia mundial realizada em Pequim, na China, em setembro de 1995, representou o ponto culminante dos acordos pol\u00edticos firmados nas tr\u00eas confer\u00eancias globais anteriores sobre mulheres e igualdade de g\u00eanero. Ao todo, 189 pa\u00edses adotaram por unanimidade a agenda para o empoderamento das mulheres em Pequim, considerada o principal documento de refer\u00eancia mundial sobre pol\u00edticas de igualdade de g\u00eanero.<\/h4>\n<p>Shri Mataji foi convidada como palestrante nesse palco Internacional. Ela sempre deixou muito claras suas vis\u00f5es sobre o papel da mulher. As mulheres t\u00eam um papel t\u00e3o importante quanto o dos homens no mundo, mas deveriam-se valorizar as diferen\u00e7as entre os g\u00eaneros em vez de tentar igual\u00e1-los. Um equil\u00edbrio adequado entre homens e mulheres \u00e9 essencial para construir uma sociedade est\u00e1vel e pac\u00edfica. O que se via necess\u00e1rio era reconhecer essas diferen\u00e7as e respeitar as qualidades de cada um. Repetidas vezes, ela lembrava as pessoas da necessidade de todos &#8211; homens e mulheres &#8211; encontrarem um equil\u00edbrio interior entre seus lados &#8220;masculino&#8221; e &#8220;feminino&#8221;. Onde as mulheres realmente podem ter um impacto \u00e9 no n\u00edvel social.<\/p>\n\t<div class=\"su-quote su-quote-style-default\"><div class=\"su-quote-inner su-u-clearfix su-u-trim\"> A verdade \u00e9 que as mulheres s\u00e3o a for\u00e7a potencial de toda civiliza\u00e7\u00e3o e de todo pa\u00eds. \u00c9 evidente que as mulheres s\u00e3o as criadoras e preservadoras de toda a humanidade. Esse \u00e9 o papel que Deus Todo-Poderoso lhes deu, lhes confiou.<br \/>\n<\/div><\/div>\n\t<p>Shri Mataji nunca se considerou uma ativista pol\u00edtica. Sua vis\u00e3o era a de obter a transforma\u00e7\u00e3o interior, tanto em homens quanto em mulheres, por meio da realiza\u00e7\u00e3o do Si, pela qual cada indiv\u00edduo alcan\u00e7a um equil\u00edbrio natural. Essa transforma\u00e7\u00e3o interior era, para ela, a chave para enfrentar muitos dos problemas que as mulheres encontram em um mundo dominado pelos homens.<\/p>\n<p>&#8220;As sementes n\u00e3o podem criar nada sozinhas. \u00c9 a M\u00e3e Terra que oferece as flores, os frutos e todas as outras d\u00e1divas. Da mesma forma, \u00e9 a mulher quem cria a crian\u00e7a, quem nutre o beb\u00ea e, com o tempo, forma os cidad\u00e3os de amanh\u00e3. As mulheres devem, portanto, ser reconhecidas, assim como a pr\u00f3pria M\u00e3e Terra, como o alicerce de toda a humanidade.&#8221;<\/p>\n\t<p>Tendo vivido tanto no Oriente quanto no Ocidente e viajado extensamente, ela viu as diferen\u00e7as na forma como as mulheres s\u00e3o tratadas e, embora reconhecesse a grave falta de direitos que muitas enfrentavam, era a falta de respeito pelas mulheres que realmente a preocupava.<\/p>\n\t<div class=\"su-quote su-quote-style-default\"><div class=\"su-quote-inner su-u-clearfix su-u-trim\">No meu pr\u00f3prio pa\u00eds h\u00e1 um ditado que diz: &#8220;Yatra narya pujyante tatra ramante devata&#8221;, que significa: &#8220;onde as mulheres s\u00e3o respeitadas e s\u00e3o respeit\u00e1veis, ali residem os Deuses do nosso bem-estar.&#8221;<br \/>\n<\/div><\/div>\n\t<p>Quando homens e mulheres compreendem seus pr\u00f3prios valores e os valores uns dos outros &#8211; algo que ela acreditava poder ser alcan\u00e7ado por meio da realiza\u00e7\u00e3o do Si -, ent\u00e3o a harmonia seria estabelecida entre os seres humanos.<\/p>\n<p>&#8220;Portanto, cabe a n\u00f3s, neste momento, compreender o valor desse grande poder que nos foi dado pelo nosso Criador. Mas o que constatamos? Seja no Oriente ou no Ocidente, as mulheres n\u00e3o t\u00eam conseguido manifestar plenamente sua grandeza.&#8221;<\/p>\n<p>Certamente, Shri Mataji defendia o direito igualit\u00e1rio das mulheres \u00e0 educa\u00e7\u00e3o, a uma carreira, a um ambiente de vida seguro e \u00e0 prote\u00e7\u00e3o legal.<\/p>\n<p>&#8220;De forma alguma estou sugerindo que o \u00fanico papel das mulheres na sociedade humana seja o de m\u00e3e, de gerar e preservar os filhos, ou o de esposa ou irm\u00e3. As mulheres t\u00eam pleno direito de participar como parceiras iguais em todos os aspectos da vida: social, cultural, pol\u00edtica, econ\u00f4mica, administrativa, e tantos outros&#8230; Mas, se forem m\u00e3es, t\u00eam tamb\u00e9m uma grande responsabilidade para com seus filhos e para com a sociedade.&#8221;<\/p>\n<p>No entanto, Shri Mataji acreditava que o desequil\u00edbrio entre os g\u00eaneros s\u00f3 poderia ser realmente corrigido quando nos voltamos para nosso interior e permitimos que o poder da realiza\u00e7\u00e3o do Si nos guiasse.<\/p>\n<p>&#8220;O que precisamos \u00e9 de um equil\u00edbrio entre os dois extremos. Precisamos da mulher como parceira igual, mas n\u00e3o id\u00eantica aos homens&#8230;<\/p>\n\t<div class=\"su-quote su-quote-style-default\"><div class=\"su-quote-inner su-u-clearfix su-u-trim\">Precisamos de mulheres equilibradas para que a humanidade seja equilibrada e viva em paz consigo mesma.<br \/>\n<\/div><\/div>\n\t\t<iframe loading=\"lazy\" title=\"UN Women\u00b4s Conference\" width=\"1920\" height=\"1080\" src=\"https:\/\/www.youtube.com\/embed\/_v6jiBJ-jdg?feature=oembed\" frameborder=\"0\" allow=\"accelerometer; autoplay; clipboard-write; encrypted-media; gyroscope; picture-in-picture; web-share\" allowfullscreen><\/iframe>\t\n\n","protected":false},"excerpt":{"rendered":"<p>4\u00aa Confer\u00eancia Mundial da ONU sobre Mulheres Trecho da Mesa-Redonda Inter-Regional de Pequim em setembro de 1995 A quarta confer\u00eancia mundial realizada em Pequim, na China, em setembro de 1995, representou o ponto culminante dos acordos pol\u00edticos firmados nas tr\u00eas confer\u00eancias globais anteriores sobre mulheres e igualdade de g\u00eanero. Ao todo, 189 pa\u00edses adotaram por&hellip; <br \/> <a class=\"read-more\" href=\"https:\/\/shrimataji.org\/test\/pt\/conferencia-mundial-onu-mulheres\/\">Read more<\/a><\/p>\n","protected":false},"author":18,"featured_media":109,"parent":0,"menu_order":0,"comment_status":"closed","ping_status":"closed","template":"","meta":{"inline_featured_image":false,"footnotes":""},"class_list":["post-10434","page","type-page","status-publish","has-post-thumbnail","hentry"],"yoast_head":"<!-- This site is optimized with the Yoast SEO plugin v27.4 - https:\/\/yoast.com\/product\/yoast-seo-wordpress\/ -->\n<title>Confer\u00eancia Mundial da ONU sobre Mulheres - TEST - SMND<\/title>\n<meta name=\"robots\" content=\"noindex, follow, max-snippet:-1, max-image-preview:large, max-video-preview:-1\" \/>\n<meta property=\"og:locale\" content=\"en_US\" \/>\n<meta property=\"og:type\" content=\"article\" \/>\n<meta property=\"og:title\" content=\"Confer\u00eancia Mundial da ONU sobre Mulheres - TEST - SMND\" \/>\n<meta property=\"og:description\" content=\"4\u00aa Confer\u00eancia Mundial da ONU sobre Mulheres Trecho da Mesa-Redonda Inter-Regional de Pequim em setembro de 1995 A quarta confer\u00eancia mundial realizada em Pequim, na China, em setembro de 1995, representou o ponto culminante dos acordos pol\u00edticos firmados nas tr\u00eas confer\u00eancias globais anteriores sobre mulheres e igualdade de g\u00eanero. Ao todo, 189 pa\u00edses adotaram por&hellip; Read more\" \/>\n<meta property=\"og:url\" content=\"https:\/\/shrimataji.org\/test\/pt\/conferencia-mundial-onu-mulheres\/\" \/>\n<meta property=\"og:site_name\" content=\"TEST - SMND\" \/>\n<meta property=\"article:publisher\" content=\"https:\/\/www.facebook.com\/shrimataji\" \/>\n<meta property=\"article:modified_time\" content=\"2026-01-16T01:49:00+00:00\" \/>\n<meta property=\"og:image\" content=\"https:\/\/shrimataji.org\/test\/wp-content\/uploads\/2018\/07\/media_originals\/images\/headers-general\/shri-mataji-speaking-at-the-un-womens-conference-in-beijing-1995.jpg\" \/>\n\t<meta property=\"og:image:width\" content=\"990\" \/>\n\t<meta property=\"og:image:height\" content=\"350\" \/>\n\t<meta property=\"og:image:type\" content=\"image\/jpeg\" \/>\n<meta name=\"twitter:card\" content=\"summary_large_image\" \/>\n<meta name=\"twitter:site\" content=\"@shrimataji\" \/>\n<script type=\"application\/ld+json\" class=\"yoast-schema-graph\">{\"@context\":\"https:\\\/\\\/schema.org\",\"@graph\":[{\"@type\":\"WebPage\",\"@id\":\"https:\\\/\\\/shrimataji.org\\\/test\\\/pt\\\/conferencia-mundial-onu-mulheres\\\/\",\"url\":\"https:\\\/\\\/shrimataji.org\\\/test\\\/pt\\\/conferencia-mundial-onu-mulheres\\\/\",\"name\":\"Confer\u00eancia Mundial da ONU sobre Mulheres - TEST - SMND\",\"isPartOf\":{\"@id\":\"https:\\\/\\\/shrimataji.org\\\/test\\\/#website\"},\"primaryImageOfPage\":{\"@id\":\"https:\\\/\\\/shrimataji.org\\\/test\\\/pt\\\/conferencia-mundial-onu-mulheres\\\/#primaryimage\"},\"image\":{\"@id\":\"https:\\\/\\\/shrimataji.org\\\/test\\\/pt\\\/conferencia-mundial-onu-mulheres\\\/#primaryimage\"},\"thumbnailUrl\":\"https:\\\/\\\/shrimataji.org\\\/test\\\/wp-content\\\/uploads\\\/2018\\\/07\\\/media_originals\\\/images\\\/headers-general\\\/shri-mataji-speaking-at-the-un-womens-conference-in-beijing-1995.jpg\",\"datePublished\":\"2012-10-02T02:00:00+00:00\",\"dateModified\":\"2026-01-16T01:49:00+00:00\",\"breadcrumb\":{\"@id\":\"https:\\\/\\\/shrimataji.org\\\/test\\\/pt\\\/conferencia-mundial-onu-mulheres\\\/#breadcrumb\"},\"inLanguage\":\"en-US\",\"potentialAction\":[{\"@type\":\"ReadAction\",\"target\":[\"https:\\\/\\\/shrimataji.org\\\/test\\\/pt\\\/conferencia-mundial-onu-mulheres\\\/\"]}]},{\"@type\":\"ImageObject\",\"inLanguage\":\"en-US\",\"@id\":\"https:\\\/\\\/shrimataji.org\\\/test\\\/pt\\\/conferencia-mundial-onu-mulheres\\\/#primaryimage\",\"url\":\"https:\\\/\\\/shrimataji.org\\\/test\\\/wp-content\\\/uploads\\\/2018\\\/07\\\/media_originals\\\/images\\\/headers-general\\\/shri-mataji-speaking-at-the-un-womens-conference-in-beijing-1995.jpg\",\"contentUrl\":\"https:\\\/\\\/shrimataji.org\\\/test\\\/wp-content\\\/uploads\\\/2018\\\/07\\\/media_originals\\\/images\\\/headers-general\\\/shri-mataji-speaking-at-the-un-womens-conference-in-beijing-1995.jpg\",\"width\":990,\"height\":350},{\"@type\":\"BreadcrumbList\",\"@id\":\"https:\\\/\\\/shrimataji.org\\\/test\\\/pt\\\/conferencia-mundial-onu-mulheres\\\/#breadcrumb\",\"itemListElement\":[{\"@type\":\"ListItem\",\"position\":1,\"name\":\"Home\",\"item\":\"https:\\\/\\\/shrimataji.org\\\/test\\\/uk\\\/home-en\\\/\"},{\"@type\":\"ListItem\",\"position\":2,\"name\":\"Confer\u00eancia Mundial da ONU sobre Mulheres\"}]},{\"@type\":\"WebSite\",\"@id\":\"https:\\\/\\\/shrimataji.org\\\/test\\\/#website\",\"url\":\"https:\\\/\\\/shrimataji.org\\\/test\\\/\",\"name\":\"Shri Mataji Nirmala Devi\",\"description\":\"A Life Dedicated to Humanity\",\"publisher\":{\"@id\":\"https:\\\/\\\/shrimataji.org\\\/test\\\/#\\\/schema\\\/person\\\/a1b3419c6585f164aa96da1ff85715d1\"},\"potentialAction\":[{\"@type\":\"SearchAction\",\"target\":{\"@type\":\"EntryPoint\",\"urlTemplate\":\"https:\\\/\\\/shrimataji.org\\\/test\\\/?s={search_term_string}\"},\"query-input\":{\"@type\":\"PropertyValueSpecification\",\"valueRequired\":true,\"valueName\":\"search_term_string\"}}],\"inLanguage\":\"en-US\"},{\"@type\":[\"Person\",\"Organization\"],\"@id\":\"https:\\\/\\\/shrimataji.org\\\/test\\\/#\\\/schema\\\/person\\\/a1b3419c6585f164aa96da1ff85715d1\",\"name\":\"Nirmala Shrivastava\",\"image\":{\"@type\":\"ImageObject\",\"inLanguage\":\"en-US\",\"@id\":\"https:\\\/\\\/shrimataji.org\\\/test\\\/wp-content\\\/uploads\\\/2023\\\/02\\\/SMO_LOGO-03.svg\",\"url\":\"https:\\\/\\\/shrimataji.org\\\/test\\\/wp-content\\\/uploads\\\/2023\\\/02\\\/SMO_LOGO-03.svg\",\"contentUrl\":\"https:\\\/\\\/shrimataji.org\\\/test\\\/wp-content\\\/uploads\\\/2023\\\/02\\\/SMO_LOGO-03.svg\",\"width\":\"1024\",\"height\":\"1024\",\"caption\":\"Nirmala Shrivastava\"},\"logo\":{\"@id\":\"https:\\\/\\\/shrimataji.org\\\/test\\\/wp-content\\\/uploads\\\/2023\\\/02\\\/SMO_LOGO-03.svg\"},\"sameAs\":[\"https:\\\/\\\/shrimataji.org\\\/test\",\"https:\\\/\\\/www.facebook.com\\\/shrimataji\",\"https:\\\/\\\/x.com\\\/shrimataji\",\"https:\\\/\\\/www.youtube.com\\\/@Shri_Mataji_Nirmala_Devi\\\/featured\"]}]}<\/script>\n<!-- \/ Yoast SEO plugin. -->","yoast_head_json":{"title":"Confer\u00eancia Mundial da ONU sobre Mulheres - TEST - SMND","robots":{"index":"noindex","follow":"follow","max-snippet":"max-snippet:-1","max-image-preview":"max-image-preview:large","max-video-preview":"max-video-preview:-1"},"og_locale":"en_US","og_type":"article","og_title":"Confer\u00eancia Mundial da ONU sobre Mulheres - TEST - SMND","og_description":"4\u00aa Confer\u00eancia Mundial da ONU sobre Mulheres Trecho da Mesa-Redonda Inter-Regional de Pequim em setembro de 1995 A quarta confer\u00eancia mundial realizada em Pequim, na China, em setembro de 1995, representou o ponto culminante dos acordos pol\u00edticos firmados nas tr\u00eas confer\u00eancias globais anteriores sobre mulheres e igualdade de g\u00eanero. Ao todo, 189 pa\u00edses adotaram por&hellip; Read more","og_url":"https:\/\/shrimataji.org\/test\/pt\/conferencia-mundial-onu-mulheres\/","og_site_name":"TEST - SMND","article_publisher":"https:\/\/www.facebook.com\/shrimataji","article_modified_time":"2026-01-16T01:49:00+00:00","og_image":[{"width":990,"height":350,"url":"https:\/\/shrimataji.org\/test\/wp-content\/uploads\/2018\/07\/media_originals\/images\/headers-general\/shri-mataji-speaking-at-the-un-womens-conference-in-beijing-1995.jpg","type":"image\/jpeg"}],"twitter_card":"summary_large_image","twitter_site":"@shrimataji","schema":{"@context":"https:\/\/schema.org","@graph":[{"@type":"WebPage","@id":"https:\/\/shrimataji.org\/test\/pt\/conferencia-mundial-onu-mulheres\/","url":"https:\/\/shrimataji.org\/test\/pt\/conferencia-mundial-onu-mulheres\/","name":"Confer\u00eancia Mundial da ONU sobre Mulheres - TEST - SMND","isPartOf":{"@id":"https:\/\/shrimataji.org\/test\/#website"},"primaryImageOfPage":{"@id":"https:\/\/shrimataji.org\/test\/pt\/conferencia-mundial-onu-mulheres\/#primaryimage"},"image":{"@id":"https:\/\/shrimataji.org\/test\/pt\/conferencia-mundial-onu-mulheres\/#primaryimage"},"thumbnailUrl":"https:\/\/shrimataji.org\/test\/wp-content\/uploads\/2018\/07\/media_originals\/images\/headers-general\/shri-mataji-speaking-at-the-un-womens-conference-in-beijing-1995.jpg","datePublished":"2012-10-02T02:00:00+00:00","dateModified":"2026-01-16T01:49:00+00:00","breadcrumb":{"@id":"https:\/\/shrimataji.org\/test\/pt\/conferencia-mundial-onu-mulheres\/#breadcrumb"},"inLanguage":"en-US","potentialAction":[{"@type":"ReadAction","target":["https:\/\/shrimataji.org\/test\/pt\/conferencia-mundial-onu-mulheres\/"]}]},{"@type":"ImageObject","inLanguage":"en-US","@id":"https:\/\/shrimataji.org\/test\/pt\/conferencia-mundial-onu-mulheres\/#primaryimage","url":"https:\/\/shrimataji.org\/test\/wp-content\/uploads\/2018\/07\/media_originals\/images\/headers-general\/shri-mataji-speaking-at-the-un-womens-conference-in-beijing-1995.jpg","contentUrl":"https:\/\/shrimataji.org\/test\/wp-content\/uploads\/2018\/07\/media_originals\/images\/headers-general\/shri-mataji-speaking-at-the-un-womens-conference-in-beijing-1995.jpg","width":990,"height":350},{"@type":"BreadcrumbList","@id":"https:\/\/shrimataji.org\/test\/pt\/conferencia-mundial-onu-mulheres\/#breadcrumb","itemListElement":[{"@type":"ListItem","position":1,"name":"Home","item":"https:\/\/shrimataji.org\/test\/uk\/home-en\/"},{"@type":"ListItem","position":2,"name":"Confer\u00eancia Mundial da ONU sobre Mulheres"}]},{"@type":"WebSite","@id":"https:\/\/shrimataji.org\/test\/#website","url":"https:\/\/shrimataji.org\/test\/","name":"Shri Mataji Nirmala Devi","description":"A Life Dedicated to Humanity","publisher":{"@id":"https:\/\/shrimataji.org\/test\/#\/schema\/person\/a1b3419c6585f164aa96da1ff85715d1"},"potentialAction":[{"@type":"SearchAction","target":{"@type":"EntryPoint","urlTemplate":"https:\/\/shrimataji.org\/test\/?s={search_term_string}"},"query-input":{"@type":"PropertyValueSpecification","valueRequired":true,"valueName":"search_term_string"}}],"inLanguage":"en-US"},{"@type":["Person","Organization"],"@id":"https:\/\/shrimataji.org\/test\/#\/schema\/person\/a1b3419c6585f164aa96da1ff85715d1","name":"Nirmala Shrivastava","image":{"@type":"ImageObject","inLanguage":"en-US","@id":"https:\/\/shrimataji.org\/test\/wp-content\/uploads\/2023\/02\/SMO_LOGO-03.svg","url":"https:\/\/shrimataji.org\/test\/wp-content\/uploads\/2023\/02\/SMO_LOGO-03.svg","contentUrl":"https:\/\/shrimataji.org\/test\/wp-content\/uploads\/2023\/02\/SMO_LOGO-03.svg","width":"1024","height":"1024","caption":"Nirmala Shrivastava"},"logo":{"@id":"https:\/\/shrimataji.org\/test\/wp-content\/uploads\/2023\/02\/SMO_LOGO-03.svg"},"sameAs":["https:\/\/shrimataji.org\/test","https:\/\/www.facebook.com\/shrimataji","https:\/\/x.com\/shrimataji","https:\/\/www.youtube.com\/@Shri_Mataji_Nirmala_Devi\/featured"]}]}},"lang":"pt","translations":{"pt":10434,"ur":37528,"en":427,"am":18103,"th":20101,"hu":19599,"ar":16999,"sq":18504,"zh":17401,"tr":10227,"de":10709,"fr":10807,"it":10905,"es":11001,"ja":11299,"ru":11487,"bn":11679,"te":11787,"sw":11910,"he":12058,"el":12350,"sk":12448,"fa":12546,"fi":12644,"bg":13498,"ro":14573,"cs":14766,"nl":16663,"ku":16823,"be":18711,"kn":18985,"mr":20465,"uk":20758,"ml":21053,"ta":22822,"sv":23091,"gu":28926,"pa":29086,"fil":29540,"da":37835,"pl":38045,"nn":38387},"pll_sync_post":[],"_links":{"self":[{"href":"https:\/\/shrimataji.org\/test\/wp-json\/wp\/v2\/pages\/10434","targetHints":{"allow":["GET"]}}],"collection":[{"href":"https:\/\/shrimataji.org\/test\/wp-json\/wp\/v2\/pages"}],"about":[{"href":"https:\/\/shrimataji.org\/test\/wp-json\/wp\/v2\/types\/page"}],"author":[{"embeddable":true,"href":"https:\/\/shrimataji.org\/test\/wp-json\/wp\/v2\/users\/18"}],"replies":[{"embeddable":true,"href":"https:\/\/shrimataji.org\/test\/wp-json\/wp\/v2\/comments?post=10434"}],"version-history":[{"count":0,"href":"https:\/\/shrimataji.org\/test\/wp-json\/wp\/v2\/pages\/10434\/revisions"}],"wp:featuredmedia":[{"embeddable":true,"href":"https:\/\/shrimataji.org\/test\/wp-json\/wp\/v2\/media\/109"}],"wp:attachment":[{"href":"https:\/\/shrimataji.org\/test\/wp-json\/wp\/v2\/media?parent=10434"}],"curies":[{"name":"wp","href":"https:\/\/api.w.org\/{rel}","templated":true}]}}