{"id":10435,"date":"2011-10-05T02:00:00","date_gmt":"2011-10-05T02:00:00","guid":{"rendered":"http:\/\/testwordpress.nirmalnagari.org\/smnd\/index.php\/uniting-the-nations\/"},"modified":"2026-01-16T01:49:28","modified_gmt":"2026-01-16T01:49:28","slug":"unindo-as-nacoes","status":"publish","type":"page","link":"https:\/\/shrimataji.org\/test\/pt\/unindo-as-nacoes\/","title":{"rendered":"Unindo as Na\u00e7\u00f5es"},"content":{"rendered":"\n\n\t<h1>Unindo as Na\u00e7\u00f5es<\/h1>\n<h2>Transforma\u00e7\u00e3o Global &#8211; Al\u00e9m das Fronteiras<\/h2>\n\t<h4>O p\u00fablico era pequeno no Audit\u00f3rio Dag Hammarskjold. Cinquenta funcion\u00e1rios se reuniram num teatro de tamanho m\u00e9dio no in\u00edcio da noite. Uma nova Sociedade de Medita\u00e7\u00e3o da Sahaja havia sido oficialmente reconhecida e sancionada pelas Na\u00e7\u00f5es Unidas apenas dois dias antes, e agora os membros se reuniam para ouvir seu palestrante principal.<\/h4>\n\t<p>Era uma pausa das mesas de trabalho, das reuni\u00f5es e das preocupa\u00e7\u00f5es globais. Era uma oportunidade de ouvir as palavras de Shri Mataji Nirmala Devi, uma chance de olhar para dentro de si. O tema era ilumina\u00e7\u00e3o espiritual, paz mundial e um mundo melhor. Era 6 de junho de 1990, e o local era a sede das Na\u00e7\u00f5es Unidas na cidade de Nova York.<\/p>\n<p>Talvez, naquele dia, as mentes da equipe da ONU estivessem concentradas na promessa sovi\u00e9tica de redu\u00e7\u00e3o de armamentos na Europa. Ou talvez alguns estivessem prestando assist\u00eancia a um \u00eaxodo de funcion\u00e1rios da ONU em consequ\u00eancia de mais uma guerra civil na Lib\u00e9ria.<\/p>\n<p>O mundo parecia cheio de turbul\u00eancia e mudan\u00e7as. O primeiro anivers\u00e1rio das manifesta\u00e7\u00f5es e do massacre na Pra\u00e7a Tiananmen, em Pequim, havia sido comemorado apenas alguns dias antes. Ningu\u00e9m podia prever o que viria a seguir.<\/p>\n\t\t\t\t<img decoding=\"async\" src=\"https:\/\/shrimataji.org\/test\/wp-content\/uploads\/2018\/07\/media_originals\/images\/shri-mataji-portraits\/shri-mataji-nirmala-devi-portrait-smiling-1024x681.jpg\" alt=\"shri-mataji-nirmala-devi-portrait-smiling\" itemprop=\"image\" height=\"681\" width=\"1024\" height=\"681\" width=\"1024\" title=\"shri-mataji-nirmala-devi-portrait-smiling\" onerror=\"this.style.display='none'\" loading=\"lazy\" \/>\n\t<p>Dentro de doze meses, aquela mesma Uni\u00e3o Sovi\u00e9tica deixaria de existir. Um novo bem comum de Estados Independentes a substituiria. J\u00e1 haviam ocorrido elei\u00e7\u00f5es livres na Rom\u00eania ap\u00f3s a derrubada do Muro de Berlim no ano anterior. Em menos de quatro meses, a Alemanha Oriental e Ocidental completariam sua reunifica\u00e7\u00e3o. E em menos de dois meses, o Iraque invadiria o Kuwait. O edif\u00edcio das Na\u00e7\u00f5es Unidas logo se tornaria um lugar ainda mais movimentado. Agora era o momento de fazer uma pausa e ouvir.<\/p>\n<p>Naquela quarta-feira \u00e0 noite, Shri Mataji falou calmamente ao p\u00fablico. Seu tom era \u00edntimo. Ela escolhia suas palavras para atender \u00e0s necessidades da audi\u00eancia e, como sempre, falava em termos que eram ao mesmo tempo globais e pessoais.<\/p>\n\t<div class=\"su-quote su-quote-style-default\"><div class=\"su-quote-inner su-u-clearfix su-u-trim\">Minha mensagem para a humanidade \u00e9 que todos voc\u00eas devem se transformar, devem se tornar o esp\u00edrito, \u00e9 assim que voc\u00eas se conhecer\u00e3o.<br \/>\n<\/div><\/div>\n\t<p>Durante sua palestra, Shri Mataji falou sobre a verdade e a necessidade de concretizar a doutrina coletiva das Na\u00e7\u00f5es Unidas. Ela falou sobre o papel da Kundalini em promover essa concretiza\u00e7\u00e3o.<\/p>\n<p>&#8220;Falamos sobre problemas ecol\u00f3gicos,&#8221; disse ela, &#8220;este problema, aquele problema, mas n\u00e3o pensamos em como podemos sair deles. Se as Na\u00e7\u00f5es Unidas quiserem se expressar realmente, ent\u00e3o eu diria que as pessoas das Na\u00e7\u00f5es Unidas devem primeiro alcan\u00e7ar sua realiza\u00e7\u00e3o do Si e ent\u00e3o poder\u00e3o compreender o que eles realmente s\u00e3o&#8230; Existem tantos caminhos e tantos poderes que podem ser usados. E este \u00e9 o poder do amor.&#8221;<\/p>\n\t<p>Ao final de sua palestra, ela concedeu a realiza\u00e7\u00e3o do Si. Quase ningu\u00e9m deixou o audit\u00f3rio antes de receber a experi\u00eancia e cumprimentar pessoalmente Shri Mataji. A maioria se inscreveu para as aulas de acompanhamento.<\/p>\n<p>Na semana anterior \u00e0 sua apari\u00e7\u00e3o na ONU, Shri Mataji havia feito palestras semelhantes em Miami e San Diego. No in\u00edcio do ano, ela havia falado na Austr\u00e1lia, \u00cdndia, It\u00e1lia, Nova Zel\u00e2ndia, R\u00fassia, Singapura e Reino Unido. Uma confer\u00eancia m\u00e9dica em Moscou, coletivas de imprensa em Calcut\u00e1, Perth, Melbourne, Cairns, Sydney, Bangalore, Hyderabad, Jaipur, Leningrado e Auckland &#8211; suas apari\u00e7\u00f5es ao longo do ano j\u00e1 se aproximavam de 100, e ainda era apenas junho.<\/p>\n<p>Antes do fim do ano, Shri Mataji faria mais de 200 paradas em 26 pa\u00edses ao redor do mundo. Suas viagens em 1990 totalizaram mais de 135.000 quil\u00f4metros &#8211; um itiner\u00e1rio que a maioria das pessoas consideraria exaustivo. Mas n\u00e3o parou por a\u00ed, pois al\u00e9m das palestras programadas, havia in\u00fameros eventos informais em resid\u00eancias e aeroportos, sal\u00f5es e escolas. Cada conversa, cada discurso era diferente. Mas cada um tamb\u00e9m tinha o mesmo objetivo, marcado por aten\u00e7\u00e3o e percep\u00e7\u00e3o, com humor e amor. Cada palestra servia ao mesmo prop\u00f3sito: abordar a necessidade de ascens\u00e3o espiritual.<\/p>\n<p>Enquanto outra pessoa poderia dizer: &#8220;Seja sua melhor vers\u00e3o&#8221;, Shri Mataji apontava para um n\u00edvel ainda mais elevado: &#8220;Seja seu verdadeiro Si&#8221;.<\/p>\nE este ano de 1990 n\u00e3o foi um ano incomum. Desde o final da d\u00e9cada de 1970, passando pelos anos 80 e 90 e entrando no novo s\u00e9culo, suas viagens e a\u00e7\u00f5es, seus esfor\u00e7os para criar um mundo melhor, continuaram. Suas viagens foram em grande parte n\u00e3o registradas pelos jornais, mas n\u00e3o passaram despercebidas por aqueles que buscavam a ilumina\u00e7\u00e3o em um mundo meta-moderno.\n\n","protected":false},"excerpt":{"rendered":"<p>Unindo as Na\u00e7\u00f5es Transforma\u00e7\u00e3o Global &#8211; Al\u00e9m das Fronteiras O p\u00fablico era pequeno no Audit\u00f3rio Dag Hammarskjold. Cinquenta funcion\u00e1rios se reuniram num teatro de tamanho m\u00e9dio no in\u00edcio da noite. Uma nova Sociedade de Medita\u00e7\u00e3o da Sahaja havia sido oficialmente reconhecida e sancionada pelas Na\u00e7\u00f5es Unidas apenas dois dias antes, e agora os membros se&hellip; <br \/> <a class=\"read-more\" href=\"https:\/\/shrimataji.org\/test\/pt\/unindo-as-nacoes\/\">Read more<\/a><\/p>\n","protected":false},"author":18,"featured_media":121,"parent":0,"menu_order":0,"comment_status":"closed","ping_status":"closed","template":"","meta":{"inline_featured_image":false,"footnotes":""},"class_list":["post-10435","page","type-page","status-publish","has-post-thumbnail","hentry"],"yoast_head":"<!-- This site is optimized with the Yoast SEO plugin v27.4 - https:\/\/yoast.com\/product\/yoast-seo-wordpress\/ -->\n<title>Unindo as Na\u00e7\u00f5es - TEST - SMND<\/title>\n<meta name=\"robots\" content=\"noindex, follow, max-snippet:-1, max-image-preview:large, max-video-preview:-1\" \/>\n<meta property=\"og:locale\" content=\"en_US\" \/>\n<meta property=\"og:type\" content=\"article\" \/>\n<meta property=\"og:title\" content=\"Unindo as Na\u00e7\u00f5es - TEST - SMND\" \/>\n<meta property=\"og:description\" content=\"Unindo as Na\u00e7\u00f5es Transforma\u00e7\u00e3o Global &#8211; Al\u00e9m das Fronteiras O p\u00fablico era pequeno no Audit\u00f3rio Dag Hammarskjold. Cinquenta funcion\u00e1rios se reuniram num teatro de tamanho m\u00e9dio no in\u00edcio da noite. Uma nova Sociedade de Medita\u00e7\u00e3o da Sahaja havia sido oficialmente reconhecida e sancionada pelas Na\u00e7\u00f5es Unidas apenas dois dias antes, e agora os membros se&hellip; Read more\" \/>\n<meta property=\"og:url\" content=\"https:\/\/shrimataji.org\/test\/pt\/unindo-as-nacoes\/\" \/>\n<meta property=\"og:site_name\" content=\"TEST - SMND\" \/>\n<meta property=\"article:publisher\" content=\"https:\/\/www.facebook.com\/shrimataji\" \/>\n<meta property=\"article:modified_time\" content=\"2026-01-16T01:49:28+00:00\" \/>\n<meta property=\"og:image\" content=\"https:\/\/shrimataji.org\/test\/wp-content\/uploads\/2018\/07\/media_originals\/images\/headers-general\/shri-mataji-nirmala-devi-arrives-near-vienna-austria-2009.jpg\" \/>\n\t<meta property=\"og:image:width\" content=\"990\" \/>\n\t<meta property=\"og:image:height\" content=\"350\" \/>\n\t<meta property=\"og:image:type\" content=\"image\/jpeg\" \/>\n<meta name=\"twitter:card\" content=\"summary_large_image\" \/>\n<meta name=\"twitter:site\" content=\"@shrimataji\" \/>\n<script type=\"application\/ld+json\" class=\"yoast-schema-graph\">{\"@context\":\"https:\\\/\\\/schema.org\",\"@graph\":[{\"@type\":\"WebPage\",\"@id\":\"https:\\\/\\\/shrimataji.org\\\/test\\\/pt\\\/unindo-as-nacoes\\\/\",\"url\":\"https:\\\/\\\/shrimataji.org\\\/test\\\/pt\\\/unindo-as-nacoes\\\/\",\"name\":\"Unindo as Na\u00e7\u00f5es - TEST - SMND\",\"isPartOf\":{\"@id\":\"https:\\\/\\\/shrimataji.org\\\/test\\\/#website\"},\"primaryImageOfPage\":{\"@id\":\"https:\\\/\\\/shrimataji.org\\\/test\\\/pt\\\/unindo-as-nacoes\\\/#primaryimage\"},\"image\":{\"@id\":\"https:\\\/\\\/shrimataji.org\\\/test\\\/pt\\\/unindo-as-nacoes\\\/#primaryimage\"},\"thumbnailUrl\":\"https:\\\/\\\/shrimataji.org\\\/test\\\/wp-content\\\/uploads\\\/2018\\\/07\\\/media_originals\\\/images\\\/headers-general\\\/shri-mataji-nirmala-devi-arrives-near-vienna-austria-2009.jpg\",\"datePublished\":\"2011-10-05T02:00:00+00:00\",\"dateModified\":\"2026-01-16T01:49:28+00:00\",\"breadcrumb\":{\"@id\":\"https:\\\/\\\/shrimataji.org\\\/test\\\/pt\\\/unindo-as-nacoes\\\/#breadcrumb\"},\"inLanguage\":\"en-US\",\"potentialAction\":[{\"@type\":\"ReadAction\",\"target\":[\"https:\\\/\\\/shrimataji.org\\\/test\\\/pt\\\/unindo-as-nacoes\\\/\"]}]},{\"@type\":\"ImageObject\",\"inLanguage\":\"en-US\",\"@id\":\"https:\\\/\\\/shrimataji.org\\\/test\\\/pt\\\/unindo-as-nacoes\\\/#primaryimage\",\"url\":\"https:\\\/\\\/shrimataji.org\\\/test\\\/wp-content\\\/uploads\\\/2018\\\/07\\\/media_originals\\\/images\\\/headers-general\\\/shri-mataji-nirmala-devi-arrives-near-vienna-austria-2009.jpg\",\"contentUrl\":\"https:\\\/\\\/shrimataji.org\\\/test\\\/wp-content\\\/uploads\\\/2018\\\/07\\\/media_originals\\\/images\\\/headers-general\\\/shri-mataji-nirmala-devi-arrives-near-vienna-austria-2009.jpg\",\"width\":990,\"height\":350},{\"@type\":\"BreadcrumbList\",\"@id\":\"https:\\\/\\\/shrimataji.org\\\/test\\\/pt\\\/unindo-as-nacoes\\\/#breadcrumb\",\"itemListElement\":[{\"@type\":\"ListItem\",\"position\":1,\"name\":\"Home\",\"item\":\"https:\\\/\\\/shrimataji.org\\\/test\\\/uk\\\/home-en\\\/\"},{\"@type\":\"ListItem\",\"position\":2,\"name\":\"Unindo as Na\u00e7\u00f5es\"}]},{\"@type\":\"WebSite\",\"@id\":\"https:\\\/\\\/shrimataji.org\\\/test\\\/#website\",\"url\":\"https:\\\/\\\/shrimataji.org\\\/test\\\/\",\"name\":\"Shri Mataji Nirmala Devi\",\"description\":\"A Life Dedicated to Humanity\",\"publisher\":{\"@id\":\"https:\\\/\\\/shrimataji.org\\\/test\\\/#\\\/schema\\\/person\\\/a1b3419c6585f164aa96da1ff85715d1\"},\"potentialAction\":[{\"@type\":\"SearchAction\",\"target\":{\"@type\":\"EntryPoint\",\"urlTemplate\":\"https:\\\/\\\/shrimataji.org\\\/test\\\/?s={search_term_string}\"},\"query-input\":{\"@type\":\"PropertyValueSpecification\",\"valueRequired\":true,\"valueName\":\"search_term_string\"}}],\"inLanguage\":\"en-US\"},{\"@type\":[\"Person\",\"Organization\"],\"@id\":\"https:\\\/\\\/shrimataji.org\\\/test\\\/#\\\/schema\\\/person\\\/a1b3419c6585f164aa96da1ff85715d1\",\"name\":\"Nirmala Shrivastava\",\"image\":{\"@type\":\"ImageObject\",\"inLanguage\":\"en-US\",\"@id\":\"https:\\\/\\\/shrimataji.org\\\/test\\\/wp-content\\\/uploads\\\/2023\\\/02\\\/SMO_LOGO-03.svg\",\"url\":\"https:\\\/\\\/shrimataji.org\\\/test\\\/wp-content\\\/uploads\\\/2023\\\/02\\\/SMO_LOGO-03.svg\",\"contentUrl\":\"https:\\\/\\\/shrimataji.org\\\/test\\\/wp-content\\\/uploads\\\/2023\\\/02\\\/SMO_LOGO-03.svg\",\"width\":\"1024\",\"height\":\"1024\",\"caption\":\"Nirmala Shrivastava\"},\"logo\":{\"@id\":\"https:\\\/\\\/shrimataji.org\\\/test\\\/wp-content\\\/uploads\\\/2023\\\/02\\\/SMO_LOGO-03.svg\"},\"sameAs\":[\"https:\\\/\\\/shrimataji.org\\\/test\",\"https:\\\/\\\/www.facebook.com\\\/shrimataji\",\"https:\\\/\\\/x.com\\\/shrimataji\",\"https:\\\/\\\/www.youtube.com\\\/@Shri_Mataji_Nirmala_Devi\\\/featured\"]}]}<\/script>\n<!-- \/ Yoast SEO plugin. -->","yoast_head_json":{"title":"Unindo as Na\u00e7\u00f5es - TEST - SMND","robots":{"index":"noindex","follow":"follow","max-snippet":"max-snippet:-1","max-image-preview":"max-image-preview:large","max-video-preview":"max-video-preview:-1"},"og_locale":"en_US","og_type":"article","og_title":"Unindo as Na\u00e7\u00f5es - TEST - SMND","og_description":"Unindo as Na\u00e7\u00f5es Transforma\u00e7\u00e3o Global &#8211; Al\u00e9m das Fronteiras O p\u00fablico era pequeno no Audit\u00f3rio Dag Hammarskjold. Cinquenta funcion\u00e1rios se reuniram num teatro de tamanho m\u00e9dio no in\u00edcio da noite. Uma nova Sociedade de Medita\u00e7\u00e3o da Sahaja havia sido oficialmente reconhecida e sancionada pelas Na\u00e7\u00f5es Unidas apenas dois dias antes, e agora os membros se&hellip; Read more","og_url":"https:\/\/shrimataji.org\/test\/pt\/unindo-as-nacoes\/","og_site_name":"TEST - SMND","article_publisher":"https:\/\/www.facebook.com\/shrimataji","article_modified_time":"2026-01-16T01:49:28+00:00","og_image":[{"width":990,"height":350,"url":"https:\/\/shrimataji.org\/test\/wp-content\/uploads\/2018\/07\/media_originals\/images\/headers-general\/shri-mataji-nirmala-devi-arrives-near-vienna-austria-2009.jpg","type":"image\/jpeg"}],"twitter_card":"summary_large_image","twitter_site":"@shrimataji","schema":{"@context":"https:\/\/schema.org","@graph":[{"@type":"WebPage","@id":"https:\/\/shrimataji.org\/test\/pt\/unindo-as-nacoes\/","url":"https:\/\/shrimataji.org\/test\/pt\/unindo-as-nacoes\/","name":"Unindo as Na\u00e7\u00f5es - TEST - SMND","isPartOf":{"@id":"https:\/\/shrimataji.org\/test\/#website"},"primaryImageOfPage":{"@id":"https:\/\/shrimataji.org\/test\/pt\/unindo-as-nacoes\/#primaryimage"},"image":{"@id":"https:\/\/shrimataji.org\/test\/pt\/unindo-as-nacoes\/#primaryimage"},"thumbnailUrl":"https:\/\/shrimataji.org\/test\/wp-content\/uploads\/2018\/07\/media_originals\/images\/headers-general\/shri-mataji-nirmala-devi-arrives-near-vienna-austria-2009.jpg","datePublished":"2011-10-05T02:00:00+00:00","dateModified":"2026-01-16T01:49:28+00:00","breadcrumb":{"@id":"https:\/\/shrimataji.org\/test\/pt\/unindo-as-nacoes\/#breadcrumb"},"inLanguage":"en-US","potentialAction":[{"@type":"ReadAction","target":["https:\/\/shrimataji.org\/test\/pt\/unindo-as-nacoes\/"]}]},{"@type":"ImageObject","inLanguage":"en-US","@id":"https:\/\/shrimataji.org\/test\/pt\/unindo-as-nacoes\/#primaryimage","url":"https:\/\/shrimataji.org\/test\/wp-content\/uploads\/2018\/07\/media_originals\/images\/headers-general\/shri-mataji-nirmala-devi-arrives-near-vienna-austria-2009.jpg","contentUrl":"https:\/\/shrimataji.org\/test\/wp-content\/uploads\/2018\/07\/media_originals\/images\/headers-general\/shri-mataji-nirmala-devi-arrives-near-vienna-austria-2009.jpg","width":990,"height":350},{"@type":"BreadcrumbList","@id":"https:\/\/shrimataji.org\/test\/pt\/unindo-as-nacoes\/#breadcrumb","itemListElement":[{"@type":"ListItem","position":1,"name":"Home","item":"https:\/\/shrimataji.org\/test\/uk\/home-en\/"},{"@type":"ListItem","position":2,"name":"Unindo as Na\u00e7\u00f5es"}]},{"@type":"WebSite","@id":"https:\/\/shrimataji.org\/test\/#website","url":"https:\/\/shrimataji.org\/test\/","name":"Shri Mataji Nirmala Devi","description":"A Life Dedicated to Humanity","publisher":{"@id":"https:\/\/shrimataji.org\/test\/#\/schema\/person\/a1b3419c6585f164aa96da1ff85715d1"},"potentialAction":[{"@type":"SearchAction","target":{"@type":"EntryPoint","urlTemplate":"https:\/\/shrimataji.org\/test\/?s={search_term_string}"},"query-input":{"@type":"PropertyValueSpecification","valueRequired":true,"valueName":"search_term_string"}}],"inLanguage":"en-US"},{"@type":["Person","Organization"],"@id":"https:\/\/shrimataji.org\/test\/#\/schema\/person\/a1b3419c6585f164aa96da1ff85715d1","name":"Nirmala Shrivastava","image":{"@type":"ImageObject","inLanguage":"en-US","@id":"https:\/\/shrimataji.org\/test\/wp-content\/uploads\/2023\/02\/SMO_LOGO-03.svg","url":"https:\/\/shrimataji.org\/test\/wp-content\/uploads\/2023\/02\/SMO_LOGO-03.svg","contentUrl":"https:\/\/shrimataji.org\/test\/wp-content\/uploads\/2023\/02\/SMO_LOGO-03.svg","width":"1024","height":"1024","caption":"Nirmala Shrivastava"},"logo":{"@id":"https:\/\/shrimataji.org\/test\/wp-content\/uploads\/2023\/02\/SMO_LOGO-03.svg"},"sameAs":["https:\/\/shrimataji.org\/test","https:\/\/www.facebook.com\/shrimataji","https:\/\/x.com\/shrimataji","https:\/\/www.youtube.com\/@Shri_Mataji_Nirmala_Devi\/featured"]}]}},"lang":"pt","translations":{"pt":10435,"ur":37530,"en":445,"am":18105,"th":20104,"hu":19602,"ar":17001,"sq":18506,"zh":17403,"tr":10228,"de":10710,"fr":10808,"it":10906,"es":11002,"ja":11300,"ru":11488,"bn":11680,"te":11788,"sw":11911,"he":12059,"el":12351,"sk":12449,"fa":12547,"fi":12645,"bg":13508,"ro":14583,"cs":14776,"nl":16665,"ku":16825,"be":18713,"kn":18987,"mr":20468,"uk":20761,"ml":21056,"ta":22824,"sv":23093,"gu":28928,"pa":29088,"fil":29542,"da":37837,"pl":38047,"nn":38389},"pll_sync_post":[],"_links":{"self":[{"href":"https:\/\/shrimataji.org\/test\/wp-json\/wp\/v2\/pages\/10435","targetHints":{"allow":["GET"]}}],"collection":[{"href":"https:\/\/shrimataji.org\/test\/wp-json\/wp\/v2\/pages"}],"about":[{"href":"https:\/\/shrimataji.org\/test\/wp-json\/wp\/v2\/types\/page"}],"author":[{"embeddable":true,"href":"https:\/\/shrimataji.org\/test\/wp-json\/wp\/v2\/users\/18"}],"replies":[{"embeddable":true,"href":"https:\/\/shrimataji.org\/test\/wp-json\/wp\/v2\/comments?post=10435"}],"version-history":[{"count":0,"href":"https:\/\/shrimataji.org\/test\/wp-json\/wp\/v2\/pages\/10435\/revisions"}],"wp:featuredmedia":[{"embeddable":true,"href":"https:\/\/shrimataji.org\/test\/wp-json\/wp\/v2\/media\/121"}],"wp:attachment":[{"href":"https:\/\/shrimataji.org\/test\/wp-json\/wp\/v2\/media?parent=10435"}],"curies":[{"name":"wp","href":"https:\/\/api.w.org\/{rel}","templated":true}]}}