{"id":10617,"date":"2011-10-02T03:00:00","date_gmt":"2011-10-02T03:00:00","guid":{"rendered":"http:\/\/testwordpress.nirmalnagari.org\/smnd\/index.php\/a-noble-inheritance\/"},"modified":"2024-04-27T01:15:14","modified_gmt":"2024-04-27T01:15:14","slug":"nobles-erbe","status":"publish","type":"page","link":"https:\/\/shrimataji.org\/test\/de\/nobles-erbe\/","title":{"rendered":"Ein nobles Erbe"},"content":{"rendered":"\n\n\t<h1>Ein nobles Erbe<\/h1>\n<h2>Nachfahren der Shalivahana-Dynastie<\/h2>\n\t<h4>Genau am 21. M\u00e4rz 1923 wurde Nirmala Salve um zw\u00f6lf Uhr mittags am Tag der Fr\u00fchlings-Tagundnachtgleiche in <a href=\"https:\/\/shrinechhindwara.in\/\" target=\"_blank\" rel=\"noopener\">Chhindwara<\/a> geboren &#8211; einer Stadt in der geografischen Mitte Indiens. Schon fr\u00fch waren die edlen Eigenschaften ihrer Vorfahren in Nirmalas Charakter zu erkennen.<\/h4>\n\t\n\t<p>Ihre Gro\u00dfmutter, Sakhubai Salve, zeichnete sich durch die mutigen und tugendhaften Eigenschaften aus, die die Familiendynastie \u00fcber die Jahrhunderte begleitete. Unter tragischen Umst\u00e4nden verlor die hochschwangere Sakhubai Salve 1883 ihren Mann. Bedroht von seinen Verwandten, die ihn und seine Familie nicht als Christen duldeten, nahm sie ihre vier Kinder und verlie\u00df die Stadt in einer Monsun-Nacht, in der der nahe gelegene Fluss Hochwasser f\u00fchrte.<\/p>\n<p>Sakhubai Salves Glaube war so stark, dass sie es trotz ihres k\u00f6rperlichen Zustands, ihres neun Meter langen Saris, des str\u00f6menden Regens und des Hochwassers schaffte, den Fluss mit ihren Kindern zu \u00fcberqueren. Es folgte ein acht Kilometer langer Fu\u00dfmarsch zum n\u00e4chsten Bahnhof und im Morgengrauen bestiegen sie einen Zug nach Ujjain, der Heimat von Sakhubai Salves Bruder. Unter diesen schwierigen Umst\u00e4nden wurde der Vater von Shri Mataji, Prasad Rao Salve, geboren.<\/p>\n\t<p>Sakhubai Salve und ihre Kinder mussten sich von einem komfortablen Leben im Wohlstand auf eins in \u00e4u\u00dferster Sparsamkeit umstellen. Die Ausbildung ihrer Kinder war ihr jedoch sehr wichtig, und sie vermittelte ihnen einen Geist der Selbstaufopferung und des Engagements. Als es etwa zu Hause kein Kerosin mehr gab, lernten sie unter Stra\u00dfenlaternen.<\/p>\n<p>Prasad Rao Salve war als der J\u00fcngste ein brillanter Sch\u00fcler und erhielt w\u00e4hrend seiner gesamten akademischen Laufbahn Stipendien. Er studierte Jura und wurde Mitarbeiter einer bekannten Kanzlei in Chhindwara. Bad darauf heiratete er, wurde aber schon im Alter von 37 Jahren Witwer und hatte f\u00fcnf Kinder. Obwohl er sich dagegen str\u00e4ubte, \u00fcberredeten ihn seine Verwandten, zum Wohl seiner Kinder erneut zu heiraten.<\/p>\n<p>Eine junge Frau aus Nagpur namens Cornelia Karuna Jadhav war die erste Frau in Indien, die einen akademischen Grad in Mathematik erlangte. Zus\u00e4tzlich kannte sie sich als Sanskrit-Gelehrte sehr gut in der alten indischen Kultur aus. Doch aufgrund des hohen Niveaus ihrer Ausbildung war es f\u00fcr ihren Vater schwierig, einen Partner mit gleichwertigen, wenn nicht gar h\u00f6heren akademischen Qualifikationen f\u00fcr sie zu finden.<\/p>\n<p>\u00dcber gemeinsame Freunde unterbreitete Prasad Salve Cornelia Jadhav mit dem Wissen ihres Vaters einen Heiratsantrag. Es war keine leichte Entscheidung, ob sie diesen Vorschlag eines Witwers mit f\u00fcnf Kindern annehmen sollte. Sie war jedoch von seiner Intelligenz und seinem Glauben an Gott beeindruckt und empfand tiefes Mitgef\u00fchl f\u00fcr seine Kinder, die in jungen Jahren ohne Mutter aufwachsen mussten. Beide heirateten am 21. Juni 1920.<\/p>\n\t<div class=\"su-quote su-quote-style-default\"><div class=\"su-quote-inner su-u-clearfix su-u-trim\"> Meine Vorfahren regierten an diesem Ort, der Hauptstadt der Shalivanas. Sie wurde Prathishthan genannt, was sie zu Paithan vereinfachten. Sie waren die Regenten f\u00fcr Tausende von Jahren.<\/p>\n<p>Sie riefen die Shalivahan-Dynastie ins Leben und nannten sich eigentlich Sathvahan, was so viel wie &#8220;sieben Vahanas&#8221; (Fahrzeuge) bedeutet. Sie repr\u00e4sentierten die sieben Vahanas der sieben Chakras. Es ist erstaunlich, wie sahaj es ist. <\/div><\/div>\n\t<p>Prasad und Cornelia Salve teilten eine tiefe Liebe zu ihrem Land sowie dessen gro\u00dfen spirituellen Traditionen und Werte. Ihre Tochter Nirmala war erst zwei Jahre alt, als sie 1925 zum ersten Mal Mahatma Gandhi begegneten. Diese Begegnung hatte gro\u00dfen Einfluss auf sie &#8211; denn sie erkannten und teilten seine Vision eines freien Indiens, das durch gewaltlosen Kampf erreicht werden sollte.<\/p>\n<p>Prasad Salve hatte von den Briten einen Titel erhalten und war als Christ zur Zeit der britischen Herrschaft privilegiert. Trotzdem z\u00f6gerten er und seine Frau nicht, sich der Bewegung anzuschlie\u00dfen. Sie machten ihre Position deutlich und verbrannten sogar ihre im Ausland hergestellten Kleider auf dem \u00f6ffentlichen Platz von Nagpur. Wegen ihres Engagements im Freiheitskampf wurden beide mehrmals inhaftiert, aber machten es zu einer Familienregel, dass niemand um sie weinen solle. Die Freiheit Indiens war das Wichtigste, und Selbstaufopferung war die Regel, nicht die Ausnahme.<\/p>\n\t<div class=\"epyt-video-wrapper\"><div  data-ep-a=\"fadeIn\"  style=\"display: block; margin: 0px auto;\"  id=\"_ytid_21724\"  width=\"3840\" height=\"2160\"  data-origwidth=\"3840\" data-origheight=\"2160\" data-facadesrc=\"https:\/\/www.youtube.com\/embed\/WOPg1lrL1ps?enablejsapi=1&autoplay=0&cc_load_policy=0&cc_lang_pref=&iv_load_policy=1&loop=0&rel=0&fs=1&playsinline=1&autohide=2&theme=dark&color=red&controls=1&disablekb=0&\" class=\"__youtube_prefs__ epyt-facade  no-lazyload\" data-epautoplay=\"1\" ><img decoding=\"async\" data-spai-excluded=\"true\" class=\"epyt-facade-poster skip-lazy\" loading=\"lazy\"  alt=\"YouTube player\"  src=\"https:\/\/i.ytimg.com\/vi\/WOPg1lrL1ps\/maxresdefault.jpg\"  \/><button class=\"epyt-facade-play\" aria-label=\"Play\"><svg data-no-lazy=\"1\" height=\"100%\" version=\"1.1\" viewBox=\"0 0 68 48\" width=\"100%\"><path class=\"ytp-large-play-button-bg\" d=\"M66.52,7.74c-0.78-2.93-2.49-5.41-5.42-6.19C55.79,.13,34,0,34,0S12.21,.13,6.9,1.55 C3.97,2.33,2.27,4.81,1.48,7.74C0.06,13.05,0,24,0,24s0.06,10.95,1.48,16.26c0.78,2.93,2.49,5.41,5.42,6.19 C12.21,47.87,34,48,34,48s21.79-0.13,27.1-1.55c2.93-0.78,4.64-3.26,5.42-6.19C67.94,34.95,68,24,68,24S67.94,13.05,66.52,7.74z\" fill=\"#f00\"><\/path><path d=\"M 45,24 27,14 27,34\" fill=\"#fff\"><\/path><\/svg><\/button><\/div><\/div><span itemprop=\"video\" itemscope itemtype=\"http:\/\/schema.org\/VideoObject\"><meta itemprop=\"embedUrl\" content=\"https:\/\/www.youtube.com\/embed\/WOPg1lrL1ps\"><meta itemprop=\"name\" content=\"An Ideal Father And Leader\"><meta itemprop=\"description\" content=\"A learned man who fought for his people, Shri Mataji remembers her own father, Prasad Rao Salve. She describes a brilliant man of principle and ideals. He was a leader in the fight for Indian independence, willing to go to jail for a just cause -- once for more than three years. The immense sacrifices he made, inspired Shri Mataji forward in her life&#039;s work, giving her a sense of right and wrong. More videos at: http:\/\/ShriMataji.org ~ A Life Dedicated to Humanity ~\"><meta itemprop=\"thumbnailUrl\" content=\"https:\/\/i.ytimg.com\/vi\/WOPg1lrL1ps\/0.jpg\"><meta itemprop=\"duration\" content=\"PT2M31S\"><meta itemprop=\"uploadDate\" content=\"2020-07-20T00:13:01Z\"><\/span>\n\t<p>Da ihre Eltern oft verreist oder im Gef\u00e4ngnis waren, \u00fcbernahm Shri Mataji die Haushaltsf\u00fchrung, damit ihre \u00e4lteren Geschwister ungest\u00f6rt ihre Studien fortsetzen konnten. Zu dieser Zeit war sie acht Jahre alt.<\/p>\n<p>Einige Jahre sp\u00e4ter war Shri Mataji alt genug, um sich dem Freiheitskampf anzuschlie\u00dfen und ihre Mitsch\u00fcler zu ermutigen, dasselbe zu tun. Auch sie wurde von den Briten inhaftiert und sogar gefoltert. Doch ihr Geist wurde durch diese Erfahrung nicht geschw\u00e4cht. Ihr ganzes Leben lang verk\u00f6rperte sie die ewigen Werte ihrer edlen Vorfahren: Mut, Selbstaufopferung und Mitgef\u00fchl.<\/p>\n\t\t\t\t<img loading=\"lazy\" decoding=\"async\" src=\"https:\/\/shrimataji.org\/test\/wp-content\/uploads\/2018\/07\/media_originals\/images\/shri-mataji-and-family\/shri-mataji-nirmala-devi-and-family.jpg\" alt=\"Shri Mataji Nirmala Devi and Family\" height=\"1045\" width=\"1500\" title=\"shri-mataji-nirmala-devi-and-family\" \/>\n\t<hr \/>\n<h3>Salve, H. P (2000): My Memoirs, Life Eternal Trust, New Delhi.<\/h3>\n\n","protected":false},"excerpt":{"rendered":"<p>Ein nobles Erbe Nachfahren der Shalivahana-Dynastie Genau am 21. M\u00e4rz 1923 wurde Nirmala Salve um zw\u00f6lf Uhr mittags am Tag der Fr\u00fchlings-Tagundnachtgleiche in Chhindwara geboren &#8211; einer Stadt in der geografischen Mitte Indiens. Schon fr\u00fch waren die edlen Eigenschaften ihrer Vorfahren in Nirmalas Charakter zu erkennen. Ihre Gro\u00dfmutter, Sakhubai Salve, zeichnete sich durch die mutigen&hellip; <br \/> <a class=\"read-more\" href=\"https:\/\/shrimataji.org\/test\/de\/nobles-erbe\/\">Read more<\/a><\/p>\n","protected":false},"author":10,"featured_media":9512,"parent":0,"menu_order":0,"comment_status":"closed","ping_status":"closed","template":"pro\/page-templates\/full-width-page.php","meta":{"inline_featured_image":false,"footnotes":""},"class_list":["post-10617","page","type-page","status-publish","has-post-thumbnail","hentry"],"yoast_head":"<!-- This site is optimized with the Yoast SEO plugin v27.4 - https:\/\/yoast.com\/product\/yoast-seo-wordpress\/ -->\n<title>Ein nobles Erbe - TEST - SMND<\/title>\n<meta name=\"robots\" content=\"noindex, follow, max-snippet:-1, max-image-preview:large, max-video-preview:-1\" \/>\n<meta property=\"og:locale\" content=\"en_US\" \/>\n<meta property=\"og:type\" content=\"article\" \/>\n<meta property=\"og:title\" content=\"Ein nobles Erbe - TEST - SMND\" \/>\n<meta property=\"og:description\" content=\"Ein nobles Erbe Nachfahren der Shalivahana-Dynastie Genau am 21. M\u00e4rz 1923 wurde Nirmala Salve um zw\u00f6lf Uhr mittags am Tag der Fr\u00fchlings-Tagundnachtgleiche in Chhindwara geboren &#8211; einer Stadt in der geografischen Mitte Indiens. Schon fr\u00fch waren die edlen Eigenschaften ihrer Vorfahren in Nirmalas Charakter zu erkennen. Ihre Gro\u00dfmutter, Sakhubai Salve, zeichnete sich durch die mutigen&hellip; Read more\" \/>\n<meta property=\"og:url\" content=\"https:\/\/shrimataji.org\/test\/de\/nobles-erbe\/\" \/>\n<meta property=\"og:site_name\" content=\"TEST - SMND\" \/>\n<meta property=\"article:publisher\" content=\"https:\/\/www.facebook.com\/shrimataji\" \/>\n<meta property=\"article:modified_time\" content=\"2024-04-27T01:15:14+00:00\" \/>\n<meta property=\"og:image\" content=\"https:\/\/shrimataji.org\/test\/wp-content\/uploads\/2023\/03\/7_Banner-Family_NobleInheritance-scaled.jpg\" \/>\n\t<meta property=\"og:image:width\" content=\"2560\" \/>\n\t<meta property=\"og:image:height\" content=\"905\" \/>\n\t<meta property=\"og:image:type\" content=\"image\/jpeg\" \/>\n<meta name=\"twitter:card\" content=\"summary_large_image\" \/>\n<meta name=\"twitter:site\" content=\"@shrimataji\" \/>\n<meta name=\"twitter:label1\" content=\"Est. reading time\" \/>\n\t<meta name=\"twitter:data1\" content=\"4 minutes\" \/>\n<script type=\"application\/ld+json\" class=\"yoast-schema-graph\">{\"@context\":\"https:\\\/\\\/schema.org\",\"@graph\":[{\"@type\":\"WebPage\",\"@id\":\"https:\\\/\\\/shrimataji.org\\\/test\\\/de\\\/nobles-erbe\\\/\",\"url\":\"https:\\\/\\\/shrimataji.org\\\/test\\\/de\\\/nobles-erbe\\\/\",\"name\":\"Ein nobles Erbe - TEST - SMND\",\"isPartOf\":{\"@id\":\"https:\\\/\\\/shrimataji.org\\\/test\\\/#website\"},\"primaryImageOfPage\":{\"@id\":\"https:\\\/\\\/shrimataji.org\\\/test\\\/de\\\/nobles-erbe\\\/#primaryimage\"},\"image\":{\"@id\":\"https:\\\/\\\/shrimataji.org\\\/test\\\/de\\\/nobles-erbe\\\/#primaryimage\"},\"thumbnailUrl\":\"https:\\\/\\\/shrimataji.org\\\/test\\\/wp-content\\\/uploads\\\/2023\\\/03\\\/7_Banner-Family_NobleInheritance-scaled.jpg\",\"datePublished\":\"2011-10-02T03:00:00+00:00\",\"dateModified\":\"2024-04-27T01:15:14+00:00\",\"breadcrumb\":{\"@id\":\"https:\\\/\\\/shrimataji.org\\\/test\\\/de\\\/nobles-erbe\\\/#breadcrumb\"},\"inLanguage\":\"en-US\",\"potentialAction\":[{\"@type\":\"ReadAction\",\"target\":[\"https:\\\/\\\/shrimataji.org\\\/test\\\/de\\\/nobles-erbe\\\/\"]}]},{\"@type\":\"ImageObject\",\"inLanguage\":\"en-US\",\"@id\":\"https:\\\/\\\/shrimataji.org\\\/test\\\/de\\\/nobles-erbe\\\/#primaryimage\",\"url\":\"https:\\\/\\\/shrimataji.org\\\/test\\\/wp-content\\\/uploads\\\/2023\\\/03\\\/7_Banner-Family_NobleInheritance-scaled.jpg\",\"contentUrl\":\"https:\\\/\\\/shrimataji.org\\\/test\\\/wp-content\\\/uploads\\\/2023\\\/03\\\/7_Banner-Family_NobleInheritance-scaled.jpg\",\"width\":2560,\"height\":905},{\"@type\":\"BreadcrumbList\",\"@id\":\"https:\\\/\\\/shrimataji.org\\\/test\\\/de\\\/nobles-erbe\\\/#breadcrumb\",\"itemListElement\":[{\"@type\":\"ListItem\",\"position\":1,\"name\":\"Home\",\"item\":\"https:\\\/\\\/shrimataji.org\\\/test\\\/uk\\\/home-en\\\/\"},{\"@type\":\"ListItem\",\"position\":2,\"name\":\"Ein nobles Erbe\"}]},{\"@type\":\"WebSite\",\"@id\":\"https:\\\/\\\/shrimataji.org\\\/test\\\/#website\",\"url\":\"https:\\\/\\\/shrimataji.org\\\/test\\\/\",\"name\":\"Shri Mataji Nirmala Devi\",\"description\":\"A Life Dedicated to Humanity\",\"publisher\":{\"@id\":\"https:\\\/\\\/shrimataji.org\\\/test\\\/#\\\/schema\\\/person\\\/a1b3419c6585f164aa96da1ff85715d1\"},\"potentialAction\":[{\"@type\":\"SearchAction\",\"target\":{\"@type\":\"EntryPoint\",\"urlTemplate\":\"https:\\\/\\\/shrimataji.org\\\/test\\\/?s={search_term_string}\"},\"query-input\":{\"@type\":\"PropertyValueSpecification\",\"valueRequired\":true,\"valueName\":\"search_term_string\"}}],\"inLanguage\":\"en-US\"},{\"@type\":[\"Person\",\"Organization\"],\"@id\":\"https:\\\/\\\/shrimataji.org\\\/test\\\/#\\\/schema\\\/person\\\/a1b3419c6585f164aa96da1ff85715d1\",\"name\":\"Nirmala Shrivastava\",\"image\":{\"@type\":\"ImageObject\",\"inLanguage\":\"en-US\",\"@id\":\"https:\\\/\\\/shrimataji.org\\\/test\\\/wp-content\\\/uploads\\\/2023\\\/02\\\/SMO_LOGO-03.svg\",\"url\":\"https:\\\/\\\/shrimataji.org\\\/test\\\/wp-content\\\/uploads\\\/2023\\\/02\\\/SMO_LOGO-03.svg\",\"contentUrl\":\"https:\\\/\\\/shrimataji.org\\\/test\\\/wp-content\\\/uploads\\\/2023\\\/02\\\/SMO_LOGO-03.svg\",\"width\":\"1024\",\"height\":\"1024\",\"caption\":\"Nirmala Shrivastava\"},\"logo\":{\"@id\":\"https:\\\/\\\/shrimataji.org\\\/test\\\/wp-content\\\/uploads\\\/2023\\\/02\\\/SMO_LOGO-03.svg\"},\"sameAs\":[\"https:\\\/\\\/shrimataji.org\\\/test\",\"https:\\\/\\\/www.facebook.com\\\/shrimataji\",\"https:\\\/\\\/x.com\\\/shrimataji\",\"https:\\\/\\\/www.youtube.com\\\/@Shri_Mataji_Nirmala_Devi\\\/featured\"]}]}<\/script>\n<!-- \/ Yoast SEO plugin. -->","yoast_head_json":{"title":"Ein nobles Erbe - TEST - SMND","robots":{"index":"noindex","follow":"follow","max-snippet":"max-snippet:-1","max-image-preview":"max-image-preview:large","max-video-preview":"max-video-preview:-1"},"og_locale":"en_US","og_type":"article","og_title":"Ein nobles Erbe - TEST - SMND","og_description":"Ein nobles Erbe Nachfahren der Shalivahana-Dynastie Genau am 21. M\u00e4rz 1923 wurde Nirmala Salve um zw\u00f6lf Uhr mittags am Tag der Fr\u00fchlings-Tagundnachtgleiche in Chhindwara geboren &#8211; einer Stadt in der geografischen Mitte Indiens. Schon fr\u00fch waren die edlen Eigenschaften ihrer Vorfahren in Nirmalas Charakter zu erkennen. Ihre Gro\u00dfmutter, Sakhubai Salve, zeichnete sich durch die mutigen&hellip; Read more","og_url":"https:\/\/shrimataji.org\/test\/de\/nobles-erbe\/","og_site_name":"TEST - SMND","article_publisher":"https:\/\/www.facebook.com\/shrimataji","article_modified_time":"2024-04-27T01:15:14+00:00","og_image":[{"width":2560,"height":905,"url":"https:\/\/shrimataji.org\/test\/wp-content\/uploads\/2023\/03\/7_Banner-Family_NobleInheritance-scaled.jpg","type":"image\/jpeg"}],"twitter_card":"summary_large_image","twitter_site":"@shrimataji","twitter_misc":{"Est. reading time":"4 minutes"},"schema":{"@context":"https:\/\/schema.org","@graph":[{"@type":"WebPage","@id":"https:\/\/shrimataji.org\/test\/de\/nobles-erbe\/","url":"https:\/\/shrimataji.org\/test\/de\/nobles-erbe\/","name":"Ein nobles Erbe - TEST - SMND","isPartOf":{"@id":"https:\/\/shrimataji.org\/test\/#website"},"primaryImageOfPage":{"@id":"https:\/\/shrimataji.org\/test\/de\/nobles-erbe\/#primaryimage"},"image":{"@id":"https:\/\/shrimataji.org\/test\/de\/nobles-erbe\/#primaryimage"},"thumbnailUrl":"https:\/\/shrimataji.org\/test\/wp-content\/uploads\/2023\/03\/7_Banner-Family_NobleInheritance-scaled.jpg","datePublished":"2011-10-02T03:00:00+00:00","dateModified":"2024-04-27T01:15:14+00:00","breadcrumb":{"@id":"https:\/\/shrimataji.org\/test\/de\/nobles-erbe\/#breadcrumb"},"inLanguage":"en-US","potentialAction":[{"@type":"ReadAction","target":["https:\/\/shrimataji.org\/test\/de\/nobles-erbe\/"]}]},{"@type":"ImageObject","inLanguage":"en-US","@id":"https:\/\/shrimataji.org\/test\/de\/nobles-erbe\/#primaryimage","url":"https:\/\/shrimataji.org\/test\/wp-content\/uploads\/2023\/03\/7_Banner-Family_NobleInheritance-scaled.jpg","contentUrl":"https:\/\/shrimataji.org\/test\/wp-content\/uploads\/2023\/03\/7_Banner-Family_NobleInheritance-scaled.jpg","width":2560,"height":905},{"@type":"BreadcrumbList","@id":"https:\/\/shrimataji.org\/test\/de\/nobles-erbe\/#breadcrumb","itemListElement":[{"@type":"ListItem","position":1,"name":"Home","item":"https:\/\/shrimataji.org\/test\/uk\/home-en\/"},{"@type":"ListItem","position":2,"name":"Ein nobles Erbe"}]},{"@type":"WebSite","@id":"https:\/\/shrimataji.org\/test\/#website","url":"https:\/\/shrimataji.org\/test\/","name":"Shri Mataji Nirmala Devi","description":"A Life Dedicated to Humanity","publisher":{"@id":"https:\/\/shrimataji.org\/test\/#\/schema\/person\/a1b3419c6585f164aa96da1ff85715d1"},"potentialAction":[{"@type":"SearchAction","target":{"@type":"EntryPoint","urlTemplate":"https:\/\/shrimataji.org\/test\/?s={search_term_string}"},"query-input":{"@type":"PropertyValueSpecification","valueRequired":true,"valueName":"search_term_string"}}],"inLanguage":"en-US"},{"@type":["Person","Organization"],"@id":"https:\/\/shrimataji.org\/test\/#\/schema\/person\/a1b3419c6585f164aa96da1ff85715d1","name":"Nirmala Shrivastava","image":{"@type":"ImageObject","inLanguage":"en-US","@id":"https:\/\/shrimataji.org\/test\/wp-content\/uploads\/2023\/02\/SMO_LOGO-03.svg","url":"https:\/\/shrimataji.org\/test\/wp-content\/uploads\/2023\/02\/SMO_LOGO-03.svg","contentUrl":"https:\/\/shrimataji.org\/test\/wp-content\/uploads\/2023\/02\/SMO_LOGO-03.svg","width":"1024","height":"1024","caption":"Nirmala Shrivastava"},"logo":{"@id":"https:\/\/shrimataji.org\/test\/wp-content\/uploads\/2023\/02\/SMO_LOGO-03.svg"},"sameAs":["https:\/\/shrimataji.org\/test","https:\/\/www.facebook.com\/shrimataji","https:\/\/x.com\/shrimataji","https:\/\/www.youtube.com\/@Shri_Mataji_Nirmala_Devi\/featured"]}]}},"lang":"de","translations":{"de":10617,"ur":37380,"en":434,"am":17951,"th":19872,"hu":19426,"sq":18352,"zh":17249,"hi":7323,"tr":10127,"pt":10344,"pl":10478,"fr":10715,"it":10813,"es":10911,"ja":11208,"ru":11396,"bn":11588,"te":11696,"sw":11819,"he":11967,"sk":12356,"fa":12454,"fi":12552,"bg":13510,"ro":14585,"cs":14778,"nl":16512,"ku":16672,"ar":16848,"el":17659,"be":18559,"kn":18833,"mr":20236,"uk":20528,"ml":20827,"ta":22667,"sv":22940,"gu":28788,"pa":28946,"fil":29386,"da":37694,"nn":38246},"pll_sync_post":[],"_links":{"self":[{"href":"https:\/\/shrimataji.org\/test\/wp-json\/wp\/v2\/pages\/10617","targetHints":{"allow":["GET"]}}],"collection":[{"href":"https:\/\/shrimataji.org\/test\/wp-json\/wp\/v2\/pages"}],"about":[{"href":"https:\/\/shrimataji.org\/test\/wp-json\/wp\/v2\/types\/page"}],"author":[{"embeddable":true,"href":"https:\/\/shrimataji.org\/test\/wp-json\/wp\/v2\/users\/10"}],"replies":[{"embeddable":true,"href":"https:\/\/shrimataji.org\/test\/wp-json\/wp\/v2\/comments?post=10617"}],"version-history":[{"count":0,"href":"https:\/\/shrimataji.org\/test\/wp-json\/wp\/v2\/pages\/10617\/revisions"}],"wp:featuredmedia":[{"embeddable":true,"href":"https:\/\/shrimataji.org\/test\/wp-json\/wp\/v2\/media\/9512"}],"wp:attachment":[{"href":"https:\/\/shrimataji.org\/test\/wp-json\/wp\/v2\/media?parent=10617"}],"curies":[{"name":"wp","href":"https:\/\/api.w.org\/{rel}","templated":true}]}}