{"id":10619,"date":"2018-07-10T06:54:46","date_gmt":"2018-07-10T06:54:46","guid":{"rendered":"http:\/\/testwordpress.nirmalnagari.org\/smnd\/index.php\/a-pivotal-moment\/"},"modified":"2024-04-27T01:15:14","modified_gmt":"2024-04-27T01:15:14","slug":"entscheidender-moment","status":"publish","type":"page","link":"https:\/\/shrimataji.org\/test\/de\/entscheidender-moment\/","title":{"rendered":"Ein entscheidender Moment"},"content":{"rendered":"\n\n\t<h1>Ein entscheidender Moment<\/h1>\n<h2><b>Ein ewiger Augenblick reiner Transformation<\/b><\/h2>\n\t<h4>In Nargol in der N\u00e4he von Mumbai\u00a0an der Westk\u00fcste Indiens fand am 5. Mai 1970\u00a0 ein au\u00dferordentliches und wichtiges Ereignis statt: die \u00d6ffnung des <a href=\"https:\/\/shrimataji.org\/test\/de\/sahasrara-de\/\" target=\"_blank\" rel=\"noopener\">Sahasraras<\/a> &#8211; des Energiezentrums im limbischen Bereich.<\/h4>\n\t<p>Die Bedeutung dieses Ereignisses kann nicht hoch genug bewertet werden; denn das gesamte spirituelle Verm\u00e4chtnis Shri Matajis geht auf dieses Ereignis zur\u00fcck. Wie eine wichtige wissenschaftliche Entdeckung oder ein wunderbares Kunstwerk wirkte dieser beispiellose Durchbruch \u00fcber die Jahre hinweg nach und beeinflusst bis heute alle, die mit ihrem Werk und ihrer Vision in Ber\u00fchrung kommen.<\/p>\n<p>Shri Matajis Entdeckung war und ist einzigartig. Die \u00d6ffnung des Sahasraras ist ein Moment reiner Transformation, die dem Menschen die M\u00f6glichkeit bietet, \u00fcber seine Grenzen hinauszuwachsen und sich mit etwas Gr\u00f6\u00dferem zu verbinden. Dieses Ereignis und die damit verbundene Erkenntnis war das, worauf sie gewartet hatte.<\/p>\n<p>&#8220;Ich war auf der Suche nach Wegen und Methoden&#8221;, erkl\u00e4rt sie. &#8220;Ich habe sie in mir und durch meine Art der Meditation erarbeitet, indem ich alle Variationen und Kombinationen durchspielte. Wenn ich jemandem begegnete, schaute ich nach seinen Problemen und wie sie \u00fcberwunden werden konnten. Ich versuchte, diesen Menschen innerlich zu studieren.&#8221;<\/p>\n\t\t\t\t<img loading=\"lazy\" decoding=\"async\" src=\"https:\/\/shrimataji.org\/test\/wp-content\/uploads\/2018\/07\/media_originals\/images\/shri-mataji-portraits\/mother-ocean.jpg\" alt=\"mother-ocean\" height=\"541\" width=\"721\" title=\"mother-ocean\" \/>\n\t<p>Shri Mataji wusste, dass der Schl\u00fcssel zum Verst\u00e4ndnis des menschlichen Dilemmas im alten Wissen \u00fcber den subtilen K\u00f6rper lag. Dieser K\u00f6rper jenseits des Physischen ist real und besteht aus Kan\u00e4len, Energiezentren und einer uranf\u00e4nglichen und als Kundalini bekannten Energiequelle. Seine Funktionen und Strukturen spiegeln auf einer subtileren Ebene das der Wissenschaft bekannte physische System wider.<\/p>\n<p>&#8220;Ich sah alles, was vor sich ging&#8221;, erinnerte sie sich. &#8220;Das war der Tag, an dem ich sagte, dass ich irgendwie das letzte Chakra \u00f6ffnen muss.&#8221;<\/p>\n<p>Das letzte Chakra oder Energiezentrum ist im Sanskrit als Sahasrara bekannt und hat seinen Sitz im limbischen Bereich des Gehirns. Die \u00d6ffnung dieses Energiezentrums war der Ausl\u00f6ser, der alles in Bewegung setzen w\u00fcrde, ein Tor zur Wahrheit.<\/p>\n\t\t\t\t<img loading=\"lazy\" decoding=\"async\" src=\"https:\/\/shrimataji.org\/test\/wp-content\/uploads\/2018\/07\/media_originals\/images\/shri-mataji-portraits\/shri-mataji-looking.jpg\" alt=\"shri-mataji-looking\" height=\"541\" width=\"721\" title=\"shri-mataji-looking\" \/>\n\t<p>&#8220;Ich war ganz alleine und f\u00fchlte mich sehr wohl. Niemand war da, um etwas zu sagen. Dann sp\u00fcrte ich beim Meditieren, dass die Zeit gekommen war, das Sahasrara zu \u00f6ffnen. In dem Moment, als ich es mir w\u00fcnschte, bemerkte ich die <a href=\"https:\/\/shrimataji.org\/test\/de\/kundalini_de\/\" target=\"_blank\" rel=\"noopener\">Kundalini<\/a> wie die Schubstangen eines Teleskops eine nach der anderen in mir aufsteigen und nach oben wandern. Sie hatte die Farbe geschmolzenen, rotgl\u00fchenden Eisens.<\/p>\n<p>Ich sah die \u00e4u\u00dfere Struktur der Kundalini, die immer weiter aufstieg und bei jedem Chakra T\u00f6ne erzeugte. Sie stieg auf, um das <em>Brahmarandra<\/em> zu durchdringen.&#8221;<\/p>\n<p>Das <em>Brahmarandra<\/em> ist der Bereich der Fontanelle am Scheitel des Kopfes. Shri Mataji beschrieb die <a href=\"https:\/\/shrimataji.org\/test\/de\/erfahrung-selbstverwirklichung\/\" target=\"_blank\" rel=\"noopener\">Erfahrung der Selbst-Verwirklichung<\/a>, das Aufbl\u00fchen des Wissens und des Bewusstseins, das sich so viele w\u00fcnschen. Sie sprach von einer Bestimmung, nach der so viele streben, dem Preis, der normalerweise mit jahrelanger Hingabe und Arbeit verbunden ist.<\/p>\n\t<p>&#8220;In diesem Moment sp\u00fcrte ich pl\u00f6tzlich eine Energie wie eine k\u00fchle Brise aus allen Richtungen von oben in mich eindringen. Ich sah, wie sich alles \u00f6ffnete, und ein gro\u00dfer, sintflutartiger Luftzug str\u00f6mte durch meinen Kopf und \u00fcberall hin. Ich f\u00fchlte, dass ich jetzt verloren und nicht mehr war. Es gab nur noch die Gnade und ich sah es ganz und gar in mir geschehen.&#8221;<\/p>\n\t<p>Shri Mataji wusste, dass diese Erfahrung des h\u00f6heren Wissens um die Selbst-Verwirklichung mit der Welt geteilt werden musste.<\/p>\n<p>&#8220;In diesem Moment erkannte ich, dass es nicht schaden w\u00fcrde, mit der Arbeit zu beginnen. Die Verwirrung war vorbei und die Zeit endlich gekommen. Es gab nichts zu bef\u00fcrchten und schlie\u00dflich musste es getan werden. Allein um das kollektive Bewusstsein der Menschen zu erwecken, war ich auf diese Welt gekommen; und mir war klar, dass dies unm\u00f6glich sein w\u00fcrde, solange die Menschen ihre Selbst-Verwirklichung nicht erhalten oder ihr eigenes Selbst nicht verstanden haben. Was auch immer man sonst in dieser Welt versuchen w\u00fcrde, w\u00e4re v\u00f6llig nutzlos.&#8221;<\/p>\n<p>Shri Mataji beschrieb den Anfang ihrer spirituellen Arbeit: &#8220;Ich habe es an einer alten Dame ausprobiert, die mich gut kannte. Als sie ihre Verwirklichung erhielt, war ich zufrieden, und sp\u00fcrte, dass viele andere ebenfalls ihre Verwirklichung bekommen k\u00f6nnten. Es war einfach, einer Person die Verwirklichung zu geben und es ihr bewusst zu machen. Doch um sie auf kollektiver Ebene an die Massen weiterzugeben, war etwas mehr Arbeit n\u00f6tig.<\/p>\n<p>Alle sollten ihre individuelle Verwirklichung erhalten und davon profitieren. Doch diese Art von Arbeit war noch nie zuvor auf kollektiver Ebene durchgef\u00fchrt worden. Ich hatte dies alles durch Meditation erreicht.&#8221;<\/p>\n<p>Viele Jahre lang setzte sie ihre Arbeit im Stillen mit einfachen Menschen fort: &#8220;Niemand wusste von den Kr\u00e4ften, die ich in mir trug. Niemand kannte mich oder hatte eine Vorstellung von mir.&#8221; Die meisten waren auch nicht auf das vorbereitet, was sie sagte, und ihre ebenso revolution\u00e4re wie mutige Botschaft war f\u00fcr ihr Verst\u00e4ndnis eine grundlegende Herausforderung.<\/p>\n\t\t\t\t<img loading=\"lazy\" decoding=\"async\" src=\"https:\/\/shrimataji.org\/test\/wp-content\/uploads\/2018\/07\/media_originals\/images\/shri-mataji-portraits\/shri-mataji-nirmala-devi-831x1080.jpg\" alt=\"shri-mataji-nirmala-devi\" height=\"1080\" width=\"831\" title=\"shri-mataji-nirmala-devi\" \/>\n\t<p>&#8220;Doch als die Kundalini in dieser Frau erweckt wurde&#8221;, erinnerte sich Shri Mataji, &#8220;sp\u00fcrte ich, dass eine subtile Kraft in sie eingedrungen war. Dann erhielten zw\u00f6lf weitere ihre Selbst-Verwirklichung. Sie waren erstaunt, als ihre Augen zu leuchten begannen und sie dank einer Kraft, die ihnen eine einzigartige Sensibilit\u00e4t verliehen hatte, alles deutlich erkennen, sehen und f\u00fchlen konnten.&#8221;<\/p>\n\t\t\t\t<img loading=\"lazy\" decoding=\"async\" src=\"https:\/\/shrimataji.org\/test\/wp-content\/uploads\/2018\/07\/media_originals\/images\/shri-mataji-teaching-sahaja-yoga\/shri-mataji-nirmala-devi-teaching-sahaja-yoga-meditation-in-india.jpg\" alt=\"shri-mataji-nirmala-devi-teaching-sahaja-yoga-meditation-in-india\" height=\"541\" width=\"721\" title=\"shri-mataji-nirmala-devi-teaching-sahaja-yoga-meditation-in-india\" \/>\n\t<p>Durch die Selbst-Verwirklichung wurden die Menschen zu ihrem wahren Selbst und erkannten, was sie vorher nicht gewusst hatten. Sie fingen an, sich selbst in anderen zu sehen, und damit begann die wahre Integration.<\/p>\n<p>&#8220;Mir wurde klar, dass diese zw\u00f6lf Menschen zw\u00f6lf verschiedene Naturen hatten, und irgendwie sollte ihnen klar gemacht werden, wie das Licht des Geistes integriert werden sollte&#8221;, sagte sie. &#8220;Es ist, als ob wir Blumen mit Hilfe einer Nadel zu einer Girlande auff\u00e4deln &#8230; Als sie ihre Verwirklichung erhielten, war alles wie auf einer einzige Schnur integriert.<\/p>\n\t<div class=\"su-quote su-quote-style-default\"><div class=\"su-quote-inner su-u-clearfix su-u-trim\">Ich begann mit einer Frau und dann erhielten nach und nach viele andere ihre Realisation. Allm\u00e4hlich verbesserte sich die Arbeit und die Menschen erkannten dies als Weg, sich selbst zu transformieren. Sahaja Yoga stellte sich als etwas sehr Wichtiges heraus.<\/div><\/div>\n\t\n\t\n\t\n\n","protected":false},"excerpt":{"rendered":"<p>Ein entscheidender Moment Ein ewiger Augenblick reiner Transformation In Nargol in der N\u00e4he von Mumbai\u00a0an der Westk\u00fcste Indiens fand am 5. Mai 1970\u00a0 ein au\u00dferordentliches und wichtiges Ereignis statt: die \u00d6ffnung des Sahasraras &#8211; des Energiezentrums im limbischen Bereich. Die Bedeutung dieses Ereignisses kann nicht hoch genug bewertet werden; denn das gesamte spirituelle Verm\u00e4chtnis Shri&hellip; <br \/> <a class=\"read-more\" href=\"https:\/\/shrimataji.org\/test\/de\/entscheidender-moment\/\">Read more<\/a><\/p>\n","protected":false},"author":10,"featured_media":9516,"parent":0,"menu_order":0,"comment_status":"closed","ping_status":"closed","template":"","meta":{"inline_featured_image":false,"footnotes":""},"class_list":["post-10619","page","type-page","status-publish","has-post-thumbnail","hentry"],"yoast_head":"<!-- This site is optimized with the Yoast SEO plugin v27.4 - https:\/\/yoast.com\/product\/yoast-seo-wordpress\/ -->\n<title>Ein entscheidender Moment - TEST - SMND<\/title>\n<meta name=\"robots\" content=\"noindex, follow, max-snippet:-1, max-image-preview:large, max-video-preview:-1\" \/>\n<meta property=\"og:locale\" content=\"en_US\" \/>\n<meta property=\"og:type\" content=\"article\" \/>\n<meta property=\"og:title\" content=\"Ein entscheidender Moment - TEST - SMND\" \/>\n<meta property=\"og:description\" content=\"Ein entscheidender Moment Ein ewiger Augenblick reiner Transformation In Nargol in der N\u00e4he von Mumbai\u00a0an der Westk\u00fcste Indiens fand am 5. Mai 1970\u00a0 ein au\u00dferordentliches und wichtiges Ereignis statt: die \u00d6ffnung des Sahasraras &#8211; des Energiezentrums im limbischen Bereich. Die Bedeutung dieses Ereignisses kann nicht hoch genug bewertet werden; denn das gesamte spirituelle Verm\u00e4chtnis Shri&hellip; Read more\" \/>\n<meta property=\"og:url\" content=\"https:\/\/shrimataji.org\/test\/de\/entscheidender-moment\/\" \/>\n<meta property=\"og:site_name\" content=\"TEST - SMND\" \/>\n<meta property=\"article:publisher\" content=\"https:\/\/www.facebook.com\/shrimataji\" \/>\n<meta property=\"article:modified_time\" content=\"2024-04-27T01:15:14+00:00\" \/>\n<meta property=\"og:image\" content=\"https:\/\/shrimataji.org\/test\/wp-content\/uploads\/2023\/03\/11_Banner-PublicLife-PivotalMoment-scaled.jpg\" \/>\n\t<meta property=\"og:image:width\" content=\"2560\" \/>\n\t<meta property=\"og:image:height\" content=\"905\" \/>\n\t<meta property=\"og:image:type\" content=\"image\/jpeg\" \/>\n<meta name=\"twitter:card\" content=\"summary_large_image\" \/>\n<meta name=\"twitter:site\" content=\"@shrimataji\" \/>\n<meta name=\"twitter:label1\" content=\"Est. reading time\" \/>\n\t<meta name=\"twitter:data1\" content=\"6 minutes\" \/>\n<script type=\"application\/ld+json\" class=\"yoast-schema-graph\">{\"@context\":\"https:\\\/\\\/schema.org\",\"@graph\":[{\"@type\":\"WebPage\",\"@id\":\"https:\\\/\\\/shrimataji.org\\\/test\\\/de\\\/entscheidender-moment\\\/\",\"url\":\"https:\\\/\\\/shrimataji.org\\\/test\\\/de\\\/entscheidender-moment\\\/\",\"name\":\"Ein entscheidender Moment - TEST - SMND\",\"isPartOf\":{\"@id\":\"https:\\\/\\\/shrimataji.org\\\/test\\\/#website\"},\"primaryImageOfPage\":{\"@id\":\"https:\\\/\\\/shrimataji.org\\\/test\\\/de\\\/entscheidender-moment\\\/#primaryimage\"},\"image\":{\"@id\":\"https:\\\/\\\/shrimataji.org\\\/test\\\/de\\\/entscheidender-moment\\\/#primaryimage\"},\"thumbnailUrl\":\"https:\\\/\\\/shrimataji.org\\\/test\\\/wp-content\\\/uploads\\\/2023\\\/03\\\/11_Banner-PublicLife-PivotalMoment-scaled.jpg\",\"datePublished\":\"2018-07-10T06:54:46+00:00\",\"dateModified\":\"2024-04-27T01:15:14+00:00\",\"breadcrumb\":{\"@id\":\"https:\\\/\\\/shrimataji.org\\\/test\\\/de\\\/entscheidender-moment\\\/#breadcrumb\"},\"inLanguage\":\"en-US\",\"potentialAction\":[{\"@type\":\"ReadAction\",\"target\":[\"https:\\\/\\\/shrimataji.org\\\/test\\\/de\\\/entscheidender-moment\\\/\"]}]},{\"@type\":\"ImageObject\",\"inLanguage\":\"en-US\",\"@id\":\"https:\\\/\\\/shrimataji.org\\\/test\\\/de\\\/entscheidender-moment\\\/#primaryimage\",\"url\":\"https:\\\/\\\/shrimataji.org\\\/test\\\/wp-content\\\/uploads\\\/2023\\\/03\\\/11_Banner-PublicLife-PivotalMoment-scaled.jpg\",\"contentUrl\":\"https:\\\/\\\/shrimataji.org\\\/test\\\/wp-content\\\/uploads\\\/2023\\\/03\\\/11_Banner-PublicLife-PivotalMoment-scaled.jpg\",\"width\":2560,\"height\":905},{\"@type\":\"BreadcrumbList\",\"@id\":\"https:\\\/\\\/shrimataji.org\\\/test\\\/de\\\/entscheidender-moment\\\/#breadcrumb\",\"itemListElement\":[{\"@type\":\"ListItem\",\"position\":1,\"name\":\"Home\",\"item\":\"https:\\\/\\\/shrimataji.org\\\/test\\\/uk\\\/home-en\\\/\"},{\"@type\":\"ListItem\",\"position\":2,\"name\":\"Ein entscheidender Moment\"}]},{\"@type\":\"WebSite\",\"@id\":\"https:\\\/\\\/shrimataji.org\\\/test\\\/#website\",\"url\":\"https:\\\/\\\/shrimataji.org\\\/test\\\/\",\"name\":\"Shri Mataji Nirmala Devi\",\"description\":\"A Life Dedicated to Humanity\",\"publisher\":{\"@id\":\"https:\\\/\\\/shrimataji.org\\\/test\\\/#\\\/schema\\\/person\\\/a1b3419c6585f164aa96da1ff85715d1\"},\"potentialAction\":[{\"@type\":\"SearchAction\",\"target\":{\"@type\":\"EntryPoint\",\"urlTemplate\":\"https:\\\/\\\/shrimataji.org\\\/test\\\/?s={search_term_string}\"},\"query-input\":{\"@type\":\"PropertyValueSpecification\",\"valueRequired\":true,\"valueName\":\"search_term_string\"}}],\"inLanguage\":\"en-US\"},{\"@type\":[\"Person\",\"Organization\"],\"@id\":\"https:\\\/\\\/shrimataji.org\\\/test\\\/#\\\/schema\\\/person\\\/a1b3419c6585f164aa96da1ff85715d1\",\"name\":\"Nirmala Shrivastava\",\"image\":{\"@type\":\"ImageObject\",\"inLanguage\":\"en-US\",\"@id\":\"https:\\\/\\\/shrimataji.org\\\/test\\\/wp-content\\\/uploads\\\/2023\\\/02\\\/SMO_LOGO-03.svg\",\"url\":\"https:\\\/\\\/shrimataji.org\\\/test\\\/wp-content\\\/uploads\\\/2023\\\/02\\\/SMO_LOGO-03.svg\",\"contentUrl\":\"https:\\\/\\\/shrimataji.org\\\/test\\\/wp-content\\\/uploads\\\/2023\\\/02\\\/SMO_LOGO-03.svg\",\"width\":\"1024\",\"height\":\"1024\",\"caption\":\"Nirmala Shrivastava\"},\"logo\":{\"@id\":\"https:\\\/\\\/shrimataji.org\\\/test\\\/wp-content\\\/uploads\\\/2023\\\/02\\\/SMO_LOGO-03.svg\"},\"sameAs\":[\"https:\\\/\\\/shrimataji.org\\\/test\",\"https:\\\/\\\/www.facebook.com\\\/shrimataji\",\"https:\\\/\\\/x.com\\\/shrimataji\",\"https:\\\/\\\/www.youtube.com\\\/@Shri_Mataji_Nirmala_Devi\\\/featured\"]}]}<\/script>\n<!-- \/ Yoast SEO plugin. -->","yoast_head_json":{"title":"Ein entscheidender Moment - TEST - SMND","robots":{"index":"noindex","follow":"follow","max-snippet":"max-snippet:-1","max-image-preview":"max-image-preview:large","max-video-preview":"max-video-preview:-1"},"og_locale":"en_US","og_type":"article","og_title":"Ein entscheidender Moment - TEST - SMND","og_description":"Ein entscheidender Moment Ein ewiger Augenblick reiner Transformation In Nargol in der N\u00e4he von Mumbai\u00a0an der Westk\u00fcste Indiens fand am 5. Mai 1970\u00a0 ein au\u00dferordentliches und wichtiges Ereignis statt: die \u00d6ffnung des Sahasraras &#8211; des Energiezentrums im limbischen Bereich. Die Bedeutung dieses Ereignisses kann nicht hoch genug bewertet werden; denn das gesamte spirituelle Verm\u00e4chtnis Shri&hellip; Read more","og_url":"https:\/\/shrimataji.org\/test\/de\/entscheidender-moment\/","og_site_name":"TEST - SMND","article_publisher":"https:\/\/www.facebook.com\/shrimataji","article_modified_time":"2024-04-27T01:15:14+00:00","og_image":[{"width":2560,"height":905,"url":"https:\/\/shrimataji.org\/test\/wp-content\/uploads\/2023\/03\/11_Banner-PublicLife-PivotalMoment-scaled.jpg","type":"image\/jpeg"}],"twitter_card":"summary_large_image","twitter_site":"@shrimataji","twitter_misc":{"Est. reading time":"6 minutes"},"schema":{"@context":"https:\/\/schema.org","@graph":[{"@type":"WebPage","@id":"https:\/\/shrimataji.org\/test\/de\/entscheidender-moment\/","url":"https:\/\/shrimataji.org\/test\/de\/entscheidender-moment\/","name":"Ein entscheidender Moment - TEST - SMND","isPartOf":{"@id":"https:\/\/shrimataji.org\/test\/#website"},"primaryImageOfPage":{"@id":"https:\/\/shrimataji.org\/test\/de\/entscheidender-moment\/#primaryimage"},"image":{"@id":"https:\/\/shrimataji.org\/test\/de\/entscheidender-moment\/#primaryimage"},"thumbnailUrl":"https:\/\/shrimataji.org\/test\/wp-content\/uploads\/2023\/03\/11_Banner-PublicLife-PivotalMoment-scaled.jpg","datePublished":"2018-07-10T06:54:46+00:00","dateModified":"2024-04-27T01:15:14+00:00","breadcrumb":{"@id":"https:\/\/shrimataji.org\/test\/de\/entscheidender-moment\/#breadcrumb"},"inLanguage":"en-US","potentialAction":[{"@type":"ReadAction","target":["https:\/\/shrimataji.org\/test\/de\/entscheidender-moment\/"]}]},{"@type":"ImageObject","inLanguage":"en-US","@id":"https:\/\/shrimataji.org\/test\/de\/entscheidender-moment\/#primaryimage","url":"https:\/\/shrimataji.org\/test\/wp-content\/uploads\/2023\/03\/11_Banner-PublicLife-PivotalMoment-scaled.jpg","contentUrl":"https:\/\/shrimataji.org\/test\/wp-content\/uploads\/2023\/03\/11_Banner-PublicLife-PivotalMoment-scaled.jpg","width":2560,"height":905},{"@type":"BreadcrumbList","@id":"https:\/\/shrimataji.org\/test\/de\/entscheidender-moment\/#breadcrumb","itemListElement":[{"@type":"ListItem","position":1,"name":"Home","item":"https:\/\/shrimataji.org\/test\/uk\/home-en\/"},{"@type":"ListItem","position":2,"name":"Ein entscheidender Moment"}]},{"@type":"WebSite","@id":"https:\/\/shrimataji.org\/test\/#website","url":"https:\/\/shrimataji.org\/test\/","name":"Shri Mataji Nirmala Devi","description":"A Life Dedicated to Humanity","publisher":{"@id":"https:\/\/shrimataji.org\/test\/#\/schema\/person\/a1b3419c6585f164aa96da1ff85715d1"},"potentialAction":[{"@type":"SearchAction","target":{"@type":"EntryPoint","urlTemplate":"https:\/\/shrimataji.org\/test\/?s={search_term_string}"},"query-input":{"@type":"PropertyValueSpecification","valueRequired":true,"valueName":"search_term_string"}}],"inLanguage":"en-US"},{"@type":["Person","Organization"],"@id":"https:\/\/shrimataji.org\/test\/#\/schema\/person\/a1b3419c6585f164aa96da1ff85715d1","name":"Nirmala Shrivastava","image":{"@type":"ImageObject","inLanguage":"en-US","@id":"https:\/\/shrimataji.org\/test\/wp-content\/uploads\/2023\/02\/SMO_LOGO-03.svg","url":"https:\/\/shrimataji.org\/test\/wp-content\/uploads\/2023\/02\/SMO_LOGO-03.svg","contentUrl":"https:\/\/shrimataji.org\/test\/wp-content\/uploads\/2023\/02\/SMO_LOGO-03.svg","width":"1024","height":"1024","caption":"Nirmala Shrivastava"},"logo":{"@id":"https:\/\/shrimataji.org\/test\/wp-content\/uploads\/2023\/02\/SMO_LOGO-03.svg"},"sameAs":["https:\/\/shrimataji.org\/test","https:\/\/www.facebook.com\/shrimataji","https:\/\/x.com\/shrimataji","https:\/\/www.youtube.com\/@Shri_Mataji_Nirmala_Devi\/featured"]}]}},"lang":"de","translations":{"de":10619,"ur":37383,"en":12554,"am":17954,"th":19876,"hu":19429,"sq":18355,"zh":17252,"hi":7332,"tr":10129,"pt":10346,"fr":10717,"it":10815,"es":10913,"ja":11210,"ru":11398,"bn":11590,"te":11698,"sw":11821,"he":11969,"el":12260,"sk":12358,"fa":12456,"bg":13459,"ro":14531,"cs":14724,"nl":16515,"ku":16675,"ar":16851,"be":18562,"kn":18836,"mr":20240,"uk":20532,"ml":20831,"ta":22670,"sv":22943,"gu":28791,"pa":28949,"fil":29389,"da":37697,"pl":37916,"nn":38249},"pll_sync_post":[],"_links":{"self":[{"href":"https:\/\/shrimataji.org\/test\/wp-json\/wp\/v2\/pages\/10619","targetHints":{"allow":["GET"]}}],"collection":[{"href":"https:\/\/shrimataji.org\/test\/wp-json\/wp\/v2\/pages"}],"about":[{"href":"https:\/\/shrimataji.org\/test\/wp-json\/wp\/v2\/types\/page"}],"author":[{"embeddable":true,"href":"https:\/\/shrimataji.org\/test\/wp-json\/wp\/v2\/users\/10"}],"replies":[{"embeddable":true,"href":"https:\/\/shrimataji.org\/test\/wp-json\/wp\/v2\/comments?post=10619"}],"version-history":[{"count":0,"href":"https:\/\/shrimataji.org\/test\/wp-json\/wp\/v2\/pages\/10619\/revisions"}],"wp:featuredmedia":[{"embeddable":true,"href":"https:\/\/shrimataji.org\/test\/wp-json\/wp\/v2\/media\/9516"}],"wp:attachment":[{"href":"https:\/\/shrimataji.org\/test\/wp-json\/wp\/v2\/media?parent=10619"}],"curies":[{"name":"wp","href":"https:\/\/api.w.org\/{rel}","templated":true}]}}