{"id":10621,"date":"2022-03-05T07:57:08","date_gmt":"2022-03-05T07:57:08","guid":{"rendered":"https:\/\/test.shrimataji.org\/?page_id=6497"},"modified":"2024-06-11T09:16:36","modified_gmt":"2024-06-11T09:16:36","slug":"agnya-de","status":"publish","type":"page","link":"https:\/\/shrimataji.org\/test\/de\/agnya-de\/","title":{"rendered":"Agnya Chakra DE"},"content":{"rendered":"\n\n\t<h1>Agnya Chakra<\/h1>\n<h2>Die Kraft des Verzeihens<\/h2>\n<h4>Die Essenz dieses Chakras ist Vergebung. Wenn wir nicht vergeben, f\u00fcgen wir uns selbst Schaden zu und bringen dieses Chakra aus dem Gleichgewicht. Vergebung ist die Kraft, Wut, Hass und Feindseligkeit loszulassen. Vor der Selbst-Verwirklichung ist dies nicht so einfach, doch wenn wir von Herzen sagen: &#8220;Ich vergebe&#8221;, kann unsere <a href=\"https:\/\/shrimataji.org\/test\/de\/kundalini_de\/\" target=\"_blank\" rel=\"noopener\">Kundalini<\/a> dieses Zentrum durchdringen und unsere Aufmerksamkeit in das Reich der g\u00f6ttlichen Stille ziehen. Ohne uns anzustrengen, k\u00f6nnen wir dort gedankenfrei meditieren.<\/h4>\n<p>Durch die Kraft des Verzeihens entdecken wir die h\u00f6here Natur des Geistes &#8211; Bescheidenheit, Edelmut, Gro\u00dfz\u00fcgigkeit sowie unendliche Liebe und unendliches Mitgef\u00fchl. In der Meditation l\u00f6st ein gereiftes Agnya Chakra unser Ego, unsere Konditionierungen, Gewohnheiten, falschen Konzepte und falschen Identifikationen auf. In den Schriften wird es als das schmale Tor beschrieben. Es gibt den Weg f\u00fcr unser Bewusstsein frei, seine letzte Bestimmung im siebten Zentrum, im <a href=\"https:\/\/shrimataji.org\/test\/de\/sahasrara-de\/\" target=\"_blank\" rel=\"noopener\">Sahasrara Chakra<\/a> zu erreichen &#8211; das reinste spirituelle Reich der Existenz.<\/p>\n\t\n\t<p><strong>Lage<\/strong><\/p>\n<p>Das Agnya Chakra befindet sich in unserem Gehirn ungef\u00e4hr an der Kreuzung der Sehnerven, dem Chiasma opticum in der Mitte der Stirn. Seine Vibrationen k\u00f6nnen auf den Ringfingern beider H\u00e4nde wahrgenommen werden.<\/p>\n<p><strong>Farbe<\/strong><\/p>\n<p>Die Farbe Silber steht f\u00fcr das Agnya Chakra. Es ist verbunden mit der Essenz des Lichtes.<\/p>\n<p><strong>Eigenschaften des Agnya Chakras<\/strong><\/p>\n\u2022 Vergebung<br \/>\n\u2022 Mitgef\u00fchl, Barmherzigkeit<br \/>\n\u2022 Bescheidenheit, Demut<br \/>\n\u2022 Gedankenfreies Bewusstsein<br \/>\n\u2022 Ego und Superego (\u00dcber-Ich)\n\t\t\t\t<a href=\"https:\/\/shrimataji.org\/test\/wp-content\/uploads\/2023\/02\/6-Agnya-01.png\" target=\"_blank\" rel=\"noopener\">\n\t\t\t\t<img loading=\"lazy\" decoding=\"async\" src=\"https:\/\/shrimataji.org\/test\/wp-content\/uploads\/2024\/04\/DE_6-Agnya.png\" alt=\"DE_6-Agnya\" height=\"6853\" width=\"6428\" title=\"DE_6-Agnya\" \/>\n\t\t\t\t<\/a>\n\t<p>Die wichtigste Eigenschaft des Agnyas ist Vergebung. Durch seine Erweckung entwickeln wir die F\u00e4higkeit, anderen und uns selbst zu verzeihen. Das Agnya Chakra wird auch als &#8220;Drittes Auge&#8221; bezeichnet. Dabei geht es jedoch nicht darum, esoterische Bilder zu sehen oder hellseherische F\u00e4higkeiten zu entwickeln, wie viele Praktizierende des Yoga behaupten. Es geht darum, die Perspektive zu ver\u00e4ndern, an die wir durch unsere mentalen und emotionalen Konditionierungen gew\u00f6hnt sind. Wenn wir den wahren Zweck unserer Hierseins erkennen, wird dasselbe stressige, oft langweilige oder sinnlose Leben nach der Selbst-Verwirklichung und der \u00d6ffnung des Agnya Chakras mit Freude, Liebe und Mitgef\u00fchl erf\u00fcllt. Weder Reichtum noch Mangel k\u00f6nnen uns erheben oder entt\u00e4uschen, wenn wir uns in der Wirklichkeit unserer spirituellen Natur etabliert haben. In diesem h\u00f6heren Zustand k\u00f6nnen wir verstehen, warum Siddhartha Gautama Buddha nach seiner Erleuchtung nie das Bed\u00fcrfnis versp\u00fcrte, in den Komfort seines Palastes zur\u00fcckzukehren.<\/p>\n<p><strong>Funktion des Chakras und positive Effekte der Meditation<\/strong><\/p>\n<p>Unser Agnya Chakra kontrolliert das Sehen, H\u00f6ren und Denken. Es kontrolliert unter anderem die Hypophyse, eine wichtige, auch als Hauptdr\u00fcse bezeichnete endokrine Dr\u00fcse. Sie reguliert alle anderen endokrinen Dr\u00fcsen und beeinflusst unser Wachstum, unsere physiologische Reifung, unseren Stoffwechsel und unseren Schlaf. Viele von uns verbringen berufsbedingt viele Stunden am Computer und viel Zeit vor dem Fernseher. Eine zu starke visuelle Stimulation kann das Agnya Chakra schw\u00e4chen. Regelm\u00e4\u00dfige Sahaja-Yoga-Meditation kann dieses Problem jedoch lindern. Unser linkes Agnya kontrolliert das Superego unseres Gehirns und speichert unsere Erinnerungen, Erfahrungen, Gewohnheiten und Emotionen. Das rechte Agnya steuert das Ego unseres Gehirns und konzentriert sich auf Denken, Planen, Handeln und die Zukunft. Ego und Superego kreuzen sich im Agnya Chakra.<\/p>\n<p>Wenn das linke Agnya \u00fcberaktiv ist, kann sich das Superego wie ein Ballon aufbl\u00e4hen. Zu viel Fokus auf die Vergangenheit kann zu \u00fcbertriebener Emotionalit\u00e4t sowie selbstsch\u00e4digenden Gedanken oder Verhaltensweisen f\u00fchren. \u00c4hnlich verh\u00e4lt es sich, wenn das rechte Agnya \u00fcberaktiv ist: Das Ego bl\u00e4ht sich infolge von \u00fcberm\u00e4\u00dfigem Denken und Planen auf. Dies kann zu Unruhe, h\u00e4ufigen Wutausbr\u00fcchen und aggressivem Verhalten gegen\u00fcber anderen f\u00fchren.<\/p>\n<p>Beide Ballons kann man aber sehr effektiv wieder ins Gleichgewicht bringen, wenn man das Agnya Chakra mit der Energie der Kundalini f\u00fcllt. Die Stille der Meditation l\u00e4sst uns bescheiden werden, und durch Demut entwickeln wir die Kraft der Vergebung. Beim Verzeihen geht es um Akzeptanz und Heilung. Es befreit uns von den negativen Bindungen des Zorns, des Hasses und des Grolls. Durch Verzeihen k\u00f6nnen wir gro\u00dfen Frieden und gro\u00dfe Erleichterung erfahren.<\/p>\n<p><strong>Selbsteinsch\u00e4tzung<\/strong><\/p>\n<p>Eine Agnya-Blockade verhindert m\u00f6glicherweise, dass wir uns selbst oder anderen vergeben k\u00f6nnen. Vielleicht sind wir in der Vergangenheit gefangen oder werden von Selbstmitleid zerfressen. Egoismus und Aggressivit\u00e4t sind weitere Anzeichen f\u00fcr ein Ungleichgewicht im Agnya, ebenso wie die Sucht nach Pornografie. Auch Sorgen, \u00fcberm\u00e4\u00dfiges Denken und st\u00e4ndiges Planen k\u00f6nnen eine Blockade verursachen.<\/p>\n<p><strong>Gr\u00fcnde f\u00fcr ein Ungleichgewicht<\/strong><\/p>\n<ul>\n<li>starre Konzepte<\/li>\n<li>festgefahrene Verhaltensmuster<\/li>\n<li>extremes Verhalten<\/li>\n<\/ul>\n<p><strong>Wiederherstellung des Gleichgewichts<\/strong><\/p>\n<p>Um das Agnya Chakra zu balancieren, meditieren wir am besten in einer nat\u00fcrlichen Umgebung. Es ist hilfreich, im Freien zu meditieren und dabei in den Himmel zu schauen. Wir k\u00f6nnen auch die rechte Hand auf die Stirn legen, den Kopf leicht senken und von Herzen sagen: &#8220;Ich vergebe jedem, auch mir selbst&#8221;.<\/p>\n<p>Der beste Weg, das Agnya Chakra im Gleichgewicht zu halten, ist \u00fcberm\u00e4\u00dfiges Denken und Planen zu vermeiden. Wir leben in der Gegenwart &#8211; und genie\u00dfen jede Sekunde!<\/p>\n\n","protected":false},"excerpt":{"rendered":"<p>Agnya Chakra Die Kraft des Verzeihens Die Essenz dieses Chakras ist Vergebung. Wenn wir nicht vergeben, f\u00fcgen wir uns selbst Schaden zu und bringen dieses Chakra aus dem Gleichgewicht. Vergebung ist die Kraft, Wut, Hass und Feindseligkeit loszulassen. Vor der Selbst-Verwirklichung ist dies nicht so einfach, doch wenn wir von Herzen sagen: &#8220;Ich vergebe&#8221;, kann&hellip; <br \/> <a class=\"read-more\" href=\"https:\/\/shrimataji.org\/test\/de\/agnya-de\/\">Read more<\/a><\/p>\n","protected":false},"author":10,"featured_media":9256,"parent":0,"menu_order":0,"comment_status":"closed","ping_status":"closed","template":"","meta":{"inline_featured_image":false,"footnotes":""},"class_list":["post-10621","page","type-page","status-publish","has-post-thumbnail","hentry"],"yoast_head":"<!-- This site is optimized with the Yoast SEO plugin v27.4 - https:\/\/yoast.com\/product\/yoast-seo-wordpress\/ -->\n<title>Agnya Chakra DE - TEST - SMND<\/title>\n<meta name=\"robots\" content=\"noindex, follow, max-snippet:-1, max-image-preview:large, max-video-preview:-1\" \/>\n<meta property=\"og:locale\" content=\"en_US\" \/>\n<meta property=\"og:type\" content=\"article\" \/>\n<meta property=\"og:title\" content=\"Agnya Chakra DE - TEST - SMND\" \/>\n<meta property=\"og:description\" content=\"Agnya Chakra Die Kraft des Verzeihens Die Essenz dieses Chakras ist Vergebung. Wenn wir nicht vergeben, f\u00fcgen wir uns selbst Schaden zu und bringen dieses Chakra aus dem Gleichgewicht. Vergebung ist die Kraft, Wut, Hass und Feindseligkeit loszulassen. Vor der Selbst-Verwirklichung ist dies nicht so einfach, doch wenn wir von Herzen sagen: &#8220;Ich vergebe&#8221;, kann&hellip; Read more\" \/>\n<meta property=\"og:url\" content=\"https:\/\/shrimataji.org\/test\/de\/agnya-de\/\" \/>\n<meta property=\"og:site_name\" content=\"TEST - SMND\" \/>\n<meta property=\"article:publisher\" content=\"https:\/\/www.facebook.com\/shrimataji\" \/>\n<meta property=\"article:modified_time\" content=\"2024-06-11T09:16:36+00:00\" \/>\n<meta property=\"og:image\" content=\"https:\/\/shrimataji.org\/test\/wp-content\/uploads\/2023\/03\/21_Banner-SY-Chakra-agnya-scaled.jpg\" \/>\n\t<meta property=\"og:image:width\" content=\"2560\" \/>\n\t<meta property=\"og:image:height\" content=\"905\" \/>\n\t<meta property=\"og:image:type\" content=\"image\/jpeg\" \/>\n<meta name=\"twitter:card\" content=\"summary_large_image\" \/>\n<meta name=\"twitter:site\" content=\"@shrimataji\" \/>\n<meta name=\"twitter:label1\" content=\"Est. reading time\" \/>\n\t<meta name=\"twitter:data1\" content=\"4 minutes\" \/>\n<script type=\"application\/ld+json\" class=\"yoast-schema-graph\">{\"@context\":\"https:\\\/\\\/schema.org\",\"@graph\":[{\"@type\":\"WebPage\",\"@id\":\"https:\\\/\\\/shrimataji.org\\\/test\\\/de\\\/agnya-de\\\/\",\"url\":\"https:\\\/\\\/shrimataji.org\\\/test\\\/de\\\/agnya-de\\\/\",\"name\":\"Agnya Chakra DE - TEST - SMND\",\"isPartOf\":{\"@id\":\"https:\\\/\\\/shrimataji.org\\\/test\\\/#website\"},\"primaryImageOfPage\":{\"@id\":\"https:\\\/\\\/shrimataji.org\\\/test\\\/de\\\/agnya-de\\\/#primaryimage\"},\"image\":{\"@id\":\"https:\\\/\\\/shrimataji.org\\\/test\\\/de\\\/agnya-de\\\/#primaryimage\"},\"thumbnailUrl\":\"https:\\\/\\\/shrimataji.org\\\/test\\\/wp-content\\\/uploads\\\/2023\\\/03\\\/21_Banner-SY-Chakra-agnya-scaled.jpg\",\"datePublished\":\"2022-03-05T07:57:08+00:00\",\"dateModified\":\"2024-06-11T09:16:36+00:00\",\"breadcrumb\":{\"@id\":\"https:\\\/\\\/shrimataji.org\\\/test\\\/de\\\/agnya-de\\\/#breadcrumb\"},\"inLanguage\":\"en-US\",\"potentialAction\":[{\"@type\":\"ReadAction\",\"target\":[\"https:\\\/\\\/shrimataji.org\\\/test\\\/de\\\/agnya-de\\\/\"]}]},{\"@type\":\"ImageObject\",\"inLanguage\":\"en-US\",\"@id\":\"https:\\\/\\\/shrimataji.org\\\/test\\\/de\\\/agnya-de\\\/#primaryimage\",\"url\":\"https:\\\/\\\/shrimataji.org\\\/test\\\/wp-content\\\/uploads\\\/2023\\\/03\\\/21_Banner-SY-Chakra-agnya-scaled.jpg\",\"contentUrl\":\"https:\\\/\\\/shrimataji.org\\\/test\\\/wp-content\\\/uploads\\\/2023\\\/03\\\/21_Banner-SY-Chakra-agnya-scaled.jpg\",\"width\":2560,\"height\":905},{\"@type\":\"BreadcrumbList\",\"@id\":\"https:\\\/\\\/shrimataji.org\\\/test\\\/de\\\/agnya-de\\\/#breadcrumb\",\"itemListElement\":[{\"@type\":\"ListItem\",\"position\":1,\"name\":\"Home\",\"item\":\"https:\\\/\\\/shrimataji.org\\\/test\\\/uk\\\/home-en\\\/\"},{\"@type\":\"ListItem\",\"position\":2,\"name\":\"Agnya Chakra DE\"}]},{\"@type\":\"WebSite\",\"@id\":\"https:\\\/\\\/shrimataji.org\\\/test\\\/#website\",\"url\":\"https:\\\/\\\/shrimataji.org\\\/test\\\/\",\"name\":\"Shri Mataji Nirmala Devi\",\"description\":\"A Life Dedicated to Humanity\",\"publisher\":{\"@id\":\"https:\\\/\\\/shrimataji.org\\\/test\\\/#\\\/schema\\\/person\\\/a1b3419c6585f164aa96da1ff85715d1\"},\"potentialAction\":[{\"@type\":\"SearchAction\",\"target\":{\"@type\":\"EntryPoint\",\"urlTemplate\":\"https:\\\/\\\/shrimataji.org\\\/test\\\/?s={search_term_string}\"},\"query-input\":{\"@type\":\"PropertyValueSpecification\",\"valueRequired\":true,\"valueName\":\"search_term_string\"}}],\"inLanguage\":\"en-US\"},{\"@type\":[\"Person\",\"Organization\"],\"@id\":\"https:\\\/\\\/shrimataji.org\\\/test\\\/#\\\/schema\\\/person\\\/a1b3419c6585f164aa96da1ff85715d1\",\"name\":\"Nirmala Shrivastava\",\"image\":{\"@type\":\"ImageObject\",\"inLanguage\":\"en-US\",\"@id\":\"https:\\\/\\\/shrimataji.org\\\/test\\\/wp-content\\\/uploads\\\/2023\\\/02\\\/SMO_LOGO-03.svg\",\"url\":\"https:\\\/\\\/shrimataji.org\\\/test\\\/wp-content\\\/uploads\\\/2023\\\/02\\\/SMO_LOGO-03.svg\",\"contentUrl\":\"https:\\\/\\\/shrimataji.org\\\/test\\\/wp-content\\\/uploads\\\/2023\\\/02\\\/SMO_LOGO-03.svg\",\"width\":\"1024\",\"height\":\"1024\",\"caption\":\"Nirmala Shrivastava\"},\"logo\":{\"@id\":\"https:\\\/\\\/shrimataji.org\\\/test\\\/wp-content\\\/uploads\\\/2023\\\/02\\\/SMO_LOGO-03.svg\"},\"sameAs\":[\"https:\\\/\\\/shrimataji.org\\\/test\",\"https:\\\/\\\/www.facebook.com\\\/shrimataji\",\"https:\\\/\\\/x.com\\\/shrimataji\",\"https:\\\/\\\/www.youtube.com\\\/@Shri_Mataji_Nirmala_Devi\\\/featured\"]}]}<\/script>\n<!-- \/ Yoast SEO plugin. -->","yoast_head_json":{"title":"Agnya Chakra DE - TEST - SMND","robots":{"index":"noindex","follow":"follow","max-snippet":"max-snippet:-1","max-image-preview":"max-image-preview:large","max-video-preview":"max-video-preview:-1"},"og_locale":"en_US","og_type":"article","og_title":"Agnya Chakra DE - TEST - SMND","og_description":"Agnya Chakra Die Kraft des Verzeihens Die Essenz dieses Chakras ist Vergebung. Wenn wir nicht vergeben, f\u00fcgen wir uns selbst Schaden zu und bringen dieses Chakra aus dem Gleichgewicht. Vergebung ist die Kraft, Wut, Hass und Feindseligkeit loszulassen. Vor der Selbst-Verwirklichung ist dies nicht so einfach, doch wenn wir von Herzen sagen: &#8220;Ich vergebe&#8221;, kann&hellip; Read more","og_url":"https:\/\/shrimataji.org\/test\/de\/agnya-de\/","og_site_name":"TEST - SMND","article_publisher":"https:\/\/www.facebook.com\/shrimataji","article_modified_time":"2024-06-11T09:16:36+00:00","og_image":[{"width":2560,"height":905,"url":"https:\/\/shrimataji.org\/test\/wp-content\/uploads\/2023\/03\/21_Banner-SY-Chakra-agnya-scaled.jpg","type":"image\/jpeg"}],"twitter_card":"summary_large_image","twitter_site":"@shrimataji","twitter_misc":{"Est. reading time":"4 minutes"},"schema":{"@context":"https:\/\/schema.org","@graph":[{"@type":"WebPage","@id":"https:\/\/shrimataji.org\/test\/de\/agnya-de\/","url":"https:\/\/shrimataji.org\/test\/de\/agnya-de\/","name":"Agnya Chakra DE - TEST - SMND","isPartOf":{"@id":"https:\/\/shrimataji.org\/test\/#website"},"primaryImageOfPage":{"@id":"https:\/\/shrimataji.org\/test\/de\/agnya-de\/#primaryimage"},"image":{"@id":"https:\/\/shrimataji.org\/test\/de\/agnya-de\/#primaryimage"},"thumbnailUrl":"https:\/\/shrimataji.org\/test\/wp-content\/uploads\/2023\/03\/21_Banner-SY-Chakra-agnya-scaled.jpg","datePublished":"2022-03-05T07:57:08+00:00","dateModified":"2024-06-11T09:16:36+00:00","breadcrumb":{"@id":"https:\/\/shrimataji.org\/test\/de\/agnya-de\/#breadcrumb"},"inLanguage":"en-US","potentialAction":[{"@type":"ReadAction","target":["https:\/\/shrimataji.org\/test\/de\/agnya-de\/"]}]},{"@type":"ImageObject","inLanguage":"en-US","@id":"https:\/\/shrimataji.org\/test\/de\/agnya-de\/#primaryimage","url":"https:\/\/shrimataji.org\/test\/wp-content\/uploads\/2023\/03\/21_Banner-SY-Chakra-agnya-scaled.jpg","contentUrl":"https:\/\/shrimataji.org\/test\/wp-content\/uploads\/2023\/03\/21_Banner-SY-Chakra-agnya-scaled.jpg","width":2560,"height":905},{"@type":"BreadcrumbList","@id":"https:\/\/shrimataji.org\/test\/de\/agnya-de\/#breadcrumb","itemListElement":[{"@type":"ListItem","position":1,"name":"Home","item":"https:\/\/shrimataji.org\/test\/uk\/home-en\/"},{"@type":"ListItem","position":2,"name":"Agnya Chakra DE"}]},{"@type":"WebSite","@id":"https:\/\/shrimataji.org\/test\/#website","url":"https:\/\/shrimataji.org\/test\/","name":"Shri Mataji Nirmala Devi","description":"A Life Dedicated to Humanity","publisher":{"@id":"https:\/\/shrimataji.org\/test\/#\/schema\/person\/a1b3419c6585f164aa96da1ff85715d1"},"potentialAction":[{"@type":"SearchAction","target":{"@type":"EntryPoint","urlTemplate":"https:\/\/shrimataji.org\/test\/?s={search_term_string}"},"query-input":{"@type":"PropertyValueSpecification","valueRequired":true,"valueName":"search_term_string"}}],"inLanguage":"en-US"},{"@type":["Person","Organization"],"@id":"https:\/\/shrimataji.org\/test\/#\/schema\/person\/a1b3419c6585f164aa96da1ff85715d1","name":"Nirmala Shrivastava","image":{"@type":"ImageObject","inLanguage":"en-US","@id":"https:\/\/shrimataji.org\/test\/wp-content\/uploads\/2023\/02\/SMO_LOGO-03.svg","url":"https:\/\/shrimataji.org\/test\/wp-content\/uploads\/2023\/02\/SMO_LOGO-03.svg","contentUrl":"https:\/\/shrimataji.org\/test\/wp-content\/uploads\/2023\/02\/SMO_LOGO-03.svg","width":"1024","height":"1024","caption":"Nirmala Shrivastava"},"logo":{"@id":"https:\/\/shrimataji.org\/test\/wp-content\/uploads\/2023\/02\/SMO_LOGO-03.svg"},"sameAs":["https:\/\/shrimataji.org\/test","https:\/\/www.facebook.com\/shrimataji","https:\/\/x.com\/shrimataji","https:\/\/www.youtube.com\/@Shri_Mataji_Nirmala_Devi\/featured"]}]}},"lang":"de","translations":{"de":10621,"ur":37387,"en":6497,"am":17958,"th":19882,"hu":19433,"sq":18359,"zh":17256,"hi":7347,"tr":10131,"pt":10348,"fr":10719,"it":10817,"es":10915,"ja":11212,"ru":11400,"bn":11592,"te":11700,"sw":11823,"he":11971,"el":12262,"sk":12360,"fa":12458,"fi":12556,"bg":13366,"ro":14440,"cs":14633,"nl":16519,"ku":16679,"ar":16855,"be":18566,"kn":18840,"mr":20246,"uk":20538,"ml":20837,"ta":22674,"sv":22947,"gu":28795,"pa":28953,"fil":29393,"da":37701,"pl":37918,"nn":38253},"pll_sync_post":[],"_links":{"self":[{"href":"https:\/\/shrimataji.org\/test\/wp-json\/wp\/v2\/pages\/10621","targetHints":{"allow":["GET"]}}],"collection":[{"href":"https:\/\/shrimataji.org\/test\/wp-json\/wp\/v2\/pages"}],"about":[{"href":"https:\/\/shrimataji.org\/test\/wp-json\/wp\/v2\/types\/page"}],"author":[{"embeddable":true,"href":"https:\/\/shrimataji.org\/test\/wp-json\/wp\/v2\/users\/10"}],"replies":[{"embeddable":true,"href":"https:\/\/shrimataji.org\/test\/wp-json\/wp\/v2\/comments?post=10621"}],"version-history":[{"count":0,"href":"https:\/\/shrimataji.org\/test\/wp-json\/wp\/v2\/pages\/10621\/revisions"}],"wp:featuredmedia":[{"embeddable":true,"href":"https:\/\/shrimataji.org\/test\/wp-json\/wp\/v2\/media\/9256"}],"wp:attachment":[{"href":"https:\/\/shrimataji.org\/test\/wp-json\/wp\/v2\/media?parent=10621"}],"curies":[{"name":"wp","href":"https:\/\/api.w.org\/{rel}","templated":true}]}}