{"id":10623,"date":"2022-01-29T09:56:43","date_gmt":"2022-01-29T09:56:43","guid":{"rendered":"https:\/\/test.shrimataji.org\/?page_id=6391"},"modified":"2024-04-27T01:15:13","modified_gmt":"2024-04-27T01:15:13","slug":"aufstieg","status":"publish","type":"page","link":"https:\/\/shrimataji.org\/test\/de\/aufstieg\/","title":{"rendered":"Aufstieg"},"content":{"rendered":"\n\n\t<h1>Aufstieg<\/h1>\n<h2>Die Illusionen des Lebens transzendieren<\/h2>\n<div class=\"su-quote su-quote-style-default\"><div class=\"su-quote-inner su-u-clearfix su-u-trim\"> Jetzt ist es Zeit, aufzusteigen. &#8230; Ihr sp\u00fcrt die k\u00fchle Brise \u00fcber eurem Scheitel und sogar auf euren H\u00e4nden. <\/div><\/div>\n<h4>Das wichtigste Ziel der Selbst-Verwirklichung besteht darin, ein vollkommenes Gleichgewicht zu erreichen, aus dem heraus wir stetig zu h\u00f6heren Bewusstseinsebenen aufsteigen k\u00f6nnen. Sahaja Yoga hilft, gro\u00dfe H\u00f6hen in unserer spirituellen Wahrnehmung und damit verbundene Vorteile zu erreichen, die sich in unserem t\u00e4glichen Leben, der Familie, der Arbeit und der Gesellschaft widerspiegeln. Es ist ein wichtiger Meilenstein auf dem Weg zu einem nachhaltigen Leben &#8211; f\u00fcr uns und unseren Planeten Erde.<\/h4>\n<p>Die gr\u00f6\u00dfte Herausforderung unseres spirituellen Aufstiegs liegt in der \u00dcberwindung der Vorstellung von der Verg\u00e4nglichkeit des Lebens. Oft wird das Leben als illusorisch bezeichnet, auch wenn wir es als t\u00e4gliche Realit\u00e4t wahrnehmen. Alte Schriften beschreiben viele Erfahrungen dieses Lebens als Quelle unseres Ungl\u00fccks, da unser Bewusstsein in der Dualit\u00e4t von Begeisterung und Depression, Vergn\u00fcgen und Schmerz, Gewinn und Verlust hin und her geworfen wird. Sie raten, einen Weg der Askese und Meditation zu beschreiten, um den Frieden und Trost eines h\u00f6heren spirituellen Bewusstsein zu erfahren. Dies erkl\u00e4rt, warum viele Wahrheitssuchende der Welt entsagen und ihrem Chaos entkommen wollen, indem sie abgeschiedene Orte wie die Himalayas aufsuchen. Sie glauben, dort das Nirwana oder spirituelle Befreiung zu erlangen. Auch wenn eine Handvoll eifriger Sucher unter der F\u00fchrung eines selbst-verwirklichten Gurus tats\u00e4chlich auf diese Weise Erleuchtung finden kann, kehren viele selbst nach Jahren eines harten, asketischen Lebens und einer rigorosen Yoga-Meditationspraxis entt\u00e4uscht und mit leeren H\u00e4nden zur\u00fcck.<\/p>\n<p>Sahaja Yoga erfordert keine strenge, asketische Lebensweise und keinen R\u00fcckzug aus der Gesellschaft. Seine Praxis eignet sich gut f\u00fcr ganz gew\u00f6hnliche Menschen, die inmitten der Gesellschaft leben. Gerade die t\u00e4glichen Herausforderungen bieten eine gute M\u00f6glilchkeit herauszufinden, wie es um unseren spirituellen Aufstieg, den wir durch Sahaja Yoga erreicht haben, tats\u00e4chlich steht.<\/p>\n<p>Wir festigen auf diesem Weg unsere Selbst-Verwirklichung und erkennen mehr und mehr unsere wahre Natur als reiner universeller Geist. Mit diesem Bewusstsein und den durch Sahaja Yoga verf\u00fcgbaren Werkzeugen sind wir in der Lage, die Turbulenzen des Lebens zu meistern, ohne uns zu stark mit Problemen und Hindernissen zu identifizieren. Wir erkennen vieles von dem, was wir f\u00fcr unser &#8220;Leben&#8221; halten, als das Resultat selbst auferlegter Denkweisen und Erwartungen und daher als verg\u00e4nglich.<\/p>\n<div class=\"epyt-video-wrapper\"><div  data-ep-a=\"fadeIn\"  style=\"display: block; margin: 0px auto;\"  id=\"_ytid_40063\"  width=\"3840\" height=\"2160\"  data-origwidth=\"3840\" data-origheight=\"2160\" data-facadesrc=\"https:\/\/www.youtube.com\/embed\/L9AKl8ypUcE?enablejsapi=1&autoplay=0&cc_load_policy=0&cc_lang_pref=&iv_load_policy=1&loop=0&rel=0&fs=1&playsinline=1&autohide=2&theme=dark&color=red&controls=1&disablekb=0&\" class=\"__youtube_prefs__ epyt-facade  no-lazyload\" data-epautoplay=\"1\" ><img decoding=\"async\" data-spai-excluded=\"true\" class=\"epyt-facade-poster skip-lazy\" loading=\"lazy\"  alt=\"YouTube player\"  src=\"https:\/\/i.ytimg.com\/vi\/L9AKl8ypUcE\/maxresdefault.jpg\"  \/><button class=\"epyt-facade-play\" aria-label=\"Play\"><svg data-no-lazy=\"1\" height=\"100%\" version=\"1.1\" viewBox=\"0 0 68 48\" width=\"100%\"><path class=\"ytp-large-play-button-bg\" d=\"M66.52,7.74c-0.78-2.93-2.49-5.41-5.42-6.19C55.79,.13,34,0,34,0S12.21,.13,6.9,1.55 C3.97,2.33,2.27,4.81,1.48,7.74C0.06,13.05,0,24,0,24s0.06,10.95,1.48,16.26c0.78,2.93,2.49,5.41,5.42,6.19 C12.21,47.87,34,48,34,48s21.79-0.13,27.1-1.55c2.93-0.78,4.64-3.26,5.42-6.19C67.94,34.95,68,24,68,24S67.94,13.05,66.52,7.74z\" fill=\"#f00\"><\/path><path d=\"M 45,24 27,14 27,34\" fill=\"#fff\"><\/path><\/svg><\/button><\/div><\/div><span itemprop=\"video\" itemscope itemtype=\"http:\/\/schema.org\/VideoObject\"><meta itemprop=\"embedUrl\" content=\"https:\/\/www.youtube.com\/embed\/L9AKl8ypUcE\"><meta itemprop=\"name\" content=\"Ascent\"><meta itemprop=\"description\" content=\"YouTube video\"><meta itemprop=\"thumbnailUrl\" content=\"https:\/\/i.ytimg.com\/vi\/L9AKl8ypUcE\/0.jpg\"><meta itemprop=\"duration\" content=\"PT49S\"><meta itemprop=\"uploadDate\" content=\"2022-11-12T03:28:05Z\"><\/span>\n<div class=\"su-quote su-quote-style-default\"><div class=\"su-quote-inner su-u-clearfix su-u-trim\"> Der Aufstieg ist das Ziel eures Lebens, und ihn zu vollenden ist eure Aufgabe. <\/div><\/div>\n<p>Alle Sch\u00e4tze des wahren Wissens \u00fcber Sahaja Yoga k\u00f6nnen in den Tausenden von Vortr\u00e4gen gefunden werden, die Ihre Heiligkeit Shri Mataji Nirmala Devi hielt. Jeder dieser Vortr\u00e4ge hilft, die wunderbaren Dimensionen unserer spirituellen Existenz zu entdecken, um in diesem Bewusstsein zu wachsen. In den Rubriken &#8220;\u00d6ffentliche Programme&#8221; und &#8220;Bibliothek&#8221; k\u00f6nnen Sie auf dieser Webseite sehr viel Material finden, das Ihnen\u00a0 Inspiration und Anleitung sein kann.<\/p>\n<p>Hier teilen wir hier einen sehr sch\u00f6nen Vortrag \u00fcber den spirituellen Aufstieg, der uns hilft, unsere Meditationen\u00a0 zu vertiefen.,<\/p>\n\n","protected":false},"excerpt":{"rendered":"<p>Aufstieg Die Illusionen des Lebens transzendieren Das wichtigste Ziel der Selbst-Verwirklichung besteht darin, ein vollkommenes Gleichgewicht zu erreichen, aus dem heraus wir stetig zu h\u00f6heren Bewusstseinsebenen aufsteigen k\u00f6nnen. Sahaja Yoga hilft, gro\u00dfe H\u00f6hen in unserer spirituellen Wahrnehmung und damit verbundene Vorteile zu erreichen, die sich in unserem t\u00e4glichen Leben, der Familie, der Arbeit und der&hellip; <br \/> <a class=\"read-more\" href=\"https:\/\/shrimataji.org\/test\/de\/aufstieg\/\">Read more<\/a><\/p>\n","protected":false},"author":10,"featured_media":9262,"parent":0,"menu_order":0,"comment_status":"closed","ping_status":"closed","template":"","meta":{"inline_featured_image":false,"footnotes":""},"class_list":["post-10623","page","type-page","status-publish","has-post-thumbnail","hentry"],"yoast_head":"<!-- This site is optimized with the Yoast SEO plugin v27.4 - https:\/\/yoast.com\/product\/yoast-seo-wordpress\/ -->\n<title>Aufstieg - TEST - SMND<\/title>\n<meta name=\"robots\" content=\"noindex, follow, max-snippet:-1, max-image-preview:large, max-video-preview:-1\" \/>\n<meta property=\"og:locale\" content=\"en_US\" \/>\n<meta property=\"og:type\" content=\"article\" \/>\n<meta property=\"og:title\" content=\"Aufstieg - TEST - SMND\" \/>\n<meta property=\"og:description\" content=\"Aufstieg Die Illusionen des Lebens transzendieren Das wichtigste Ziel der Selbst-Verwirklichung besteht darin, ein vollkommenes Gleichgewicht zu erreichen, aus dem heraus wir stetig zu h\u00f6heren Bewusstseinsebenen aufsteigen k\u00f6nnen. Sahaja Yoga hilft, gro\u00dfe H\u00f6hen in unserer spirituellen Wahrnehmung und damit verbundene Vorteile zu erreichen, die sich in unserem t\u00e4glichen Leben, der Familie, der Arbeit und der&hellip; Read more\" \/>\n<meta property=\"og:url\" content=\"https:\/\/shrimataji.org\/test\/de\/aufstieg\/\" \/>\n<meta property=\"og:site_name\" content=\"TEST - SMND\" \/>\n<meta property=\"article:publisher\" content=\"https:\/\/www.facebook.com\/shrimataji\" \/>\n<meta property=\"article:modified_time\" content=\"2024-04-27T01:15:13+00:00\" \/>\n<meta property=\"og:image\" content=\"https:\/\/shrimataji.org\/test\/wp-content\/uploads\/2023\/03\/27_Banner-SY-Ascent-scaled.jpg\" \/>\n\t<meta property=\"og:image:width\" content=\"2560\" \/>\n\t<meta property=\"og:image:height\" content=\"905\" \/>\n\t<meta property=\"og:image:type\" content=\"image\/jpeg\" \/>\n<meta name=\"twitter:card\" content=\"summary_large_image\" \/>\n<meta name=\"twitter:site\" content=\"@shrimataji\" \/>\n<meta name=\"twitter:label1\" content=\"Est. reading time\" \/>\n\t<meta name=\"twitter:data1\" content=\"3 minutes\" \/>\n<script type=\"application\/ld+json\" class=\"yoast-schema-graph\">{\"@context\":\"https:\\\/\\\/schema.org\",\"@graph\":[{\"@type\":\"WebPage\",\"@id\":\"https:\\\/\\\/shrimataji.org\\\/test\\\/de\\\/aufstieg\\\/\",\"url\":\"https:\\\/\\\/shrimataji.org\\\/test\\\/de\\\/aufstieg\\\/\",\"name\":\"Aufstieg - TEST - SMND\",\"isPartOf\":{\"@id\":\"https:\\\/\\\/shrimataji.org\\\/test\\\/#website\"},\"primaryImageOfPage\":{\"@id\":\"https:\\\/\\\/shrimataji.org\\\/test\\\/de\\\/aufstieg\\\/#primaryimage\"},\"image\":{\"@id\":\"https:\\\/\\\/shrimataji.org\\\/test\\\/de\\\/aufstieg\\\/#primaryimage\"},\"thumbnailUrl\":\"https:\\\/\\\/shrimataji.org\\\/test\\\/wp-content\\\/uploads\\\/2023\\\/03\\\/27_Banner-SY-Ascent-scaled.jpg\",\"datePublished\":\"2022-01-29T09:56:43+00:00\",\"dateModified\":\"2024-04-27T01:15:13+00:00\",\"breadcrumb\":{\"@id\":\"https:\\\/\\\/shrimataji.org\\\/test\\\/de\\\/aufstieg\\\/#breadcrumb\"},\"inLanguage\":\"en-US\",\"potentialAction\":[{\"@type\":\"ReadAction\",\"target\":[\"https:\\\/\\\/shrimataji.org\\\/test\\\/de\\\/aufstieg\\\/\"]}]},{\"@type\":\"ImageObject\",\"inLanguage\":\"en-US\",\"@id\":\"https:\\\/\\\/shrimataji.org\\\/test\\\/de\\\/aufstieg\\\/#primaryimage\",\"url\":\"https:\\\/\\\/shrimataji.org\\\/test\\\/wp-content\\\/uploads\\\/2023\\\/03\\\/27_Banner-SY-Ascent-scaled.jpg\",\"contentUrl\":\"https:\\\/\\\/shrimataji.org\\\/test\\\/wp-content\\\/uploads\\\/2023\\\/03\\\/27_Banner-SY-Ascent-scaled.jpg\",\"width\":2560,\"height\":905},{\"@type\":\"BreadcrumbList\",\"@id\":\"https:\\\/\\\/shrimataji.org\\\/test\\\/de\\\/aufstieg\\\/#breadcrumb\",\"itemListElement\":[{\"@type\":\"ListItem\",\"position\":1,\"name\":\"Home\",\"item\":\"https:\\\/\\\/shrimataji.org\\\/test\\\/uk\\\/home-en\\\/\"},{\"@type\":\"ListItem\",\"position\":2,\"name\":\"Aufstieg\"}]},{\"@type\":\"WebSite\",\"@id\":\"https:\\\/\\\/shrimataji.org\\\/test\\\/#website\",\"url\":\"https:\\\/\\\/shrimataji.org\\\/test\\\/\",\"name\":\"Shri Mataji Nirmala Devi\",\"description\":\"A Life Dedicated to Humanity\",\"publisher\":{\"@id\":\"https:\\\/\\\/shrimataji.org\\\/test\\\/#\\\/schema\\\/person\\\/a1b3419c6585f164aa96da1ff85715d1\"},\"potentialAction\":[{\"@type\":\"SearchAction\",\"target\":{\"@type\":\"EntryPoint\",\"urlTemplate\":\"https:\\\/\\\/shrimataji.org\\\/test\\\/?s={search_term_string}\"},\"query-input\":{\"@type\":\"PropertyValueSpecification\",\"valueRequired\":true,\"valueName\":\"search_term_string\"}}],\"inLanguage\":\"en-US\"},{\"@type\":[\"Person\",\"Organization\"],\"@id\":\"https:\\\/\\\/shrimataji.org\\\/test\\\/#\\\/schema\\\/person\\\/a1b3419c6585f164aa96da1ff85715d1\",\"name\":\"Nirmala Shrivastava\",\"image\":{\"@type\":\"ImageObject\",\"inLanguage\":\"en-US\",\"@id\":\"https:\\\/\\\/shrimataji.org\\\/test\\\/wp-content\\\/uploads\\\/2023\\\/02\\\/SMO_LOGO-03.svg\",\"url\":\"https:\\\/\\\/shrimataji.org\\\/test\\\/wp-content\\\/uploads\\\/2023\\\/02\\\/SMO_LOGO-03.svg\",\"contentUrl\":\"https:\\\/\\\/shrimataji.org\\\/test\\\/wp-content\\\/uploads\\\/2023\\\/02\\\/SMO_LOGO-03.svg\",\"width\":\"1024\",\"height\":\"1024\",\"caption\":\"Nirmala Shrivastava\"},\"logo\":{\"@id\":\"https:\\\/\\\/shrimataji.org\\\/test\\\/wp-content\\\/uploads\\\/2023\\\/02\\\/SMO_LOGO-03.svg\"},\"sameAs\":[\"https:\\\/\\\/shrimataji.org\\\/test\",\"https:\\\/\\\/www.facebook.com\\\/shrimataji\",\"https:\\\/\\\/x.com\\\/shrimataji\",\"https:\\\/\\\/www.youtube.com\\\/@Shri_Mataji_Nirmala_Devi\\\/featured\"]}]}<\/script>\n<!-- \/ Yoast SEO plugin. -->","yoast_head_json":{"title":"Aufstieg - TEST - SMND","robots":{"index":"noindex","follow":"follow","max-snippet":"max-snippet:-1","max-image-preview":"max-image-preview:large","max-video-preview":"max-video-preview:-1"},"og_locale":"en_US","og_type":"article","og_title":"Aufstieg - TEST - SMND","og_description":"Aufstieg Die Illusionen des Lebens transzendieren Das wichtigste Ziel der Selbst-Verwirklichung besteht darin, ein vollkommenes Gleichgewicht zu erreichen, aus dem heraus wir stetig zu h\u00f6heren Bewusstseinsebenen aufsteigen k\u00f6nnen. Sahaja Yoga hilft, gro\u00dfe H\u00f6hen in unserer spirituellen Wahrnehmung und damit verbundene Vorteile zu erreichen, die sich in unserem t\u00e4glichen Leben, der Familie, der Arbeit und der&hellip; Read more","og_url":"https:\/\/shrimataji.org\/test\/de\/aufstieg\/","og_site_name":"TEST - SMND","article_publisher":"https:\/\/www.facebook.com\/shrimataji","article_modified_time":"2024-04-27T01:15:13+00:00","og_image":[{"width":2560,"height":905,"url":"https:\/\/shrimataji.org\/test\/wp-content\/uploads\/2023\/03\/27_Banner-SY-Ascent-scaled.jpg","type":"image\/jpeg"}],"twitter_card":"summary_large_image","twitter_site":"@shrimataji","twitter_misc":{"Est. reading time":"3 minutes"},"schema":{"@context":"https:\/\/schema.org","@graph":[{"@type":"WebPage","@id":"https:\/\/shrimataji.org\/test\/de\/aufstieg\/","url":"https:\/\/shrimataji.org\/test\/de\/aufstieg\/","name":"Aufstieg - TEST - SMND","isPartOf":{"@id":"https:\/\/shrimataji.org\/test\/#website"},"primaryImageOfPage":{"@id":"https:\/\/shrimataji.org\/test\/de\/aufstieg\/#primaryimage"},"image":{"@id":"https:\/\/shrimataji.org\/test\/de\/aufstieg\/#primaryimage"},"thumbnailUrl":"https:\/\/shrimataji.org\/test\/wp-content\/uploads\/2023\/03\/27_Banner-SY-Ascent-scaled.jpg","datePublished":"2022-01-29T09:56:43+00:00","dateModified":"2024-04-27T01:15:13+00:00","breadcrumb":{"@id":"https:\/\/shrimataji.org\/test\/de\/aufstieg\/#breadcrumb"},"inLanguage":"en-US","potentialAction":[{"@type":"ReadAction","target":["https:\/\/shrimataji.org\/test\/de\/aufstieg\/"]}]},{"@type":"ImageObject","inLanguage":"en-US","@id":"https:\/\/shrimataji.org\/test\/de\/aufstieg\/#primaryimage","url":"https:\/\/shrimataji.org\/test\/wp-content\/uploads\/2023\/03\/27_Banner-SY-Ascent-scaled.jpg","contentUrl":"https:\/\/shrimataji.org\/test\/wp-content\/uploads\/2023\/03\/27_Banner-SY-Ascent-scaled.jpg","width":2560,"height":905},{"@type":"BreadcrumbList","@id":"https:\/\/shrimataji.org\/test\/de\/aufstieg\/#breadcrumb","itemListElement":[{"@type":"ListItem","position":1,"name":"Home","item":"https:\/\/shrimataji.org\/test\/uk\/home-en\/"},{"@type":"ListItem","position":2,"name":"Aufstieg"}]},{"@type":"WebSite","@id":"https:\/\/shrimataji.org\/test\/#website","url":"https:\/\/shrimataji.org\/test\/","name":"Shri Mataji Nirmala Devi","description":"A Life Dedicated to Humanity","publisher":{"@id":"https:\/\/shrimataji.org\/test\/#\/schema\/person\/a1b3419c6585f164aa96da1ff85715d1"},"potentialAction":[{"@type":"SearchAction","target":{"@type":"EntryPoint","urlTemplate":"https:\/\/shrimataji.org\/test\/?s={search_term_string}"},"query-input":{"@type":"PropertyValueSpecification","valueRequired":true,"valueName":"search_term_string"}}],"inLanguage":"en-US"},{"@type":["Person","Organization"],"@id":"https:\/\/shrimataji.org\/test\/#\/schema\/person\/a1b3419c6585f164aa96da1ff85715d1","name":"Nirmala Shrivastava","image":{"@type":"ImageObject","inLanguage":"en-US","@id":"https:\/\/shrimataji.org\/test\/wp-content\/uploads\/2023\/02\/SMO_LOGO-03.svg","url":"https:\/\/shrimataji.org\/test\/wp-content\/uploads\/2023\/02\/SMO_LOGO-03.svg","contentUrl":"https:\/\/shrimataji.org\/test\/wp-content\/uploads\/2023\/02\/SMO_LOGO-03.svg","width":"1024","height":"1024","caption":"Nirmala Shrivastava"},"logo":{"@id":"https:\/\/shrimataji.org\/test\/wp-content\/uploads\/2023\/02\/SMO_LOGO-03.svg"},"sameAs":["https:\/\/shrimataji.org\/test","https:\/\/www.facebook.com\/shrimataji","https:\/\/x.com\/shrimataji","https:\/\/www.youtube.com\/@Shri_Mataji_Nirmala_Devi\/featured"]}]}},"lang":"de","translations":{"de":10623,"ur":37391,"en":6391,"am":17962,"th":19888,"hu":19437,"sq":18363,"zh":17260,"hi":7355,"tr":10133,"pt":10350,"fr":10721,"it":10819,"es":10917,"ja":11214,"ru":11402,"bn":11594,"te":11702,"sw":11825,"he":11973,"el":12264,"sk":12362,"fa":12460,"fi":12558,"bg":13397,"ro":14471,"cs":14664,"nl":16523,"ku":16683,"ar":16859,"be":18570,"kn":18844,"mr":20252,"uk":20544,"ml":20843,"ta":22678,"sv":22951,"gu":28799,"pa":28957,"fil":29397,"da":37705,"pl":37922,"nn":38257},"pll_sync_post":[],"_links":{"self":[{"href":"https:\/\/shrimataji.org\/test\/wp-json\/wp\/v2\/pages\/10623","targetHints":{"allow":["GET"]}}],"collection":[{"href":"https:\/\/shrimataji.org\/test\/wp-json\/wp\/v2\/pages"}],"about":[{"href":"https:\/\/shrimataji.org\/test\/wp-json\/wp\/v2\/types\/page"}],"author":[{"embeddable":true,"href":"https:\/\/shrimataji.org\/test\/wp-json\/wp\/v2\/users\/10"}],"replies":[{"embeddable":true,"href":"https:\/\/shrimataji.org\/test\/wp-json\/wp\/v2\/comments?post=10623"}],"version-history":[{"count":0,"href":"https:\/\/shrimataji.org\/test\/wp-json\/wp\/v2\/pages\/10623\/revisions"}],"wp:featuredmedia":[{"embeddable":true,"href":"https:\/\/shrimataji.org\/test\/wp-json\/wp\/v2\/media\/9262"}],"wp:attachment":[{"href":"https:\/\/shrimataji.org\/test\/wp-json\/wp\/v2\/media?parent=10623"}],"curies":[{"name":"wp","href":"https:\/\/api.w.org\/{rel}","templated":true}]}}