{"id":10626,"date":"2018-07-10T06:54:50","date_gmt":"2018-07-10T06:54:50","guid":{"rendered":"http:\/\/testwordpress.nirmalnagari.org\/smnd\/index.php\/awards\/"},"modified":"2024-04-27T01:15:13","modified_gmt":"2024-04-27T01:15:13","slug":"auszeichnungen","status":"publish","type":"page","link":"https:\/\/shrimataji.org\/test\/de\/auszeichnungen\/","title":{"rendered":"Auszeichnungen"},"content":{"rendered":"\n\n\t<h1>Auszeichnungen<\/h1>\n<h2>Internationale Anerkennungen<\/h2>\n\t<h4>Shri Matajis humanit\u00e4re und spirituelle Arbeit wird nicht nur von zahllosen Menschen in mehr als 100 L\u00e4ndern bewundert, die pers\u00f6nlich von ihren Lehren profitiert haben. Auch von Regierungen, W\u00fcrdentr\u00e4gern, Bildungseinrichtungen und humanit\u00e4ren Organisationen wird sie f\u00fcr ihr Lebenswerk ausgezeichnet.<\/h4>\n<p>In Anerkennung der wissenschaftlichen und \u00fcberpr\u00fcfbaren Natur ihrer Lehren verlieh die Petrowskaja-Akademie der K\u00fcnste und Wissenschaften in St. Petersburg Shri Mataji die Ehrenmitgliedschaft mit den Worten: &#8220;Sie stehen sogar \u00fcber der Wissenschaft.&#8221;<\/p>\n<p>Claes Nobel etwa dankte ihr daf\u00fcr, dass sie der Menschheit Hoffnung gibt. Sie nahm alle Auszeichnungen mit gr\u00f6\u00dfter Bescheidenheit an und betonte, dass das Erreichte doch eher eine kollektive als eine individuelle Leistung sei.<\/p>\n<p>Trotz ihrer unerm\u00fcdlichen Reiset\u00e4tigkeit bezeichnete Shri Mataji ihren anspruchsvollen Zeitplan nie als Belastung. Sie verglich ihre Arbeit immer wieder mit der einer Mutter, die sich aus Liebe um das Wohl ihrer Kinder k\u00fcmmert.<\/p>\n\t\n\t\t\t\t<img loading=\"lazy\" decoding=\"async\" src=\"https:\/\/shrimataji.org\/test\/wp-content\/uploads\/2018\/07\/media_originals\/images\/shri-mataji-with-people\/shri-mataji-at-the-womens-conference-in-beijing-13.09.1995.jpg\" alt=\"4. Weltfrauenkonferenz der Vereinten Nationen\n(Beijing, China, 1995) \" height=\"888\" width=\"1362\" title=\"shri-mataji-at-the-womens-conference-in-beijing-13\" \/>\n\t\t4. Weltfrauenkonferenz der Vereinten Nationen\n(Beijing, China, 1995) \n\t<p><strong>Eine Auswahl von Auszeichnungen und Anerkennungen<\/strong><\/p>\n<p>Weltweit wurde Shri Mataji von mehreren angesehenen Institutionen f\u00fcr ihre selbstlose Arbeit und die bemerkenswerten Ergebnisse ihrer spirituellen Lehren im Zusammenhang mit Sahaja Yoga anerkannt. Einige davon werden im Folgenden aufgef\u00fchrt:<\/p>\n<strong>Italien, 1986<\/strong><br \/>\nErkl\u00e4rung zur &#8220;Pers\u00f6nlichkeit des Jahres&#8221; durch die italienische Regierung.\n<strong>Moskau, Russland, 1989<\/strong><br \/>\nGew\u00e4hrung der vollen staatlichen Unterst\u00fctzung und der Finanzierung wissenschaftlicher Forschung f\u00fcr Sahaja Yoga nach Shri Matajis Treffen mit dem Gesundheitsminister der UdSSR.\n<strong>New York, 1990-1994<\/strong><br \/>\nEinladung der Vereinten Nationen f\u00fcr vier Folgejahre, um \u00fcber Mittel und Wege zum Weltfrieden zu sprechen.\n<strong>St. Petersburg, Russland, 1993<\/strong><br \/>\nErnennung zum Ehrenmitglied der Petrowskaja-Akademie f\u00fcr Kunst und Wissenschaft. In der Geschichte der Akademie wurde nur zw\u00f6lf Menschen, darunter Albert Einstein, diese Ehre zuteil. Shri Mataji er\u00f6ffnete die erste Internationale Konferenz \u00fcber Medizin und Selbsterkenntnis, die zu einer j\u00e4hrlichen Veranstaltung der Akademie wurde.\n<strong>Brasilia, Brasilien, 1994<\/strong><br \/>\nDer B\u00fcrgermeister von Brasilia empfing Shri Mataji am Flughafen, \u00fcberreichte ihr den Schl\u00fcssel der Stadt und sponserte alle ihre Programme.\n<strong>New York, USA, 1994<\/strong><br \/>\nDer 26. September wurde zum &#8220;Shri-Mataji-Nirmala-Devi-Tag&#8221; erkl\u00e4rt. Zu Ehren von Shri Mataji und anl\u00e4sslich der Feier ihrer Verbindung zu Mahatma Gandhi wurde eine Begr\u00fc\u00dfungsparade mit Polizeieskorte veranstaltet.\n<strong>Britisch-Kolumbien, Kanada, 1994<\/strong><br \/>\nBegr\u00fc\u00dfungsschreiben des Premierministers der Provinz Britisch-Kolumbien, Mike Harcourt, im Namen des kanadischen Volkes.\n<strong>Rum\u00e4nien, 1995<\/strong><br \/>\nVerleihung der Ehrendoktorw\u00fcrde f\u00fcr Geisteswissenschaften durch Prof. D. Drimer, Leiter der \u00d6kologischen Universit\u00e4t, Bukarest.\n<strong>Beijing, China, 1995<\/strong><br \/>\n<a href=\"https:\/\/shrimataji.org\/test\/de\/weltfrauenkonferenz\/\">Offizieller Gast der chinesischen Regierung als Rednerin der Internationalen Frauenkonferenz der Vereinten Nationen.<\/a>\n<strong>Pune, Indien, 1996<\/strong><br \/>\nAnl\u00e4sslich der 700-Jahr-Feier zu Ehren des Heiligen Dnyaneshwar sprach Shri Mataji auf der &#8220;World Philosopher&#8217;s Meet &#8217;96 &#8211; A Parliament of Science, Religion and Philosophy&#8221; und wurde f\u00fcr Sahaja Yoga als spirituelle Bewegung ausgezeichnet.\n<strong>London, UK, 1997<\/strong><br \/>\nClaes Nobel, Gro\u00dfneffe von Alfred Nobel und Vorsitzender von &#8220;<a href=\"https:\/\/unitedearth.us\/\">United Earth<\/a>&#8221; und &#8220;<a href=\"https:\/\/www.nshss.org\/\">The National Society of High School Scholars&#8221;<\/a>, w\u00fcrdigte das Leben und Werk von Shri Mataji in einer \u00f6ffentlichen Rede in der Royal Albert Hall.\n<strong>USA, 105. Kongress, 1997 und 106. Kongress, 2000<\/strong><br \/>\nVerlesung des Ehrenpreises im Kongressprotokoll durch den Abgeordneten Eliot Engle. Er lobte Shri Mataji f\u00fcr ihre engagierte und unerm\u00fcdliche Arbeit f\u00fcr die Menschheit.\n<strong>Cabella Ligure, Italien, 2006<\/strong><br \/>\nVerleihung der italienischen Ehrenb\u00fcrgerschaft und Enth\u00fcllung des Grundsteins der &#8220;<a href=\"https:\/\/shrimatajifoundation.org\/\">Shri Mataji Nirmala Devi World Foundation of Sahaja Yoga<\/a>&#8220;. Diese Stiftung hat ihren Sitz in Cabella Ligure.\n\t\t\t\t<img loading=\"lazy\" decoding=\"async\" src=\"https:\/\/shrimataji.org\/test\/wp-content\/uploads\/2018\/07\/media_originals\/images\/geographic-locations\/lwp-3459.jpg\" alt=\"Cabella Ligure mit Pallazo Doria\n(Italien)\" height=\"427\" width=\"640\" title=\"lwp-3459\" \/>\n\t\tCabella Ligure mit Pallazo Doria\n(Italien)\n\t<div class=\"su-quote su-quote-style-default\"><div class=\"su-quote-inner su-u-clearfix su-u-trim\">Die Haltung und Einstellung einer Mutter sind etwas ganz Anderes. Geduld, Liebe und Vergebung sind einer Mutter angeboren. Keine Errungenschaft, kein gro\u00dfer Name, keine Auszeichnung, nichts dergleichen &#8230; sie tut es, weil sie eine Mutter ist.<\/div><\/div>\n\n","protected":false},"excerpt":{"rendered":"<p>Auszeichnungen Internationale Anerkennungen Shri Matajis humanit\u00e4re und spirituelle Arbeit wird nicht nur von zahllosen Menschen in mehr als 100 L\u00e4ndern bewundert, die pers\u00f6nlich von ihren Lehren profitiert haben. Auch von Regierungen, W\u00fcrdentr\u00e4gern, Bildungseinrichtungen und humanit\u00e4ren Organisationen wird sie f\u00fcr ihr Lebenswerk ausgezeichnet. In Anerkennung der wissenschaftlichen und \u00fcberpr\u00fcfbaren Natur ihrer Lehren verlieh die Petrowskaja-Akademie der&hellip; <br \/> <a class=\"read-more\" href=\"https:\/\/shrimataji.org\/test\/de\/auszeichnungen\/\">Read more<\/a><\/p>\n","protected":false},"author":10,"featured_media":156,"parent":0,"menu_order":0,"comment_status":"closed","ping_status":"closed","template":"","meta":{"inline_featured_image":false,"footnotes":""},"class_list":["post-10626","page","type-page","status-publish","has-post-thumbnail","hentry"],"yoast_head":"<!-- This site is optimized with the Yoast SEO plugin v27.4 - https:\/\/yoast.com\/product\/yoast-seo-wordpress\/ -->\n<title>Auszeichnungen - TEST - SMND<\/title>\n<meta name=\"robots\" content=\"noindex, follow, max-snippet:-1, max-image-preview:large, max-video-preview:-1\" \/>\n<meta property=\"og:locale\" content=\"en_US\" \/>\n<meta property=\"og:type\" content=\"article\" \/>\n<meta property=\"og:title\" content=\"Auszeichnungen - TEST - SMND\" \/>\n<meta property=\"og:description\" content=\"Auszeichnungen Internationale Anerkennungen Shri Matajis humanit\u00e4re und spirituelle Arbeit wird nicht nur von zahllosen Menschen in mehr als 100 L\u00e4ndern bewundert, die pers\u00f6nlich von ihren Lehren profitiert haben. Auch von Regierungen, W\u00fcrdentr\u00e4gern, Bildungseinrichtungen und humanit\u00e4ren Organisationen wird sie f\u00fcr ihr Lebenswerk ausgezeichnet. In Anerkennung der wissenschaftlichen und \u00fcberpr\u00fcfbaren Natur ihrer Lehren verlieh die Petrowskaja-Akademie der&hellip; Read more\" \/>\n<meta property=\"og:url\" content=\"https:\/\/shrimataji.org\/test\/de\/auszeichnungen\/\" \/>\n<meta property=\"og:site_name\" content=\"TEST - SMND\" \/>\n<meta property=\"article:publisher\" content=\"https:\/\/www.facebook.com\/shrimataji\" \/>\n<meta property=\"article:modified_time\" content=\"2024-04-27T01:15:13+00:00\" \/>\n<meta property=\"og:image\" content=\"https:\/\/shrimataji.org\/test\/wp-content\/uploads\/2018\/07\/media_originals\/images\/headers-life-awards\/shri-mataji-recieves-recognition-in-moscow-russia.jpg\" \/>\n\t<meta property=\"og:image:width\" content=\"990\" \/>\n\t<meta property=\"og:image:height\" content=\"350\" \/>\n\t<meta property=\"og:image:type\" content=\"image\/jpeg\" \/>\n<meta name=\"twitter:card\" content=\"summary_large_image\" \/>\n<meta name=\"twitter:site\" content=\"@shrimataji\" \/>\n<meta name=\"twitter:label1\" content=\"Est. reading time\" \/>\n\t<meta name=\"twitter:data1\" content=\"4 minutes\" \/>\n<script type=\"application\/ld+json\" class=\"yoast-schema-graph\">{\"@context\":\"https:\\\/\\\/schema.org\",\"@graph\":[{\"@type\":\"WebPage\",\"@id\":\"https:\\\/\\\/shrimataji.org\\\/test\\\/de\\\/auszeichnungen\\\/\",\"url\":\"https:\\\/\\\/shrimataji.org\\\/test\\\/de\\\/auszeichnungen\\\/\",\"name\":\"Auszeichnungen - TEST - SMND\",\"isPartOf\":{\"@id\":\"https:\\\/\\\/shrimataji.org\\\/test\\\/#website\"},\"primaryImageOfPage\":{\"@id\":\"https:\\\/\\\/shrimataji.org\\\/test\\\/de\\\/auszeichnungen\\\/#primaryimage\"},\"image\":{\"@id\":\"https:\\\/\\\/shrimataji.org\\\/test\\\/de\\\/auszeichnungen\\\/#primaryimage\"},\"thumbnailUrl\":\"https:\\\/\\\/shrimataji.org\\\/test\\\/wp-content\\\/uploads\\\/2018\\\/07\\\/media_originals\\\/images\\\/headers-life-awards\\\/shri-mataji-recieves-recognition-in-moscow-russia.jpg\",\"datePublished\":\"2018-07-10T06:54:50+00:00\",\"dateModified\":\"2024-04-27T01:15:13+00:00\",\"breadcrumb\":{\"@id\":\"https:\\\/\\\/shrimataji.org\\\/test\\\/de\\\/auszeichnungen\\\/#breadcrumb\"},\"inLanguage\":\"en-US\",\"potentialAction\":[{\"@type\":\"ReadAction\",\"target\":[\"https:\\\/\\\/shrimataji.org\\\/test\\\/de\\\/auszeichnungen\\\/\"]}]},{\"@type\":\"ImageObject\",\"inLanguage\":\"en-US\",\"@id\":\"https:\\\/\\\/shrimataji.org\\\/test\\\/de\\\/auszeichnungen\\\/#primaryimage\",\"url\":\"https:\\\/\\\/shrimataji.org\\\/test\\\/wp-content\\\/uploads\\\/2018\\\/07\\\/media_originals\\\/images\\\/headers-life-awards\\\/shri-mataji-recieves-recognition-in-moscow-russia.jpg\",\"contentUrl\":\"https:\\\/\\\/shrimataji.org\\\/test\\\/wp-content\\\/uploads\\\/2018\\\/07\\\/media_originals\\\/images\\\/headers-life-awards\\\/shri-mataji-recieves-recognition-in-moscow-russia.jpg\",\"width\":990,\"height\":350},{\"@type\":\"BreadcrumbList\",\"@id\":\"https:\\\/\\\/shrimataji.org\\\/test\\\/de\\\/auszeichnungen\\\/#breadcrumb\",\"itemListElement\":[{\"@type\":\"ListItem\",\"position\":1,\"name\":\"Home\",\"item\":\"https:\\\/\\\/shrimataji.org\\\/test\\\/uk\\\/home-en\\\/\"},{\"@type\":\"ListItem\",\"position\":2,\"name\":\"Auszeichnungen\"}]},{\"@type\":\"WebSite\",\"@id\":\"https:\\\/\\\/shrimataji.org\\\/test\\\/#website\",\"url\":\"https:\\\/\\\/shrimataji.org\\\/test\\\/\",\"name\":\"Shri Mataji Nirmala Devi\",\"description\":\"A Life Dedicated to Humanity\",\"publisher\":{\"@id\":\"https:\\\/\\\/shrimataji.org\\\/test\\\/#\\\/schema\\\/person\\\/a1b3419c6585f164aa96da1ff85715d1\"},\"potentialAction\":[{\"@type\":\"SearchAction\",\"target\":{\"@type\":\"EntryPoint\",\"urlTemplate\":\"https:\\\/\\\/shrimataji.org\\\/test\\\/?s={search_term_string}\"},\"query-input\":{\"@type\":\"PropertyValueSpecification\",\"valueRequired\":true,\"valueName\":\"search_term_string\"}}],\"inLanguage\":\"en-US\"},{\"@type\":[\"Person\",\"Organization\"],\"@id\":\"https:\\\/\\\/shrimataji.org\\\/test\\\/#\\\/schema\\\/person\\\/a1b3419c6585f164aa96da1ff85715d1\",\"name\":\"Nirmala Shrivastava\",\"image\":{\"@type\":\"ImageObject\",\"inLanguage\":\"en-US\",\"@id\":\"https:\\\/\\\/shrimataji.org\\\/test\\\/wp-content\\\/uploads\\\/2023\\\/02\\\/SMO_LOGO-03.svg\",\"url\":\"https:\\\/\\\/shrimataji.org\\\/test\\\/wp-content\\\/uploads\\\/2023\\\/02\\\/SMO_LOGO-03.svg\",\"contentUrl\":\"https:\\\/\\\/shrimataji.org\\\/test\\\/wp-content\\\/uploads\\\/2023\\\/02\\\/SMO_LOGO-03.svg\",\"width\":\"1024\",\"height\":\"1024\",\"caption\":\"Nirmala Shrivastava\"},\"logo\":{\"@id\":\"https:\\\/\\\/shrimataji.org\\\/test\\\/wp-content\\\/uploads\\\/2023\\\/02\\\/SMO_LOGO-03.svg\"},\"sameAs\":[\"https:\\\/\\\/shrimataji.org\\\/test\",\"https:\\\/\\\/www.facebook.com\\\/shrimataji\",\"https:\\\/\\\/x.com\\\/shrimataji\",\"https:\\\/\\\/www.youtube.com\\\/@Shri_Mataji_Nirmala_Devi\\\/featured\"]}]}<\/script>\n<!-- \/ Yoast SEO plugin. -->","yoast_head_json":{"title":"Auszeichnungen - TEST - SMND","robots":{"index":"noindex","follow":"follow","max-snippet":"max-snippet:-1","max-image-preview":"max-image-preview:large","max-video-preview":"max-video-preview:-1"},"og_locale":"en_US","og_type":"article","og_title":"Auszeichnungen - TEST - SMND","og_description":"Auszeichnungen Internationale Anerkennungen Shri Matajis humanit\u00e4re und spirituelle Arbeit wird nicht nur von zahllosen Menschen in mehr als 100 L\u00e4ndern bewundert, die pers\u00f6nlich von ihren Lehren profitiert haben. Auch von Regierungen, W\u00fcrdentr\u00e4gern, Bildungseinrichtungen und humanit\u00e4ren Organisationen wird sie f\u00fcr ihr Lebenswerk ausgezeichnet. In Anerkennung der wissenschaftlichen und \u00fcberpr\u00fcfbaren Natur ihrer Lehren verlieh die Petrowskaja-Akademie der&hellip; Read more","og_url":"https:\/\/shrimataji.org\/test\/de\/auszeichnungen\/","og_site_name":"TEST - SMND","article_publisher":"https:\/\/www.facebook.com\/shrimataji","article_modified_time":"2024-04-27T01:15:13+00:00","og_image":[{"width":990,"height":350,"url":"https:\/\/shrimataji.org\/test\/wp-content\/uploads\/2018\/07\/media_originals\/images\/headers-life-awards\/shri-mataji-recieves-recognition-in-moscow-russia.jpg","type":"image\/jpeg"}],"twitter_card":"summary_large_image","twitter_site":"@shrimataji","twitter_misc":{"Est. reading time":"4 minutes"},"schema":{"@context":"https:\/\/schema.org","@graph":[{"@type":"WebPage","@id":"https:\/\/shrimataji.org\/test\/de\/auszeichnungen\/","url":"https:\/\/shrimataji.org\/test\/de\/auszeichnungen\/","name":"Auszeichnungen - TEST - SMND","isPartOf":{"@id":"https:\/\/shrimataji.org\/test\/#website"},"primaryImageOfPage":{"@id":"https:\/\/shrimataji.org\/test\/de\/auszeichnungen\/#primaryimage"},"image":{"@id":"https:\/\/shrimataji.org\/test\/de\/auszeichnungen\/#primaryimage"},"thumbnailUrl":"https:\/\/shrimataji.org\/test\/wp-content\/uploads\/2018\/07\/media_originals\/images\/headers-life-awards\/shri-mataji-recieves-recognition-in-moscow-russia.jpg","datePublished":"2018-07-10T06:54:50+00:00","dateModified":"2024-04-27T01:15:13+00:00","breadcrumb":{"@id":"https:\/\/shrimataji.org\/test\/de\/auszeichnungen\/#breadcrumb"},"inLanguage":"en-US","potentialAction":[{"@type":"ReadAction","target":["https:\/\/shrimataji.org\/test\/de\/auszeichnungen\/"]}]},{"@type":"ImageObject","inLanguage":"en-US","@id":"https:\/\/shrimataji.org\/test\/de\/auszeichnungen\/#primaryimage","url":"https:\/\/shrimataji.org\/test\/wp-content\/uploads\/2018\/07\/media_originals\/images\/headers-life-awards\/shri-mataji-recieves-recognition-in-moscow-russia.jpg","contentUrl":"https:\/\/shrimataji.org\/test\/wp-content\/uploads\/2018\/07\/media_originals\/images\/headers-life-awards\/shri-mataji-recieves-recognition-in-moscow-russia.jpg","width":990,"height":350},{"@type":"BreadcrumbList","@id":"https:\/\/shrimataji.org\/test\/de\/auszeichnungen\/#breadcrumb","itemListElement":[{"@type":"ListItem","position":1,"name":"Home","item":"https:\/\/shrimataji.org\/test\/uk\/home-en\/"},{"@type":"ListItem","position":2,"name":"Auszeichnungen"}]},{"@type":"WebSite","@id":"https:\/\/shrimataji.org\/test\/#website","url":"https:\/\/shrimataji.org\/test\/","name":"Shri Mataji Nirmala Devi","description":"A Life Dedicated to Humanity","publisher":{"@id":"https:\/\/shrimataji.org\/test\/#\/schema\/person\/a1b3419c6585f164aa96da1ff85715d1"},"potentialAction":[{"@type":"SearchAction","target":{"@type":"EntryPoint","urlTemplate":"https:\/\/shrimataji.org\/test\/?s={search_term_string}"},"query-input":{"@type":"PropertyValueSpecification","valueRequired":true,"valueName":"search_term_string"}}],"inLanguage":"en-US"},{"@type":["Person","Organization"],"@id":"https:\/\/shrimataji.org\/test\/#\/schema\/person\/a1b3419c6585f164aa96da1ff85715d1","name":"Nirmala Shrivastava","image":{"@type":"ImageObject","inLanguage":"en-US","@id":"https:\/\/shrimataji.org\/test\/wp-content\/uploads\/2023\/02\/SMO_LOGO-03.svg","url":"https:\/\/shrimataji.org\/test\/wp-content\/uploads\/2023\/02\/SMO_LOGO-03.svg","contentUrl":"https:\/\/shrimataji.org\/test\/wp-content\/uploads\/2023\/02\/SMO_LOGO-03.svg","width":"1024","height":"1024","caption":"Nirmala Shrivastava"},"logo":{"@id":"https:\/\/shrimataji.org\/test\/wp-content\/uploads\/2023\/02\/SMO_LOGO-03.svg"},"sameAs":["https:\/\/shrimataji.org\/test","https:\/\/www.facebook.com\/shrimataji","https:\/\/x.com\/shrimataji","https:\/\/www.youtube.com\/@Shri_Mataji_Nirmala_Devi\/featured"]}]}},"lang":"de","translations":{"de":10626,"ur":37691,"en":437,"am":17967,"th":19895,"hu":19442,"sq":18368,"zh":17265,"tr":10136,"pt":10353,"fr":10724,"it":10822,"es":10920,"ja":11217,"ru":11405,"bn":11597,"te":11705,"sw":11828,"he":11976,"el":12267,"sk":12365,"fa":12463,"fi":12561,"bg":13438,"ro":14512,"cs":14705,"nl":16528,"ku":16688,"ar":16864,"be":18575,"kn":18849,"mr":20259,"uk":20551,"ml":20850,"ta":22683,"sv":22956,"gu":28804,"pa":28962,"fil":29402,"da":37710,"pl":37927,"nn":38262},"pll_sync_post":[],"_links":{"self":[{"href":"https:\/\/shrimataji.org\/test\/wp-json\/wp\/v2\/pages\/10626","targetHints":{"allow":["GET"]}}],"collection":[{"href":"https:\/\/shrimataji.org\/test\/wp-json\/wp\/v2\/pages"}],"about":[{"href":"https:\/\/shrimataji.org\/test\/wp-json\/wp\/v2\/types\/page"}],"author":[{"embeddable":true,"href":"https:\/\/shrimataji.org\/test\/wp-json\/wp\/v2\/users\/10"}],"replies":[{"embeddable":true,"href":"https:\/\/shrimataji.org\/test\/wp-json\/wp\/v2\/comments?post=10626"}],"version-history":[{"count":0,"href":"https:\/\/shrimataji.org\/test\/wp-json\/wp\/v2\/pages\/10626\/revisions"}],"wp:featuredmedia":[{"embeddable":true,"href":"https:\/\/shrimataji.org\/test\/wp-json\/wp\/v2\/media\/156"}],"wp:attachment":[{"href":"https:\/\/shrimataji.org\/test\/wp-json\/wp\/v2\/media?parent=10626"}],"curies":[{"name":"wp","href":"https:\/\/api.w.org\/{rel}","templated":true}]}}