{"id":10627,"date":"2022-01-29T09:51:00","date_gmt":"2022-01-29T09:51:00","guid":{"rendered":"https:\/\/test.shrimataji.org\/?page_id=6388"},"modified":"2024-04-27T01:15:14","modified_gmt":"2024-04-27T01:15:14","slug":"meister-werden","status":"publish","type":"page","link":"https:\/\/shrimataji.org\/test\/de\/meister-werden\/","title":{"rendered":"Ein Meister werden"},"content":{"rendered":"\n\n\t<h1>Ein Meister werden<\/h1>\n<h2>Erwecken des Guru-Prinzips<\/h2>\n<div class=\"su-quote su-quote-style-default\"><div class=\"su-quote-inner su-u-clearfix su-u-trim\">Doch wir stehen weit \u00fcber diesen gew\u00f6hnlichen Instrumenten, selbst \u00fcber den kompliziertesten, fortschrittlichsten und von der Wissenschaft entwickelten. Wir erreichen einen Zustand, in dem wir selbst zur Wissenschaft, einer absoluten Wahrheit werden. Was man also f\u00fcr einen Guru braucht, ist Selbstwertgef\u00fchl. <\/div><\/div>\n<h4>Seitdem sie Sahaja Yoga unterrichtete, betonte Shri Mataji das Prinzip, die Meisterschaft des Selbst zu erreichen. Andere Yoga-Disziplinen erfordern eine jahrelange und innige Anleitung eines Meisters oder Gurus. Im Gegensatz dazu konzentriert sich Sahaja Yoga auf den Zugang zu unserem angeborenen Meisterprinzip des erleuchteten Geistes.<\/h4>\n<p>Alles wahre Wissen kann nur \u00fcber unser zentrales Nervensystem erkannt werden. Der sechste Sinn des subtilen vibratorischen Bewusstseins &#8211; ausgel\u00f6st durch die Selbst-Verwirklichung und etabliert durch die richtige Praxis der <a href=\"https:\/\/shrimataji.org\/test\/de\/sahaja-yoga-meditation-de\/\" target=\"_blank\" rel=\"noopener\">Sahaja-Yoga-Meditation<\/a> &#8211; wird zu einem perfekten Werkzeug, um unser eigenes Wissen und das Wissen anderer durch diese neue Dimension des Bewusstseins zu verifizieren.<\/p>\n<p>Sobald wir diesen Zustand der angeborenen Meisterschaft des Selbst erreicht haben, sehen wir die Dinge so, wie sie sind, und nicht so, wie wir glauben, dass sie w\u00e4ren. Wir folgen keinem Glauben, keiner Religion, keinen Doktrinen oder Dogmen mehr blindlings. Stattdessen erleben wir alles aus der Perspektive des absoluten vibratorischen Bewusstseins, das jenseits der Dualit\u00e4t des begrenzten Verstandes liegt.<\/p>\n<p>Am Anfang m\u00f6gen solche g\u00f6ttlichen Erfahrungen nur kurze Augenblicke andauern. Doch wenn wir aufrichtige Fortschritte in Sahaja Yoga machen, werden tiefgreifende Erfahrungen fester Bestandteil unseres Lebens. Wir k\u00f6nnen jeder Facette unseres Lebens mit Gleichmut begegnen und jede Situation meistern, die uns zuvor entmutigend oder beunruhigend erschien.<\/p>\n<p>Die Meisterschaft \u00fcber das Selbst bef\u00e4higt uns nicht nur, unser eigenes t\u00e4gliches Leben zu harmonisieren, sondern auch, andere in diesen wunderbaren Zustand der Selbst-Verwirklichung zu bringen. Viele Sahaja Yogis erlebten, wie sich auch das Leben ihrer Familien, Freunde und sogar die Gesellschaft durch die Meisterschaft \u00fcber ihr Guru-Prinzip ver\u00e4nderte.<\/p>\n<div class=\"su-quote su-quote-style-default\"><div class=\"su-quote-inner su-u-clearfix su-u-trim\"> Wenn ihr auf dieser H\u00f6he oder in diesem Zustand seid, manifestiert ihr euch selbst mit einem Blick, ohne etwas zu sagen oder zu tun. <\/div><\/div>\n\n","protected":false},"excerpt":{"rendered":"<p>Ein Meister werden Erwecken des Guru-Prinzips Seitdem sie Sahaja Yoga unterrichtete, betonte Shri Mataji das Prinzip, die Meisterschaft des Selbst zu erreichen. Andere Yoga-Disziplinen erfordern eine jahrelange und innige Anleitung eines Meisters oder Gurus. Im Gegensatz dazu konzentriert sich Sahaja Yoga auf den Zugang zu unserem angeborenen Meisterprinzip des erleuchteten Geistes. Alles wahre Wissen kann&hellip; <br \/> <a class=\"read-more\" href=\"https:\/\/shrimataji.org\/test\/de\/meister-werden\/\">Read more<\/a><\/p>\n","protected":false},"author":10,"featured_media":9261,"parent":0,"menu_order":0,"comment_status":"closed","ping_status":"closed","template":"","meta":{"inline_featured_image":false,"footnotes":""},"class_list":["post-10627","page","type-page","status-publish","has-post-thumbnail","hentry"],"yoast_head":"<!-- This site is optimized with the Yoast SEO plugin v27.4 - https:\/\/yoast.com\/product\/yoast-seo-wordpress\/ -->\n<title>Ein Meister werden - TEST - SMND<\/title>\n<meta name=\"robots\" content=\"noindex, follow, max-snippet:-1, max-image-preview:large, max-video-preview:-1\" \/>\n<meta property=\"og:locale\" content=\"en_US\" \/>\n<meta property=\"og:type\" content=\"article\" \/>\n<meta property=\"og:title\" content=\"Ein Meister werden - TEST - SMND\" \/>\n<meta property=\"og:description\" content=\"Ein Meister werden Erwecken des Guru-Prinzips Seitdem sie Sahaja Yoga unterrichtete, betonte Shri Mataji das Prinzip, die Meisterschaft des Selbst zu erreichen. Andere Yoga-Disziplinen erfordern eine jahrelange und innige Anleitung eines Meisters oder Gurus. Im Gegensatz dazu konzentriert sich Sahaja Yoga auf den Zugang zu unserem angeborenen Meisterprinzip des erleuchteten Geistes. Alles wahre Wissen kann&hellip; Read more\" \/>\n<meta property=\"og:url\" content=\"https:\/\/shrimataji.org\/test\/de\/meister-werden\/\" \/>\n<meta property=\"og:site_name\" content=\"TEST - SMND\" \/>\n<meta property=\"article:publisher\" content=\"https:\/\/www.facebook.com\/shrimataji\" \/>\n<meta property=\"article:modified_time\" content=\"2024-04-27T01:15:14+00:00\" \/>\n<meta property=\"og:image\" content=\"https:\/\/shrimataji.org\/test\/wp-content\/uploads\/2023\/03\/26_Banner-SY-Master-scaled.jpg\" \/>\n\t<meta property=\"og:image:width\" content=\"2560\" \/>\n\t<meta property=\"og:image:height\" content=\"905\" \/>\n\t<meta property=\"og:image:type\" content=\"image\/jpeg\" \/>\n<meta name=\"twitter:card\" content=\"summary_large_image\" \/>\n<meta name=\"twitter:site\" content=\"@shrimataji\" \/>\n<meta name=\"twitter:label1\" content=\"Est. reading time\" \/>\n\t<meta name=\"twitter:data1\" content=\"2 minutes\" \/>\n<script type=\"application\/ld+json\" class=\"yoast-schema-graph\">{\"@context\":\"https:\\\/\\\/schema.org\",\"@graph\":[{\"@type\":\"WebPage\",\"@id\":\"https:\\\/\\\/shrimataji.org\\\/test\\\/de\\\/meister-werden\\\/\",\"url\":\"https:\\\/\\\/shrimataji.org\\\/test\\\/de\\\/meister-werden\\\/\",\"name\":\"Ein Meister werden - TEST - SMND\",\"isPartOf\":{\"@id\":\"https:\\\/\\\/shrimataji.org\\\/test\\\/#website\"},\"primaryImageOfPage\":{\"@id\":\"https:\\\/\\\/shrimataji.org\\\/test\\\/de\\\/meister-werden\\\/#primaryimage\"},\"image\":{\"@id\":\"https:\\\/\\\/shrimataji.org\\\/test\\\/de\\\/meister-werden\\\/#primaryimage\"},\"thumbnailUrl\":\"https:\\\/\\\/shrimataji.org\\\/test\\\/wp-content\\\/uploads\\\/2023\\\/03\\\/26_Banner-SY-Master-scaled.jpg\",\"datePublished\":\"2022-01-29T09:51:00+00:00\",\"dateModified\":\"2024-04-27T01:15:14+00:00\",\"breadcrumb\":{\"@id\":\"https:\\\/\\\/shrimataji.org\\\/test\\\/de\\\/meister-werden\\\/#breadcrumb\"},\"inLanguage\":\"en-US\",\"potentialAction\":[{\"@type\":\"ReadAction\",\"target\":[\"https:\\\/\\\/shrimataji.org\\\/test\\\/de\\\/meister-werden\\\/\"]}]},{\"@type\":\"ImageObject\",\"inLanguage\":\"en-US\",\"@id\":\"https:\\\/\\\/shrimataji.org\\\/test\\\/de\\\/meister-werden\\\/#primaryimage\",\"url\":\"https:\\\/\\\/shrimataji.org\\\/test\\\/wp-content\\\/uploads\\\/2023\\\/03\\\/26_Banner-SY-Master-scaled.jpg\",\"contentUrl\":\"https:\\\/\\\/shrimataji.org\\\/test\\\/wp-content\\\/uploads\\\/2023\\\/03\\\/26_Banner-SY-Master-scaled.jpg\",\"width\":2560,\"height\":905},{\"@type\":\"BreadcrumbList\",\"@id\":\"https:\\\/\\\/shrimataji.org\\\/test\\\/de\\\/meister-werden\\\/#breadcrumb\",\"itemListElement\":[{\"@type\":\"ListItem\",\"position\":1,\"name\":\"Home\",\"item\":\"https:\\\/\\\/shrimataji.org\\\/test\\\/uk\\\/home-en\\\/\"},{\"@type\":\"ListItem\",\"position\":2,\"name\":\"Ein Meister werden\"}]},{\"@type\":\"WebSite\",\"@id\":\"https:\\\/\\\/shrimataji.org\\\/test\\\/#website\",\"url\":\"https:\\\/\\\/shrimataji.org\\\/test\\\/\",\"name\":\"Shri Mataji Nirmala Devi\",\"description\":\"A Life Dedicated to Humanity\",\"publisher\":{\"@id\":\"https:\\\/\\\/shrimataji.org\\\/test\\\/#\\\/schema\\\/person\\\/a1b3419c6585f164aa96da1ff85715d1\"},\"potentialAction\":[{\"@type\":\"SearchAction\",\"target\":{\"@type\":\"EntryPoint\",\"urlTemplate\":\"https:\\\/\\\/shrimataji.org\\\/test\\\/?s={search_term_string}\"},\"query-input\":{\"@type\":\"PropertyValueSpecification\",\"valueRequired\":true,\"valueName\":\"search_term_string\"}}],\"inLanguage\":\"en-US\"},{\"@type\":[\"Person\",\"Organization\"],\"@id\":\"https:\\\/\\\/shrimataji.org\\\/test\\\/#\\\/schema\\\/person\\\/a1b3419c6585f164aa96da1ff85715d1\",\"name\":\"Nirmala Shrivastava\",\"image\":{\"@type\":\"ImageObject\",\"inLanguage\":\"en-US\",\"@id\":\"https:\\\/\\\/shrimataji.org\\\/test\\\/wp-content\\\/uploads\\\/2023\\\/02\\\/SMO_LOGO-03.svg\",\"url\":\"https:\\\/\\\/shrimataji.org\\\/test\\\/wp-content\\\/uploads\\\/2023\\\/02\\\/SMO_LOGO-03.svg\",\"contentUrl\":\"https:\\\/\\\/shrimataji.org\\\/test\\\/wp-content\\\/uploads\\\/2023\\\/02\\\/SMO_LOGO-03.svg\",\"width\":\"1024\",\"height\":\"1024\",\"caption\":\"Nirmala Shrivastava\"},\"logo\":{\"@id\":\"https:\\\/\\\/shrimataji.org\\\/test\\\/wp-content\\\/uploads\\\/2023\\\/02\\\/SMO_LOGO-03.svg\"},\"sameAs\":[\"https:\\\/\\\/shrimataji.org\\\/test\",\"https:\\\/\\\/www.facebook.com\\\/shrimataji\",\"https:\\\/\\\/x.com\\\/shrimataji\",\"https:\\\/\\\/www.youtube.com\\\/@Shri_Mataji_Nirmala_Devi\\\/featured\"]}]}<\/script>\n<!-- \/ Yoast SEO plugin. -->","yoast_head_json":{"title":"Ein Meister werden - TEST - SMND","robots":{"index":"noindex","follow":"follow","max-snippet":"max-snippet:-1","max-image-preview":"max-image-preview:large","max-video-preview":"max-video-preview:-1"},"og_locale":"en_US","og_type":"article","og_title":"Ein Meister werden - TEST - SMND","og_description":"Ein Meister werden Erwecken des Guru-Prinzips Seitdem sie Sahaja Yoga unterrichtete, betonte Shri Mataji das Prinzip, die Meisterschaft des Selbst zu erreichen. Andere Yoga-Disziplinen erfordern eine jahrelange und innige Anleitung eines Meisters oder Gurus. Im Gegensatz dazu konzentriert sich Sahaja Yoga auf den Zugang zu unserem angeborenen Meisterprinzip des erleuchteten Geistes. Alles wahre Wissen kann&hellip; Read more","og_url":"https:\/\/shrimataji.org\/test\/de\/meister-werden\/","og_site_name":"TEST - SMND","article_publisher":"https:\/\/www.facebook.com\/shrimataji","article_modified_time":"2024-04-27T01:15:14+00:00","og_image":[{"width":2560,"height":905,"url":"https:\/\/shrimataji.org\/test\/wp-content\/uploads\/2023\/03\/26_Banner-SY-Master-scaled.jpg","type":"image\/jpeg"}],"twitter_card":"summary_large_image","twitter_site":"@shrimataji","twitter_misc":{"Est. reading time":"2 minutes"},"schema":{"@context":"https:\/\/schema.org","@graph":[{"@type":"WebPage","@id":"https:\/\/shrimataji.org\/test\/de\/meister-werden\/","url":"https:\/\/shrimataji.org\/test\/de\/meister-werden\/","name":"Ein Meister werden - TEST - SMND","isPartOf":{"@id":"https:\/\/shrimataji.org\/test\/#website"},"primaryImageOfPage":{"@id":"https:\/\/shrimataji.org\/test\/de\/meister-werden\/#primaryimage"},"image":{"@id":"https:\/\/shrimataji.org\/test\/de\/meister-werden\/#primaryimage"},"thumbnailUrl":"https:\/\/shrimataji.org\/test\/wp-content\/uploads\/2023\/03\/26_Banner-SY-Master-scaled.jpg","datePublished":"2022-01-29T09:51:00+00:00","dateModified":"2024-04-27T01:15:14+00:00","breadcrumb":{"@id":"https:\/\/shrimataji.org\/test\/de\/meister-werden\/#breadcrumb"},"inLanguage":"en-US","potentialAction":[{"@type":"ReadAction","target":["https:\/\/shrimataji.org\/test\/de\/meister-werden\/"]}]},{"@type":"ImageObject","inLanguage":"en-US","@id":"https:\/\/shrimataji.org\/test\/de\/meister-werden\/#primaryimage","url":"https:\/\/shrimataji.org\/test\/wp-content\/uploads\/2023\/03\/26_Banner-SY-Master-scaled.jpg","contentUrl":"https:\/\/shrimataji.org\/test\/wp-content\/uploads\/2023\/03\/26_Banner-SY-Master-scaled.jpg","width":2560,"height":905},{"@type":"BreadcrumbList","@id":"https:\/\/shrimataji.org\/test\/de\/meister-werden\/#breadcrumb","itemListElement":[{"@type":"ListItem","position":1,"name":"Home","item":"https:\/\/shrimataji.org\/test\/uk\/home-en\/"},{"@type":"ListItem","position":2,"name":"Ein Meister werden"}]},{"@type":"WebSite","@id":"https:\/\/shrimataji.org\/test\/#website","url":"https:\/\/shrimataji.org\/test\/","name":"Shri Mataji Nirmala Devi","description":"A Life Dedicated to Humanity","publisher":{"@id":"https:\/\/shrimataji.org\/test\/#\/schema\/person\/a1b3419c6585f164aa96da1ff85715d1"},"potentialAction":[{"@type":"SearchAction","target":{"@type":"EntryPoint","urlTemplate":"https:\/\/shrimataji.org\/test\/?s={search_term_string}"},"query-input":{"@type":"PropertyValueSpecification","valueRequired":true,"valueName":"search_term_string"}}],"inLanguage":"en-US"},{"@type":["Person","Organization"],"@id":"https:\/\/shrimataji.org\/test\/#\/schema\/person\/a1b3419c6585f164aa96da1ff85715d1","name":"Nirmala Shrivastava","image":{"@type":"ImageObject","inLanguage":"en-US","@id":"https:\/\/shrimataji.org\/test\/wp-content\/uploads\/2023\/02\/SMO_LOGO-03.svg","url":"https:\/\/shrimataji.org\/test\/wp-content\/uploads\/2023\/02\/SMO_LOGO-03.svg","contentUrl":"https:\/\/shrimataji.org\/test\/wp-content\/uploads\/2023\/02\/SMO_LOGO-03.svg","width":"1024","height":"1024","caption":"Nirmala Shrivastava"},"logo":{"@id":"https:\/\/shrimataji.org\/test\/wp-content\/uploads\/2023\/02\/SMO_LOGO-03.svg"},"sameAs":["https:\/\/shrimataji.org\/test","https:\/\/www.facebook.com\/shrimataji","https:\/\/x.com\/shrimataji","https:\/\/www.youtube.com\/@Shri_Mataji_Nirmala_Devi\/featured"]}]}},"lang":"de","translations":{"de":10627,"ur":37398,"en":6388,"am":17969,"th":19898,"hu":19444,"sq":18370,"zh":17267,"hi":7370,"tr":10137,"pt":10354,"fr":10725,"it":10823,"es":10921,"ja":11218,"ru":11406,"bn":11598,"te":11706,"sw":11829,"he":11977,"el":12268,"sk":12366,"fa":12464,"fi":12562,"bg":13400,"ro":14474,"cs":14667,"nl":16530,"ku":16690,"ar":16866,"be":18577,"kn":18851,"mr":20262,"uk":20554,"ml":20853,"ta":22685,"sv":22958,"gu":28806,"pa":28964,"fil":29404,"da":37712,"pl":37929,"nn":38264},"pll_sync_post":[],"_links":{"self":[{"href":"https:\/\/shrimataji.org\/test\/wp-json\/wp\/v2\/pages\/10627","targetHints":{"allow":["GET"]}}],"collection":[{"href":"https:\/\/shrimataji.org\/test\/wp-json\/wp\/v2\/pages"}],"about":[{"href":"https:\/\/shrimataji.org\/test\/wp-json\/wp\/v2\/types\/page"}],"author":[{"embeddable":true,"href":"https:\/\/shrimataji.org\/test\/wp-json\/wp\/v2\/users\/10"}],"replies":[{"embeddable":true,"href":"https:\/\/shrimataji.org\/test\/wp-json\/wp\/v2\/comments?post=10627"}],"version-history":[{"count":0,"href":"https:\/\/shrimataji.org\/test\/wp-json\/wp\/v2\/pages\/10627\/revisions"}],"wp:featuredmedia":[{"embeddable":true,"href":"https:\/\/shrimataji.org\/test\/wp-json\/wp\/v2\/media\/9261"}],"wp:attachment":[{"href":"https:\/\/shrimataji.org\/test\/wp-json\/wp\/v2\/media?parent=10627"}],"curies":[{"name":"wp","href":"https:\/\/api.w.org\/{rel}","templated":true}]}}