{"id":10628,"date":"2022-02-25T04:05:58","date_gmt":"2022-02-25T04:05:58","guid":{"rendered":"https:\/\/test.shrimataji.org\/?page_id=6476"},"modified":"2024-04-27T01:15:13","modified_gmt":"2024-04-27T01:15:13","slug":"chakren-und-qualitaeten","status":"publish","type":"page","link":"https:\/\/shrimataji.org\/test\/de\/chakren-und-qualitaeten\/","title":{"rendered":"Chakren und Qualit\u00e4ten"},"content":{"rendered":"\n\n\t<h1><a href=\"#_ftnref1\" name=\"_ftn1\"><\/a>Chakren und Qualit\u00e4ten<\/h1>\n<h2>Die R\u00e4der des Lebens<\/h2>\n<div class=\"su-quote su-quote-style-default\"><div class=\"su-quote-inner su-u-clearfix su-u-trim\">Die Chakren wurden aus den f\u00fcnf Elementen Erde, Wasser, Luft, Feuer und \u00c4ther erschaffen.<\/div><\/div>\n\t<h4>Shri Mataji erkl\u00e4rte Wahrheitssuchern, wie man nach der <a href=\"https:\/\/shrimataji.org\/test\/de\/erfahrung-selbstverwirklichung\/\" target=\"_blank\" rel=\"noopener\">Selbst-Verwirklichung<\/a> die feinstofflichen und Chakren genannten Energiezentren entweder im K\u00f6rper oder auf den H\u00e4nden und F\u00fc\u00dfen sp\u00fcren kann. Je nach dem Zustand unserer Seele sp\u00fcrt man verschiedene warme oder k\u00fchle Empfindungen bis hin zu einem Kribbeln oder einer Schwere. Geduldig ordnete sie jede dieser Empfindungen einem bestimmten Problem auf k\u00f6rperlicher, geistiger, emotionaler und spiritueller Ebene zu. Sie verwies auch darauf, dass diese spirituelle Erfahrung des Yoga in verschiedenen Schriften der Welt und insbesondere in den Versen des <em>Heiligen Koran<\/em> sehr gut beschrieben ist.<\/h4>\n\t<div class=\"su-quote su-quote-style-default\"><div class=\"su-quote-inner su-u-clearfix su-u-trim\">Im <em>Koran<\/em> wird es <em>Kiyama<\/em><a href=\"#footnote-1\"><sup>[1]<\/sup><\/a> genannt. Dort hei\u00dft es, dass unsere H\u00e4nde sprechen und alles \u00fcber uns und \u00fcber andere berichten werden. Genau das passiert, wenn ihr \u00fcber die Fingerspitzen eure Zentren und die von anderen sp\u00fcren k\u00f6nnt. So entwickelt ihr Selbst-Erkenntnis und werdet kollektiv bewusst.<\/div><\/div>\n<p>Man kann sich die Chakren wie ein B\u00fcndel von Flammenzungen oder wie Lotosbl\u00fcten vorstellen. Jedes Chakra besitzt eine unterschiedliche Anzahl von Bl\u00fctenbl\u00e4ttern, die auf der grobstofflichen Ebene den Subplexus des Nervensystems entsprechen. Die Nervengeflechte regulieren den Informationsfluss in K\u00f6rper und Gehirn und damit das harmonische Funktionieren unseres Wesens. Die Chakren sind die Wurzeln unserer k\u00f6rperlichen, geistigen und emotionalen Aktivit\u00e4ten und jedes Chakra steuert bestimmte Eigenschaften. St\u00f6rungen auf einer dieser Ebenen k\u00f6nnen auf eine subtile Blockade in den Chakren zur\u00fcckgef\u00fchrt werden.<\/p>\n<div class=\"su-quote su-quote-style-default\"><div class=\"su-quote-inner su-u-clearfix su-u-trim\">Die subtile Energie tritt durch das Zentrum des Gehirns (<em><a href=\"https:\/\/shrimataji.org\/test\/de\/sahasrara-de\/\" target=\"_blank\" rel=\"noopener\">Sahasrara\/Brahmarandhra<\/a><\/em>) ein und verteilt sich auf ihrem Weg nach unten in sechs weiteren Zentren. Die grobstoffliche Manifestation dieser subtilen Energie im <em><a href=\"https:\/\/shrimataji.org\/test\/de\/nadis-gunas\/\" target=\"_blank\" rel=\"noopener\">Sushumna-Kanal<\/a><\/em> des R\u00fcckenmarks wird als parasympathisches Nervensystem bezeichnet. Die Chakren dr\u00fccken sich also als Plexus au\u00dferhalb des R\u00fcckenmarks aus. \u00dcberraschenderweise entspricht die Anzahl der Chakren und die ihrer Bl\u00fctenbl\u00e4tter genau der Anzahl der Plexus und jeweiligen Subplexus.<\/div><\/div>\n<p>Die periphere Ausdehnung unseres Nervensystems deckt sich mit der des feinstofflichen K\u00f6rpers. Das erm\u00f6glicht eine Eins-zu-Eins-Zuordnung der Chakren im R\u00fcckenmark und ihren zugeh\u00f6rigen Punkten an H\u00e4nden und F\u00fc\u00dfen. Kennt man die Zuordnung der feinstofflichen Zentren zu ihren jeweiligen Positionen im K\u00f6rper, kann man leicht sein physisches, mentales, emotionales und spirituelles Sein meistern. Man ist nicht mehr von der absoluten universellen Realit\u00e4t getrennt, sondern kann sich durch praktische Erkenntnis unseres feinstofflichen Selbst von den Illusionen l\u00f6sen.<\/p>\n\t\t\t\t<a href=\"https:\/\/shrimataji.org\/test\/wp-content\/uploads\/2023\/02\/01a_Chakras-_-Qualities_SMO-01-1.png\" target=\"_blank\" rel=\"noopener\">\n\t\t\t\t<img loading=\"lazy\" decoding=\"async\" src=\"https:\/\/shrimataji.org\/test\/wp-content\/uploads\/2024\/04\/DE_Chakras-and-Nadis-1701x2048_de_3.png\" alt=\"DE_Chakras-and-Nadis-1701x2048_de_3\" height=\"2048\" width=\"1701\" title=\"DE_Chakras-and-Nadis-1701x2048_de_3\" \/>\n\t\t\t\t<\/a>\n\t<p>Die Zentren unseres feinstofflichen Systems regulieren nicht nur unser k\u00f6rperliches, geistiges und emotionales Wohlbefinden, sondern helfen auch, unsere Pers\u00f6nlichkeit zu formen. Man kann sie als Speicher unserer Pers\u00f6nlichkeitsmerkmale verstehen. W\u00e4hrend wir uns entwickeln, reifen und wachsen, entfalten sich diese Merkmale manchmal bewusst, vielmals jedoch unbewusst in unserem Leben. Wie oft hatten wir in einer bestimmten Situation den Impuls, jemandem zu helfen oder freundlich und gro\u00dfz\u00fcgig zu sein. Woher kommen diese Gef\u00fchle? Die alten \u00f6stlichen Kulturen Chinas und Indiens lebten mit dem Wissen des feinstofflichen Systems. Sie gr\u00fcndeten ihre Gesellschaften auf die h\u00f6heren Werte des spirituellen Lebens &#8211; auf <em>Dharma<\/em>. <em>Dharma<\/em> bedeutet in der alten Sanskrit-Sprache &#8220;rechtschaffener Verhaltenskodex&#8221;, ein Kodex in Harmonie mit dem universellen Geist. Man k\u00f6nnte eine Parallele zu den Zehn Geboten ziehen, die Moses \u00fcberliefert wurden. In der Tat finden sich in vielen alten Weltreligionen, Kulturen und Traditionen weitere Beispiele f\u00fcr diesen universellen inneren Verhaltenskodex.<\/p>\n\t\n\t<p>Auf der Grundlage des von Shri Mataji vermittelten Wissens wird in den folgenden Abschnitten jedes Chakra detailliert beschrieben. Die angeborenen Pers\u00f6nlichkeitsmerkmale, die auf dem urspr\u00fcnglichen Prinzip der subtilen Zentren beruhen, werden hervorgehoben. Einige Qualit\u00e4ten dieser Zentren entfalten sich im menschlichen Bewusstsein ab dem Zeitpunkt unserer Geburt. Die h\u00f6heren subtilen Qualit\u00e4ten manifestieren sich erst vollst\u00e4ndig nach unserer Selbst-Verwirklichung durch die Erweckung der <a href=\"https:\/\/shrimataji.org\/test\/de\/kundalini_de\/\">Kundalini<\/a>.<\/p>\n<p>Indem wir dieses subtile Wissen \u00fcber die verschiedenen Energiezentren nutzen, helfen wir uns, in Harmonie mit unserer angeborenen spirituellen Natur und unseren Mitmenschen zu leben.<\/p>\n\t[1] bezieht sich auf &#8220;Al-Qiyama&#8221; oder &#8220;Al-Qiyamah&#8221;. Im <em>Koran<\/em> als &#8220;Tag der Auferstehung&#8221; bekannt.<\/p>\n\n","protected":false},"excerpt":{"rendered":"<p>Chakren und Qualit\u00e4ten Die R\u00e4der des Lebens Shri Mataji erkl\u00e4rte Wahrheitssuchern, wie man nach der Selbst-Verwirklichung die feinstofflichen und Chakren genannten Energiezentren entweder im K\u00f6rper oder auf den H\u00e4nden und F\u00fc\u00dfen sp\u00fcren kann. Je nach dem Zustand unserer Seele sp\u00fcrt man verschiedene warme oder k\u00fchle Empfindungen bis hin zu einem Kribbeln oder einer Schwere. Geduldig&hellip; <br \/> <a class=\"read-more\" href=\"https:\/\/shrimataji.org\/test\/de\/chakren-und-qualitaeten\/\">Read more<\/a><\/p>\n","protected":false},"author":10,"featured_media":9250,"parent":0,"menu_order":0,"comment_status":"closed","ping_status":"closed","template":"","meta":{"inline_featured_image":false,"footnotes":""},"class_list":["post-10628","page","type-page","status-publish","has-post-thumbnail","hentry"],"yoast_head":"<!-- This site is optimized with the Yoast SEO plugin v27.4 - https:\/\/yoast.com\/product\/yoast-seo-wordpress\/ -->\n<title>Chakren und Qualit\u00e4ten - TEST - SMND<\/title>\n<meta name=\"robots\" content=\"noindex, follow, max-snippet:-1, max-image-preview:large, max-video-preview:-1\" \/>\n<meta property=\"og:locale\" content=\"en_US\" \/>\n<meta property=\"og:type\" content=\"article\" \/>\n<meta property=\"og:title\" content=\"Chakren und Qualit\u00e4ten - TEST - SMND\" \/>\n<meta property=\"og:description\" content=\"Chakren und Qualit\u00e4ten Die R\u00e4der des Lebens Shri Mataji erkl\u00e4rte Wahrheitssuchern, wie man nach der Selbst-Verwirklichung die feinstofflichen und Chakren genannten Energiezentren entweder im K\u00f6rper oder auf den H\u00e4nden und F\u00fc\u00dfen sp\u00fcren kann. Je nach dem Zustand unserer Seele sp\u00fcrt man verschiedene warme oder k\u00fchle Empfindungen bis hin zu einem Kribbeln oder einer Schwere. Geduldig&hellip; Read more\" \/>\n<meta property=\"og:url\" content=\"https:\/\/shrimataji.org\/test\/de\/chakren-und-qualitaeten\/\" \/>\n<meta property=\"og:site_name\" content=\"TEST - SMND\" \/>\n<meta property=\"article:publisher\" content=\"https:\/\/www.facebook.com\/shrimataji\" \/>\n<meta property=\"article:modified_time\" content=\"2024-04-27T01:15:13+00:00\" \/>\n<meta property=\"og:image\" content=\"https:\/\/shrimataji.org\/test\/wp-content\/uploads\/2023\/03\/15_Banner-SY-ChakrasQualities-scaled.jpg\" \/>\n\t<meta property=\"og:image:width\" content=\"2560\" \/>\n\t<meta property=\"og:image:height\" content=\"905\" \/>\n\t<meta property=\"og:image:type\" content=\"image\/jpeg\" \/>\n<meta name=\"twitter:card\" content=\"summary_large_image\" \/>\n<meta name=\"twitter:site\" content=\"@shrimataji\" \/>\n<meta name=\"twitter:label1\" content=\"Est. reading time\" \/>\n\t<meta name=\"twitter:data1\" content=\"4 minutes\" \/>\n<script type=\"application\/ld+json\" class=\"yoast-schema-graph\">{\"@context\":\"https:\\\/\\\/schema.org\",\"@graph\":[{\"@type\":\"WebPage\",\"@id\":\"https:\\\/\\\/shrimataji.org\\\/test\\\/de\\\/chakren-und-qualitaeten\\\/\",\"url\":\"https:\\\/\\\/shrimataji.org\\\/test\\\/de\\\/chakren-und-qualitaeten\\\/\",\"name\":\"Chakren und Qualit\u00e4ten - TEST - SMND\",\"isPartOf\":{\"@id\":\"https:\\\/\\\/shrimataji.org\\\/test\\\/#website\"},\"primaryImageOfPage\":{\"@id\":\"https:\\\/\\\/shrimataji.org\\\/test\\\/de\\\/chakren-und-qualitaeten\\\/#primaryimage\"},\"image\":{\"@id\":\"https:\\\/\\\/shrimataji.org\\\/test\\\/de\\\/chakren-und-qualitaeten\\\/#primaryimage\"},\"thumbnailUrl\":\"https:\\\/\\\/shrimataji.org\\\/test\\\/wp-content\\\/uploads\\\/2023\\\/03\\\/15_Banner-SY-ChakrasQualities-scaled.jpg\",\"datePublished\":\"2022-02-25T04:05:58+00:00\",\"dateModified\":\"2024-04-27T01:15:13+00:00\",\"breadcrumb\":{\"@id\":\"https:\\\/\\\/shrimataji.org\\\/test\\\/de\\\/chakren-und-qualitaeten\\\/#breadcrumb\"},\"inLanguage\":\"en-US\",\"potentialAction\":[{\"@type\":\"ReadAction\",\"target\":[\"https:\\\/\\\/shrimataji.org\\\/test\\\/de\\\/chakren-und-qualitaeten\\\/\"]}]},{\"@type\":\"ImageObject\",\"inLanguage\":\"en-US\",\"@id\":\"https:\\\/\\\/shrimataji.org\\\/test\\\/de\\\/chakren-und-qualitaeten\\\/#primaryimage\",\"url\":\"https:\\\/\\\/shrimataji.org\\\/test\\\/wp-content\\\/uploads\\\/2023\\\/03\\\/15_Banner-SY-ChakrasQualities-scaled.jpg\",\"contentUrl\":\"https:\\\/\\\/shrimataji.org\\\/test\\\/wp-content\\\/uploads\\\/2023\\\/03\\\/15_Banner-SY-ChakrasQualities-scaled.jpg\",\"width\":2560,\"height\":905},{\"@type\":\"BreadcrumbList\",\"@id\":\"https:\\\/\\\/shrimataji.org\\\/test\\\/de\\\/chakren-und-qualitaeten\\\/#breadcrumb\",\"itemListElement\":[{\"@type\":\"ListItem\",\"position\":1,\"name\":\"Home\",\"item\":\"https:\\\/\\\/shrimataji.org\\\/test\\\/uk\\\/home-en\\\/\"},{\"@type\":\"ListItem\",\"position\":2,\"name\":\"Chakren und Qualit\u00e4ten\"}]},{\"@type\":\"WebSite\",\"@id\":\"https:\\\/\\\/shrimataji.org\\\/test\\\/#website\",\"url\":\"https:\\\/\\\/shrimataji.org\\\/test\\\/\",\"name\":\"Shri Mataji Nirmala Devi\",\"description\":\"A Life Dedicated to Humanity\",\"publisher\":{\"@id\":\"https:\\\/\\\/shrimataji.org\\\/test\\\/#\\\/schema\\\/person\\\/a1b3419c6585f164aa96da1ff85715d1\"},\"potentialAction\":[{\"@type\":\"SearchAction\",\"target\":{\"@type\":\"EntryPoint\",\"urlTemplate\":\"https:\\\/\\\/shrimataji.org\\\/test\\\/?s={search_term_string}\"},\"query-input\":{\"@type\":\"PropertyValueSpecification\",\"valueRequired\":true,\"valueName\":\"search_term_string\"}}],\"inLanguage\":\"en-US\"},{\"@type\":[\"Person\",\"Organization\"],\"@id\":\"https:\\\/\\\/shrimataji.org\\\/test\\\/#\\\/schema\\\/person\\\/a1b3419c6585f164aa96da1ff85715d1\",\"name\":\"Nirmala Shrivastava\",\"image\":{\"@type\":\"ImageObject\",\"inLanguage\":\"en-US\",\"@id\":\"https:\\\/\\\/shrimataji.org\\\/test\\\/wp-content\\\/uploads\\\/2023\\\/02\\\/SMO_LOGO-03.svg\",\"url\":\"https:\\\/\\\/shrimataji.org\\\/test\\\/wp-content\\\/uploads\\\/2023\\\/02\\\/SMO_LOGO-03.svg\",\"contentUrl\":\"https:\\\/\\\/shrimataji.org\\\/test\\\/wp-content\\\/uploads\\\/2023\\\/02\\\/SMO_LOGO-03.svg\",\"width\":\"1024\",\"height\":\"1024\",\"caption\":\"Nirmala Shrivastava\"},\"logo\":{\"@id\":\"https:\\\/\\\/shrimataji.org\\\/test\\\/wp-content\\\/uploads\\\/2023\\\/02\\\/SMO_LOGO-03.svg\"},\"sameAs\":[\"https:\\\/\\\/shrimataji.org\\\/test\",\"https:\\\/\\\/www.facebook.com\\\/shrimataji\",\"https:\\\/\\\/x.com\\\/shrimataji\",\"https:\\\/\\\/www.youtube.com\\\/@Shri_Mataji_Nirmala_Devi\\\/featured\"]}]}<\/script>\n<!-- \/ Yoast SEO plugin. -->","yoast_head_json":{"title":"Chakren und Qualit\u00e4ten - TEST - SMND","robots":{"index":"noindex","follow":"follow","max-snippet":"max-snippet:-1","max-image-preview":"max-image-preview:large","max-video-preview":"max-video-preview:-1"},"og_locale":"en_US","og_type":"article","og_title":"Chakren und Qualit\u00e4ten - TEST - SMND","og_description":"Chakren und Qualit\u00e4ten Die R\u00e4der des Lebens Shri Mataji erkl\u00e4rte Wahrheitssuchern, wie man nach der Selbst-Verwirklichung die feinstofflichen und Chakren genannten Energiezentren entweder im K\u00f6rper oder auf den H\u00e4nden und F\u00fc\u00dfen sp\u00fcren kann. Je nach dem Zustand unserer Seele sp\u00fcrt man verschiedene warme oder k\u00fchle Empfindungen bis hin zu einem Kribbeln oder einer Schwere. Geduldig&hellip; Read more","og_url":"https:\/\/shrimataji.org\/test\/de\/chakren-und-qualitaeten\/","og_site_name":"TEST - SMND","article_publisher":"https:\/\/www.facebook.com\/shrimataji","article_modified_time":"2024-04-27T01:15:13+00:00","og_image":[{"width":2560,"height":905,"url":"https:\/\/shrimataji.org\/test\/wp-content\/uploads\/2023\/03\/15_Banner-SY-ChakrasQualities-scaled.jpg","type":"image\/jpeg"}],"twitter_card":"summary_large_image","twitter_site":"@shrimataji","twitter_misc":{"Est. reading time":"4 minutes"},"schema":{"@context":"https:\/\/schema.org","@graph":[{"@type":"WebPage","@id":"https:\/\/shrimataji.org\/test\/de\/chakren-und-qualitaeten\/","url":"https:\/\/shrimataji.org\/test\/de\/chakren-und-qualitaeten\/","name":"Chakren und Qualit\u00e4ten - TEST - SMND","isPartOf":{"@id":"https:\/\/shrimataji.org\/test\/#website"},"primaryImageOfPage":{"@id":"https:\/\/shrimataji.org\/test\/de\/chakren-und-qualitaeten\/#primaryimage"},"image":{"@id":"https:\/\/shrimataji.org\/test\/de\/chakren-und-qualitaeten\/#primaryimage"},"thumbnailUrl":"https:\/\/shrimataji.org\/test\/wp-content\/uploads\/2023\/03\/15_Banner-SY-ChakrasQualities-scaled.jpg","datePublished":"2022-02-25T04:05:58+00:00","dateModified":"2024-04-27T01:15:13+00:00","breadcrumb":{"@id":"https:\/\/shrimataji.org\/test\/de\/chakren-und-qualitaeten\/#breadcrumb"},"inLanguage":"en-US","potentialAction":[{"@type":"ReadAction","target":["https:\/\/shrimataji.org\/test\/de\/chakren-und-qualitaeten\/"]}]},{"@type":"ImageObject","inLanguage":"en-US","@id":"https:\/\/shrimataji.org\/test\/de\/chakren-und-qualitaeten\/#primaryimage","url":"https:\/\/shrimataji.org\/test\/wp-content\/uploads\/2023\/03\/15_Banner-SY-ChakrasQualities-scaled.jpg","contentUrl":"https:\/\/shrimataji.org\/test\/wp-content\/uploads\/2023\/03\/15_Banner-SY-ChakrasQualities-scaled.jpg","width":2560,"height":905},{"@type":"BreadcrumbList","@id":"https:\/\/shrimataji.org\/test\/de\/chakren-und-qualitaeten\/#breadcrumb","itemListElement":[{"@type":"ListItem","position":1,"name":"Home","item":"https:\/\/shrimataji.org\/test\/uk\/home-en\/"},{"@type":"ListItem","position":2,"name":"Chakren und Qualit\u00e4ten"}]},{"@type":"WebSite","@id":"https:\/\/shrimataji.org\/test\/#website","url":"https:\/\/shrimataji.org\/test\/","name":"Shri Mataji Nirmala Devi","description":"A Life Dedicated to Humanity","publisher":{"@id":"https:\/\/shrimataji.org\/test\/#\/schema\/person\/a1b3419c6585f164aa96da1ff85715d1"},"potentialAction":[{"@type":"SearchAction","target":{"@type":"EntryPoint","urlTemplate":"https:\/\/shrimataji.org\/test\/?s={search_term_string}"},"query-input":{"@type":"PropertyValueSpecification","valueRequired":true,"valueName":"search_term_string"}}],"inLanguage":"en-US"},{"@type":["Person","Organization"],"@id":"https:\/\/shrimataji.org\/test\/#\/schema\/person\/a1b3419c6585f164aa96da1ff85715d1","name":"Nirmala Shrivastava","image":{"@type":"ImageObject","inLanguage":"en-US","@id":"https:\/\/shrimataji.org\/test\/wp-content\/uploads\/2023\/02\/SMO_LOGO-03.svg","url":"https:\/\/shrimataji.org\/test\/wp-content\/uploads\/2023\/02\/SMO_LOGO-03.svg","contentUrl":"https:\/\/shrimataji.org\/test\/wp-content\/uploads\/2023\/02\/SMO_LOGO-03.svg","width":"1024","height":"1024","caption":"Nirmala Shrivastava"},"logo":{"@id":"https:\/\/shrimataji.org\/test\/wp-content\/uploads\/2023\/02\/SMO_LOGO-03.svg"},"sameAs":["https:\/\/shrimataji.org\/test","https:\/\/www.facebook.com\/shrimataji","https:\/\/x.com\/shrimataji","https:\/\/www.youtube.com\/@Shri_Mataji_Nirmala_Devi\/featured"]}]}},"lang":"de","translations":{"de":10628,"ur":37400,"en":6476,"am":17971,"th":19901,"hu":19446,"sq":18372,"zh":17269,"hi":7374,"tr":10139,"pt":10355,"fr":10726,"it":10824,"es":10922,"ja":11219,"ru":11407,"bn":11599,"te":11707,"sw":11830,"he":11978,"el":12269,"sk":12367,"fa":12465,"fi":12563,"bg":13378,"ro":14452,"cs":14645,"nl":16532,"ku":16692,"ar":16868,"be":18579,"kn":18853,"mr":20265,"uk":20557,"ml":20856,"ta":22687,"sv":22960,"gu":28808,"pa":28966,"fil":29406,"da":37714,"pl":37931,"nn":38266},"pll_sync_post":[],"_links":{"self":[{"href":"https:\/\/shrimataji.org\/test\/wp-json\/wp\/v2\/pages\/10628","targetHints":{"allow":["GET"]}}],"collection":[{"href":"https:\/\/shrimataji.org\/test\/wp-json\/wp\/v2\/pages"}],"about":[{"href":"https:\/\/shrimataji.org\/test\/wp-json\/wp\/v2\/types\/page"}],"author":[{"embeddable":true,"href":"https:\/\/shrimataji.org\/test\/wp-json\/wp\/v2\/users\/10"}],"replies":[{"embeddable":true,"href":"https:\/\/shrimataji.org\/test\/wp-json\/wp\/v2\/comments?post=10628"}],"version-history":[{"count":0,"href":"https:\/\/shrimataji.org\/test\/wp-json\/wp\/v2\/pages\/10628\/revisions"}],"wp:featuredmedia":[{"embeddable":true,"href":"https:\/\/shrimataji.org\/test\/wp-json\/wp\/v2\/media\/9250"}],"wp:attachment":[{"href":"https:\/\/shrimataji.org\/test\/wp-json\/wp\/v2\/media?parent=10628"}],"curies":[{"name":"wp","href":"https:\/\/api.w.org\/{rel}","templated":true}]}}