{"id":10630,"date":"2022-01-23T03:35:11","date_gmt":"2022-01-23T03:35:11","guid":{"rendered":"https:\/\/test.shrimataji.org\/?page_id=6283"},"modified":"2024-04-27T01:15:17","modified_gmt":"2024-04-27T01:15:17","slug":"kollektive-meditation","status":"publish","type":"page","link":"https:\/\/shrimataji.org\/test\/de\/kollektive-meditation\/","title":{"rendered":"Kollektive Meditation"},"content":{"rendered":"\n\n\t<h1>Kollektive Meditation<\/h1>\n<h2>Zum festen Bestandteil des Ganzen werden<\/h2>\n<div class=\"su-quote su-quote-style-default\"><div class=\"su-quote-inner su-u-clearfix su-u-trim\"> Der Geist ist das kollektive Wesen in uns. Wenn er sich mainifestiert, stellt ihr erstaunt fest, dass ihr sowohl die subtilen Zentren anderer als auch eure eigenen auf den Fingerspitzen sp\u00fcren k\u00f6nnt.<\/div><\/div>\n<h4>In ihren Lehren offenbart Shri Mataji, dass wir in Wirklichkeit Teil eines lebendigen spirituellen Universums (<em>Virata<\/em>) sind. Es existiert ewig und jenseits der Dimensionen von Raum, Zeit und Materie. Die Zellen unseres physischen K\u00f6rpers bleiben erhalten, solange sie Teil des K\u00f6rpers sind. Doch getrennt davon, h\u00f6ren sie auf zu existieren. Genauso wird das fortw\u00e4hrende Wachstum unseres spirituellen Bewusstseins am besten aufrechterhalten, wenn wir das Gef\u00fchl entwickeln, Teil eines vollkommenen K\u00f6rpers zu sein und zusammen mit anderen meditieren.<\/h4>\n<p>Komfortable und luxuri\u00f6se R\u00e4ume sind dazu nicht notwendig. Ein einfacher Platz ist ausreichend. Wichtig ist die schlichte und reine Absicht zu meditieren und sich mit dem ewigen Geist wohlzuf\u00fchlen, der in allen wohnt. Wichtig ist es, die Gl\u00fcckseligkeit des Ozeans der stillen Meditation zu genie\u00dfen, wenn verwirklichte Seelen gemeinsam meditieren.<\/p>\n<p>Shri Mataji empfahl Sahaja Yogis, die ihre <a href=\"https:\/\/shrimataji.org\/test\/de\/erfahrung-selbstverwirklichung\/\" target=\"_blank\" rel=\"noopener\">Selbst-Verwirklichung<\/a> erhalten haben, einfache Pl\u00e4tze zu finden, um sich zur Meditation zu treffen. Diese Orte sollten f\u00fcr die, in einem bestimmten Gebiet lebenden Menschen, leicht zug\u00e4nglich sein.<\/p>\n<p>Seit 1970 werden weltweit Tausende von lokalen Sahaja-Yoga-Zentren freiwillig von Sahaja Yogis und Yoginis betrieben, um allen Wahrheitssuchenden zu helfen, ihre Selbst-Verwirklichung zu erlangen und sie in der Meditation zu etablieren. F\u00fcr die Erfahrung der Selbst-Verwirklichung und das vermittelte Wissen zur praktischen Umsetzung von Sahaja Yoga wird niemals Geld verlangt.<\/p>\n<h2>Weltweite Sahaja-Yoga-Zentren<\/h2>\n<p>Mit Hilfe der interaktiven Karte k\u00f6nnt ihr euer n\u00e4chstgelegenes <a href=\"https:\/\/shrimataji.org\/test\/de\/zentren-weltweit\/\" target=\"_blank\" rel=\"noopener\">Sahaja-Yoga-Zentrum<\/a> sowie Online-Meditationskurse und -Programme ausfindig machen. Nutz die Links f\u00fcr die Suche nach einer Sahaja-Yoga-Website f\u00fcr weitere Informationen.<\/p>\n\t\t\t\t\t<a href=\"void(0);\" id=\"fl-accordion--label-0\" aria-controls=\"fl-accordion--panel-0\">Karte<\/a>\n\t\t\t\t\t\t\t\t\t\t\t<a href=\"#\" id=\"fl-accordion--icon-0\" aria-controls=\"fl-accordion--panel-0\"><i>Expand<\/i><\/a>\n\t\t\t\t\t<h4>Anmerkung: <\/h4>\n<p>Diese Karte ist im Aufbau und zeigt aktuell nur einen kleinen Teil der weltweiten Sahaja-Yoga-Zentren und -Kurse. Man kann sie stufenlos vergr\u00f6\u00dfern, um lokale Treffpunkte zu lokalisieren. Da die Karte laufend aktualisiert wird, versucht es sp\u00e4ter noch einmal, sofern aktuell noch kein Zentrum in eurer N\u00e4he eingetragen ist.<\/p>\n<p>Your browser does not support iframes.<\/p>\n\t\t\t\t\t<a href=\"void(0);\" id=\"fl-accordion--label-1\" aria-controls=\"fl-accordion--panel-1\">Links<\/a>\n\t\t\t\t\t\t\t\t\t\t\t<a href=\"#\" id=\"fl-accordion--icon-1\" aria-controls=\"fl-accordion--panel-1\"><i>Expand<\/i><\/a>\n\t\t\t\t\t<h4><strong>Liste internationaler Sahaja-Yoga-Internetseiten<\/strong><\/h4>\n<p>Finde einen Sahaja-Yoga-Internetauftritt deines Landes:<\/p>\n<p>Your browser does not support iframes.<\/p>\n\n","protected":false},"excerpt":{"rendered":"<p>Kollektive Meditation Zum festen Bestandteil des Ganzen werden In ihren Lehren offenbart Shri Mataji, dass wir in Wirklichkeit Teil eines lebendigen spirituellen Universums (Virata) sind. Es existiert ewig und jenseits der Dimensionen von Raum, Zeit und Materie. Die Zellen unseres physischen K\u00f6rpers bleiben erhalten, solange sie Teil des K\u00f6rpers sind. Doch getrennt davon, h\u00f6ren sie&hellip; <br \/> <a class=\"read-more\" href=\"https:\/\/shrimataji.org\/test\/de\/kollektive-meditation\/\">Read more<\/a><\/p>\n","protected":false},"author":10,"featured_media":9241,"parent":0,"menu_order":0,"comment_status":"closed","ping_status":"closed","template":"","meta":{"inline_featured_image":false,"footnotes":""},"class_list":["post-10630","page","type-page","status-publish","has-post-thumbnail","hentry"],"yoast_head":"<!-- This site is optimized with the Yoast SEO plugin v27.4 - https:\/\/yoast.com\/product\/yoast-seo-wordpress\/ -->\n<title>Kollektive Meditation - TEST - SMND<\/title>\n<meta name=\"robots\" content=\"noindex, follow, max-snippet:-1, max-image-preview:large, max-video-preview:-1\" \/>\n<meta property=\"og:locale\" content=\"en_US\" \/>\n<meta property=\"og:type\" content=\"article\" \/>\n<meta property=\"og:title\" content=\"Kollektive Meditation - TEST - SMND\" \/>\n<meta property=\"og:description\" content=\"Kollektive Meditation Zum festen Bestandteil des Ganzen werden In ihren Lehren offenbart Shri Mataji, dass wir in Wirklichkeit Teil eines lebendigen spirituellen Universums (Virata) sind. Es existiert ewig und jenseits der Dimensionen von Raum, Zeit und Materie. Die Zellen unseres physischen K\u00f6rpers bleiben erhalten, solange sie Teil des K\u00f6rpers sind. Doch getrennt davon, h\u00f6ren sie&hellip; Read more\" \/>\n<meta property=\"og:url\" content=\"https:\/\/shrimataji.org\/test\/de\/kollektive-meditation\/\" \/>\n<meta property=\"og:site_name\" content=\"TEST - SMND\" \/>\n<meta property=\"article:publisher\" content=\"https:\/\/www.facebook.com\/shrimataji\" \/>\n<meta property=\"article:modified_time\" content=\"2024-04-27T01:15:17+00:00\" \/>\n<meta property=\"og:image\" content=\"https:\/\/shrimataji.org\/test\/wp-content\/uploads\/2023\/03\/6_Banner-SY-collective-scaled.jpg\" \/>\n\t<meta property=\"og:image:width\" content=\"2560\" \/>\n\t<meta property=\"og:image:height\" content=\"905\" \/>\n\t<meta property=\"og:image:type\" content=\"image\/jpeg\" \/>\n<meta name=\"twitter:card\" content=\"summary_large_image\" \/>\n<meta name=\"twitter:site\" content=\"@shrimataji\" \/>\n<meta name=\"twitter:label1\" content=\"Est. reading time\" \/>\n\t<meta name=\"twitter:data1\" content=\"2 minutes\" \/>\n<script type=\"application\/ld+json\" class=\"yoast-schema-graph\">{\"@context\":\"https:\\\/\\\/schema.org\",\"@graph\":[{\"@type\":\"WebPage\",\"@id\":\"https:\\\/\\\/shrimataji.org\\\/test\\\/de\\\/kollektive-meditation\\\/\",\"url\":\"https:\\\/\\\/shrimataji.org\\\/test\\\/de\\\/kollektive-meditation\\\/\",\"name\":\"Kollektive Meditation - TEST - SMND\",\"isPartOf\":{\"@id\":\"https:\\\/\\\/shrimataji.org\\\/test\\\/#website\"},\"primaryImageOfPage\":{\"@id\":\"https:\\\/\\\/shrimataji.org\\\/test\\\/de\\\/kollektive-meditation\\\/#primaryimage\"},\"image\":{\"@id\":\"https:\\\/\\\/shrimataji.org\\\/test\\\/de\\\/kollektive-meditation\\\/#primaryimage\"},\"thumbnailUrl\":\"https:\\\/\\\/shrimataji.org\\\/test\\\/wp-content\\\/uploads\\\/2023\\\/03\\\/6_Banner-SY-collective-scaled.jpg\",\"datePublished\":\"2022-01-23T03:35:11+00:00\",\"dateModified\":\"2024-04-27T01:15:17+00:00\",\"breadcrumb\":{\"@id\":\"https:\\\/\\\/shrimataji.org\\\/test\\\/de\\\/kollektive-meditation\\\/#breadcrumb\"},\"inLanguage\":\"en-US\",\"potentialAction\":[{\"@type\":\"ReadAction\",\"target\":[\"https:\\\/\\\/shrimataji.org\\\/test\\\/de\\\/kollektive-meditation\\\/\"]}]},{\"@type\":\"ImageObject\",\"inLanguage\":\"en-US\",\"@id\":\"https:\\\/\\\/shrimataji.org\\\/test\\\/de\\\/kollektive-meditation\\\/#primaryimage\",\"url\":\"https:\\\/\\\/shrimataji.org\\\/test\\\/wp-content\\\/uploads\\\/2023\\\/03\\\/6_Banner-SY-collective-scaled.jpg\",\"contentUrl\":\"https:\\\/\\\/shrimataji.org\\\/test\\\/wp-content\\\/uploads\\\/2023\\\/03\\\/6_Banner-SY-collective-scaled.jpg\",\"width\":2560,\"height\":905},{\"@type\":\"BreadcrumbList\",\"@id\":\"https:\\\/\\\/shrimataji.org\\\/test\\\/de\\\/kollektive-meditation\\\/#breadcrumb\",\"itemListElement\":[{\"@type\":\"ListItem\",\"position\":1,\"name\":\"Home\",\"item\":\"https:\\\/\\\/shrimataji.org\\\/test\\\/uk\\\/home-en\\\/\"},{\"@type\":\"ListItem\",\"position\":2,\"name\":\"Kollektive Meditation\"}]},{\"@type\":\"WebSite\",\"@id\":\"https:\\\/\\\/shrimataji.org\\\/test\\\/#website\",\"url\":\"https:\\\/\\\/shrimataji.org\\\/test\\\/\",\"name\":\"Shri Mataji Nirmala Devi\",\"description\":\"A Life Dedicated to Humanity\",\"publisher\":{\"@id\":\"https:\\\/\\\/shrimataji.org\\\/test\\\/#\\\/schema\\\/person\\\/a1b3419c6585f164aa96da1ff85715d1\"},\"potentialAction\":[{\"@type\":\"SearchAction\",\"target\":{\"@type\":\"EntryPoint\",\"urlTemplate\":\"https:\\\/\\\/shrimataji.org\\\/test\\\/?s={search_term_string}\"},\"query-input\":{\"@type\":\"PropertyValueSpecification\",\"valueRequired\":true,\"valueName\":\"search_term_string\"}}],\"inLanguage\":\"en-US\"},{\"@type\":[\"Person\",\"Organization\"],\"@id\":\"https:\\\/\\\/shrimataji.org\\\/test\\\/#\\\/schema\\\/person\\\/a1b3419c6585f164aa96da1ff85715d1\",\"name\":\"Nirmala Shrivastava\",\"image\":{\"@type\":\"ImageObject\",\"inLanguage\":\"en-US\",\"@id\":\"https:\\\/\\\/shrimataji.org\\\/test\\\/wp-content\\\/uploads\\\/2023\\\/02\\\/SMO_LOGO-03.svg\",\"url\":\"https:\\\/\\\/shrimataji.org\\\/test\\\/wp-content\\\/uploads\\\/2023\\\/02\\\/SMO_LOGO-03.svg\",\"contentUrl\":\"https:\\\/\\\/shrimataji.org\\\/test\\\/wp-content\\\/uploads\\\/2023\\\/02\\\/SMO_LOGO-03.svg\",\"width\":\"1024\",\"height\":\"1024\",\"caption\":\"Nirmala Shrivastava\"},\"logo\":{\"@id\":\"https:\\\/\\\/shrimataji.org\\\/test\\\/wp-content\\\/uploads\\\/2023\\\/02\\\/SMO_LOGO-03.svg\"},\"sameAs\":[\"https:\\\/\\\/shrimataji.org\\\/test\",\"https:\\\/\\\/www.facebook.com\\\/shrimataji\",\"https:\\\/\\\/x.com\\\/shrimataji\",\"https:\\\/\\\/www.youtube.com\\\/@Shri_Mataji_Nirmala_Devi\\\/featured\"]}]}<\/script>\n<!-- \/ Yoast SEO plugin. -->","yoast_head_json":{"title":"Kollektive Meditation - TEST - SMND","robots":{"index":"noindex","follow":"follow","max-snippet":"max-snippet:-1","max-image-preview":"max-image-preview:large","max-video-preview":"max-video-preview:-1"},"og_locale":"en_US","og_type":"article","og_title":"Kollektive Meditation - TEST - SMND","og_description":"Kollektive Meditation Zum festen Bestandteil des Ganzen werden In ihren Lehren offenbart Shri Mataji, dass wir in Wirklichkeit Teil eines lebendigen spirituellen Universums (Virata) sind. Es existiert ewig und jenseits der Dimensionen von Raum, Zeit und Materie. Die Zellen unseres physischen K\u00f6rpers bleiben erhalten, solange sie Teil des K\u00f6rpers sind. Doch getrennt davon, h\u00f6ren sie&hellip; Read more","og_url":"https:\/\/shrimataji.org\/test\/de\/kollektive-meditation\/","og_site_name":"TEST - SMND","article_publisher":"https:\/\/www.facebook.com\/shrimataji","article_modified_time":"2024-04-27T01:15:17+00:00","og_image":[{"width":2560,"height":905,"url":"https:\/\/shrimataji.org\/test\/wp-content\/uploads\/2023\/03\/6_Banner-SY-collective-scaled.jpg","type":"image\/jpeg"}],"twitter_card":"summary_large_image","twitter_site":"@shrimataji","twitter_misc":{"Est. reading time":"2 minutes"},"schema":{"@context":"https:\/\/schema.org","@graph":[{"@type":"WebPage","@id":"https:\/\/shrimataji.org\/test\/de\/kollektive-meditation\/","url":"https:\/\/shrimataji.org\/test\/de\/kollektive-meditation\/","name":"Kollektive Meditation - TEST - SMND","isPartOf":{"@id":"https:\/\/shrimataji.org\/test\/#website"},"primaryImageOfPage":{"@id":"https:\/\/shrimataji.org\/test\/de\/kollektive-meditation\/#primaryimage"},"image":{"@id":"https:\/\/shrimataji.org\/test\/de\/kollektive-meditation\/#primaryimage"},"thumbnailUrl":"https:\/\/shrimataji.org\/test\/wp-content\/uploads\/2023\/03\/6_Banner-SY-collective-scaled.jpg","datePublished":"2022-01-23T03:35:11+00:00","dateModified":"2024-04-27T01:15:17+00:00","breadcrumb":{"@id":"https:\/\/shrimataji.org\/test\/de\/kollektive-meditation\/#breadcrumb"},"inLanguage":"en-US","potentialAction":[{"@type":"ReadAction","target":["https:\/\/shrimataji.org\/test\/de\/kollektive-meditation\/"]}]},{"@type":"ImageObject","inLanguage":"en-US","@id":"https:\/\/shrimataji.org\/test\/de\/kollektive-meditation\/#primaryimage","url":"https:\/\/shrimataji.org\/test\/wp-content\/uploads\/2023\/03\/6_Banner-SY-collective-scaled.jpg","contentUrl":"https:\/\/shrimataji.org\/test\/wp-content\/uploads\/2023\/03\/6_Banner-SY-collective-scaled.jpg","width":2560,"height":905},{"@type":"BreadcrumbList","@id":"https:\/\/shrimataji.org\/test\/de\/kollektive-meditation\/#breadcrumb","itemListElement":[{"@type":"ListItem","position":1,"name":"Home","item":"https:\/\/shrimataji.org\/test\/uk\/home-en\/"},{"@type":"ListItem","position":2,"name":"Kollektive Meditation"}]},{"@type":"WebSite","@id":"https:\/\/shrimataji.org\/test\/#website","url":"https:\/\/shrimataji.org\/test\/","name":"Shri Mataji Nirmala Devi","description":"A Life Dedicated to Humanity","publisher":{"@id":"https:\/\/shrimataji.org\/test\/#\/schema\/person\/a1b3419c6585f164aa96da1ff85715d1"},"potentialAction":[{"@type":"SearchAction","target":{"@type":"EntryPoint","urlTemplate":"https:\/\/shrimataji.org\/test\/?s={search_term_string}"},"query-input":{"@type":"PropertyValueSpecification","valueRequired":true,"valueName":"search_term_string"}}],"inLanguage":"en-US"},{"@type":["Person","Organization"],"@id":"https:\/\/shrimataji.org\/test\/#\/schema\/person\/a1b3419c6585f164aa96da1ff85715d1","name":"Nirmala Shrivastava","image":{"@type":"ImageObject","inLanguage":"en-US","@id":"https:\/\/shrimataji.org\/test\/wp-content\/uploads\/2023\/02\/SMO_LOGO-03.svg","url":"https:\/\/shrimataji.org\/test\/wp-content\/uploads\/2023\/02\/SMO_LOGO-03.svg","contentUrl":"https:\/\/shrimataji.org\/test\/wp-content\/uploads\/2023\/02\/SMO_LOGO-03.svg","width":"1024","height":"1024","caption":"Nirmala Shrivastava"},"logo":{"@id":"https:\/\/shrimataji.org\/test\/wp-content\/uploads\/2023\/02\/SMO_LOGO-03.svg"},"sameAs":["https:\/\/shrimataji.org\/test","https:\/\/www.facebook.com\/shrimataji","https:\/\/x.com\/shrimataji","https:\/\/www.youtube.com\/@Shri_Mataji_Nirmala_Devi\/featured"]}]}},"lang":"de","translations":{"de":10630,"ur":37402,"en":7046,"am":17973,"th":19904,"hu":19448,"sq":18374,"zh":17271,"hi":7378,"tr":10143,"pt":10356,"fr":10728,"it":10826,"es":10923,"ja":11220,"ru":11408,"bn":11600,"te":11708,"sw":11831,"he":11979,"el":12270,"sk":12368,"fa":12466,"fi":12564,"bg":13407,"ro":14481,"cs":14674,"nl":16534,"ku":16694,"ar":16870,"be":18581,"kn":18855,"mr":20268,"uk":20560,"ml":20859,"ta":22689,"sv":22962,"gu":28810,"pa":28968,"fil":29408,"da":37716,"pl":37933,"nn":38268},"pll_sync_post":[],"_links":{"self":[{"href":"https:\/\/shrimataji.org\/test\/wp-json\/wp\/v2\/pages\/10630","targetHints":{"allow":["GET"]}}],"collection":[{"href":"https:\/\/shrimataji.org\/test\/wp-json\/wp\/v2\/pages"}],"about":[{"href":"https:\/\/shrimataji.org\/test\/wp-json\/wp\/v2\/types\/page"}],"author":[{"embeddable":true,"href":"https:\/\/shrimataji.org\/test\/wp-json\/wp\/v2\/users\/10"}],"replies":[{"embeddable":true,"href":"https:\/\/shrimataji.org\/test\/wp-json\/wp\/v2\/comments?post=10630"}],"version-history":[{"count":0,"href":"https:\/\/shrimataji.org\/test\/wp-json\/wp\/v2\/pages\/10630\/revisions"}],"wp:featuredmedia":[{"embeddable":true,"href":"https:\/\/shrimataji.org\/test\/wp-json\/wp\/v2\/media\/9241"}],"wp:attachment":[{"href":"https:\/\/shrimataji.org\/test\/wp-json\/wp\/v2\/media?parent=10630"}],"curies":[{"name":"wp","href":"https:\/\/api.w.org\/{rel}","templated":true}]}}