{"id":10631,"date":"2018-07-10T06:54:46","date_gmt":"2018-07-10T06:54:46","guid":{"rendered":"http:\/\/testwordpress.nirmalnagari.org\/smnd\/index.php\/college-years\/"},"modified":"2024-04-27T01:15:16","modified_gmt":"2024-04-27T01:15:16","slug":"hochschuljahre","status":"publish","type":"page","link":"https:\/\/shrimataji.org\/test\/de\/hochschuljahre\/","title":{"rendered":"Hochschuljahre"},"content":{"rendered":"\n\n\t<h1><strong>Hochschuljahre<\/strong><\/h1>\n<h2>Der Kampf um die Freiheit<\/h2>\n\t<div class=\"su-quote su-quote-style-default\"><div class=\"su-quote-inner su-u-clearfix su-u-trim\">Die \u00c4cker euer D\u00f6rfer werden euren Ruhm besingen und in den St\u00e4dten wird seine Melodie widerhallen.<\/p>\n<p>&#8211; Sieg, Dir Mutter Indien. Dein sei der Sieg! <\/div><\/div>\n\t<h4>Am 15. August 1947 bejubelten Schlag Mitternacht Millionen die Freiheit ihres Landes. In ganz Indien begr\u00fc\u00dften St\u00e4dte und D\u00f6rfer die Trikolore.<\/h4>\n\t\t\t\t<img loading=\"lazy\" decoding=\"async\" src=\"https:\/\/shrimataji.org\/test\/wp-content\/uploads\/2018\/07\/media_originals\/images\/shri-mataji-portraits\/shri-mataji-nirmala-devi-portrait-13yrs-old.jpg\" alt=\"Nirmala Srivastava mit 13 Jahren\" height=\"1141\" width=\"850\" title=\"shri-mataji-nirmala-devi-portrait-13yrs-old\" \/>\n\t\tNirmala Srivastava mit 13 Jahren\n\t<p>&#8220;Ich sah, wie der Union Jack herunterkam und die Trikolore gehisst wurde. Das war der Moment &#8211; ich konnte es nicht fassen&#8221;, erinnerte sich Shri Mataji. &#8220;Ich kann Ihnen nicht sagen, was f\u00fcr ein Gef\u00fchl das in diesem Moment war &#8211;\u00a0 als ob die Wahrheit irgendwie die Unwahrheit \u00fcberwunden und Gerechtigkeit \u00fcber Ungerechtigkeit gesiegt hatte.&#8221;<\/p>\n<p>Dank des Mutes und der Opferbereitschaft unz\u00e4hliger B\u00fcrger hatte nach Jahren der britischen Herrschaft der Kampf um die Unabh\u00e4ngigkeit endlich Fr\u00fcchte getragen. &#8220;Wie viele Menschen haben sich geopfert und wie viele M\u00e4rtyrer hat es gegeben?&#8221;<\/p>\n<p>Das Opfer ihrer Familie begann, als Shri Mataji erst acht Jahre alt war und ihre Eltern wegen ihrer Teilnahme am Freiheitskampf inhaftiert wurden. Bereits in diesem Alter \u00fcbernahm sie die Verantwortung f\u00fcr die Betreuung ihrer j\u00fcngeren Geschwister. Die Familie wurde aus ihrem komfortablen Zuhause vertrieben und f\u00fchrte ein spartanisches Leben in kleinen H\u00fctten. Sie schliefen auf dem Boden und hatten manchmal nichts zu essen. &#8220;Das Gef\u00fchl, dass unsere Eltern alles f\u00fcr die Freiheit unseres Landes tun, war so erhebend, dass wir nicht einmal an die kleinen Annehmlichkeiten dachten, nach denen Kinder fragen&#8221;, erinnerte sie sich.<\/p>\n\t<p>W\u00e4hrend ihres Studiums am Christian Medical College in Lahore beteiligte sich Shri Mataji als Jugendleiterin aktiv an Mahatma Gandhis &#8220;Quit India Movement&#8221; von 1942.<a href=\"#footnote-1\"><sup>[1]<\/sup><\/a> Oft wurde sie verhaftet und sogar gefoltert. Doch das tat ihrer Entschlossenheit, sich am Kampf f\u00fcr die Freiheit Indiens zu beteiligen, keinen Abbruch.<\/p>\n<p>Zu dieser Zeit traf sie einen besorgten indischen Mann, der ihr davon abriet, sich an der Bewegung zu beteiligen. Dies sei f\u00fcr eine junge Frau wie sie sehr gef\u00e4hrlich, und er riet ihr, zu Hause und bei ihrer Mutter zu bleiben. Doch Nirmalas Vater wollte davon nichts wissen. &#8220;Mein Vater rief mich auf zu sich&#8221;, erinnerte sie sich, &#8220;und er sagte: &#8216;H\u00f6r nicht auf diesen alten Johnny. Wie kann dieser alte Mann es wagen, Dir so einen Unsinn zu erz\u00e4hlen? Ich bin so stolz auf Dich. Ich hoffe, alle meine Kinder werden so wie Du.'&#8221;<\/p>\n\t<div class=\"epyt-video-wrapper\"><div  data-ep-a=\"fadeIn\"  style=\"display: block; margin: 0px auto;\"  id=\"_ytid_86954\"  width=\"3840\" height=\"2160\"  data-origwidth=\"3840\" data-origheight=\"2160\" data-facadesrc=\"https:\/\/www.youtube.com\/embed\/o43faH-pzzc?enablejsapi=1&autoplay=0&cc_load_policy=0&cc_lang_pref=&iv_load_policy=1&loop=0&rel=0&fs=1&playsinline=1&autohide=2&theme=dark&color=red&controls=1&disablekb=0&\" class=\"__youtube_prefs__ epyt-facade  no-lazyload\" data-epautoplay=\"1\" ><img decoding=\"async\" data-spai-excluded=\"true\" class=\"epyt-facade-poster skip-lazy\" loading=\"lazy\"  alt=\"YouTube player\"  src=\"https:\/\/i.ytimg.com\/vi\/o43faH-pzzc\/maxresdefault.jpg\"  \/><button class=\"epyt-facade-play\" aria-label=\"Play\"><svg data-no-lazy=\"1\" height=\"100%\" version=\"1.1\" viewBox=\"0 0 68 48\" width=\"100%\"><path class=\"ytp-large-play-button-bg\" d=\"M66.52,7.74c-0.78-2.93-2.49-5.41-5.42-6.19C55.79,.13,34,0,34,0S12.21,.13,6.9,1.55 C3.97,2.33,2.27,4.81,1.48,7.74C0.06,13.05,0,24,0,24s0.06,10.95,1.48,16.26c0.78,2.93,2.49,5.41,5.42,6.19 C12.21,47.87,34,48,34,48s21.79-0.13,27.1-1.55c2.93-0.78,4.64-3.26,5.42-6.19C67.94,34.95,68,24,68,24S67.94,13.05,66.52,7.74z\" fill=\"#f00\"><\/path><path d=\"M 45,24 27,14 27,34\" fill=\"#fff\"><\/path><\/svg><\/button><\/div><\/div><span itemprop=\"video\" itemscope itemtype=\"http:\/\/schema.org\/VideoObject\"><meta itemprop=\"embedUrl\" content=\"https:\/\/www.youtube.com\/embed\/o43faH-pzzc\"><meta itemprop=\"name\" content=\"India&#039;s Freedom And Independence\"><meta itemprop=\"description\" content=\"Shri Mataji remembers her family&#039;s role in the struggle for Indian independence. Sacrifices were made for the sake of political freedom, as Mahatma Gandhi, with a special charm, transformed the people into a new personality. Indians felt themselves to be no longer helpless individuals, but a part of something great. From this political struggle, we can today learn how to attain the freedom of our spirit. More videos at: http:\/\/ShriMataji.org ~ A Life Dedicated to Humanity ~\"><meta itemprop=\"thumbnailUrl\" content=\"https:\/\/i.ytimg.com\/vi\/o43faH-pzzc\/0.jpg\"><meta itemprop=\"duration\" content=\"PT3M52S\"><meta itemprop=\"uploadDate\" content=\"2020-07-20T00:28:05Z\"><\/span>\n\t<p>Indien wurde zwar befreit, doch die britische Politik von &#8220;Teile und Herrsche&#8221; hinterlie\u00df ihre Spuren und f\u00fchrte schlie\u00dflich zur Entstehung von drei getrennten L\u00e4ndern &#8211; Indien, Pakistan und Bangladesch. In den Wirren nach der Unabh\u00e4ngigkeit \u00f6ffnete Shri Mataji trotz der drohenden Gefahr f\u00fcr ihr eigenes Leben ihr Haus f\u00fcr eine Zuflucht suchende muslimische Familie. Sie diskriminierte niemanden aufgrund von Religion oder Herkunft und f\u00f6rderte jederzeit die Integration.<\/p>\n\t<div class=\"su-quote su-quote-style-default\"><div class=\"su-quote-inner su-u-clearfix su-u-trim\">Ihr solltet euer Land lieben mit der Perspektive, dass wir eines Tages eine vereinte Welt haben werden. <\/div><\/div>\n\t\n\t \n\t<p><a id=\"footnote-1\"><\/a>[1] Von Mohandas K. Gandhi und dem Indischen Nationalkongress im August 1942 ins Leben gerufene Bewegung zivilen Ungehorsams. Sie rief zu entschlossenem, aber passivem Widerstand gegen die britische Herrschaft und zu einem &#8220;geordneten R\u00fcckzug der Briten&#8221; aus Indien auf.<\/p>\n\n","protected":false},"excerpt":{"rendered":"<p>Hochschuljahre Der Kampf um die Freiheit Am 15. August 1947 bejubelten Schlag Mitternacht Millionen die Freiheit ihres Landes. In ganz Indien begr\u00fc\u00dften St\u00e4dte und D\u00f6rfer die Trikolore. Nirmala Srivastava mit 13 Jahren &#8220;Ich sah, wie der Union Jack herunterkam und die Trikolore gehisst wurde. Das war der Moment &#8211; ich konnte es nicht fassen&#8221;, erinnerte&hellip; <br \/> <a class=\"read-more\" href=\"https:\/\/shrimataji.org\/test\/de\/hochschuljahre\/\">Read more<\/a><\/p>\n","protected":false},"author":10,"featured_media":9508,"parent":0,"menu_order":0,"comment_status":"closed","ping_status":"closed","template":"","meta":{"inline_featured_image":false,"footnotes":""},"class_list":["post-10631","page","type-page","status-publish","has-post-thumbnail","hentry"],"yoast_head":"<!-- This site is optimized with the Yoast SEO plugin v27.4 - https:\/\/yoast.com\/product\/yoast-seo-wordpress\/ -->\n<title>Hochschuljahre - TEST - SMND<\/title>\n<meta name=\"robots\" content=\"noindex, follow, max-snippet:-1, max-image-preview:large, max-video-preview:-1\" \/>\n<meta property=\"og:locale\" content=\"en_US\" \/>\n<meta property=\"og:type\" content=\"article\" \/>\n<meta property=\"og:title\" content=\"Hochschuljahre - TEST - SMND\" \/>\n<meta property=\"og:description\" content=\"Hochschuljahre Der Kampf um die Freiheit Am 15. August 1947 bejubelten Schlag Mitternacht Millionen die Freiheit ihres Landes. In ganz Indien begr\u00fc\u00dften St\u00e4dte und D\u00f6rfer die Trikolore. Nirmala Srivastava mit 13 Jahren &#8220;Ich sah, wie der Union Jack herunterkam und die Trikolore gehisst wurde. Das war der Moment &#8211; ich konnte es nicht fassen&#8221;, erinnerte&hellip; Read more\" \/>\n<meta property=\"og:url\" content=\"https:\/\/shrimataji.org\/test\/de\/hochschuljahre\/\" \/>\n<meta property=\"og:site_name\" content=\"TEST - SMND\" \/>\n<meta property=\"article:publisher\" content=\"https:\/\/www.facebook.com\/shrimataji\" \/>\n<meta property=\"article:modified_time\" content=\"2024-04-27T01:15:16+00:00\" \/>\n<meta property=\"og:image\" content=\"https:\/\/shrimataji.org\/test\/wp-content\/uploads\/2023\/03\/2_Banner_EarlyLife-College-2-scaled.jpg\" \/>\n\t<meta property=\"og:image:width\" content=\"2560\" \/>\n\t<meta property=\"og:image:height\" content=\"905\" \/>\n\t<meta property=\"og:image:type\" content=\"image\/jpeg\" \/>\n<meta name=\"twitter:card\" content=\"summary_large_image\" \/>\n<meta name=\"twitter:site\" content=\"@shrimataji\" \/>\n<meta name=\"twitter:label1\" content=\"Est. reading time\" \/>\n\t<meta name=\"twitter:data1\" content=\"3 minutes\" \/>\n<script type=\"application\/ld+json\" class=\"yoast-schema-graph\">{\"@context\":\"https:\\\/\\\/schema.org\",\"@graph\":[{\"@type\":\"WebPage\",\"@id\":\"https:\\\/\\\/shrimataji.org\\\/test\\\/de\\\/hochschuljahre\\\/\",\"url\":\"https:\\\/\\\/shrimataji.org\\\/test\\\/de\\\/hochschuljahre\\\/\",\"name\":\"Hochschuljahre - TEST - SMND\",\"isPartOf\":{\"@id\":\"https:\\\/\\\/shrimataji.org\\\/test\\\/#website\"},\"primaryImageOfPage\":{\"@id\":\"https:\\\/\\\/shrimataji.org\\\/test\\\/de\\\/hochschuljahre\\\/#primaryimage\"},\"image\":{\"@id\":\"https:\\\/\\\/shrimataji.org\\\/test\\\/de\\\/hochschuljahre\\\/#primaryimage\"},\"thumbnailUrl\":\"https:\\\/\\\/shrimataji.org\\\/test\\\/wp-content\\\/uploads\\\/2023\\\/03\\\/2_Banner_EarlyLife-College-2-scaled.jpg\",\"datePublished\":\"2018-07-10T06:54:46+00:00\",\"dateModified\":\"2024-04-27T01:15:16+00:00\",\"breadcrumb\":{\"@id\":\"https:\\\/\\\/shrimataji.org\\\/test\\\/de\\\/hochschuljahre\\\/#breadcrumb\"},\"inLanguage\":\"en-US\",\"potentialAction\":[{\"@type\":\"ReadAction\",\"target\":[\"https:\\\/\\\/shrimataji.org\\\/test\\\/de\\\/hochschuljahre\\\/\"]}]},{\"@type\":\"ImageObject\",\"inLanguage\":\"en-US\",\"@id\":\"https:\\\/\\\/shrimataji.org\\\/test\\\/de\\\/hochschuljahre\\\/#primaryimage\",\"url\":\"https:\\\/\\\/shrimataji.org\\\/test\\\/wp-content\\\/uploads\\\/2023\\\/03\\\/2_Banner_EarlyLife-College-2-scaled.jpg\",\"contentUrl\":\"https:\\\/\\\/shrimataji.org\\\/test\\\/wp-content\\\/uploads\\\/2023\\\/03\\\/2_Banner_EarlyLife-College-2-scaled.jpg\",\"width\":2560,\"height\":905},{\"@type\":\"BreadcrumbList\",\"@id\":\"https:\\\/\\\/shrimataji.org\\\/test\\\/de\\\/hochschuljahre\\\/#breadcrumb\",\"itemListElement\":[{\"@type\":\"ListItem\",\"position\":1,\"name\":\"Home\",\"item\":\"https:\\\/\\\/shrimataji.org\\\/test\\\/uk\\\/home-en\\\/\"},{\"@type\":\"ListItem\",\"position\":2,\"name\":\"Hochschuljahre\"}]},{\"@type\":\"WebSite\",\"@id\":\"https:\\\/\\\/shrimataji.org\\\/test\\\/#website\",\"url\":\"https:\\\/\\\/shrimataji.org\\\/test\\\/\",\"name\":\"Shri Mataji Nirmala Devi\",\"description\":\"A Life Dedicated to Humanity\",\"publisher\":{\"@id\":\"https:\\\/\\\/shrimataji.org\\\/test\\\/#\\\/schema\\\/person\\\/a1b3419c6585f164aa96da1ff85715d1\"},\"potentialAction\":[{\"@type\":\"SearchAction\",\"target\":{\"@type\":\"EntryPoint\",\"urlTemplate\":\"https:\\\/\\\/shrimataji.org\\\/test\\\/?s={search_term_string}\"},\"query-input\":{\"@type\":\"PropertyValueSpecification\",\"valueRequired\":true,\"valueName\":\"search_term_string\"}}],\"inLanguage\":\"en-US\"},{\"@type\":[\"Person\",\"Organization\"],\"@id\":\"https:\\\/\\\/shrimataji.org\\\/test\\\/#\\\/schema\\\/person\\\/a1b3419c6585f164aa96da1ff85715d1\",\"name\":\"Nirmala Shrivastava\",\"image\":{\"@type\":\"ImageObject\",\"inLanguage\":\"en-US\",\"@id\":\"https:\\\/\\\/shrimataji.org\\\/test\\\/wp-content\\\/uploads\\\/2023\\\/02\\\/SMO_LOGO-03.svg\",\"url\":\"https:\\\/\\\/shrimataji.org\\\/test\\\/wp-content\\\/uploads\\\/2023\\\/02\\\/SMO_LOGO-03.svg\",\"contentUrl\":\"https:\\\/\\\/shrimataji.org\\\/test\\\/wp-content\\\/uploads\\\/2023\\\/02\\\/SMO_LOGO-03.svg\",\"width\":\"1024\",\"height\":\"1024\",\"caption\":\"Nirmala Shrivastava\"},\"logo\":{\"@id\":\"https:\\\/\\\/shrimataji.org\\\/test\\\/wp-content\\\/uploads\\\/2023\\\/02\\\/SMO_LOGO-03.svg\"},\"sameAs\":[\"https:\\\/\\\/shrimataji.org\\\/test\",\"https:\\\/\\\/www.facebook.com\\\/shrimataji\",\"https:\\\/\\\/x.com\\\/shrimataji\",\"https:\\\/\\\/www.youtube.com\\\/@Shri_Mataji_Nirmala_Devi\\\/featured\"]}]}<\/script>\n<!-- \/ Yoast SEO plugin. -->","yoast_head_json":{"title":"Hochschuljahre - TEST - SMND","robots":{"index":"noindex","follow":"follow","max-snippet":"max-snippet:-1","max-image-preview":"max-image-preview:large","max-video-preview":"max-video-preview:-1"},"og_locale":"en_US","og_type":"article","og_title":"Hochschuljahre - TEST - SMND","og_description":"Hochschuljahre Der Kampf um die Freiheit Am 15. August 1947 bejubelten Schlag Mitternacht Millionen die Freiheit ihres Landes. In ganz Indien begr\u00fc\u00dften St\u00e4dte und D\u00f6rfer die Trikolore. Nirmala Srivastava mit 13 Jahren &#8220;Ich sah, wie der Union Jack herunterkam und die Trikolore gehisst wurde. Das war der Moment &#8211; ich konnte es nicht fassen&#8221;, erinnerte&hellip; Read more","og_url":"https:\/\/shrimataji.org\/test\/de\/hochschuljahre\/","og_site_name":"TEST - SMND","article_publisher":"https:\/\/www.facebook.com\/shrimataji","article_modified_time":"2024-04-27T01:15:16+00:00","og_image":[{"width":2560,"height":905,"url":"https:\/\/shrimataji.org\/test\/wp-content\/uploads\/2023\/03\/2_Banner_EarlyLife-College-2-scaled.jpg","type":"image\/jpeg"}],"twitter_card":"summary_large_image","twitter_site":"@shrimataji","twitter_misc":{"Est. reading time":"3 minutes"},"schema":{"@context":"https:\/\/schema.org","@graph":[{"@type":"WebPage","@id":"https:\/\/shrimataji.org\/test\/de\/hochschuljahre\/","url":"https:\/\/shrimataji.org\/test\/de\/hochschuljahre\/","name":"Hochschuljahre - TEST - SMND","isPartOf":{"@id":"https:\/\/shrimataji.org\/test\/#website"},"primaryImageOfPage":{"@id":"https:\/\/shrimataji.org\/test\/de\/hochschuljahre\/#primaryimage"},"image":{"@id":"https:\/\/shrimataji.org\/test\/de\/hochschuljahre\/#primaryimage"},"thumbnailUrl":"https:\/\/shrimataji.org\/test\/wp-content\/uploads\/2023\/03\/2_Banner_EarlyLife-College-2-scaled.jpg","datePublished":"2018-07-10T06:54:46+00:00","dateModified":"2024-04-27T01:15:16+00:00","breadcrumb":{"@id":"https:\/\/shrimataji.org\/test\/de\/hochschuljahre\/#breadcrumb"},"inLanguage":"en-US","potentialAction":[{"@type":"ReadAction","target":["https:\/\/shrimataji.org\/test\/de\/hochschuljahre\/"]}]},{"@type":"ImageObject","inLanguage":"en-US","@id":"https:\/\/shrimataji.org\/test\/de\/hochschuljahre\/#primaryimage","url":"https:\/\/shrimataji.org\/test\/wp-content\/uploads\/2023\/03\/2_Banner_EarlyLife-College-2-scaled.jpg","contentUrl":"https:\/\/shrimataji.org\/test\/wp-content\/uploads\/2023\/03\/2_Banner_EarlyLife-College-2-scaled.jpg","width":2560,"height":905},{"@type":"BreadcrumbList","@id":"https:\/\/shrimataji.org\/test\/de\/hochschuljahre\/#breadcrumb","itemListElement":[{"@type":"ListItem","position":1,"name":"Home","item":"https:\/\/shrimataji.org\/test\/uk\/home-en\/"},{"@type":"ListItem","position":2,"name":"Hochschuljahre"}]},{"@type":"WebSite","@id":"https:\/\/shrimataji.org\/test\/#website","url":"https:\/\/shrimataji.org\/test\/","name":"Shri Mataji Nirmala Devi","description":"A Life Dedicated to Humanity","publisher":{"@id":"https:\/\/shrimataji.org\/test\/#\/schema\/person\/a1b3419c6585f164aa96da1ff85715d1"},"potentialAction":[{"@type":"SearchAction","target":{"@type":"EntryPoint","urlTemplate":"https:\/\/shrimataji.org\/test\/?s={search_term_string}"},"query-input":{"@type":"PropertyValueSpecification","valueRequired":true,"valueName":"search_term_string"}}],"inLanguage":"en-US"},{"@type":["Person","Organization"],"@id":"https:\/\/shrimataji.org\/test\/#\/schema\/person\/a1b3419c6585f164aa96da1ff85715d1","name":"Nirmala Shrivastava","image":{"@type":"ImageObject","inLanguage":"en-US","@id":"https:\/\/shrimataji.org\/test\/wp-content\/uploads\/2023\/02\/SMO_LOGO-03.svg","url":"https:\/\/shrimataji.org\/test\/wp-content\/uploads\/2023\/02\/SMO_LOGO-03.svg","contentUrl":"https:\/\/shrimataji.org\/test\/wp-content\/uploads\/2023\/02\/SMO_LOGO-03.svg","width":"1024","height":"1024","caption":"Nirmala Shrivastava"},"logo":{"@id":"https:\/\/shrimataji.org\/test\/wp-content\/uploads\/2023\/02\/SMO_LOGO-03.svg"},"sameAs":["https:\/\/shrimataji.org\/test","https:\/\/www.facebook.com\/shrimataji","https:\/\/x.com\/shrimataji","https:\/\/www.youtube.com\/@Shri_Mataji_Nirmala_Devi\/featured"]}]}},"lang":"de","translations":{"de":10631,"ur":37404,"en":413,"am":17975,"th":19907,"hu":19450,"sq":18376,"zh":17273,"hi":8384,"tr":10144,"pt":10357,"fr":10729,"it":10827,"es":10924,"ja":11221,"ru":11409,"bn":11601,"te":11709,"sw":11832,"he":11980,"el":12271,"sk":12369,"fa":12467,"fi":12565,"bg":13452,"ro":14526,"cs":14719,"nl":16536,"ku":16696,"ar":16872,"be":18583,"kn":18857,"mr":20271,"uk":20563,"ml":20862,"ta":22691,"sv":22964,"gu":28812,"pa":28970,"fil":29410,"da":37718,"pl":37935,"nn":38270},"pll_sync_post":[],"_links":{"self":[{"href":"https:\/\/shrimataji.org\/test\/wp-json\/wp\/v2\/pages\/10631","targetHints":{"allow":["GET"]}}],"collection":[{"href":"https:\/\/shrimataji.org\/test\/wp-json\/wp\/v2\/pages"}],"about":[{"href":"https:\/\/shrimataji.org\/test\/wp-json\/wp\/v2\/types\/page"}],"author":[{"embeddable":true,"href":"https:\/\/shrimataji.org\/test\/wp-json\/wp\/v2\/users\/10"}],"replies":[{"embeddable":true,"href":"https:\/\/shrimataji.org\/test\/wp-json\/wp\/v2\/comments?post=10631"}],"version-history":[{"count":0,"href":"https:\/\/shrimataji.org\/test\/wp-json\/wp\/v2\/pages\/10631\/revisions"}],"wp:featuredmedia":[{"embeddable":true,"href":"https:\/\/shrimataji.org\/test\/wp-json\/wp\/v2\/media\/9508"}],"wp:attachment":[{"href":"https:\/\/shrimataji.org\/test\/wp-json\/wp\/v2\/media?parent=10631"}],"curies":[{"name":"wp","href":"https:\/\/api.w.org\/{rel}","templated":true}]}}