{"id":10633,"date":"2018-07-10T06:54:42","date_gmt":"2018-07-10T06:54:42","guid":{"rendered":"http:\/\/testwordpress.nirmalnagari.org\/smnd\/index.php\/creativity\/"},"modified":"2024-04-27T01:15:17","modified_gmt":"2024-04-27T01:15:17","slug":"kreativitaet","status":"publish","type":"page","link":"https:\/\/shrimataji.org\/test\/de\/kreativitaet\/","title":{"rendered":"Kreativit\u00e4t"},"content":{"rendered":"\n\n\t<h1>Kreativit\u00e4t<\/h1>\n<h2>Ausdruck innerer Sch\u00f6nheit<\/h2>\n\t<h4>W\u00e4hrend ihres gesamten Lebens und Wirkens widmete Shri Mataji viel Zeit und Energie der F\u00f6rderung der Kunst. Sie betrachtete sie als eins der wichtigsten Mittel, um die Kulturen der Welt auszudr\u00fccken und zu f\u00f6rdern. Insbesondere die reichhaltigen alten k\u00fcnstlerischen Traditionen ihres Heimatlandes Indien wollte sie bewahren und setzte sich aktiv f\u00fcr deren weltweite Verbreitung ein.<\/h4>\n\t\t\t\t<img loading=\"lazy\" decoding=\"async\" src=\"https:\/\/shrimataji.org\/test\/wp-content\/uploads\/2018\/07\/media_originals\/images\/art\/blick-vom-garten-1024x722.jpg\" alt=\"blick-vom-garten\" height=\"722\" width=\"1024\" title=\"blick-vom-garten\" \/>\n\t<p>2003 gr\u00fcndete Shri Mataji mit Hilfe ihres liebevoll &#8220;Babamama&#8221; genannten Bruders ein Kunstzentrum in Maharashtra, Indien. Studenten aus aller Welt kommen hierher, um in ruhiger l\u00e4ndlicher Umgebung klassische indische Musik sowie Tanz und Malerei zu studieren. Shri Mataji leitete pers\u00f6nlich die architektonische Gestaltung der <a href=\"https:\/\/www.pksacademy.com\/\" target=\"_blank\" rel=\"noopener\">PK Salve Arts Academy<\/a> sowie anderer Geb\u00e4ude, die f\u00fcr humanit\u00e4re Zwecke errichtet wurden. Dazu geh\u00f6rte auch das <a href=\"https:\/\/www.nirmalprem.org\/\" target=\"_blank\" rel=\"noopener\">Vishwa Nirmala Prem Centre for Destitute Women and Orphan Children<\/a> in Delhi.<\/p>\n<p>Sie erkannte die Bedeutung handgefertigter Produkte und unterst\u00fctzte in der Tradition Mahatma Gandhis konsequent die f\u00fcr das wirtschaftliche und kulturelle Leben Indiens wichtigen Handwerksbetriebe.<\/p>\n\t<p>Im Laufe der Jahre f\u00f6rderte Shri Mataji einige der bekanntesten Vertreter der klassischen Musik und des Tanzes Indiens und lud sie zu Konzerten und Programmen ein. Viele, die in ihrer Gegenwart auftraten, beschrieben dies als einen transformativen Moment in ihrer k\u00fcnstlerischen Entwicklung. Shri Matajis starke sch\u00f6pferische Energie habe ihre Kreativit\u00e4t und ihr K\u00f6nnen gesteigert.<\/p>\n\t<p><a href=\"https:\/\/www.sarod.com\/index.php\" target=\"_blank\" rel=\"noopener\">Ustad Amjad Ali Khan<\/a>, <a href=\"https:\/\/www.amruta.org\/tag\/debu-chaudhuri\/\" target=\"_blank\" rel=\"noopener\">Debu Chaudhari<\/a> und <a href=\"https:\/\/www.wikiwand.com\/en\/Bismillah_Khan\" target=\"_blank\" rel=\"noopener\">Ustad Bismillah Khan<\/a> sind nur einige der ber\u00fchmten K\u00fcnstler, die auf Einladung von Shri Mataji auftraten. Sie selbst schrieb B\u00fccher, Bhajans (indische Andachtslieder) und Gedichte.<\/p>\n<p>Shri Mataji f\u00f6rderte ebenfalls das Theater als Form der darstellenden Kunst und ermutigte eine Gruppe talentierter Theatermacher, sich zum <a href=\"https:\/\/theatreofeternalvalues.com\/\" target=\"_blank\" rel=\"noopener\">Theatre of Eternal Values<\/a> zusammenzuschlie\u00dfen. Das 1993 im belgischen Gent gegr\u00fcndete Ensemble tourt noch immer international und f\u00fchrt Werke von Autoren auf, die ihr Publikum zu Selbst-Erkenntnis und spiritueller Entwicklung inspirieren.<\/p>\n\t<div class=\"su-quote su-quote-style-default\"><div class=\"su-quote-inner su-u-clearfix su-u-trim\"> Materialistisch im eigentlichen Sinne zu sein, bedeutet, den Wert von Materie an sich zu verstehen. Ihr Wert liegt in der \u00c4sthetik wahrer Kunst und dar\u00fcber hinaus darin, anderen damit Liebe geben zu k\u00f6nnen<\/div><\/div>.<\/p>\n\t<p>Das Theater of Eternal Values arbeitet mit Schulen, Universit\u00e4ten, Unternehmen und Gemeinden zusammen, um praktisches Fachwissen in p\u00e4dagogischen und k\u00fcnstlerischen Projekten wie dem <a href=\"https:\/\/www.theatreofeternalvalues.com\/events\" target=\"_blank\" rel=\"noopener\">Festival Culture of the Spirit<\/a> und der I<a href=\"https:\/\/www.theatreofeternalvalues.com\/education\/academy\" target=\"_blank\" rel=\"noopener\">nternational Nirmal Arts Academy<\/a> zu vermitteln. Dieses Jahr finden sie im italienischen Piemont statt.<\/p>\n\n\t\t\t\t<img loading=\"lazy\" decoding=\"async\" src=\"https:\/\/shrimataji.org\/test\/wp-content\/uploads\/2020\/05\/theater-of-eternal-values.jpg\" alt=\"William Blakes &quot;Divine Humanity&quot; (Theatre of Eternal Values)\" height=\"270\" width=\"1500\" title=\"theater-of-eternal-values\" \/>\n\t\tWilliam Blakes &#8220;Divine Humanity&#8221; (Theatre of Eternal Values)\n\t<p>Der alten indischen Yogatradition zufolge verf\u00fcgt der Mensch \u00fcber sieben wesentliche Qualit\u00e4ten. Die zweite davon ist das Prinzip der Kreativit\u00e4t, ohne die das Potenzial zur <a href=\"https:\/\/shrimataji.org\/test\/de\/selbst-verwirklichung\/\" target=\"_blank\" rel=\"noopener\">Selbst-Verwirklichung<\/a> oder Selbst-Erkenntnis \u00e4u\u00dferst begrenzt, wenn nicht gar unm\u00f6glich ist. Aus diesem Grund versuchte Shri Mataji in allen von ihr besuchten L\u00e4ndern, die individuellen und die sch\u00f6pferischen Kr\u00e4fte von Gemeinschaften zu wecken und zu f\u00f6rdern.<\/p>\n\t<div class=\"su-quote su-quote-style-default\"><div class=\"su-quote-inner su-u-clearfix su-u-trim\">Das ist die motivierende Kraft eines K\u00fcnstlers. Sie sind die sch\u00f6nsten Blumen der Sch\u00f6pfung, die s\u00fc\u00dfesten Tr\u00e4ume des Sch\u00f6pfers und die liebsten Teile der menschlichen Gesellschaft. Vielleicht wissen sie gar nicht, wie sehr sie von ihren Zuschauern geliebt und verehrt werden und wie sehr man ihnen folgt &#8230;<\/div><\/div>\n\n","protected":false},"excerpt":{"rendered":"<p>Kreativit\u00e4t Ausdruck innerer Sch\u00f6nheit W\u00e4hrend ihres gesamten Lebens und Wirkens widmete Shri Mataji viel Zeit und Energie der F\u00f6rderung der Kunst. Sie betrachtete sie als eins der wichtigsten Mittel, um die Kulturen der Welt auszudr\u00fccken und zu f\u00f6rdern. Insbesondere die reichhaltigen alten k\u00fcnstlerischen Traditionen ihres Heimatlandes Indien wollte sie bewahren und setzte sich aktiv f\u00fcr&hellip; <br \/> <a class=\"read-more\" href=\"https:\/\/shrimataji.org\/test\/de\/kreativitaet\/\">Read more<\/a><\/p>\n","protected":false},"author":10,"featured_media":162,"parent":0,"menu_order":0,"comment_status":"closed","ping_status":"closed","template":"pro\/page-templates\/full-width-page.php","meta":{"inline_featured_image":false,"footnotes":""},"class_list":["post-10633","page","type-page","status-publish","has-post-thumbnail","hentry"],"yoast_head":"<!-- This site is optimized with the Yoast SEO plugin v27.4 - https:\/\/yoast.com\/product\/yoast-seo-wordpress\/ -->\n<title>Kreativit\u00e4t - TEST - SMND<\/title>\n<meta name=\"robots\" content=\"noindex, follow, max-snippet:-1, max-image-preview:large, max-video-preview:-1\" \/>\n<meta property=\"og:locale\" content=\"en_US\" \/>\n<meta property=\"og:type\" content=\"article\" \/>\n<meta property=\"og:title\" content=\"Kreativit\u00e4t - TEST - SMND\" \/>\n<meta property=\"og:description\" content=\"Kreativit\u00e4t Ausdruck innerer Sch\u00f6nheit W\u00e4hrend ihres gesamten Lebens und Wirkens widmete Shri Mataji viel Zeit und Energie der F\u00f6rderung der Kunst. Sie betrachtete sie als eins der wichtigsten Mittel, um die Kulturen der Welt auszudr\u00fccken und zu f\u00f6rdern. Insbesondere die reichhaltigen alten k\u00fcnstlerischen Traditionen ihres Heimatlandes Indien wollte sie bewahren und setzte sich aktiv f\u00fcr&hellip; Read more\" \/>\n<meta property=\"og:url\" content=\"https:\/\/shrimataji.org\/test\/de\/kreativitaet\/\" \/>\n<meta property=\"og:site_name\" content=\"TEST - SMND\" \/>\n<meta property=\"article:publisher\" content=\"https:\/\/www.facebook.com\/shrimataji\" \/>\n<meta property=\"article:modified_time\" content=\"2024-04-27T01:15:17+00:00\" \/>\n<meta property=\"og:image\" content=\"https:\/\/shrimataji.org\/test\/wp-content\/uploads\/2018\/07\/media_originals\/images\/headers-work-creativity\/dance-scene-cabella-italy.jpg\" \/>\n\t<meta property=\"og:image:width\" content=\"990\" \/>\n\t<meta property=\"og:image:height\" content=\"350\" \/>\n\t<meta property=\"og:image:type\" content=\"image\/jpeg\" \/>\n<meta name=\"twitter:card\" content=\"summary_large_image\" \/>\n<meta name=\"twitter:site\" content=\"@shrimataji\" \/>\n<meta name=\"twitter:label1\" content=\"Est. reading time\" \/>\n\t<meta name=\"twitter:data1\" content=\"3 minutes\" \/>\n<script type=\"application\/ld+json\" class=\"yoast-schema-graph\">{\"@context\":\"https:\\\/\\\/schema.org\",\"@graph\":[{\"@type\":\"WebPage\",\"@id\":\"https:\\\/\\\/shrimataji.org\\\/test\\\/de\\\/kreativitaet\\\/\",\"url\":\"https:\\\/\\\/shrimataji.org\\\/test\\\/de\\\/kreativitaet\\\/\",\"name\":\"Kreativit\u00e4t - TEST - SMND\",\"isPartOf\":{\"@id\":\"https:\\\/\\\/shrimataji.org\\\/test\\\/#website\"},\"primaryImageOfPage\":{\"@id\":\"https:\\\/\\\/shrimataji.org\\\/test\\\/de\\\/kreativitaet\\\/#primaryimage\"},\"image\":{\"@id\":\"https:\\\/\\\/shrimataji.org\\\/test\\\/de\\\/kreativitaet\\\/#primaryimage\"},\"thumbnailUrl\":\"https:\\\/\\\/shrimataji.org\\\/test\\\/wp-content\\\/uploads\\\/2018\\\/07\\\/media_originals\\\/images\\\/headers-work-creativity\\\/dance-scene-cabella-italy.jpg\",\"datePublished\":\"2018-07-10T06:54:42+00:00\",\"dateModified\":\"2024-04-27T01:15:17+00:00\",\"breadcrumb\":{\"@id\":\"https:\\\/\\\/shrimataji.org\\\/test\\\/de\\\/kreativitaet\\\/#breadcrumb\"},\"inLanguage\":\"en-US\",\"potentialAction\":[{\"@type\":\"ReadAction\",\"target\":[\"https:\\\/\\\/shrimataji.org\\\/test\\\/de\\\/kreativitaet\\\/\"]}]},{\"@type\":\"ImageObject\",\"inLanguage\":\"en-US\",\"@id\":\"https:\\\/\\\/shrimataji.org\\\/test\\\/de\\\/kreativitaet\\\/#primaryimage\",\"url\":\"https:\\\/\\\/shrimataji.org\\\/test\\\/wp-content\\\/uploads\\\/2018\\\/07\\\/media_originals\\\/images\\\/headers-work-creativity\\\/dance-scene-cabella-italy.jpg\",\"contentUrl\":\"https:\\\/\\\/shrimataji.org\\\/test\\\/wp-content\\\/uploads\\\/2018\\\/07\\\/media_originals\\\/images\\\/headers-work-creativity\\\/dance-scene-cabella-italy.jpg\",\"width\":990,\"height\":350},{\"@type\":\"BreadcrumbList\",\"@id\":\"https:\\\/\\\/shrimataji.org\\\/test\\\/de\\\/kreativitaet\\\/#breadcrumb\",\"itemListElement\":[{\"@type\":\"ListItem\",\"position\":1,\"name\":\"Home\",\"item\":\"https:\\\/\\\/shrimataji.org\\\/test\\\/uk\\\/home-en\\\/\"},{\"@type\":\"ListItem\",\"position\":2,\"name\":\"Kreativit\u00e4t\"}]},{\"@type\":\"WebSite\",\"@id\":\"https:\\\/\\\/shrimataji.org\\\/test\\\/#website\",\"url\":\"https:\\\/\\\/shrimataji.org\\\/test\\\/\",\"name\":\"Shri Mataji Nirmala Devi\",\"description\":\"A Life Dedicated to Humanity\",\"publisher\":{\"@id\":\"https:\\\/\\\/shrimataji.org\\\/test\\\/#\\\/schema\\\/person\\\/a1b3419c6585f164aa96da1ff85715d1\"},\"potentialAction\":[{\"@type\":\"SearchAction\",\"target\":{\"@type\":\"EntryPoint\",\"urlTemplate\":\"https:\\\/\\\/shrimataji.org\\\/test\\\/?s={search_term_string}\"},\"query-input\":{\"@type\":\"PropertyValueSpecification\",\"valueRequired\":true,\"valueName\":\"search_term_string\"}}],\"inLanguage\":\"en-US\"},{\"@type\":[\"Person\",\"Organization\"],\"@id\":\"https:\\\/\\\/shrimataji.org\\\/test\\\/#\\\/schema\\\/person\\\/a1b3419c6585f164aa96da1ff85715d1\",\"name\":\"Nirmala Shrivastava\",\"image\":{\"@type\":\"ImageObject\",\"inLanguage\":\"en-US\",\"@id\":\"https:\\\/\\\/shrimataji.org\\\/test\\\/wp-content\\\/uploads\\\/2023\\\/02\\\/SMO_LOGO-03.svg\",\"url\":\"https:\\\/\\\/shrimataji.org\\\/test\\\/wp-content\\\/uploads\\\/2023\\\/02\\\/SMO_LOGO-03.svg\",\"contentUrl\":\"https:\\\/\\\/shrimataji.org\\\/test\\\/wp-content\\\/uploads\\\/2023\\\/02\\\/SMO_LOGO-03.svg\",\"width\":\"1024\",\"height\":\"1024\",\"caption\":\"Nirmala Shrivastava\"},\"logo\":{\"@id\":\"https:\\\/\\\/shrimataji.org\\\/test\\\/wp-content\\\/uploads\\\/2023\\\/02\\\/SMO_LOGO-03.svg\"},\"sameAs\":[\"https:\\\/\\\/shrimataji.org\\\/test\",\"https:\\\/\\\/www.facebook.com\\\/shrimataji\",\"https:\\\/\\\/x.com\\\/shrimataji\",\"https:\\\/\\\/www.youtube.com\\\/@Shri_Mataji_Nirmala_Devi\\\/featured\"]}]}<\/script>\n<!-- \/ Yoast SEO plugin. -->","yoast_head_json":{"title":"Kreativit\u00e4t - TEST - SMND","robots":{"index":"noindex","follow":"follow","max-snippet":"max-snippet:-1","max-image-preview":"max-image-preview:large","max-video-preview":"max-video-preview:-1"},"og_locale":"en_US","og_type":"article","og_title":"Kreativit\u00e4t - TEST - SMND","og_description":"Kreativit\u00e4t Ausdruck innerer Sch\u00f6nheit W\u00e4hrend ihres gesamten Lebens und Wirkens widmete Shri Mataji viel Zeit und Energie der F\u00f6rderung der Kunst. Sie betrachtete sie als eins der wichtigsten Mittel, um die Kulturen der Welt auszudr\u00fccken und zu f\u00f6rdern. Insbesondere die reichhaltigen alten k\u00fcnstlerischen Traditionen ihres Heimatlandes Indien wollte sie bewahren und setzte sich aktiv f\u00fcr&hellip; Read more","og_url":"https:\/\/shrimataji.org\/test\/de\/kreativitaet\/","og_site_name":"TEST - SMND","article_publisher":"https:\/\/www.facebook.com\/shrimataji","article_modified_time":"2024-04-27T01:15:17+00:00","og_image":[{"width":990,"height":350,"url":"https:\/\/shrimataji.org\/test\/wp-content\/uploads\/2018\/07\/media_originals\/images\/headers-work-creativity\/dance-scene-cabella-italy.jpg","type":"image\/jpeg"}],"twitter_card":"summary_large_image","twitter_site":"@shrimataji","twitter_misc":{"Est. reading time":"3 minutes"},"schema":{"@context":"https:\/\/schema.org","@graph":[{"@type":"WebPage","@id":"https:\/\/shrimataji.org\/test\/de\/kreativitaet\/","url":"https:\/\/shrimataji.org\/test\/de\/kreativitaet\/","name":"Kreativit\u00e4t - TEST - SMND","isPartOf":{"@id":"https:\/\/shrimataji.org\/test\/#website"},"primaryImageOfPage":{"@id":"https:\/\/shrimataji.org\/test\/de\/kreativitaet\/#primaryimage"},"image":{"@id":"https:\/\/shrimataji.org\/test\/de\/kreativitaet\/#primaryimage"},"thumbnailUrl":"https:\/\/shrimataji.org\/test\/wp-content\/uploads\/2018\/07\/media_originals\/images\/headers-work-creativity\/dance-scene-cabella-italy.jpg","datePublished":"2018-07-10T06:54:42+00:00","dateModified":"2024-04-27T01:15:17+00:00","breadcrumb":{"@id":"https:\/\/shrimataji.org\/test\/de\/kreativitaet\/#breadcrumb"},"inLanguage":"en-US","potentialAction":[{"@type":"ReadAction","target":["https:\/\/shrimataji.org\/test\/de\/kreativitaet\/"]}]},{"@type":"ImageObject","inLanguage":"en-US","@id":"https:\/\/shrimataji.org\/test\/de\/kreativitaet\/#primaryimage","url":"https:\/\/shrimataji.org\/test\/wp-content\/uploads\/2018\/07\/media_originals\/images\/headers-work-creativity\/dance-scene-cabella-italy.jpg","contentUrl":"https:\/\/shrimataji.org\/test\/wp-content\/uploads\/2018\/07\/media_originals\/images\/headers-work-creativity\/dance-scene-cabella-italy.jpg","width":990,"height":350},{"@type":"BreadcrumbList","@id":"https:\/\/shrimataji.org\/test\/de\/kreativitaet\/#breadcrumb","itemListElement":[{"@type":"ListItem","position":1,"name":"Home","item":"https:\/\/shrimataji.org\/test\/uk\/home-en\/"},{"@type":"ListItem","position":2,"name":"Kreativit\u00e4t"}]},{"@type":"WebSite","@id":"https:\/\/shrimataji.org\/test\/#website","url":"https:\/\/shrimataji.org\/test\/","name":"Shri Mataji Nirmala Devi","description":"A Life Dedicated to Humanity","publisher":{"@id":"https:\/\/shrimataji.org\/test\/#\/schema\/person\/a1b3419c6585f164aa96da1ff85715d1"},"potentialAction":[{"@type":"SearchAction","target":{"@type":"EntryPoint","urlTemplate":"https:\/\/shrimataji.org\/test\/?s={search_term_string}"},"query-input":{"@type":"PropertyValueSpecification","valueRequired":true,"valueName":"search_term_string"}}],"inLanguage":"en-US"},{"@type":["Person","Organization"],"@id":"https:\/\/shrimataji.org\/test\/#\/schema\/person\/a1b3419c6585f164aa96da1ff85715d1","name":"Nirmala Shrivastava","image":{"@type":"ImageObject","inLanguage":"en-US","@id":"https:\/\/shrimataji.org\/test\/wp-content\/uploads\/2023\/02\/SMO_LOGO-03.svg","url":"https:\/\/shrimataji.org\/test\/wp-content\/uploads\/2023\/02\/SMO_LOGO-03.svg","contentUrl":"https:\/\/shrimataji.org\/test\/wp-content\/uploads\/2023\/02\/SMO_LOGO-03.svg","width":"1024","height":"1024","caption":"Nirmala Shrivastava"},"logo":{"@id":"https:\/\/shrimataji.org\/test\/wp-content\/uploads\/2023\/02\/SMO_LOGO-03.svg"},"sameAs":["https:\/\/shrimataji.org\/test","https:\/\/www.facebook.com\/shrimataji","https:\/\/x.com\/shrimataji","https:\/\/www.youtube.com\/@Shri_Mataji_Nirmala_Devi\/featured"]}]}},"lang":"de","translations":{"de":10633,"ur":37407,"en":400,"am":17978,"th":19911,"hu":19453,"sq":18379,"zh":17276,"tr":10146,"pt":10359,"fr":10731,"it":10829,"es":10926,"ja":11223,"ru":11411,"bn":11603,"te":11711,"sw":11834,"he":11982,"el":12273,"sk":12371,"fa":12469,"fi":12567,"bg":13474,"ro":14546,"cs":14739,"nl":16539,"ku":16699,"ar":16875,"be":18586,"kn":18860,"mr":20275,"uk":20567,"ml":20866,"ta":22694,"sv":22967,"gu":28815,"pa":28973,"fil":29413,"da":37721,"pl":37938,"nn":38273},"pll_sync_post":[],"_links":{"self":[{"href":"https:\/\/shrimataji.org\/test\/wp-json\/wp\/v2\/pages\/10633","targetHints":{"allow":["GET"]}}],"collection":[{"href":"https:\/\/shrimataji.org\/test\/wp-json\/wp\/v2\/pages"}],"about":[{"href":"https:\/\/shrimataji.org\/test\/wp-json\/wp\/v2\/types\/page"}],"author":[{"embeddable":true,"href":"https:\/\/shrimataji.org\/test\/wp-json\/wp\/v2\/users\/10"}],"replies":[{"embeddable":true,"href":"https:\/\/shrimataji.org\/test\/wp-json\/wp\/v2\/comments?post=10633"}],"version-history":[{"count":0,"href":"https:\/\/shrimataji.org\/test\/wp-json\/wp\/v2\/pages\/10633\/revisions"}],"wp:featuredmedia":[{"embeddable":true,"href":"https:\/\/shrimataji.org\/test\/wp-json\/wp\/v2\/media\/162"}],"wp:attachment":[{"href":"https:\/\/shrimataji.org\/test\/wp-json\/wp\/v2\/media?parent=10633"}],"curies":[{"name":"wp","href":"https:\/\/api.w.org\/{rel}","templated":true}]}}