{"id":10634,"date":"2018-07-10T06:54:42","date_gmt":"2018-07-10T06:54:42","guid":{"rendered":"http:\/\/testwordpress.nirmalnagari.org\/smnd\/index.php\/cultural-integration\/"},"modified":"2024-04-27T01:15:17","modified_gmt":"2024-04-27T01:15:17","slug":"kulturelle-integration","status":"publish","type":"page","link":"https:\/\/shrimataji.org\/test\/de\/kulturelle-integration\/","title":{"rendered":"Kulturelle Integration"},"content":{"rendered":"\n\n\t<h1>Kulturelle Integration<\/h1>\n<h2><b>In Richtung Nachhaltigkeit<\/b><\/h2>\n\t<h4>Auf Seminaren, Pressekonferenzen und informellen Vortr\u00e4gen verwiese Shri Mataji oft darauf, dass Propheten und Heilige im Laufe der Geschichte von der Notwendigkeit sprachen, das eigene Selbst, den eigenen Geist zu erkennen: &#8220;Wir m\u00fcssen die Religion unseres Geistes entwickeln.&#8221; Sie verglich das Wachstum der Religionen mit dem eines gro\u00dfen und einzigartigen Baumes mit vielen Bl\u00fcten. In ihrer Unwissenheit brechen die Menschen jedoch die Bl\u00fcten ab und benutzen sie, um sich gegenseitig zu bek\u00e4mpfen. Dabei vergessen sie, dass alle Bl\u00fcten von ein und demselben Baum stammen.<\/h4>\n\t<div class=\"su-quote su-quote-style-default\"><div class=\"su-quote-inner su-u-clearfix su-u-trim\"> Daher m\u00fcssen wir alle Menschen respektieren &#8211; egal welcher Nationalit\u00e4t, aus welchem Land und welcher Hautfarbe -, denn sie haben alle ihre Kundalini. <\/div><\/div>\n\t<p>W\u00e4hrend einer \u00f6ffentlichen Veranstaltung fragte ein besorgter Zuh\u00f6rer Shri Mataji: &#8220;Mutter, wie k\u00f6nnen andere Deine Botschaft verstehen?&#8221; Shri Mataji l\u00e4chelte: &#8220;Jeder versteht die Liebe, nicht wahr?&#8221; Mit Sahaja Yoga offenbarte sie eine Methode zur Integration von Menschen verschiedener Kulturen und Religionen &#8211; den Zustand des Bewusstseins in vollkommener Stille des Geistes. Er wird zur integrierenden Kraft, die als kollektives Bewusstsein oder auch kollektives Unbewusste bekannt ist.<\/p>\n\t\t\t\t<img loading=\"lazy\" decoding=\"async\" src=\"https:\/\/shrimataji.org\/test\/wp-content\/uploads\/2024\/04\/shri-mataji-meets-sufis-in-delhi-india_de.jpg\" alt=\"Shri Matji besucht 1993 den Schrein des Sufi-Heiligen Hazrat Nizamuddin Dargah (Delhi, Indien)\" height=\"350\" width=\"990\" title=\"shri-mataji-meets-sufis-in-delhi-india_de\" \/>\n\t\tShri Matji besucht 1993 den Schrein des Sufi-Heiligen Hazrat Nizamuddin Dargah (Delhi, Indien)\n\t<p>Carl Gustav Jung schrieb \u00fcber das kollektive Unbewusste: &#8220;Neben unserem unmittelbaren Bewusstsein, das durch und durch pers\u00f6nlicher Natur ist und das wir f\u00fcr die einzige empirische Psyche halten, existiert ein zweites psychisches System kollektiver, universeller und unpers\u00f6nlicher Natur, das in allen Individuen identisch ist.&#8221;<a href=\"#footnote-1\"><sup>[1]<\/sup><\/a><\/p>\n<p>Sahaja Yoga aktiviert das Unbewusste auf der tiefen Ebene der Wurzeln des autonomen Nervensystems selbst. Kommen das ablenkende Geplapper des Verstandes und die lang gepflegten Konditionierungen zur Ruhe, erkennt man die Oberfl\u00e4chlichkeit kultureller Unterschiede. Die &#8220;universelle und unpers\u00f6nliche Natur&#8221; sind eins.<\/p>\n\t<p>&#8220;So m\u00fcssen wir erkennen, dass wir alle durch ein gemeinsames Lebensprinzip verbunden sind&#8221;, erkl\u00e4rte Shri Mataji. &#8220;Wir haben alle unsere Kundalini in uns. Daher m\u00fcssen wir alle Menschen respektieren &#8211; egal welcher Nationalit\u00e4t, welchen Landes und welcher Hautfarbe -, denn sie alle haben ihre Kundalini.&#8221;<\/p>\n\t<p>Auf ihren Reisen interessierte sich Shri Mataji sehr f\u00fcr die <a href=\"https:\/\/shrimataji.org\/test\/de\/kreativitaet\/\" target=\"_blank\" rel=\"noopener\">Kunst und das Kunsthandwerk<\/a> jedes Landes und inwiefern sie die Kultur des Geistes widerspiegelten. &#8220;In dieser Kultur lassen wir uns nicht von etwas beeindrucken, weil es teuer, pomp\u00f6s oder \u00f6ffentlichkeitswirksam ist&#8221;, sagte sie. &#8220;Wir bewerten es danach, ob es uns Freude schenkt.&#8221;<\/p>\n\tIm Laufe der Jahre lud Shri Mataji K\u00fcnstler aus verschiedenen L\u00e4ndern und mit unterschiedlichen Hintergr\u00fcnden und Religionen ein, um bei Kulturfestivals aufzutreten. Denen, die mit diesen K\u00fcnsten nicht vertraut waren, erkl\u00e4rte sie die Bedeutung eines Qawwalis, eines Ragas, eines Vivaldis, eines Konzerts oder eines klassischen indischen Tanzes.<br \/>\nSie arrangierte diese Auff\u00fchrungen nicht nur, um den Lebensunterhalt der K\u00fcnstler zu sichern und die k\u00fcnstlerischen Traditionen am Leben zu erhalten. Sie wollte damit auch zeigen, dass die Kunst und Musik verschiedener Kulturen und Hintergr\u00fcnde die sowohl universelle als auch universell Freude spendende Kultur des Geistes manifestieren k\u00f6nnen.\n\t<p><a id=\"footnote-1\"><\/a>[1] Jung, C. G. (1969): Archetypes and the Collective Unconscious; in: Collective Works of C. G. Jung 9:1, Princeton University Press, London.<\/p>\n\n","protected":false},"excerpt":{"rendered":"<p>Kulturelle Integration In Richtung Nachhaltigkeit Auf Seminaren, Pressekonferenzen und informellen Vortr\u00e4gen verwiese Shri Mataji oft darauf, dass Propheten und Heilige im Laufe der Geschichte von der Notwendigkeit sprachen, das eigene Selbst, den eigenen Geist zu erkennen: &#8220;Wir m\u00fcssen die Religion unseres Geistes entwickeln.&#8221; Sie verglich das Wachstum der Religionen mit dem eines gro\u00dfen und einzigartigen&hellip; <br \/> <a class=\"read-more\" href=\"https:\/\/shrimataji.org\/test\/de\/kulturelle-integration\/\">Read more<\/a><\/p>\n","protected":false},"author":10,"featured_media":138,"parent":0,"menu_order":0,"comment_status":"closed","ping_status":"closed","template":"","meta":{"inline_featured_image":false,"footnotes":""},"class_list":["post-10634","page","type-page","status-publish","has-post-thumbnail","hentry"],"yoast_head":"<!-- This site is optimized with the Yoast SEO plugin v27.4 - https:\/\/yoast.com\/product\/yoast-seo-wordpress\/ -->\n<title>Kulturelle Integration - TEST - SMND<\/title>\n<meta name=\"robots\" content=\"noindex, follow, max-snippet:-1, max-image-preview:large, max-video-preview:-1\" \/>\n<meta property=\"og:locale\" content=\"en_US\" \/>\n<meta property=\"og:type\" content=\"article\" \/>\n<meta property=\"og:title\" content=\"Kulturelle Integration - TEST - SMND\" \/>\n<meta property=\"og:description\" content=\"Kulturelle Integration In Richtung Nachhaltigkeit Auf Seminaren, Pressekonferenzen und informellen Vortr\u00e4gen verwiese Shri Mataji oft darauf, dass Propheten und Heilige im Laufe der Geschichte von der Notwendigkeit sprachen, das eigene Selbst, den eigenen Geist zu erkennen: &#8220;Wir m\u00fcssen die Religion unseres Geistes entwickeln.&#8221; Sie verglich das Wachstum der Religionen mit dem eines gro\u00dfen und einzigartigen&hellip; Read more\" \/>\n<meta property=\"og:url\" content=\"https:\/\/shrimataji.org\/test\/de\/kulturelle-integration\/\" \/>\n<meta property=\"og:site_name\" content=\"TEST - SMND\" \/>\n<meta property=\"article:publisher\" content=\"https:\/\/www.facebook.com\/shrimataji\" \/>\n<meta property=\"article:modified_time\" content=\"2024-04-27T01:15:17+00:00\" \/>\n<meta property=\"og:image\" content=\"https:\/\/shrimataji.org\/test\/wp-content\/uploads\/2018\/07\/media_originals\/images\/headers-general\/mauli-art-by-graham-brown.jpg\" \/>\n\t<meta property=\"og:image:width\" content=\"990\" \/>\n\t<meta property=\"og:image:height\" content=\"350\" \/>\n\t<meta property=\"og:image:type\" content=\"image\/jpeg\" \/>\n<meta name=\"twitter:card\" content=\"summary_large_image\" \/>\n<meta name=\"twitter:site\" content=\"@shrimataji\" \/>\n<meta name=\"twitter:label1\" content=\"Est. reading time\" \/>\n\t<meta name=\"twitter:data1\" content=\"3 minutes\" \/>\n<script type=\"application\/ld+json\" class=\"yoast-schema-graph\">{\"@context\":\"https:\\\/\\\/schema.org\",\"@graph\":[{\"@type\":\"WebPage\",\"@id\":\"https:\\\/\\\/shrimataji.org\\\/test\\\/de\\\/kulturelle-integration\\\/\",\"url\":\"https:\\\/\\\/shrimataji.org\\\/test\\\/de\\\/kulturelle-integration\\\/\",\"name\":\"Kulturelle Integration - TEST - SMND\",\"isPartOf\":{\"@id\":\"https:\\\/\\\/shrimataji.org\\\/test\\\/#website\"},\"primaryImageOfPage\":{\"@id\":\"https:\\\/\\\/shrimataji.org\\\/test\\\/de\\\/kulturelle-integration\\\/#primaryimage\"},\"image\":{\"@id\":\"https:\\\/\\\/shrimataji.org\\\/test\\\/de\\\/kulturelle-integration\\\/#primaryimage\"},\"thumbnailUrl\":\"https:\\\/\\\/shrimataji.org\\\/test\\\/wp-content\\\/uploads\\\/2018\\\/07\\\/media_originals\\\/images\\\/headers-general\\\/mauli-art-by-graham-brown.jpg\",\"datePublished\":\"2018-07-10T06:54:42+00:00\",\"dateModified\":\"2024-04-27T01:15:17+00:00\",\"breadcrumb\":{\"@id\":\"https:\\\/\\\/shrimataji.org\\\/test\\\/de\\\/kulturelle-integration\\\/#breadcrumb\"},\"inLanguage\":\"en-US\",\"potentialAction\":[{\"@type\":\"ReadAction\",\"target\":[\"https:\\\/\\\/shrimataji.org\\\/test\\\/de\\\/kulturelle-integration\\\/\"]}]},{\"@type\":\"ImageObject\",\"inLanguage\":\"en-US\",\"@id\":\"https:\\\/\\\/shrimataji.org\\\/test\\\/de\\\/kulturelle-integration\\\/#primaryimage\",\"url\":\"https:\\\/\\\/shrimataji.org\\\/test\\\/wp-content\\\/uploads\\\/2018\\\/07\\\/media_originals\\\/images\\\/headers-general\\\/mauli-art-by-graham-brown.jpg\",\"contentUrl\":\"https:\\\/\\\/shrimataji.org\\\/test\\\/wp-content\\\/uploads\\\/2018\\\/07\\\/media_originals\\\/images\\\/headers-general\\\/mauli-art-by-graham-brown.jpg\",\"width\":990,\"height\":350},{\"@type\":\"BreadcrumbList\",\"@id\":\"https:\\\/\\\/shrimataji.org\\\/test\\\/de\\\/kulturelle-integration\\\/#breadcrumb\",\"itemListElement\":[{\"@type\":\"ListItem\",\"position\":1,\"name\":\"Home\",\"item\":\"https:\\\/\\\/shrimataji.org\\\/test\\\/uk\\\/home-en\\\/\"},{\"@type\":\"ListItem\",\"position\":2,\"name\":\"Kulturelle Integration\"}]},{\"@type\":\"WebSite\",\"@id\":\"https:\\\/\\\/shrimataji.org\\\/test\\\/#website\",\"url\":\"https:\\\/\\\/shrimataji.org\\\/test\\\/\",\"name\":\"Shri Mataji Nirmala Devi\",\"description\":\"A Life Dedicated to Humanity\",\"publisher\":{\"@id\":\"https:\\\/\\\/shrimataji.org\\\/test\\\/#\\\/schema\\\/person\\\/a1b3419c6585f164aa96da1ff85715d1\"},\"potentialAction\":[{\"@type\":\"SearchAction\",\"target\":{\"@type\":\"EntryPoint\",\"urlTemplate\":\"https:\\\/\\\/shrimataji.org\\\/test\\\/?s={search_term_string}\"},\"query-input\":{\"@type\":\"PropertyValueSpecification\",\"valueRequired\":true,\"valueName\":\"search_term_string\"}}],\"inLanguage\":\"en-US\"},{\"@type\":[\"Person\",\"Organization\"],\"@id\":\"https:\\\/\\\/shrimataji.org\\\/test\\\/#\\\/schema\\\/person\\\/a1b3419c6585f164aa96da1ff85715d1\",\"name\":\"Nirmala Shrivastava\",\"image\":{\"@type\":\"ImageObject\",\"inLanguage\":\"en-US\",\"@id\":\"https:\\\/\\\/shrimataji.org\\\/test\\\/wp-content\\\/uploads\\\/2023\\\/02\\\/SMO_LOGO-03.svg\",\"url\":\"https:\\\/\\\/shrimataji.org\\\/test\\\/wp-content\\\/uploads\\\/2023\\\/02\\\/SMO_LOGO-03.svg\",\"contentUrl\":\"https:\\\/\\\/shrimataji.org\\\/test\\\/wp-content\\\/uploads\\\/2023\\\/02\\\/SMO_LOGO-03.svg\",\"width\":\"1024\",\"height\":\"1024\",\"caption\":\"Nirmala Shrivastava\"},\"logo\":{\"@id\":\"https:\\\/\\\/shrimataji.org\\\/test\\\/wp-content\\\/uploads\\\/2023\\\/02\\\/SMO_LOGO-03.svg\"},\"sameAs\":[\"https:\\\/\\\/shrimataji.org\\\/test\",\"https:\\\/\\\/www.facebook.com\\\/shrimataji\",\"https:\\\/\\\/x.com\\\/shrimataji\",\"https:\\\/\\\/www.youtube.com\\\/@Shri_Mataji_Nirmala_Devi\\\/featured\"]}]}<\/script>\n<!-- \/ Yoast SEO plugin. -->","yoast_head_json":{"title":"Kulturelle Integration - TEST - SMND","robots":{"index":"noindex","follow":"follow","max-snippet":"max-snippet:-1","max-image-preview":"max-image-preview:large","max-video-preview":"max-video-preview:-1"},"og_locale":"en_US","og_type":"article","og_title":"Kulturelle Integration - TEST - SMND","og_description":"Kulturelle Integration In Richtung Nachhaltigkeit Auf Seminaren, Pressekonferenzen und informellen Vortr\u00e4gen verwiese Shri Mataji oft darauf, dass Propheten und Heilige im Laufe der Geschichte von der Notwendigkeit sprachen, das eigene Selbst, den eigenen Geist zu erkennen: &#8220;Wir m\u00fcssen die Religion unseres Geistes entwickeln.&#8221; Sie verglich das Wachstum der Religionen mit dem eines gro\u00dfen und einzigartigen&hellip; Read more","og_url":"https:\/\/shrimataji.org\/test\/de\/kulturelle-integration\/","og_site_name":"TEST - SMND","article_publisher":"https:\/\/www.facebook.com\/shrimataji","article_modified_time":"2024-04-27T01:15:17+00:00","og_image":[{"width":990,"height":350,"url":"https:\/\/shrimataji.org\/test\/wp-content\/uploads\/2018\/07\/media_originals\/images\/headers-general\/mauli-art-by-graham-brown.jpg","type":"image\/jpeg"}],"twitter_card":"summary_large_image","twitter_site":"@shrimataji","twitter_misc":{"Est. reading time":"3 minutes"},"schema":{"@context":"https:\/\/schema.org","@graph":[{"@type":"WebPage","@id":"https:\/\/shrimataji.org\/test\/de\/kulturelle-integration\/","url":"https:\/\/shrimataji.org\/test\/de\/kulturelle-integration\/","name":"Kulturelle Integration - TEST - SMND","isPartOf":{"@id":"https:\/\/shrimataji.org\/test\/#website"},"primaryImageOfPage":{"@id":"https:\/\/shrimataji.org\/test\/de\/kulturelle-integration\/#primaryimage"},"image":{"@id":"https:\/\/shrimataji.org\/test\/de\/kulturelle-integration\/#primaryimage"},"thumbnailUrl":"https:\/\/shrimataji.org\/test\/wp-content\/uploads\/2018\/07\/media_originals\/images\/headers-general\/mauli-art-by-graham-brown.jpg","datePublished":"2018-07-10T06:54:42+00:00","dateModified":"2024-04-27T01:15:17+00:00","breadcrumb":{"@id":"https:\/\/shrimataji.org\/test\/de\/kulturelle-integration\/#breadcrumb"},"inLanguage":"en-US","potentialAction":[{"@type":"ReadAction","target":["https:\/\/shrimataji.org\/test\/de\/kulturelle-integration\/"]}]},{"@type":"ImageObject","inLanguage":"en-US","@id":"https:\/\/shrimataji.org\/test\/de\/kulturelle-integration\/#primaryimage","url":"https:\/\/shrimataji.org\/test\/wp-content\/uploads\/2018\/07\/media_originals\/images\/headers-general\/mauli-art-by-graham-brown.jpg","contentUrl":"https:\/\/shrimataji.org\/test\/wp-content\/uploads\/2018\/07\/media_originals\/images\/headers-general\/mauli-art-by-graham-brown.jpg","width":990,"height":350},{"@type":"BreadcrumbList","@id":"https:\/\/shrimataji.org\/test\/de\/kulturelle-integration\/#breadcrumb","itemListElement":[{"@type":"ListItem","position":1,"name":"Home","item":"https:\/\/shrimataji.org\/test\/uk\/home-en\/"},{"@type":"ListItem","position":2,"name":"Kulturelle Integration"}]},{"@type":"WebSite","@id":"https:\/\/shrimataji.org\/test\/#website","url":"https:\/\/shrimataji.org\/test\/","name":"Shri Mataji Nirmala Devi","description":"A Life Dedicated to Humanity","publisher":{"@id":"https:\/\/shrimataji.org\/test\/#\/schema\/person\/a1b3419c6585f164aa96da1ff85715d1"},"potentialAction":[{"@type":"SearchAction","target":{"@type":"EntryPoint","urlTemplate":"https:\/\/shrimataji.org\/test\/?s={search_term_string}"},"query-input":{"@type":"PropertyValueSpecification","valueRequired":true,"valueName":"search_term_string"}}],"inLanguage":"en-US"},{"@type":["Person","Organization"],"@id":"https:\/\/shrimataji.org\/test\/#\/schema\/person\/a1b3419c6585f164aa96da1ff85715d1","name":"Nirmala Shrivastava","image":{"@type":"ImageObject","inLanguage":"en-US","@id":"https:\/\/shrimataji.org\/test\/wp-content\/uploads\/2023\/02\/SMO_LOGO-03.svg","url":"https:\/\/shrimataji.org\/test\/wp-content\/uploads\/2023\/02\/SMO_LOGO-03.svg","contentUrl":"https:\/\/shrimataji.org\/test\/wp-content\/uploads\/2023\/02\/SMO_LOGO-03.svg","width":"1024","height":"1024","caption":"Nirmala Shrivastava"},"logo":{"@id":"https:\/\/shrimataji.org\/test\/wp-content\/uploads\/2023\/02\/SMO_LOGO-03.svg"},"sameAs":["https:\/\/shrimataji.org\/test","https:\/\/www.facebook.com\/shrimataji","https:\/\/x.com\/shrimataji","https:\/\/www.youtube.com\/@Shri_Mataji_Nirmala_Devi\/featured"]}]}},"lang":"de","translations":{"de":10634,"ur":37409,"en":405,"am":17980,"th":19914,"hu":19455,"sq":18381,"zh":17278,"tr":10147,"pt":10360,"fr":10732,"it":10830,"es":10927,"ja":11224,"ru":11412,"bn":11604,"te":11712,"sw":11835,"he":11983,"el":12274,"sk":12372,"fa":12470,"fi":12568,"bg":13481,"ro":14553,"cs":14746,"nl":16541,"ku":16701,"ar":16877,"be":18588,"kn":18862,"mr":20278,"uk":20570,"ml":20869,"ta":22696,"sv":22969,"gu":28817,"pa":28975,"fil":29415,"da":37723,"pl":37940,"nn":38275},"pll_sync_post":[],"_links":{"self":[{"href":"https:\/\/shrimataji.org\/test\/wp-json\/wp\/v2\/pages\/10634","targetHints":{"allow":["GET"]}}],"collection":[{"href":"https:\/\/shrimataji.org\/test\/wp-json\/wp\/v2\/pages"}],"about":[{"href":"https:\/\/shrimataji.org\/test\/wp-json\/wp\/v2\/types\/page"}],"author":[{"embeddable":true,"href":"https:\/\/shrimataji.org\/test\/wp-json\/wp\/v2\/users\/10"}],"replies":[{"embeddable":true,"href":"https:\/\/shrimataji.org\/test\/wp-json\/wp\/v2\/comments?post=10634"}],"version-history":[{"count":0,"href":"https:\/\/shrimataji.org\/test\/wp-json\/wp\/v2\/pages\/10634\/revisions"}],"wp:featuredmedia":[{"embeddable":true,"href":"https:\/\/shrimataji.org\/test\/wp-json\/wp\/v2\/media\/138"}],"wp:attachment":[{"href":"https:\/\/shrimataji.org\/test\/wp-json\/wp\/v2\/media?parent=10634"}],"curies":[{"name":"wp","href":"https:\/\/api.w.org\/{rel}","templated":true}]}}