{"id":10635,"date":"2023-02-20T03:40:29","date_gmt":"2023-02-20T03:40:29","guid":{"rendered":"https:\/\/shrimataji.org\/test\/?page_id=8414"},"modified":"2024-04-27T01:15:15","modified_gmt":"2024-04-27T01:15:15","slug":"fruehe-jahre","status":"publish","type":"page","link":"https:\/\/shrimataji.org\/test\/de\/fruehe-jahre\/","title":{"rendered":"Fr\u00fche Jahre"},"content":{"rendered":"\n\n\t<h1>Die fr\u00fchen Jahre<\/h1>\n<h2>Von Gandhis Freiheitsbewegung f\u00fcr die Massen zu einem Zeitalter der massenhaften Selbst-Verwirklichung<\/h2>\n\t<p>Mahatma Gandhi hinterlie\u00df bei allen, die ihm begegneten, einen bleibenden Eindruck &#8211; so auch bei einem kleinen M\u00e4dchen, das in seinem Ashram wohnte. Dieses kleine M\u00e4dchen war Shri Mataji, der er den Spitznamen &#8220;Nepali&#8221; gab, weil ihre Gesichtsz\u00fcge an die von Nepalesen erinnerten.<\/p>\n<p>Seit ihrem siebten Lebensjahr verbrachte Shri Mataji viel Zeit mit Gandhi in seinem Ashram. &#8220;Er setzte sich zu mir und stellte mir sehr ernsthafte und liebevolle Fragen&#8221;, erinnert sich Shri Mataji. Oft begleitete sie ihn auf den morgendlichen Spazierg\u00e4ngen vor dem gemeinsamen Gebet.<\/p>\n\t\t\t\t<img loading=\"lazy\" decoding=\"async\" src=\"https:\/\/shrimataji.org\/test\/wp-content\/uploads\/2018\/07\/media_originals\/images\/shri-mataji-and-family\/shri-mataji-as-a-young-child.jpg\" alt=\"shri-mataji-as-a-young-child\" height=\"407\" width=\"640\" title=\"shri-mataji-as-a-young-child\" \/>\n\t<p>&#8220;Er war ein sehr strenger Meister, aber ein \u00e4u\u00dferst liebevoller und mitf\u00fchlender Mensch&#8221;, meint Shri Mataji. &#8220;Er sprach mit mir wie mit einer Gro\u00dfmutter. Erstaunlicherweise diskutierte er mit mir, als w\u00e4re ich weiser als andere und erkl\u00e4rte, der Rat einiger Kindern k\u00f6nne sogar besser sein als der von \u00e4lteren Menschen.&#8221;<\/p>\n<p>Sp\u00e4ter lobte Shri Mataji Gandhi daf\u00fcr, dass er in seinem Land die Grundlage f\u00fcr Dharma geschaffen habe &#8211;\u00a0die innere Religion oder Rechtschaffenheit. Er ermutigte alle, die <em>Bibel<\/em> und die <em>Bhagavad Gita<\/em> zu studieren, \u00fcber alle gro\u00dfen Schriften und Pers\u00f6nlichkeiten der Welt Bescheid zu wissen und sie als Teil eines Ganzen zu verstehen.<\/p>\n<p>In ihren Gespr\u00e4chen mit Gandhi ging es nicht nur um die menschliche Natur, sondern auch um Mittel und Wege sozialer und spiritueller Befreiung. Nach ihren Erfahrungen mit ihm gefragt, berichtete Shri Mataji von einem ihrer Gespr\u00e4che: &#8220;Gandhi folgte einer strengen Routine und lie\u00df alle um vier Uhr morgens aufstehen, fasten und so weiter.&#8221; Sie sprach ihn darauf an und fragte: &#8220;Bist Du nicht viel zu streng?&#8221;<\/p>\n<p>Doch in einer Notlage, in der der Freiheitswille des Landes an Fahrt gewann, sei es seiner Meinung nach notwendig, eine strenge Disziplin zu \u00fcben. Daraufhin schlug Shri Mataji vor: &#8220;Bapu, warum gibst du den Menschen keine innere Disziplin?&#8221;<\/p>\n<p>Als Gandhi fragte, wie dies m\u00f6glich sei, versicherte sie ihm, dass innere Transformation die Antwort sei. Doch er \u00fcberlegte: &#8220;Zuerst m\u00fcssen wir uns von der britischen Herrschaft befreien. Was k\u00f6nnen wir genie\u00dfen, wenn wir nicht frei sind? Wir k\u00f6nnen nicht nur dar\u00fcber reden. Denn die Leute werden fragen, warum wir von der Freiheit des Geistes sprechen, wenn wir noch nicht einmal [politisch] frei sind? Wir sollten uns zuerst von der Fremdherrschaft befreien.&#8221;<\/p>\n<p>In den folgenden Jahren verbreitete sich Gandhis Botschaft von analphabetischen Bauern \u00fcber privilegiertere Schichten bis hin zu den h\u00f6chstgebildeten Mitgliedern der Gesellschaft. Auch Shri Mataji beteiligte sich am Freiheitskampf und gab damit anderen Studenten\/-innen ein Beispiel, dem sie folgen konnten.<\/p>\n<p>1947 wurde Indien schlie\u00dflich eine freie Nation. Seit Shri Matajis Gespr\u00e4chen mit Gandhi in ihrer Kindheit waren viele Jahre vergangen. Kurz vor seinen letzten Tagen bat er darum, sie zu sehen. &#8220;Er erkannte mich sofort&#8221;, erinnert sich Shri Mataji. &#8220;Komm nach dem Gebet zu mir&#8221;, forderte er sie auf und sp\u00e4ter: &#8220;&#8216;Jetzt mach Dich an die konstruktive Arbeit &#8230;&#8221;<\/p>\n<p>Shri Mataji fuhr fort, die Probleme der Menschen und m\u00f6gliche L\u00f6sungen zu studieren. Es sollten noch viele Jahre vergehen, bis sie mit ihrer transformativen Arbeit durch Sahaja Yoga begann. So wie Gandhi die Massen aufr\u00fcttelte und sein Land in die Freiheit f\u00fchrte, sollte Shri Matajis Werk nicht nur wenige, sondern Hunderttausende weltweit ver\u00e4ndern. Die Zeit f\u00fcr die innere Freiheit war gekommen.<\/p>\n\t\n\t<div class=\"su-quote su-quote-style-default\"><div class=\"su-quote-inner su-u-clearfix su-u-trim\">Ein politischer F\u00fchrer braucht sich nicht um den Geist und um Religion zu k\u00fcmmern. Er betrachtete unser Land als ein Land des Yoga &#8230; Gandhis Hauptbeitrag bestand darin, das Gleichgewicht in den Menschen wiederherzustellen und sie indischer zu machen, indem er die sklavische Mentalit\u00e4t beseitigte, die in uns eingesickert war.<\/div><\/div>\n\t\t\t\t<img loading=\"lazy\" decoding=\"async\" src=\"https:\/\/shrimataji.org\/test\/wp-content\/uploads\/2023\/02\/Chhindwara_Final-1920x516-1.webp\" alt=\"Schrein am Geburtsort Ihrer Heiligkeit Shri Mataji Nirmala Devi, Chhindwara, Indien\" height=\"516\" width=\"1920\" title=\"Chhindwara_Final-1920x516\" \/>\n\t\tSchrein am Geburtsort Ihrer Heiligkeit Shri Mataji Nirmala Devi, Chhindwara, Indien\n\n","protected":false},"excerpt":{"rendered":"<p>Die fr\u00fchen Jahre Von Gandhis Freiheitsbewegung f\u00fcr die Massen zu einem Zeitalter der massenhaften Selbst-Verwirklichung Mahatma Gandhi hinterlie\u00df bei allen, die ihm begegneten, einen bleibenden Eindruck &#8211; so auch bei einem kleinen M\u00e4dchen, das in seinem Ashram wohnte. Dieses kleine M\u00e4dchen war Shri Mataji, der er den Spitznamen &#8220;Nepali&#8221; gab, weil ihre Gesichtsz\u00fcge an die&hellip; <br \/> <a class=\"read-more\" href=\"https:\/\/shrimataji.org\/test\/de\/fruehe-jahre\/\">Read more<\/a><\/p>\n","protected":false},"author":10,"featured_media":9507,"parent":0,"menu_order":0,"comment_status":"closed","ping_status":"closed","template":"","meta":{"inline_featured_image":false,"footnotes":""},"class_list":["post-10635","page","type-page","status-publish","has-post-thumbnail","hentry"],"yoast_head":"<!-- This site is optimized with the Yoast SEO plugin v27.4 - https:\/\/yoast.com\/product\/yoast-seo-wordpress\/ -->\n<title>Fr\u00fche Jahre - TEST - SMND<\/title>\n<meta name=\"robots\" content=\"noindex, follow, max-snippet:-1, max-image-preview:large, max-video-preview:-1\" \/>\n<meta property=\"og:locale\" content=\"en_US\" \/>\n<meta property=\"og:type\" content=\"article\" \/>\n<meta property=\"og:title\" content=\"Fr\u00fche Jahre - TEST - SMND\" \/>\n<meta property=\"og:description\" content=\"Die fr\u00fchen Jahre Von Gandhis Freiheitsbewegung f\u00fcr die Massen zu einem Zeitalter der massenhaften Selbst-Verwirklichung Mahatma Gandhi hinterlie\u00df bei allen, die ihm begegneten, einen bleibenden Eindruck &#8211; so auch bei einem kleinen M\u00e4dchen, das in seinem Ashram wohnte. Dieses kleine M\u00e4dchen war Shri Mataji, der er den Spitznamen &#8220;Nepali&#8221; gab, weil ihre Gesichtsz\u00fcge an die&hellip; Read more\" \/>\n<meta property=\"og:url\" content=\"https:\/\/shrimataji.org\/test\/de\/fruehe-jahre\/\" \/>\n<meta property=\"og:site_name\" content=\"TEST - SMND\" \/>\n<meta property=\"article:publisher\" content=\"https:\/\/www.facebook.com\/shrimataji\" \/>\n<meta property=\"article:modified_time\" content=\"2024-04-27T01:15:15+00:00\" \/>\n<meta property=\"og:image\" content=\"https:\/\/shrimataji.org\/test\/wp-content\/uploads\/2023\/03\/1_Banner_EarlyLife-scaled.jpg\" \/>\n\t<meta property=\"og:image:width\" content=\"2560\" \/>\n\t<meta property=\"og:image:height\" content=\"905\" \/>\n\t<meta property=\"og:image:type\" content=\"image\/jpeg\" \/>\n<meta name=\"twitter:card\" content=\"summary_large_image\" \/>\n<meta name=\"twitter:site\" content=\"@shrimataji\" \/>\n<meta name=\"twitter:label1\" content=\"Est. reading time\" \/>\n\t<meta name=\"twitter:data1\" content=\"4 minutes\" \/>\n<script type=\"application\/ld+json\" class=\"yoast-schema-graph\">{\"@context\":\"https:\\\/\\\/schema.org\",\"@graph\":[{\"@type\":\"WebPage\",\"@id\":\"https:\\\/\\\/shrimataji.org\\\/test\\\/de\\\/fruehe-jahre\\\/\",\"url\":\"https:\\\/\\\/shrimataji.org\\\/test\\\/de\\\/fruehe-jahre\\\/\",\"name\":\"Fr\u00fche Jahre - TEST - SMND\",\"isPartOf\":{\"@id\":\"https:\\\/\\\/shrimataji.org\\\/test\\\/#website\"},\"primaryImageOfPage\":{\"@id\":\"https:\\\/\\\/shrimataji.org\\\/test\\\/de\\\/fruehe-jahre\\\/#primaryimage\"},\"image\":{\"@id\":\"https:\\\/\\\/shrimataji.org\\\/test\\\/de\\\/fruehe-jahre\\\/#primaryimage\"},\"thumbnailUrl\":\"https:\\\/\\\/shrimataji.org\\\/test\\\/wp-content\\\/uploads\\\/2023\\\/03\\\/1_Banner_EarlyLife-scaled.jpg\",\"datePublished\":\"2023-02-20T03:40:29+00:00\",\"dateModified\":\"2024-04-27T01:15:15+00:00\",\"breadcrumb\":{\"@id\":\"https:\\\/\\\/shrimataji.org\\\/test\\\/de\\\/fruehe-jahre\\\/#breadcrumb\"},\"inLanguage\":\"en-US\",\"potentialAction\":[{\"@type\":\"ReadAction\",\"target\":[\"https:\\\/\\\/shrimataji.org\\\/test\\\/de\\\/fruehe-jahre\\\/\"]}]},{\"@type\":\"ImageObject\",\"inLanguage\":\"en-US\",\"@id\":\"https:\\\/\\\/shrimataji.org\\\/test\\\/de\\\/fruehe-jahre\\\/#primaryimage\",\"url\":\"https:\\\/\\\/shrimataji.org\\\/test\\\/wp-content\\\/uploads\\\/2023\\\/03\\\/1_Banner_EarlyLife-scaled.jpg\",\"contentUrl\":\"https:\\\/\\\/shrimataji.org\\\/test\\\/wp-content\\\/uploads\\\/2023\\\/03\\\/1_Banner_EarlyLife-scaled.jpg\",\"width\":2560,\"height\":905},{\"@type\":\"BreadcrumbList\",\"@id\":\"https:\\\/\\\/shrimataji.org\\\/test\\\/de\\\/fruehe-jahre\\\/#breadcrumb\",\"itemListElement\":[{\"@type\":\"ListItem\",\"position\":1,\"name\":\"Home\",\"item\":\"https:\\\/\\\/shrimataji.org\\\/test\\\/uk\\\/home-en\\\/\"},{\"@type\":\"ListItem\",\"position\":2,\"name\":\"Fr\u00fche Jahre\"}]},{\"@type\":\"WebSite\",\"@id\":\"https:\\\/\\\/shrimataji.org\\\/test\\\/#website\",\"url\":\"https:\\\/\\\/shrimataji.org\\\/test\\\/\",\"name\":\"Shri Mataji Nirmala Devi\",\"description\":\"A Life Dedicated to Humanity\",\"publisher\":{\"@id\":\"https:\\\/\\\/shrimataji.org\\\/test\\\/#\\\/schema\\\/person\\\/a1b3419c6585f164aa96da1ff85715d1\"},\"potentialAction\":[{\"@type\":\"SearchAction\",\"target\":{\"@type\":\"EntryPoint\",\"urlTemplate\":\"https:\\\/\\\/shrimataji.org\\\/test\\\/?s={search_term_string}\"},\"query-input\":{\"@type\":\"PropertyValueSpecification\",\"valueRequired\":true,\"valueName\":\"search_term_string\"}}],\"inLanguage\":\"en-US\"},{\"@type\":[\"Person\",\"Organization\"],\"@id\":\"https:\\\/\\\/shrimataji.org\\\/test\\\/#\\\/schema\\\/person\\\/a1b3419c6585f164aa96da1ff85715d1\",\"name\":\"Nirmala Shrivastava\",\"image\":{\"@type\":\"ImageObject\",\"inLanguage\":\"en-US\",\"@id\":\"https:\\\/\\\/shrimataji.org\\\/test\\\/wp-content\\\/uploads\\\/2023\\\/02\\\/SMO_LOGO-03.svg\",\"url\":\"https:\\\/\\\/shrimataji.org\\\/test\\\/wp-content\\\/uploads\\\/2023\\\/02\\\/SMO_LOGO-03.svg\",\"contentUrl\":\"https:\\\/\\\/shrimataji.org\\\/test\\\/wp-content\\\/uploads\\\/2023\\\/02\\\/SMO_LOGO-03.svg\",\"width\":\"1024\",\"height\":\"1024\",\"caption\":\"Nirmala Shrivastava\"},\"logo\":{\"@id\":\"https:\\\/\\\/shrimataji.org\\\/test\\\/wp-content\\\/uploads\\\/2023\\\/02\\\/SMO_LOGO-03.svg\"},\"sameAs\":[\"https:\\\/\\\/shrimataji.org\\\/test\",\"https:\\\/\\\/www.facebook.com\\\/shrimataji\",\"https:\\\/\\\/x.com\\\/shrimataji\",\"https:\\\/\\\/www.youtube.com\\\/@Shri_Mataji_Nirmala_Devi\\\/featured\"]}]}<\/script>\n<!-- \/ Yoast SEO plugin. -->","yoast_head_json":{"title":"Fr\u00fche Jahre - TEST - SMND","robots":{"index":"noindex","follow":"follow","max-snippet":"max-snippet:-1","max-image-preview":"max-image-preview:large","max-video-preview":"max-video-preview:-1"},"og_locale":"en_US","og_type":"article","og_title":"Fr\u00fche Jahre - TEST - SMND","og_description":"Die fr\u00fchen Jahre Von Gandhis Freiheitsbewegung f\u00fcr die Massen zu einem Zeitalter der massenhaften Selbst-Verwirklichung Mahatma Gandhi hinterlie\u00df bei allen, die ihm begegneten, einen bleibenden Eindruck &#8211; so auch bei einem kleinen M\u00e4dchen, das in seinem Ashram wohnte. Dieses kleine M\u00e4dchen war Shri Mataji, der er den Spitznamen &#8220;Nepali&#8221; gab, weil ihre Gesichtsz\u00fcge an die&hellip; Read more","og_url":"https:\/\/shrimataji.org\/test\/de\/fruehe-jahre\/","og_site_name":"TEST - SMND","article_publisher":"https:\/\/www.facebook.com\/shrimataji","article_modified_time":"2024-04-27T01:15:15+00:00","og_image":[{"width":2560,"height":905,"url":"https:\/\/shrimataji.org\/test\/wp-content\/uploads\/2023\/03\/1_Banner_EarlyLife-scaled.jpg","type":"image\/jpeg"}],"twitter_card":"summary_large_image","twitter_site":"@shrimataji","twitter_misc":{"Est. reading time":"4 minutes"},"schema":{"@context":"https:\/\/schema.org","@graph":[{"@type":"WebPage","@id":"https:\/\/shrimataji.org\/test\/de\/fruehe-jahre\/","url":"https:\/\/shrimataji.org\/test\/de\/fruehe-jahre\/","name":"Fr\u00fche Jahre - TEST - SMND","isPartOf":{"@id":"https:\/\/shrimataji.org\/test\/#website"},"primaryImageOfPage":{"@id":"https:\/\/shrimataji.org\/test\/de\/fruehe-jahre\/#primaryimage"},"image":{"@id":"https:\/\/shrimataji.org\/test\/de\/fruehe-jahre\/#primaryimage"},"thumbnailUrl":"https:\/\/shrimataji.org\/test\/wp-content\/uploads\/2023\/03\/1_Banner_EarlyLife-scaled.jpg","datePublished":"2023-02-20T03:40:29+00:00","dateModified":"2024-04-27T01:15:15+00:00","breadcrumb":{"@id":"https:\/\/shrimataji.org\/test\/de\/fruehe-jahre\/#breadcrumb"},"inLanguage":"en-US","potentialAction":[{"@type":"ReadAction","target":["https:\/\/shrimataji.org\/test\/de\/fruehe-jahre\/"]}]},{"@type":"ImageObject","inLanguage":"en-US","@id":"https:\/\/shrimataji.org\/test\/de\/fruehe-jahre\/#primaryimage","url":"https:\/\/shrimataji.org\/test\/wp-content\/uploads\/2023\/03\/1_Banner_EarlyLife-scaled.jpg","contentUrl":"https:\/\/shrimataji.org\/test\/wp-content\/uploads\/2023\/03\/1_Banner_EarlyLife-scaled.jpg","width":2560,"height":905},{"@type":"BreadcrumbList","@id":"https:\/\/shrimataji.org\/test\/de\/fruehe-jahre\/#breadcrumb","itemListElement":[{"@type":"ListItem","position":1,"name":"Home","item":"https:\/\/shrimataji.org\/test\/uk\/home-en\/"},{"@type":"ListItem","position":2,"name":"Fr\u00fche Jahre"}]},{"@type":"WebSite","@id":"https:\/\/shrimataji.org\/test\/#website","url":"https:\/\/shrimataji.org\/test\/","name":"Shri Mataji Nirmala Devi","description":"A Life Dedicated to Humanity","publisher":{"@id":"https:\/\/shrimataji.org\/test\/#\/schema\/person\/a1b3419c6585f164aa96da1ff85715d1"},"potentialAction":[{"@type":"SearchAction","target":{"@type":"EntryPoint","urlTemplate":"https:\/\/shrimataji.org\/test\/?s={search_term_string}"},"query-input":{"@type":"PropertyValueSpecification","valueRequired":true,"valueName":"search_term_string"}}],"inLanguage":"en-US"},{"@type":["Person","Organization"],"@id":"https:\/\/shrimataji.org\/test\/#\/schema\/person\/a1b3419c6585f164aa96da1ff85715d1","name":"Nirmala Shrivastava","image":{"@type":"ImageObject","inLanguage":"en-US","@id":"https:\/\/shrimataji.org\/test\/wp-content\/uploads\/2023\/02\/SMO_LOGO-03.svg","url":"https:\/\/shrimataji.org\/test\/wp-content\/uploads\/2023\/02\/SMO_LOGO-03.svg","contentUrl":"https:\/\/shrimataji.org\/test\/wp-content\/uploads\/2023\/02\/SMO_LOGO-03.svg","width":"1024","height":"1024","caption":"Nirmala Shrivastava"},"logo":{"@id":"https:\/\/shrimataji.org\/test\/wp-content\/uploads\/2023\/02\/SMO_LOGO-03.svg"},"sameAs":["https:\/\/shrimataji.org\/test","https:\/\/www.facebook.com\/shrimataji","https:\/\/x.com\/shrimataji","https:\/\/www.youtube.com\/@Shri_Mataji_Nirmala_Devi\/featured"]}]}},"lang":"de","translations":{"de":10635,"ur":37411,"en":8414,"am":18348,"th":19917,"hu":19457,"sq":18383,"zh":17280,"hi":8389,"tr":10148,"pt":10361,"fr":10733,"it":10831,"es":10928,"ja":11225,"ru":11413,"bn":11605,"te":11713,"sw":11836,"he":11984,"el":12275,"sk":12373,"fa":12471,"fi":12569,"bg":13361,"ro":14435,"cs":14628,"nl":16543,"ku":16703,"ar":16879,"be":18590,"kn":18864,"mr":20281,"uk":20573,"ml":20872,"ta":22698,"sv":22971,"gu":28819,"pa":28977,"fil":29417,"da":37725,"pl":37942,"nn":38277},"pll_sync_post":[],"_links":{"self":[{"href":"https:\/\/shrimataji.org\/test\/wp-json\/wp\/v2\/pages\/10635","targetHints":{"allow":["GET"]}}],"collection":[{"href":"https:\/\/shrimataji.org\/test\/wp-json\/wp\/v2\/pages"}],"about":[{"href":"https:\/\/shrimataji.org\/test\/wp-json\/wp\/v2\/types\/page"}],"author":[{"embeddable":true,"href":"https:\/\/shrimataji.org\/test\/wp-json\/wp\/v2\/users\/10"}],"replies":[{"embeddable":true,"href":"https:\/\/shrimataji.org\/test\/wp-json\/wp\/v2\/comments?post=10635"}],"version-history":[{"count":0,"href":"https:\/\/shrimataji.org\/test\/wp-json\/wp\/v2\/pages\/10635\/revisions"}],"wp:featuredmedia":[{"embeddable":true,"href":"https:\/\/shrimataji.org\/test\/wp-json\/wp\/v2\/media\/9507"}],"wp:attachment":[{"href":"https:\/\/shrimataji.org\/test\/wp-json\/wp\/v2\/media?parent=10635"}],"curies":[{"name":"wp","href":"https:\/\/api.w.org\/{rel}","templated":true}]}}