{"id":10636,"date":"2011-02-12T02:00:00","date_gmt":"2011-02-12T02:00:00","guid":{"rendered":"http:\/\/testwordpress.nirmalnagari.org\/smnd\/index.php\/ecology\/"},"modified":"2024-04-27T01:15:18","modified_gmt":"2024-04-27T01:15:18","slug":"oekologie","status":"publish","type":"page","link":"https:\/\/shrimataji.org\/test\/de\/oekologie\/","title":{"rendered":"\u00d6kologie"},"content":{"rendered":"\n\n\t<h1>\u00d6kologie<\/h1>\n<h2>Nat\u00fcrliches Gleichgewicht<\/h2>\n\t<div class=\"su-quote su-quote-style-default\"><div class=\"su-quote-inner su-u-clearfix su-u-trim\"> Wenn wir Mutter Erde nicht zu respektieren wissen, k\u00f6nnen wir auch uns selbst nicht respektieren.<\/div><\/div>\n\t<p>Shri Matajis Vision der Natur war die einer lebensspendenden und -erhaltenden Mutter Erde. Es war die eines lebendigen Wesens, das respektiert und sogar verehrt werden sollte. Ihr und ihren Br\u00fcdern und Schwestern wurde wie allen indischen Kinder gelehrt, morgens Mutter Erde um Vergebung zu bitten, &#8220;weil wir sie mit unseren F\u00fc\u00dfen ber\u00fchren&#8221;.<\/p>\n<p>Fast 40 Jahre lang reiste Shri Mataji um die Welt und weckte das innere menschliche Potenzial, um eine friedlichere und weniger egozentrische Geisteshaltung zu verwirklichen. Die Menschen, die zu ihren Konferenzen und Meditationssitzungen kamen, waren auf der Suche nach Spiritualit\u00e4t. Sie machte ihnen klar, dass Spiritualit\u00e4t nicht gedeihen k\u00f6nne, wenn man sich unserer wechselseitigen Beziehung zur Natur nicht voll bewusst sei.<\/p>\n<p>Bereits als sie in den fr\u00fchen 1970er Jahren ihre Arbeit mit Sahaja Yoga begann, warnte Shri Mataji deutlich vor den Gefahren, die eines Tages das \u00f6kologische Gleichgewicht bedrohen w\u00fcrden &#8211; die \u00dcberproduktion von Plastik, die Gefahren der Atomkraft, der Raubbau in der Landwirtschaft, die Verschmutzung durch Fahrzeuge und die Verunreinigung unserer Ozeane, Seen und Fl\u00fcsse.<\/p>\n\t\t\t\t<img loading=\"lazy\" decoding=\"async\" src=\"https:\/\/shrimataji.org\/test\/wp-content\/uploads\/2018\/07\/media_originals\/images\/flowers\/purple-flowers-by-vera-subkus-300x300.jpg\" alt=\"\" height=\"300\" width=\"300\" \/>\n\t\t\t\t<img loading=\"lazy\" decoding=\"async\" src=\"https:\/\/shrimataji.org\/test\/wp-content\/uploads\/2018\/07\/media_originals\/images\/art\/wentworth-falls-artwork-by-meredith-cooper.jpg\" alt=\"Wentworth Falls, \nNew South Wales, Australien (Meredith Cooper)\" height=\"1000\" width=\"993\" title=\"wentworth-falls-artwork-by-meredith-cooper\" \/>\n\t\tWentworth Falls, \nNew South Wales, Australien (Meredith Cooper)\n\t<p>Ohne die N\u00fctzlichkeit von Kunststoffen unter bestimmten Umst\u00e4nden in Abrede zu stellen, kritisierte sie ihre \u00fcberm\u00e4\u00dfige Verwendung und deren katastrophales Eindringen in die Natur. &#8220;Diejenigen, die mit der Entwicklung und Herstellung von Kunststoffen besch\u00e4ftigt sind, entwickeln sich pr\u00e4chtig und bauen ihr finanzielles Image als Multimillion\u00e4re auf&#8221;, erkl\u00e4rte sie. &#8220;In der Zwischenzeit schafft gedankenloser Konsum Berge von Plastik, sodass man nicht mehr wei\u00df, wie man diese von Menschenhand geschaffenen Mengen wieder beseitigen soll. Sie sind nicht nur unansehnlich, sondern k\u00f6nnen durch ihre blo\u00dfe Existenz sogar die Atmosph\u00e4re verpesten. Die \u00dcberproduktion von Kunststoffen und -fasern ist ein ernsthaftes Nebenprodukt zwanghaften Konsumverhaltens, das von der Idee der Mode angeheizt wird.&#8221;<\/p>\n<p>Shri Mataji rief auch lange vor den Trag\u00f6dien von Tschernobyl und Fukushima zur Wachsamkeit im Bereich der Atomenergie auf. &#8220;Tschernobyl war ein sehr gro\u00dfes Problem &#8230; und es war eine Lehre, dass wir uns der Atomenergie nicht zu sehr hingeben sollten.&#8221; Ihrer Meinung nach sei die Kernspaltung ein Angriff auf die nat\u00fcrliche Ganzheit eines Atomkerns, was auf einer subtilen Ebene die zerst\u00f6rerischen Nebenprodukte der entstehenden Energie erkl\u00e4re.<\/p>\n\t<p>Sie warnte vor der modernen Energieverschwendung und rief zu Sparsamkeit diesbez\u00fcglich im t\u00e4glichen Leben auf. Jeder &#8220;sollte sich bewusst sein, wie viel Energie er verbraucht, sei es Strom, Telefon, Wasser oder Sonstiges&#8221;, sagte sie. &#8220;Wir m\u00fcssen bescheiden damit umgehen &#8230; und es zu einem festen Bestandteil unseres t\u00e4glichen Lebens machen, die Energie von Mutter Erde sparsam zu verwenden. Das ist sehr wichtig.&#8221;<\/p>\n<p>Bei mehreren Gelegenheiten wies Shri Mataji auf die Anzahl der PKW auf den Stra\u00dfen hin, die alle mit nur einer Person in dieselbe Richtung fahren. Sie schlug vor, Fahrgemeinschaften zu bilden, um unn\u00f6tige Umweltverschmutzung zu vermeiden und eine kollektivere Einstellung zur Umweltverantwortung zu schaffen. Sie empfahl, oft zu Fu\u00df zu gehen, um die Feinheiten der Natur in einer \u00fcberm\u00e4\u00dfig hektischen Welt zu entdecken.<\/p>\n\t<p>\u00dcber ihre Worte hinaus hatte Shri Matajis pers\u00f6nliches Beispiel vielleicht den st\u00e4rksten Einfluss auf ihre Lehre. An jedem von ihr besuchten Ort traf sie heimische Kunsthandwerker und unterst\u00fctzte sie, indem sie ihre Arbeiten erwarb. Sie interessierte sich f\u00fcr alle Einzelheiten ihrer Werke &#8211; die verwendeten Materialien, ihre Herkunft, die Arbeitsbedingungen und den Lebensstandard ihrer Familien.<\/p>\n\t<div class=\"su-quote su-quote-style-default\"><div class=\"su-quote-inner su-u-clearfix su-u-trim\">Wir m\u00fcssen das Ungleichgewicht zwischen maschinen- und menschengemachten Dingen hin zu nat\u00fcrlicheren Dingen verschieben.<\/div><\/div>\n\t<p>Oft wies sie auf den \u00f6kologischen und wirtschaftlichen Wert von handgefertigten Waren hin. Durch ihren Erwerb durchbrechen die Verbraucher die Versklavung durch gro\u00dfe Industrielobbys, Moden und die Wegwerfkultur. Au\u00dferdem reduzieren sie \u00fcberm\u00e4\u00dfigen Konsum und schaffen Arbeitspl\u00e4tze. Aufgrund des Arbeits- und Zeitaufwands sind handgefertigte Produkte in der Regel teurer als maschinell hergestellte Massenware. Das bedeutet jedoch, dass die Verbraucher sie h\u00f6her wertsch\u00e4tzen, als sie einfach wegzuwerfen.<\/p>\n<p>Gleichzeitig erkannte sie die N\u00fctzlichkeit der industriellen Produktion und der Maschinen an, betonte aber die Notwendigkeit, ein Gleichgewicht zwischen hand- und maschinell gefertigten Produkten herzustellen. &#8220;Maschinen sollten f\u00fcr alle \u00f6ffentliche Arbeiten verwendet werden&#8221;, schlug sie vor, &#8220;wie f\u00fcr Autos, Z\u00fcge, Stra\u00dfenbahnen und alle \u00f6ffentlichen Arbeiten, die im Freien stattfinden. H\u00f6chstens f\u00fcr H\u00e4user kann man Maschinen verwenden. Doch f\u00fcr den pers\u00f6nlichen Gebrauch, solltet ihr handgefertigte Dinge verwenden. Spirituelle Menschen tragen gerne etwas, das handgemacht oder echt ist.&#8221;<\/p>\n<p>Die Welt steht heute durch den Klimawandel an einem kritischen Wendepunkt. Er bedroht sie mit einer globalen \u00f6kologische Katastrophe ungekannten Ausma\u00dfes. Aktuelle wissenschaftliche Studien verweisen eindeutig darauf, dass die ver\u00e4nderten menschlichen Priorit\u00e4ten seit Beginn des Industriezeitalters in dramatischer Weise zur globalen Umweltzerst\u00f6rung beitrugen und nur eine gemeinsame Anstrengung der Menschheit in Richtung einer nachhaltigen Lebensweise uns aus der drohenden Gefahr herausf\u00fchren kann.<\/p>\n<p>Die Praxis von Sahaja Yoga schafft ein ganzheitliches Gleichgewicht von K\u00f6rper, Geist und Seele. Es erm\u00f6glicht dem Einzelnen, einen altruistischen Lebensstil zu verfolgen und zu genie\u00dfen und in Harmonie mit der Natur zu leben. \u00dcber diese Verhaltenstransformation hinaus empfahl Shri Mataji die Nutzung der subtilen vibratorischen Energie, die Teil des Bewusstseins von Sahaja Yogis und Yoginis ist. Sie kann die Lebenskraft von Mutter Natur regenerieren und nat\u00fcrliches \u00f6kologisches Wachstum f\u00f6rdern. Tausende <a href=\"https:\/\/sahajkrishi.in\/english\/\" target=\"_blank\" rel=\"noopener\">landwirtschaftliche Experimente<\/a>, die von Sahaja Yogis auf der ganzen Welt durchgef\u00fchrt wurden, zeigen erstaunliche Ergebnisse bei der Verbesserung unserer Biosph\u00e4re und der Reduzierung unserer Abh\u00e4ngigkeit von umweltsch\u00e4dlichen chemischen D\u00fcngemitteln.<\/p>\n<p>Shri Matajis Vision von einer Welt im Gleichgewicht beginnt mit Menschen, die mit sich selbst im Einklang sind. Nur wenn dieses innere Gleichgewicht hergestellt ist, k\u00f6nnen sie eine harmonische und respektvolle Beziehung zur Umwelt und zu Mutter Erde erreichen, die uns alle ern\u00e4hrt.<\/p>\n\t<div class=\"su-quote su-quote-style-default\"><div class=\"su-quote-inner su-u-clearfix su-u-trim\">Die Erde bietet genug, um die Bed\u00fcrfnisse aller, aber nicht ihre Gier zu befriedigen.<\/div><\/div>\n<p><strong>Mahatma Gandhi<\/strong><\/p>\n\n","protected":false},"excerpt":{"rendered":"<p>\u00d6kologie Nat\u00fcrliches Gleichgewicht Shri Matajis Vision der Natur war die einer lebensspendenden und -erhaltenden Mutter Erde. Es war die eines lebendigen Wesens, das respektiert und sogar verehrt werden sollte. Ihr und ihren Br\u00fcdern und Schwestern wurde wie allen indischen Kinder gelehrt, morgens Mutter Erde um Vergebung zu bitten, &#8220;weil wir sie mit unseren F\u00fc\u00dfen ber\u00fchren&#8221;.&hellip; <br \/> <a class=\"read-more\" href=\"https:\/\/shrimataji.org\/test\/de\/oekologie\/\">Read more<\/a><\/p>\n","protected":false},"author":10,"featured_media":126,"parent":0,"menu_order":0,"comment_status":"closed","ping_status":"closed","template":"pro\/page-templates\/full-width-page.php","meta":{"inline_featured_image":false,"footnotes":""},"class_list":["post-10636","page","type-page","status-publish","has-post-thumbnail","hentry"],"yoast_head":"<!-- This site is optimized with the Yoast SEO plugin v27.4 - https:\/\/yoast.com\/product\/yoast-seo-wordpress\/ -->\n<title>\u00d6kologie - TEST - SMND<\/title>\n<meta name=\"robots\" content=\"noindex, follow, max-snippet:-1, max-image-preview:large, max-video-preview:-1\" \/>\n<meta property=\"og:locale\" content=\"en_US\" \/>\n<meta property=\"og:type\" content=\"article\" \/>\n<meta property=\"og:title\" content=\"\u00d6kologie - TEST - SMND\" \/>\n<meta property=\"og:description\" content=\"\u00d6kologie Nat\u00fcrliches Gleichgewicht Shri Matajis Vision der Natur war die einer lebensspendenden und -erhaltenden Mutter Erde. Es war die eines lebendigen Wesens, das respektiert und sogar verehrt werden sollte. Ihr und ihren Br\u00fcdern und Schwestern wurde wie allen indischen Kinder gelehrt, morgens Mutter Erde um Vergebung zu bitten, &#8220;weil wir sie mit unseren F\u00fc\u00dfen ber\u00fchren&#8221;.&hellip; Read more\" \/>\n<meta property=\"og:url\" content=\"https:\/\/shrimataji.org\/test\/de\/oekologie\/\" \/>\n<meta property=\"og:site_name\" content=\"TEST - SMND\" \/>\n<meta property=\"article:publisher\" content=\"https:\/\/www.facebook.com\/shrimataji\" \/>\n<meta property=\"article:modified_time\" content=\"2024-04-27T01:15:18+00:00\" \/>\n<meta property=\"og:image\" content=\"https:\/\/shrimataji.org\/test\/wp-content\/uploads\/2018\/07\/media_originals\/images\/headers-general\/shri-mataji-at-the-krishna-river-in-brahmapuri-india-1985.jpg\" \/>\n\t<meta property=\"og:image:width\" content=\"990\" \/>\n\t<meta property=\"og:image:height\" content=\"350\" \/>\n\t<meta property=\"og:image:type\" content=\"image\/jpeg\" \/>\n<meta name=\"twitter:card\" content=\"summary_large_image\" \/>\n<meta name=\"twitter:site\" content=\"@shrimataji\" \/>\n<meta name=\"twitter:label1\" content=\"Est. reading time\" \/>\n\t<meta name=\"twitter:data1\" content=\"5 minutes\" \/>\n<script type=\"application\/ld+json\" class=\"yoast-schema-graph\">{\"@context\":\"https:\\\/\\\/schema.org\",\"@graph\":[{\"@type\":\"WebPage\",\"@id\":\"https:\\\/\\\/shrimataji.org\\\/test\\\/de\\\/oekologie\\\/\",\"url\":\"https:\\\/\\\/shrimataji.org\\\/test\\\/de\\\/oekologie\\\/\",\"name\":\"\u00d6kologie - TEST - SMND\",\"isPartOf\":{\"@id\":\"https:\\\/\\\/shrimataji.org\\\/test\\\/#website\"},\"primaryImageOfPage\":{\"@id\":\"https:\\\/\\\/shrimataji.org\\\/test\\\/de\\\/oekologie\\\/#primaryimage\"},\"image\":{\"@id\":\"https:\\\/\\\/shrimataji.org\\\/test\\\/de\\\/oekologie\\\/#primaryimage\"},\"thumbnailUrl\":\"https:\\\/\\\/shrimataji.org\\\/test\\\/wp-content\\\/uploads\\\/2018\\\/07\\\/media_originals\\\/images\\\/headers-general\\\/shri-mataji-at-the-krishna-river-in-brahmapuri-india-1985.jpg\",\"datePublished\":\"2011-02-12T02:00:00+00:00\",\"dateModified\":\"2024-04-27T01:15:18+00:00\",\"breadcrumb\":{\"@id\":\"https:\\\/\\\/shrimataji.org\\\/test\\\/de\\\/oekologie\\\/#breadcrumb\"},\"inLanguage\":\"en-US\",\"potentialAction\":[{\"@type\":\"ReadAction\",\"target\":[\"https:\\\/\\\/shrimataji.org\\\/test\\\/de\\\/oekologie\\\/\"]}]},{\"@type\":\"ImageObject\",\"inLanguage\":\"en-US\",\"@id\":\"https:\\\/\\\/shrimataji.org\\\/test\\\/de\\\/oekologie\\\/#primaryimage\",\"url\":\"https:\\\/\\\/shrimataji.org\\\/test\\\/wp-content\\\/uploads\\\/2018\\\/07\\\/media_originals\\\/images\\\/headers-general\\\/shri-mataji-at-the-krishna-river-in-brahmapuri-india-1985.jpg\",\"contentUrl\":\"https:\\\/\\\/shrimataji.org\\\/test\\\/wp-content\\\/uploads\\\/2018\\\/07\\\/media_originals\\\/images\\\/headers-general\\\/shri-mataji-at-the-krishna-river-in-brahmapuri-india-1985.jpg\",\"width\":990,\"height\":350},{\"@type\":\"BreadcrumbList\",\"@id\":\"https:\\\/\\\/shrimataji.org\\\/test\\\/de\\\/oekologie\\\/#breadcrumb\",\"itemListElement\":[{\"@type\":\"ListItem\",\"position\":1,\"name\":\"Home\",\"item\":\"https:\\\/\\\/shrimataji.org\\\/test\\\/uk\\\/home-en\\\/\"},{\"@type\":\"ListItem\",\"position\":2,\"name\":\"\u00d6kologie\"}]},{\"@type\":\"WebSite\",\"@id\":\"https:\\\/\\\/shrimataji.org\\\/test\\\/#website\",\"url\":\"https:\\\/\\\/shrimataji.org\\\/test\\\/\",\"name\":\"Shri Mataji Nirmala Devi\",\"description\":\"A Life Dedicated to Humanity\",\"publisher\":{\"@id\":\"https:\\\/\\\/shrimataji.org\\\/test\\\/#\\\/schema\\\/person\\\/a1b3419c6585f164aa96da1ff85715d1\"},\"potentialAction\":[{\"@type\":\"SearchAction\",\"target\":{\"@type\":\"EntryPoint\",\"urlTemplate\":\"https:\\\/\\\/shrimataji.org\\\/test\\\/?s={search_term_string}\"},\"query-input\":{\"@type\":\"PropertyValueSpecification\",\"valueRequired\":true,\"valueName\":\"search_term_string\"}}],\"inLanguage\":\"en-US\"},{\"@type\":[\"Person\",\"Organization\"],\"@id\":\"https:\\\/\\\/shrimataji.org\\\/test\\\/#\\\/schema\\\/person\\\/a1b3419c6585f164aa96da1ff85715d1\",\"name\":\"Nirmala Shrivastava\",\"image\":{\"@type\":\"ImageObject\",\"inLanguage\":\"en-US\",\"@id\":\"https:\\\/\\\/shrimataji.org\\\/test\\\/wp-content\\\/uploads\\\/2023\\\/02\\\/SMO_LOGO-03.svg\",\"url\":\"https:\\\/\\\/shrimataji.org\\\/test\\\/wp-content\\\/uploads\\\/2023\\\/02\\\/SMO_LOGO-03.svg\",\"contentUrl\":\"https:\\\/\\\/shrimataji.org\\\/test\\\/wp-content\\\/uploads\\\/2023\\\/02\\\/SMO_LOGO-03.svg\",\"width\":\"1024\",\"height\":\"1024\",\"caption\":\"Nirmala Shrivastava\"},\"logo\":{\"@id\":\"https:\\\/\\\/shrimataji.org\\\/test\\\/wp-content\\\/uploads\\\/2023\\\/02\\\/SMO_LOGO-03.svg\"},\"sameAs\":[\"https:\\\/\\\/shrimataji.org\\\/test\",\"https:\\\/\\\/www.facebook.com\\\/shrimataji\",\"https:\\\/\\\/x.com\\\/shrimataji\",\"https:\\\/\\\/www.youtube.com\\\/@Shri_Mataji_Nirmala_Devi\\\/featured\"]}]}<\/script>\n<!-- \/ Yoast SEO plugin. -->","yoast_head_json":{"title":"\u00d6kologie - TEST - SMND","robots":{"index":"noindex","follow":"follow","max-snippet":"max-snippet:-1","max-image-preview":"max-image-preview:large","max-video-preview":"max-video-preview:-1"},"og_locale":"en_US","og_type":"article","og_title":"\u00d6kologie - TEST - SMND","og_description":"\u00d6kologie Nat\u00fcrliches Gleichgewicht Shri Matajis Vision der Natur war die einer lebensspendenden und -erhaltenden Mutter Erde. Es war die eines lebendigen Wesens, das respektiert und sogar verehrt werden sollte. Ihr und ihren Br\u00fcdern und Schwestern wurde wie allen indischen Kinder gelehrt, morgens Mutter Erde um Vergebung zu bitten, &#8220;weil wir sie mit unseren F\u00fc\u00dfen ber\u00fchren&#8221;.&hellip; Read more","og_url":"https:\/\/shrimataji.org\/test\/de\/oekologie\/","og_site_name":"TEST - SMND","article_publisher":"https:\/\/www.facebook.com\/shrimataji","article_modified_time":"2024-04-27T01:15:18+00:00","og_image":[{"width":990,"height":350,"url":"https:\/\/shrimataji.org\/test\/wp-content\/uploads\/2018\/07\/media_originals\/images\/headers-general\/shri-mataji-at-the-krishna-river-in-brahmapuri-india-1985.jpg","type":"image\/jpeg"}],"twitter_card":"summary_large_image","twitter_site":"@shrimataji","twitter_misc":{"Est. reading time":"5 minutes"},"schema":{"@context":"https:\/\/schema.org","@graph":[{"@type":"WebPage","@id":"https:\/\/shrimataji.org\/test\/de\/oekologie\/","url":"https:\/\/shrimataji.org\/test\/de\/oekologie\/","name":"\u00d6kologie - TEST - SMND","isPartOf":{"@id":"https:\/\/shrimataji.org\/test\/#website"},"primaryImageOfPage":{"@id":"https:\/\/shrimataji.org\/test\/de\/oekologie\/#primaryimage"},"image":{"@id":"https:\/\/shrimataji.org\/test\/de\/oekologie\/#primaryimage"},"thumbnailUrl":"https:\/\/shrimataji.org\/test\/wp-content\/uploads\/2018\/07\/media_originals\/images\/headers-general\/shri-mataji-at-the-krishna-river-in-brahmapuri-india-1985.jpg","datePublished":"2011-02-12T02:00:00+00:00","dateModified":"2024-04-27T01:15:18+00:00","breadcrumb":{"@id":"https:\/\/shrimataji.org\/test\/de\/oekologie\/#breadcrumb"},"inLanguage":"en-US","potentialAction":[{"@type":"ReadAction","target":["https:\/\/shrimataji.org\/test\/de\/oekologie\/"]}]},{"@type":"ImageObject","inLanguage":"en-US","@id":"https:\/\/shrimataji.org\/test\/de\/oekologie\/#primaryimage","url":"https:\/\/shrimataji.org\/test\/wp-content\/uploads\/2018\/07\/media_originals\/images\/headers-general\/shri-mataji-at-the-krishna-river-in-brahmapuri-india-1985.jpg","contentUrl":"https:\/\/shrimataji.org\/test\/wp-content\/uploads\/2018\/07\/media_originals\/images\/headers-general\/shri-mataji-at-the-krishna-river-in-brahmapuri-india-1985.jpg","width":990,"height":350},{"@type":"BreadcrumbList","@id":"https:\/\/shrimataji.org\/test\/de\/oekologie\/#breadcrumb","itemListElement":[{"@type":"ListItem","position":1,"name":"Home","item":"https:\/\/shrimataji.org\/test\/uk\/home-en\/"},{"@type":"ListItem","position":2,"name":"\u00d6kologie"}]},{"@type":"WebSite","@id":"https:\/\/shrimataji.org\/test\/#website","url":"https:\/\/shrimataji.org\/test\/","name":"Shri Mataji Nirmala Devi","description":"A Life Dedicated to Humanity","publisher":{"@id":"https:\/\/shrimataji.org\/test\/#\/schema\/person\/a1b3419c6585f164aa96da1ff85715d1"},"potentialAction":[{"@type":"SearchAction","target":{"@type":"EntryPoint","urlTemplate":"https:\/\/shrimataji.org\/test\/?s={search_term_string}"},"query-input":{"@type":"PropertyValueSpecification","valueRequired":true,"valueName":"search_term_string"}}],"inLanguage":"en-US"},{"@type":["Person","Organization"],"@id":"https:\/\/shrimataji.org\/test\/#\/schema\/person\/a1b3419c6585f164aa96da1ff85715d1","name":"Nirmala Shrivastava","image":{"@type":"ImageObject","inLanguage":"en-US","@id":"https:\/\/shrimataji.org\/test\/wp-content\/uploads\/2023\/02\/SMO_LOGO-03.svg","url":"https:\/\/shrimataji.org\/test\/wp-content\/uploads\/2023\/02\/SMO_LOGO-03.svg","contentUrl":"https:\/\/shrimataji.org\/test\/wp-content\/uploads\/2023\/02\/SMO_LOGO-03.svg","width":"1024","height":"1024","caption":"Nirmala Shrivastava"},"logo":{"@id":"https:\/\/shrimataji.org\/test\/wp-content\/uploads\/2023\/02\/SMO_LOGO-03.svg"},"sameAs":["https:\/\/shrimataji.org\/test","https:\/\/www.facebook.com\/shrimataji","https:\/\/x.com\/shrimataji","https:\/\/www.youtube.com\/@Shri_Mataji_Nirmala_Devi\/featured"]}]}},"lang":"de","translations":{"de":10636,"ur":37413,"en":416,"am":17984,"th":19920,"hu":19459,"sq":18385,"zh":17282,"tr":10149,"pt":10362,"fr":10734,"it":10832,"es":10929,"ja":11226,"ru":11414,"bn":11606,"te":11714,"sw":11837,"he":11985,"el":12276,"sk":12374,"fa":12472,"fi":12570,"bg":13513,"ro":14588,"cs":14781,"nl":16545,"ku":16705,"ar":16881,"be":18592,"kn":18866,"mr":20284,"uk":20576,"ml":20875,"ta":22700,"sv":22973,"gu":28821,"pa":28979,"fil":29419,"da":37727,"pl":37944,"nn":38279},"pll_sync_post":[],"_links":{"self":[{"href":"https:\/\/shrimataji.org\/test\/wp-json\/wp\/v2\/pages\/10636","targetHints":{"allow":["GET"]}}],"collection":[{"href":"https:\/\/shrimataji.org\/test\/wp-json\/wp\/v2\/pages"}],"about":[{"href":"https:\/\/shrimataji.org\/test\/wp-json\/wp\/v2\/types\/page"}],"author":[{"embeddable":true,"href":"https:\/\/shrimataji.org\/test\/wp-json\/wp\/v2\/users\/10"}],"replies":[{"embeddable":true,"href":"https:\/\/shrimataji.org\/test\/wp-json\/wp\/v2\/comments?post=10636"}],"version-history":[{"count":0,"href":"https:\/\/shrimataji.org\/test\/wp-json\/wp\/v2\/pages\/10636\/revisions"}],"wp:featuredmedia":[{"embeddable":true,"href":"https:\/\/shrimataji.org\/test\/wp-json\/wp\/v2\/media\/126"}],"wp:attachment":[{"href":"https:\/\/shrimataji.org\/test\/wp-json\/wp\/v2\/media?parent=10636"}],"curies":[{"name":"wp","href":"https:\/\/api.w.org\/{rel}","templated":true}]}}