{"id":10638,"date":"2018-07-10T06:54:54","date_gmt":"2018-07-10T06:54:54","guid":{"rendered":"http:\/\/testwordpress.nirmalnagari.org\/smnd\/index.php\/effortless-meditation\/"},"modified":"2024-04-27T01:15:17","modified_gmt":"2024-04-27T01:15:17","slug":"muehelose-meditation","status":"publish","type":"page","link":"https:\/\/shrimataji.org\/test\/de\/muehelose-meditation\/","title":{"rendered":"Meditation ohne Anstrengung"},"content":{"rendered":"\n\n\t<h1>Meditation ohne Anstrengung<\/h1>\n<h2>Auszug einer Empfehlung vom 1. Januar 1980 in London<\/h2>\n\t<p>Auf die gleiche Weise kommen die Vibrationen &#8211; sie werden ausgestrahlt. Ihr m\u00fcsst euch ihnen aussetzen. Der beste Weg dabei ist, sich nicht anzustrengen.<\/p>\n<p>Macht euch keine Gedanken \u00fcber ein Problem. Ihr m\u00fcsst euch keine Sorgen machen. Lasst einfach los und es wird von selbst funktionieren. Ihr m\u00fcsst euch nicht anstrengen. Das ist es, was Meditation ausmacht.<\/p>\n<p>Meditation bedeutet, sich der Gnade Gottes auszusetzen. Die Gnade selbst wei\u00df, wie sie euch heilen kann. Sie wei\u00df, wie sie sich in eurem Wesen niederlassen und euren Geist entfachen kann. Sie wei\u00df alles. Also brauchst ihr euch keine Gedanken dar\u00fcber zu machen, was ihr tun, welche Namen ihr anrufen oder welche Mantras ihr rezitieren m\u00fcsst. Beim Meditieren solltet ihr euch in keiner Weise anstrengen, gebt euch v\u00f6llig hin und seid zu diesem Zeitpunkt vollkommen gedankenfrei.<\/p>\n<p>Seid ihr nicht gedankenfrei, solltet ihr eure Gedanken beobachten, euch aber nicht darin involvieren. Ihr werdet feststellen, dass die Dunkelheit allm\u00e4hlich verschwindet, als ob die Sonne aufgeht. So wie die Sonnenstrahlen alles durchdringen und erhellen, wird auch euer Wesen vollkommen erleuchtet. Doch wenn ihr euch zu diesem Zeitpunkt anstrengt oder versucht, etwas in euch aufzuhalten, wird es nicht geschehen. M\u00fchelosigkeit ist der einzige Weg in die Meditation. Doch ihr solltet dabei nicht lethargisch sondern wachsam sein und es beobachten. Man k\u00f6nnte auch einfach eind\u00f6sen. Doch wenn man einschl\u00e4ft, wird nichts funktionieren. Das ist die Kehrseite der Medaille. Wenn man faul ist, wird nichts funktionieren. Ihr m\u00fcsst wach und offen sein, absolut bewusst und v\u00f6llig unangestrengt. Wenn ihr euch nicht anstrengt, wird die Meditation am besten funktionieren.<\/p>\n\t<p><img loading=\"lazy\" decoding=\"async\" src=\"https:\/\/shrimataji.org\/test\/wp-content\/uploads\/2018\/07\/media_originals\/images\/meditation\/effortless-meditation-and-thoughtless-awareness.jpg\" alt=\"Effortless Meditation and Thoughtless Awareness\" width=\"406\" height=\"272\" align=\"left\" \/><\/p>\n\t<p>Denkt nicht \u00fcber eure Probleme nach. Setzt euch einfach den Vibrationen aus. Wenn die Sonne scheint, setzt sich die ganze Natur ihr aus und empf\u00e4ngt m\u00fchelos ihre Segnungen. So wie die Strahlen der Sonne, beginnt auch die allesdurchdringende Kraft zu wirken.<\/p>\n<p>Ihr m\u00fcsst sie nicht steuern und nichts daf\u00fcr tun. Strengt euch nicht an. Sie wirkt und wird so lange weiterarbeiten, wie sie kann und das Wunder vollbringen, das sie vollbringen muss. Ihr m\u00fcsst euch nicht darum k\u00fcmmern. Diese Kraft wei\u00df, was sie zu tun hat. Doch wenn ihr euch anstrengt, schafft ihr eine Barriere f\u00fcr sie. Es ist also keine Anstrengung n\u00f6tig. Seid vollkommen entspannt und lasst es geschehen. Das ist alles.<\/p>\n\n","protected":false},"excerpt":{"rendered":"<p>Meditation ohne Anstrengung Auszug einer Empfehlung vom 1. Januar 1980 in London Auf die gleiche Weise kommen die Vibrationen &#8211; sie werden ausgestrahlt. Ihr m\u00fcsst euch ihnen aussetzen. Der beste Weg dabei ist, sich nicht anzustrengen. Macht euch keine Gedanken \u00fcber ein Problem. Ihr m\u00fcsst euch keine Sorgen machen. Lasst einfach los und es wird&hellip; <br \/> <a class=\"read-more\" href=\"https:\/\/shrimataji.org\/test\/de\/muehelose-meditation\/\">Read more<\/a><\/p>\n","protected":false},"author":10,"featured_media":147,"parent":0,"menu_order":0,"comment_status":"closed","ping_status":"closed","template":"","meta":{"inline_featured_image":false,"footnotes":""},"class_list":["post-10638","page","type-page","status-publish","has-post-thumbnail","hentry"],"yoast_head":"<!-- This site is optimized with the Yoast SEO plugin v27.4 - https:\/\/yoast.com\/product\/yoast-seo-wordpress\/ -->\n<title>Meditation ohne Anstrengung - TEST - SMND<\/title>\n<meta name=\"robots\" content=\"noindex, follow, max-snippet:-1, max-image-preview:large, max-video-preview:-1\" \/>\n<meta property=\"og:locale\" content=\"en_US\" \/>\n<meta property=\"og:type\" content=\"article\" \/>\n<meta property=\"og:title\" content=\"Meditation ohne Anstrengung - TEST - SMND\" \/>\n<meta property=\"og:description\" content=\"Meditation ohne Anstrengung Auszug einer Empfehlung vom 1. Januar 1980 in London Auf die gleiche Weise kommen die Vibrationen &#8211; sie werden ausgestrahlt. Ihr m\u00fcsst euch ihnen aussetzen. Der beste Weg dabei ist, sich nicht anzustrengen. Macht euch keine Gedanken \u00fcber ein Problem. Ihr m\u00fcsst euch keine Sorgen machen. Lasst einfach los und es wird&hellip; Read more\" \/>\n<meta property=\"og:url\" content=\"https:\/\/shrimataji.org\/test\/de\/muehelose-meditation\/\" \/>\n<meta property=\"og:site_name\" content=\"TEST - SMND\" \/>\n<meta property=\"article:publisher\" content=\"https:\/\/www.facebook.com\/shrimataji\" \/>\n<meta property=\"article:modified_time\" content=\"2024-04-27T01:15:17+00:00\" \/>\n<meta property=\"og:image\" content=\"https:\/\/shrimataji.org\/test\/wp-content\/uploads\/2018\/07\/media_originals\/images\/headers-general\/effortless-sahaja-yoga-meditation.jpg\" \/>\n\t<meta property=\"og:image:width\" content=\"990\" \/>\n\t<meta property=\"og:image:height\" content=\"350\" \/>\n\t<meta property=\"og:image:type\" content=\"image\/jpeg\" \/>\n<meta name=\"twitter:card\" content=\"summary_large_image\" \/>\n<meta name=\"twitter:site\" content=\"@shrimataji\" \/>\n<meta name=\"twitter:label1\" content=\"Est. reading time\" \/>\n\t<meta name=\"twitter:data1\" content=\"2 minutes\" \/>\n<script type=\"application\/ld+json\" class=\"yoast-schema-graph\">{\"@context\":\"https:\\\/\\\/schema.org\",\"@graph\":[{\"@type\":\"WebPage\",\"@id\":\"https:\\\/\\\/shrimataji.org\\\/test\\\/de\\\/muehelose-meditation\\\/\",\"url\":\"https:\\\/\\\/shrimataji.org\\\/test\\\/de\\\/muehelose-meditation\\\/\",\"name\":\"Meditation ohne Anstrengung - TEST - SMND\",\"isPartOf\":{\"@id\":\"https:\\\/\\\/shrimataji.org\\\/test\\\/#website\"},\"primaryImageOfPage\":{\"@id\":\"https:\\\/\\\/shrimataji.org\\\/test\\\/de\\\/muehelose-meditation\\\/#primaryimage\"},\"image\":{\"@id\":\"https:\\\/\\\/shrimataji.org\\\/test\\\/de\\\/muehelose-meditation\\\/#primaryimage\"},\"thumbnailUrl\":\"https:\\\/\\\/shrimataji.org\\\/test\\\/wp-content\\\/uploads\\\/2018\\\/07\\\/media_originals\\\/images\\\/headers-general\\\/effortless-sahaja-yoga-meditation.jpg\",\"datePublished\":\"2018-07-10T06:54:54+00:00\",\"dateModified\":\"2024-04-27T01:15:17+00:00\",\"breadcrumb\":{\"@id\":\"https:\\\/\\\/shrimataji.org\\\/test\\\/de\\\/muehelose-meditation\\\/#breadcrumb\"},\"inLanguage\":\"en-US\",\"potentialAction\":[{\"@type\":\"ReadAction\",\"target\":[\"https:\\\/\\\/shrimataji.org\\\/test\\\/de\\\/muehelose-meditation\\\/\"]}]},{\"@type\":\"ImageObject\",\"inLanguage\":\"en-US\",\"@id\":\"https:\\\/\\\/shrimataji.org\\\/test\\\/de\\\/muehelose-meditation\\\/#primaryimage\",\"url\":\"https:\\\/\\\/shrimataji.org\\\/test\\\/wp-content\\\/uploads\\\/2018\\\/07\\\/media_originals\\\/images\\\/headers-general\\\/effortless-sahaja-yoga-meditation.jpg\",\"contentUrl\":\"https:\\\/\\\/shrimataji.org\\\/test\\\/wp-content\\\/uploads\\\/2018\\\/07\\\/media_originals\\\/images\\\/headers-general\\\/effortless-sahaja-yoga-meditation.jpg\",\"width\":990,\"height\":350},{\"@type\":\"BreadcrumbList\",\"@id\":\"https:\\\/\\\/shrimataji.org\\\/test\\\/de\\\/muehelose-meditation\\\/#breadcrumb\",\"itemListElement\":[{\"@type\":\"ListItem\",\"position\":1,\"name\":\"Home\",\"item\":\"https:\\\/\\\/shrimataji.org\\\/test\\\/uk\\\/home-en\\\/\"},{\"@type\":\"ListItem\",\"position\":2,\"name\":\"Meditation ohne Anstrengung\"}]},{\"@type\":\"WebSite\",\"@id\":\"https:\\\/\\\/shrimataji.org\\\/test\\\/#website\",\"url\":\"https:\\\/\\\/shrimataji.org\\\/test\\\/\",\"name\":\"Shri Mataji Nirmala Devi\",\"description\":\"A Life Dedicated to Humanity\",\"publisher\":{\"@id\":\"https:\\\/\\\/shrimataji.org\\\/test\\\/#\\\/schema\\\/person\\\/a1b3419c6585f164aa96da1ff85715d1\"},\"potentialAction\":[{\"@type\":\"SearchAction\",\"target\":{\"@type\":\"EntryPoint\",\"urlTemplate\":\"https:\\\/\\\/shrimataji.org\\\/test\\\/?s={search_term_string}\"},\"query-input\":{\"@type\":\"PropertyValueSpecification\",\"valueRequired\":true,\"valueName\":\"search_term_string\"}}],\"inLanguage\":\"en-US\"},{\"@type\":[\"Person\",\"Organization\"],\"@id\":\"https:\\\/\\\/shrimataji.org\\\/test\\\/#\\\/schema\\\/person\\\/a1b3419c6585f164aa96da1ff85715d1\",\"name\":\"Nirmala Shrivastava\",\"image\":{\"@type\":\"ImageObject\",\"inLanguage\":\"en-US\",\"@id\":\"https:\\\/\\\/shrimataji.org\\\/test\\\/wp-content\\\/uploads\\\/2023\\\/02\\\/SMO_LOGO-03.svg\",\"url\":\"https:\\\/\\\/shrimataji.org\\\/test\\\/wp-content\\\/uploads\\\/2023\\\/02\\\/SMO_LOGO-03.svg\",\"contentUrl\":\"https:\\\/\\\/shrimataji.org\\\/test\\\/wp-content\\\/uploads\\\/2023\\\/02\\\/SMO_LOGO-03.svg\",\"width\":\"1024\",\"height\":\"1024\",\"caption\":\"Nirmala Shrivastava\"},\"logo\":{\"@id\":\"https:\\\/\\\/shrimataji.org\\\/test\\\/wp-content\\\/uploads\\\/2023\\\/02\\\/SMO_LOGO-03.svg\"},\"sameAs\":[\"https:\\\/\\\/shrimataji.org\\\/test\",\"https:\\\/\\\/www.facebook.com\\\/shrimataji\",\"https:\\\/\\\/x.com\\\/shrimataji\",\"https:\\\/\\\/www.youtube.com\\\/@Shri_Mataji_Nirmala_Devi\\\/featured\"]}]}<\/script>\n<!-- \/ Yoast SEO plugin. -->","yoast_head_json":{"title":"Meditation ohne Anstrengung - TEST - SMND","robots":{"index":"noindex","follow":"follow","max-snippet":"max-snippet:-1","max-image-preview":"max-image-preview:large","max-video-preview":"max-video-preview:-1"},"og_locale":"en_US","og_type":"article","og_title":"Meditation ohne Anstrengung - TEST - SMND","og_description":"Meditation ohne Anstrengung Auszug einer Empfehlung vom 1. Januar 1980 in London Auf die gleiche Weise kommen die Vibrationen &#8211; sie werden ausgestrahlt. Ihr m\u00fcsst euch ihnen aussetzen. Der beste Weg dabei ist, sich nicht anzustrengen. Macht euch keine Gedanken \u00fcber ein Problem. Ihr m\u00fcsst euch keine Sorgen machen. Lasst einfach los und es wird&hellip; Read more","og_url":"https:\/\/shrimataji.org\/test\/de\/muehelose-meditation\/","og_site_name":"TEST - SMND","article_publisher":"https:\/\/www.facebook.com\/shrimataji","article_modified_time":"2024-04-27T01:15:17+00:00","og_image":[{"width":990,"height":350,"url":"https:\/\/shrimataji.org\/test\/wp-content\/uploads\/2018\/07\/media_originals\/images\/headers-general\/effortless-sahaja-yoga-meditation.jpg","type":"image\/jpeg"}],"twitter_card":"summary_large_image","twitter_site":"@shrimataji","twitter_misc":{"Est. reading time":"2 minutes"},"schema":{"@context":"https:\/\/schema.org","@graph":[{"@type":"WebPage","@id":"https:\/\/shrimataji.org\/test\/de\/muehelose-meditation\/","url":"https:\/\/shrimataji.org\/test\/de\/muehelose-meditation\/","name":"Meditation ohne Anstrengung - TEST - SMND","isPartOf":{"@id":"https:\/\/shrimataji.org\/test\/#website"},"primaryImageOfPage":{"@id":"https:\/\/shrimataji.org\/test\/de\/muehelose-meditation\/#primaryimage"},"image":{"@id":"https:\/\/shrimataji.org\/test\/de\/muehelose-meditation\/#primaryimage"},"thumbnailUrl":"https:\/\/shrimataji.org\/test\/wp-content\/uploads\/2018\/07\/media_originals\/images\/headers-general\/effortless-sahaja-yoga-meditation.jpg","datePublished":"2018-07-10T06:54:54+00:00","dateModified":"2024-04-27T01:15:17+00:00","breadcrumb":{"@id":"https:\/\/shrimataji.org\/test\/de\/muehelose-meditation\/#breadcrumb"},"inLanguage":"en-US","potentialAction":[{"@type":"ReadAction","target":["https:\/\/shrimataji.org\/test\/de\/muehelose-meditation\/"]}]},{"@type":"ImageObject","inLanguage":"en-US","@id":"https:\/\/shrimataji.org\/test\/de\/muehelose-meditation\/#primaryimage","url":"https:\/\/shrimataji.org\/test\/wp-content\/uploads\/2018\/07\/media_originals\/images\/headers-general\/effortless-sahaja-yoga-meditation.jpg","contentUrl":"https:\/\/shrimataji.org\/test\/wp-content\/uploads\/2018\/07\/media_originals\/images\/headers-general\/effortless-sahaja-yoga-meditation.jpg","width":990,"height":350},{"@type":"BreadcrumbList","@id":"https:\/\/shrimataji.org\/test\/de\/muehelose-meditation\/#breadcrumb","itemListElement":[{"@type":"ListItem","position":1,"name":"Home","item":"https:\/\/shrimataji.org\/test\/uk\/home-en\/"},{"@type":"ListItem","position":2,"name":"Meditation ohne Anstrengung"}]},{"@type":"WebSite","@id":"https:\/\/shrimataji.org\/test\/#website","url":"https:\/\/shrimataji.org\/test\/","name":"Shri Mataji Nirmala Devi","description":"A Life Dedicated to Humanity","publisher":{"@id":"https:\/\/shrimataji.org\/test\/#\/schema\/person\/a1b3419c6585f164aa96da1ff85715d1"},"potentialAction":[{"@type":"SearchAction","target":{"@type":"EntryPoint","urlTemplate":"https:\/\/shrimataji.org\/test\/?s={search_term_string}"},"query-input":{"@type":"PropertyValueSpecification","valueRequired":true,"valueName":"search_term_string"}}],"inLanguage":"en-US"},{"@type":["Person","Organization"],"@id":"https:\/\/shrimataji.org\/test\/#\/schema\/person\/a1b3419c6585f164aa96da1ff85715d1","name":"Nirmala Shrivastava","image":{"@type":"ImageObject","inLanguage":"en-US","@id":"https:\/\/shrimataji.org\/test\/wp-content\/uploads\/2023\/02\/SMO_LOGO-03.svg","url":"https:\/\/shrimataji.org\/test\/wp-content\/uploads\/2023\/02\/SMO_LOGO-03.svg","contentUrl":"https:\/\/shrimataji.org\/test\/wp-content\/uploads\/2023\/02\/SMO_LOGO-03.svg","width":"1024","height":"1024","caption":"Nirmala Shrivastava"},"logo":{"@id":"https:\/\/shrimataji.org\/test\/wp-content\/uploads\/2023\/02\/SMO_LOGO-03.svg"},"sameAs":["https:\/\/shrimataji.org\/test","https:\/\/www.facebook.com\/shrimataji","https:\/\/x.com\/shrimataji","https:\/\/www.youtube.com\/@Shri_Mataji_Nirmala_Devi\/featured"]}]}},"lang":"de","translations":{"de":10638,"ur":37417,"en":451,"am":17988,"th":19926,"hu":19463,"sq":18389,"zh":17286,"tr":10151,"pt":10364,"fr":10736,"it":10834,"es":10931,"ja":11228,"ru":11416,"bn":11608,"te":11716,"sw":11839,"he":11987,"el":12278,"sk":12376,"fa":12474,"fi":12572,"bg":13433,"ro":14507,"cs":14700,"nl":16549,"ku":16709,"ar":16885,"be":18596,"kn":18870,"mr":20290,"uk":20582,"ml":20881,"ta":22704,"sv":22977,"gu":28825,"pa":28983,"fil":29423,"da":37731,"pl":37948,"nn":38283},"pll_sync_post":[],"_links":{"self":[{"href":"https:\/\/shrimataji.org\/test\/wp-json\/wp\/v2\/pages\/10638","targetHints":{"allow":["GET"]}}],"collection":[{"href":"https:\/\/shrimataji.org\/test\/wp-json\/wp\/v2\/pages"}],"about":[{"href":"https:\/\/shrimataji.org\/test\/wp-json\/wp\/v2\/types\/page"}],"author":[{"embeddable":true,"href":"https:\/\/shrimataji.org\/test\/wp-json\/wp\/v2\/users\/10"}],"replies":[{"embeddable":true,"href":"https:\/\/shrimataji.org\/test\/wp-json\/wp\/v2\/comments?post=10638"}],"version-history":[{"count":0,"href":"https:\/\/shrimataji.org\/test\/wp-json\/wp\/v2\/pages\/10638\/revisions"}],"wp:featuredmedia":[{"embeddable":true,"href":"https:\/\/shrimataji.org\/test\/wp-json\/wp\/v2\/media\/147"}],"wp:attachment":[{"href":"https:\/\/shrimataji.org\/test\/wp-json\/wp\/v2\/media?parent=10638"}],"curies":[{"name":"wp","href":"https:\/\/api.w.org\/{rel}","templated":true}]}}