{"id":10639,"date":"2017-09-02T04:00:00","date_gmt":"2017-09-02T04:00:00","guid":{"rendered":"http:\/\/testwordpress.nirmalnagari.org\/smnd\/index.php\/enlightening-encounters\/"},"modified":"2024-04-27T01:15:15","modified_gmt":"2024-04-27T01:15:15","slug":"erleuchtende-begegnungen","status":"publish","type":"page","link":"https:\/\/shrimataji.org\/test\/de\/erleuchtende-begegnungen\/","title":{"rendered":"Erleuchtende Begegnungen"},"content":{"rendered":"\n\n\t<h1>Erleuchtende Begegnungen<\/h1>\n<h2>Grenzenlose Empathie und Liebe zur Menschheit<\/h2>\n\t<h4>In England fragte ein Journalist einmal: <em>&#8220;Have you had any disappointments?&#8221;<\/em> Shri Mataji antwortete: <em>&#8220;I have neither had any appointments or disappointments!&#8221;<\/em><a href=\"#footnote-1\"><sup>[1]<\/sup><\/a> Das darauf folgende Gel\u00e4chter kennzeichnete viele Gespr\u00e4che mit Shri Mataji, die humorvoll und ungew\u00f6hnlich sein konnten und oft eine \u00fcberraschende Wendung nahmen.<\/h4>\n<p>Shri Mataji konnte Zusammenh\u00e4nge zwischen Themen aufzeigen, die die meisten Menschen vorher nicht sahen. Das machte ihre tausenden von Vortr\u00e4gen und Geschichten fesselnd, bezaubernd, unvergesslich, lehrreich und erhellend. Ihr erweiterter Reisepass war fast zweieinhalb Zentimeter dick und trug die Stempel der vielen von ihr besuchten L\u00e4nder. Sie bereiste den Globus mit der stetigen Absicht, so viele Menschen wie m\u00f6glich zu erreichen und ihnen die Selbst-Verwirklichung zu bringen.<\/p>\n<p>Tats\u00e4chlich begegnete sie Tausenden &#8211; aber nicht f\u00fcr kurze Begr\u00fc\u00dfungen und Verabschiedungen, sondern Shri Mataji stimmte sich auf die Person vor ihr ein, ob sie nun weltgewandt und gebildet oder ein bescheidener Dorfbewohner war. Sie vertiefte sich in das Wesen der Menschen, denn f\u00fcr sie waren alle wichtig und alle hatten ein Potenzial.<\/p>\n<p>Dieses Potenzial inspirierte Shri Mataji zu ihrer Arbeit: das Verm\u00f6gen eines jeden Menschen, zum Atman zu werden, sich mit dem G\u00f6ttlichen zu verbinden und die Selbst-Verwirklichung zu erlangen. Manche Menschen erkannten Shri Mataji, andere nicht. Es hing von ihrem individuellen Entwicklungszustand ab und nicht davon, wer Shri Mataji war. Manche Menschen sahen sie, nahmen sie wahr und kamen n\u00e4her, andere wandten sich ab.<\/p>\n\tWer war Shri Mataji? Was war Shri Mataji?<br \/>\nShri Mataji war ein Guru. Das Wort Guru setzt sich zusammen aus <em>Gu<\/em> f\u00fcr &#8220;Unwissenheit&#8221; und <em>Ru<\/em> f\u00fcr &#8220;Vertreiber&#8221;. Daher sollte ein Guru in der Lage sein, die den Menschen umgebende spirituelle Unwissenheit und Illusion zu vertreiben.\n<p>Viele, die ihr n\u00e4her kamen, empfanden Shri Mataji als das einzig Wahre, das komplette Paket, die Axis mundi oder als G\u00f6ttliche Mutter. Irgendwie hatte sie die angeborene F\u00e4higkeit, den Menschen zu helfen, ihre Probleme zu bearbeiten und zu l\u00f6sen. Ihre Magie war die einer liebevollen G\u00e4rtnerin, die den Samen zum Keimen bringt, sodass er erbl\u00fchen und sich entfalten kann.<\/p>\n\t<h5>&#8220;Die Weisheit ist strahlend und unverg\u00e4nglich<br \/>\nund sie ist leicht zu erkennen von denen, die sie lieben.<br \/>\nSie wird von denen gefunden, die sie suchen<br \/>\nund beeilt sich, sich denen kundzutun, die sie begehren.<br \/>\n&#8230; sie geht umher und sucht die, die ihrer w\u00fcrdig sind,<br \/>\nund sie erscheint ihnen gn\u00e4dig auf ihren Wegen.&#8221;<\/h5>\n<h5>Weisheit 6:12-16<\/h5>\n\t<p>Ihre Botschaft war eindeutig: &#8220;Werdet euer eigener Guru, werdet der Geist&#8221;. Das erwies sich manchmal als schwieriger als gedacht, denn es erforderte Entschlossenheit und Disziplin.<\/p>\n<p>Eine schwache und zerstreute Aufmerksamkeit, Verwirrung, Faulheit, geringes Selbstwertgef\u00fchl und zahllose andere Probleme behindern die F\u00e4higkeit und Entschlossenheit jedes Einzelnen, an sich selbst zu arbeiten, sich um sich selbst zu k\u00fcmmern und sein Potenzial vollst\u00e4ndig zu verwirklichen.<\/p>\n<p>Im Laufe dieses Prozesses konnte sich Shri Mataji als Guru wild wie ein Tiger und furchterregend, doch auch als Mutter sanft, geduldig und tr\u00f6stend erweisen. Auf m\u00fctterliche Weise bem\u00fchte sie sich, Menschen zu inspirieren und zu erheben. Selbst wenn sie sie schwanken sah, war sie stets bereit, die Hand auszustrecken und wieder auf Kurs zu bringen.<\/p>\n<p>In ihrer Obhut hatte man das Gef\u00fchl, sich in den H\u00e4nden der Evolution selbst zu befinden. Ihr L\u00e4cheln wirkte tr\u00f6stend und erl\u00f6send. Ihre Stimme bot Beistand und Rat. Die Entscheidung lag immer im Herzen jeder und jedes Einzelnen, ob sie oder er ihre Worte beherzigen wollte oder nicht. Alle erlebten Shri Mataji auf einzigartige Weise und ihrem Grad an Verst\u00e4ndnis entsprechend.<\/p>\n\t<p>Ihr Feingef\u00fchl im Umgang mit Menschen war immens. Mit messerscharfer Pr\u00e4zision konnte sie sich schnell auf eine Situation einstellen. Ihre Aufmerksamkeit war durchdringend &#8211; um zu h\u00f6ren, was und auch was nicht gesagt wurde.<\/p>\n\t<p>Ihr Lachen war ansteckend und ihre Kraft \u00fcberw\u00e4ltigend, etwas aus der Perspektive eines losgel\u00f6sten Zeugen zu betrachten. Ihre Freude an den H\u00f6hen und Tiefen des Lebens war befreiend &#8211; und alle Erinnerungen an Shri Mataji umfassen ein Gef\u00fchl des Privilegs, des Gl\u00fccks oder der g\u00f6ttlichen F\u00fcgung, ihr und ihren Lehren irgendwie begegnet zu sein:<\/p>\n&#8220;Ich verneige mich vor allen Wahrheitssuchenden&#8221;,<br \/>\n&#8220;Ihr seid der Geist&#8221;,<br \/>\n&#8220;In euch wohnt eine Kraft&#8221;,<br \/>\n&#8220;Werdet euer eigener Guru&#8221;,<br \/>\n&#8220;Genie\u00dft!&#8221;,<br \/>\n&#8220;Ihr k\u00f6nnt eure Selbst-Verwirklichung erreichen und k\u00f6nnt eine k\u00fchle Brise auf euren Handfl\u00e4chen und \u00fcber eurem Kopf sp\u00fcren&#8221;,\n<p>waren und bleiben ihre unver\u00e4nderten Botschaften von Einsicht und Weisheit.<\/p>\n<p>Wie viele Menschen werden Shri Matajis Botschaft verstehen und die Gelegenheit ergreifen, ihr wahres Selbst zu entdecken? Shri Matajis Verm\u00e4chtnis verbleibt in denen, die sie wirklich h\u00f6ren, sich ihr Geschenk zu Herzen nehmen und Sahaja Yoga genie\u00dfen und verbreiten. Ihre Essenz ist in der k\u00fchlen Brise auf unseren H\u00e4nden und \u00fcber unseren K\u00f6pfen sp\u00fcrbar. Ihre Anmut erweicht sanft unsere Herzen &#8211; und g\u00f6ttliche Liebe hallt durch unser Wesen.<\/p>\n\t[1] Die w\u00f6rtliche \u00dcbersetzung lautet: &#8220;Ich hatte weder Verabredungen (= <em>appointments<\/em>) noch Entt\u00e4uschungen (= <em>disappointments<\/em>).&#8221; Leider l\u00e4sst sich das englische Wortspiel zwischen <em>appointments<\/em> und <em>disappointments<\/em> und die humorvoll hergestellte Verbindung von &#8220;Verabredungen&#8221; und &#8220;Entt\u00e4uschungen&#8221; so im Deutschen nicht wiedergeben. Deshalb wurde auf eine \u00dcbersetzung verzichtet.\n\n","protected":false},"excerpt":{"rendered":"<p>Erleuchtende Begegnungen Grenzenlose Empathie und Liebe zur Menschheit In England fragte ein Journalist einmal: &#8220;Have you had any disappointments?&#8221; Shri Mataji antwortete: &#8220;I have neither had any appointments or disappointments!&#8221;[1] Das darauf folgende Gel\u00e4chter kennzeichnete viele Gespr\u00e4che mit Shri Mataji, die humorvoll und ungew\u00f6hnlich sein konnten und oft eine \u00fcberraschende Wendung nahmen. Shri Mataji konnte&hellip; <br \/> <a class=\"read-more\" href=\"https:\/\/shrimataji.org\/test\/de\/erleuchtende-begegnungen\/\">Read more<\/a><\/p>\n","protected":false},"author":10,"featured_media":303,"parent":0,"menu_order":0,"comment_status":"closed","ping_status":"closed","template":"","meta":{"inline_featured_image":false,"footnotes":""},"class_list":["post-10639","page","type-page","status-publish","has-post-thumbnail","hentry"],"yoast_head":"<!-- This site is optimized with the Yoast SEO plugin v27.4 - https:\/\/yoast.com\/product\/yoast-seo-wordpress\/ -->\n<title>Erleuchtende Begegnungen - TEST - SMND<\/title>\n<meta name=\"robots\" content=\"noindex, follow, max-snippet:-1, max-image-preview:large, max-video-preview:-1\" \/>\n<meta property=\"og:locale\" content=\"en_US\" \/>\n<meta property=\"og:type\" content=\"article\" \/>\n<meta property=\"og:title\" content=\"Erleuchtende Begegnungen - TEST - SMND\" \/>\n<meta property=\"og:description\" content=\"Erleuchtende Begegnungen Grenzenlose Empathie und Liebe zur Menschheit In England fragte ein Journalist einmal: &#8220;Have you had any disappointments?&#8221; Shri Mataji antwortete: &#8220;I have neither had any appointments or disappointments!&#8221;[1] Das darauf folgende Gel\u00e4chter kennzeichnete viele Gespr\u00e4che mit Shri Mataji, die humorvoll und ungew\u00f6hnlich sein konnten und oft eine \u00fcberraschende Wendung nahmen. Shri Mataji konnte&hellip; Read more\" \/>\n<meta property=\"og:url\" content=\"https:\/\/shrimataji.org\/test\/de\/erleuchtende-begegnungen\/\" \/>\n<meta property=\"og:site_name\" content=\"TEST - SMND\" \/>\n<meta property=\"article:publisher\" content=\"https:\/\/www.facebook.com\/shrimataji\" \/>\n<meta property=\"article:modified_time\" content=\"2024-04-27T01:15:15+00:00\" \/>\n<meta property=\"og:image\" content=\"https:\/\/shrimataji.org\/test\/wp-content\/uploads\/2018\/07\/media_originals\/images\/shri-mataji-with-people\/shri-mataji-with-village-people-in-india.jpg\" \/>\n\t<meta property=\"og:image:width\" content=\"1500\" \/>\n\t<meta property=\"og:image:height\" content=\"980\" \/>\n\t<meta property=\"og:image:type\" content=\"image\/jpeg\" \/>\n<meta name=\"twitter:card\" content=\"summary_large_image\" \/>\n<meta name=\"twitter:site\" content=\"@shrimataji\" \/>\n<meta name=\"twitter:label1\" content=\"Est. reading time\" \/>\n\t<meta name=\"twitter:data1\" content=\"4 minutes\" \/>\n<script type=\"application\/ld+json\" class=\"yoast-schema-graph\">{\"@context\":\"https:\\\/\\\/schema.org\",\"@graph\":[{\"@type\":\"WebPage\",\"@id\":\"https:\\\/\\\/shrimataji.org\\\/test\\\/de\\\/erleuchtende-begegnungen\\\/\",\"url\":\"https:\\\/\\\/shrimataji.org\\\/test\\\/de\\\/erleuchtende-begegnungen\\\/\",\"name\":\"Erleuchtende Begegnungen - TEST - SMND\",\"isPartOf\":{\"@id\":\"https:\\\/\\\/shrimataji.org\\\/test\\\/#website\"},\"primaryImageOfPage\":{\"@id\":\"https:\\\/\\\/shrimataji.org\\\/test\\\/de\\\/erleuchtende-begegnungen\\\/#primaryimage\"},\"image\":{\"@id\":\"https:\\\/\\\/shrimataji.org\\\/test\\\/de\\\/erleuchtende-begegnungen\\\/#primaryimage\"},\"thumbnailUrl\":\"https:\\\/\\\/shrimataji.org\\\/test\\\/wp-content\\\/uploads\\\/2018\\\/07\\\/media_originals\\\/images\\\/shri-mataji-with-people\\\/shri-mataji-with-village-people-in-india.jpg\",\"datePublished\":\"2017-09-02T04:00:00+00:00\",\"dateModified\":\"2024-04-27T01:15:15+00:00\",\"breadcrumb\":{\"@id\":\"https:\\\/\\\/shrimataji.org\\\/test\\\/de\\\/erleuchtende-begegnungen\\\/#breadcrumb\"},\"inLanguage\":\"en-US\",\"potentialAction\":[{\"@type\":\"ReadAction\",\"target\":[\"https:\\\/\\\/shrimataji.org\\\/test\\\/de\\\/erleuchtende-begegnungen\\\/\"]}]},{\"@type\":\"ImageObject\",\"inLanguage\":\"en-US\",\"@id\":\"https:\\\/\\\/shrimataji.org\\\/test\\\/de\\\/erleuchtende-begegnungen\\\/#primaryimage\",\"url\":\"https:\\\/\\\/shrimataji.org\\\/test\\\/wp-content\\\/uploads\\\/2018\\\/07\\\/media_originals\\\/images\\\/shri-mataji-with-people\\\/shri-mataji-with-village-people-in-india.jpg\",\"contentUrl\":\"https:\\\/\\\/shrimataji.org\\\/test\\\/wp-content\\\/uploads\\\/2018\\\/07\\\/media_originals\\\/images\\\/shri-mataji-with-people\\\/shri-mataji-with-village-people-in-india.jpg\",\"width\":1500,\"height\":980},{\"@type\":\"BreadcrumbList\",\"@id\":\"https:\\\/\\\/shrimataji.org\\\/test\\\/de\\\/erleuchtende-begegnungen\\\/#breadcrumb\",\"itemListElement\":[{\"@type\":\"ListItem\",\"position\":1,\"name\":\"Home\",\"item\":\"https:\\\/\\\/shrimataji.org\\\/test\\\/uk\\\/home-en\\\/\"},{\"@type\":\"ListItem\",\"position\":2,\"name\":\"Erleuchtende Begegnungen\"}]},{\"@type\":\"WebSite\",\"@id\":\"https:\\\/\\\/shrimataji.org\\\/test\\\/#website\",\"url\":\"https:\\\/\\\/shrimataji.org\\\/test\\\/\",\"name\":\"Shri Mataji Nirmala Devi\",\"description\":\"A Life Dedicated to Humanity\",\"publisher\":{\"@id\":\"https:\\\/\\\/shrimataji.org\\\/test\\\/#\\\/schema\\\/person\\\/a1b3419c6585f164aa96da1ff85715d1\"},\"potentialAction\":[{\"@type\":\"SearchAction\",\"target\":{\"@type\":\"EntryPoint\",\"urlTemplate\":\"https:\\\/\\\/shrimataji.org\\\/test\\\/?s={search_term_string}\"},\"query-input\":{\"@type\":\"PropertyValueSpecification\",\"valueRequired\":true,\"valueName\":\"search_term_string\"}}],\"inLanguage\":\"en-US\"},{\"@type\":[\"Person\",\"Organization\"],\"@id\":\"https:\\\/\\\/shrimataji.org\\\/test\\\/#\\\/schema\\\/person\\\/a1b3419c6585f164aa96da1ff85715d1\",\"name\":\"Nirmala Shrivastava\",\"image\":{\"@type\":\"ImageObject\",\"inLanguage\":\"en-US\",\"@id\":\"https:\\\/\\\/shrimataji.org\\\/test\\\/wp-content\\\/uploads\\\/2023\\\/02\\\/SMO_LOGO-03.svg\",\"url\":\"https:\\\/\\\/shrimataji.org\\\/test\\\/wp-content\\\/uploads\\\/2023\\\/02\\\/SMO_LOGO-03.svg\",\"contentUrl\":\"https:\\\/\\\/shrimataji.org\\\/test\\\/wp-content\\\/uploads\\\/2023\\\/02\\\/SMO_LOGO-03.svg\",\"width\":\"1024\",\"height\":\"1024\",\"caption\":\"Nirmala Shrivastava\"},\"logo\":{\"@id\":\"https:\\\/\\\/shrimataji.org\\\/test\\\/wp-content\\\/uploads\\\/2023\\\/02\\\/SMO_LOGO-03.svg\"},\"sameAs\":[\"https:\\\/\\\/shrimataji.org\\\/test\",\"https:\\\/\\\/www.facebook.com\\\/shrimataji\",\"https:\\\/\\\/x.com\\\/shrimataji\",\"https:\\\/\\\/www.youtube.com\\\/@Shri_Mataji_Nirmala_Devi\\\/featured\"]}]}<\/script>\n<!-- \/ Yoast SEO plugin. -->","yoast_head_json":{"title":"Erleuchtende Begegnungen - TEST - SMND","robots":{"index":"noindex","follow":"follow","max-snippet":"max-snippet:-1","max-image-preview":"max-image-preview:large","max-video-preview":"max-video-preview:-1"},"og_locale":"en_US","og_type":"article","og_title":"Erleuchtende Begegnungen - TEST - SMND","og_description":"Erleuchtende Begegnungen Grenzenlose Empathie und Liebe zur Menschheit In England fragte ein Journalist einmal: &#8220;Have you had any disappointments?&#8221; Shri Mataji antwortete: &#8220;I have neither had any appointments or disappointments!&#8221;[1] Das darauf folgende Gel\u00e4chter kennzeichnete viele Gespr\u00e4che mit Shri Mataji, die humorvoll und ungew\u00f6hnlich sein konnten und oft eine \u00fcberraschende Wendung nahmen. Shri Mataji konnte&hellip; Read more","og_url":"https:\/\/shrimataji.org\/test\/de\/erleuchtende-begegnungen\/","og_site_name":"TEST - SMND","article_publisher":"https:\/\/www.facebook.com\/shrimataji","article_modified_time":"2024-04-27T01:15:15+00:00","og_image":[{"width":1500,"height":980,"url":"https:\/\/shrimataji.org\/test\/wp-content\/uploads\/2018\/07\/media_originals\/images\/shri-mataji-with-people\/shri-mataji-with-village-people-in-india.jpg","type":"image\/jpeg"}],"twitter_card":"summary_large_image","twitter_site":"@shrimataji","twitter_misc":{"Est. reading time":"4 minutes"},"schema":{"@context":"https:\/\/schema.org","@graph":[{"@type":"WebPage","@id":"https:\/\/shrimataji.org\/test\/de\/erleuchtende-begegnungen\/","url":"https:\/\/shrimataji.org\/test\/de\/erleuchtende-begegnungen\/","name":"Erleuchtende Begegnungen - TEST - SMND","isPartOf":{"@id":"https:\/\/shrimataji.org\/test\/#website"},"primaryImageOfPage":{"@id":"https:\/\/shrimataji.org\/test\/de\/erleuchtende-begegnungen\/#primaryimage"},"image":{"@id":"https:\/\/shrimataji.org\/test\/de\/erleuchtende-begegnungen\/#primaryimage"},"thumbnailUrl":"https:\/\/shrimataji.org\/test\/wp-content\/uploads\/2018\/07\/media_originals\/images\/shri-mataji-with-people\/shri-mataji-with-village-people-in-india.jpg","datePublished":"2017-09-02T04:00:00+00:00","dateModified":"2024-04-27T01:15:15+00:00","breadcrumb":{"@id":"https:\/\/shrimataji.org\/test\/de\/erleuchtende-begegnungen\/#breadcrumb"},"inLanguage":"en-US","potentialAction":[{"@type":"ReadAction","target":["https:\/\/shrimataji.org\/test\/de\/erleuchtende-begegnungen\/"]}]},{"@type":"ImageObject","inLanguage":"en-US","@id":"https:\/\/shrimataji.org\/test\/de\/erleuchtende-begegnungen\/#primaryimage","url":"https:\/\/shrimataji.org\/test\/wp-content\/uploads\/2018\/07\/media_originals\/images\/shri-mataji-with-people\/shri-mataji-with-village-people-in-india.jpg","contentUrl":"https:\/\/shrimataji.org\/test\/wp-content\/uploads\/2018\/07\/media_originals\/images\/shri-mataji-with-people\/shri-mataji-with-village-people-in-india.jpg","width":1500,"height":980},{"@type":"BreadcrumbList","@id":"https:\/\/shrimataji.org\/test\/de\/erleuchtende-begegnungen\/#breadcrumb","itemListElement":[{"@type":"ListItem","position":1,"name":"Home","item":"https:\/\/shrimataji.org\/test\/uk\/home-en\/"},{"@type":"ListItem","position":2,"name":"Erleuchtende Begegnungen"}]},{"@type":"WebSite","@id":"https:\/\/shrimataji.org\/test\/#website","url":"https:\/\/shrimataji.org\/test\/","name":"Shri Mataji Nirmala Devi","description":"A Life Dedicated to Humanity","publisher":{"@id":"https:\/\/shrimataji.org\/test\/#\/schema\/person\/a1b3419c6585f164aa96da1ff85715d1"},"potentialAction":[{"@type":"SearchAction","target":{"@type":"EntryPoint","urlTemplate":"https:\/\/shrimataji.org\/test\/?s={search_term_string}"},"query-input":{"@type":"PropertyValueSpecification","valueRequired":true,"valueName":"search_term_string"}}],"inLanguage":"en-US"},{"@type":["Person","Organization"],"@id":"https:\/\/shrimataji.org\/test\/#\/schema\/person\/a1b3419c6585f164aa96da1ff85715d1","name":"Nirmala Shrivastava","image":{"@type":"ImageObject","inLanguage":"en-US","@id":"https:\/\/shrimataji.org\/test\/wp-content\/uploads\/2023\/02\/SMO_LOGO-03.svg","url":"https:\/\/shrimataji.org\/test\/wp-content\/uploads\/2023\/02\/SMO_LOGO-03.svg","contentUrl":"https:\/\/shrimataji.org\/test\/wp-content\/uploads\/2023\/02\/SMO_LOGO-03.svg","width":"1024","height":"1024","caption":"Nirmala Shrivastava"},"logo":{"@id":"https:\/\/shrimataji.org\/test\/wp-content\/uploads\/2023\/02\/SMO_LOGO-03.svg"},"sameAs":["https:\/\/shrimataji.org\/test","https:\/\/www.facebook.com\/shrimataji","https:\/\/x.com\/shrimataji","https:\/\/www.youtube.com\/@Shri_Mataji_Nirmala_Devi\/featured"]}]}},"lang":"de","translations":{"de":10639,"ur":37419,"en":435,"am":17990,"th":19929,"hu":19465,"sq":18391,"zh":17288,"tr":10152,"pt":10365,"fr":10737,"it":10835,"es":10932,"ja":11229,"ru":11417,"bn":11609,"te":11717,"sw":11840,"he":11988,"el":12279,"sk":12377,"fa":12475,"fi":12573,"bg":13485,"ro":14560,"cs":14753,"nl":16551,"ku":16711,"ar":16887,"be":18598,"kn":18872,"mr":20293,"uk":20585,"ml":20884,"ta":22706,"sv":22979,"gu":28827,"pa":28985,"fil":29425,"da":37733,"pl":37950,"nn":38285},"pll_sync_post":[],"_links":{"self":[{"href":"https:\/\/shrimataji.org\/test\/wp-json\/wp\/v2\/pages\/10639","targetHints":{"allow":["GET"]}}],"collection":[{"href":"https:\/\/shrimataji.org\/test\/wp-json\/wp\/v2\/pages"}],"about":[{"href":"https:\/\/shrimataji.org\/test\/wp-json\/wp\/v2\/types\/page"}],"author":[{"embeddable":true,"href":"https:\/\/shrimataji.org\/test\/wp-json\/wp\/v2\/users\/10"}],"replies":[{"embeddable":true,"href":"https:\/\/shrimataji.org\/test\/wp-json\/wp\/v2\/comments?post=10639"}],"version-history":[{"count":0,"href":"https:\/\/shrimataji.org\/test\/wp-json\/wp\/v2\/pages\/10639\/revisions"}],"wp:featuredmedia":[{"embeddable":true,"href":"https:\/\/shrimataji.org\/test\/wp-json\/wp\/v2\/media\/303"}],"wp:attachment":[{"href":"https:\/\/shrimataji.org\/test\/wp-json\/wp\/v2\/media?parent=10639"}],"curies":[{"name":"wp","href":"https:\/\/api.w.org\/{rel}","templated":true}]}}