{"id":10640,"date":"2022-01-29T09:41:42","date_gmt":"2022-01-29T09:41:42","guid":{"rendered":"https:\/\/test.shrimataji.org\/?page_id=6385"},"modified":"2024-04-27T01:15:16","modified_gmt":"2024-04-27T01:15:16","slug":"gleichgewicht-etablieren","status":"publish","type":"page","link":"https:\/\/shrimataji.org\/test\/de\/gleichgewicht-etablieren\/","title":{"rendered":"Gleichgewicht etablieren"},"content":{"rendered":"\n\n\t<h1>Gleichgewicht etablieren<\/h1>\n<h2>Das Yin und Yang des Lebens<\/h2>\n<div class=\"su-quote su-quote-style-default\"><div class=\"su-quote-inner su-u-clearfix su-u-trim\">Das Problem mit der \u00d6kologie kann gel\u00f6st werden, sobald sich die Menschen transformieren und ihr Gleichgewicht entwickeln. Denn die Natur ist ins Ungleichgewicht geraten, weil wir nicht balanciert sind.<\/div><\/div>\n<p>Die heutige schnelllebige Welt stellt viele Herausforderungen an ein friedliches Leben &#8211; sowohl an uns als Individuen als auch als Teil einer globalen und mit globalen Problemen konfrontierten Gesellschaft ist. Klimawandel, wirtschaftliche und soziale Ungleichgewichte\u00a0 sind alles Symptome eines tieferen Konflikts im menschlichen Bewusstsein, den wir nicht allein \u00e4u\u00dferlich l\u00f6sen k\u00f6nnen. Doch ohne den wahren Sinn unserer Existenz zu erkennen, suchen wir weiterhin dort, ohne in unser Inneres zu schauen. Erst verbunden mit unserer angeborenen Natur, k\u00f6nnen wir die Quelle anzapfen, die uns die L\u00f6sungen liefern wird.<\/p>\n<h4>Um den Weg der Mitte zu finden, m\u00fcssen wir uns unseres inneren subtilen Gleichgewichts bewusst werden. Der weibliche (Yin) und der m\u00e4nnliche (Yang) Archetyp pr\u00e4gen unsere Pers\u00f6nlichkeit und dr\u00fccken sich in unseren Emotionen, W\u00fcnschen und Handlungen aus. Diese beeinflussen das energetische Gleichgewicht zwischen unserem linken und rechten Kanal. Unverh\u00e4ltnism\u00e4\u00dfige Tendenzen unseres Lebensstils belasten es und wir erfahren k\u00f6rperliche, geistige und emotionale Probleme.<\/h4>\n<p>Sahaja Yoga f\u00fchrt uns in den neuen Zustand des gedankenfreien Bewusstseins. In der Tiefe seiner Stille finden wir den richtigen Weg f\u00fcr uns selbst, unsere Mitmenschen und unsere Gesellschaft. Alles entfaltet sich spontan und offenbart eine neue Welt jenseits unserer Vorstellungskraft.<\/p>\n<h5>&#8220;Wir sind nur ein Spiegel der Welt. Alle Tendenzen der \u00e4u\u00dferen Welt finden sich in der Welt unseres K\u00f6rpers wieder. K\u00f6nnten wir uns selbst \u00e4ndern, \u00e4nderten sich auch die Neigungen der Welt. So wie ein Mensch sein Wesen \u00e4ndert, so \u00e4ndert sich auch die Haltung der Welt ihm gegen\u00fcber. Dies ist das h\u00f6chste g\u00f6ttliche Geheimnis. Es ist eine wunderbare Sache und die Quelle unseres Gl\u00fccks. Wir brauchen nicht darauf zu warten, was andere tun.&#8221;<\/h5>\n<h5>Mahatma Gandhi<\/h5>\n<p>Meditation in Sahaja Yoga bietet uns den einzigartigen Moment, um eine spirituelle Erfahrung jenseits unseres Verstandes zu vertiefen. Es ist eine friedliche Zeit, in der wir uns tats\u00e4chlich von der Unordnung des Nachdenkens \u00fcber zuk\u00fcnftige oder vergangene Dinge distanzieren k\u00f6nnen. Das gedankenfreie Bewusstsein erlaubt es, uns auf den gegenw\u00e4rtigen Moment zu konzentrieren. Das ist f\u00fcr den friedlichen Umgang mit jeder Situation unerl\u00e4sslich.<\/p>\n<div class=\"epyt-video-wrapper\"><div  data-ep-a=\"fadeIn\"  style=\"display: block; margin: 0px auto;\"  id=\"_ytid_19856\"  width=\"3840\" height=\"2160\"  data-origwidth=\"3840\" data-origheight=\"2160\" data-facadesrc=\"https:\/\/www.youtube.com\/embed\/vM4CGusCUAk?enablejsapi=1&autoplay=0&cc_load_policy=0&cc_lang_pref=&iv_load_policy=1&loop=0&rel=0&fs=1&playsinline=1&autohide=2&theme=dark&color=red&controls=1&disablekb=0&\" class=\"__youtube_prefs__ epyt-facade  no-lazyload\" data-epautoplay=\"1\" ><img decoding=\"async\" data-spai-excluded=\"true\" class=\"epyt-facade-poster skip-lazy\" loading=\"lazy\"  alt=\"YouTube player\"  src=\"https:\/\/i.ytimg.com\/vi\/vM4CGusCUAk\/maxresdefault.jpg\"  \/><button class=\"epyt-facade-play\" aria-label=\"Play\"><svg data-no-lazy=\"1\" height=\"100%\" version=\"1.1\" viewBox=\"0 0 68 48\" width=\"100%\"><path class=\"ytp-large-play-button-bg\" d=\"M66.52,7.74c-0.78-2.93-2.49-5.41-5.42-6.19C55.79,.13,34,0,34,0S12.21,.13,6.9,1.55 C3.97,2.33,2.27,4.81,1.48,7.74C0.06,13.05,0,24,0,24s0.06,10.95,1.48,16.26c0.78,2.93,2.49,5.41,5.42,6.19 C12.21,47.87,34,48,34,48s21.79-0.13,27.1-1.55c2.93-0.78,4.64-3.26,5.42-6.19C67.94,34.95,68,24,68,24S67.94,13.05,66.52,7.74z\" fill=\"#f00\"><\/path><path d=\"M 45,24 27,14 27,34\" fill=\"#fff\"><\/path><\/svg><\/button><\/div><\/div><span itemprop=\"video\" itemscope itemtype=\"http:\/\/schema.org\/VideoObject\"><meta itemprop=\"embedUrl\" content=\"https:\/\/www.youtube.com\/embed\/vM4CGusCUAk\"><meta itemprop=\"name\" content=\"Establishing balance\"><meta itemprop=\"description\" content=\"YouTube video\"><meta itemprop=\"thumbnailUrl\" content=\"https:\/\/i.ytimg.com\/vi\/vM4CGusCUAk\/0.jpg\"><meta itemprop=\"duration\" content=\"PT2M40S\"><meta itemprop=\"uploadDate\" content=\"2022-11-12T03:29:52Z\"><\/span>\n\t<div class=\"su-quote su-quote-style-default\"><div class=\"su-quote-inner su-u-clearfix su-u-trim\">\n<p>Etabliert euch, bewahrt euer Gleichgewicht und wachst zu gro\u00dfen Menschen heran.<\/p>\n<\/div><\/div>\n\n","protected":false},"excerpt":{"rendered":"<p>Gleichgewicht etablieren Das Yin und Yang des Lebens Die heutige schnelllebige Welt stellt viele Herausforderungen an ein friedliches Leben &#8211; sowohl an uns als Individuen als auch als Teil einer globalen und mit globalen Problemen konfrontierten Gesellschaft ist. Klimawandel, wirtschaftliche und soziale Ungleichgewichte\u00a0 sind alles Symptome eines tieferen Konflikts im menschlichen Bewusstsein, den wir nicht&hellip; <br \/> <a class=\"read-more\" href=\"https:\/\/shrimataji.org\/test\/de\/gleichgewicht-etablieren\/\">Read more<\/a><\/p>\n","protected":false},"author":10,"featured_media":9260,"parent":0,"menu_order":0,"comment_status":"closed","ping_status":"closed","template":"","meta":{"inline_featured_image":false,"footnotes":""},"class_list":["post-10640","page","type-page","status-publish","has-post-thumbnail","hentry"],"yoast_head":"<!-- This site is optimized with the Yoast SEO plugin v27.4 - https:\/\/yoast.com\/product\/yoast-seo-wordpress\/ -->\n<title>Gleichgewicht etablieren - TEST - SMND<\/title>\n<meta name=\"robots\" content=\"noindex, follow, max-snippet:-1, max-image-preview:large, max-video-preview:-1\" \/>\n<meta property=\"og:locale\" content=\"en_US\" \/>\n<meta property=\"og:type\" content=\"article\" \/>\n<meta property=\"og:title\" content=\"Gleichgewicht etablieren - TEST - SMND\" \/>\n<meta property=\"og:description\" content=\"Gleichgewicht etablieren Das Yin und Yang des Lebens Die heutige schnelllebige Welt stellt viele Herausforderungen an ein friedliches Leben &#8211; sowohl an uns als Individuen als auch als Teil einer globalen und mit globalen Problemen konfrontierten Gesellschaft ist. Klimawandel, wirtschaftliche und soziale Ungleichgewichte\u00a0 sind alles Symptome eines tieferen Konflikts im menschlichen Bewusstsein, den wir nicht&hellip; Read more\" \/>\n<meta property=\"og:url\" content=\"https:\/\/shrimataji.org\/test\/de\/gleichgewicht-etablieren\/\" \/>\n<meta property=\"og:site_name\" content=\"TEST - SMND\" \/>\n<meta property=\"article:publisher\" content=\"https:\/\/www.facebook.com\/shrimataji\" \/>\n<meta property=\"article:modified_time\" content=\"2024-04-27T01:15:16+00:00\" \/>\n<meta property=\"og:image\" content=\"https:\/\/shrimataji.org\/test\/wp-content\/uploads\/2023\/03\/25_Banner-SY-Balance-scaled.jpg\" \/>\n\t<meta property=\"og:image:width\" content=\"2560\" \/>\n\t<meta property=\"og:image:height\" content=\"905\" \/>\n\t<meta property=\"og:image:type\" content=\"image\/jpeg\" \/>\n<meta name=\"twitter:card\" content=\"summary_large_image\" \/>\n<meta name=\"twitter:site\" content=\"@shrimataji\" \/>\n<meta name=\"twitter:label1\" content=\"Est. reading time\" \/>\n\t<meta name=\"twitter:data1\" content=\"2 minutes\" \/>\n<script type=\"application\/ld+json\" class=\"yoast-schema-graph\">{\"@context\":\"https:\\\/\\\/schema.org\",\"@graph\":[{\"@type\":\"WebPage\",\"@id\":\"https:\\\/\\\/shrimataji.org\\\/test\\\/de\\\/gleichgewicht-etablieren\\\/\",\"url\":\"https:\\\/\\\/shrimataji.org\\\/test\\\/de\\\/gleichgewicht-etablieren\\\/\",\"name\":\"Gleichgewicht etablieren - TEST - SMND\",\"isPartOf\":{\"@id\":\"https:\\\/\\\/shrimataji.org\\\/test\\\/#website\"},\"primaryImageOfPage\":{\"@id\":\"https:\\\/\\\/shrimataji.org\\\/test\\\/de\\\/gleichgewicht-etablieren\\\/#primaryimage\"},\"image\":{\"@id\":\"https:\\\/\\\/shrimataji.org\\\/test\\\/de\\\/gleichgewicht-etablieren\\\/#primaryimage\"},\"thumbnailUrl\":\"https:\\\/\\\/shrimataji.org\\\/test\\\/wp-content\\\/uploads\\\/2023\\\/03\\\/25_Banner-SY-Balance-scaled.jpg\",\"datePublished\":\"2022-01-29T09:41:42+00:00\",\"dateModified\":\"2024-04-27T01:15:16+00:00\",\"breadcrumb\":{\"@id\":\"https:\\\/\\\/shrimataji.org\\\/test\\\/de\\\/gleichgewicht-etablieren\\\/#breadcrumb\"},\"inLanguage\":\"en-US\",\"potentialAction\":[{\"@type\":\"ReadAction\",\"target\":[\"https:\\\/\\\/shrimataji.org\\\/test\\\/de\\\/gleichgewicht-etablieren\\\/\"]}]},{\"@type\":\"ImageObject\",\"inLanguage\":\"en-US\",\"@id\":\"https:\\\/\\\/shrimataji.org\\\/test\\\/de\\\/gleichgewicht-etablieren\\\/#primaryimage\",\"url\":\"https:\\\/\\\/shrimataji.org\\\/test\\\/wp-content\\\/uploads\\\/2023\\\/03\\\/25_Banner-SY-Balance-scaled.jpg\",\"contentUrl\":\"https:\\\/\\\/shrimataji.org\\\/test\\\/wp-content\\\/uploads\\\/2023\\\/03\\\/25_Banner-SY-Balance-scaled.jpg\",\"width\":2560,\"height\":905},{\"@type\":\"BreadcrumbList\",\"@id\":\"https:\\\/\\\/shrimataji.org\\\/test\\\/de\\\/gleichgewicht-etablieren\\\/#breadcrumb\",\"itemListElement\":[{\"@type\":\"ListItem\",\"position\":1,\"name\":\"Home\",\"item\":\"https:\\\/\\\/shrimataji.org\\\/test\\\/uk\\\/home-en\\\/\"},{\"@type\":\"ListItem\",\"position\":2,\"name\":\"Gleichgewicht etablieren\"}]},{\"@type\":\"WebSite\",\"@id\":\"https:\\\/\\\/shrimataji.org\\\/test\\\/#website\",\"url\":\"https:\\\/\\\/shrimataji.org\\\/test\\\/\",\"name\":\"Shri Mataji Nirmala Devi\",\"description\":\"A Life Dedicated to Humanity\",\"publisher\":{\"@id\":\"https:\\\/\\\/shrimataji.org\\\/test\\\/#\\\/schema\\\/person\\\/a1b3419c6585f164aa96da1ff85715d1\"},\"potentialAction\":[{\"@type\":\"SearchAction\",\"target\":{\"@type\":\"EntryPoint\",\"urlTemplate\":\"https:\\\/\\\/shrimataji.org\\\/test\\\/?s={search_term_string}\"},\"query-input\":{\"@type\":\"PropertyValueSpecification\",\"valueRequired\":true,\"valueName\":\"search_term_string\"}}],\"inLanguage\":\"en-US\"},{\"@type\":[\"Person\",\"Organization\"],\"@id\":\"https:\\\/\\\/shrimataji.org\\\/test\\\/#\\\/schema\\\/person\\\/a1b3419c6585f164aa96da1ff85715d1\",\"name\":\"Nirmala Shrivastava\",\"image\":{\"@type\":\"ImageObject\",\"inLanguage\":\"en-US\",\"@id\":\"https:\\\/\\\/shrimataji.org\\\/test\\\/wp-content\\\/uploads\\\/2023\\\/02\\\/SMO_LOGO-03.svg\",\"url\":\"https:\\\/\\\/shrimataji.org\\\/test\\\/wp-content\\\/uploads\\\/2023\\\/02\\\/SMO_LOGO-03.svg\",\"contentUrl\":\"https:\\\/\\\/shrimataji.org\\\/test\\\/wp-content\\\/uploads\\\/2023\\\/02\\\/SMO_LOGO-03.svg\",\"width\":\"1024\",\"height\":\"1024\",\"caption\":\"Nirmala Shrivastava\"},\"logo\":{\"@id\":\"https:\\\/\\\/shrimataji.org\\\/test\\\/wp-content\\\/uploads\\\/2023\\\/02\\\/SMO_LOGO-03.svg\"},\"sameAs\":[\"https:\\\/\\\/shrimataji.org\\\/test\",\"https:\\\/\\\/www.facebook.com\\\/shrimataji\",\"https:\\\/\\\/x.com\\\/shrimataji\",\"https:\\\/\\\/www.youtube.com\\\/@Shri_Mataji_Nirmala_Devi\\\/featured\"]}]}<\/script>\n<!-- \/ Yoast SEO plugin. -->","yoast_head_json":{"title":"Gleichgewicht etablieren - TEST - SMND","robots":{"index":"noindex","follow":"follow","max-snippet":"max-snippet:-1","max-image-preview":"max-image-preview:large","max-video-preview":"max-video-preview:-1"},"og_locale":"en_US","og_type":"article","og_title":"Gleichgewicht etablieren - TEST - SMND","og_description":"Gleichgewicht etablieren Das Yin und Yang des Lebens Die heutige schnelllebige Welt stellt viele Herausforderungen an ein friedliches Leben &#8211; sowohl an uns als Individuen als auch als Teil einer globalen und mit globalen Problemen konfrontierten Gesellschaft ist. Klimawandel, wirtschaftliche und soziale Ungleichgewichte\u00a0 sind alles Symptome eines tieferen Konflikts im menschlichen Bewusstsein, den wir nicht&hellip; Read more","og_url":"https:\/\/shrimataji.org\/test\/de\/gleichgewicht-etablieren\/","og_site_name":"TEST - SMND","article_publisher":"https:\/\/www.facebook.com\/shrimataji","article_modified_time":"2024-04-27T01:15:16+00:00","og_image":[{"width":2560,"height":905,"url":"https:\/\/shrimataji.org\/test\/wp-content\/uploads\/2023\/03\/25_Banner-SY-Balance-scaled.jpg","type":"image\/jpeg"}],"twitter_card":"summary_large_image","twitter_site":"@shrimataji","twitter_misc":{"Est. reading time":"2 minutes"},"schema":{"@context":"https:\/\/schema.org","@graph":[{"@type":"WebPage","@id":"https:\/\/shrimataji.org\/test\/de\/gleichgewicht-etablieren\/","url":"https:\/\/shrimataji.org\/test\/de\/gleichgewicht-etablieren\/","name":"Gleichgewicht etablieren - TEST - SMND","isPartOf":{"@id":"https:\/\/shrimataji.org\/test\/#website"},"primaryImageOfPage":{"@id":"https:\/\/shrimataji.org\/test\/de\/gleichgewicht-etablieren\/#primaryimage"},"image":{"@id":"https:\/\/shrimataji.org\/test\/de\/gleichgewicht-etablieren\/#primaryimage"},"thumbnailUrl":"https:\/\/shrimataji.org\/test\/wp-content\/uploads\/2023\/03\/25_Banner-SY-Balance-scaled.jpg","datePublished":"2022-01-29T09:41:42+00:00","dateModified":"2024-04-27T01:15:16+00:00","breadcrumb":{"@id":"https:\/\/shrimataji.org\/test\/de\/gleichgewicht-etablieren\/#breadcrumb"},"inLanguage":"en-US","potentialAction":[{"@type":"ReadAction","target":["https:\/\/shrimataji.org\/test\/de\/gleichgewicht-etablieren\/"]}]},{"@type":"ImageObject","inLanguage":"en-US","@id":"https:\/\/shrimataji.org\/test\/de\/gleichgewicht-etablieren\/#primaryimage","url":"https:\/\/shrimataji.org\/test\/wp-content\/uploads\/2023\/03\/25_Banner-SY-Balance-scaled.jpg","contentUrl":"https:\/\/shrimataji.org\/test\/wp-content\/uploads\/2023\/03\/25_Banner-SY-Balance-scaled.jpg","width":2560,"height":905},{"@type":"BreadcrumbList","@id":"https:\/\/shrimataji.org\/test\/de\/gleichgewicht-etablieren\/#breadcrumb","itemListElement":[{"@type":"ListItem","position":1,"name":"Home","item":"https:\/\/shrimataji.org\/test\/uk\/home-en\/"},{"@type":"ListItem","position":2,"name":"Gleichgewicht etablieren"}]},{"@type":"WebSite","@id":"https:\/\/shrimataji.org\/test\/#website","url":"https:\/\/shrimataji.org\/test\/","name":"Shri Mataji Nirmala Devi","description":"A Life Dedicated to Humanity","publisher":{"@id":"https:\/\/shrimataji.org\/test\/#\/schema\/person\/a1b3419c6585f164aa96da1ff85715d1"},"potentialAction":[{"@type":"SearchAction","target":{"@type":"EntryPoint","urlTemplate":"https:\/\/shrimataji.org\/test\/?s={search_term_string}"},"query-input":{"@type":"PropertyValueSpecification","valueRequired":true,"valueName":"search_term_string"}}],"inLanguage":"en-US"},{"@type":["Person","Organization"],"@id":"https:\/\/shrimataji.org\/test\/#\/schema\/person\/a1b3419c6585f164aa96da1ff85715d1","name":"Nirmala Shrivastava","image":{"@type":"ImageObject","inLanguage":"en-US","@id":"https:\/\/shrimataji.org\/test\/wp-content\/uploads\/2023\/02\/SMO_LOGO-03.svg","url":"https:\/\/shrimataji.org\/test\/wp-content\/uploads\/2023\/02\/SMO_LOGO-03.svg","contentUrl":"https:\/\/shrimataji.org\/test\/wp-content\/uploads\/2023\/02\/SMO_LOGO-03.svg","width":"1024","height":"1024","caption":"Nirmala Shrivastava"},"logo":{"@id":"https:\/\/shrimataji.org\/test\/wp-content\/uploads\/2023\/02\/SMO_LOGO-03.svg"},"sameAs":["https:\/\/shrimataji.org\/test","https:\/\/www.facebook.com\/shrimataji","https:\/\/x.com\/shrimataji","https:\/\/www.youtube.com\/@Shri_Mataji_Nirmala_Devi\/featured"]}]}},"lang":"de","translations":{"de":10640,"ur":37421,"en":6385,"am":17992,"th":19932,"hu":19467,"sq":18393,"zh":17290,"hi":8343,"tr":10153,"pt":10366,"fr":10738,"it":10836,"es":10933,"ja":11230,"ru":11418,"bn":11610,"te":11718,"sw":11841,"he":11989,"el":12280,"sk":12378,"fa":12476,"fi":12574,"bg":13402,"ro":14476,"cs":14669,"nl":16553,"ku":16713,"ar":16889,"be":18600,"kn":18874,"mr":20296,"uk":20588,"ml":20887,"ta":22708,"sv":22981,"gu":28829,"pa":28987,"fil":29427,"da":37735,"pl":37952,"nn":38287},"pll_sync_post":[],"_links":{"self":[{"href":"https:\/\/shrimataji.org\/test\/wp-json\/wp\/v2\/pages\/10640","targetHints":{"allow":["GET"]}}],"collection":[{"href":"https:\/\/shrimataji.org\/test\/wp-json\/wp\/v2\/pages"}],"about":[{"href":"https:\/\/shrimataji.org\/test\/wp-json\/wp\/v2\/types\/page"}],"author":[{"embeddable":true,"href":"https:\/\/shrimataji.org\/test\/wp-json\/wp\/v2\/users\/10"}],"replies":[{"embeddable":true,"href":"https:\/\/shrimataji.org\/test\/wp-json\/wp\/v2\/comments?post=10640"}],"version-history":[{"count":0,"href":"https:\/\/shrimataji.org\/test\/wp-json\/wp\/v2\/pages\/10640\/revisions"}],"wp:featuredmedia":[{"embeddable":true,"href":"https:\/\/shrimataji.org\/test\/wp-json\/wp\/v2\/media\/9260"}],"wp:attachment":[{"href":"https:\/\/shrimataji.org\/test\/wp-json\/wp\/v2\/media?parent=10640"}],"curies":[{"name":"wp","href":"https:\/\/api.w.org\/{rel}","templated":true}]}}