{"id":10642,"date":"2022-01-23T02:49:35","date_gmt":"2022-01-23T02:49:35","guid":{"rendered":"https:\/\/test.shrimataji.org\/?page_id=6269"},"modified":"2024-04-27T01:15:14","modified_gmt":"2024-04-27T01:15:14","slug":"erfahrung-selbstverwirklichung","status":"publish","type":"page","link":"https:\/\/shrimataji.org\/test\/de\/erfahrung-selbstverwirklichung\/","title":{"rendered":"Erfahre die Selbst-Verwirklichung"},"content":{"rendered":"\n\n\t<h1>Erfahre Deine Selbst-Verwirklichung<\/h1>\n<h2>Du brauchst nur den reinen Wunsch<\/h2>\n<div class=\"su-quote su-quote-style-default\"><div class=\"su-quote-inner su-u-clearfix su-u-trim\"> Es ist jedermanns Recht, diesen Stand der Evolution zu erreichen. Dieser Zustand und alles dazu Notwendige ist bereits eingebaut. Doch da ich eure Freiheit respektiere, m\u00fcsst ihr euch w\u00fcnschen, diesen Status zu erreichen. Er kann euch nicht aufgezwungen werden. <\/div><\/div>\n\t<h4>Shri Mataji ist der einzige spirituelle Guru in der Geschichte der Menschheit, der weltweit in Tausenden ihrer \u00f6ffentlichen Programme die Erfahrung der Selbst-Verwirklichung vermittelte. Millionen haben von dieser einzigartigen Erfahrung profitiert, die zu einem Wendepunkt ihres Lebens wurde. Suchrinnen und Sucher, die an den Programmen teilnahmen, erlebten ihre Selbst-Verwirklichung als vollkommene innere Stille und k\u00f6rperliche Entspannung. Oft sp\u00fcrten sie eine warme oder k\u00fchle Brise auf den Handfl\u00e4chen oder dem ganzen K\u00f6rper.<\/h4>\n<p>Die folgenden Schritte helfen, dich auf die Erfahrung der Selbst-Verwirklichung vorzubereiten. Setze dich bequem und mit geradem R\u00fccken hin. Es kann auch hilfreich sein, die Schuhe auszuziehen, denn Mutter Erde saugt alle negativen Energien durch unsere F\u00fc\u00dfe auf.<\/p>\n<p>Lege beide H\u00e4nde mit nach oben ge\u00f6ffneten Handfl\u00e4chen auf den Scho\u00df. Um eine umherwandernde Aufmerksamkeit zu beruhigen, betrachte das Bild von Shri Mataji auf dem Bildschirm. Wenn du dich beruhigt hast, versuche, deine Gedanken zu beobachten.<\/p>\n<p>Sobald du vollkommene innere Stille und vielleicht eine sanfte k\u00fchle Brise auf deinen Handfl\u00e4chen oder \u00fcber deinem Kopf im Bereich der Fontanelle sp\u00fcrst, hast du deine Selbst-Verwirklichung auf nat\u00fcrliche Weise erhalten und bist eine verwirklichte Seele. Dies ist ein sehr guter Anfang und die weiteren Schritte helfen, deine meditative Erfahrung zu vertiefen.<\/p>\n\t\t\t\t<img loading=\"lazy\" decoding=\"async\" src=\"https:\/\/shrimataji.org\/test\/wp-content\/uploads\/2023\/02\/ShriMataji_BW.webp\" alt=\"ShriMataji_BW\" height=\"960\" width=\"671\" title=\"ShriMataji_BW\" \/>\n\t<p>Obwohl einige Menschen ihre vollst\u00e4ndige Selbst-Verwirklichung alleine vor Shri Mataji oder ihrem Foto erfahren, ist es von Vorteil, die gef\u00fchrte Meditation zu nutzen, die Shri Mataji Tausende Male in der ganzen Welt demonstriert hat.<\/p>\n\t<p>Um der gef\u00fchrten Meditation im Video folgen zu k\u00f6nnen, ist es hilfreich, sich mit den einzelnen Schritten vertraut zu machen. Denn wir f\u00fchren die gesamte \u00dcbung mit geschlossenen Augen durch. Das hilft dabei, unsere Selbst-Verwirklichung und den unmittelbar folgenden meditativen Zustand tiefer zu erfahren. Ihr k\u00f6nnt die Abfolge der Abbildungen und des Textes unten sorgf\u00e4ltig studieren, um die richtige Position der Hand auf eurem K\u00f6rper zu bestimmen, zu der Shri Mataji euch in der \u00dcbung zusammen mit den Affirmationen f\u00fchren wird.<\/p>\n<p>W\u00e4hrend der gesamten \u00dcbung <strong>platzieren wir die rechte Hand<\/strong> auf den Zentren entlang der linken Seite und <strong>halten die Handfl\u00e4che der linken Hand nach oben<\/strong>, wie in den folgenden Skizzen gezeigt.<\/p>\n\t\t\t\t<img loading=\"lazy\" decoding=\"async\" src=\"https:\/\/shrimataji.org\/test\/wp-content\/uploads\/2024\/04\/DE_1.png\" alt=\"DE_1\" height=\"754\" width=\"535\" title=\"DE_1\" \/>\n\t\t\t\t<img loading=\"lazy\" decoding=\"async\" src=\"https:\/\/shrimataji.org\/test\/wp-content\/uploads\/2024\/04\/DE_2.png\" alt=\"DE_2\" height=\"794\" width=\"546\" title=\"DE_2\" \/>\n\t\t\t\t<img loading=\"lazy\" decoding=\"async\" src=\"https:\/\/shrimataji.org\/test\/wp-content\/uploads\/2024\/04\/DE_3.png\" alt=\"DE_3\" height=\"799\" width=\"547\" title=\"DE_3\" \/>\n\t\t\t\t<img loading=\"lazy\" decoding=\"async\" src=\"https:\/\/shrimataji.org\/test\/wp-content\/uploads\/2024\/04\/DE_4.png\" alt=\"DE_4\" height=\"793\" width=\"542\" title=\"DE_4\" \/>\n\t\t\t\t<img loading=\"lazy\" decoding=\"async\" src=\"https:\/\/shrimataji.org\/test\/wp-content\/uploads\/2024\/04\/DE_5.png\" alt=\"DE_5\" height=\"797\" width=\"535\" title=\"DE_5\" \/>\n\t\t\t\t<img loading=\"lazy\" decoding=\"async\" src=\"https:\/\/shrimataji.org\/test\/wp-content\/uploads\/2024\/04\/DE_6.png\" alt=\"DE_6\" height=\"751\" width=\"538\" title=\"DE_6\" \/>\n\t\t\t\t<img loading=\"lazy\" decoding=\"async\" src=\"https:\/\/shrimataji.org\/test\/wp-content\/uploads\/2024\/04\/DE_7.png\" alt=\"DE_7\" height=\"751\" width=\"540\" title=\"DE_7\" \/>\n\t\t\t\t<img loading=\"lazy\" decoding=\"async\" src=\"https:\/\/shrimataji.org\/test\/wp-content\/uploads\/2024\/04\/DE_8.png\" alt=\"DE_8\" height=\"758\" width=\"540\" title=\"DE_8\" \/>\n\t\t\t\t<img loading=\"lazy\" decoding=\"async\" src=\"https:\/\/shrimataji.org\/test\/wp-content\/uploads\/2024\/04\/DE_9.png\" alt=\"DE_9\" height=\"754\" width=\"547\" title=\"DE_9\" \/>\n\t\n\t<p>Achte am Ende der Meditation darauf, ob du dich entspannt f\u00fchlst und sich deine Gedanken beruhigt haben oder allm\u00e4hlich verschwunden sind. Dies ist der erste Zustand der Meditation &#8211; das gedankenfreie Bewusstsein. Es ist ein Zustand reinen und friedlichen Gewahrseins deiner selbst und deiner Umgebung.<\/p>\n<p>Achte nun auf eine sanfte k\u00fchle Brise auf den Handfl\u00e4chen und \u00fcber dem Kopf im Bereich der Fontanelle. Am Anfang mag sie warm sein, was ein Zeichen daf\u00fcr ist, dass die <a href=\"https:\/\/shrimataji.org\/test\/de\/kundalini_de\/\" target=\"_blank\" rel=\"noopener\">Kundalini<\/a>-Energie dein feinstoffliches System reinigt. Doch schlie\u00dflich wird es sich abk\u00fchlen. Du kannst es \u00fcberpr\u00fcfen, indem du zun\u00e4chst die linke Handfl\u00e4che etwas \u00fcber den Kopf h\u00e4ltst und dann die rechte.<\/p>\n<p>Sofern die k\u00fchle Brise nicht sp\u00fcrbar ist, kann das verschiedene Gr\u00fcnde haben. H\u00e4ufig sind wir nicht in der Lage zu vergeben. Dann kann es helfen, wenn du ein paar Mal von Herzen sagst: &#8220;Mutter&#8221;, oder wenn du es vorziehst, &#8220;Shri Mataji, ich vergebe allen.&#8221; Dann pr\u00fcfe noch einmal, ob du die k\u00fchle Brise \u00fcber dem Scheitel sp\u00fcrst.<\/p>\n<p>Dies ist der Beginn deiner inneren Reise in ein neues Reich der ewigen spirituellen Existenz. Du kannst es nun in v\u00f6lligem Frieden und Harmonie erkunden. Wenn du es durch regelm\u00e4\u00dfige Meditation aufrechterh\u00e4ltst, wirst du in der Lage sein, sowohl den Zustand deines subtilen Systems als auch den von anderen an deinen Fingerspitzen zu sp\u00fcren. Du kannst ihn jetzt mit deiner angeborenen spirituellen Energie (Kundalini) korrigieren.<\/p>\n<p>Die folgenden Abschnitte helfen, mehr \u00fcber <a href=\"https:\/\/shrimataji.org\/test\/de\/sahaja-yoga-meditation-de\/\" target=\"_blank\" rel=\"noopener\">Sahaja Yoga<\/a> zu erfahren und auch, wie man einfach und m\u00fchelos zu Hause meditieren kann. Der Abschnitt \u00fcber <a href=\"https:\/\/shrimataji.org\/test\/de\/kollektive-meditation\/\" target=\"_blank\" rel=\"noopener\">kollektive Meditation<\/a> macht euch mit diesem Aspekt in der Art und Weise vertraut, wie er von Shri Mataji empfohlen wird. Er hilft dabei, weltweit <a href=\"https:\/\/shrimataji.org\/test\/de\/zentren-weltweit\/\" target=\"_blank\" rel=\"noopener\">Sahaja-Yoga-Zentren<\/a> ausfindig zu machen.<\/p>\n\n","protected":false},"excerpt":{"rendered":"<p>Erfahre Deine Selbst-Verwirklichung Du brauchst nur den reinen Wunsch Shri Mataji ist der einzige spirituelle Guru in der Geschichte der Menschheit, der weltweit in Tausenden ihrer \u00f6ffentlichen Programme die Erfahrung der Selbst-Verwirklichung vermittelte. Millionen haben von dieser einzigartigen Erfahrung profitiert, die zu einem Wendepunkt ihres Lebens wurde. Suchrinnen und Sucher, die an den Programmen teilnahmen,&hellip; <br \/> <a class=\"read-more\" href=\"https:\/\/shrimataji.org\/test\/de\/erfahrung-selbstverwirklichung\/\">Read more<\/a><\/p>\n","protected":false},"author":10,"featured_media":9265,"parent":0,"menu_order":0,"comment_status":"closed","ping_status":"closed","template":"","meta":{"inline_featured_image":false,"footnotes":""},"class_list":["post-10642","page","type-page","status-publish","has-post-thumbnail","hentry"],"yoast_head":"<!-- This site is optimized with the Yoast SEO plugin v27.4 - https:\/\/yoast.com\/product\/yoast-seo-wordpress\/ -->\n<title>Erfahre die Selbst-Verwirklichung - TEST - SMND<\/title>\n<meta name=\"robots\" content=\"noindex, follow, max-snippet:-1, max-image-preview:large, max-video-preview:-1\" \/>\n<meta property=\"og:locale\" content=\"en_US\" \/>\n<meta property=\"og:type\" content=\"article\" \/>\n<meta property=\"og:title\" content=\"Erfahre die Selbst-Verwirklichung - TEST - SMND\" \/>\n<meta property=\"og:description\" content=\"Erfahre Deine Selbst-Verwirklichung Du brauchst nur den reinen Wunsch Shri Mataji ist der einzige spirituelle Guru in der Geschichte der Menschheit, der weltweit in Tausenden ihrer \u00f6ffentlichen Programme die Erfahrung der Selbst-Verwirklichung vermittelte. Millionen haben von dieser einzigartigen Erfahrung profitiert, die zu einem Wendepunkt ihres Lebens wurde. Suchrinnen und Sucher, die an den Programmen teilnahmen,&hellip; Read more\" \/>\n<meta property=\"og:url\" content=\"https:\/\/shrimataji.org\/test\/de\/erfahrung-selbstverwirklichung\/\" \/>\n<meta property=\"og:site_name\" content=\"TEST - SMND\" \/>\n<meta property=\"article:publisher\" content=\"https:\/\/www.facebook.com\/shrimataji\" \/>\n<meta property=\"article:modified_time\" content=\"2024-04-27T01:15:14+00:00\" \/>\n<meta property=\"og:image\" content=\"https:\/\/shrimataji.org\/test\/wp-content\/uploads\/2023\/03\/3_Banner-SY-Experience-2-scaled.jpg\" \/>\n\t<meta property=\"og:image:width\" content=\"2560\" \/>\n\t<meta property=\"og:image:height\" content=\"905\" \/>\n\t<meta property=\"og:image:type\" content=\"image\/jpeg\" \/>\n<meta name=\"twitter:card\" content=\"summary_large_image\" \/>\n<meta name=\"twitter:site\" content=\"@shrimataji\" \/>\n<meta name=\"twitter:label1\" content=\"Est. reading time\" \/>\n\t<meta name=\"twitter:data1\" content=\"6 minutes\" \/>\n<script type=\"application\/ld+json\" class=\"yoast-schema-graph\">{\"@context\":\"https:\\\/\\\/schema.org\",\"@graph\":[{\"@type\":\"WebPage\",\"@id\":\"https:\\\/\\\/shrimataji.org\\\/test\\\/de\\\/erfahrung-selbstverwirklichung\\\/\",\"url\":\"https:\\\/\\\/shrimataji.org\\\/test\\\/de\\\/erfahrung-selbstverwirklichung\\\/\",\"name\":\"Erfahre die Selbst-Verwirklichung - TEST - SMND\",\"isPartOf\":{\"@id\":\"https:\\\/\\\/shrimataji.org\\\/test\\\/#website\"},\"primaryImageOfPage\":{\"@id\":\"https:\\\/\\\/shrimataji.org\\\/test\\\/de\\\/erfahrung-selbstverwirklichung\\\/#primaryimage\"},\"image\":{\"@id\":\"https:\\\/\\\/shrimataji.org\\\/test\\\/de\\\/erfahrung-selbstverwirklichung\\\/#primaryimage\"},\"thumbnailUrl\":\"https:\\\/\\\/shrimataji.org\\\/test\\\/wp-content\\\/uploads\\\/2023\\\/03\\\/3_Banner-SY-Experience-2-scaled.jpg\",\"datePublished\":\"2022-01-23T02:49:35+00:00\",\"dateModified\":\"2024-04-27T01:15:14+00:00\",\"breadcrumb\":{\"@id\":\"https:\\\/\\\/shrimataji.org\\\/test\\\/de\\\/erfahrung-selbstverwirklichung\\\/#breadcrumb\"},\"inLanguage\":\"en-US\",\"potentialAction\":[{\"@type\":\"ReadAction\",\"target\":[\"https:\\\/\\\/shrimataji.org\\\/test\\\/de\\\/erfahrung-selbstverwirklichung\\\/\"]}]},{\"@type\":\"ImageObject\",\"inLanguage\":\"en-US\",\"@id\":\"https:\\\/\\\/shrimataji.org\\\/test\\\/de\\\/erfahrung-selbstverwirklichung\\\/#primaryimage\",\"url\":\"https:\\\/\\\/shrimataji.org\\\/test\\\/wp-content\\\/uploads\\\/2023\\\/03\\\/3_Banner-SY-Experience-2-scaled.jpg\",\"contentUrl\":\"https:\\\/\\\/shrimataji.org\\\/test\\\/wp-content\\\/uploads\\\/2023\\\/03\\\/3_Banner-SY-Experience-2-scaled.jpg\",\"width\":2560,\"height\":905},{\"@type\":\"BreadcrumbList\",\"@id\":\"https:\\\/\\\/shrimataji.org\\\/test\\\/de\\\/erfahrung-selbstverwirklichung\\\/#breadcrumb\",\"itemListElement\":[{\"@type\":\"ListItem\",\"position\":1,\"name\":\"Home\",\"item\":\"https:\\\/\\\/shrimataji.org\\\/test\\\/uk\\\/home-en\\\/\"},{\"@type\":\"ListItem\",\"position\":2,\"name\":\"Erfahre die Selbst-Verwirklichung\"}]},{\"@type\":\"WebSite\",\"@id\":\"https:\\\/\\\/shrimataji.org\\\/test\\\/#website\",\"url\":\"https:\\\/\\\/shrimataji.org\\\/test\\\/\",\"name\":\"Shri Mataji Nirmala Devi\",\"description\":\"A Life Dedicated to Humanity\",\"publisher\":{\"@id\":\"https:\\\/\\\/shrimataji.org\\\/test\\\/#\\\/schema\\\/person\\\/a1b3419c6585f164aa96da1ff85715d1\"},\"potentialAction\":[{\"@type\":\"SearchAction\",\"target\":{\"@type\":\"EntryPoint\",\"urlTemplate\":\"https:\\\/\\\/shrimataji.org\\\/test\\\/?s={search_term_string}\"},\"query-input\":{\"@type\":\"PropertyValueSpecification\",\"valueRequired\":true,\"valueName\":\"search_term_string\"}}],\"inLanguage\":\"en-US\"},{\"@type\":[\"Person\",\"Organization\"],\"@id\":\"https:\\\/\\\/shrimataji.org\\\/test\\\/#\\\/schema\\\/person\\\/a1b3419c6585f164aa96da1ff85715d1\",\"name\":\"Nirmala Shrivastava\",\"image\":{\"@type\":\"ImageObject\",\"inLanguage\":\"en-US\",\"@id\":\"https:\\\/\\\/shrimataji.org\\\/test\\\/wp-content\\\/uploads\\\/2023\\\/02\\\/SMO_LOGO-03.svg\",\"url\":\"https:\\\/\\\/shrimataji.org\\\/test\\\/wp-content\\\/uploads\\\/2023\\\/02\\\/SMO_LOGO-03.svg\",\"contentUrl\":\"https:\\\/\\\/shrimataji.org\\\/test\\\/wp-content\\\/uploads\\\/2023\\\/02\\\/SMO_LOGO-03.svg\",\"width\":\"1024\",\"height\":\"1024\",\"caption\":\"Nirmala Shrivastava\"},\"logo\":{\"@id\":\"https:\\\/\\\/shrimataji.org\\\/test\\\/wp-content\\\/uploads\\\/2023\\\/02\\\/SMO_LOGO-03.svg\"},\"sameAs\":[\"https:\\\/\\\/shrimataji.org\\\/test\",\"https:\\\/\\\/www.facebook.com\\\/shrimataji\",\"https:\\\/\\\/x.com\\\/shrimataji\",\"https:\\\/\\\/www.youtube.com\\\/@Shri_Mataji_Nirmala_Devi\\\/featured\"]}]}<\/script>\n<!-- \/ Yoast SEO plugin. -->","yoast_head_json":{"title":"Erfahre die Selbst-Verwirklichung - TEST - SMND","robots":{"index":"noindex","follow":"follow","max-snippet":"max-snippet:-1","max-image-preview":"max-image-preview:large","max-video-preview":"max-video-preview:-1"},"og_locale":"en_US","og_type":"article","og_title":"Erfahre die Selbst-Verwirklichung - TEST - SMND","og_description":"Erfahre Deine Selbst-Verwirklichung Du brauchst nur den reinen Wunsch Shri Mataji ist der einzige spirituelle Guru in der Geschichte der Menschheit, der weltweit in Tausenden ihrer \u00f6ffentlichen Programme die Erfahrung der Selbst-Verwirklichung vermittelte. Millionen haben von dieser einzigartigen Erfahrung profitiert, die zu einem Wendepunkt ihres Lebens wurde. Suchrinnen und Sucher, die an den Programmen teilnahmen,&hellip; Read more","og_url":"https:\/\/shrimataji.org\/test\/de\/erfahrung-selbstverwirklichung\/","og_site_name":"TEST - SMND","article_publisher":"https:\/\/www.facebook.com\/shrimataji","article_modified_time":"2024-04-27T01:15:14+00:00","og_image":[{"width":2560,"height":905,"url":"https:\/\/shrimataji.org\/test\/wp-content\/uploads\/2023\/03\/3_Banner-SY-Experience-2-scaled.jpg","type":"image\/jpeg"}],"twitter_card":"summary_large_image","twitter_site":"@shrimataji","twitter_misc":{"Est. reading time":"6 minutes"},"schema":{"@context":"https:\/\/schema.org","@graph":[{"@type":"WebPage","@id":"https:\/\/shrimataji.org\/test\/de\/erfahrung-selbstverwirklichung\/","url":"https:\/\/shrimataji.org\/test\/de\/erfahrung-selbstverwirklichung\/","name":"Erfahre die Selbst-Verwirklichung - TEST - SMND","isPartOf":{"@id":"https:\/\/shrimataji.org\/test\/#website"},"primaryImageOfPage":{"@id":"https:\/\/shrimataji.org\/test\/de\/erfahrung-selbstverwirklichung\/#primaryimage"},"image":{"@id":"https:\/\/shrimataji.org\/test\/de\/erfahrung-selbstverwirklichung\/#primaryimage"},"thumbnailUrl":"https:\/\/shrimataji.org\/test\/wp-content\/uploads\/2023\/03\/3_Banner-SY-Experience-2-scaled.jpg","datePublished":"2022-01-23T02:49:35+00:00","dateModified":"2024-04-27T01:15:14+00:00","breadcrumb":{"@id":"https:\/\/shrimataji.org\/test\/de\/erfahrung-selbstverwirklichung\/#breadcrumb"},"inLanguage":"en-US","potentialAction":[{"@type":"ReadAction","target":["https:\/\/shrimataji.org\/test\/de\/erfahrung-selbstverwirklichung\/"]}]},{"@type":"ImageObject","inLanguage":"en-US","@id":"https:\/\/shrimataji.org\/test\/de\/erfahrung-selbstverwirklichung\/#primaryimage","url":"https:\/\/shrimataji.org\/test\/wp-content\/uploads\/2023\/03\/3_Banner-SY-Experience-2-scaled.jpg","contentUrl":"https:\/\/shrimataji.org\/test\/wp-content\/uploads\/2023\/03\/3_Banner-SY-Experience-2-scaled.jpg","width":2560,"height":905},{"@type":"BreadcrumbList","@id":"https:\/\/shrimataji.org\/test\/de\/erfahrung-selbstverwirklichung\/#breadcrumb","itemListElement":[{"@type":"ListItem","position":1,"name":"Home","item":"https:\/\/shrimataji.org\/test\/uk\/home-en\/"},{"@type":"ListItem","position":2,"name":"Erfahre die Selbst-Verwirklichung"}]},{"@type":"WebSite","@id":"https:\/\/shrimataji.org\/test\/#website","url":"https:\/\/shrimataji.org\/test\/","name":"Shri Mataji Nirmala Devi","description":"A Life Dedicated to Humanity","publisher":{"@id":"https:\/\/shrimataji.org\/test\/#\/schema\/person\/a1b3419c6585f164aa96da1ff85715d1"},"potentialAction":[{"@type":"SearchAction","target":{"@type":"EntryPoint","urlTemplate":"https:\/\/shrimataji.org\/test\/?s={search_term_string}"},"query-input":{"@type":"PropertyValueSpecification","valueRequired":true,"valueName":"search_term_string"}}],"inLanguage":"en-US"},{"@type":["Person","Organization"],"@id":"https:\/\/shrimataji.org\/test\/#\/schema\/person\/a1b3419c6585f164aa96da1ff85715d1","name":"Nirmala Shrivastava","image":{"@type":"ImageObject","inLanguage":"en-US","@id":"https:\/\/shrimataji.org\/test\/wp-content\/uploads\/2023\/02\/SMO_LOGO-03.svg","url":"https:\/\/shrimataji.org\/test\/wp-content\/uploads\/2023\/02\/SMO_LOGO-03.svg","contentUrl":"https:\/\/shrimataji.org\/test\/wp-content\/uploads\/2023\/02\/SMO_LOGO-03.svg","width":"1024","height":"1024","caption":"Nirmala Shrivastava"},"logo":{"@id":"https:\/\/shrimataji.org\/test\/wp-content\/uploads\/2023\/02\/SMO_LOGO-03.svg"},"sameAs":["https:\/\/shrimataji.org\/test","https:\/\/www.facebook.com\/shrimataji","https:\/\/x.com\/shrimataji","https:\/\/www.youtube.com\/@Shri_Mataji_Nirmala_Devi\/featured"]}]}},"lang":"de","translations":{"de":10642,"ur":37424,"en":7043,"pa":25836,"gu":25439,"th":19936,"hu":19470,"sq":18396,"zh":17293,"hi":8277,"tr":10155,"pt":10368,"fr":10740,"it":10838,"es":10935,"ja":11232,"ru":11420,"bn":11612,"te":11720,"sw":11843,"he":11991,"el":12282,"sk":12380,"fa":12478,"fi":12576,"bg":13413,"ro":14487,"cs":14680,"nl":16556,"ku":16716,"ar":16892,"be":18603,"kn":18877,"mr":20300,"uk":20592,"ml":20891,"ta":22711,"sv":22984,"bs":27284,"fil":29430,"sd":30998,"da":37738,"pl":37955,"nn":38290},"pll_sync_post":[],"_links":{"self":[{"href":"https:\/\/shrimataji.org\/test\/wp-json\/wp\/v2\/pages\/10642","targetHints":{"allow":["GET"]}}],"collection":[{"href":"https:\/\/shrimataji.org\/test\/wp-json\/wp\/v2\/pages"}],"about":[{"href":"https:\/\/shrimataji.org\/test\/wp-json\/wp\/v2\/types\/page"}],"author":[{"embeddable":true,"href":"https:\/\/shrimataji.org\/test\/wp-json\/wp\/v2\/users\/10"}],"replies":[{"embeddable":true,"href":"https:\/\/shrimataji.org\/test\/wp-json\/wp\/v2\/comments?post=10642"}],"version-history":[{"count":0,"href":"https:\/\/shrimataji.org\/test\/wp-json\/wp\/v2\/pages\/10642\/revisions"}],"wp:featuredmedia":[{"embeddable":true,"href":"https:\/\/shrimataji.org\/test\/wp-json\/wp\/v2\/media\/9265"}],"wp:attachment":[{"href":"https:\/\/shrimataji.org\/test\/wp-json\/wp\/v2\/media?parent=10642"}],"curies":[{"name":"wp","href":"https:\/\/api.w.org\/{rel}","templated":true}]}}