{"id":10654,"date":"2018-07-10T06:54:50","date_gmt":"2018-07-10T06:54:50","guid":{"rendered":"http:\/\/testwordpress.nirmalnagari.org\/smnd\/index.php\/house-and-home\/"},"modified":"2024-04-27T01:15:16","modified_gmt":"2024-04-27T01:15:16","slug":"heim-und-herd","status":"publish","type":"page","link":"https:\/\/shrimataji.org\/test\/de\/heim-und-herd\/","title":{"rendered":"Heim und Herd"},"content":{"rendered":"\n\n\t<h1>Heim und Herd<\/h1>\n<h2>Wo die ganze Welt eine Familie ist<\/h2>\n\t\t\t\t<img loading=\"lazy\" decoding=\"async\" src=\"https:\/\/shrimataji.org\/test\/wp-content\/uploads\/2018\/07\/media_originals\/images\/shri-mataji-with-people\/shri-mataji-in-england.jpg\" alt=\"Shri Mataji mit Musikern (England)\" height=\"1044\" width=\"1500\" title=\"shri-mataji-in-england\" \/>\n\t\tShri Mataji mit Musikern (England)\n\t<p>W\u00e4hrend sich Shri Matajis j\u00fcngerer Bruder, Hemant Prasadrao Salve, auf sein Buchhalterexamen vorbereitete, wohnte er oft bei ihr. Er erinnerte sich an die F\u00fcrsorge und Aufmerksamkeit, die seine Schwester ihm in dieser Zeit entgegenbrachte und sogar bis sp\u00e4t in die Nacht aufblieb, um ihm seine gewohnte Tasse Tee gegen Mitternacht zuzubereiten. Zuerst brachte sie ihre T\u00f6chter ins Bett und &#8220;&#8230; nachdem sie mir etwa eine Stunde lang den Kopf massiert hatte, machte sie eine Tasse hei\u00dfen Tee und gab ihn mir&#8221;. <a href=\"#footnote-1\"><sup>[1]<\/sup><\/a><\/p>\n<p>Nach dem Examen nahm Shri Mataji ihren Bruder zu Konzerten von bedeutenden Musikern mit. Sie war eine fr\u00fche Vizepr\u00e4sidentin von <a href=\"https:\/\/www.facebook.com\/sursingar.samsad\" target=\"_blank\" rel=\"noopener\">Sur Singar Samsad<\/a>, einer kulturellen Organisation zur F\u00f6rderung musikalischer Darbietungen, sowie ein Mitglied des Music Club of Bombay. Oft wurde sie zu Konzerten eingeladen, und Hermant Salve erinnert sich an das Privileg, gro\u00dfen K\u00fcnstlern wie Bismillah Khan, Amir Khan, Bhimsen Joshi, Shivkumar Sharma und Vilayat Khan zuzuh\u00f6ren. Jahre sp\u00e4ter spielten viele ber\u00fchmte Musiker pers\u00f6nlich f\u00fcr Shri Mataji &#8211; darunter Amjad Ali Khan, Hariprasad Chaurasia und Debu Chaudhuri.<\/p>\n\t\t\t\t<img loading=\"lazy\" decoding=\"async\" src=\"https:\/\/shrimataji.org\/test\/wp-content\/uploads\/2018\/07\/media_originals\/images\/shri-mataji-and-family\/shri-mataji-with-her-brother-hp-salve-babamama.jpg\" alt=\"Shri Mataji mit ihrem Bruder Hemant Prasadrao Salve alias &quot;Babamama&quot;\" height=\"422\" width=\"640\" title=\"shri-mataji-with-her-brother-hp-salve-babamama\" \/>\n\t\tShri Mataji mit ihrem Bruder Hemant Prasadrao Salve alias &#8220;Babamama&#8221;\n\t<p>1961 rief Shri Mataji die &#8220;Youth Society for Films&#8221; ins Leben, um nationale, soziale und moralische Werte bei jungen Menschen zu f\u00f6rdern. Sie war ebenfalls Mitglied der Filmzensurbeh\u00f6rde in Mumbai.<\/p>\n\t\t\t\t<img loading=\"lazy\" decoding=\"async\" src=\"https:\/\/shrimataji.org\/test\/wp-content\/uploads\/2018\/07\/media_originals\/images\/shri-mataji-ceremonies-awards\/shri-mataji-attending-the-film-fare-award-ceremony-in-bombay.jpg\" alt=\"Shri Mataji bei den Filmfare Awards (Mumbai, 1970er)\" height=\"446\" width=\"663\" title=\"shri-mataji-attending-the-film-fare-award-ceremony-in-bombay\" \/>\n\t\tShri Mataji bei den Filmfare Awards (Mumbai, 1970er)\n\t\t\t\t<img loading=\"lazy\" decoding=\"async\" src=\"https:\/\/shrimataji.org\/test\/wp-content\/uploads\/2018\/07\/media_originals\/images\/shri-mataji-with-people\/shri-mataji-nirmala-devi-with-indian-film-board-members-in-mumbai.jpg\" alt=\"Shri Mataji und Vorstandsmitglieder der Filmfare Awards (Mumbai, Indien)\" height=\"512\" width=\"648\" title=\"shri-mataji-nirmala-devi-with-indian-film-board-members-in-mumbai\" \/>\n\t\tShri Mataji und Vorstandsmitglieder der Filmfare Awards (Mumbai, Indien)\n\t<p>&#8220;Shri Mataji hatte mit dem Bau eines Hauses in Lucknow begonnen&#8221;, erinnerte sich Hermant Salve. Wenn sie nach Jabalpur reiste, um Marmor in gro\u00dfen Mengen zu kaufen, begleitete er sie oft und bemerkte ihre praktische F\u00e4higkeit, qualitativ hochwertige, \u00e4sthetisch ansprechende Materialien an der Quelle und zu einem ausgezeichneten Preis zu beschaffen. Dies erwies sich im Laufe der Jahre als sehr n\u00fctzlich, da Shri Mataji den Bau und die Renovierung vieler verschiedener H\u00e4user \u00fcberwachte. Die \u00dcbernahme von bauf\u00e4lligen H\u00e4usern und deren Renovierung wurde zu einem Merkmal von Shri Matajis sp\u00e4terem Leben &#8211; \u00e4hnlich wie ihre F\u00e4higkeit, l\u00e4dierte Menschen in ihrem Haus willkommen zu hei\u00dfen und ihnen zu helfen, ihr Gleichgewicht und ihre Gesundheit wiederherzustellen.<\/p>\n\t\t\t\t<img loading=\"lazy\" decoding=\"async\" src=\"https:\/\/shrimataji.org\/test\/wp-content\/uploads\/2024\/04\/Prasthisthan_Outside_de.webp\" alt=\"Shri Matajis Haus &quot;Prathisthan&quot; (Pune, Indien)\" height=\"1333\" width=\"2000\" title=\"Prasthisthan_Outside_de\" \/>\n\t\tShri Matajis Haus &#8220;Prathisthan&#8221; (Pune, Indien)\n\t\t\t\t<img loading=\"lazy\" decoding=\"async\" src=\"https:\/\/shrimataji.org\/test\/wp-content\/uploads\/2024\/04\/Prasthisthan_Inside1_de.jpg\" alt=\"Shri Matajis Haus &quot;Prathisthan&quot; (Pune, Indien)\" height=\"800\" width=\"1200\" title=\"Prasthisthan_Inside1_de\" \/>\n\t\tShri Matajis Haus &#8220;Prathisthan&#8221; (Pune, Indien)\n\t<p>Hermant Salve schrieb in seinen Memoiren: &#8220;Nachdem wir den Marmor bestellt hatten, besuchten wir eine unserer Cousinen. Ihre Tochter stellte sich als Studentin eines Professors am \u00f6rtlichen Robertson College heraus, der spirituelle Diskurse hielt. Da meine Cousine von Shri Matajis Interesse an Spiritualit\u00e4t wusste, arrangierte sie ein Treffen zwischen ihr und dem Professor. Als er Nirmala sah, rannte er mit erhobenen Armen auf sie zu und rief: &#8216;Oh Mutter, &#8230; ich habe mich schon so lange darauf gefreut, Dich zu treffen! Und heute ist mein Traum in Erf\u00fcllung gegangen.&#8217; Mit diesen Worten warf er sich zu F\u00fc\u00dfen von Shri Mataji nieder. Ich war pers\u00f6nlich Zeuge von all dem, ebenso wie meine Cousine und ihre Tochter.&#8221;<\/p>\n<p>Das war 1961 und noch nicht die Zeit, in der Nirmala ihre spirituelle Arbeit aufnehmen wollte. Als liebende und hingebungsvolle Ehefrau und Mutter wartete sie, bis ihre beiden T\u00f6chter erwachsen und verheiratet waren.<\/p>\n\t<h5>&#8220;Um die Welt zu ordnen, m\u00fcssen wir zuerst die Nation in Ordnung bringen, und um die Nation zu ordnen, zun\u00e4chst die Familie. Um die Familie zu ordnen, m\u00fcssen wir unser pers\u00f6nliches Leben kultivieren und daf\u00fcr zuerst unser Herz in Ordnung bringen.&#8221;<\/h5>\n<h5>Konfuzius<\/h5>\n\t<p><a id=\"footnote-1\"><\/a>[1] Salve, H. P. (2000): My Memoirs, Life Eternal Trust, New Delhi.<\/p>\n\n","protected":false},"excerpt":{"rendered":"<p>Heim und Herd Wo die ganze Welt eine Familie ist Shri Mataji mit Musikern (England) W\u00e4hrend sich Shri Matajis j\u00fcngerer Bruder, Hemant Prasadrao Salve, auf sein Buchhalterexamen vorbereitete, wohnte er oft bei ihr. Er erinnerte sich an die F\u00fcrsorge und Aufmerksamkeit, die seine Schwester ihm in dieser Zeit entgegenbrachte und sogar bis sp\u00e4t in die&hellip; <br \/> <a class=\"read-more\" href=\"https:\/\/shrimataji.org\/test\/de\/heim-und-herd\/\">Read more<\/a><\/p>\n","protected":false},"author":10,"featured_media":9509,"parent":0,"menu_order":0,"comment_status":"closed","ping_status":"closed","template":"","meta":{"inline_featured_image":false,"footnotes":""},"class_list":["post-10654","page","type-page","status-publish","has-post-thumbnail","hentry"],"yoast_head":"<!-- This site is optimized with the Yoast SEO plugin v27.4 - https:\/\/yoast.com\/product\/yoast-seo-wordpress\/ -->\n<title>Heim und Herd - TEST - SMND<\/title>\n<meta name=\"robots\" content=\"noindex, follow, max-snippet:-1, max-image-preview:large, max-video-preview:-1\" \/>\n<meta property=\"og:locale\" content=\"en_US\" \/>\n<meta property=\"og:type\" content=\"article\" \/>\n<meta property=\"og:title\" content=\"Heim und Herd - TEST - SMND\" \/>\n<meta property=\"og:description\" content=\"Heim und Herd Wo die ganze Welt eine Familie ist Shri Mataji mit Musikern (England) W\u00e4hrend sich Shri Matajis j\u00fcngerer Bruder, Hemant Prasadrao Salve, auf sein Buchhalterexamen vorbereitete, wohnte er oft bei ihr. Er erinnerte sich an die F\u00fcrsorge und Aufmerksamkeit, die seine Schwester ihm in dieser Zeit entgegenbrachte und sogar bis sp\u00e4t in die&hellip; Read more\" \/>\n<meta property=\"og:url\" content=\"https:\/\/shrimataji.org\/test\/de\/heim-und-herd\/\" \/>\n<meta property=\"og:site_name\" content=\"TEST - SMND\" \/>\n<meta property=\"article:publisher\" content=\"https:\/\/www.facebook.com\/shrimataji\" \/>\n<meta property=\"article:modified_time\" content=\"2024-04-27T01:15:16+00:00\" \/>\n<meta property=\"og:image\" content=\"https:\/\/shrimataji.org\/test\/wp-content\/uploads\/2023\/03\/3_Banner_EarlyLife-House-scaled.jpg\" \/>\n\t<meta property=\"og:image:width\" content=\"2560\" \/>\n\t<meta property=\"og:image:height\" content=\"905\" \/>\n\t<meta property=\"og:image:type\" content=\"image\/jpeg\" \/>\n<meta name=\"twitter:card\" content=\"summary_large_image\" \/>\n<meta name=\"twitter:site\" content=\"@shrimataji\" \/>\n<meta name=\"twitter:label1\" content=\"Est. reading time\" \/>\n\t<meta name=\"twitter:data1\" content=\"4 minutes\" \/>\n<script type=\"application\/ld+json\" class=\"yoast-schema-graph\">{\"@context\":\"https:\\\/\\\/schema.org\",\"@graph\":[{\"@type\":\"WebPage\",\"@id\":\"https:\\\/\\\/shrimataji.org\\\/test\\\/de\\\/heim-und-herd\\\/\",\"url\":\"https:\\\/\\\/shrimataji.org\\\/test\\\/de\\\/heim-und-herd\\\/\",\"name\":\"Heim und Herd - TEST - SMND\",\"isPartOf\":{\"@id\":\"https:\\\/\\\/shrimataji.org\\\/test\\\/#website\"},\"primaryImageOfPage\":{\"@id\":\"https:\\\/\\\/shrimataji.org\\\/test\\\/de\\\/heim-und-herd\\\/#primaryimage\"},\"image\":{\"@id\":\"https:\\\/\\\/shrimataji.org\\\/test\\\/de\\\/heim-und-herd\\\/#primaryimage\"},\"thumbnailUrl\":\"https:\\\/\\\/shrimataji.org\\\/test\\\/wp-content\\\/uploads\\\/2023\\\/03\\\/3_Banner_EarlyLife-House-scaled.jpg\",\"datePublished\":\"2018-07-10T06:54:50+00:00\",\"dateModified\":\"2024-04-27T01:15:16+00:00\",\"breadcrumb\":{\"@id\":\"https:\\\/\\\/shrimataji.org\\\/test\\\/de\\\/heim-und-herd\\\/#breadcrumb\"},\"inLanguage\":\"en-US\",\"potentialAction\":[{\"@type\":\"ReadAction\",\"target\":[\"https:\\\/\\\/shrimataji.org\\\/test\\\/de\\\/heim-und-herd\\\/\"]}]},{\"@type\":\"ImageObject\",\"inLanguage\":\"en-US\",\"@id\":\"https:\\\/\\\/shrimataji.org\\\/test\\\/de\\\/heim-und-herd\\\/#primaryimage\",\"url\":\"https:\\\/\\\/shrimataji.org\\\/test\\\/wp-content\\\/uploads\\\/2023\\\/03\\\/3_Banner_EarlyLife-House-scaled.jpg\",\"contentUrl\":\"https:\\\/\\\/shrimataji.org\\\/test\\\/wp-content\\\/uploads\\\/2023\\\/03\\\/3_Banner_EarlyLife-House-scaled.jpg\",\"width\":2560,\"height\":905},{\"@type\":\"BreadcrumbList\",\"@id\":\"https:\\\/\\\/shrimataji.org\\\/test\\\/de\\\/heim-und-herd\\\/#breadcrumb\",\"itemListElement\":[{\"@type\":\"ListItem\",\"position\":1,\"name\":\"Home\",\"item\":\"https:\\\/\\\/shrimataji.org\\\/test\\\/uk\\\/home-en\\\/\"},{\"@type\":\"ListItem\",\"position\":2,\"name\":\"Heim und Herd\"}]},{\"@type\":\"WebSite\",\"@id\":\"https:\\\/\\\/shrimataji.org\\\/test\\\/#website\",\"url\":\"https:\\\/\\\/shrimataji.org\\\/test\\\/\",\"name\":\"Shri Mataji Nirmala Devi\",\"description\":\"A Life Dedicated to Humanity\",\"publisher\":{\"@id\":\"https:\\\/\\\/shrimataji.org\\\/test\\\/#\\\/schema\\\/person\\\/a1b3419c6585f164aa96da1ff85715d1\"},\"potentialAction\":[{\"@type\":\"SearchAction\",\"target\":{\"@type\":\"EntryPoint\",\"urlTemplate\":\"https:\\\/\\\/shrimataji.org\\\/test\\\/?s={search_term_string}\"},\"query-input\":{\"@type\":\"PropertyValueSpecification\",\"valueRequired\":true,\"valueName\":\"search_term_string\"}}],\"inLanguage\":\"en-US\"},{\"@type\":[\"Person\",\"Organization\"],\"@id\":\"https:\\\/\\\/shrimataji.org\\\/test\\\/#\\\/schema\\\/person\\\/a1b3419c6585f164aa96da1ff85715d1\",\"name\":\"Nirmala Shrivastava\",\"image\":{\"@type\":\"ImageObject\",\"inLanguage\":\"en-US\",\"@id\":\"https:\\\/\\\/shrimataji.org\\\/test\\\/wp-content\\\/uploads\\\/2023\\\/02\\\/SMO_LOGO-03.svg\",\"url\":\"https:\\\/\\\/shrimataji.org\\\/test\\\/wp-content\\\/uploads\\\/2023\\\/02\\\/SMO_LOGO-03.svg\",\"contentUrl\":\"https:\\\/\\\/shrimataji.org\\\/test\\\/wp-content\\\/uploads\\\/2023\\\/02\\\/SMO_LOGO-03.svg\",\"width\":\"1024\",\"height\":\"1024\",\"caption\":\"Nirmala Shrivastava\"},\"logo\":{\"@id\":\"https:\\\/\\\/shrimataji.org\\\/test\\\/wp-content\\\/uploads\\\/2023\\\/02\\\/SMO_LOGO-03.svg\"},\"sameAs\":[\"https:\\\/\\\/shrimataji.org\\\/test\",\"https:\\\/\\\/www.facebook.com\\\/shrimataji\",\"https:\\\/\\\/x.com\\\/shrimataji\",\"https:\\\/\\\/www.youtube.com\\\/@Shri_Mataji_Nirmala_Devi\\\/featured\"]}]}<\/script>\n<!-- \/ Yoast SEO plugin. -->","yoast_head_json":{"title":"Heim und Herd - TEST - SMND","robots":{"index":"noindex","follow":"follow","max-snippet":"max-snippet:-1","max-image-preview":"max-image-preview:large","max-video-preview":"max-video-preview:-1"},"og_locale":"en_US","og_type":"article","og_title":"Heim und Herd - TEST - SMND","og_description":"Heim und Herd Wo die ganze Welt eine Familie ist Shri Mataji mit Musikern (England) W\u00e4hrend sich Shri Matajis j\u00fcngerer Bruder, Hemant Prasadrao Salve, auf sein Buchhalterexamen vorbereitete, wohnte er oft bei ihr. Er erinnerte sich an die F\u00fcrsorge und Aufmerksamkeit, die seine Schwester ihm in dieser Zeit entgegenbrachte und sogar bis sp\u00e4t in die&hellip; Read more","og_url":"https:\/\/shrimataji.org\/test\/de\/heim-und-herd\/","og_site_name":"TEST - SMND","article_publisher":"https:\/\/www.facebook.com\/shrimataji","article_modified_time":"2024-04-27T01:15:16+00:00","og_image":[{"width":2560,"height":905,"url":"https:\/\/shrimataji.org\/test\/wp-content\/uploads\/2023\/03\/3_Banner_EarlyLife-House-scaled.jpg","type":"image\/jpeg"}],"twitter_card":"summary_large_image","twitter_site":"@shrimataji","twitter_misc":{"Est. reading time":"4 minutes"},"schema":{"@context":"https:\/\/schema.org","@graph":[{"@type":"WebPage","@id":"https:\/\/shrimataji.org\/test\/de\/heim-und-herd\/","url":"https:\/\/shrimataji.org\/test\/de\/heim-und-herd\/","name":"Heim und Herd - TEST - SMND","isPartOf":{"@id":"https:\/\/shrimataji.org\/test\/#website"},"primaryImageOfPage":{"@id":"https:\/\/shrimataji.org\/test\/de\/heim-und-herd\/#primaryimage"},"image":{"@id":"https:\/\/shrimataji.org\/test\/de\/heim-und-herd\/#primaryimage"},"thumbnailUrl":"https:\/\/shrimataji.org\/test\/wp-content\/uploads\/2023\/03\/3_Banner_EarlyLife-House-scaled.jpg","datePublished":"2018-07-10T06:54:50+00:00","dateModified":"2024-04-27T01:15:16+00:00","breadcrumb":{"@id":"https:\/\/shrimataji.org\/test\/de\/heim-und-herd\/#breadcrumb"},"inLanguage":"en-US","potentialAction":[{"@type":"ReadAction","target":["https:\/\/shrimataji.org\/test\/de\/heim-und-herd\/"]}]},{"@type":"ImageObject","inLanguage":"en-US","@id":"https:\/\/shrimataji.org\/test\/de\/heim-und-herd\/#primaryimage","url":"https:\/\/shrimataji.org\/test\/wp-content\/uploads\/2023\/03\/3_Banner_EarlyLife-House-scaled.jpg","contentUrl":"https:\/\/shrimataji.org\/test\/wp-content\/uploads\/2023\/03\/3_Banner_EarlyLife-House-scaled.jpg","width":2560,"height":905},{"@type":"BreadcrumbList","@id":"https:\/\/shrimataji.org\/test\/de\/heim-und-herd\/#breadcrumb","itemListElement":[{"@type":"ListItem","position":1,"name":"Home","item":"https:\/\/shrimataji.org\/test\/uk\/home-en\/"},{"@type":"ListItem","position":2,"name":"Heim und Herd"}]},{"@type":"WebSite","@id":"https:\/\/shrimataji.org\/test\/#website","url":"https:\/\/shrimataji.org\/test\/","name":"Shri Mataji Nirmala Devi","description":"A Life Dedicated to Humanity","publisher":{"@id":"https:\/\/shrimataji.org\/test\/#\/schema\/person\/a1b3419c6585f164aa96da1ff85715d1"},"potentialAction":[{"@type":"SearchAction","target":{"@type":"EntryPoint","urlTemplate":"https:\/\/shrimataji.org\/test\/?s={search_term_string}"},"query-input":{"@type":"PropertyValueSpecification","valueRequired":true,"valueName":"search_term_string"}}],"inLanguage":"en-US"},{"@type":["Person","Organization"],"@id":"https:\/\/shrimataji.org\/test\/#\/schema\/person\/a1b3419c6585f164aa96da1ff85715d1","name":"Nirmala Shrivastava","image":{"@type":"ImageObject","inLanguage":"en-US","@id":"https:\/\/shrimataji.org\/test\/wp-content\/uploads\/2023\/02\/SMO_LOGO-03.svg","url":"https:\/\/shrimataji.org\/test\/wp-content\/uploads\/2023\/02\/SMO_LOGO-03.svg","contentUrl":"https:\/\/shrimataji.org\/test\/wp-content\/uploads\/2023\/02\/SMO_LOGO-03.svg","width":"1024","height":"1024","caption":"Nirmala Shrivastava"},"logo":{"@id":"https:\/\/shrimataji.org\/test\/wp-content\/uploads\/2023\/02\/SMO_LOGO-03.svg"},"sameAs":["https:\/\/shrimataji.org\/test","https:\/\/www.facebook.com\/shrimataji","https:\/\/x.com\/shrimataji","https:\/\/www.youtube.com\/@Shri_Mataji_Nirmala_Devi\/featured"]}]}},"lang":"de","translations":{"de":10654,"ur":37439,"en":440,"am":18013,"th":19962,"hu":19490,"sq":18414,"zh":17311,"tr":10168,"pt":10380,"fr":10752,"es":10947,"ja":11244,"ru":11432,"bn":11624,"te":11732,"sw":11855,"he":12003,"el":12294,"sk":12392,"fa":12490,"fi":12588,"bg":13445,"it":13527,"ro":14519,"cs":14712,"nl":16574,"ku":16734,"ar":16910,"be":18621,"kn":18895,"mr":20326,"uk":20618,"ml":20915,"ta":22729,"sv":23002,"gu":28846,"pa":29006,"fil":29448,"da":37753,"pl":37966,"nn":38305},"pll_sync_post":[],"_links":{"self":[{"href":"https:\/\/shrimataji.org\/test\/wp-json\/wp\/v2\/pages\/10654","targetHints":{"allow":["GET"]}}],"collection":[{"href":"https:\/\/shrimataji.org\/test\/wp-json\/wp\/v2\/pages"}],"about":[{"href":"https:\/\/shrimataji.org\/test\/wp-json\/wp\/v2\/types\/page"}],"author":[{"embeddable":true,"href":"https:\/\/shrimataji.org\/test\/wp-json\/wp\/v2\/users\/10"}],"replies":[{"embeddable":true,"href":"https:\/\/shrimataji.org\/test\/wp-json\/wp\/v2\/comments?post=10654"}],"version-history":[{"count":0,"href":"https:\/\/shrimataji.org\/test\/wp-json\/wp\/v2\/pages\/10654\/revisions"}],"wp:featuredmedia":[{"embeddable":true,"href":"https:\/\/shrimataji.org\/test\/wp-json\/wp\/v2\/media\/9509"}],"wp:attachment":[{"href":"https:\/\/shrimataji.org\/test\/wp-json\/wp\/v2\/media?parent=10654"}],"curies":[{"name":"wp","href":"https:\/\/api.w.org\/{rel}","templated":true}]}}