{"id":10655,"date":"2022-01-23T03:18:48","date_gmt":"2022-01-23T03:18:48","guid":{"rendered":"https:\/\/test.shrimataji.org\/?page_id=6279"},"modified":"2024-04-27T01:15:20","modified_gmt":"2024-04-27T01:15:20","slug":"wie-man-meditiert","status":"publish","type":"page","link":"https:\/\/shrimataji.org\/test\/de\/wie-man-meditiert\/","title":{"rendered":"Wie man meditiert"},"content":{"rendered":"\n\n\t<h1>Wie man meditiert<\/h1>\n<h2>Eine t\u00e4gliche Routine entwickeln<\/h2>\n<div class=\"su-quote su-quote-style-default\"><div class=\"su-quote-inner su-u-clearfix su-u-trim\">In Sahaj Yoga ist Meditation keine aktive Handlung, sondern man ist in Meditation. Ihr werdet meditativ.<\/div><\/div>\n<h4>Sobald ihr eure <a href=\"https:\/\/shrimataji.org\/test\/de\/erfahrung-selbstverwirklichung\/\" target=\"_blank\" rel=\"noopener\">Selbst-Verwirklichung<\/a> durch die Erweckung der <a href=\"https:\/\/shrimataji.org\/test\/de\/kundalini_de\/\" target=\"_blank\" rel=\"noopener\">Kundalini<\/a> erhalten habt, muss man diese Erfahrung n\u00e4hren, um sie aufrechtzuerhalten und zu vertiefen &#8211; als ob man einen Keimling mit Sonnenlicht und Wasser versorgt. Am Wichtigsten ist es, regelm\u00e4\u00dfig zu meditieren, wobei Meditation eher ein Zustand als eine Aktivit\u00e4t ist. Doch mit ein paar einfachen Schritte, k\u00f6nnen wir eine Umgebung einrichten und Routine gr\u00fcnden, die helfen, diesen Zustand zu vertiefen.<\/h4>\n<p>Sucht euch sich einen Ort, an dem ihr euch wohl und ungest\u00f6rt f\u00fchlt. Ihr k\u00f6nnt auf dem Boden oder einem Stuhl sitzen &#8211; was immer f\u00fcr euch am einfachsten ist. Legt eure H\u00e4nde mit den Handfl\u00e4chen nach oben auf den Scho\u00df. Kommt zur Ruhe, entspannt euch und richtet eure Aufmerksamkeit nach innen. Versucht zu beobachten, was in euch vorgeht. Beobachtet eure Gedanken und lasst sie langsamer werden. Dann w\u00fcnscht euch den Zustand der Stille und Gl\u00fcckseligkeit, den ihr in der ersten \u00dcbung zur Selbst-Verwirklichung erfahren habt. Der Wunsch ist die erste <a href=\"https:\/\/shrimataji.org\/test\/de\/sahaja-yoga-meditation-de\/\" target=\"_blank\" rel=\"noopener\">Technik in Sahaja Yoga<\/a> und wird euch jedes Mal tiefer in den meditativen Zustand f\u00fchren, wenn ihr eure Aufmerksamkeit nach innen richtet.<\/p>\n\t<p>Die zweite \u00dcbung besteht darin, eure Aufmerksamkeit im Zustand der Ruhe sanft auf die Fontanelle am Scheitel des Kopfes zu lenken. Dort befindet sich das <a href=\"https:\/\/shrimataji.org\/test\/de\/sahasrara-de\/\" target=\"_blank\" rel=\"noopener\">Sahasrara Chakra<\/a>, wo die Kundalini austritt, nachdem sie das limbische System erleuchtet hat. Dieser Bereich liegt \u00fcber unserem Denkprozess und verbindet uns mit dem kollektiven Unbewussten. Ihr k\u00f6nnt auch die Mitte eurer Handfl\u00e4che auf die Fontanelle legen, die Finger nach oben anspannen und mit im Uhrzeigersinn kreisenden Bewegungen die Kopfhaut bewegen. Dies \u00e4hnelt dem letzten Schritt, den ihr w\u00e4hrend der \u00dcbung zur Selbst-Verwirklichung gemacht habt. Es hilft, die Aufmerksamkeit auf das letzte Chakra zu lenken und die Verbindung herzustellen.<\/p>\n<p>Gebt euch etwas Zeit, damit sich der meditative Zustand einstellen kann. Beobachtet euch selbst, die Bewegungen der Kundalini und die Vertiefung eurer Aufmerksamkeit. Achtet auf den Frieden, die Ruhe und die zunehmende Freude, die sich einstellen, wenn die Gedanken weniger werden. Als lebendiger Prozess nimmt die Meditation selbst\u00e4ndig ihren Lauf und die Kundalini wird neue und sch\u00f6ne Aspekte von euch zum Vorschein bringen. Obwohl das subtile System aus <a href=\"https:\/\/shrimataji.org\/test\/de\/chakren-und-qualitaeten\/\" target=\"_blank\" rel=\"noopener\">Chakren<\/a>\u00a0und <a href=\"https:\/\/shrimataji.org\/test\/de\/nadis-gunas\/\" target=\"_blank\" rel=\"noopener\">Nadis<\/a> bei jedem von uns dasselbe ist, hat jeder Mensch pers\u00f6nliche Erfahrungen und seinen spirituellen Weg &#8211; folgt diesem Weg als eine Reise der Selbst-Entdeckung.<\/p>\n<p>Gegen Ende der Meditation haltet eure Hand einige Zentimeter \u00fcber den Kopf, um zu sehen, ob ihr eine k\u00fchle oder warme Brise sp\u00fcrt. Mit etwas mehr \u00dcbung k\u00f6nnt ihr die Aufmerksamkeit auch tags\u00fcber auf dem Sahasrara Chakra halten. Die Energie, die die Kundalini erweckt, geht von Shri Mataji aus. Daher ist es hilfreich, wenn ihr ein Bild von ihr beim Meditieren vor euch stellt. Es verst\u00e4rkt die Erweckung der Kundalini und vertieft eure Meditation. Wenn ihr m\u00f6chtet, k\u00f6nnt das Bild unter diesem <a href=\"https:\/\/shrimataji.org\/test\/de\/erfahrung-selbstverwirklichung\/\">Link<\/a> herunterladen und ausdrucken.<\/p>\n<p>Es hilft ebenfalls, die Elemente zu verwenden und etwa eine Kerze vor das Bild von Shri Mataji repr\u00e4sentativ f\u00fcr die Elemente Feuer und Licht zu stellen. Der Duft von Weihrauch steht f\u00fcr das Element Erde. Die meisten Formen der \u00f6stlichen und westlichen Klassik k\u00f6nnen als ausgewogene Formen von Musik helfen, ruhiger zu werden. Doch achtet darauf, einige Zeit in der Stille zu verbringen und eure Aufmerksamkeit nach innen zu richten.<\/p>\n<div class=\"su-quote su-quote-style-default\"><div class=\"su-quote-inner su-u-clearfix su-u-trim\">In der Meditation werdet ihr gedankenfrei bewusst und im gedankenfreien Bewusstsein beginnt ihr zu wachsen. Dieser Zustand sollte erreicht werden.<\/div><\/div>\n<p>Wie jeder Lebensprozess wird auch eure meditative Erfahrung ihren nat\u00fcrlichen Lauf nehmen, wenn ihr Sahaja Yoga praktiziert. Die Routine, die wir hier beschreiben, schafft den Rahmen f\u00fcr diesen Prozess. Regelm\u00e4\u00dfige Meditation hilft, eure Kundalini zu st\u00e4rken, euren meditativen Zustand zu vertiefen und die Freude eures inneren Selbst zu erfahren.<\/p>\n<p>Idealerweise sollten wir uns morgens und abends Zeit f\u00fcr die Meditation nehmen und k\u00f6nnen nach ein paar Wochen die Ergebnisse und den Nutzen sp\u00fcren. Es gibt keine klare Regel, wie lange man meditieren sollte &#8211; manche meditieren 10 Minuten, andere mehr als eine Stunde. Es kann auch von Tag zu Tag unterschiedlich sein. Wichtig ist, den meditativen Zustand zu erleben. Als gute Anfangsroutine empfehlen wir mindestens 10-15 Minuten, damit die Kundalini unser feinstoffliches System st\u00e4rken kann und sich der meditative Zustand einstellt.<\/p>\n<p>Das Blatt <a href=\"https:\/\/shrimataji.org\/test\/wp-content\/uploads\/2024\/04\/Meditieren-und-Balancieren-2024-1.pdf\" target=\"_blank\" rel=\"noopener\">Meditieren und Balancieren 2024<\/a>\u00a0k\u00f6nnt ihr verwenden, um eine t\u00e4gliche Meditationsroutine zu entwickeln.<\/p>\n<p>Eure Selbst-Verwirklichung ist der erste Schritt einer spirituellen Reise, und jede Meditation ist ein Schritt auf diesem Weg &#8211; wir w\u00fcnschen euch alles Gute auf eurem Weg der Entdeckung des eures Selbst.<\/p>\n\n","protected":false},"excerpt":{"rendered":"<p>Wie man meditiert Eine t\u00e4gliche Routine entwickeln Sobald ihr eure Selbst-Verwirklichung durch die Erweckung der Kundalini erhalten habt, muss man diese Erfahrung n\u00e4hren, um sie aufrechtzuerhalten und zu vertiefen &#8211; als ob man einen Keimling mit Sonnenlicht und Wasser versorgt. Am Wichtigsten ist es, regelm\u00e4\u00dfig zu meditieren, wobei Meditation eher ein Zustand als eine Aktivit\u00e4t&hellip; <br \/> <a class=\"read-more\" href=\"https:\/\/shrimataji.org\/test\/de\/wie-man-meditiert\/\">Read more<\/a><\/p>\n","protected":false},"author":10,"featured_media":9267,"parent":0,"menu_order":0,"comment_status":"closed","ping_status":"closed","template":"","meta":{"inline_featured_image":false,"footnotes":""},"class_list":["post-10655","page","type-page","status-publish","has-post-thumbnail","hentry"],"yoast_head":"<!-- This site is optimized with the Yoast SEO plugin v27.4 - https:\/\/yoast.com\/product\/yoast-seo-wordpress\/ -->\n<title>Wie man meditiert - TEST - SMND<\/title>\n<meta name=\"robots\" content=\"noindex, follow, max-snippet:-1, max-image-preview:large, max-video-preview:-1\" \/>\n<meta property=\"og:locale\" content=\"en_US\" \/>\n<meta property=\"og:type\" content=\"article\" \/>\n<meta property=\"og:title\" content=\"Wie man meditiert - TEST - SMND\" \/>\n<meta property=\"og:description\" content=\"Wie man meditiert Eine t\u00e4gliche Routine entwickeln Sobald ihr eure Selbst-Verwirklichung durch die Erweckung der Kundalini erhalten habt, muss man diese Erfahrung n\u00e4hren, um sie aufrechtzuerhalten und zu vertiefen &#8211; als ob man einen Keimling mit Sonnenlicht und Wasser versorgt. Am Wichtigsten ist es, regelm\u00e4\u00dfig zu meditieren, wobei Meditation eher ein Zustand als eine Aktivit\u00e4t&hellip; Read more\" \/>\n<meta property=\"og:url\" content=\"https:\/\/shrimataji.org\/test\/de\/wie-man-meditiert\/\" \/>\n<meta property=\"og:site_name\" content=\"TEST - SMND\" \/>\n<meta property=\"article:publisher\" content=\"https:\/\/www.facebook.com\/shrimataji\" \/>\n<meta property=\"article:modified_time\" content=\"2024-04-27T01:15:20+00:00\" \/>\n<meta property=\"og:image\" content=\"https:\/\/shrimataji.org\/test\/wp-content\/uploads\/2023\/03\/5_Banner-SY-HowtoMeditate-scaled.jpg\" \/>\n\t<meta property=\"og:image:width\" content=\"2560\" \/>\n\t<meta property=\"og:image:height\" content=\"905\" \/>\n\t<meta property=\"og:image:type\" content=\"image\/jpeg\" \/>\n<meta name=\"twitter:card\" content=\"summary_large_image\" \/>\n<meta name=\"twitter:site\" content=\"@shrimataji\" \/>\n<script type=\"application\/ld+json\" class=\"yoast-schema-graph\">{\"@context\":\"https:\\\/\\\/schema.org\",\"@graph\":[{\"@type\":\"WebPage\",\"@id\":\"https:\\\/\\\/shrimataji.org\\\/test\\\/de\\\/wie-man-meditiert\\\/\",\"url\":\"https:\\\/\\\/shrimataji.org\\\/test\\\/de\\\/wie-man-meditiert\\\/\",\"name\":\"Wie man meditiert - TEST - SMND\",\"isPartOf\":{\"@id\":\"https:\\\/\\\/shrimataji.org\\\/test\\\/#website\"},\"primaryImageOfPage\":{\"@id\":\"https:\\\/\\\/shrimataji.org\\\/test\\\/de\\\/wie-man-meditiert\\\/#primaryimage\"},\"image\":{\"@id\":\"https:\\\/\\\/shrimataji.org\\\/test\\\/de\\\/wie-man-meditiert\\\/#primaryimage\"},\"thumbnailUrl\":\"https:\\\/\\\/shrimataji.org\\\/test\\\/wp-content\\\/uploads\\\/2023\\\/03\\\/5_Banner-SY-HowtoMeditate-scaled.jpg\",\"datePublished\":\"2022-01-23T03:18:48+00:00\",\"dateModified\":\"2024-04-27T01:15:20+00:00\",\"breadcrumb\":{\"@id\":\"https:\\\/\\\/shrimataji.org\\\/test\\\/de\\\/wie-man-meditiert\\\/#breadcrumb\"},\"inLanguage\":\"en-US\",\"potentialAction\":[{\"@type\":\"ReadAction\",\"target\":[\"https:\\\/\\\/shrimataji.org\\\/test\\\/de\\\/wie-man-meditiert\\\/\"]}]},{\"@type\":\"ImageObject\",\"inLanguage\":\"en-US\",\"@id\":\"https:\\\/\\\/shrimataji.org\\\/test\\\/de\\\/wie-man-meditiert\\\/#primaryimage\",\"url\":\"https:\\\/\\\/shrimataji.org\\\/test\\\/wp-content\\\/uploads\\\/2023\\\/03\\\/5_Banner-SY-HowtoMeditate-scaled.jpg\",\"contentUrl\":\"https:\\\/\\\/shrimataji.org\\\/test\\\/wp-content\\\/uploads\\\/2023\\\/03\\\/5_Banner-SY-HowtoMeditate-scaled.jpg\",\"width\":2560,\"height\":905},{\"@type\":\"BreadcrumbList\",\"@id\":\"https:\\\/\\\/shrimataji.org\\\/test\\\/de\\\/wie-man-meditiert\\\/#breadcrumb\",\"itemListElement\":[{\"@type\":\"ListItem\",\"position\":1,\"name\":\"Home\",\"item\":\"https:\\\/\\\/shrimataji.org\\\/test\\\/uk\\\/home-en\\\/\"},{\"@type\":\"ListItem\",\"position\":2,\"name\":\"Wie man meditiert\"}]},{\"@type\":\"WebSite\",\"@id\":\"https:\\\/\\\/shrimataji.org\\\/test\\\/#website\",\"url\":\"https:\\\/\\\/shrimataji.org\\\/test\\\/\",\"name\":\"Shri Mataji Nirmala Devi\",\"description\":\"A Life Dedicated to Humanity\",\"publisher\":{\"@id\":\"https:\\\/\\\/shrimataji.org\\\/test\\\/#\\\/schema\\\/person\\\/a1b3419c6585f164aa96da1ff85715d1\"},\"potentialAction\":[{\"@type\":\"SearchAction\",\"target\":{\"@type\":\"EntryPoint\",\"urlTemplate\":\"https:\\\/\\\/shrimataji.org\\\/test\\\/?s={search_term_string}\"},\"query-input\":{\"@type\":\"PropertyValueSpecification\",\"valueRequired\":true,\"valueName\":\"search_term_string\"}}],\"inLanguage\":\"en-US\"},{\"@type\":[\"Person\",\"Organization\"],\"@id\":\"https:\\\/\\\/shrimataji.org\\\/test\\\/#\\\/schema\\\/person\\\/a1b3419c6585f164aa96da1ff85715d1\",\"name\":\"Nirmala Shrivastava\",\"image\":{\"@type\":\"ImageObject\",\"inLanguage\":\"en-US\",\"@id\":\"https:\\\/\\\/shrimataji.org\\\/test\\\/wp-content\\\/uploads\\\/2023\\\/02\\\/SMO_LOGO-03.svg\",\"url\":\"https:\\\/\\\/shrimataji.org\\\/test\\\/wp-content\\\/uploads\\\/2023\\\/02\\\/SMO_LOGO-03.svg\",\"contentUrl\":\"https:\\\/\\\/shrimataji.org\\\/test\\\/wp-content\\\/uploads\\\/2023\\\/02\\\/SMO_LOGO-03.svg\",\"width\":\"1024\",\"height\":\"1024\",\"caption\":\"Nirmala Shrivastava\"},\"logo\":{\"@id\":\"https:\\\/\\\/shrimataji.org\\\/test\\\/wp-content\\\/uploads\\\/2023\\\/02\\\/SMO_LOGO-03.svg\"},\"sameAs\":[\"https:\\\/\\\/shrimataji.org\\\/test\",\"https:\\\/\\\/www.facebook.com\\\/shrimataji\",\"https:\\\/\\\/x.com\\\/shrimataji\",\"https:\\\/\\\/www.youtube.com\\\/@Shri_Mataji_Nirmala_Devi\\\/featured\"]}]}<\/script>\n<!-- \/ Yoast SEO plugin. -->","yoast_head_json":{"title":"Wie man meditiert - TEST - SMND","robots":{"index":"noindex","follow":"follow","max-snippet":"max-snippet:-1","max-image-preview":"max-image-preview:large","max-video-preview":"max-video-preview:-1"},"og_locale":"en_US","og_type":"article","og_title":"Wie man meditiert - TEST - SMND","og_description":"Wie man meditiert Eine t\u00e4gliche Routine entwickeln Sobald ihr eure Selbst-Verwirklichung durch die Erweckung der Kundalini erhalten habt, muss man diese Erfahrung n\u00e4hren, um sie aufrechtzuerhalten und zu vertiefen &#8211; als ob man einen Keimling mit Sonnenlicht und Wasser versorgt. Am Wichtigsten ist es, regelm\u00e4\u00dfig zu meditieren, wobei Meditation eher ein Zustand als eine Aktivit\u00e4t&hellip; Read more","og_url":"https:\/\/shrimataji.org\/test\/de\/wie-man-meditiert\/","og_site_name":"TEST - SMND","article_publisher":"https:\/\/www.facebook.com\/shrimataji","article_modified_time":"2024-04-27T01:15:20+00:00","og_image":[{"width":2560,"height":905,"url":"https:\/\/shrimataji.org\/test\/wp-content\/uploads\/2023\/03\/5_Banner-SY-HowtoMeditate-scaled.jpg","type":"image\/jpeg"}],"twitter_card":"summary_large_image","twitter_site":"@shrimataji","schema":{"@context":"https:\/\/schema.org","@graph":[{"@type":"WebPage","@id":"https:\/\/shrimataji.org\/test\/de\/wie-man-meditiert\/","url":"https:\/\/shrimataji.org\/test\/de\/wie-man-meditiert\/","name":"Wie man meditiert - TEST - SMND","isPartOf":{"@id":"https:\/\/shrimataji.org\/test\/#website"},"primaryImageOfPage":{"@id":"https:\/\/shrimataji.org\/test\/de\/wie-man-meditiert\/#primaryimage"},"image":{"@id":"https:\/\/shrimataji.org\/test\/de\/wie-man-meditiert\/#primaryimage"},"thumbnailUrl":"https:\/\/shrimataji.org\/test\/wp-content\/uploads\/2023\/03\/5_Banner-SY-HowtoMeditate-scaled.jpg","datePublished":"2022-01-23T03:18:48+00:00","dateModified":"2024-04-27T01:15:20+00:00","breadcrumb":{"@id":"https:\/\/shrimataji.org\/test\/de\/wie-man-meditiert\/#breadcrumb"},"inLanguage":"en-US","potentialAction":[{"@type":"ReadAction","target":["https:\/\/shrimataji.org\/test\/de\/wie-man-meditiert\/"]}]},{"@type":"ImageObject","inLanguage":"en-US","@id":"https:\/\/shrimataji.org\/test\/de\/wie-man-meditiert\/#primaryimage","url":"https:\/\/shrimataji.org\/test\/wp-content\/uploads\/2023\/03\/5_Banner-SY-HowtoMeditate-scaled.jpg","contentUrl":"https:\/\/shrimataji.org\/test\/wp-content\/uploads\/2023\/03\/5_Banner-SY-HowtoMeditate-scaled.jpg","width":2560,"height":905},{"@type":"BreadcrumbList","@id":"https:\/\/shrimataji.org\/test\/de\/wie-man-meditiert\/#breadcrumb","itemListElement":[{"@type":"ListItem","position":1,"name":"Home","item":"https:\/\/shrimataji.org\/test\/uk\/home-en\/"},{"@type":"ListItem","position":2,"name":"Wie man meditiert"}]},{"@type":"WebSite","@id":"https:\/\/shrimataji.org\/test\/#website","url":"https:\/\/shrimataji.org\/test\/","name":"Shri Mataji Nirmala Devi","description":"A Life Dedicated to Humanity","publisher":{"@id":"https:\/\/shrimataji.org\/test\/#\/schema\/person\/a1b3419c6585f164aa96da1ff85715d1"},"potentialAction":[{"@type":"SearchAction","target":{"@type":"EntryPoint","urlTemplate":"https:\/\/shrimataji.org\/test\/?s={search_term_string}"},"query-input":{"@type":"PropertyValueSpecification","valueRequired":true,"valueName":"search_term_string"}}],"inLanguage":"en-US"},{"@type":["Person","Organization"],"@id":"https:\/\/shrimataji.org\/test\/#\/schema\/person\/a1b3419c6585f164aa96da1ff85715d1","name":"Nirmala Shrivastava","image":{"@type":"ImageObject","inLanguage":"en-US","@id":"https:\/\/shrimataji.org\/test\/wp-content\/uploads\/2023\/02\/SMO_LOGO-03.svg","url":"https:\/\/shrimataji.org\/test\/wp-content\/uploads\/2023\/02\/SMO_LOGO-03.svg","contentUrl":"https:\/\/shrimataji.org\/test\/wp-content\/uploads\/2023\/02\/SMO_LOGO-03.svg","width":"1024","height":"1024","caption":"Nirmala Shrivastava"},"logo":{"@id":"https:\/\/shrimataji.org\/test\/wp-content\/uploads\/2023\/02\/SMO_LOGO-03.svg"},"sameAs":["https:\/\/shrimataji.org\/test","https:\/\/www.facebook.com\/shrimataji","https:\/\/x.com\/shrimataji","https:\/\/www.youtube.com\/@Shri_Mataji_Nirmala_Devi\/featured"]}]}},"lang":"de","translations":{"de":10655,"ur":37441,"en":7045,"am":18015,"th":19965,"hu":19492,"sq":18416,"zh":17313,"hi":8283,"tr":10169,"pt":10381,"fr":10753,"it":10851,"es":10948,"ja":11245,"ru":11433,"bn":11625,"te":11733,"sw":11856,"he":12004,"el":12295,"sk":12393,"fa":12491,"fi":12589,"bg":13409,"ro":14483,"cs":14676,"nl":16576,"ku":16736,"ar":16912,"be":18623,"kn":18897,"mr":20329,"uk":20621,"ml":20918,"ta":22731,"sv":23004,"gu":28848,"pa":29008,"fil":29450,"da":37755,"pl":37968,"nn":38307},"pll_sync_post":[],"_links":{"self":[{"href":"https:\/\/shrimataji.org\/test\/wp-json\/wp\/v2\/pages\/10655","targetHints":{"allow":["GET"]}}],"collection":[{"href":"https:\/\/shrimataji.org\/test\/wp-json\/wp\/v2\/pages"}],"about":[{"href":"https:\/\/shrimataji.org\/test\/wp-json\/wp\/v2\/types\/page"}],"author":[{"embeddable":true,"href":"https:\/\/shrimataji.org\/test\/wp-json\/wp\/v2\/users\/10"}],"replies":[{"embeddable":true,"href":"https:\/\/shrimataji.org\/test\/wp-json\/wp\/v2\/comments?post=10655"}],"version-history":[{"count":0,"href":"https:\/\/shrimataji.org\/test\/wp-json\/wp\/v2\/pages\/10655\/revisions"}],"wp:featuredmedia":[{"embeddable":true,"href":"https:\/\/shrimataji.org\/test\/wp-json\/wp\/v2\/media\/9267"}],"wp:attachment":[{"href":"https:\/\/shrimataji.org\/test\/wp-json\/wp\/v2\/media?parent=10655"}],"curies":[{"name":"wp","href":"https:\/\/api.w.org\/{rel}","templated":true}]}}