{"id":10656,"date":"2022-01-29T10:31:30","date_gmt":"2022-01-29T10:31:30","guid":{"rendered":"https:\/\/test.shrimataji.org\/?page_id=6410"},"modified":"2024-06-11T09:24:16","modified_gmt":"2024-06-11T09:24:16","slug":"ida-de","status":"publish","type":"page","link":"https:\/\/shrimataji.org\/test\/de\/ida-de\/","title":{"rendered":"Ida Nadi DE"},"content":{"rendered":"\n\n\t<h1>Ida Nadi<\/h1>\n<h2>W\u00fcnsche und Gef\u00fchle<\/h2>\n\t<h4>Unser linker, auch als Mondkanal bekannte Energiekanal, wird auf Sanskrit als Ida Nadi bezeichnet. Er entspringt dem ersten Zentrum, dem <a href=\"https:\/\/shrimataji.org\/test\/de\/muladhara-de\/\" target=\"_blank\" rel=\"noopener\">Muladhara Chakra<\/a>, und verl\u00e4uft auf der linken K\u00f6rperseite nach oben, um schlie\u00dflich als Ballon in der rechten Seite des Gehirns zu enden.<\/h4>\n<p>Shri Mataji beschreibt diesen Ballon als das Superego, das als Speicher aller Erinnerungen, Gewohnheiten und Konditionierungen dient. Der auch \u00dcber-Ich genannte Teil der Psyche steuert auch unser moralisches Verhalten, das wir durch Traditionen, Erziehung und Gleichaltrige erwerben.<\/p>\n<p>Vor der Selbst-Verwirklichung erleben wir von unserem Superego ausgel\u00f6ste Hemmungen als Kampf gegen unsere egoistischen und genusss\u00fcchtigen Triebe.<\/p>\n\t\t\t\t<a href=\"https:\/\/shrimataji.org\/test\/wp-content\/uploads\/2023\/02\/2_Ida-Nadi-01.png\" target=\"_blank\" rel=\"noopener\">\n\t\t\t\t<img loading=\"lazy\" decoding=\"async\" src=\"https:\/\/shrimataji.org\/test\/wp-content\/uploads\/2024\/04\/DE_Ida-Nadi.png\" alt=\"DE_Ida Nadi\" height=\"6813\" width=\"6427\" title=\"DE_Ida Nadi\" \/>\n\t\t\t\t<\/a>\n\t\n\t<p>Reine Freude ist eine wesentliche, mit dem linken Energiekanal verbundene Qualit\u00e4t. Diese Freude ist jedoch nicht im Sinne von Gl\u00fccklichsein oder Aufgeregtheit zu verstehen. Solche Gef\u00fchle sind eher vor\u00fcbergehender Natur und haben eine Kehrseite: Man ist ungl\u00fccklich oder entt\u00e4uscht, wenn die Dinge nicht so laufen wie erwartet.<\/p>\n<p>Die reine Freude unseres Geistes beschreibt Shri Mataji als nat\u00fcrliches und spontanes Gef\u00fchl, das nicht von unseren Wahrnehmungen oder Erwartungen abh\u00e4ngt. Sie ist von ewiger Natur und nichts kann ihr hinzugef\u00fcgt oder von ihr genommen werden. Die reine Freude unseres Geistes tritt nach der Selbst-Verwirklichung spontan in unser Bewusstsein und kann durch regelm\u00e4\u00dfige Meditation aufrechterhalten werden.<\/p>\n<p>Durch einen blockierten linken Energiekanal kann man emotionale Extreme wie den schnellen Wechsel von Euphorie und Depression erleben. Lethargie und extreme Passivit\u00e4t k\u00f6nnen sich einstellen, die mit dem Couch-Potato-Syndrom in Verbindung gebracht werden.<\/p>\n<p>Der linke Energiekanal beeinflusst unsere Emotionen und W\u00fcnsche und ist mit unseren Erinnerungen und Erfahrungen verbunden. Solange sich unsere Emotionen in einem normalen Bereich bewegen, erfahren wir ein gesundes und ausgeglichenes Leben. Doch bei extremen Emotionen wie Depression, Niedergeschlagenheit oder exzessivem Nachdenken m\u00fcssen wir geeignete Ma\u00dfnahmen ergreifen. Die Sahaja-Yoga-Meditation hat hier zu guten Resultaten gef\u00fchrt, und viele davon wurden in klinischen Studien erfolgreich verifiziert.<\/p>\n<p>Shri Mataji empfahl sehr einfache und sichere Techniken, mit denen wir unsere linke Seite ins Gleichgewicht bringen und negative Auswirkungen auf unser emotionales und mentales Wesen korrigieren k\u00f6nnen. Regelm\u00e4\u00dfiges Meditieren, die Introspektion \u00fcber unser vibratorisches Bewusstsein und die Anwendung von Reinigungstechniken f\u00fcr unsere linken Seite erneuern das Gef\u00fchl der reinen Freude und einer lebendigen, positive Einstellung dem Leben gegen\u00fcber.<\/p>\n\n","protected":false},"excerpt":{"rendered":"<p>Ida Nadi W\u00fcnsche und Gef\u00fchle Unser linker, auch als Mondkanal bekannte Energiekanal, wird auf Sanskrit als Ida Nadi bezeichnet. Er entspringt dem ersten Zentrum, dem Muladhara Chakra, und verl\u00e4uft auf der linken K\u00f6rperseite nach oben, um schlie\u00dflich als Ballon in der rechten Seite des Gehirns zu enden. Shri Mataji beschreibt diesen Ballon als das Superego,&hellip; <br \/> <a class=\"read-more\" href=\"https:\/\/shrimataji.org\/test\/de\/ida-de\/\">Read more<\/a><\/p>\n","protected":false},"author":10,"featured_media":9247,"parent":0,"menu_order":0,"comment_status":"closed","ping_status":"closed","template":"","meta":{"inline_featured_image":false,"footnotes":""},"class_list":["post-10656","page","type-page","status-publish","has-post-thumbnail","hentry"],"yoast_head":"<!-- This site is optimized with the Yoast SEO plugin v27.4 - https:\/\/yoast.com\/product\/yoast-seo-wordpress\/ -->\n<title>Ida Nadi DE - TEST - SMND<\/title>\n<meta name=\"robots\" content=\"noindex, follow, max-snippet:-1, max-image-preview:large, max-video-preview:-1\" \/>\n<meta property=\"og:locale\" content=\"en_US\" \/>\n<meta property=\"og:type\" content=\"article\" \/>\n<meta property=\"og:title\" content=\"Ida Nadi DE - TEST - SMND\" \/>\n<meta property=\"og:description\" content=\"Ida Nadi W\u00fcnsche und Gef\u00fchle Unser linker, auch als Mondkanal bekannte Energiekanal, wird auf Sanskrit als Ida Nadi bezeichnet. Er entspringt dem ersten Zentrum, dem Muladhara Chakra, und verl\u00e4uft auf der linken K\u00f6rperseite nach oben, um schlie\u00dflich als Ballon in der rechten Seite des Gehirns zu enden. Shri Mataji beschreibt diesen Ballon als das Superego,&hellip; Read more\" \/>\n<meta property=\"og:url\" content=\"https:\/\/shrimataji.org\/test\/de\/ida-de\/\" \/>\n<meta property=\"og:site_name\" content=\"TEST - SMND\" \/>\n<meta property=\"article:publisher\" content=\"https:\/\/www.facebook.com\/shrimataji\" \/>\n<meta property=\"article:modified_time\" content=\"2024-06-11T09:24:16+00:00\" \/>\n<meta property=\"og:image\" content=\"https:\/\/shrimataji.org\/test\/wp-content\/uploads\/2023\/03\/12_Banner-SY-Ida-scaled.jpg\" \/>\n\t<meta property=\"og:image:width\" content=\"2560\" \/>\n\t<meta property=\"og:image:height\" content=\"905\" \/>\n\t<meta property=\"og:image:type\" content=\"image\/jpeg\" \/>\n<meta name=\"twitter:card\" content=\"summary_large_image\" \/>\n<meta name=\"twitter:site\" content=\"@shrimataji\" \/>\n<script type=\"application\/ld+json\" class=\"yoast-schema-graph\">{\"@context\":\"https:\\\/\\\/schema.org\",\"@graph\":[{\"@type\":\"WebPage\",\"@id\":\"https:\\\/\\\/shrimataji.org\\\/test\\\/de\\\/ida-de\\\/\",\"url\":\"https:\\\/\\\/shrimataji.org\\\/test\\\/de\\\/ida-de\\\/\",\"name\":\"Ida Nadi DE - TEST - SMND\",\"isPartOf\":{\"@id\":\"https:\\\/\\\/shrimataji.org\\\/test\\\/#website\"},\"primaryImageOfPage\":{\"@id\":\"https:\\\/\\\/shrimataji.org\\\/test\\\/de\\\/ida-de\\\/#primaryimage\"},\"image\":{\"@id\":\"https:\\\/\\\/shrimataji.org\\\/test\\\/de\\\/ida-de\\\/#primaryimage\"},\"thumbnailUrl\":\"https:\\\/\\\/shrimataji.org\\\/test\\\/wp-content\\\/uploads\\\/2023\\\/03\\\/12_Banner-SY-Ida-scaled.jpg\",\"datePublished\":\"2022-01-29T10:31:30+00:00\",\"dateModified\":\"2024-06-11T09:24:16+00:00\",\"breadcrumb\":{\"@id\":\"https:\\\/\\\/shrimataji.org\\\/test\\\/de\\\/ida-de\\\/#breadcrumb\"},\"inLanguage\":\"en-US\",\"potentialAction\":[{\"@type\":\"ReadAction\",\"target\":[\"https:\\\/\\\/shrimataji.org\\\/test\\\/de\\\/ida-de\\\/\"]}]},{\"@type\":\"ImageObject\",\"inLanguage\":\"en-US\",\"@id\":\"https:\\\/\\\/shrimataji.org\\\/test\\\/de\\\/ida-de\\\/#primaryimage\",\"url\":\"https:\\\/\\\/shrimataji.org\\\/test\\\/wp-content\\\/uploads\\\/2023\\\/03\\\/12_Banner-SY-Ida-scaled.jpg\",\"contentUrl\":\"https:\\\/\\\/shrimataji.org\\\/test\\\/wp-content\\\/uploads\\\/2023\\\/03\\\/12_Banner-SY-Ida-scaled.jpg\",\"width\":2560,\"height\":905},{\"@type\":\"BreadcrumbList\",\"@id\":\"https:\\\/\\\/shrimataji.org\\\/test\\\/de\\\/ida-de\\\/#breadcrumb\",\"itemListElement\":[{\"@type\":\"ListItem\",\"position\":1,\"name\":\"Home\",\"item\":\"https:\\\/\\\/shrimataji.org\\\/test\\\/uk\\\/home-en\\\/\"},{\"@type\":\"ListItem\",\"position\":2,\"name\":\"Ida Nadi DE\"}]},{\"@type\":\"WebSite\",\"@id\":\"https:\\\/\\\/shrimataji.org\\\/test\\\/#website\",\"url\":\"https:\\\/\\\/shrimataji.org\\\/test\\\/\",\"name\":\"Shri Mataji Nirmala Devi\",\"description\":\"A Life Dedicated to Humanity\",\"publisher\":{\"@id\":\"https:\\\/\\\/shrimataji.org\\\/test\\\/#\\\/schema\\\/person\\\/a1b3419c6585f164aa96da1ff85715d1\"},\"potentialAction\":[{\"@type\":\"SearchAction\",\"target\":{\"@type\":\"EntryPoint\",\"urlTemplate\":\"https:\\\/\\\/shrimataji.org\\\/test\\\/?s={search_term_string}\"},\"query-input\":{\"@type\":\"PropertyValueSpecification\",\"valueRequired\":true,\"valueName\":\"search_term_string\"}}],\"inLanguage\":\"en-US\"},{\"@type\":[\"Person\",\"Organization\"],\"@id\":\"https:\\\/\\\/shrimataji.org\\\/test\\\/#\\\/schema\\\/person\\\/a1b3419c6585f164aa96da1ff85715d1\",\"name\":\"Nirmala Shrivastava\",\"image\":{\"@type\":\"ImageObject\",\"inLanguage\":\"en-US\",\"@id\":\"https:\\\/\\\/shrimataji.org\\\/test\\\/wp-content\\\/uploads\\\/2023\\\/02\\\/SMO_LOGO-03.svg\",\"url\":\"https:\\\/\\\/shrimataji.org\\\/test\\\/wp-content\\\/uploads\\\/2023\\\/02\\\/SMO_LOGO-03.svg\",\"contentUrl\":\"https:\\\/\\\/shrimataji.org\\\/test\\\/wp-content\\\/uploads\\\/2023\\\/02\\\/SMO_LOGO-03.svg\",\"width\":\"1024\",\"height\":\"1024\",\"caption\":\"Nirmala Shrivastava\"},\"logo\":{\"@id\":\"https:\\\/\\\/shrimataji.org\\\/test\\\/wp-content\\\/uploads\\\/2023\\\/02\\\/SMO_LOGO-03.svg\"},\"sameAs\":[\"https:\\\/\\\/shrimataji.org\\\/test\",\"https:\\\/\\\/www.facebook.com\\\/shrimataji\",\"https:\\\/\\\/x.com\\\/shrimataji\",\"https:\\\/\\\/www.youtube.com\\\/@Shri_Mataji_Nirmala_Devi\\\/featured\"]}]}<\/script>\n<!-- \/ Yoast SEO plugin. -->","yoast_head_json":{"title":"Ida Nadi DE - TEST - SMND","robots":{"index":"noindex","follow":"follow","max-snippet":"max-snippet:-1","max-image-preview":"max-image-preview:large","max-video-preview":"max-video-preview:-1"},"og_locale":"en_US","og_type":"article","og_title":"Ida Nadi DE - TEST - SMND","og_description":"Ida Nadi W\u00fcnsche und Gef\u00fchle Unser linker, auch als Mondkanal bekannte Energiekanal, wird auf Sanskrit als Ida Nadi bezeichnet. Er entspringt dem ersten Zentrum, dem Muladhara Chakra, und verl\u00e4uft auf der linken K\u00f6rperseite nach oben, um schlie\u00dflich als Ballon in der rechten Seite des Gehirns zu enden. Shri Mataji beschreibt diesen Ballon als das Superego,&hellip; Read more","og_url":"https:\/\/shrimataji.org\/test\/de\/ida-de\/","og_site_name":"TEST - SMND","article_publisher":"https:\/\/www.facebook.com\/shrimataji","article_modified_time":"2024-06-11T09:24:16+00:00","og_image":[{"width":2560,"height":905,"url":"https:\/\/shrimataji.org\/test\/wp-content\/uploads\/2023\/03\/12_Banner-SY-Ida-scaled.jpg","type":"image\/jpeg"}],"twitter_card":"summary_large_image","twitter_site":"@shrimataji","schema":{"@context":"https:\/\/schema.org","@graph":[{"@type":"WebPage","@id":"https:\/\/shrimataji.org\/test\/de\/ida-de\/","url":"https:\/\/shrimataji.org\/test\/de\/ida-de\/","name":"Ida Nadi DE - TEST - SMND","isPartOf":{"@id":"https:\/\/shrimataji.org\/test\/#website"},"primaryImageOfPage":{"@id":"https:\/\/shrimataji.org\/test\/de\/ida-de\/#primaryimage"},"image":{"@id":"https:\/\/shrimataji.org\/test\/de\/ida-de\/#primaryimage"},"thumbnailUrl":"https:\/\/shrimataji.org\/test\/wp-content\/uploads\/2023\/03\/12_Banner-SY-Ida-scaled.jpg","datePublished":"2022-01-29T10:31:30+00:00","dateModified":"2024-06-11T09:24:16+00:00","breadcrumb":{"@id":"https:\/\/shrimataji.org\/test\/de\/ida-de\/#breadcrumb"},"inLanguage":"en-US","potentialAction":[{"@type":"ReadAction","target":["https:\/\/shrimataji.org\/test\/de\/ida-de\/"]}]},{"@type":"ImageObject","inLanguage":"en-US","@id":"https:\/\/shrimataji.org\/test\/de\/ida-de\/#primaryimage","url":"https:\/\/shrimataji.org\/test\/wp-content\/uploads\/2023\/03\/12_Banner-SY-Ida-scaled.jpg","contentUrl":"https:\/\/shrimataji.org\/test\/wp-content\/uploads\/2023\/03\/12_Banner-SY-Ida-scaled.jpg","width":2560,"height":905},{"@type":"BreadcrumbList","@id":"https:\/\/shrimataji.org\/test\/de\/ida-de\/#breadcrumb","itemListElement":[{"@type":"ListItem","position":1,"name":"Home","item":"https:\/\/shrimataji.org\/test\/uk\/home-en\/"},{"@type":"ListItem","position":2,"name":"Ida Nadi DE"}]},{"@type":"WebSite","@id":"https:\/\/shrimataji.org\/test\/#website","url":"https:\/\/shrimataji.org\/test\/","name":"Shri Mataji Nirmala Devi","description":"A Life Dedicated to Humanity","publisher":{"@id":"https:\/\/shrimataji.org\/test\/#\/schema\/person\/a1b3419c6585f164aa96da1ff85715d1"},"potentialAction":[{"@type":"SearchAction","target":{"@type":"EntryPoint","urlTemplate":"https:\/\/shrimataji.org\/test\/?s={search_term_string}"},"query-input":{"@type":"PropertyValueSpecification","valueRequired":true,"valueName":"search_term_string"}}],"inLanguage":"en-US"},{"@type":["Person","Organization"],"@id":"https:\/\/shrimataji.org\/test\/#\/schema\/person\/a1b3419c6585f164aa96da1ff85715d1","name":"Nirmala Shrivastava","image":{"@type":"ImageObject","inLanguage":"en-US","@id":"https:\/\/shrimataji.org\/test\/wp-content\/uploads\/2023\/02\/SMO_LOGO-03.svg","url":"https:\/\/shrimataji.org\/test\/wp-content\/uploads\/2023\/02\/SMO_LOGO-03.svg","contentUrl":"https:\/\/shrimataji.org\/test\/wp-content\/uploads\/2023\/02\/SMO_LOGO-03.svg","width":"1024","height":"1024","caption":"Nirmala Shrivastava"},"logo":{"@id":"https:\/\/shrimataji.org\/test\/wp-content\/uploads\/2023\/02\/SMO_LOGO-03.svg"},"sameAs":["https:\/\/shrimataji.org\/test","https:\/\/www.facebook.com\/shrimataji","https:\/\/x.com\/shrimataji","https:\/\/www.youtube.com\/@Shri_Mataji_Nirmala_Devi\/featured"]}]}},"lang":"de","translations":{"de":10656,"ur":37443,"en":6410,"am":18017,"th":19968,"hu":19494,"sq":18418,"zh":17315,"hi":8307,"tr":10170,"pt":10382,"fr":10754,"it":10852,"es":10949,"ja":11246,"ru":11434,"bn":11626,"te":11734,"sw":11857,"he":12005,"el":12296,"sk":12394,"fa":12492,"fi":12590,"bg":13384,"ro":14458,"cs":14651,"nl":16578,"ku":16738,"ar":16914,"be":18625,"kn":18899,"mr":20332,"uk":20624,"ml":20921,"ta":22733,"sv":23006,"gu":28850,"pa":29010,"fil":29452,"da":37757,"pl":37970,"nn":38309},"pll_sync_post":[],"_links":{"self":[{"href":"https:\/\/shrimataji.org\/test\/wp-json\/wp\/v2\/pages\/10656","targetHints":{"allow":["GET"]}}],"collection":[{"href":"https:\/\/shrimataji.org\/test\/wp-json\/wp\/v2\/pages"}],"about":[{"href":"https:\/\/shrimataji.org\/test\/wp-json\/wp\/v2\/types\/page"}],"author":[{"embeddable":true,"href":"https:\/\/shrimataji.org\/test\/wp-json\/wp\/v2\/users\/10"}],"replies":[{"embeddable":true,"href":"https:\/\/shrimataji.org\/test\/wp-json\/wp\/v2\/comments?post=10656"}],"version-history":[{"count":0,"href":"https:\/\/shrimataji.org\/test\/wp-json\/wp\/v2\/pages\/10656\/revisions"}],"wp:featuredmedia":[{"embeddable":true,"href":"https:\/\/shrimataji.org\/test\/wp-json\/wp\/v2\/media\/9247"}],"wp:attachment":[{"href":"https:\/\/shrimataji.org\/test\/wp-json\/wp\/v2\/media?parent=10656"}],"curies":[{"name":"wp","href":"https:\/\/api.w.org\/{rel}","templated":true}]}}