{"id":10660,"date":"2022-01-29T10:02:47","date_gmt":"2022-01-29T10:02:47","guid":{"rendered":"https:\/\/test.shrimataji.org\/?page_id=6394"},"modified":"2024-05-03T07:49:47","modified_gmt":"2024-05-03T07:49:47","slug":"wissen-wurzeln","status":"publish","type":"page","link":"https:\/\/shrimataji.org\/test\/de\/wissen-wurzeln\/","title":{"rendered":"Das Wissen \u00fcber die Wurzeln \u2013 Subtiles System"},"content":{"rendered":"\n\n\t<h1>Das Wissen \u00fcber die Wurzeln &#8211; Subtiles System<\/h1>\n<h2>Die uralte Wissenschaft unseres inneren Wesens<\/h2>\n<h4>Um das Yoga zu meistern, muss man das Subtile System vollst\u00e4ndig kennen. Es hilft, uns bei der Erkundung der inneren Evolution unseres Bewusstseins zu orientieren.<\/h4>\n\t<p>Die alten vedischen Schriften Indiens beschreiben Energiekan\u00e4le oder Nadis des feinstofflichen Systems. Wie ein Flussbett erleichtern diese Nadis den Fluss der feinstofflichen Energien in unserem subtilen Energiesystem, das auch Chakren und die <a href=\"https:\/\/shrimataji.org\/test\/de\/kundalini_de\/\" target=\"_blank\" rel=\"noopener\">Kundalini<\/a> umfasst. Bei den <a href=\"https:\/\/shrimataji.org\/test\/de\/chakren-und-qualitaeten\/\" target=\"_blank\" rel=\"noopener\">Chakren<\/a> handelt es sich um feinstoffliche Energiezentren, die sich &#8220;wie R\u00e4der drehen&#8221;. Als Kundalini wiederum wird die &#8220;aufgerollte Energie&#8221; bezeichnet, die sich als residuale &#8211; also \u00fcbriggebliebene oder schlafende &#8211; Kraft der Evolution in unserem Kreuzbein widerspiegelt. Unser feinstofflicher K\u00f6rper besteht aus Tausenden von <a href=\"https:\/\/shrimataji.org\/test\/de\/nadis-gunas\/\" target=\"_blank\" rel=\"noopener\">Nadis<\/a> und Chakren in einem Ger\u00fcst aus drei Hauptnadis und sieben -chakren. Die Nadis werden als <a href=\"https:\/\/shrimataji.org\/test\/de\/ida-de\/\" target=\"_blank\" rel=\"noopener\">Ida<\/a>, <a href=\"https:\/\/shrimataji.org\/test\/de\/pingala-de\/\" target=\"_blank\" rel=\"noopener\">Pingala<\/a> und <a href=\"https:\/\/shrimataji.org\/test\/de\/sushumna-de\/\" target=\"_blank\" rel=\"noopener\">Sushumna<\/a> Nadi bezeichnet und die Chakren als <a href=\"https:\/\/shrimataji.org\/test\/de\/muladhara-de\/\" target=\"_blank\" rel=\"noopener\">Muladhara<\/a>, <a href=\"https:\/\/shrimataji.org\/test\/de\/swadhisthana-de\/\" target=\"_blank\" rel=\"noopener\">Swadhisthana<\/a>, <a href=\"https:\/\/shrimataji.org\/test\/de\/nabhi-de\/\" target=\"_blank\" rel=\"noopener\">Nabhi<\/a>, <a href=\"https:\/\/shrimataji.org\/test\/de\/anahata-de\/\" target=\"_blank\" rel=\"noopener\">Anahata<\/a>, <a href=\"https:\/\/shrimataji.org\/test\/de\/vishuddhi-de\/\" target=\"_blank\" rel=\"noopener\">Vishuddhi<\/a>, <a href=\"https:\/\/shrimataji.org\/test\/de\/agnya-de\/\" target=\"_blank\" rel=\"noopener\">Agnya<\/a> und <a href=\"https:\/\/shrimataji.org\/test\/de\/sahasrara-de\/\" target=\"_blank\" rel=\"noopener\">Sahasrara Chakra<\/a>.<\/p>\n<p>Das <a href=\"https:\/\/shrimataji.org\/test\/de\/atma-de\/\" target=\"_blank\" rel=\"noopener\">Atma<\/a> spiegelt sich als ewiger Geist im Herzen wider.<\/p>\n\t\t\t\t<a href=\"https:\/\/shrimataji.org\/test\/wp-content\/uploads\/2023\/02\/01_Nadis-_-Chakras-01.png\" target=\"_blank\" rel=\"noopener\">\n\t\t\t\t<img loading=\"lazy\" decoding=\"async\" src=\"https:\/\/shrimataji.org\/test\/wp-content\/uploads\/2024\/05\/DE_Chakras-and-Nadis-1701x2048_de_4.png\" alt=\"DE_Chakras-and-Nadis-1701x2048_de_4\" height=\"2048\" width=\"1701\" title=\"DE_Chakras-and-Nadis-1701x2048_de_4\" \/>\n\t\t\t\t<\/a>\n\t<p>Wir verf\u00fcgen \u00fcber ein kompliziertes Netzwerk aus Nerven und Nervengeflechten, die unsere Sinnesorgane und motorischen Reaktionen steuern und kontrollieren. Jeder Mensch besitzt dar\u00fcber hinaus ein angeborenes feinstoffliches System, das das sympathische und parasympathische Nervensystem abbildet. Ein komplexes Zusammenspiel dieser beiden Systeme k\u00fcmmert sich um unser physisches, intellektuelles, emotionales und spirituelles Sein. Man k\u00f6nnte das feinstoffliche System mit der Software eines Computer vergleichen.<\/p>\n\t<p>Das Wissen um das subtile System des Menschen war bereits vor Tausenden von Jahren bekannt. Aus den indischen Schriften geht hervor, dass Lord Shiva als erster Adi Yogi (Ur-Yogi)\u00a0 dieses Wissen an die Saptha Rishis &#8211; die sieben Weisen &#8211; weitergab. Diese sieben Weisen wiederum trugen die Wissenschaft des Yoga in verschiedene Teile der Welt. In Indien jedoch fand das Yoga seinen vollst\u00e4ndigsten Ausdruck.<\/p>\n<p>Doch auch wenn das Wissen \u00fcber unser subtiles System in den indischen Yogatraditionen gut bekannt war, veranschaulichte Shri Mataji als Erste den komplexen Mechanismus in seiner Gesamtheit. Sie erkl\u00e4rte auch, wie das System bereits in den fr\u00fchen Stadien der F\u00f6tusentwicklung im Mutterleib mit dem K\u00f6rper zusammenwirkt.<\/p>\n<div class=\"su-quote su-quote-style-default\"><div class=\"su-quote-inner su-u-clearfix su-u-trim\">Wenn das Baby im Mutterleib zwei Monate alt ist, tritt diese Lebenskraft in die Seele ein. Sie wandert im Innern durch die Mitte des Gehirns und das R\u00fcckenmark bis hinunter zum dreieckigen Knochen, dem Kreuzbein. Auf ihrem Weg h\u00e4lt die Kundalinikraft gelegentlich inne und erschafft Chakren. Diese existieren im Inneren als Zentren und werden \u00e4u\u00dferlich in der Medizin als Plexus oder als parasympathisches Nervensystem bezeichnet. <\/div><\/div>\n<p>Anhand der einfachen Analogie des sich in einem Prisma brechenden Lichts erl\u00e4uterte Shri Mataji, wie sich das menschliche Gehirn \u00fcber Millionen Jahre von einer flachen zu einer prismatischen Struktur entwickelt hat. Diese Struktur erm\u00f6glichte eine komplexe Architektur feinstofflicher Energien, die wiederum im komplexen menschlichen Nervensystem reflektiert\u00a0 werden und sich damit vermischen.<\/p>\n<p>Ein selbst-verwirklichter Mensch kann oft die k\u00fchle Brise sp\u00fcren, die aus dem Bereich der Fontanelle von Neugeborenen austritt. Shri Mataji erkl\u00e4rte dieses Ph\u00e4nomen als Hinweis auf die Aktivit\u00e4t der allesdurchdringenden Energie der Liebe Gottes w\u00e4hrend der fr\u00fchen Stadien unseres Wachstums. Sie nannte diese Energie Paramchaitanya. Oft werden Babys dabei beobachtet, wie sie an einem bestimmten Finger saugen, was verwirklichte Seelen leicht als Hinweis auf Blockaden in einem bestimmten Chakra in uns entschl\u00fcsseln k\u00f6nnen. Durch die Verkalkung der Sch\u00e4delknochen und die Entwicklung des menschlichen Egos und der Konditionierungen zieht sich das subtile Bewusstsein sp\u00e4ter zur\u00fcck. Wir werden uns der grobstofflichen Welt um uns herum st\u00e4rker bewusst und identifizieren uns mit ihr.<\/p>\n<p>Durch den Prozess der Selbst-Verwirklichung und Meditation sind wir in der Lage, diese urspr\u00fcngliche Verbindung in unserem subtilen Wesen wiederherzustellen.<\/p>\n\t\n\n","protected":false},"excerpt":{"rendered":"<p>Das Wissen \u00fcber die Wurzeln &#8211; Subtiles System Die uralte Wissenschaft unseres inneren Wesens Um das Yoga zu meistern, muss man das Subtile System vollst\u00e4ndig kennen. Es hilft, uns bei der Erkundung der inneren Evolution unseres Bewusstseins zu orientieren. Die alten vedischen Schriften Indiens beschreiben Energiekan\u00e4le oder Nadis des feinstofflichen Systems. Wie ein Flussbett erleichtern&hellip; <br \/> <a class=\"read-more\" href=\"https:\/\/shrimataji.org\/test\/de\/wissen-wurzeln\/\">Read more<\/a><\/p>\n","protected":false},"author":10,"featured_media":9242,"parent":0,"menu_order":0,"comment_status":"closed","ping_status":"closed","template":"","meta":{"inline_featured_image":false,"footnotes":""},"class_list":["post-10660","page","type-page","status-publish","has-post-thumbnail","hentry"],"yoast_head":"<!-- This site is optimized with the Yoast SEO plugin v27.4 - https:\/\/yoast.com\/product\/yoast-seo-wordpress\/ -->\n<title>Das Wissen \u00fcber die Wurzeln \u2013 Subtiles System - TEST - SMND<\/title>\n<meta name=\"robots\" content=\"noindex, follow, max-snippet:-1, max-image-preview:large, max-video-preview:-1\" \/>\n<meta property=\"og:locale\" content=\"en_US\" \/>\n<meta property=\"og:type\" content=\"article\" \/>\n<meta property=\"og:title\" content=\"Das Wissen \u00fcber die Wurzeln \u2013 Subtiles System - TEST - SMND\" \/>\n<meta property=\"og:description\" content=\"Das Wissen \u00fcber die Wurzeln &#8211; Subtiles System Die uralte Wissenschaft unseres inneren Wesens Um das Yoga zu meistern, muss man das Subtile System vollst\u00e4ndig kennen. Es hilft, uns bei der Erkundung der inneren Evolution unseres Bewusstseins zu orientieren. Die alten vedischen Schriften Indiens beschreiben Energiekan\u00e4le oder Nadis des feinstofflichen Systems. Wie ein Flussbett erleichtern&hellip; Read more\" \/>\n<meta property=\"og:url\" content=\"https:\/\/shrimataji.org\/test\/de\/wissen-wurzeln\/\" \/>\n<meta property=\"og:site_name\" content=\"TEST - SMND\" \/>\n<meta property=\"article:publisher\" content=\"https:\/\/www.facebook.com\/shrimataji\" \/>\n<meta property=\"article:modified_time\" content=\"2024-05-03T07:49:47+00:00\" \/>\n<meta property=\"og:image\" content=\"https:\/\/shrimataji.org\/test\/wp-content\/uploads\/2023\/03\/7_Banner-SY-Roots-2-scaled.jpg\" \/>\n\t<meta property=\"og:image:width\" content=\"2560\" \/>\n\t<meta property=\"og:image:height\" content=\"905\" \/>\n\t<meta property=\"og:image:type\" content=\"image\/jpeg\" \/>\n<meta name=\"twitter:card\" content=\"summary_large_image\" \/>\n<meta name=\"twitter:site\" content=\"@shrimataji\" \/>\n<meta name=\"twitter:label1\" content=\"Est. reading time\" \/>\n\t<meta name=\"twitter:data1\" content=\"3 minutes\" \/>\n<script type=\"application\/ld+json\" class=\"yoast-schema-graph\">{\"@context\":\"https:\\\/\\\/schema.org\",\"@graph\":[{\"@type\":\"WebPage\",\"@id\":\"https:\\\/\\\/shrimataji.org\\\/test\\\/de\\\/wissen-wurzeln\\\/\",\"url\":\"https:\\\/\\\/shrimataji.org\\\/test\\\/de\\\/wissen-wurzeln\\\/\",\"name\":\"Das Wissen \u00fcber die Wurzeln \u2013 Subtiles System - TEST - SMND\",\"isPartOf\":{\"@id\":\"https:\\\/\\\/shrimataji.org\\\/test\\\/#website\"},\"primaryImageOfPage\":{\"@id\":\"https:\\\/\\\/shrimataji.org\\\/test\\\/de\\\/wissen-wurzeln\\\/#primaryimage\"},\"image\":{\"@id\":\"https:\\\/\\\/shrimataji.org\\\/test\\\/de\\\/wissen-wurzeln\\\/#primaryimage\"},\"thumbnailUrl\":\"https:\\\/\\\/shrimataji.org\\\/test\\\/wp-content\\\/uploads\\\/2023\\\/03\\\/7_Banner-SY-Roots-2-scaled.jpg\",\"datePublished\":\"2022-01-29T10:02:47+00:00\",\"dateModified\":\"2024-05-03T07:49:47+00:00\",\"breadcrumb\":{\"@id\":\"https:\\\/\\\/shrimataji.org\\\/test\\\/de\\\/wissen-wurzeln\\\/#breadcrumb\"},\"inLanguage\":\"en-US\",\"potentialAction\":[{\"@type\":\"ReadAction\",\"target\":[\"https:\\\/\\\/shrimataji.org\\\/test\\\/de\\\/wissen-wurzeln\\\/\"]}]},{\"@type\":\"ImageObject\",\"inLanguage\":\"en-US\",\"@id\":\"https:\\\/\\\/shrimataji.org\\\/test\\\/de\\\/wissen-wurzeln\\\/#primaryimage\",\"url\":\"https:\\\/\\\/shrimataji.org\\\/test\\\/wp-content\\\/uploads\\\/2023\\\/03\\\/7_Banner-SY-Roots-2-scaled.jpg\",\"contentUrl\":\"https:\\\/\\\/shrimataji.org\\\/test\\\/wp-content\\\/uploads\\\/2023\\\/03\\\/7_Banner-SY-Roots-2-scaled.jpg\",\"width\":2560,\"height\":905},{\"@type\":\"BreadcrumbList\",\"@id\":\"https:\\\/\\\/shrimataji.org\\\/test\\\/de\\\/wissen-wurzeln\\\/#breadcrumb\",\"itemListElement\":[{\"@type\":\"ListItem\",\"position\":1,\"name\":\"Home\",\"item\":\"https:\\\/\\\/shrimataji.org\\\/test\\\/uk\\\/home-en\\\/\"},{\"@type\":\"ListItem\",\"position\":2,\"name\":\"Das Wissen \u00fcber die Wurzeln \u2013 Subtiles System\"}]},{\"@type\":\"WebSite\",\"@id\":\"https:\\\/\\\/shrimataji.org\\\/test\\\/#website\",\"url\":\"https:\\\/\\\/shrimataji.org\\\/test\\\/\",\"name\":\"Shri Mataji Nirmala Devi\",\"description\":\"A Life Dedicated to Humanity\",\"publisher\":{\"@id\":\"https:\\\/\\\/shrimataji.org\\\/test\\\/#\\\/schema\\\/person\\\/a1b3419c6585f164aa96da1ff85715d1\"},\"potentialAction\":[{\"@type\":\"SearchAction\",\"target\":{\"@type\":\"EntryPoint\",\"urlTemplate\":\"https:\\\/\\\/shrimataji.org\\\/test\\\/?s={search_term_string}\"},\"query-input\":{\"@type\":\"PropertyValueSpecification\",\"valueRequired\":true,\"valueName\":\"search_term_string\"}}],\"inLanguage\":\"en-US\"},{\"@type\":[\"Person\",\"Organization\"],\"@id\":\"https:\\\/\\\/shrimataji.org\\\/test\\\/#\\\/schema\\\/person\\\/a1b3419c6585f164aa96da1ff85715d1\",\"name\":\"Nirmala Shrivastava\",\"image\":{\"@type\":\"ImageObject\",\"inLanguage\":\"en-US\",\"@id\":\"https:\\\/\\\/shrimataji.org\\\/test\\\/wp-content\\\/uploads\\\/2023\\\/02\\\/SMO_LOGO-03.svg\",\"url\":\"https:\\\/\\\/shrimataji.org\\\/test\\\/wp-content\\\/uploads\\\/2023\\\/02\\\/SMO_LOGO-03.svg\",\"contentUrl\":\"https:\\\/\\\/shrimataji.org\\\/test\\\/wp-content\\\/uploads\\\/2023\\\/02\\\/SMO_LOGO-03.svg\",\"width\":\"1024\",\"height\":\"1024\",\"caption\":\"Nirmala Shrivastava\"},\"logo\":{\"@id\":\"https:\\\/\\\/shrimataji.org\\\/test\\\/wp-content\\\/uploads\\\/2023\\\/02\\\/SMO_LOGO-03.svg\"},\"sameAs\":[\"https:\\\/\\\/shrimataji.org\\\/test\",\"https:\\\/\\\/www.facebook.com\\\/shrimataji\",\"https:\\\/\\\/x.com\\\/shrimataji\",\"https:\\\/\\\/www.youtube.com\\\/@Shri_Mataji_Nirmala_Devi\\\/featured\"]}]}<\/script>\n<!-- \/ Yoast SEO plugin. -->","yoast_head_json":{"title":"Das Wissen \u00fcber die Wurzeln \u2013 Subtiles System - TEST - SMND","robots":{"index":"noindex","follow":"follow","max-snippet":"max-snippet:-1","max-image-preview":"max-image-preview:large","max-video-preview":"max-video-preview:-1"},"og_locale":"en_US","og_type":"article","og_title":"Das Wissen \u00fcber die Wurzeln \u2013 Subtiles System - TEST - SMND","og_description":"Das Wissen \u00fcber die Wurzeln &#8211; Subtiles System Die uralte Wissenschaft unseres inneren Wesens Um das Yoga zu meistern, muss man das Subtile System vollst\u00e4ndig kennen. Es hilft, uns bei der Erkundung der inneren Evolution unseres Bewusstseins zu orientieren. Die alten vedischen Schriften Indiens beschreiben Energiekan\u00e4le oder Nadis des feinstofflichen Systems. Wie ein Flussbett erleichtern&hellip; Read more","og_url":"https:\/\/shrimataji.org\/test\/de\/wissen-wurzeln\/","og_site_name":"TEST - SMND","article_publisher":"https:\/\/www.facebook.com\/shrimataji","article_modified_time":"2024-05-03T07:49:47+00:00","og_image":[{"width":2560,"height":905,"url":"https:\/\/shrimataji.org\/test\/wp-content\/uploads\/2023\/03\/7_Banner-SY-Roots-2-scaled.jpg","type":"image\/jpeg"}],"twitter_card":"summary_large_image","twitter_site":"@shrimataji","twitter_misc":{"Est. reading time":"3 minutes"},"schema":{"@context":"https:\/\/schema.org","@graph":[{"@type":"WebPage","@id":"https:\/\/shrimataji.org\/test\/de\/wissen-wurzeln\/","url":"https:\/\/shrimataji.org\/test\/de\/wissen-wurzeln\/","name":"Das Wissen \u00fcber die Wurzeln \u2013 Subtiles System - TEST - SMND","isPartOf":{"@id":"https:\/\/shrimataji.org\/test\/#website"},"primaryImageOfPage":{"@id":"https:\/\/shrimataji.org\/test\/de\/wissen-wurzeln\/#primaryimage"},"image":{"@id":"https:\/\/shrimataji.org\/test\/de\/wissen-wurzeln\/#primaryimage"},"thumbnailUrl":"https:\/\/shrimataji.org\/test\/wp-content\/uploads\/2023\/03\/7_Banner-SY-Roots-2-scaled.jpg","datePublished":"2022-01-29T10:02:47+00:00","dateModified":"2024-05-03T07:49:47+00:00","breadcrumb":{"@id":"https:\/\/shrimataji.org\/test\/de\/wissen-wurzeln\/#breadcrumb"},"inLanguage":"en-US","potentialAction":[{"@type":"ReadAction","target":["https:\/\/shrimataji.org\/test\/de\/wissen-wurzeln\/"]}]},{"@type":"ImageObject","inLanguage":"en-US","@id":"https:\/\/shrimataji.org\/test\/de\/wissen-wurzeln\/#primaryimage","url":"https:\/\/shrimataji.org\/test\/wp-content\/uploads\/2023\/03\/7_Banner-SY-Roots-2-scaled.jpg","contentUrl":"https:\/\/shrimataji.org\/test\/wp-content\/uploads\/2023\/03\/7_Banner-SY-Roots-2-scaled.jpg","width":2560,"height":905},{"@type":"BreadcrumbList","@id":"https:\/\/shrimataji.org\/test\/de\/wissen-wurzeln\/#breadcrumb","itemListElement":[{"@type":"ListItem","position":1,"name":"Home","item":"https:\/\/shrimataji.org\/test\/uk\/home-en\/"},{"@type":"ListItem","position":2,"name":"Das Wissen \u00fcber die Wurzeln \u2013 Subtiles System"}]},{"@type":"WebSite","@id":"https:\/\/shrimataji.org\/test\/#website","url":"https:\/\/shrimataji.org\/test\/","name":"Shri Mataji Nirmala Devi","description":"A Life Dedicated to Humanity","publisher":{"@id":"https:\/\/shrimataji.org\/test\/#\/schema\/person\/a1b3419c6585f164aa96da1ff85715d1"},"potentialAction":[{"@type":"SearchAction","target":{"@type":"EntryPoint","urlTemplate":"https:\/\/shrimataji.org\/test\/?s={search_term_string}"},"query-input":{"@type":"PropertyValueSpecification","valueRequired":true,"valueName":"search_term_string"}}],"inLanguage":"en-US"},{"@type":["Person","Organization"],"@id":"https:\/\/shrimataji.org\/test\/#\/schema\/person\/a1b3419c6585f164aa96da1ff85715d1","name":"Nirmala Shrivastava","image":{"@type":"ImageObject","inLanguage":"en-US","@id":"https:\/\/shrimataji.org\/test\/wp-content\/uploads\/2023\/02\/SMO_LOGO-03.svg","url":"https:\/\/shrimataji.org\/test\/wp-content\/uploads\/2023\/02\/SMO_LOGO-03.svg","contentUrl":"https:\/\/shrimataji.org\/test\/wp-content\/uploads\/2023\/02\/SMO_LOGO-03.svg","width":"1024","height":"1024","caption":"Nirmala Shrivastava"},"logo":{"@id":"https:\/\/shrimataji.org\/test\/wp-content\/uploads\/2023\/02\/SMO_LOGO-03.svg"},"sameAs":["https:\/\/shrimataji.org\/test","https:\/\/www.facebook.com\/shrimataji","https:\/\/x.com\/shrimataji","https:\/\/www.youtube.com\/@Shri_Mataji_Nirmala_Devi\/featured"]}]}},"lang":"de","translations":{"de":10660,"ur":37451,"en":6394,"am":18023,"th":19978,"hu":19503,"sq":18424,"zh":17321,"hi":8288,"tr":10174,"pt":10386,"fr":10758,"it":10856,"es":10953,"ja":11250,"ru":11438,"bn":11630,"te":11738,"sw":11861,"he":12009,"el":12301,"sk":12399,"fa":12497,"fi":12595,"bg":13395,"ro":14469,"cs":14662,"nl":16584,"ku":16744,"ar":16920,"be":18631,"kn":18905,"mr":20342,"uk":20634,"ml":20929,"ta":22742,"sv":23014,"gu":28856,"pa":29016,"fil":29460,"da":37764,"pl":37976,"nn":38316},"pll_sync_post":[],"_links":{"self":[{"href":"https:\/\/shrimataji.org\/test\/wp-json\/wp\/v2\/pages\/10660","targetHints":{"allow":["GET"]}}],"collection":[{"href":"https:\/\/shrimataji.org\/test\/wp-json\/wp\/v2\/pages"}],"about":[{"href":"https:\/\/shrimataji.org\/test\/wp-json\/wp\/v2\/types\/page"}],"author":[{"embeddable":true,"href":"https:\/\/shrimataji.org\/test\/wp-json\/wp\/v2\/users\/10"}],"replies":[{"embeddable":true,"href":"https:\/\/shrimataji.org\/test\/wp-json\/wp\/v2\/comments?post=10660"}],"version-history":[{"count":0,"href":"https:\/\/shrimataji.org\/test\/wp-json\/wp\/v2\/pages\/10660\/revisions"}],"wp:featuredmedia":[{"embeddable":true,"href":"https:\/\/shrimataji.org\/test\/wp-json\/wp\/v2\/media\/9242"}],"wp:attachment":[{"href":"https:\/\/shrimataji.org\/test\/wp-json\/wp\/v2\/media?parent=10660"}],"curies":[{"name":"wp","href":"https:\/\/api.w.org\/{rel}","templated":true}]}}