{"id":10661,"date":"2022-01-29T10:17:23","date_gmt":"2022-01-29T10:17:23","guid":{"rendered":"https:\/\/test.shrimataji.org\/?page_id=6401"},"modified":"2024-06-11T09:24:16","modified_gmt":"2024-06-11T09:24:16","slug":"kundalini_de","status":"publish","type":"page","link":"https:\/\/shrimataji.org\/test\/de\/kundalini_de\/","title":{"rendered":"Kundalini DE"},"content":{"rendered":"\n\n\t<h1>Kundalini<\/h1>\n<h2>Evolution\u00e4re Kraft der Liebe<\/h2>\n\t<div class=\"su-quote su-quote-style-default\"><div class=\"su-quote-inner su-u-clearfix su-u-trim\">Ich sah die Ur-Kundalini wie in einem gro\u00dfen Schmelzofen nach oben steigen. Dieser Ofen war sehr still, aber sah aus, als ob er brennen und ein vielfarbiges Metall erhitzen w\u00fcrde. Die Kundalini erschien wie ein riesiger tunnelartiger Ofen in den Kohleverbrennungsanlagen zur Erzeugung von Strom. Wie ein Teleskop schob sie sich auseinander und ein Segment nach dem anderen schoss heraus.<\/div><\/div>\n\t<h4>Shri Matajis angeborenes spirituelles Wissen sowie die Erfahrung der Erweckung der Kundalini inklusive ihres komplizierten Wirkens in unserem subtilen System wurden zur Grundlage von Sahaja Yoga. Als absolute Meisterin und Autorit\u00e4t auf diesem Gebiet verbreitete sie es weltweit. Detailliert beschreibt sie, wie die Kundalini in einem sehr fr\u00fchen Stadium in den F\u00f6tus eintritt. Sie schildert ihre g\u00f6ttliche Natur und die Gr\u00fcnde, warum diese m\u00e4chtige, g\u00f6ttliche Kraft der Liebe unsere Freiheit respektiert und sich nicht in unseren freien Willen einmischt.<\/h4>\n<p>Nur unser reiner Wunsch, die absolute Wahrheit zu erfahren, l\u00f6st das Erwachen dieser spirituellen Kraft in unserem Bewusstsein aus und f\u00fchrt zu unserer Selbst-Verwirklichung.<\/p>\n\t<p>In jedem Menschen existiert diese subtile und archetypische Form spiritueller Energie. Sie befindet sich im Kreuzbein, dem gro\u00dfen dreieckigen Knochen an der Basis der Wirbels\u00e4ule. Diese weibliche Energie ist im Sanskrit als <em>Kundalini<\/em> bekannt, was soviel wie &#8220;aufgerollt&#8221; bedeutet &#8211; denn sie ist im ruhenden Zustand in dreieinhalb Windungen zusammengerollt. Wird die Kundalini erweckt, steigt sie durch die Wirbels\u00e4ule nach oben und durchdingt unsere Energiezentren &#8211; die <a href=\"https:\/\/shrimataji.org\/test\/de\/chakren-und-qualitaeten\/\" target=\"_blank\" rel=\"noopener\">Chakren<\/a>. Am Scheitel tritt sie im Bereich der Fontanelle aus, dem Teil des Kopfes, der bei S\u00e4uglingen noch weich ist. Dabei erleben wir sie als sanfte k\u00fchle und wie aus einem Springbrunnen str\u00f6mende Brise. Interessanterweise leitet sich der Begriff &#8220;Fontanelle&#8221; von dem altfranz\u00f6sischen Wort <em>fontanelle<\/em>\u00a0ab, das &#8220;kleiner Brunnen&#8221; bedeutet.<\/p>\n<p>Die Kundalini ist das Spiegelbild der ewigen Kraft der Liebe Gottes, der Quelle der gesamten Sch\u00f6pfung. Sie ist die universelle Kraft, die denkt, versteht, koordiniert, zusammenarbeitet und alles in einem harmonischen Muster entwickelt &#8211; von den kleinsten atomaren Teilchen \u00fcber einzellige bis hin zu komplexen und hochentwickelten Lebensformen.<\/p>\n\t\t\t\t<a href=\"https:\/\/shrimataji.org\/test\/wp-content\/uploads\/2023\/02\/1a-Kundalini-01.png\" target=\"_blank\" rel=\"noopener\">\n\t\t\t\t<img loading=\"lazy\" decoding=\"async\" src=\"https:\/\/shrimataji.org\/test\/wp-content\/uploads\/2024\/04\/DE_1a-Kundalini.png\" alt=\"DE_1a-Kundalini\" height=\"1644\" width=\"1543\" title=\"DE_1a-Kundalini\" \/>\n\t\t\t\t<\/a>\n\t\t\t\t<img loading=\"lazy\" decoding=\"async\" src=\"https:\/\/shrimataji.org\/test\/wp-content\/uploads\/2023\/02\/Sacrum-1-scaled.jpg\" alt=\"Sacrum\" height=\"2225\" width=\"2560\" title=\"Sacrum\" \/>\n\t<p>Obwohl das Wissen \u00fcber die Kundalini in bestimmten Yogatraditionen wie den Natha Panthis geheim gehalten wird, verwies Shri Mataji auf zahlreiche Hinweise in vielen alten Kulturen und Traditionen. Dazu geh\u00f6rt etwa die Bezeichnung des dreieckigen Knochens am Ende der Wirbels\u00e4ule, in dem Kundalini residiert. Er wird im Lateinischen <em>Os sacrum<\/em> genannt, was so viel wie &#8220;Heiliger Knochen&#8221; bedeutet und vom Griechischen <em>Hieron osteon<\/em> abgeleitet wurde. Auch die alt\u00e4gyptische Kultur betrachtete diesen Knochen als dem Osiris gewidmet oder heilig &#8211; dem Gott der Auferstehung und des Ackerbaus. In der <em>Bibel<\/em> findet sich ein Hinweis auf diesen heiligen Knochen in Psalm 34:21: &#8220;Er bewahrt ihm alle seine Gebeine, da\u00df deren nicht eins zerbrochen wird. &#8221; Auch der Hermes- oder \u00c4skulapstab zeigt zwei Schlangen, die sich siebenmal um eine Stange emporwinden. Im mittelalterlichen Europa wurde er zum Symbol der Alchemie und Pharmazie. Viele antike Kunstwerke stellen die dreieinhalbfache Spiralform der Kundalini dar. All dies deutet darauf hin, dass sich die Menschen im Laufe der Geschichte unbewusst von dieser subtilen Kraft leiten lie\u00dfen.<\/p>\n\t<div class=\"epyt-video-wrapper\"><div  data-ep-a=\"fadeIn\"  style=\"display: block; margin: 0px auto;\"  id=\"_ytid_89539\"  width=\"3840\" height=\"2160\"  data-origwidth=\"3840\" data-origheight=\"2160\" data-facadesrc=\"https:\/\/www.youtube.com\/embed\/d9vKBI_X_QY?enablejsapi=1&autoplay=0&cc_load_policy=0&cc_lang_pref=&iv_load_policy=1&loop=0&rel=0&fs=1&playsinline=1&autohide=2&theme=dark&color=red&controls=1&disablekb=0&\" class=\"__youtube_prefs__ epyt-facade  no-lazyload\" data-epautoplay=\"1\" ><img decoding=\"async\" data-spai-excluded=\"true\" class=\"epyt-facade-poster skip-lazy\" loading=\"lazy\"  alt=\"YouTube player\"  src=\"https:\/\/i.ytimg.com\/vi\/d9vKBI_X_QY\/maxresdefault.jpg\"  \/><button class=\"epyt-facade-play\" aria-label=\"Play\"><svg data-no-lazy=\"1\" height=\"100%\" version=\"1.1\" viewBox=\"0 0 68 48\" width=\"100%\"><path class=\"ytp-large-play-button-bg\" d=\"M66.52,7.74c-0.78-2.93-2.49-5.41-5.42-6.19C55.79,.13,34,0,34,0S12.21,.13,6.9,1.55 C3.97,2.33,2.27,4.81,1.48,7.74C0.06,13.05,0,24,0,24s0.06,10.95,1.48,16.26c0.78,2.93,2.49,5.41,5.42,6.19 C12.21,47.87,34,48,34,48s21.79-0.13,27.1-1.55c2.93-0.78,4.64-3.26,5.42-6.19C67.94,34.95,68,24,68,24S67.94,13.05,66.52,7.74z\" fill=\"#f00\"><\/path><path d=\"M 45,24 27,14 27,34\" fill=\"#fff\"><\/path><\/svg><\/button><\/div><\/div><span itemprop=\"video\" itemscope itemtype=\"http:\/\/schema.org\/VideoObject\"><meta itemprop=\"embedUrl\" content=\"https:\/\/www.youtube.com\/embed\/d9vKBI_X_QY\"><meta itemprop=\"name\" content=\"Kundalini, the pure desire\"><meta itemprop=\"description\" content=\"YouTube video\"><meta itemprop=\"thumbnailUrl\" content=\"https:\/\/i.ytimg.com\/vi\/d9vKBI_X_QY\/0.jpg\"><meta itemprop=\"duration\" content=\"PT3M57S\"><meta itemprop=\"uploadDate\" content=\"2022-11-12T03:31:46Z\"><\/span>\n\t<p>Shri Mataji korrigierte viele falsche Vorstellungen \u00fcber die angebliche Gef\u00e4hrlichkeit oder Sch\u00e4dlichkeit der Erweckung der Kundalini. Sie verglich diese Kraft mit unserer angeborenen spirituellen Mutter, die die Reise unseres Lebens \u00fcber viele Geburten hinweg begleitet und geduldig wartet, bis wir unseren Wunsch nach Selbst-Verwirklichung sp\u00fcren. Bei keiner Spezies dieser Erde schadet eine Mutter ihrem eigenen Kind. Vielmehr besch\u00fctzt, n\u00e4hrt und unterst\u00fctzt sie es, damit es sein volles evolution\u00e4res Potenzial erreichen kann.<\/p>\n<h5>&#8220;Formlos und doch vollst\u00e4ndig existiert sie noch vor dem Himmel und der Erde &#8211; stumm und grenzenlos, allein und unver\u00e4nderlich, allesdurchdringend und doch unerm\u00fcdlich. Sie ist die Mutter aller Dinge unter dem Himmel. Ich kenne ihren Namen nicht und nenne sie deshalb Tao.&#8221;<\/h5>\n<h5>Lao Tzu &#8211; Tao Te King<\/h5>\n<p>Diese mystische Erfahrung der Kundalini wurde von vielen indischen Heiligen wie <a href=\"https:\/\/de.wikipedia.org\/wiki\/Shankara\" target=\"_blank\" rel=\"noopener\">Adi Shankaracharya<\/a> (700 n. Chr.), <a href=\"https:\/\/de.wikipedia.org\/wiki\/Kabir\" target=\"_blank\" rel=\"noopener\">Kabir<\/a> (1.400 n. Chr.) und <a href=\"https:\/\/de.wikipedia.org\/wiki\/Dnyaneshwar\" target=\"_blank\" rel=\"noopener\">Dnyaneshwar<\/a> (1.200 n. Chr.) beschrieben.<\/p>\n<p>Im Allgemeinen ruht die Kundalini-Energie. Das Ziel der Selbst-Verwirklichung ist es, sie zu erwecken, damit sich ihre Qualit\u00e4ten manifestieren. Sie kann durch die Kraft unseres reinen Wunsches erweckt werden &#8211; dem Wunsch, unser wahres Selbst, also unseren Geist, zu erkennen. Unser wahres Selbst ist oft durch Gedanken und Emotionen vor uns verborgen. Doch wenn die Kundalini sich erhebt, bringt sie uns spontan in einen Zustand der Meditation. Dieser erlaubt es dem reinen Geist, sich in unserer beruhigten Aufmerksamkeit zu manifestieren. So k\u00f6nnen wir uns von Gedanken und Emotionen l\u00f6sen, um die reine Freude und den Frieden zu erfahren, der ewig in uns allen existiert.<\/p>\n<h5>&#8220;Ich habe mich vom Materialismus abgewandt &#8230;, den Himmel des Geistes betreten und das zehnte Tor ge\u00f6ffnet. Die Chakren der gewundenen Kundalini-Energie haben sich ge\u00f6ffnet, und ich bin meinem souver\u00e4nen K\u00f6nig ohne Angst begegnet.<\/h5>\n<h5>Kabir<\/h5>\n<p>Die Wirkungen der Kundalini sind im feinstofflichen System sp\u00fcrbar, das sich auf der physischen Ebene als zentrales Nervensystem darstellt. Wenn sie aufsteigt, durchdringt sie die Chakren, die den Hauptnervengeflechten entlang unserer Wirbels\u00e4ule entsprechen. Shri Mataji erkl\u00e4rte, dass man sich unsere Kundalini wie ein Seil mit Millionen von Str\u00e4ngen vorstellen kann. Wenn wir erstmalig unsere Selbst-Verwirklichung erhalten, finden nur ein oder zwei Str\u00e4nge ihren Weg durch die Chakren, um das Sahasrara am Scheitel des Kopfes zu erreichen. Mit t\u00e4glicher Meditation steigen mehr und mehr F\u00e4den auf und verst\u00e4rken unsere Verbindung. Sie vertieft sich und wird immer gl\u00fcckseliger.<\/p>\n<div class=\"su-quote su-quote-style-default\"><div class=\"su-quote-inner su-u-clearfix su-u-trim\">Wie entfernt man nun die Gedanken aus dem Geist? &#8230; Wenn sich die Kundalini erhebt, werden die Gedankenwellen abgeflacht &#8230; und es entsteht eine L\u00fccke zwischen ihnen. Diese L\u00fccke ist der Ort unseres Friedens. Erreicht man ihn, kann auch der Weltfrieden erreicht werden. Mit Plakaten und Geschrei schafft man keinen Frieden. Er muss aus den Herzen kommen und kann nur entstehen, wenn ihr den reinen Geist im Kern des Menschen etabliert. Dort manifestiert das Atma die Gl\u00fcckseligkeit des Friedens. Beginnt man diese Gl\u00fcckseligkeit zu genie\u00dfen, will man keine Kriege mehr und denkt nicht mehr daran. Das ist der Zustand, zu dem sich die Menschen jetzt erheben und begeben m\u00fcssen.<\/div><\/div>\n\n","protected":false},"excerpt":{"rendered":"<p>Kundalini Evolution\u00e4re Kraft der Liebe Shri Matajis angeborenes spirituelles Wissen sowie die Erfahrung der Erweckung der Kundalini inklusive ihres komplizierten Wirkens in unserem subtilen System wurden zur Grundlage von Sahaja Yoga. Als absolute Meisterin und Autorit\u00e4t auf diesem Gebiet verbreitete sie es weltweit. Detailliert beschreibt sie, wie die Kundalini in einem sehr fr\u00fchen Stadium in&hellip; <br \/> <a class=\"read-more\" href=\"https:\/\/shrimataji.org\/test\/de\/kundalini_de\/\">Read more<\/a><\/p>\n","protected":false},"author":10,"featured_media":9244,"parent":0,"menu_order":0,"comment_status":"closed","ping_status":"closed","template":"","meta":{"inline_featured_image":false,"footnotes":""},"class_list":["post-10661","page","type-page","status-publish","has-post-thumbnail","hentry"],"yoast_head":"<!-- This site is optimized with the Yoast SEO plugin v27.4 - https:\/\/yoast.com\/product\/yoast-seo-wordpress\/ -->\n<title>Kundalini DE - TEST - SMND<\/title>\n<meta name=\"robots\" content=\"noindex, follow, max-snippet:-1, max-image-preview:large, max-video-preview:-1\" \/>\n<meta property=\"og:locale\" content=\"en_US\" \/>\n<meta property=\"og:type\" content=\"article\" \/>\n<meta property=\"og:title\" content=\"Kundalini DE - TEST - SMND\" \/>\n<meta property=\"og:description\" content=\"Kundalini Evolution\u00e4re Kraft der Liebe Shri Matajis angeborenes spirituelles Wissen sowie die Erfahrung der Erweckung der Kundalini inklusive ihres komplizierten Wirkens in unserem subtilen System wurden zur Grundlage von Sahaja Yoga. Als absolute Meisterin und Autorit\u00e4t auf diesem Gebiet verbreitete sie es weltweit. Detailliert beschreibt sie, wie die Kundalini in einem sehr fr\u00fchen Stadium in&hellip; Read more\" \/>\n<meta property=\"og:url\" content=\"https:\/\/shrimataji.org\/test\/de\/kundalini_de\/\" \/>\n<meta property=\"og:site_name\" content=\"TEST - SMND\" \/>\n<meta property=\"article:publisher\" content=\"https:\/\/www.facebook.com\/shrimataji\" \/>\n<meta property=\"article:modified_time\" content=\"2024-06-11T09:24:16+00:00\" \/>\n<meta property=\"og:image\" content=\"https:\/\/shrimataji.org\/test\/wp-content\/uploads\/2023\/03\/9_Banner-SY-Kundalini-scaled.jpg\" \/>\n\t<meta property=\"og:image:width\" content=\"2560\" \/>\n\t<meta property=\"og:image:height\" content=\"905\" \/>\n\t<meta property=\"og:image:type\" content=\"image\/jpeg\" \/>\n<meta name=\"twitter:card\" content=\"summary_large_image\" \/>\n<meta name=\"twitter:site\" content=\"@shrimataji\" \/>\n<meta name=\"twitter:label1\" content=\"Est. reading time\" \/>\n\t<meta name=\"twitter:data1\" content=\"6 minutes\" \/>\n<script type=\"application\/ld+json\" class=\"yoast-schema-graph\">{\"@context\":\"https:\\\/\\\/schema.org\",\"@graph\":[{\"@type\":\"WebPage\",\"@id\":\"https:\\\/\\\/shrimataji.org\\\/test\\\/de\\\/kundalini_de\\\/\",\"url\":\"https:\\\/\\\/shrimataji.org\\\/test\\\/de\\\/kundalini_de\\\/\",\"name\":\"Kundalini DE - TEST - SMND\",\"isPartOf\":{\"@id\":\"https:\\\/\\\/shrimataji.org\\\/test\\\/#website\"},\"primaryImageOfPage\":{\"@id\":\"https:\\\/\\\/shrimataji.org\\\/test\\\/de\\\/kundalini_de\\\/#primaryimage\"},\"image\":{\"@id\":\"https:\\\/\\\/shrimataji.org\\\/test\\\/de\\\/kundalini_de\\\/#primaryimage\"},\"thumbnailUrl\":\"https:\\\/\\\/shrimataji.org\\\/test\\\/wp-content\\\/uploads\\\/2023\\\/03\\\/9_Banner-SY-Kundalini-scaled.jpg\",\"datePublished\":\"2022-01-29T10:17:23+00:00\",\"dateModified\":\"2024-06-11T09:24:16+00:00\",\"breadcrumb\":{\"@id\":\"https:\\\/\\\/shrimataji.org\\\/test\\\/de\\\/kundalini_de\\\/#breadcrumb\"},\"inLanguage\":\"en-US\",\"potentialAction\":[{\"@type\":\"ReadAction\",\"target\":[\"https:\\\/\\\/shrimataji.org\\\/test\\\/de\\\/kundalini_de\\\/\"]}]},{\"@type\":\"ImageObject\",\"inLanguage\":\"en-US\",\"@id\":\"https:\\\/\\\/shrimataji.org\\\/test\\\/de\\\/kundalini_de\\\/#primaryimage\",\"url\":\"https:\\\/\\\/shrimataji.org\\\/test\\\/wp-content\\\/uploads\\\/2023\\\/03\\\/9_Banner-SY-Kundalini-scaled.jpg\",\"contentUrl\":\"https:\\\/\\\/shrimataji.org\\\/test\\\/wp-content\\\/uploads\\\/2023\\\/03\\\/9_Banner-SY-Kundalini-scaled.jpg\",\"width\":2560,\"height\":905},{\"@type\":\"BreadcrumbList\",\"@id\":\"https:\\\/\\\/shrimataji.org\\\/test\\\/de\\\/kundalini_de\\\/#breadcrumb\",\"itemListElement\":[{\"@type\":\"ListItem\",\"position\":1,\"name\":\"Home\",\"item\":\"https:\\\/\\\/shrimataji.org\\\/test\\\/uk\\\/home-en\\\/\"},{\"@type\":\"ListItem\",\"position\":2,\"name\":\"Kundalini DE\"}]},{\"@type\":\"WebSite\",\"@id\":\"https:\\\/\\\/shrimataji.org\\\/test\\\/#website\",\"url\":\"https:\\\/\\\/shrimataji.org\\\/test\\\/\",\"name\":\"Shri Mataji Nirmala Devi\",\"description\":\"A Life Dedicated to Humanity\",\"publisher\":{\"@id\":\"https:\\\/\\\/shrimataji.org\\\/test\\\/#\\\/schema\\\/person\\\/a1b3419c6585f164aa96da1ff85715d1\"},\"potentialAction\":[{\"@type\":\"SearchAction\",\"target\":{\"@type\":\"EntryPoint\",\"urlTemplate\":\"https:\\\/\\\/shrimataji.org\\\/test\\\/?s={search_term_string}\"},\"query-input\":{\"@type\":\"PropertyValueSpecification\",\"valueRequired\":true,\"valueName\":\"search_term_string\"}}],\"inLanguage\":\"en-US\"},{\"@type\":[\"Person\",\"Organization\"],\"@id\":\"https:\\\/\\\/shrimataji.org\\\/test\\\/#\\\/schema\\\/person\\\/a1b3419c6585f164aa96da1ff85715d1\",\"name\":\"Nirmala Shrivastava\",\"image\":{\"@type\":\"ImageObject\",\"inLanguage\":\"en-US\",\"@id\":\"https:\\\/\\\/shrimataji.org\\\/test\\\/wp-content\\\/uploads\\\/2023\\\/02\\\/SMO_LOGO-03.svg\",\"url\":\"https:\\\/\\\/shrimataji.org\\\/test\\\/wp-content\\\/uploads\\\/2023\\\/02\\\/SMO_LOGO-03.svg\",\"contentUrl\":\"https:\\\/\\\/shrimataji.org\\\/test\\\/wp-content\\\/uploads\\\/2023\\\/02\\\/SMO_LOGO-03.svg\",\"width\":\"1024\",\"height\":\"1024\",\"caption\":\"Nirmala Shrivastava\"},\"logo\":{\"@id\":\"https:\\\/\\\/shrimataji.org\\\/test\\\/wp-content\\\/uploads\\\/2023\\\/02\\\/SMO_LOGO-03.svg\"},\"sameAs\":[\"https:\\\/\\\/shrimataji.org\\\/test\",\"https:\\\/\\\/www.facebook.com\\\/shrimataji\",\"https:\\\/\\\/x.com\\\/shrimataji\",\"https:\\\/\\\/www.youtube.com\\\/@Shri_Mataji_Nirmala_Devi\\\/featured\"]}]}<\/script>\n<!-- \/ Yoast SEO plugin. -->","yoast_head_json":{"title":"Kundalini DE - TEST - SMND","robots":{"index":"noindex","follow":"follow","max-snippet":"max-snippet:-1","max-image-preview":"max-image-preview:large","max-video-preview":"max-video-preview:-1"},"og_locale":"en_US","og_type":"article","og_title":"Kundalini DE - TEST - SMND","og_description":"Kundalini Evolution\u00e4re Kraft der Liebe Shri Matajis angeborenes spirituelles Wissen sowie die Erfahrung der Erweckung der Kundalini inklusive ihres komplizierten Wirkens in unserem subtilen System wurden zur Grundlage von Sahaja Yoga. Als absolute Meisterin und Autorit\u00e4t auf diesem Gebiet verbreitete sie es weltweit. Detailliert beschreibt sie, wie die Kundalini in einem sehr fr\u00fchen Stadium in&hellip; Read more","og_url":"https:\/\/shrimataji.org\/test\/de\/kundalini_de\/","og_site_name":"TEST - SMND","article_publisher":"https:\/\/www.facebook.com\/shrimataji","article_modified_time":"2024-06-11T09:24:16+00:00","og_image":[{"width":2560,"height":905,"url":"https:\/\/shrimataji.org\/test\/wp-content\/uploads\/2023\/03\/9_Banner-SY-Kundalini-scaled.jpg","type":"image\/jpeg"}],"twitter_card":"summary_large_image","twitter_site":"@shrimataji","twitter_misc":{"Est. reading time":"6 minutes"},"schema":{"@context":"https:\/\/schema.org","@graph":[{"@type":"WebPage","@id":"https:\/\/shrimataji.org\/test\/de\/kundalini_de\/","url":"https:\/\/shrimataji.org\/test\/de\/kundalini_de\/","name":"Kundalini DE - TEST - SMND","isPartOf":{"@id":"https:\/\/shrimataji.org\/test\/#website"},"primaryImageOfPage":{"@id":"https:\/\/shrimataji.org\/test\/de\/kundalini_de\/#primaryimage"},"image":{"@id":"https:\/\/shrimataji.org\/test\/de\/kundalini_de\/#primaryimage"},"thumbnailUrl":"https:\/\/shrimataji.org\/test\/wp-content\/uploads\/2023\/03\/9_Banner-SY-Kundalini-scaled.jpg","datePublished":"2022-01-29T10:17:23+00:00","dateModified":"2024-06-11T09:24:16+00:00","breadcrumb":{"@id":"https:\/\/shrimataji.org\/test\/de\/kundalini_de\/#breadcrumb"},"inLanguage":"en-US","potentialAction":[{"@type":"ReadAction","target":["https:\/\/shrimataji.org\/test\/de\/kundalini_de\/"]}]},{"@type":"ImageObject","inLanguage":"en-US","@id":"https:\/\/shrimataji.org\/test\/de\/kundalini_de\/#primaryimage","url":"https:\/\/shrimataji.org\/test\/wp-content\/uploads\/2023\/03\/9_Banner-SY-Kundalini-scaled.jpg","contentUrl":"https:\/\/shrimataji.org\/test\/wp-content\/uploads\/2023\/03\/9_Banner-SY-Kundalini-scaled.jpg","width":2560,"height":905},{"@type":"BreadcrumbList","@id":"https:\/\/shrimataji.org\/test\/de\/kundalini_de\/#breadcrumb","itemListElement":[{"@type":"ListItem","position":1,"name":"Home","item":"https:\/\/shrimataji.org\/test\/uk\/home-en\/"},{"@type":"ListItem","position":2,"name":"Kundalini DE"}]},{"@type":"WebSite","@id":"https:\/\/shrimataji.org\/test\/#website","url":"https:\/\/shrimataji.org\/test\/","name":"Shri Mataji Nirmala Devi","description":"A Life Dedicated to Humanity","publisher":{"@id":"https:\/\/shrimataji.org\/test\/#\/schema\/person\/a1b3419c6585f164aa96da1ff85715d1"},"potentialAction":[{"@type":"SearchAction","target":{"@type":"EntryPoint","urlTemplate":"https:\/\/shrimataji.org\/test\/?s={search_term_string}"},"query-input":{"@type":"PropertyValueSpecification","valueRequired":true,"valueName":"search_term_string"}}],"inLanguage":"en-US"},{"@type":["Person","Organization"],"@id":"https:\/\/shrimataji.org\/test\/#\/schema\/person\/a1b3419c6585f164aa96da1ff85715d1","name":"Nirmala Shrivastava","image":{"@type":"ImageObject","inLanguage":"en-US","@id":"https:\/\/shrimataji.org\/test\/wp-content\/uploads\/2023\/02\/SMO_LOGO-03.svg","url":"https:\/\/shrimataji.org\/test\/wp-content\/uploads\/2023\/02\/SMO_LOGO-03.svg","contentUrl":"https:\/\/shrimataji.org\/test\/wp-content\/uploads\/2023\/02\/SMO_LOGO-03.svg","width":"1024","height":"1024","caption":"Nirmala Shrivastava"},"logo":{"@id":"https:\/\/shrimataji.org\/test\/wp-content\/uploads\/2023\/02\/SMO_LOGO-03.svg"},"sameAs":["https:\/\/shrimataji.org\/test","https:\/\/www.facebook.com\/shrimataji","https:\/\/x.com\/shrimataji","https:\/\/www.youtube.com\/@Shri_Mataji_Nirmala_Devi\/featured"]}]}},"lang":"de","translations":{"de":10661,"am":18025,"th":19981,"hu":19505,"be":6401,"sq":18426,"zh":17323,"hi":8293,"tr":10175,"pt":10387,"fr":10759,"it":10857,"es":10954,"ja":11251,"ru":11439,"bn":11631,"te":11739,"sw":11862,"he":12010,"el":12302,"sk":12400,"fa":12498,"fi":12596,"bg":13390,"ro":14464,"cs":14657,"nl":16586,"ku":16746,"ar":16922,"kn":18907,"mr":20345,"uk":20637,"ml":20932,"ta":22744,"sv":23016,"gu":28858,"pa":29018},"pll_sync_post":[],"_links":{"self":[{"href":"https:\/\/shrimataji.org\/test\/wp-json\/wp\/v2\/pages\/10661","targetHints":{"allow":["GET"]}}],"collection":[{"href":"https:\/\/shrimataji.org\/test\/wp-json\/wp\/v2\/pages"}],"about":[{"href":"https:\/\/shrimataji.org\/test\/wp-json\/wp\/v2\/types\/page"}],"author":[{"embeddable":true,"href":"https:\/\/shrimataji.org\/test\/wp-json\/wp\/v2\/users\/10"}],"replies":[{"embeddable":true,"href":"https:\/\/shrimataji.org\/test\/wp-json\/wp\/v2\/comments?post=10661"}],"version-history":[{"count":0,"href":"https:\/\/shrimataji.org\/test\/wp-json\/wp\/v2\/pages\/10661\/revisions"}],"wp:featuredmedia":[{"embeddable":true,"href":"https:\/\/shrimataji.org\/test\/wp-json\/wp\/v2\/media\/9244"}],"wp:attachment":[{"href":"https:\/\/shrimataji.org\/test\/wp-json\/wp\/v2\/media?parent=10661"}],"curies":[{"name":"wp","href":"https:\/\/api.w.org\/{rel}","templated":true}]}}