{"id":10666,"date":"2018-07-10T06:54:42","date_gmt":"2018-07-10T06:54:42","guid":{"rendered":"http:\/\/testwordpress.nirmalnagari.org\/smnd\/index.php\/in-her-words\/"},"modified":"2024-04-27T01:15:13","modified_gmt":"2024-04-27T01:15:13","slug":"bibliothek","status":"publish","type":"page","link":"https:\/\/shrimataji.org\/test\/de\/bibliothek\/","title":{"rendered":"Bibliothek"},"content":{"rendered":"\n\n\t<h1>Bibliothek<\/h1>\n<h2>Ihre Worte<\/h2>\n\t<h4>Shri Matajis Verm\u00e4chtnis f\u00fcr die Welt umfasst eine Bibliothek von \u00fcber 3.000 Video- und Audioaufnahmen ihrer Reden, in denen es um zahlreiche spirituelle Themen und um das Menschsein an sich geht.<\/h4>\n\t\t\t\t<img loading=\"lazy\" decoding=\"async\" src=\"https:\/\/shrimataji.org\/test\/wp-content\/uploads\/2018\/07\/media_originals\/images\/shri-mataji-portraits\/shri-mataji-speaking-near-rahuri-in-india-02-02-1982.jpg.jpg\" alt=\"shri-mataji-speaking-near-rahuri-in-india-02-02-1982\" height=\"995\" width=\"1500\" title=\"shri-mataji-speaking-near-rahuri-in-india-02-02-1982\" \/>\n\t<p>Ihr popul\u00e4rstes Buch, <a href=\"https:\/\/nirananda-media.de\/?page_id=949\" target=\"_blank\" rel=\"noopener\">Das metamoderne Zeitalter<\/a>, bietet eine unvoreingenommene Beschreibung der Probleme der heutigen Welt sowie detaillierte L\u00f6sungsans\u00e4tze zu deren \u00dcberwindung.<\/p>\n<p>Um sich einen Eindruck von Shri Matajis Vision und Erfahrung zu verschaffen, ist es am besten, sich ihre Vortr\u00e4ge anzusehen oder anzuh\u00f6ren. Diese Reden &#8211; ob lang oder kurz, formell oder informell, \u00f6ffentlich oder pers\u00f6nlich &#8211; offenbaren alle ihren ber\u00fchmten Humor und ihre Weisheit. Ihr Stil ist geradeheraus, und jeder Vortrag dreht sich um die beiden Hauptprinzipien ihrer Lehren: Selbst-Erkenntnis und die uranf\u00e4ngliche Wahrheit unserer angeborenen spirituellen Natur.<\/p>\n\t<div class=\"su-quote su-quote-style-default\"><div class=\"su-quote-inner su-u-clearfix su-u-trim\">Alles, was nicht ewig ist, ist verg\u00e4nglich. Das Ewige verbleibt in der Gegenwart und der Rest f\u00e4llt weg. Es ist wie ein flie\u00dfender und nirgends verweilender Fluss. Der Fluss ist ewig, doch der Rest der Dinge ver\u00e4ndert sich. Wenn man eins ist mit dem ewigen Prinzip, ver\u00e4ndert sich alles, was nicht ewig ist. Es f\u00e4llt weg, l\u00f6st sich auf und existiert nicht mehr. Genie\u00dft die Kraft der Ewigkeit, der g\u00f6ttlichen Liebe und die Kraft dieses universellen Wesens, das ihr seid.<\/div><\/div>\n\n","protected":false},"excerpt":{"rendered":"<p>Bibliothek Ihre Worte Shri Matajis Verm\u00e4chtnis f\u00fcr die Welt umfasst eine Bibliothek von \u00fcber 3.000 Video- und Audioaufnahmen ihrer Reden, in denen es um zahlreiche spirituelle Themen und um das Menschsein an sich geht. Ihr popul\u00e4rstes Buch, Das metamoderne Zeitalter, bietet eine unvoreingenommene Beschreibung der Probleme der heutigen Welt sowie detaillierte L\u00f6sungsans\u00e4tze zu deren \u00dcberwindung.&hellip; <br \/> <a class=\"read-more\" href=\"https:\/\/shrimataji.org\/test\/de\/bibliothek\/\">Read more<\/a><\/p>\n","protected":false},"author":10,"featured_media":110,"parent":0,"menu_order":0,"comment_status":"closed","ping_status":"closed","template":"","meta":{"inline_featured_image":false,"footnotes":""},"class_list":["post-10666","page","type-page","status-publish","has-post-thumbnail","hentry"],"yoast_head":"<!-- This site is optimized with the Yoast SEO plugin v27.4 - https:\/\/yoast.com\/product\/yoast-seo-wordpress\/ -->\n<title>Bibliothek - TEST - SMND<\/title>\n<meta name=\"robots\" content=\"noindex, follow, max-snippet:-1, max-image-preview:large, max-video-preview:-1\" \/>\n<meta property=\"og:locale\" content=\"en_US\" \/>\n<meta property=\"og:type\" content=\"article\" \/>\n<meta property=\"og:title\" content=\"Bibliothek - TEST - SMND\" \/>\n<meta property=\"og:description\" content=\"Bibliothek Ihre Worte Shri Matajis Verm\u00e4chtnis f\u00fcr die Welt umfasst eine Bibliothek von \u00fcber 3.000 Video- und Audioaufnahmen ihrer Reden, in denen es um zahlreiche spirituelle Themen und um das Menschsein an sich geht. Ihr popul\u00e4rstes Buch, Das metamoderne Zeitalter, bietet eine unvoreingenommene Beschreibung der Probleme der heutigen Welt sowie detaillierte L\u00f6sungsans\u00e4tze zu deren \u00dcberwindung.&hellip; Read more\" \/>\n<meta property=\"og:url\" content=\"https:\/\/shrimataji.org\/test\/de\/bibliothek\/\" \/>\n<meta property=\"og:site_name\" content=\"TEST - SMND\" \/>\n<meta property=\"article:publisher\" content=\"https:\/\/www.facebook.com\/shrimataji\" \/>\n<meta property=\"article:modified_time\" content=\"2024-04-27T01:15:13+00:00\" \/>\n<meta property=\"og:image\" content=\"https:\/\/shrimataji.org\/test\/wp-content\/uploads\/2018\/07\/media_originals\/images\/headers-general\/shri-mataji-speaking-at-the-sydney-town-hall-feb-2006.jpg\" \/>\n\t<meta property=\"og:image:width\" content=\"990\" \/>\n\t<meta property=\"og:image:height\" content=\"350\" \/>\n\t<meta property=\"og:image:type\" content=\"image\/jpeg\" \/>\n<meta name=\"twitter:card\" content=\"summary_large_image\" \/>\n<meta name=\"twitter:site\" content=\"@shrimataji\" \/>\n<script type=\"application\/ld+json\" class=\"yoast-schema-graph\">{\"@context\":\"https:\\\/\\\/schema.org\",\"@graph\":[{\"@type\":\"WebPage\",\"@id\":\"https:\\\/\\\/shrimataji.org\\\/test\\\/de\\\/bibliothek\\\/\",\"url\":\"https:\\\/\\\/shrimataji.org\\\/test\\\/de\\\/bibliothek\\\/\",\"name\":\"Bibliothek - TEST - SMND\",\"isPartOf\":{\"@id\":\"https:\\\/\\\/shrimataji.org\\\/test\\\/#website\"},\"primaryImageOfPage\":{\"@id\":\"https:\\\/\\\/shrimataji.org\\\/test\\\/de\\\/bibliothek\\\/#primaryimage\"},\"image\":{\"@id\":\"https:\\\/\\\/shrimataji.org\\\/test\\\/de\\\/bibliothek\\\/#primaryimage\"},\"thumbnailUrl\":\"https:\\\/\\\/shrimataji.org\\\/test\\\/wp-content\\\/uploads\\\/2018\\\/07\\\/media_originals\\\/images\\\/headers-general\\\/shri-mataji-speaking-at-the-sydney-town-hall-feb-2006.jpg\",\"datePublished\":\"2018-07-10T06:54:42+00:00\",\"dateModified\":\"2024-04-27T01:15:13+00:00\",\"breadcrumb\":{\"@id\":\"https:\\\/\\\/shrimataji.org\\\/test\\\/de\\\/bibliothek\\\/#breadcrumb\"},\"inLanguage\":\"en-US\",\"potentialAction\":[{\"@type\":\"ReadAction\",\"target\":[\"https:\\\/\\\/shrimataji.org\\\/test\\\/de\\\/bibliothek\\\/\"]}]},{\"@type\":\"ImageObject\",\"inLanguage\":\"en-US\",\"@id\":\"https:\\\/\\\/shrimataji.org\\\/test\\\/de\\\/bibliothek\\\/#primaryimage\",\"url\":\"https:\\\/\\\/shrimataji.org\\\/test\\\/wp-content\\\/uploads\\\/2018\\\/07\\\/media_originals\\\/images\\\/headers-general\\\/shri-mataji-speaking-at-the-sydney-town-hall-feb-2006.jpg\",\"contentUrl\":\"https:\\\/\\\/shrimataji.org\\\/test\\\/wp-content\\\/uploads\\\/2018\\\/07\\\/media_originals\\\/images\\\/headers-general\\\/shri-mataji-speaking-at-the-sydney-town-hall-feb-2006.jpg\",\"width\":990,\"height\":350},{\"@type\":\"BreadcrumbList\",\"@id\":\"https:\\\/\\\/shrimataji.org\\\/test\\\/de\\\/bibliothek\\\/#breadcrumb\",\"itemListElement\":[{\"@type\":\"ListItem\",\"position\":1,\"name\":\"Home\",\"item\":\"https:\\\/\\\/shrimataji.org\\\/test\\\/uk\\\/home-en\\\/\"},{\"@type\":\"ListItem\",\"position\":2,\"name\":\"Bibliothek\"}]},{\"@type\":\"WebSite\",\"@id\":\"https:\\\/\\\/shrimataji.org\\\/test\\\/#website\",\"url\":\"https:\\\/\\\/shrimataji.org\\\/test\\\/\",\"name\":\"Shri Mataji Nirmala Devi\",\"description\":\"A Life Dedicated to Humanity\",\"publisher\":{\"@id\":\"https:\\\/\\\/shrimataji.org\\\/test\\\/#\\\/schema\\\/person\\\/a1b3419c6585f164aa96da1ff85715d1\"},\"potentialAction\":[{\"@type\":\"SearchAction\",\"target\":{\"@type\":\"EntryPoint\",\"urlTemplate\":\"https:\\\/\\\/shrimataji.org\\\/test\\\/?s={search_term_string}\"},\"query-input\":{\"@type\":\"PropertyValueSpecification\",\"valueRequired\":true,\"valueName\":\"search_term_string\"}}],\"inLanguage\":\"en-US\"},{\"@type\":[\"Person\",\"Organization\"],\"@id\":\"https:\\\/\\\/shrimataji.org\\\/test\\\/#\\\/schema\\\/person\\\/a1b3419c6585f164aa96da1ff85715d1\",\"name\":\"Nirmala Shrivastava\",\"image\":{\"@type\":\"ImageObject\",\"inLanguage\":\"en-US\",\"@id\":\"https:\\\/\\\/shrimataji.org\\\/test\\\/wp-content\\\/uploads\\\/2023\\\/02\\\/SMO_LOGO-03.svg\",\"url\":\"https:\\\/\\\/shrimataji.org\\\/test\\\/wp-content\\\/uploads\\\/2023\\\/02\\\/SMO_LOGO-03.svg\",\"contentUrl\":\"https:\\\/\\\/shrimataji.org\\\/test\\\/wp-content\\\/uploads\\\/2023\\\/02\\\/SMO_LOGO-03.svg\",\"width\":\"1024\",\"height\":\"1024\",\"caption\":\"Nirmala Shrivastava\"},\"logo\":{\"@id\":\"https:\\\/\\\/shrimataji.org\\\/test\\\/wp-content\\\/uploads\\\/2023\\\/02\\\/SMO_LOGO-03.svg\"},\"sameAs\":[\"https:\\\/\\\/shrimataji.org\\\/test\",\"https:\\\/\\\/www.facebook.com\\\/shrimataji\",\"https:\\\/\\\/x.com\\\/shrimataji\",\"https:\\\/\\\/www.youtube.com\\\/@Shri_Mataji_Nirmala_Devi\\\/featured\"]}]}<\/script>\n<!-- \/ Yoast SEO plugin. -->","yoast_head_json":{"title":"Bibliothek - TEST - SMND","robots":{"index":"noindex","follow":"follow","max-snippet":"max-snippet:-1","max-image-preview":"max-image-preview:large","max-video-preview":"max-video-preview:-1"},"og_locale":"en_US","og_type":"article","og_title":"Bibliothek - TEST - SMND","og_description":"Bibliothek Ihre Worte Shri Matajis Verm\u00e4chtnis f\u00fcr die Welt umfasst eine Bibliothek von \u00fcber 3.000 Video- und Audioaufnahmen ihrer Reden, in denen es um zahlreiche spirituelle Themen und um das Menschsein an sich geht. Ihr popul\u00e4rstes Buch, Das metamoderne Zeitalter, bietet eine unvoreingenommene Beschreibung der Probleme der heutigen Welt sowie detaillierte L\u00f6sungsans\u00e4tze zu deren \u00dcberwindung.&hellip; Read more","og_url":"https:\/\/shrimataji.org\/test\/de\/bibliothek\/","og_site_name":"TEST - SMND","article_publisher":"https:\/\/www.facebook.com\/shrimataji","article_modified_time":"2024-04-27T01:15:13+00:00","og_image":[{"width":990,"height":350,"url":"https:\/\/shrimataji.org\/test\/wp-content\/uploads\/2018\/07\/media_originals\/images\/headers-general\/shri-mataji-speaking-at-the-sydney-town-hall-feb-2006.jpg","type":"image\/jpeg"}],"twitter_card":"summary_large_image","twitter_site":"@shrimataji","schema":{"@context":"https:\/\/schema.org","@graph":[{"@type":"WebPage","@id":"https:\/\/shrimataji.org\/test\/de\/bibliothek\/","url":"https:\/\/shrimataji.org\/test\/de\/bibliothek\/","name":"Bibliothek - TEST - SMND","isPartOf":{"@id":"https:\/\/shrimataji.org\/test\/#website"},"primaryImageOfPage":{"@id":"https:\/\/shrimataji.org\/test\/de\/bibliothek\/#primaryimage"},"image":{"@id":"https:\/\/shrimataji.org\/test\/de\/bibliothek\/#primaryimage"},"thumbnailUrl":"https:\/\/shrimataji.org\/test\/wp-content\/uploads\/2018\/07\/media_originals\/images\/headers-general\/shri-mataji-speaking-at-the-sydney-town-hall-feb-2006.jpg","datePublished":"2018-07-10T06:54:42+00:00","dateModified":"2024-04-27T01:15:13+00:00","breadcrumb":{"@id":"https:\/\/shrimataji.org\/test\/de\/bibliothek\/#breadcrumb"},"inLanguage":"en-US","potentialAction":[{"@type":"ReadAction","target":["https:\/\/shrimataji.org\/test\/de\/bibliothek\/"]}]},{"@type":"ImageObject","inLanguage":"en-US","@id":"https:\/\/shrimataji.org\/test\/de\/bibliothek\/#primaryimage","url":"https:\/\/shrimataji.org\/test\/wp-content\/uploads\/2018\/07\/media_originals\/images\/headers-general\/shri-mataji-speaking-at-the-sydney-town-hall-feb-2006.jpg","contentUrl":"https:\/\/shrimataji.org\/test\/wp-content\/uploads\/2018\/07\/media_originals\/images\/headers-general\/shri-mataji-speaking-at-the-sydney-town-hall-feb-2006.jpg","width":990,"height":350},{"@type":"BreadcrumbList","@id":"https:\/\/shrimataji.org\/test\/de\/bibliothek\/#breadcrumb","itemListElement":[{"@type":"ListItem","position":1,"name":"Home","item":"https:\/\/shrimataji.org\/test\/uk\/home-en\/"},{"@type":"ListItem","position":2,"name":"Bibliothek"}]},{"@type":"WebSite","@id":"https:\/\/shrimataji.org\/test\/#website","url":"https:\/\/shrimataji.org\/test\/","name":"Shri Mataji Nirmala Devi","description":"A Life Dedicated to Humanity","publisher":{"@id":"https:\/\/shrimataji.org\/test\/#\/schema\/person\/a1b3419c6585f164aa96da1ff85715d1"},"potentialAction":[{"@type":"SearchAction","target":{"@type":"EntryPoint","urlTemplate":"https:\/\/shrimataji.org\/test\/?s={search_term_string}"},"query-input":{"@type":"PropertyValueSpecification","valueRequired":true,"valueName":"search_term_string"}}],"inLanguage":"en-US"},{"@type":["Person","Organization"],"@id":"https:\/\/shrimataji.org\/test\/#\/schema\/person\/a1b3419c6585f164aa96da1ff85715d1","name":"Nirmala Shrivastava","image":{"@type":"ImageObject","inLanguage":"en-US","@id":"https:\/\/shrimataji.org\/test\/wp-content\/uploads\/2023\/02\/SMO_LOGO-03.svg","url":"https:\/\/shrimataji.org\/test\/wp-content\/uploads\/2023\/02\/SMO_LOGO-03.svg","contentUrl":"https:\/\/shrimataji.org\/test\/wp-content\/uploads\/2023\/02\/SMO_LOGO-03.svg","width":"1024","height":"1024","caption":"Nirmala Shrivastava"},"logo":{"@id":"https:\/\/shrimataji.org\/test\/wp-content\/uploads\/2023\/02\/SMO_LOGO-03.svg"},"sameAs":["https:\/\/shrimataji.org\/test","https:\/\/www.facebook.com\/shrimataji","https:\/\/x.com\/shrimataji","https:\/\/www.youtube.com\/@Shri_Mataji_Nirmala_Devi\/featured"]}]}},"lang":"de","translations":{"de":10666,"ur":37460,"en":395,"am":18032,"th":19991,"hu":19513,"sq":18433,"zh":17330,"tr":10180,"pt":10392,"fr":10764,"it":10862,"es":10959,"ja":11256,"ru":11444,"bn":11636,"te":11744,"sw":11867,"he":12015,"el":12307,"sk":12405,"fa":12503,"fi":12601,"bg":13469,"ro":14541,"cs":14734,"nl":16593,"ku":16753,"ar":16929,"be":18640,"kn":18914,"mr":20355,"uk":20649,"ml":20944,"ta":22751,"sv":23022,"bs":27288,"gu":28865,"pa":29025,"fil":29470,"da":37773,"pl":37985,"nn":38325},"pll_sync_post":[],"_links":{"self":[{"href":"https:\/\/shrimataji.org\/test\/wp-json\/wp\/v2\/pages\/10666","targetHints":{"allow":["GET"]}}],"collection":[{"href":"https:\/\/shrimataji.org\/test\/wp-json\/wp\/v2\/pages"}],"about":[{"href":"https:\/\/shrimataji.org\/test\/wp-json\/wp\/v2\/types\/page"}],"author":[{"embeddable":true,"href":"https:\/\/shrimataji.org\/test\/wp-json\/wp\/v2\/users\/10"}],"replies":[{"embeddable":true,"href":"https:\/\/shrimataji.org\/test\/wp-json\/wp\/v2\/comments?post=10666"}],"version-history":[{"count":0,"href":"https:\/\/shrimataji.org\/test\/wp-json\/wp\/v2\/pages\/10666\/revisions"}],"wp:featuredmedia":[{"embeddable":true,"href":"https:\/\/shrimataji.org\/test\/wp-json\/wp\/v2\/media\/110"}],"wp:attachment":[{"href":"https:\/\/shrimataji.org\/test\/wp-json\/wp\/v2\/media?parent=10666"}],"curies":[{"name":"wp","href":"https:\/\/api.w.org\/{rel}","templated":true}]}}