{"id":10667,"date":"2018-07-10T06:54:50","date_gmt":"2018-07-10T06:54:50","guid":{"rendered":"http:\/\/testwordpress.nirmalnagari.org\/smnd\/index.php\/marriage-and-independence\/"},"modified":"2024-04-27T01:15:16","modified_gmt":"2024-04-27T01:15:16","slug":"heirat-unabhaengigkeit","status":"publish","type":"page","link":"https:\/\/shrimataji.org\/test\/de\/heirat-unabhaengigkeit\/","title":{"rendered":"Heirat und Unabh\u00e4ngigkeit"},"content":{"rendered":"\n\n\t<h1>Heirat und Unabh\u00e4ngigkeit<\/h1>\n<h2>Das R\u00fcckgrat von Familie und Gesellschaft<\/h2>\n\t<h4>Shri Matajis Kindheit und Jugend waren mit der Geburt der neuen indischen Nation verwoben, und ihre Jahre als Ehefrau und junge Mutter erwiesen sich als ebenso bedeutsam.<\/h4>\n<p>Heute weithin bekannt als Shri Mataji Nirmala Devi wurde Nirmala Salve am 7. April 1947 mit Chandrika Prasad Srivastava verheiratet. Am 14. August erlangte Indien 21 Tage sp\u00e4ter um Punkt Mitternacht seine Unabh\u00e4ngigkeit.<\/p>\n<p>Shri Matajis liebevoll &#8220;Babamama&#8221; genannte j\u00fcngerer Bruder Hermant Prasadrao Salve erz\u00e4hlte: &#8220;Als 1947 w\u00e4hrend der kommunalen Unruhen w\u00e4hrend der Teilung einmal jemand an die T\u00fcr klopfte, \u00f6ffnete Nirmala. Dort standen eine Frau und zwei M\u00e4nner, die sehr ver\u00e4ngstigt und erschrocken aussahen. Sie erkl\u00e4rten Nirmala, sie seien Fl\u00fcchtlinge aus Pakistan und einer von ihnen Muslim. Darum w\u00fcrden die Hindus sie mit gez\u00fcckten Schwertern jagen. Nirmala nahm sie ohne zu z\u00f6gern auf und versteckte sie in einem Zimmer.<\/p>\n\t<div class=\"epyt-video-wrapper\"><div  data-ep-a=\"fadeIn\"  style=\"display: block; margin: 0px auto;\"  id=\"_ytid_60766\"  width=\"3840\" height=\"2880\"  data-origwidth=\"3840\" data-origheight=\"2880\" data-facadesrc=\"https:\/\/www.youtube.com\/embed\/uiqY4Jc81Bw?enablejsapi=1&autoplay=0&cc_load_policy=0&cc_lang_pref=&iv_load_policy=1&loop=0&rel=0&fs=1&playsinline=1&autohide=2&theme=dark&color=red&controls=1&disablekb=0&\" class=\"__youtube_prefs__ epyt-facade  no-lazyload\" data-epautoplay=\"1\" ><img decoding=\"async\" data-spai-excluded=\"true\" class=\"epyt-facade-poster skip-lazy\" loading=\"lazy\"  alt=\"YouTube player\"  src=\"https:\/\/i.ytimg.com\/vi\/uiqY4Jc81Bw\/maxresdefault.jpg\"  \/><button class=\"epyt-facade-play\" aria-label=\"Play\"><svg data-no-lazy=\"1\" height=\"100%\" version=\"1.1\" viewBox=\"0 0 68 48\" width=\"100%\"><path class=\"ytp-large-play-button-bg\" d=\"M66.52,7.74c-0.78-2.93-2.49-5.41-5.42-6.19C55.79,.13,34,0,34,0S12.21,.13,6.9,1.55 C3.97,2.33,2.27,4.81,1.48,7.74C0.06,13.05,0,24,0,24s0.06,10.95,1.48,16.26c0.78,2.93,2.49,5.41,5.42,6.19 C12.21,47.87,34,48,34,48s21.79-0.13,27.1-1.55c2.93-0.78,4.64-3.26,5.42-6.19C67.94,34.95,68,24,68,24S67.94,13.05,66.52,7.74z\" fill=\"#f00\"><\/path><path d=\"M 45,24 27,14 27,34\" fill=\"#fff\"><\/path><\/svg><\/button><\/div><\/div><span itemprop=\"video\" itemscope itemtype=\"http:\/\/schema.org\/VideoObject\"><meta itemprop=\"embedUrl\" content=\"https:\/\/www.youtube.com\/embed\/uiqY4Jc81Bw\"><meta itemprop=\"name\" content=\"Family Life And Nationhood\"><meta itemprop=\"description\" content=\"Shri Mataji marries a man from a family of opposing political beliefs. They are, however, united in their love for their country. Independence is the fulfillment of a dream for both of them. Shri Mataji&#039;s life as a housewife and a mother is centred on her family, tending to her daughters, but she also advises her husband in his career. She is not silent, but participates in the direction of her country. Her own public life is soon to follow. More videos at: http:\/\/ShriMataji.org ~ A Life Dedicated to Humanity ~\"><meta itemprop=\"thumbnailUrl\" content=\"https:\/\/i.ytimg.com\/vi\/uiqY4Jc81Bw\/0.jpg\"><meta itemprop=\"duration\" content=\"PT5M21S\"><meta itemprop=\"uploadDate\" content=\"2020-07-20T00:21:18Z\"><\/span>\n\t<p>&#8220;Nach einiger Zeit kamen ein paar Leute mit gez\u00fcckten Schwertern&#8221;, fuhr er fort. &#8220;Sie meinten, ein Muslim habe sich im Haus versteckt. Nirmala leugnete dies kategorisch und gab vor, selbst eine \u00fcberzeugte Hindu zu sein. Wie also k\u00f6nne sie einem Muslim Schutz gew\u00e4hren? Die Leute mit den Schwertern glaubten ihr zun\u00e4chst nicht. Dann sahen sie jedoch das gro\u00dfe Bindi als Zeichen verheirateter Hindu-Frauen auf ihrer Stirn&#8221;.<a href=\"#footnote-1\"><sup>[1]<\/sup><\/a><\/p>\n\t\t\t\t<img loading=\"lazy\" decoding=\"async\" src=\"https:\/\/shrimataji.org\/test\/wp-content\/uploads\/2018\/07\/media_originals\/images\/shri-mataji-and-family\/shri-mataji-with-infant-daughter-kalpana.jpg\" alt=\"shri-mataji-with-infant-daughter-kalpana\" height=\"400\" width=\"279\" title=\"shri-mataji-with-infant-daughter-kalpana\" \/>\n\t<p>Dieser Vorfall ereignete sich w\u00e4hrend ihrer Schwangerschaft. Im Dezember 1947 brachte sie ihre erste Tochter, Kalpana, zur Welt und am 29. Januar 1948 traf Shri Mataji erneut Mahatma Gandhi, der ihr Kind auf den Scho\u00df nahm. Er hatte Shri Mataji den Spitznamen &#8220;Nepali&#8221; gegeben und meinte: &#8220;Du bist immer noch dieselbe und jetzt bist Du Mutter. Wann beginnst Du mit deiner spirituellen Arbeit? Jetzt, wo wir frei sind, solltest Du tun, was Du tun willst.&#8221; Tragischerweise wurde Mahatma Gandhi am n\u00e4chsten Tag von einem politischen Extremisten beim Abendgebet ermordet.<\/p>\n<p>1948 wurde Shri Matajis Ehemann Chandrika Prasad Srivastava f\u00fcr den Indian Foreign und den Indian Administration Service (I. A. S.) gew\u00e4hlt. 1990 schlug K\u00f6nigin Elisabeth II. ihn zum Ritter, sodass er daraufhin als Sir C. P. Srivastava bekannt wurde. Auf Anraten von Shri Mataji entschied sich &#8220;Sir C. P.&#8221;, im I. A. S. zu bleiben und seinem Land innerhalb seiner Grenzen zu dienen. W\u00e4hrend dieser arbeitsreichen ersten Ehejahre wurde im Februar 1950 ihre zweite Tochter, Sadhana, geboren und im Mai Sir C. P. als richterlicher Beamter nach Lucknow berufen, wo die junge Familie eine Zeit lang blieb.<\/p>\n\t<p>Ende 1951 ging Sir Chandrika Srivastava als Additional District Magistrate nach Meerut. Der Personalbungalow befand sich auf einem gro\u00dfen Grundst\u00fcck und war im traditionellen britischen Stil gebaut. Inzwischen als Mutter der beiden Kinder bewirtschaftete Shri Mataji das an den Bungalow angrenzende Land und verwandelte es mit Hilfe eines Landarbeiters in einen \u00e4u\u00dferst fruchtbaren Gem\u00fcsegarten. Sie baute Gem\u00fcse f\u00fcr den Eigenbedarf an und verkaufte den \u00dcberschuss, um das Familieneinkommen aufzubessern.<\/p>\n<p>In seinen Memoiren erinnert sich Hermanant P. Salve: &#8220;Shri Matajis Landwirtschaft galt als die beste im Distrikt. Die Brinjal (Auberginen) waren so gro\u00df, dass ich sie nicht heben konnte. Sie produzierte riesigen Blumenkohl, riesige Tomaten und Gurken. Es war unglaublich.&#8221;<\/p>\n<p>1953 zog Shri Matajis Familie nach Mumbai, als Sir C. P. in die indische Directorate General of Shipping, die sp\u00e4tere Shipping Corporation of India, versetzt wurde. Hermanant Salve erinnerte sich an wunderbare Sommerferien mit Shri Mataji und ihren Kindern in Pachmarhi, einer Bergstation in der N\u00e4he von Chhindwara in Zentralindien. In seiner wundersch\u00f6nen Umgebung fanden sich uralte H\u00f6hlen, Wasserf\u00e4lle, W\u00e4lder und Wildtiere. Shri Mataji und ihre Familie verbrachten ebenfalls viel Zeit in Nagpur, wo viele ihrer Verwandten lebten.<\/p>\n<p>Am Sonntag, dem 8. Februar 1955, wiesen die \u00c4rzte Shri Matajis Vater in das Krankenhaus ein und eine Woche sp\u00e4ter versammelten sich seine Kinder um ihn. Shri Mataji stand ihrem Vater sehr nahe und hatte seinen Rat besonders in spirituellen Fragen immer gesch\u00e4tzt. Ihr Bruder erinnerte sich, wie ihr Vater Nirmala fragte, ob sie die Methode finden konnte und bezog sich dabei darauf, die Selbst-Verwirklichung en masse zu geben. Im Kreis seiner Familie verstarb Prasad Salve zwei Tage sp\u00e4ter, am 17. Februar 1955. Shri Matajis Bruder bewunderte, dass sie, &#8220;die beim Anblick auch nur eines Bettlers von Tr\u00e4nen des Mitgef\u00fchls erf\u00fcllt war, in diesem Moment des gro\u00dfen pers\u00f6nlichen Verlustes all ihren Mut zusammennahm und begann, die Beerdigung vorzubereiten.&#8221;<\/p>\n\t<h5>&#8220;Soweit wir erkennen k\u00f6nnen, besteht der einzige Zweck der Existenz darin, ein Licht in der Dunkelheit des Seins zu entz\u00fcnden.&#8221;<\/h5>\n<h5>Carl Gustav Jung<\/h5>\n\t<p><a id=\"footnote-1\"><\/a>[1] Salve, H. P. (2000): My Memoirs, Life Eternal Trust, New Delhi.<\/p>\n\n","protected":false},"excerpt":{"rendered":"<p>Heirat und Unabh\u00e4ngigkeit Das R\u00fcckgrat von Familie und Gesellschaft Shri Matajis Kindheit und Jugend waren mit der Geburt der neuen indischen Nation verwoben, und ihre Jahre als Ehefrau und junge Mutter erwiesen sich als ebenso bedeutsam. Heute weithin bekannt als Shri Mataji Nirmala Devi wurde Nirmala Salve am 7. April 1947 mit Chandrika Prasad Srivastava&hellip; <br \/> <a class=\"read-more\" href=\"https:\/\/shrimataji.org\/test\/de\/heirat-unabhaengigkeit\/\">Read more<\/a><\/p>\n","protected":false},"author":10,"featured_media":9510,"parent":0,"menu_order":0,"comment_status":"closed","ping_status":"closed","template":"","meta":{"inline_featured_image":false,"footnotes":""},"class_list":["post-10667","page","type-page","status-publish","has-post-thumbnail","hentry"],"yoast_head":"<!-- This site is optimized with the Yoast SEO plugin v27.4 - https:\/\/yoast.com\/product\/yoast-seo-wordpress\/ -->\n<title>Heirat und Unabh\u00e4ngigkeit - TEST - SMND<\/title>\n<meta name=\"robots\" content=\"noindex, follow, max-snippet:-1, max-image-preview:large, max-video-preview:-1\" \/>\n<meta property=\"og:locale\" content=\"en_US\" \/>\n<meta property=\"og:type\" content=\"article\" \/>\n<meta property=\"og:title\" content=\"Heirat und Unabh\u00e4ngigkeit - TEST - SMND\" \/>\n<meta property=\"og:description\" content=\"Heirat und Unabh\u00e4ngigkeit Das R\u00fcckgrat von Familie und Gesellschaft Shri Matajis Kindheit und Jugend waren mit der Geburt der neuen indischen Nation verwoben, und ihre Jahre als Ehefrau und junge Mutter erwiesen sich als ebenso bedeutsam. Heute weithin bekannt als Shri Mataji Nirmala Devi wurde Nirmala Salve am 7. April 1947 mit Chandrika Prasad Srivastava&hellip; Read more\" \/>\n<meta property=\"og:url\" content=\"https:\/\/shrimataji.org\/test\/de\/heirat-unabhaengigkeit\/\" \/>\n<meta property=\"og:site_name\" content=\"TEST - SMND\" \/>\n<meta property=\"article:publisher\" content=\"https:\/\/www.facebook.com\/shrimataji\" \/>\n<meta property=\"article:modified_time\" content=\"2024-04-27T01:15:16+00:00\" \/>\n<meta property=\"og:image\" content=\"https:\/\/shrimataji.org\/test\/wp-content\/uploads\/2023\/03\/4_Banner_EarlyLife-Mariage-Independance_2-scaled.jpg\" \/>\n\t<meta property=\"og:image:width\" content=\"2560\" \/>\n\t<meta property=\"og:image:height\" content=\"905\" \/>\n\t<meta property=\"og:image:type\" content=\"image\/jpeg\" \/>\n<meta name=\"twitter:card\" content=\"summary_large_image\" \/>\n<meta name=\"twitter:site\" content=\"@shrimataji\" \/>\n<meta name=\"twitter:label1\" content=\"Est. reading time\" \/>\n\t<meta name=\"twitter:data1\" content=\"4 minutes\" \/>\n<script type=\"application\/ld+json\" class=\"yoast-schema-graph\">{\"@context\":\"https:\\\/\\\/schema.org\",\"@graph\":[{\"@type\":\"WebPage\",\"@id\":\"https:\\\/\\\/shrimataji.org\\\/test\\\/de\\\/heirat-unabhaengigkeit\\\/\",\"url\":\"https:\\\/\\\/shrimataji.org\\\/test\\\/de\\\/heirat-unabhaengigkeit\\\/\",\"name\":\"Heirat und Unabh\u00e4ngigkeit - TEST - SMND\",\"isPartOf\":{\"@id\":\"https:\\\/\\\/shrimataji.org\\\/test\\\/#website\"},\"primaryImageOfPage\":{\"@id\":\"https:\\\/\\\/shrimataji.org\\\/test\\\/de\\\/heirat-unabhaengigkeit\\\/#primaryimage\"},\"image\":{\"@id\":\"https:\\\/\\\/shrimataji.org\\\/test\\\/de\\\/heirat-unabhaengigkeit\\\/#primaryimage\"},\"thumbnailUrl\":\"https:\\\/\\\/shrimataji.org\\\/test\\\/wp-content\\\/uploads\\\/2023\\\/03\\\/4_Banner_EarlyLife-Mariage-Independance_2-scaled.jpg\",\"datePublished\":\"2018-07-10T06:54:50+00:00\",\"dateModified\":\"2024-04-27T01:15:16+00:00\",\"breadcrumb\":{\"@id\":\"https:\\\/\\\/shrimataji.org\\\/test\\\/de\\\/heirat-unabhaengigkeit\\\/#breadcrumb\"},\"inLanguage\":\"en-US\",\"potentialAction\":[{\"@type\":\"ReadAction\",\"target\":[\"https:\\\/\\\/shrimataji.org\\\/test\\\/de\\\/heirat-unabhaengigkeit\\\/\"]}]},{\"@type\":\"ImageObject\",\"inLanguage\":\"en-US\",\"@id\":\"https:\\\/\\\/shrimataji.org\\\/test\\\/de\\\/heirat-unabhaengigkeit\\\/#primaryimage\",\"url\":\"https:\\\/\\\/shrimataji.org\\\/test\\\/wp-content\\\/uploads\\\/2023\\\/03\\\/4_Banner_EarlyLife-Mariage-Independance_2-scaled.jpg\",\"contentUrl\":\"https:\\\/\\\/shrimataji.org\\\/test\\\/wp-content\\\/uploads\\\/2023\\\/03\\\/4_Banner_EarlyLife-Mariage-Independance_2-scaled.jpg\",\"width\":2560,\"height\":905},{\"@type\":\"BreadcrumbList\",\"@id\":\"https:\\\/\\\/shrimataji.org\\\/test\\\/de\\\/heirat-unabhaengigkeit\\\/#breadcrumb\",\"itemListElement\":[{\"@type\":\"ListItem\",\"position\":1,\"name\":\"Home\",\"item\":\"https:\\\/\\\/shrimataji.org\\\/test\\\/uk\\\/home-en\\\/\"},{\"@type\":\"ListItem\",\"position\":2,\"name\":\"Heirat und Unabh\u00e4ngigkeit\"}]},{\"@type\":\"WebSite\",\"@id\":\"https:\\\/\\\/shrimataji.org\\\/test\\\/#website\",\"url\":\"https:\\\/\\\/shrimataji.org\\\/test\\\/\",\"name\":\"Shri Mataji Nirmala Devi\",\"description\":\"A Life Dedicated to Humanity\",\"publisher\":{\"@id\":\"https:\\\/\\\/shrimataji.org\\\/test\\\/#\\\/schema\\\/person\\\/a1b3419c6585f164aa96da1ff85715d1\"},\"potentialAction\":[{\"@type\":\"SearchAction\",\"target\":{\"@type\":\"EntryPoint\",\"urlTemplate\":\"https:\\\/\\\/shrimataji.org\\\/test\\\/?s={search_term_string}\"},\"query-input\":{\"@type\":\"PropertyValueSpecification\",\"valueRequired\":true,\"valueName\":\"search_term_string\"}}],\"inLanguage\":\"en-US\"},{\"@type\":[\"Person\",\"Organization\"],\"@id\":\"https:\\\/\\\/shrimataji.org\\\/test\\\/#\\\/schema\\\/person\\\/a1b3419c6585f164aa96da1ff85715d1\",\"name\":\"Nirmala Shrivastava\",\"image\":{\"@type\":\"ImageObject\",\"inLanguage\":\"en-US\",\"@id\":\"https:\\\/\\\/shrimataji.org\\\/test\\\/wp-content\\\/uploads\\\/2023\\\/02\\\/SMO_LOGO-03.svg\",\"url\":\"https:\\\/\\\/shrimataji.org\\\/test\\\/wp-content\\\/uploads\\\/2023\\\/02\\\/SMO_LOGO-03.svg\",\"contentUrl\":\"https:\\\/\\\/shrimataji.org\\\/test\\\/wp-content\\\/uploads\\\/2023\\\/02\\\/SMO_LOGO-03.svg\",\"width\":\"1024\",\"height\":\"1024\",\"caption\":\"Nirmala Shrivastava\"},\"logo\":{\"@id\":\"https:\\\/\\\/shrimataji.org\\\/test\\\/wp-content\\\/uploads\\\/2023\\\/02\\\/SMO_LOGO-03.svg\"},\"sameAs\":[\"https:\\\/\\\/shrimataji.org\\\/test\",\"https:\\\/\\\/www.facebook.com\\\/shrimataji\",\"https:\\\/\\\/x.com\\\/shrimataji\",\"https:\\\/\\\/www.youtube.com\\\/@Shri_Mataji_Nirmala_Devi\\\/featured\"]}]}<\/script>\n<!-- \/ Yoast SEO plugin. -->","yoast_head_json":{"title":"Heirat und Unabh\u00e4ngigkeit - TEST - SMND","robots":{"index":"noindex","follow":"follow","max-snippet":"max-snippet:-1","max-image-preview":"max-image-preview:large","max-video-preview":"max-video-preview:-1"},"og_locale":"en_US","og_type":"article","og_title":"Heirat und Unabh\u00e4ngigkeit - TEST - SMND","og_description":"Heirat und Unabh\u00e4ngigkeit Das R\u00fcckgrat von Familie und Gesellschaft Shri Matajis Kindheit und Jugend waren mit der Geburt der neuen indischen Nation verwoben, und ihre Jahre als Ehefrau und junge Mutter erwiesen sich als ebenso bedeutsam. Heute weithin bekannt als Shri Mataji Nirmala Devi wurde Nirmala Salve am 7. April 1947 mit Chandrika Prasad Srivastava&hellip; Read more","og_url":"https:\/\/shrimataji.org\/test\/de\/heirat-unabhaengigkeit\/","og_site_name":"TEST - SMND","article_publisher":"https:\/\/www.facebook.com\/shrimataji","article_modified_time":"2024-04-27T01:15:16+00:00","og_image":[{"width":2560,"height":905,"url":"https:\/\/shrimataji.org\/test\/wp-content\/uploads\/2023\/03\/4_Banner_EarlyLife-Mariage-Independance_2-scaled.jpg","type":"image\/jpeg"}],"twitter_card":"summary_large_image","twitter_site":"@shrimataji","twitter_misc":{"Est. reading time":"4 minutes"},"schema":{"@context":"https:\/\/schema.org","@graph":[{"@type":"WebPage","@id":"https:\/\/shrimataji.org\/test\/de\/heirat-unabhaengigkeit\/","url":"https:\/\/shrimataji.org\/test\/de\/heirat-unabhaengigkeit\/","name":"Heirat und Unabh\u00e4ngigkeit - TEST - SMND","isPartOf":{"@id":"https:\/\/shrimataji.org\/test\/#website"},"primaryImageOfPage":{"@id":"https:\/\/shrimataji.org\/test\/de\/heirat-unabhaengigkeit\/#primaryimage"},"image":{"@id":"https:\/\/shrimataji.org\/test\/de\/heirat-unabhaengigkeit\/#primaryimage"},"thumbnailUrl":"https:\/\/shrimataji.org\/test\/wp-content\/uploads\/2023\/03\/4_Banner_EarlyLife-Mariage-Independance_2-scaled.jpg","datePublished":"2018-07-10T06:54:50+00:00","dateModified":"2024-04-27T01:15:16+00:00","breadcrumb":{"@id":"https:\/\/shrimataji.org\/test\/de\/heirat-unabhaengigkeit\/#breadcrumb"},"inLanguage":"en-US","potentialAction":[{"@type":"ReadAction","target":["https:\/\/shrimataji.org\/test\/de\/heirat-unabhaengigkeit\/"]}]},{"@type":"ImageObject","inLanguage":"en-US","@id":"https:\/\/shrimataji.org\/test\/de\/heirat-unabhaengigkeit\/#primaryimage","url":"https:\/\/shrimataji.org\/test\/wp-content\/uploads\/2023\/03\/4_Banner_EarlyLife-Mariage-Independance_2-scaled.jpg","contentUrl":"https:\/\/shrimataji.org\/test\/wp-content\/uploads\/2023\/03\/4_Banner_EarlyLife-Mariage-Independance_2-scaled.jpg","width":2560,"height":905},{"@type":"BreadcrumbList","@id":"https:\/\/shrimataji.org\/test\/de\/heirat-unabhaengigkeit\/#breadcrumb","itemListElement":[{"@type":"ListItem","position":1,"name":"Home","item":"https:\/\/shrimataji.org\/test\/uk\/home-en\/"},{"@type":"ListItem","position":2,"name":"Heirat und Unabh\u00e4ngigkeit"}]},{"@type":"WebSite","@id":"https:\/\/shrimataji.org\/test\/#website","url":"https:\/\/shrimataji.org\/test\/","name":"Shri Mataji Nirmala Devi","description":"A Life Dedicated to Humanity","publisher":{"@id":"https:\/\/shrimataji.org\/test\/#\/schema\/person\/a1b3419c6585f164aa96da1ff85715d1"},"potentialAction":[{"@type":"SearchAction","target":{"@type":"EntryPoint","urlTemplate":"https:\/\/shrimataji.org\/test\/?s={search_term_string}"},"query-input":{"@type":"PropertyValueSpecification","valueRequired":true,"valueName":"search_term_string"}}],"inLanguage":"en-US"},{"@type":["Person","Organization"],"@id":"https:\/\/shrimataji.org\/test\/#\/schema\/person\/a1b3419c6585f164aa96da1ff85715d1","name":"Nirmala Shrivastava","image":{"@type":"ImageObject","inLanguage":"en-US","@id":"https:\/\/shrimataji.org\/test\/wp-content\/uploads\/2023\/02\/SMO_LOGO-03.svg","url":"https:\/\/shrimataji.org\/test\/wp-content\/uploads\/2023\/02\/SMO_LOGO-03.svg","contentUrl":"https:\/\/shrimataji.org\/test\/wp-content\/uploads\/2023\/02\/SMO_LOGO-03.svg","width":"1024","height":"1024","caption":"Nirmala Shrivastava"},"logo":{"@id":"https:\/\/shrimataji.org\/test\/wp-content\/uploads\/2023\/02\/SMO_LOGO-03.svg"},"sameAs":["https:\/\/shrimataji.org\/test","https:\/\/www.facebook.com\/shrimataji","https:\/\/x.com\/shrimataji","https:\/\/www.youtube.com\/@Shri_Mataji_Nirmala_Devi\/featured"]}]}},"lang":"de","translations":{"de":10667,"ur":37462,"en":439,"am":18034,"th":19994,"hu":19515,"sq":18435,"zh":17332,"tr":10181,"pt":10393,"fr":10765,"it":10863,"es":10960,"ja":11257,"ru":11445,"bn":11637,"te":11745,"sw":11868,"he":12016,"el":12308,"sk":12406,"fa":12504,"fi":12602,"bg":13442,"ro":14516,"cs":14709,"nl":16595,"ku":16755,"ar":16931,"be":18642,"kn":18916,"mr":20358,"uk":20652,"ml":20947,"ta":22753,"sv":23024,"gu":28867,"pa":29027,"fil":29472,"da":37775,"pl":37987,"nn":38327},"pll_sync_post":[],"_links":{"self":[{"href":"https:\/\/shrimataji.org\/test\/wp-json\/wp\/v2\/pages\/10667","targetHints":{"allow":["GET"]}}],"collection":[{"href":"https:\/\/shrimataji.org\/test\/wp-json\/wp\/v2\/pages"}],"about":[{"href":"https:\/\/shrimataji.org\/test\/wp-json\/wp\/v2\/types\/page"}],"author":[{"embeddable":true,"href":"https:\/\/shrimataji.org\/test\/wp-json\/wp\/v2\/users\/10"}],"replies":[{"embeddable":true,"href":"https:\/\/shrimataji.org\/test\/wp-json\/wp\/v2\/comments?post=10667"}],"version-history":[{"count":0,"href":"https:\/\/shrimataji.org\/test\/wp-json\/wp\/v2\/pages\/10667\/revisions"}],"wp:featuredmedia":[{"embeddable":true,"href":"https:\/\/shrimataji.org\/test\/wp-json\/wp\/v2\/media\/9510"}],"wp:attachment":[{"href":"https:\/\/shrimataji.org\/test\/wp-json\/wp\/v2\/media?parent=10667"}],"curies":[{"name":"wp","href":"https:\/\/api.w.org\/{rel}","templated":true}]}}