{"id":10669,"date":"2013-03-05T14:00:00","date_gmt":"2013-03-05T14:00:00","guid":{"rendered":"http:\/\/testwordpress.nirmalnagari.org\/smnd\/index.php\/may-5th-world-realization-day\/"},"modified":"2024-04-27T01:15:20","modified_gmt":"2024-04-27T01:15:20","slug":"welttag-selbst-verwirklichung","status":"publish","type":"page","link":"https:\/\/shrimataji.org\/test\/de\/welttag-selbst-verwirklichung\/","title":{"rendered":"Welttag der Selbst-Verwirklichung"},"content":{"rendered":"\n\n\t<h1>Der 5. Mai &#8211; Welttag der Selbst-Verwirklichung<\/h1>\n<h4>Zu Ehren von Shri Mataji Nirmala Devi wurde der 5. Mai zum Welttag der Selbst-Verwirklichung erkl\u00e4rt<\/h4>\n<p>Die &#8220;Shri Mataji Nirmala Devi Sahaja Yoga World Foundation&#8221; freut sich, zu Ehren des Werkes und der Vision der Gr\u00fcnderin des modernen Sahaja Yoga &#8211; Shri Mataji Nirmala Devi &#8211; den 5. Mai zum Welttag der <a href=\"https:\/\/shrimataji.org\/test\/de\/selbst-verwirklichung\/\">Selbst-Verwirklichung<\/a> zu erkl\u00e4ren. Nach Jahren der Meditation und des Studiums ihrer Mitmenschen war Shri Mataji am 5. Mai 1970 in indischen Nargol Zeuge, wie sich ihr letztes subtiles Energiezentrum \u00f6ffnete &#8211; das <a href=\"https:\/\/shrimataji.org\/test\/de\/sahasrara-de\/\">Sahasrara Chakra<\/a>.<\/p>\n<p>Das auch Fontanellen-Chakra genannte Energiezentrum befindet sich im limbischen Bereich des Gehirns, und dieser einmalige Durchbruch \u00f6ffnete die T\u00fcr zu einer neuen \u00c4ra der Emanzipation durch <a href=\"https:\/\/shrimataji.org\/test\/de\/gesellschaftliche-transformation\/\">innere Transformation<\/a>. Shri Mataji entdeckte damit eine M\u00f6glichkeit, viele Menschen gleichzeitig spirituell zu erwecken. Dieses &#8220;Selbst-Verwirklichung&#8221; genannte Erwachen besteht in der Aktivierung der vitalen <a href=\"https:\/\/shrimataji.org\/test\/de\/kundalini_de\/\">Kundalini-Energie<\/a>, die in jedem Menschen existiert. Ohne sich auf einen Berggipfel zur\u00fcckziehen und Askese praktizieren zu m\u00fcssen, kann man diese Erfahrung spontan erleben, indem man einfach darum bittet.<\/p>\n<p>Shri Mataji machte die Selbst-Verwirklichung zur Grundlage einer Meditation, die sie &#8220;Sahaja Yoga&#8221; nannte. Der Schl\u00fcssel zu dieser Praxis und das, was sie von anderen Methoden unterscheidet, ist das &#8220;gedankenfreie Bewusstsein&#8221;. Es erhebt sich aus geistiger Stille und nicht durch Visualisierung oder andere Arten mentaler Konzentration. Die <a href=\"https:\/\/shrimataji.org\/test\/de\/sahaja-yoga-meditation-de\/\">Sahaja-Yoga-Meditation<\/a> hat sich in den letzten 40 Jahren stark entwickelt und wird heute in \u00fcber 100 L\u00e4ndern praktiziert. Alle Interessenten kommen aus unterschiedlichsten Bereichen, um durch diese einzigartige Meditation Frieden, Zufriedenheit und Wohlbefinden zu finden.<\/p>\n<p>Als Studentin beteiligte Shri Mataji sich zusammen mit Mahatma Gandhi am gewaltfreien Kampf f\u00fcr die Unabh\u00e4ngigkeit Indiens. Sie wurde zweimal f\u00fcr den Friedensnobelpreis nominiert und erhielt 1989 die Friedensmedaille der Vereinten Nationen. Mehr als 40 Jahre lang reiste sie um die Welt, um ihre Botschaft von Frieden und Einheit durch Sahaja Yoga zu verbreiten. Einzigartig unter den so genannten Gurus ihrer Zeit war ihre Schl\u00fcsselbotschaft, dass jeder Mensch den Samen seiner eigenen Meisterschaft in sich selbst trage. Alle k\u00f6nnen ihr eigener Guru werden, ohne auf Dogmen oder Rituale zur\u00fcckgreifen zu m\u00fcssen.<\/p>\n<p>Shri Mataji verstarb 2011, doch ihr <a href=\"https:\/\/shrimataji.org\/test\/de\/vermaechtnis\/\">Verm\u00e4chtnis<\/a> bleibt im pers\u00f6nlichen Leben und der Gemeinschaftsarbeit ihrer Anh\u00e4nger auf der ganzen Welt lebendig. Immer wieder erkl\u00e4rte sie, dass jeder Mensch das Recht habe, seine Selbst-Verwirklichung kostenlos zu erlangen. Genauso engagiert wie sie selbst, wird auch heute noch diese Erfahrung in zahllosen \u00f6ffentlichen Veranstaltungen zu denen getragen, die darum bitten.<\/p>\n<p>Der 5. Mai k\u00f6nnte eines Tages als der wichtigste Jahrestag in der Geschichte der Menschheit anerkannt werden. Bis dahin wird er ein universelles und liebevolles Denkmal des Gurus aller Gurus und der Lehrerin aller Lehrerinnen sein. Sie brachte der Welt greifbare und sinnhafte Spiritualit\u00e4t.<\/p>\n<p>Dieser Artikel wurde erstmals am 3. Mai 2013 ver\u00f6ffentlicht.<\/p>\n\n","protected":false},"excerpt":{"rendered":"<p>Der 5. Mai &#8211; Welttag der Selbst-Verwirklichung Zu Ehren von Shri Mataji Nirmala Devi wurde der 5. Mai zum Welttag der Selbst-Verwirklichung erkl\u00e4rt Die &#8220;Shri Mataji Nirmala Devi Sahaja Yoga World Foundation&#8221; freut sich, zu Ehren des Werkes und der Vision der Gr\u00fcnderin des modernen Sahaja Yoga &#8211; Shri Mataji Nirmala Devi &#8211; den 5.&hellip; <br \/> <a class=\"read-more\" href=\"https:\/\/shrimataji.org\/test\/de\/welttag-selbst-verwirklichung\/\">Read more<\/a><\/p>\n","protected":false},"author":10,"featured_media":0,"parent":0,"menu_order":0,"comment_status":"closed","ping_status":"closed","template":"","meta":{"inline_featured_image":false,"footnotes":""},"class_list":["post-10669","page","type-page","status-publish","hentry"],"yoast_head":"<!-- This site is optimized with the Yoast SEO plugin v27.4 - https:\/\/yoast.com\/product\/yoast-seo-wordpress\/ -->\n<title>Welttag der Selbst-Verwirklichung - TEST - SMND<\/title>\n<meta name=\"robots\" content=\"noindex, follow, max-snippet:-1, max-image-preview:large, max-video-preview:-1\" \/>\n<meta property=\"og:locale\" content=\"en_US\" \/>\n<meta property=\"og:type\" content=\"article\" \/>\n<meta property=\"og:title\" content=\"Welttag der Selbst-Verwirklichung - TEST - SMND\" \/>\n<meta property=\"og:description\" content=\"Der 5. Mai &#8211; Welttag der Selbst-Verwirklichung Zu Ehren von Shri Mataji Nirmala Devi wurde der 5. Mai zum Welttag der Selbst-Verwirklichung erkl\u00e4rt Die &#8220;Shri Mataji Nirmala Devi Sahaja Yoga World Foundation&#8221; freut sich, zu Ehren des Werkes und der Vision der Gr\u00fcnderin des modernen Sahaja Yoga &#8211; Shri Mataji Nirmala Devi &#8211; den 5.&hellip; Read more\" \/>\n<meta property=\"og:url\" content=\"https:\/\/shrimataji.org\/test\/de\/welttag-selbst-verwirklichung\/\" \/>\n<meta property=\"og:site_name\" content=\"TEST - SMND\" \/>\n<meta property=\"article:publisher\" content=\"https:\/\/www.facebook.com\/shrimataji\" \/>\n<meta property=\"article:modified_time\" content=\"2024-04-27T01:15:20+00:00\" \/>\n<meta property=\"og:image\" content=\"https:\/\/shrimataji.org\/test\/wp-content\/uploads\/2018\/07\/fp11-e1588597806347.jpg\" \/>\n\t<meta property=\"og:image:width\" content=\"707\" \/>\n\t<meta property=\"og:image:height\" content=\"700\" \/>\n\t<meta property=\"og:image:type\" content=\"image\/jpeg\" \/>\n<meta name=\"twitter:card\" content=\"summary_large_image\" \/>\n<meta name=\"twitter:site\" content=\"@shrimataji\" \/>\n<meta name=\"twitter:label1\" content=\"Est. reading time\" \/>\n\t<meta name=\"twitter:data1\" content=\"2 minutes\" \/>\n<script type=\"application\/ld+json\" class=\"yoast-schema-graph\">{\"@context\":\"https:\\\/\\\/schema.org\",\"@graph\":[{\"@type\":\"WebPage\",\"@id\":\"https:\\\/\\\/shrimataji.org\\\/test\\\/de\\\/welttag-selbst-verwirklichung\\\/\",\"url\":\"https:\\\/\\\/shrimataji.org\\\/test\\\/de\\\/welttag-selbst-verwirklichung\\\/\",\"name\":\"Welttag der Selbst-Verwirklichung - TEST - SMND\",\"isPartOf\":{\"@id\":\"https:\\\/\\\/shrimataji.org\\\/test\\\/#website\"},\"datePublished\":\"2013-03-05T14:00:00+00:00\",\"dateModified\":\"2024-04-27T01:15:20+00:00\",\"breadcrumb\":{\"@id\":\"https:\\\/\\\/shrimataji.org\\\/test\\\/de\\\/welttag-selbst-verwirklichung\\\/#breadcrumb\"},\"inLanguage\":\"en-US\",\"potentialAction\":[{\"@type\":\"ReadAction\",\"target\":[\"https:\\\/\\\/shrimataji.org\\\/test\\\/de\\\/welttag-selbst-verwirklichung\\\/\"]}]},{\"@type\":\"BreadcrumbList\",\"@id\":\"https:\\\/\\\/shrimataji.org\\\/test\\\/de\\\/welttag-selbst-verwirklichung\\\/#breadcrumb\",\"itemListElement\":[{\"@type\":\"ListItem\",\"position\":1,\"name\":\"Home\",\"item\":\"https:\\\/\\\/shrimataji.org\\\/test\\\/uk\\\/home-en\\\/\"},{\"@type\":\"ListItem\",\"position\":2,\"name\":\"Welttag der Selbst-Verwirklichung\"}]},{\"@type\":\"WebSite\",\"@id\":\"https:\\\/\\\/shrimataji.org\\\/test\\\/#website\",\"url\":\"https:\\\/\\\/shrimataji.org\\\/test\\\/\",\"name\":\"Shri Mataji Nirmala Devi\",\"description\":\"A Life Dedicated to Humanity\",\"publisher\":{\"@id\":\"https:\\\/\\\/shrimataji.org\\\/test\\\/#\\\/schema\\\/person\\\/a1b3419c6585f164aa96da1ff85715d1\"},\"potentialAction\":[{\"@type\":\"SearchAction\",\"target\":{\"@type\":\"EntryPoint\",\"urlTemplate\":\"https:\\\/\\\/shrimataji.org\\\/test\\\/?s={search_term_string}\"},\"query-input\":{\"@type\":\"PropertyValueSpecification\",\"valueRequired\":true,\"valueName\":\"search_term_string\"}}],\"inLanguage\":\"en-US\"},{\"@type\":[\"Person\",\"Organization\"],\"@id\":\"https:\\\/\\\/shrimataji.org\\\/test\\\/#\\\/schema\\\/person\\\/a1b3419c6585f164aa96da1ff85715d1\",\"name\":\"Nirmala Shrivastava\",\"image\":{\"@type\":\"ImageObject\",\"inLanguage\":\"en-US\",\"@id\":\"https:\\\/\\\/shrimataji.org\\\/test\\\/wp-content\\\/uploads\\\/2023\\\/02\\\/SMO_LOGO-03.svg\",\"url\":\"https:\\\/\\\/shrimataji.org\\\/test\\\/wp-content\\\/uploads\\\/2023\\\/02\\\/SMO_LOGO-03.svg\",\"contentUrl\":\"https:\\\/\\\/shrimataji.org\\\/test\\\/wp-content\\\/uploads\\\/2023\\\/02\\\/SMO_LOGO-03.svg\",\"width\":\"1024\",\"height\":\"1024\",\"caption\":\"Nirmala Shrivastava\"},\"logo\":{\"@id\":\"https:\\\/\\\/shrimataji.org\\\/test\\\/wp-content\\\/uploads\\\/2023\\\/02\\\/SMO_LOGO-03.svg\"},\"sameAs\":[\"https:\\\/\\\/shrimataji.org\\\/test\",\"https:\\\/\\\/www.facebook.com\\\/shrimataji\",\"https:\\\/\\\/x.com\\\/shrimataji\",\"https:\\\/\\\/www.youtube.com\\\/@Shri_Mataji_Nirmala_Devi\\\/featured\"]}]}<\/script>\n<!-- \/ Yoast SEO plugin. -->","yoast_head_json":{"title":"Welttag der Selbst-Verwirklichung - TEST - SMND","robots":{"index":"noindex","follow":"follow","max-snippet":"max-snippet:-1","max-image-preview":"max-image-preview:large","max-video-preview":"max-video-preview:-1"},"og_locale":"en_US","og_type":"article","og_title":"Welttag der Selbst-Verwirklichung - TEST - SMND","og_description":"Der 5. Mai &#8211; Welttag der Selbst-Verwirklichung Zu Ehren von Shri Mataji Nirmala Devi wurde der 5. Mai zum Welttag der Selbst-Verwirklichung erkl\u00e4rt Die &#8220;Shri Mataji Nirmala Devi Sahaja Yoga World Foundation&#8221; freut sich, zu Ehren des Werkes und der Vision der Gr\u00fcnderin des modernen Sahaja Yoga &#8211; Shri Mataji Nirmala Devi &#8211; den 5.&hellip; Read more","og_url":"https:\/\/shrimataji.org\/test\/de\/welttag-selbst-verwirklichung\/","og_site_name":"TEST - SMND","article_publisher":"https:\/\/www.facebook.com\/shrimataji","article_modified_time":"2024-04-27T01:15:20+00:00","og_image":[{"width":707,"height":700,"url":"https:\/\/shrimataji.org\/test\/wp-content\/uploads\/2018\/07\/fp11-e1588597806347.jpg","type":"image\/jpeg"}],"twitter_card":"summary_large_image","twitter_site":"@shrimataji","twitter_misc":{"Est. reading time":"2 minutes"},"schema":{"@context":"https:\/\/schema.org","@graph":[{"@type":"WebPage","@id":"https:\/\/shrimataji.org\/test\/de\/welttag-selbst-verwirklichung\/","url":"https:\/\/shrimataji.org\/test\/de\/welttag-selbst-verwirklichung\/","name":"Welttag der Selbst-Verwirklichung - TEST - SMND","isPartOf":{"@id":"https:\/\/shrimataji.org\/test\/#website"},"datePublished":"2013-03-05T14:00:00+00:00","dateModified":"2024-04-27T01:15:20+00:00","breadcrumb":{"@id":"https:\/\/shrimataji.org\/test\/de\/welttag-selbst-verwirklichung\/#breadcrumb"},"inLanguage":"en-US","potentialAction":[{"@type":"ReadAction","target":["https:\/\/shrimataji.org\/test\/de\/welttag-selbst-verwirklichung\/"]}]},{"@type":"BreadcrumbList","@id":"https:\/\/shrimataji.org\/test\/de\/welttag-selbst-verwirklichung\/#breadcrumb","itemListElement":[{"@type":"ListItem","position":1,"name":"Home","item":"https:\/\/shrimataji.org\/test\/uk\/home-en\/"},{"@type":"ListItem","position":2,"name":"Welttag der Selbst-Verwirklichung"}]},{"@type":"WebSite","@id":"https:\/\/shrimataji.org\/test\/#website","url":"https:\/\/shrimataji.org\/test\/","name":"Shri Mataji Nirmala Devi","description":"A Life Dedicated to Humanity","publisher":{"@id":"https:\/\/shrimataji.org\/test\/#\/schema\/person\/a1b3419c6585f164aa96da1ff85715d1"},"potentialAction":[{"@type":"SearchAction","target":{"@type":"EntryPoint","urlTemplate":"https:\/\/shrimataji.org\/test\/?s={search_term_string}"},"query-input":{"@type":"PropertyValueSpecification","valueRequired":true,"valueName":"search_term_string"}}],"inLanguage":"en-US"},{"@type":["Person","Organization"],"@id":"https:\/\/shrimataji.org\/test\/#\/schema\/person\/a1b3419c6585f164aa96da1ff85715d1","name":"Nirmala Shrivastava","image":{"@type":"ImageObject","inLanguage":"en-US","@id":"https:\/\/shrimataji.org\/test\/wp-content\/uploads\/2023\/02\/SMO_LOGO-03.svg","url":"https:\/\/shrimataji.org\/test\/wp-content\/uploads\/2023\/02\/SMO_LOGO-03.svg","contentUrl":"https:\/\/shrimataji.org\/test\/wp-content\/uploads\/2023\/02\/SMO_LOGO-03.svg","width":"1024","height":"1024","caption":"Nirmala Shrivastava"},"logo":{"@id":"https:\/\/shrimataji.org\/test\/wp-content\/uploads\/2023\/02\/SMO_LOGO-03.svg"},"sameAs":["https:\/\/shrimataji.org\/test","https:\/\/www.facebook.com\/shrimataji","https:\/\/x.com\/shrimataji","https:\/\/www.youtube.com\/@Shri_Mataji_Nirmala_Devi\/featured"]}]}},"lang":"de","translations":{"de":10669,"en":453,"am":18037,"th":19998,"hu":19518,"sq":18438,"zh":17335,"tr":10183,"pt":10395,"fr":10767,"it":10865,"es":10962,"ja":11259,"ru":11447,"bn":11639,"te":11747,"sw":11870,"he":12018,"el":12310,"sk":12408,"fa":12506,"fi":12604,"bg":13491,"ro":14566,"cs":14759,"nl":16598,"ku":16758,"ar":16934,"be":18645,"kn":18919,"mr":20362,"uk":20656,"ml":20951,"ta":22756,"sv":23027,"gu":28870,"pa":29030,"fil":29475},"pll_sync_post":[],"_links":{"self":[{"href":"https:\/\/shrimataji.org\/test\/wp-json\/wp\/v2\/pages\/10669","targetHints":{"allow":["GET"]}}],"collection":[{"href":"https:\/\/shrimataji.org\/test\/wp-json\/wp\/v2\/pages"}],"about":[{"href":"https:\/\/shrimataji.org\/test\/wp-json\/wp\/v2\/types\/page"}],"author":[{"embeddable":true,"href":"https:\/\/shrimataji.org\/test\/wp-json\/wp\/v2\/users\/10"}],"replies":[{"embeddable":true,"href":"https:\/\/shrimataji.org\/test\/wp-json\/wp\/v2\/comments?post=10669"}],"version-history":[{"count":0,"href":"https:\/\/shrimataji.org\/test\/wp-json\/wp\/v2\/pages\/10669\/revisions"}],"wp:attachment":[{"href":"https:\/\/shrimataji.org\/test\/wp-json\/wp\/v2\/media?parent=10669"}],"curies":[{"name":"wp","href":"https:\/\/api.w.org\/{rel}","templated":true}]}}