{"id":10670,"date":"2022-02-25T05:44:57","date_gmt":"2022-02-25T05:44:57","guid":{"rendered":"https:\/\/test.shrimataji.org\/?page_id=6480"},"modified":"2024-04-27T01:15:17","modified_gmt":"2024-04-27T01:15:17","slug":"muladhara-de","status":"publish","type":"page","link":"https:\/\/shrimataji.org\/test\/de\/muladhara-de\/","title":{"rendered":"Muladhara Chakra"},"content":{"rendered":"\n\n\t<h1>Muladhara Chakra<\/h1>\n<h2>Unschuld und Weisheit<\/h2>\n<div class=\"su-quote su-quote-style-default\"><div class=\"su-quote-inner su-u-clearfix su-u-trim\">Das Wort <em>Muladhara<\/em> ist zusammengesetzt aus den beiden Sanskritaudr\u00fccken <em>mula<\/em> und <em>adhara<\/em>. <em>Mula<\/em> bedeutet &#8220;Wurzel&#8221; und <em>adhara<\/em>\u00a0bedeutet &#8220;Unterst\u00fctzung&#8221;. <em>Muladhara<\/em> bedeutet also &#8220;Unterst\u00fctzung der Wurzel der Sch\u00f6pfung&#8221;. <\/div><\/div>\n<h4>Wir kommen als unschuldige Babys auf die Welt und k\u00f6nnen so sagen, dass die kindliche Qualit\u00e4t ein angeborenes Pers\u00f6nlichkeitsmerkmal ist. Unschuld, Spontaneit\u00e4t und Weisheit sind die Manifestation dieses Zentrums. Das Muladhara Chakra repr\u00e4sentiert die ewigen und unzerst\u00f6rbaren Qualit\u00e4ten in uns, die ihr volles Potenzial entfalten, wenn unsere <a href=\"https:\/\/shrimataji.org\/test\/de\/kundalini_de\/\">Kundalini<\/a>-Energie sie aktiviert. Auf der k\u00f6rperlichen Ebene steuert dieses Zentrum die Ausscheidungsorgane und das Fortpflanzungssystem. Auf der spirituellen Ebene bildet unser Muladhara Chakra die Grundlage des gesamten feinstofflichen Systems.<\/h4>\n<p>Wenn wir in der Meditation wachsen, erfahren wir ein tiefes Gef\u00fchl von Unschuld, Respekt und Liebe uns selbst und anderen gegen\u00fcber. Wir stellen ebenfalls fest, dass sich unser Ged\u00e4chtnis verbessert, da sich unser Geist von irrelevanten Ablenkungen befreit. Entfaltet sich dieses Zentrum in uns, entwickeln wir eine &#8220;magnetische&#8221; Pers\u00f6nlichkeit. Andere Menschen f\u00fchlen sich angezogen.<\/p>\n\t\n\t<p><strong>Lage<\/strong><\/p>\n<p>Das Muladhara Chakra befindet sich im Beckenplexus an der Basis unserer Wirbels\u00e4ule. Seine Vibrationen k\u00f6nnen wir an der Handwurzel sp\u00fcren.<\/p>\n<p><strong>Farbe<\/strong><\/p>\n<p>Dieses Chakra wird in korallenroter Farbe dargestellt und ist eng mit dem Element Erde verbunden.<\/p>\n<p><strong>Qualit\u00e4ten des Muladhara Chakras<\/strong><\/p>\n<ul>\n<li>Unschuld<\/li>\n<li>Reinheit<\/li>\n<li>Einfachheit<\/li>\n<li>kindliche Freude<\/li>\n<li>innere Weisheit<\/li>\n<li>W\u00fcrde<\/li>\n<li>Ausgeglichenheit<\/li>\n<li>Zielgerichtetheit<\/li>\n<li>Erdverbundenheit<\/li>\n<li>Harmonie mit der Natur<\/li>\n<\/ul>\n\t\t\t\t<a href=\"https:\/\/shrimataji.org\/test\/wp-content\/uploads\/2023\/02\/1-Mooladhara-01.png\" target=\"_blank\" rel=\"noopener\">\n\t\t\t\t<img loading=\"lazy\" decoding=\"async\" src=\"https:\/\/shrimataji.org\/test\/wp-content\/uploads\/2024\/04\/DE_1-Mooladhara.png\" alt=\"DE_1-Mooladhara\" height=\"1645\" width=\"1543\" title=\"DE_1-Mooladhara\" \/>\n\t\t\t\t<\/a>\n\t<div class=\"su-quote su-quote-style-default\"><div class=\"su-quote-inner su-u-clearfix su-u-trim\">Das unterste Zentrum steht f\u00fcr unsere Unschuld. Sie kann niemals zerst\u00f6rt werden, weil sie ewig ist. Sie kann von Wolken bedeckt sein, kehrt aber mit der Erweckung der Kundalini zu uns zur\u00fcck. Unsere Aufmerksamkeit wird absolut unschuldig und frei von Lust und Gier.<\/div><\/div>\n\t<strong>Aufgaben des Chakras und positive Effekte der Meditation<br \/>\n<\/strong>\n<p>Ein ausgeglichenes Muladhara Chakra hilft uns dabei, unsere innere Weisheit zu erhalten und zu mehren. Wir entwickeln die nat\u00fcrliche F\u00e4higkeit, zwischen richtig und falsch zu unterscheiden. Wir handeln weise und wissen, was zu tun oder zu unterlassen ist, um anderen und uns selbst nicht zu schaden.<\/p>\n<p>Ein ausgeglichenes Muladhara Chakra verbessert das Ged\u00e4chtnis, die Aufmerksamkeit und die Konzentration. Wir sind in der Lage, schnelle und effiziente Entscheidungen zu treffen, ohne dabei unser emotionales Gleichgewicht oder unsere Stabilit\u00e4t zu verlieren. Da das Muladhara Chakra dem Erdelement zugeordnet ist, spielt es eine wichtige Rolle f\u00fcr unser Verbindung zu Mutter Natur und wir genie\u00dfen es, in Harmonie mit ihr zu leben. Es hilft uns, unnat\u00fcrliche oder ungesunde Lebensweisen zu vermeiden. Menschen mit einem gut entwickelten Muladhara Chakra haben ein gesundes Gef\u00fchl f\u00fcr ihre eigene Unschuld und Reinheit und zeigen Respekt f\u00fcr die Unschuld anderer. Eine St\u00f6rung in diesem Chakra kann die Ursache f\u00fcr viele Krankheiten sein.<\/p>\n<p>Probleme des linken Energiekanals wie Depressionen oder Lethargie k\u00f6nnen durch das Balancieren des Muladhara Chakras verhindert werden. Auch Probleme des rechten Kanals wie aggressives Verhalten, \u00fcberm\u00e4\u00dfiges Denken und Planen sowie Genusssucht k\u00f6nnen ebenfalls durch die Herstellung eines Gleichgewichts im Muladhara Chakras beseitigt werden.<\/p>\n<p><strong>Selbsteinsch\u00e4tzung<\/strong><\/p>\n<p>Ist unser Muladhara Chakra aus dem Gleichgewicht geraten, haben wir m\u00f6glicherweise einen schlechten Orientierungssinn, ein schlechtes Ged\u00e4chtnis oder Gleichgewichtsgef\u00fchl. Andere Symptome einer St\u00f6rung zeigen sich als Probleme bei der Ausscheidung, der Sexualit\u00e4t oder der Fortpflanzung.<\/p>\n<p><strong>Gr\u00fcnde f\u00fcr ein Ungleichgewicht<\/strong><\/p>\n<p>Eine zu starke mentale Aktivit\u00e4t oder ein \u00fcbertriebenes Verlangen nach sinnlichen Gen\u00fcssen kann eine Blockade in diesem Zentrum verursachen. Auch schlechte soziale Einfl\u00fcsse k\u00f6nnen sich negativ auf seine innewohnenden Qualit\u00e4ten von Unschuld und Weisheit auswirken.<\/p>\n<strong>Wiederherstellung des Gleichgewichts<br \/>\n<\/strong>\n<p>Regelm\u00e4\u00dfige Sahaja-Yoga-Meditation hilft, unser Muladhara Chakra auszubalancieren und die sch\u00f6nen angeborenen Qualit\u00e4ten dieses Zentrums in unserem Bewusstsein zu st\u00e4rken. Zu Beginn sollten wir uns so oft wie m\u00f6glich am besten im Schneidersitz direkt auf die Erde setzen. W\u00e4hrend wir einen friedlichen Moment im Freien genie\u00dfen, k\u00f6nnen wir dabei unser linkes Muladhara Chakra reinigen. Dazu legen wir beide H\u00e4nde neben uns mit den Handfl\u00e4chen nach unten auf die Erde.<\/p>\n<p>K\u00f6nnen wir keine Zeit im Freien verbringen, ist es hilfreich, die <a href=\"https:\/\/shrimataji.org\/test\/de\/swadhisthana-de\/\" target=\"_blank\" rel=\"noopener\">F\u00fc\u00dfe beim Meditieren in einer Sch\u00fcssel mit lauwarmem Salzwasser zu baden<\/a>, um das Muladhara Chakra zu reinigen.<\/p>\n\n","protected":false},"excerpt":{"rendered":"<p>Muladhara Chakra Unschuld und Weisheit Wir kommen als unschuldige Babys auf die Welt und k\u00f6nnen so sagen, dass die kindliche Qualit\u00e4t ein angeborenes Pers\u00f6nlichkeitsmerkmal ist. Unschuld, Spontaneit\u00e4t und Weisheit sind die Manifestation dieses Zentrums. Das Muladhara Chakra repr\u00e4sentiert die ewigen und unzerst\u00f6rbaren Qualit\u00e4ten in uns, die ihr volles Potenzial entfalten, wenn unsere Kundalini-Energie sie aktiviert.&hellip; <br \/> <a class=\"read-more\" href=\"https:\/\/shrimataji.org\/test\/de\/muladhara-de\/\">Read more<\/a><\/p>\n","protected":false},"author":10,"featured_media":9251,"parent":0,"menu_order":0,"comment_status":"closed","ping_status":"closed","template":"","meta":{"inline_featured_image":false,"footnotes":""},"class_list":["post-10670","page","type-page","status-publish","has-post-thumbnail","hentry"],"yoast_head":"<!-- This site is optimized with the Yoast SEO plugin v27.4 - https:\/\/yoast.com\/product\/yoast-seo-wordpress\/ -->\n<title>Muladhara Chakra - TEST - SMND<\/title>\n<meta name=\"robots\" content=\"noindex, follow, max-snippet:-1, max-image-preview:large, max-video-preview:-1\" \/>\n<meta property=\"og:locale\" content=\"en_US\" \/>\n<meta property=\"og:type\" content=\"article\" \/>\n<meta property=\"og:title\" content=\"Muladhara Chakra - TEST - SMND\" \/>\n<meta property=\"og:description\" content=\"Muladhara Chakra Unschuld und Weisheit Wir kommen als unschuldige Babys auf die Welt und k\u00f6nnen so sagen, dass die kindliche Qualit\u00e4t ein angeborenes Pers\u00f6nlichkeitsmerkmal ist. Unschuld, Spontaneit\u00e4t und Weisheit sind die Manifestation dieses Zentrums. Das Muladhara Chakra repr\u00e4sentiert die ewigen und unzerst\u00f6rbaren Qualit\u00e4ten in uns, die ihr volles Potenzial entfalten, wenn unsere Kundalini-Energie sie aktiviert.&hellip; Read more\" \/>\n<meta property=\"og:url\" content=\"https:\/\/shrimataji.org\/test\/de\/muladhara-de\/\" \/>\n<meta property=\"og:site_name\" content=\"TEST - SMND\" \/>\n<meta property=\"article:publisher\" content=\"https:\/\/www.facebook.com\/shrimataji\" \/>\n<meta property=\"article:modified_time\" content=\"2024-04-27T01:15:17+00:00\" \/>\n<meta property=\"og:image\" content=\"https:\/\/shrimataji.org\/test\/wp-content\/uploads\/2023\/03\/16_Banner-SY-Chakra-mool-scaled.jpg\" \/>\n\t<meta property=\"og:image:width\" content=\"2560\" \/>\n\t<meta property=\"og:image:height\" content=\"905\" \/>\n\t<meta property=\"og:image:type\" content=\"image\/jpeg\" \/>\n<meta name=\"twitter:card\" content=\"summary_large_image\" \/>\n<meta name=\"twitter:site\" content=\"@shrimataji\" \/>\n<meta name=\"twitter:label1\" content=\"Est. reading time\" \/>\n\t<meta name=\"twitter:data1\" content=\"4 minutes\" \/>\n<script type=\"application\/ld+json\" class=\"yoast-schema-graph\">{\"@context\":\"https:\\\/\\\/schema.org\",\"@graph\":[{\"@type\":\"WebPage\",\"@id\":\"https:\\\/\\\/shrimataji.org\\\/test\\\/de\\\/muladhara-de\\\/\",\"url\":\"https:\\\/\\\/shrimataji.org\\\/test\\\/de\\\/muladhara-de\\\/\",\"name\":\"Muladhara Chakra - TEST - SMND\",\"isPartOf\":{\"@id\":\"https:\\\/\\\/shrimataji.org\\\/test\\\/#website\"},\"primaryImageOfPage\":{\"@id\":\"https:\\\/\\\/shrimataji.org\\\/test\\\/de\\\/muladhara-de\\\/#primaryimage\"},\"image\":{\"@id\":\"https:\\\/\\\/shrimataji.org\\\/test\\\/de\\\/muladhara-de\\\/#primaryimage\"},\"thumbnailUrl\":\"https:\\\/\\\/shrimataji.org\\\/test\\\/wp-content\\\/uploads\\\/2023\\\/03\\\/16_Banner-SY-Chakra-mool-scaled.jpg\",\"datePublished\":\"2022-02-25T05:44:57+00:00\",\"dateModified\":\"2024-04-27T01:15:17+00:00\",\"breadcrumb\":{\"@id\":\"https:\\\/\\\/shrimataji.org\\\/test\\\/de\\\/muladhara-de\\\/#breadcrumb\"},\"inLanguage\":\"en-US\",\"potentialAction\":[{\"@type\":\"ReadAction\",\"target\":[\"https:\\\/\\\/shrimataji.org\\\/test\\\/de\\\/muladhara-de\\\/\"]}]},{\"@type\":\"ImageObject\",\"inLanguage\":\"en-US\",\"@id\":\"https:\\\/\\\/shrimataji.org\\\/test\\\/de\\\/muladhara-de\\\/#primaryimage\",\"url\":\"https:\\\/\\\/shrimataji.org\\\/test\\\/wp-content\\\/uploads\\\/2023\\\/03\\\/16_Banner-SY-Chakra-mool-scaled.jpg\",\"contentUrl\":\"https:\\\/\\\/shrimataji.org\\\/test\\\/wp-content\\\/uploads\\\/2023\\\/03\\\/16_Banner-SY-Chakra-mool-scaled.jpg\",\"width\":2560,\"height\":905},{\"@type\":\"BreadcrumbList\",\"@id\":\"https:\\\/\\\/shrimataji.org\\\/test\\\/de\\\/muladhara-de\\\/#breadcrumb\",\"itemListElement\":[{\"@type\":\"ListItem\",\"position\":1,\"name\":\"Home\",\"item\":\"https:\\\/\\\/shrimataji.org\\\/test\\\/uk\\\/home-en\\\/\"},{\"@type\":\"ListItem\",\"position\":2,\"name\":\"Muladhara Chakra\"}]},{\"@type\":\"WebSite\",\"@id\":\"https:\\\/\\\/shrimataji.org\\\/test\\\/#website\",\"url\":\"https:\\\/\\\/shrimataji.org\\\/test\\\/\",\"name\":\"Shri Mataji Nirmala Devi\",\"description\":\"A Life Dedicated to Humanity\",\"publisher\":{\"@id\":\"https:\\\/\\\/shrimataji.org\\\/test\\\/#\\\/schema\\\/person\\\/a1b3419c6585f164aa96da1ff85715d1\"},\"potentialAction\":[{\"@type\":\"SearchAction\",\"target\":{\"@type\":\"EntryPoint\",\"urlTemplate\":\"https:\\\/\\\/shrimataji.org\\\/test\\\/?s={search_term_string}\"},\"query-input\":{\"@type\":\"PropertyValueSpecification\",\"valueRequired\":true,\"valueName\":\"search_term_string\"}}],\"inLanguage\":\"en-US\"},{\"@type\":[\"Person\",\"Organization\"],\"@id\":\"https:\\\/\\\/shrimataji.org\\\/test\\\/#\\\/schema\\\/person\\\/a1b3419c6585f164aa96da1ff85715d1\",\"name\":\"Nirmala Shrivastava\",\"image\":{\"@type\":\"ImageObject\",\"inLanguage\":\"en-US\",\"@id\":\"https:\\\/\\\/shrimataji.org\\\/test\\\/wp-content\\\/uploads\\\/2023\\\/02\\\/SMO_LOGO-03.svg\",\"url\":\"https:\\\/\\\/shrimataji.org\\\/test\\\/wp-content\\\/uploads\\\/2023\\\/02\\\/SMO_LOGO-03.svg\",\"contentUrl\":\"https:\\\/\\\/shrimataji.org\\\/test\\\/wp-content\\\/uploads\\\/2023\\\/02\\\/SMO_LOGO-03.svg\",\"width\":\"1024\",\"height\":\"1024\",\"caption\":\"Nirmala Shrivastava\"},\"logo\":{\"@id\":\"https:\\\/\\\/shrimataji.org\\\/test\\\/wp-content\\\/uploads\\\/2023\\\/02\\\/SMO_LOGO-03.svg\"},\"sameAs\":[\"https:\\\/\\\/shrimataji.org\\\/test\",\"https:\\\/\\\/www.facebook.com\\\/shrimataji\",\"https:\\\/\\\/x.com\\\/shrimataji\",\"https:\\\/\\\/www.youtube.com\\\/@Shri_Mataji_Nirmala_Devi\\\/featured\"]}]}<\/script>\n<!-- \/ Yoast SEO plugin. -->","yoast_head_json":{"title":"Muladhara Chakra - TEST - SMND","robots":{"index":"noindex","follow":"follow","max-snippet":"max-snippet:-1","max-image-preview":"max-image-preview:large","max-video-preview":"max-video-preview:-1"},"og_locale":"en_US","og_type":"article","og_title":"Muladhara Chakra - TEST - SMND","og_description":"Muladhara Chakra Unschuld und Weisheit Wir kommen als unschuldige Babys auf die Welt und k\u00f6nnen so sagen, dass die kindliche Qualit\u00e4t ein angeborenes Pers\u00f6nlichkeitsmerkmal ist. Unschuld, Spontaneit\u00e4t und Weisheit sind die Manifestation dieses Zentrums. Das Muladhara Chakra repr\u00e4sentiert die ewigen und unzerst\u00f6rbaren Qualit\u00e4ten in uns, die ihr volles Potenzial entfalten, wenn unsere Kundalini-Energie sie aktiviert.&hellip; Read more","og_url":"https:\/\/shrimataji.org\/test\/de\/muladhara-de\/","og_site_name":"TEST - SMND","article_publisher":"https:\/\/www.facebook.com\/shrimataji","article_modified_time":"2024-04-27T01:15:17+00:00","og_image":[{"width":2560,"height":905,"url":"https:\/\/shrimataji.org\/test\/wp-content\/uploads\/2023\/03\/16_Banner-SY-Chakra-mool-scaled.jpg","type":"image\/jpeg"}],"twitter_card":"summary_large_image","twitter_site":"@shrimataji","twitter_misc":{"Est. reading time":"4 minutes"},"schema":{"@context":"https:\/\/schema.org","@graph":[{"@type":"WebPage","@id":"https:\/\/shrimataji.org\/test\/de\/muladhara-de\/","url":"https:\/\/shrimataji.org\/test\/de\/muladhara-de\/","name":"Muladhara Chakra - TEST - SMND","isPartOf":{"@id":"https:\/\/shrimataji.org\/test\/#website"},"primaryImageOfPage":{"@id":"https:\/\/shrimataji.org\/test\/de\/muladhara-de\/#primaryimage"},"image":{"@id":"https:\/\/shrimataji.org\/test\/de\/muladhara-de\/#primaryimage"},"thumbnailUrl":"https:\/\/shrimataji.org\/test\/wp-content\/uploads\/2023\/03\/16_Banner-SY-Chakra-mool-scaled.jpg","datePublished":"2022-02-25T05:44:57+00:00","dateModified":"2024-04-27T01:15:17+00:00","breadcrumb":{"@id":"https:\/\/shrimataji.org\/test\/de\/muladhara-de\/#breadcrumb"},"inLanguage":"en-US","potentialAction":[{"@type":"ReadAction","target":["https:\/\/shrimataji.org\/test\/de\/muladhara-de\/"]}]},{"@type":"ImageObject","inLanguage":"en-US","@id":"https:\/\/shrimataji.org\/test\/de\/muladhara-de\/#primaryimage","url":"https:\/\/shrimataji.org\/test\/wp-content\/uploads\/2023\/03\/16_Banner-SY-Chakra-mool-scaled.jpg","contentUrl":"https:\/\/shrimataji.org\/test\/wp-content\/uploads\/2023\/03\/16_Banner-SY-Chakra-mool-scaled.jpg","width":2560,"height":905},{"@type":"BreadcrumbList","@id":"https:\/\/shrimataji.org\/test\/de\/muladhara-de\/#breadcrumb","itemListElement":[{"@type":"ListItem","position":1,"name":"Home","item":"https:\/\/shrimataji.org\/test\/uk\/home-en\/"},{"@type":"ListItem","position":2,"name":"Muladhara Chakra"}]},{"@type":"WebSite","@id":"https:\/\/shrimataji.org\/test\/#website","url":"https:\/\/shrimataji.org\/test\/","name":"Shri Mataji Nirmala Devi","description":"A Life Dedicated to Humanity","publisher":{"@id":"https:\/\/shrimataji.org\/test\/#\/schema\/person\/a1b3419c6585f164aa96da1ff85715d1"},"potentialAction":[{"@type":"SearchAction","target":{"@type":"EntryPoint","urlTemplate":"https:\/\/shrimataji.org\/test\/?s={search_term_string}"},"query-input":{"@type":"PropertyValueSpecification","valueRequired":true,"valueName":"search_term_string"}}],"inLanguage":"en-US"},{"@type":["Person","Organization"],"@id":"https:\/\/shrimataji.org\/test\/#\/schema\/person\/a1b3419c6585f164aa96da1ff85715d1","name":"Nirmala Shrivastava","image":{"@type":"ImageObject","inLanguage":"en-US","@id":"https:\/\/shrimataji.org\/test\/wp-content\/uploads\/2023\/02\/SMO_LOGO-03.svg","url":"https:\/\/shrimataji.org\/test\/wp-content\/uploads\/2023\/02\/SMO_LOGO-03.svg","contentUrl":"https:\/\/shrimataji.org\/test\/wp-content\/uploads\/2023\/02\/SMO_LOGO-03.svg","width":"1024","height":"1024","caption":"Nirmala Shrivastava"},"logo":{"@id":"https:\/\/shrimataji.org\/test\/wp-content\/uploads\/2023\/02\/SMO_LOGO-03.svg"},"sameAs":["https:\/\/shrimataji.org\/test","https:\/\/www.facebook.com\/shrimataji","https:\/\/x.com\/shrimataji","https:\/\/www.youtube.com\/@Shri_Mataji_Nirmala_Devi\/featured"]}]}},"lang":"de","translations":{"de":10670,"ur":37466,"en":10186,"am":18038,"th":20000,"hu":19520,"sq":18439,"zh":17336,"ja":11260,"hi":8319,"pt":10396,"fr":10768,"it":10866,"es":10963,"ru":11448,"bn":11640,"te":11748,"sw":11871,"he":12019,"el":12311,"sk":12409,"fa":12507,"fi":12605,"bg":13376,"ro":14450,"cs":14643,"nl":16599,"ku":16759,"ar":16935,"be":18646,"kn":18920,"mr":20364,"uk":20658,"ml":20953,"ta":22757,"sv":23028,"gu":28871,"pa":29031,"fil":29476,"da":37778,"pl":37990,"nn":38330},"pll_sync_post":[],"_links":{"self":[{"href":"https:\/\/shrimataji.org\/test\/wp-json\/wp\/v2\/pages\/10670","targetHints":{"allow":["GET"]}}],"collection":[{"href":"https:\/\/shrimataji.org\/test\/wp-json\/wp\/v2\/pages"}],"about":[{"href":"https:\/\/shrimataji.org\/test\/wp-json\/wp\/v2\/types\/page"}],"author":[{"embeddable":true,"href":"https:\/\/shrimataji.org\/test\/wp-json\/wp\/v2\/users\/10"}],"replies":[{"embeddable":true,"href":"https:\/\/shrimataji.org\/test\/wp-json\/wp\/v2\/comments?post=10670"}],"version-history":[{"count":0,"href":"https:\/\/shrimataji.org\/test\/wp-json\/wp\/v2\/pages\/10670\/revisions"}],"wp:featuredmedia":[{"embeddable":true,"href":"https:\/\/shrimataji.org\/test\/wp-json\/wp\/v2\/media\/9251"}],"wp:attachment":[{"href":"https:\/\/shrimataji.org\/test\/wp-json\/wp\/v2\/media?parent=10670"}],"curies":[{"name":"wp","href":"https:\/\/api.w.org\/{rel}","templated":true}]}}