{"id":10671,"date":"2022-03-05T07:37:21","date_gmt":"2022-03-05T07:37:21","guid":{"rendered":"https:\/\/test.shrimataji.org\/?page_id=6487"},"modified":"2024-06-11T09:24:17","modified_gmt":"2024-06-11T09:24:17","slug":"nabhi-de","status":"publish","type":"page","link":"https:\/\/shrimataji.org\/test\/de\/nabhi-de\/","title":{"rendered":"Nabhi Chakra DE"},"content":{"rendered":"\n\n\t<h1>Nabhi Chakra<\/h1>\n<h2>Zufriedenheit, Evolution und Wohlbefinden<\/h2>\n<h4>Im Laufe unserer individuellen Entwicklung vom Kind zum Erwachsenen l\u00f6sen wir uns nach und nach von den vertrauten Bedingungen unserer Kindheit und Erziehung und begeben uns in die Realit\u00e4t des Lebens. Dort werden wir mit den Herausforderungen konfrontiert, die das Spiel des Lebens mit sich bringt. Doch wir verf\u00fcgen \u00fcber eine Reihe ethischer Kodizes, die uns eine Richtschnur f\u00fcr unser Verhalten geben und uns mit der Gesellschaft im Allgemeinen in einer w\u00fcrdigen und positiven Weise interagieren lassen.<\/h4>\n<p>Das dritte Bewusstseinszentrum stellt uns einen angeborenen Sinn f\u00fcr ethisches Verhalten zur Verf\u00fcgung.\u00a0 Dieser Kodex hat sich im Laufe der Zeitalter durch das Leben und die Werke vieler Heiliger, Vision\u00e4re und Propheten wie Moses, Jesus, Mohammed oder Abraham Lincoln und vieler anderer ausgedr\u00fcckt. Dieses Zentrum vermittelt uns auch ein Gef\u00fchl der Zufriedenheit mit dem Leben und die F\u00e4higkeit, Freude am Teilen mit anderen zu empfinden.<\/p>\n<p>Um das zweite und dritte Chakra herum befindet sich das sogenannte <em>Void<\/em> oder der &#8220;Ozean der Illusionen&#8221;. Es symbolisiert auf spiritueller Ebene die Kluft zwischen unserem menschlichen und dem g\u00f6ttlichen Bewusstsein und steht f\u00fcr das Prinzip der Meisterschaft. Auf der Basis eines erleuchteten spirituellen Bewusstsein unseres subtilen Systems &#8211; das wir sowohl im K\u00f6rper als auch an den Fingerspitzen sp\u00fcren &#8211; entwickeln wir in Sahaja Yoga die F\u00e4higkeit, unser eigener Meister zu werden.<\/p>\n\t\n\t\n\t<p><strong>Lage<\/strong><\/p>\n<p>Das Nabhi Chakra befindet sich ungef\u00e4hr auf H\u00f6he des Nabels in der Wirbels\u00e4ule. Auf k\u00f6rperlicher Ebene beeinflusst es die Aktivit\u00e4ten des Solarplexus. Seine Vibrationen k\u00f6nnen wir in den Mittelfingern beider H\u00e4nde sp\u00fcren. Die Funktionen unserer Unterleibsorgane (Magen, Leber, Nieren und Darm) werden durch das Nabhi und das <a href=\"https:\/\/shrimataji.org\/test\/de\/swadhisthana-de\/\" target=\"_blank\" rel=\"noopener\">Swadhisthana Chakra<\/a> zusammen mit dem Void reguliert. Diese drei subtilen Zentren arbeiten als integrierte Einheit, um ein harmonisches physiologisches Umfeld in unserem K\u00f6rper zu gew\u00e4hrleisten.<\/p>\n<strong>Farbe<br \/>\n<\/strong><br \/>\nDie Farbe Gr\u00fcn repr\u00e4sentiert das Nabhi Chakra. Es ist mit dem Element Wasser verbunden.\n<p><strong>Qualit\u00e4ten<\/strong><\/p>\n<ul>\n<li>Gro\u00dfz\u00fcgigkeit<\/li>\n<li>Ern\u00e4hrung<\/li>\n<li>Zufriedenheit<\/li>\n<li>Frieden<\/li>\n<li>Freude<\/li>\n<li>Ausgeglichenheit<\/li>\n<li>Rechtschaffenheit oder Dharma<\/li>\n<li>Ehrlichkeit<\/li>\n<li>reine Aufmerksamkeit<\/li>\n<li>W\u00fcrde<\/li>\n<li>Evolution<\/li>\n<\/ul>\n\t\t\t\t<img loading=\"lazy\" decoding=\"async\" src=\"https:\/\/shrimataji.org\/test\/wp-content\/uploads\/2024\/04\/DE_3-Nabhi-Void-1920x2048_de_2.png\" alt=\"DE_3-Nabhi-Void-1920x2048_de_2\" height=\"2048\" width=\"1920\" title=\"DE_3-Nabhi-Void-1920x2048_de_2\" \/>\n\t<p>Das Nabhi Chakra vermittelt mehrere grundlegende Qualit\u00e4ten wie Gro\u00dfz\u00fcgigkeit und die F\u00e4higkeit, sich weiterzuentwickeln. Durch dieses Chakra erfahren wir den Wunsch zu wachsen, uns zu verbessern und unsere Ziele zu erreichen. Es beeinflusst jede &#8220;suchende&#8221; Handlung unseres Lebens &#8211; von der grundlegenden Suche nach Nahrung und Wasser bis hin zur Suche nach Frieden und Spiritualit\u00e4t. Dank dieses Chakras k\u00f6nnen wir uns schrittweise auf eine h\u00f6here Stufe des Lebens zu entwickeln.<\/p>\n<p>Eine weitere Schl\u00fcsseleigenschaft des Nabhi Chakra ist die Zufriedenheit. Es versetzt uns in der Lage, ein ideales Gleichgewicht zwischen den verschiedenen Bereichen unseres Lebens herzustellen &#8211; einschlie\u00dflich Familie, Arbeit und Spiritualit\u00e4t. Wesentliche Aspekte des linken Nabhi Chakras sind Shri Mataji zufolge die Qualit\u00e4ten der F\u00fcrsorge, Ern\u00e4hrung und Zuneigung. Sie sind oft bei liebenden Ehefrauen und M\u00fcttern zu finden und helfen ihnen, sich um ihre Familien zu k\u00fcmmern.<\/p>\n<p><strong>Erfahrung und Nutzen<\/strong><\/p>\n<p>Die wichtigste physiologische Funktion des Nabhi Chakras ist die Regulierung vieler innerer Organe. Das linke Nabhi reguliert die Bauchspeicheldr\u00fcse und die Milz. Das zentrale Nabhi reguliert den Magen und den Darm und das rechte Nabhi unsere Leber und die Gallenblase. Die Rolle der Leber bei der Meditation kann nicht genug betont werden. Sie ist entscheidend, um Bewusstsein und Aufmerksamkeit vollkommen gedankenfrei zu halten. Da wir dazu neigen, ein stressiges Leben zu f\u00fchren, ist unsere Leber anf\u00e4llig f\u00fcr \u00dcberhitzung und Ersch\u00f6pfung. Das Praktizieren von Sahaja Yoga hilft, dieses wichtige Organ im Gleichgewicht zu halten und zu sch\u00fctzen.<\/p>\n<p>Das Nabhi Chakra spielt eine bedeutende Rolle bei der Verdauung und im Stoffwechsel. \u00dcberm\u00e4\u00dfiger Genuss von Nahrungsmitteln beeintr\u00e4chtigt es. Gutes, nahrhaftes und regelm\u00e4\u00dfiges Essen hilft, das Nabhi Chakra im Gleichgewicht zu halten.<\/p>\n<p>Auch als <em>Manipura<\/em> bezeichnet, ist dieses Chakra ebenfalls f\u00fcr das Familienleben von Bedeutung. Wenn wir es durch Meditation energetisieren und balancieren, k\u00f6nnen wir uns mit neuer Kraft famili\u00e4ren Verpflichtungen stellen und finden vielleicht sogar Gefallen an Aufgaben, die wir fr\u00fcher vermieden haben.<\/p>\n<p>Das Erreichen von Wohlstand ist ein notwendiger Schritt in unserer Entwicklung. Unser Nabhi ist der Kern unseres finanziellen Wohlstands, und es hilft uns, essenzielle Bed\u00fcrfnisse und W\u00fcnsche zu erf\u00fcllen. Wir wurden mit allen intellektuellen und physischen Talenten geboren, die es uns erm\u00f6glichen, das daf\u00fcr notwendige Geld zu verdienen. Ein starkes Nabhi Chakra bedeutet, dass wir uns auf unser spirituelles Wohl und Wachstum konzentrieren, sobald unsere finanziellen Bed\u00fcrfnisse gedeckt sind.<\/p>\n<p><strong>Selbsteinsch\u00e4tzung<\/strong><\/p>\n<p>Ist das linke Nabhi Chakra blockiert oder unausgeglichen, beobachten wir m\u00f6glicherweise zunehmende Schwierigkeiten in der Familie und im Haushalt. Vielleicht haben wir Geldsorgen. Ein blockiertes mittleres Nabhi kann kleinere Probleme oder ein Ungleichgewicht in der Verdauung oder dem Stoffwechsel verursachen. Wenn das rechte Nabhi nicht im Gleichgewicht ist, neigen wir vielleicht dazu, uns zu sehr zu sorgen oder zu \u00e4ngstigen. Es kann auch sein, dass wir eine Abneigung gegen das Geben entwickeln und es uns an Gro\u00dfz\u00fcgigkeit mangelt. Gl\u00fccklicherweise kann die Praxis von Sahaja Yoga helfen, die Energie dieses lebenswichtigen Chakras auszugleichen und wiederherzustellen.<\/p>\n<p><strong>Gr\u00fcnde f\u00fcr Ungleichgewichte<\/strong><\/p>\n<ul>\n<li>\u00fcberm\u00e4\u00dfige Sorgen<\/li>\n<li>Stress und unausgewogene Familienbeziehungen<\/li>\n<li>Besessenheit von der Arbeit<\/li>\n<li>Drogen- und Alkoholmissbrauch<\/li>\n<li>Fanatismus jeder Art<\/li>\n<\/ul>\n<p><strong>Herstellen des Gleichgewichts<\/strong><\/p>\n<p>Das rechte Nabhi Chakra zu balancieren, ist sehr einfach. Wir halten die rechte Hand mit der Handfl\u00e4che zu uns gerichtet einige Zentimeter vor den Sitz des Chakras. Wenn wir sp\u00fcren, wie die Energie durch die Hand flie\u00dft, bewegen wir sie im Uhrzeigersinn um das Chakra herum und wiederholen dies einige Male. Wir k\u00f6nnen den rechten Aspekt des Chakras ebenfalls ausbalancieren, indem wir einen Eisbeutel auf die Leber legen. Um das linke Nabhi zu reinigen, tauchen wir die F\u00fc\u00dfe beim Meditieren in eine Wanne mit warmem Salzwasser.<\/p>\n\n","protected":false},"excerpt":{"rendered":"<p>Nabhi Chakra Zufriedenheit, Evolution und Wohlbefinden Im Laufe unserer individuellen Entwicklung vom Kind zum Erwachsenen l\u00f6sen wir uns nach und nach von den vertrauten Bedingungen unserer Kindheit und Erziehung und begeben uns in die Realit\u00e4t des Lebens. Dort werden wir mit den Herausforderungen konfrontiert, die das Spiel des Lebens mit sich bringt. Doch wir verf\u00fcgen&hellip; <br \/> <a class=\"read-more\" href=\"https:\/\/shrimataji.org\/test\/de\/nabhi-de\/\">Read more<\/a><\/p>\n","protected":false},"author":10,"featured_media":9253,"parent":0,"menu_order":0,"comment_status":"closed","ping_status":"closed","template":"","meta":{"inline_featured_image":false,"footnotes":""},"class_list":["post-10671","page","type-page","status-publish","has-post-thumbnail","hentry"],"yoast_head":"<!-- This site is optimized with the Yoast SEO plugin v27.4 - https:\/\/yoast.com\/product\/yoast-seo-wordpress\/ -->\n<title>Nabhi Chakra DE - TEST - SMND<\/title>\n<meta name=\"robots\" content=\"noindex, follow, max-snippet:-1, max-image-preview:large, max-video-preview:-1\" \/>\n<meta property=\"og:locale\" content=\"en_US\" \/>\n<meta property=\"og:type\" content=\"article\" \/>\n<meta property=\"og:title\" content=\"Nabhi Chakra DE - TEST - SMND\" \/>\n<meta property=\"og:description\" content=\"Nabhi Chakra Zufriedenheit, Evolution und Wohlbefinden Im Laufe unserer individuellen Entwicklung vom Kind zum Erwachsenen l\u00f6sen wir uns nach und nach von den vertrauten Bedingungen unserer Kindheit und Erziehung und begeben uns in die Realit\u00e4t des Lebens. Dort werden wir mit den Herausforderungen konfrontiert, die das Spiel des Lebens mit sich bringt. Doch wir verf\u00fcgen&hellip; Read more\" \/>\n<meta property=\"og:url\" content=\"https:\/\/shrimataji.org\/test\/de\/nabhi-de\/\" \/>\n<meta property=\"og:site_name\" content=\"TEST - SMND\" \/>\n<meta property=\"article:publisher\" content=\"https:\/\/www.facebook.com\/shrimataji\" \/>\n<meta property=\"article:modified_time\" content=\"2024-06-11T09:24:17+00:00\" \/>\n<meta property=\"og:image\" content=\"https:\/\/shrimataji.org\/test\/wp-content\/uploads\/2023\/03\/18_Banner-SY-Chakra-nabhi-scaled.jpg\" \/>\n\t<meta property=\"og:image:width\" content=\"2560\" \/>\n\t<meta property=\"og:image:height\" content=\"905\" \/>\n\t<meta property=\"og:image:type\" content=\"image\/jpeg\" \/>\n<meta name=\"twitter:card\" content=\"summary_large_image\" \/>\n<meta name=\"twitter:site\" content=\"@shrimataji\" \/>\n<meta name=\"twitter:label1\" content=\"Est. reading time\" \/>\n\t<meta name=\"twitter:data1\" content=\"5 minutes\" \/>\n<script type=\"application\/ld+json\" class=\"yoast-schema-graph\">{\"@context\":\"https:\\\/\\\/schema.org\",\"@graph\":[{\"@type\":\"WebPage\",\"@id\":\"https:\\\/\\\/shrimataji.org\\\/test\\\/de\\\/nabhi-de\\\/\",\"url\":\"https:\\\/\\\/shrimataji.org\\\/test\\\/de\\\/nabhi-de\\\/\",\"name\":\"Nabhi Chakra DE - TEST - SMND\",\"isPartOf\":{\"@id\":\"https:\\\/\\\/shrimataji.org\\\/test\\\/#website\"},\"primaryImageOfPage\":{\"@id\":\"https:\\\/\\\/shrimataji.org\\\/test\\\/de\\\/nabhi-de\\\/#primaryimage\"},\"image\":{\"@id\":\"https:\\\/\\\/shrimataji.org\\\/test\\\/de\\\/nabhi-de\\\/#primaryimage\"},\"thumbnailUrl\":\"https:\\\/\\\/shrimataji.org\\\/test\\\/wp-content\\\/uploads\\\/2023\\\/03\\\/18_Banner-SY-Chakra-nabhi-scaled.jpg\",\"datePublished\":\"2022-03-05T07:37:21+00:00\",\"dateModified\":\"2024-06-11T09:24:17+00:00\",\"breadcrumb\":{\"@id\":\"https:\\\/\\\/shrimataji.org\\\/test\\\/de\\\/nabhi-de\\\/#breadcrumb\"},\"inLanguage\":\"en-US\",\"potentialAction\":[{\"@type\":\"ReadAction\",\"target\":[\"https:\\\/\\\/shrimataji.org\\\/test\\\/de\\\/nabhi-de\\\/\"]}]},{\"@type\":\"ImageObject\",\"inLanguage\":\"en-US\",\"@id\":\"https:\\\/\\\/shrimataji.org\\\/test\\\/de\\\/nabhi-de\\\/#primaryimage\",\"url\":\"https:\\\/\\\/shrimataji.org\\\/test\\\/wp-content\\\/uploads\\\/2023\\\/03\\\/18_Banner-SY-Chakra-nabhi-scaled.jpg\",\"contentUrl\":\"https:\\\/\\\/shrimataji.org\\\/test\\\/wp-content\\\/uploads\\\/2023\\\/03\\\/18_Banner-SY-Chakra-nabhi-scaled.jpg\",\"width\":2560,\"height\":905},{\"@type\":\"BreadcrumbList\",\"@id\":\"https:\\\/\\\/shrimataji.org\\\/test\\\/de\\\/nabhi-de\\\/#breadcrumb\",\"itemListElement\":[{\"@type\":\"ListItem\",\"position\":1,\"name\":\"Home\",\"item\":\"https:\\\/\\\/shrimataji.org\\\/test\\\/uk\\\/home-en\\\/\"},{\"@type\":\"ListItem\",\"position\":2,\"name\":\"Nabhi Chakra DE\"}]},{\"@type\":\"WebSite\",\"@id\":\"https:\\\/\\\/shrimataji.org\\\/test\\\/#website\",\"url\":\"https:\\\/\\\/shrimataji.org\\\/test\\\/\",\"name\":\"Shri Mataji Nirmala Devi\",\"description\":\"A Life Dedicated to Humanity\",\"publisher\":{\"@id\":\"https:\\\/\\\/shrimataji.org\\\/test\\\/#\\\/schema\\\/person\\\/a1b3419c6585f164aa96da1ff85715d1\"},\"potentialAction\":[{\"@type\":\"SearchAction\",\"target\":{\"@type\":\"EntryPoint\",\"urlTemplate\":\"https:\\\/\\\/shrimataji.org\\\/test\\\/?s={search_term_string}\"},\"query-input\":{\"@type\":\"PropertyValueSpecification\",\"valueRequired\":true,\"valueName\":\"search_term_string\"}}],\"inLanguage\":\"en-US\"},{\"@type\":[\"Person\",\"Organization\"],\"@id\":\"https:\\\/\\\/shrimataji.org\\\/test\\\/#\\\/schema\\\/person\\\/a1b3419c6585f164aa96da1ff85715d1\",\"name\":\"Nirmala Shrivastava\",\"image\":{\"@type\":\"ImageObject\",\"inLanguage\":\"en-US\",\"@id\":\"https:\\\/\\\/shrimataji.org\\\/test\\\/wp-content\\\/uploads\\\/2023\\\/02\\\/SMO_LOGO-03.svg\",\"url\":\"https:\\\/\\\/shrimataji.org\\\/test\\\/wp-content\\\/uploads\\\/2023\\\/02\\\/SMO_LOGO-03.svg\",\"contentUrl\":\"https:\\\/\\\/shrimataji.org\\\/test\\\/wp-content\\\/uploads\\\/2023\\\/02\\\/SMO_LOGO-03.svg\",\"width\":\"1024\",\"height\":\"1024\",\"caption\":\"Nirmala Shrivastava\"},\"logo\":{\"@id\":\"https:\\\/\\\/shrimataji.org\\\/test\\\/wp-content\\\/uploads\\\/2023\\\/02\\\/SMO_LOGO-03.svg\"},\"sameAs\":[\"https:\\\/\\\/shrimataji.org\\\/test\",\"https:\\\/\\\/www.facebook.com\\\/shrimataji\",\"https:\\\/\\\/x.com\\\/shrimataji\",\"https:\\\/\\\/www.youtube.com\\\/@Shri_Mataji_Nirmala_Devi\\\/featured\"]}]}<\/script>\n<!-- \/ Yoast SEO plugin. -->","yoast_head_json":{"title":"Nabhi Chakra DE - TEST - SMND","robots":{"index":"noindex","follow":"follow","max-snippet":"max-snippet:-1","max-image-preview":"max-image-preview:large","max-video-preview":"max-video-preview:-1"},"og_locale":"en_US","og_type":"article","og_title":"Nabhi Chakra DE - TEST - SMND","og_description":"Nabhi Chakra Zufriedenheit, Evolution und Wohlbefinden Im Laufe unserer individuellen Entwicklung vom Kind zum Erwachsenen l\u00f6sen wir uns nach und nach von den vertrauten Bedingungen unserer Kindheit und Erziehung und begeben uns in die Realit\u00e4t des Lebens. Dort werden wir mit den Herausforderungen konfrontiert, die das Spiel des Lebens mit sich bringt. Doch wir verf\u00fcgen&hellip; Read more","og_url":"https:\/\/shrimataji.org\/test\/de\/nabhi-de\/","og_site_name":"TEST - SMND","article_publisher":"https:\/\/www.facebook.com\/shrimataji","article_modified_time":"2024-06-11T09:24:17+00:00","og_image":[{"width":2560,"height":905,"url":"https:\/\/shrimataji.org\/test\/wp-content\/uploads\/2023\/03\/18_Banner-SY-Chakra-nabhi-scaled.jpg","type":"image\/jpeg"}],"twitter_card":"summary_large_image","twitter_site":"@shrimataji","twitter_misc":{"Est. reading time":"5 minutes"},"schema":{"@context":"https:\/\/schema.org","@graph":[{"@type":"WebPage","@id":"https:\/\/shrimataji.org\/test\/de\/nabhi-de\/","url":"https:\/\/shrimataji.org\/test\/de\/nabhi-de\/","name":"Nabhi Chakra DE - TEST - SMND","isPartOf":{"@id":"https:\/\/shrimataji.org\/test\/#website"},"primaryImageOfPage":{"@id":"https:\/\/shrimataji.org\/test\/de\/nabhi-de\/#primaryimage"},"image":{"@id":"https:\/\/shrimataji.org\/test\/de\/nabhi-de\/#primaryimage"},"thumbnailUrl":"https:\/\/shrimataji.org\/test\/wp-content\/uploads\/2023\/03\/18_Banner-SY-Chakra-nabhi-scaled.jpg","datePublished":"2022-03-05T07:37:21+00:00","dateModified":"2024-06-11T09:24:17+00:00","breadcrumb":{"@id":"https:\/\/shrimataji.org\/test\/de\/nabhi-de\/#breadcrumb"},"inLanguage":"en-US","potentialAction":[{"@type":"ReadAction","target":["https:\/\/shrimataji.org\/test\/de\/nabhi-de\/"]}]},{"@type":"ImageObject","inLanguage":"en-US","@id":"https:\/\/shrimataji.org\/test\/de\/nabhi-de\/#primaryimage","url":"https:\/\/shrimataji.org\/test\/wp-content\/uploads\/2023\/03\/18_Banner-SY-Chakra-nabhi-scaled.jpg","contentUrl":"https:\/\/shrimataji.org\/test\/wp-content\/uploads\/2023\/03\/18_Banner-SY-Chakra-nabhi-scaled.jpg","width":2560,"height":905},{"@type":"BreadcrumbList","@id":"https:\/\/shrimataji.org\/test\/de\/nabhi-de\/#breadcrumb","itemListElement":[{"@type":"ListItem","position":1,"name":"Home","item":"https:\/\/shrimataji.org\/test\/uk\/home-en\/"},{"@type":"ListItem","position":2,"name":"Nabhi Chakra DE"}]},{"@type":"WebSite","@id":"https:\/\/shrimataji.org\/test\/#website","url":"https:\/\/shrimataji.org\/test\/","name":"Shri Mataji Nirmala Devi","description":"A Life Dedicated to Humanity","publisher":{"@id":"https:\/\/shrimataji.org\/test\/#\/schema\/person\/a1b3419c6585f164aa96da1ff85715d1"},"potentialAction":[{"@type":"SearchAction","target":{"@type":"EntryPoint","urlTemplate":"https:\/\/shrimataji.org\/test\/?s={search_term_string}"},"query-input":{"@type":"PropertyValueSpecification","valueRequired":true,"valueName":"search_term_string"}}],"inLanguage":"en-US"},{"@type":["Person","Organization"],"@id":"https:\/\/shrimataji.org\/test\/#\/schema\/person\/a1b3419c6585f164aa96da1ff85715d1","name":"Nirmala Shrivastava","image":{"@type":"ImageObject","inLanguage":"en-US","@id":"https:\/\/shrimataji.org\/test\/wp-content\/uploads\/2023\/02\/SMO_LOGO-03.svg","url":"https:\/\/shrimataji.org\/test\/wp-content\/uploads\/2023\/02\/SMO_LOGO-03.svg","contentUrl":"https:\/\/shrimataji.org\/test\/wp-content\/uploads\/2023\/02\/SMO_LOGO-03.svg","width":"1024","height":"1024","caption":"Nirmala Shrivastava"},"logo":{"@id":"https:\/\/shrimataji.org\/test\/wp-content\/uploads\/2023\/02\/SMO_LOGO-03.svg"},"sameAs":["https:\/\/shrimataji.org\/test","https:\/\/www.facebook.com\/shrimataji","https:\/\/x.com\/shrimataji","https:\/\/www.youtube.com\/@Shri_Mataji_Nirmala_Devi\/featured"]}]}},"lang":"de","translations":{"de":10671,"ur":37468,"en":6487,"am":18040,"th":20003,"hu":19522,"sq":18441,"zh":17338,"hi":8327,"tr":10187,"pt":10397,"fr":10769,"it":10867,"es":10964,"ja":11261,"ru":11449,"bn":11641,"te":11749,"sw":11872,"he":12020,"el":12312,"sk":12410,"fa":12508,"fi":12606,"bg":13372,"ro":14446,"cs":14639,"nl":16601,"ku":16761,"ar":16937,"be":18648,"kn":18922,"mr":20367,"uk":20661,"ml":20956,"ta":22759,"sv":23030,"gu":28873,"pa":29033,"fil":29478,"da":37780,"pl":37992,"nn":38332},"pll_sync_post":[],"_links":{"self":[{"href":"https:\/\/shrimataji.org\/test\/wp-json\/wp\/v2\/pages\/10671","targetHints":{"allow":["GET"]}}],"collection":[{"href":"https:\/\/shrimataji.org\/test\/wp-json\/wp\/v2\/pages"}],"about":[{"href":"https:\/\/shrimataji.org\/test\/wp-json\/wp\/v2\/types\/page"}],"author":[{"embeddable":true,"href":"https:\/\/shrimataji.org\/test\/wp-json\/wp\/v2\/users\/10"}],"replies":[{"embeddable":true,"href":"https:\/\/shrimataji.org\/test\/wp-json\/wp\/v2\/comments?post=10671"}],"version-history":[{"count":0,"href":"https:\/\/shrimataji.org\/test\/wp-json\/wp\/v2\/pages\/10671\/revisions"}],"wp:featuredmedia":[{"embeddable":true,"href":"https:\/\/shrimataji.org\/test\/wp-json\/wp\/v2\/media\/9253"}],"wp:attachment":[{"href":"https:\/\/shrimataji.org\/test\/wp-json\/wp\/v2\/media?parent=10671"}],"curies":[{"name":"wp","href":"https:\/\/api.w.org\/{rel}","templated":true}]}}