{"id":10673,"date":"2018-07-10T06:54:54","date_gmt":"2018-07-10T06:54:54","guid":{"rendered":"http:\/\/testwordpress.nirmalnagari.org\/smnd\/index.php\/obituary-for-sir-c-p-srivastava\/"},"modified":"2024-04-27T01:15:17","modified_gmt":"2024-04-27T01:15:17","slug":"nachruf-srivastava","status":"publish","type":"page","link":"https:\/\/shrimataji.org\/test\/de\/nachruf-srivastava\/","title":{"rendered":"Nachruf auf Chandrika Srivastava"},"content":{"rendered":"\n\n\t<h4>Der Mann mit dem Midas-Touch in der maritimen Welt ist tot<\/h4>\n<h4>Nachruf auf Sir Chandrika Prasad Srivastava &#8211; von S. Anandan<\/h4>\n<p>Mit dem Tod von Sir Chandrika Prasad Srivastava &#8211; ausgezeichnet mit dem Padma Vibhushan und emeritierter Generalsekret\u00e4r der <a href=\"https:\/\/www.imo.org\/en\">International Maritime Organization<\/a> (IMO) der Vereinten Nationen &#8211; hat die maritime Welt am Montag in Genua (Italien) eine wegweisende und vision\u00e4re Kraft verloren. Er wurde 93 Jahre alt. Dr. Srivastava hinterl\u00e4sst zwei T\u00f6chter. Seine Ehefrau &#8211; Nirmala Devi und Begr\u00fcnderin von Sahaja Yoga &#8211; \u00fcbte gro\u00dfen Einfluss auf seine Lebensideale aus und verstarb vor ihm.<\/p>\n<p>Chandrika Srivastava rief Institutionen ins Leben und hatte als internationaler Verwaltungsbeamter eine gl\u00fcckliche Hand in Geldangelegenheiten. Dass er unangefochten von 1974 bis zu seiner freiwilligen Emeritierung am 31. Dezember 1989 f\u00fcr vier aufeinander folgende Amtsperioden zum Generalsekret\u00e4r der IMO gew\u00e4hlt wurde, sprach f\u00fcr seine Beliebtheit als unvoreingenommene und einflussreiche F\u00fchrungskraft. Noch immer ist sein Rekord der l\u00e4ngsten Dienstzeit eines Generalsekret\u00e4rs ungebrochen.<\/p>\n\t<p>Bevor er international ein Zeichen setzte, diente Srivastava als indischer Staatsbeamter (1949) im F\u00fchrungsstab Uttar Pradeshs und arbeitete eng mit Lal Bahadur Shastri, dem damaligen Transportminister der Union zusammen.<\/p>\n<p>Als Shastri an die Spitze des Unionskabinetts gew\u00e4hlt wurde, folgte Srivastava dem Premierminister in sein Sekretariat. 1966 geh\u00f6rte er zum Gefolge des Ministers in Tashkent, wo Shastri das ber\u00fchmte Nicht-Angriffs-\u00dcbereinkommen mit Pakistan unterzeichnete und auf mysteri\u00f6se Weise am n\u00e4chsten Tag ums Leben kam. Jahrzehnte sp\u00e4ter verfasste Srivastava seine Biografie<a href=\"#footnote-1\"><sup>[1]<\/sup><\/a>.<\/p>\n<p>Die Welt kannte Chandrika Srivastava als angesehenen Beamten, der entscheidend dazu beitrug, wegweisende maritime Bildungseinrichtungen wie die <a href=\"https:\/\/www.wmu.se\/\">World Maritime University<\/a> in Schweden und das <a href=\"https:\/\/imli.org\/\">International Maritime Law Institute<\/a> in Malta aufzubauen.<\/p>\n\t<div class=\"su-quote su-quote-style-default\"><div class=\"su-quote-inner su-u-clearfix su-u-trim\"> Eine wohlwollende Kraft flie\u00dft durch alle Wirklichkeit. Bist Du mit dieser Kraft im Einklang, bewegst Du Dich vorw\u00e4rts mit enormer Kraft.<\/p>\n<p>Laozi<\/div><\/div>\n\t<p>Srivastava war die treibende Kraft hinter Schl\u00fcsselabkommen und Gesetzen, die wesentlich zur Sicherheit von Schiffsbesatzungen, hohen Ausbildungsstandards und der Sicherheit auf Hoher See allgemein beitrugen. Dar\u00fcber hinaus setzte er sich f\u00fcr die Reinhaltung der Ozeane ein.<\/p>\n<p>In seine Amtszeit fielen die Entwicklung und Verabschiedung bahnbrechender Vereinbarungen wie Ausbildungsstandards, Zertifizierungen und Wachanweisungen f\u00fcr Seeleute. Dazu geh\u00f6rten auch die Suche und Rettung aus Seenot, die Aufhebung gesetzwidriger Verordnungen gegen die Sicherheit der Seeschifffahrt und von Plattformen auf dem Kontinentalsockel.<\/p>\n<p>Eine Serie von Unf\u00e4llen in den fr\u00fchen 1970er Jahren lie\u00df ihn eine ma\u00dfgebliche Konferenz zur Sicherheit von Tankern und Verh\u00fctung von Verschmutzungen organisieren. Im Hinblick auf die Internationalen Konventionen zum Schutz des menschlichen Lebens auf See und zur Verh\u00fctung der Meeresverschmutzung durch Schiffe wurden in der Folge Konstruktion und Bedienung von Tankern beeinflussende Ma\u00dfnahmen in das IMO-Protokoll von 1978 aufgenommen.<\/p>\n<p>Srivastava sammelte in der <a href=\"https:\/\/www.shipindia.com\/\">Shipping Corporation of India<\/a> erste Erfahrungen als Gr\u00fcndungsmanager und k\u00fcmmerte sich um soziale und Sicherheitsangelegenheiten der Besatzungen. Nebenbei bereitete er die fl\u00fcgge werdende Gesellschaft auf den Einstieg in den Transport von Masseng\u00fctern vor. So konnte er sp\u00e4ter m\u00fchelos die ISO dabei begleiten, gr\u00f6\u00dfere Verantwortung und Rollen zu \u00fcbernehmen.<\/p>\n<p>Unter seiner F\u00fchrung nahmen die Mitglieder der IMO sowohl an Zahl als auch Gr\u00f6\u00dfe zu. Sie sch\u00fcttelten ihr Elitedenken ab, um Entwicklungsl\u00e4nder anzusprechen, die heute die Mehrheit stellen.<\/p>\n<p>Als amtierender Pr\u00e4sident der World Maritime University beschrieb Bj\u00f6rn Kjerfve Sirvastava als verdienstvolle F\u00fchrungskraft mit starker \u00dcberzeugungskraft: \u201eWir waren sehr betroffen, von seinem Tod zu h\u00f6ren. Vor etwa zwei Jahren besuchte ich und lud ihn Anfang des Monats anl\u00e4sslich unseres Abschlusses zum 30-j\u00e4hrigen Universit\u00e4tsjubil\u00e4um ein.&#8221; Eine Gr\u00fcndung sei niemals einfach, erkl\u00e4rte Kjerfve telefonisch <em>The Hindu<\/em> aus dem schwedischen Malm\u00f6. Srivastava habe jedoch die IMO-Ratsmitglieder und den Ausschuss des Entwicklungsprogramms der Vereinten Nationen \u00fcberzeugen k\u00f6nnen, Mittel f\u00fcr den Bau der Universit\u00e4t bereitzustellen.<\/p>\n<p>Der fr\u00fcherer Unionssekret\u00e4r f\u00fcr den Landtransport, P. A. Abraham, erinnert sich an Srivastava als charismatischen F\u00fchrer mit einer Vision:<\/p>\n<p>\u201eZum ersten Mal traf ich ihn auf einem Ratstreffen der IMO in Indien, das er als Generalsekret\u00e4r wie alle Treffen der technischen Abteilung unparteiisch leitete. Einmal beschwerte sich ein Mitglied dar\u00fcber, keine Tagesordnung erhalten zu haben. Alle waren \u00fcberrascht, als der Generalsekret\u00e4r vom Podium herabstieg, sich f\u00fcr das Versehen entschuldigte und ihm eine Kopie \u00fcberreichte. Es war so entwaffnend.&#8221;<\/p>\n<p>Srivastava hatte einen wohlmeinenden Sinn f\u00fcr Humor: \u201eIn vielen L\u00e4ndern bin ich als Nirmalas Ehemann und nicht als Generalsekret\u00e4r der IMO bekannt&#8221;, scherzte er \u00fcber seine viel ber\u00fchmtere Gattin.<\/p>\n<p>Er war eine seltene Mischung aus Bescheidenheit, Weitsicht, gesundem Urteilsverm\u00f6gen und Entschlossenheit. F\u00fchrungskraft war Srivastavas nat\u00fcrliche St\u00e4rke.<\/p>\n<p>\u201eEs geschieht selten, dass jemand so schnell international akzeptiert wird. Man wird sich an ihn f\u00fcr den Wendepunkt in den Seeschifffahrtsabkommen erinnern, die unter seiner F\u00fchrung zur Sicherheit der Seeleute entworfen wurden&#8221;, sagte der fr\u00fchere Sekret\u00e4r des <a href=\"https:\/\/shipmin.gov.in\/\">indischen Schifffahrtsministeriums<\/a>, K. Mohandas.<\/p>\n<p>Fast 70 L\u00e4nder verliehen ihm ihre h\u00f6chsten Auszeichnungen. Dazu geh\u00f6rte auch die Ernennung durch Elisabeth II. zum <a href=\"https:\/\/en.wikipedia.org\/wiki\/Order_of_St_Michael_and_St_George\">Ehrenvollen Gro\u00dfoffizier des H\u00f6chstgeehrten Ordens des Heiligen Michaels und Georgs.<\/a><\/p>\n\t<p><a id=\"footnote-1\"><\/a>[1] Srivastava, C. P. (1996): Lal Bahadur Shastri: Life of Truth in Politics, Oxford University Press, Oxford.<\/p>\n\n","protected":false},"excerpt":{"rendered":"<p>Der Mann mit dem Midas-Touch in der maritimen Welt ist tot Nachruf auf Sir Chandrika Prasad Srivastava &#8211; von S. Anandan Mit dem Tod von Sir Chandrika Prasad Srivastava &#8211; ausgezeichnet mit dem Padma Vibhushan und emeritierter Generalsekret\u00e4r der International Maritime Organization (IMO) der Vereinten Nationen &#8211; hat die maritime Welt am Montag in Genua&hellip; <br \/> <a class=\"read-more\" href=\"https:\/\/shrimataji.org\/test\/de\/nachruf-srivastava\/\">Read more<\/a><\/p>\n","protected":false},"author":10,"featured_media":0,"parent":0,"menu_order":0,"comment_status":"closed","ping_status":"closed","template":"","meta":{"inline_featured_image":false,"footnotes":""},"class_list":["post-10673","page","type-page","status-publish","hentry"],"yoast_head":"<!-- This site is optimized with the Yoast SEO plugin v27.4 - https:\/\/yoast.com\/product\/yoast-seo-wordpress\/ -->\n<title>Nachruf auf Chandrika Srivastava - TEST - SMND<\/title>\n<meta name=\"robots\" content=\"noindex, follow, max-snippet:-1, max-image-preview:large, max-video-preview:-1\" \/>\n<meta property=\"og:locale\" content=\"en_US\" \/>\n<meta property=\"og:type\" content=\"article\" \/>\n<meta property=\"og:title\" content=\"Nachruf auf Chandrika Srivastava - TEST - SMND\" \/>\n<meta property=\"og:description\" content=\"Der Mann mit dem Midas-Touch in der maritimen Welt ist tot Nachruf auf Sir Chandrika Prasad Srivastava &#8211; von S. Anandan Mit dem Tod von Sir Chandrika Prasad Srivastava &#8211; ausgezeichnet mit dem Padma Vibhushan und emeritierter Generalsekret\u00e4r der International Maritime Organization (IMO) der Vereinten Nationen &#8211; hat die maritime Welt am Montag in Genua&hellip; Read more\" \/>\n<meta property=\"og:url\" content=\"https:\/\/shrimataji.org\/test\/de\/nachruf-srivastava\/\" \/>\n<meta property=\"og:site_name\" content=\"TEST - SMND\" \/>\n<meta property=\"article:publisher\" content=\"https:\/\/www.facebook.com\/shrimataji\" \/>\n<meta property=\"article:modified_time\" content=\"2024-04-27T01:15:17+00:00\" \/>\n<meta property=\"og:image\" content=\"https:\/\/shrimataji.org\/test\/wp-content\/uploads\/2018\/07\/fp11-e1588597806347.jpg\" \/>\n\t<meta property=\"og:image:width\" content=\"707\" \/>\n\t<meta property=\"og:image:height\" content=\"700\" \/>\n\t<meta property=\"og:image:type\" content=\"image\/jpeg\" \/>\n<meta name=\"twitter:card\" content=\"summary_large_image\" \/>\n<meta name=\"twitter:site\" content=\"@shrimataji\" \/>\n<meta name=\"twitter:label1\" content=\"Est. reading time\" \/>\n\t<meta name=\"twitter:data1\" content=\"4 minutes\" \/>\n<script type=\"application\/ld+json\" class=\"yoast-schema-graph\">{\"@context\":\"https:\\\/\\\/schema.org\",\"@graph\":[{\"@type\":\"WebPage\",\"@id\":\"https:\\\/\\\/shrimataji.org\\\/test\\\/de\\\/nachruf-srivastava\\\/\",\"url\":\"https:\\\/\\\/shrimataji.org\\\/test\\\/de\\\/nachruf-srivastava\\\/\",\"name\":\"Nachruf auf Chandrika Srivastava - TEST - SMND\",\"isPartOf\":{\"@id\":\"https:\\\/\\\/shrimataji.org\\\/test\\\/#website\"},\"datePublished\":\"2018-07-10T06:54:54+00:00\",\"dateModified\":\"2024-04-27T01:15:17+00:00\",\"breadcrumb\":{\"@id\":\"https:\\\/\\\/shrimataji.org\\\/test\\\/de\\\/nachruf-srivastava\\\/#breadcrumb\"},\"inLanguage\":\"en-US\",\"potentialAction\":[{\"@type\":\"ReadAction\",\"target\":[\"https:\\\/\\\/shrimataji.org\\\/test\\\/de\\\/nachruf-srivastava\\\/\"]}]},{\"@type\":\"BreadcrumbList\",\"@id\":\"https:\\\/\\\/shrimataji.org\\\/test\\\/de\\\/nachruf-srivastava\\\/#breadcrumb\",\"itemListElement\":[{\"@type\":\"ListItem\",\"position\":1,\"name\":\"Home\",\"item\":\"https:\\\/\\\/shrimataji.org\\\/test\\\/uk\\\/home-en\\\/\"},{\"@type\":\"ListItem\",\"position\":2,\"name\":\"Nachruf auf Chandrika Srivastava\"}]},{\"@type\":\"WebSite\",\"@id\":\"https:\\\/\\\/shrimataji.org\\\/test\\\/#website\",\"url\":\"https:\\\/\\\/shrimataji.org\\\/test\\\/\",\"name\":\"Shri Mataji Nirmala Devi\",\"description\":\"A Life Dedicated to Humanity\",\"publisher\":{\"@id\":\"https:\\\/\\\/shrimataji.org\\\/test\\\/#\\\/schema\\\/person\\\/a1b3419c6585f164aa96da1ff85715d1\"},\"potentialAction\":[{\"@type\":\"SearchAction\",\"target\":{\"@type\":\"EntryPoint\",\"urlTemplate\":\"https:\\\/\\\/shrimataji.org\\\/test\\\/?s={search_term_string}\"},\"query-input\":{\"@type\":\"PropertyValueSpecification\",\"valueRequired\":true,\"valueName\":\"search_term_string\"}}],\"inLanguage\":\"en-US\"},{\"@type\":[\"Person\",\"Organization\"],\"@id\":\"https:\\\/\\\/shrimataji.org\\\/test\\\/#\\\/schema\\\/person\\\/a1b3419c6585f164aa96da1ff85715d1\",\"name\":\"Nirmala Shrivastava\",\"image\":{\"@type\":\"ImageObject\",\"inLanguage\":\"en-US\",\"@id\":\"https:\\\/\\\/shrimataji.org\\\/test\\\/wp-content\\\/uploads\\\/2023\\\/02\\\/SMO_LOGO-03.svg\",\"url\":\"https:\\\/\\\/shrimataji.org\\\/test\\\/wp-content\\\/uploads\\\/2023\\\/02\\\/SMO_LOGO-03.svg\",\"contentUrl\":\"https:\\\/\\\/shrimataji.org\\\/test\\\/wp-content\\\/uploads\\\/2023\\\/02\\\/SMO_LOGO-03.svg\",\"width\":\"1024\",\"height\":\"1024\",\"caption\":\"Nirmala Shrivastava\"},\"logo\":{\"@id\":\"https:\\\/\\\/shrimataji.org\\\/test\\\/wp-content\\\/uploads\\\/2023\\\/02\\\/SMO_LOGO-03.svg\"},\"sameAs\":[\"https:\\\/\\\/shrimataji.org\\\/test\",\"https:\\\/\\\/www.facebook.com\\\/shrimataji\",\"https:\\\/\\\/x.com\\\/shrimataji\",\"https:\\\/\\\/www.youtube.com\\\/@Shri_Mataji_Nirmala_Devi\\\/featured\"]}]}<\/script>\n<!-- \/ Yoast SEO plugin. -->","yoast_head_json":{"title":"Nachruf auf Chandrika Srivastava - TEST - SMND","robots":{"index":"noindex","follow":"follow","max-snippet":"max-snippet:-1","max-image-preview":"max-image-preview:large","max-video-preview":"max-video-preview:-1"},"og_locale":"en_US","og_type":"article","og_title":"Nachruf auf Chandrika Srivastava - TEST - SMND","og_description":"Der Mann mit dem Midas-Touch in der maritimen Welt ist tot Nachruf auf Sir Chandrika Prasad Srivastava &#8211; von S. Anandan Mit dem Tod von Sir Chandrika Prasad Srivastava &#8211; ausgezeichnet mit dem Padma Vibhushan und emeritierter Generalsekret\u00e4r der International Maritime Organization (IMO) der Vereinten Nationen &#8211; hat die maritime Welt am Montag in Genua&hellip; Read more","og_url":"https:\/\/shrimataji.org\/test\/de\/nachruf-srivastava\/","og_site_name":"TEST - SMND","article_publisher":"https:\/\/www.facebook.com\/shrimataji","article_modified_time":"2024-04-27T01:15:17+00:00","og_image":[{"width":707,"height":700,"url":"https:\/\/shrimataji.org\/test\/wp-content\/uploads\/2018\/07\/fp11-e1588597806347.jpg","type":"image\/jpeg"}],"twitter_card":"summary_large_image","twitter_site":"@shrimataji","twitter_misc":{"Est. reading time":"4 minutes"},"schema":{"@context":"https:\/\/schema.org","@graph":[{"@type":"WebPage","@id":"https:\/\/shrimataji.org\/test\/de\/nachruf-srivastava\/","url":"https:\/\/shrimataji.org\/test\/de\/nachruf-srivastava\/","name":"Nachruf auf Chandrika Srivastava - TEST - SMND","isPartOf":{"@id":"https:\/\/shrimataji.org\/test\/#website"},"datePublished":"2018-07-10T06:54:54+00:00","dateModified":"2024-04-27T01:15:17+00:00","breadcrumb":{"@id":"https:\/\/shrimataji.org\/test\/de\/nachruf-srivastava\/#breadcrumb"},"inLanguage":"en-US","potentialAction":[{"@type":"ReadAction","target":["https:\/\/shrimataji.org\/test\/de\/nachruf-srivastava\/"]}]},{"@type":"BreadcrumbList","@id":"https:\/\/shrimataji.org\/test\/de\/nachruf-srivastava\/#breadcrumb","itemListElement":[{"@type":"ListItem","position":1,"name":"Home","item":"https:\/\/shrimataji.org\/test\/uk\/home-en\/"},{"@type":"ListItem","position":2,"name":"Nachruf auf Chandrika Srivastava"}]},{"@type":"WebSite","@id":"https:\/\/shrimataji.org\/test\/#website","url":"https:\/\/shrimataji.org\/test\/","name":"Shri Mataji Nirmala Devi","description":"A Life Dedicated to Humanity","publisher":{"@id":"https:\/\/shrimataji.org\/test\/#\/schema\/person\/a1b3419c6585f164aa96da1ff85715d1"},"potentialAction":[{"@type":"SearchAction","target":{"@type":"EntryPoint","urlTemplate":"https:\/\/shrimataji.org\/test\/?s={search_term_string}"},"query-input":{"@type":"PropertyValueSpecification","valueRequired":true,"valueName":"search_term_string"}}],"inLanguage":"en-US"},{"@type":["Person","Organization"],"@id":"https:\/\/shrimataji.org\/test\/#\/schema\/person\/a1b3419c6585f164aa96da1ff85715d1","name":"Nirmala Shrivastava","image":{"@type":"ImageObject","inLanguage":"en-US","@id":"https:\/\/shrimataji.org\/test\/wp-content\/uploads\/2023\/02\/SMO_LOGO-03.svg","url":"https:\/\/shrimataji.org\/test\/wp-content\/uploads\/2023\/02\/SMO_LOGO-03.svg","contentUrl":"https:\/\/shrimataji.org\/test\/wp-content\/uploads\/2023\/02\/SMO_LOGO-03.svg","width":"1024","height":"1024","caption":"Nirmala Shrivastava"},"logo":{"@id":"https:\/\/shrimataji.org\/test\/wp-content\/uploads\/2023\/02\/SMO_LOGO-03.svg"},"sameAs":["https:\/\/shrimataji.org\/test","https:\/\/www.facebook.com\/shrimataji","https:\/\/x.com\/shrimataji","https:\/\/www.youtube.com\/@Shri_Mataji_Nirmala_Devi\/featured"]}]}},"lang":"de","translations":{"de":10673,"en":459,"am":18044,"th":20009,"hu":19526,"sq":18445,"zh":17342,"tr":10189,"pt":10399,"fr":10771,"it":10869,"es":10966,"ja":11263,"ru":11451,"bn":11643,"te":11751,"sw":11874,"he":12022,"el":12314,"sk":12412,"fa":12510,"fi":12608,"bg":13437,"ro":14511,"cs":14704,"nl":16605,"ku":16765,"ar":16941,"be":18652,"kn":18926,"uk":20667,"ml":20962,"ta":22763,"sv":23034,"gu":28877,"pa":29037,"fil":29482},"pll_sync_post":[],"_links":{"self":[{"href":"https:\/\/shrimataji.org\/test\/wp-json\/wp\/v2\/pages\/10673","targetHints":{"allow":["GET"]}}],"collection":[{"href":"https:\/\/shrimataji.org\/test\/wp-json\/wp\/v2\/pages"}],"about":[{"href":"https:\/\/shrimataji.org\/test\/wp-json\/wp\/v2\/types\/page"}],"author":[{"embeddable":true,"href":"https:\/\/shrimataji.org\/test\/wp-json\/wp\/v2\/users\/10"}],"replies":[{"embeddable":true,"href":"https:\/\/shrimataji.org\/test\/wp-json\/wp\/v2\/comments?post=10673"}],"version-history":[{"count":0,"href":"https:\/\/shrimataji.org\/test\/wp-json\/wp\/v2\/pages\/10673\/revisions"}],"wp:attachment":[{"href":"https:\/\/shrimataji.org\/test\/wp-json\/wp\/v2\/media?parent=10673"}],"curies":[{"name":"wp","href":"https:\/\/api.w.org\/{rel}","templated":true}]}}