{"id":10674,"date":"2023-03-18T21:15:49","date_gmt":"2023-03-18T21:15:49","guid":{"rendered":"https:\/\/shrimataji.org\/test\/?page_id=9878"},"modified":"2024-08-25T07:41:08","modified_gmt":"2024-08-25T07:41:08","slug":"online-ereignisse","status":"publish","type":"page","link":"https:\/\/shrimataji.org\/test\/de\/online-ereignisse\/","title":{"rendered":"Online-Events"},"content":{"rendered":"\n\n\t<h1>Online-Events<\/h1>\n\t<h4><a id=\"6thMay\"><\/a><a id=\"Dhyananjali\"><\/a>\u00a0Dhyananjali &#8211; Meditative Darbietung von Rabindranath Tagores Liedern<\/h4>\n<p>6. Mai, 18:30 CET<\/p>\n\t\n\t<p>Die Lieder des Nobelpreistr\u00e4gers Rabindranath Tagore inspirierten Generationen von Musikliebhabern im Westen und Osten.<\/p>\n<p>H\u00f6rt man seine Lieder in einem meditativen Zustand, verst\u00e4rkt das die subtile Erfahrung der tiefen Gef\u00fchle, die die Akkorde unseres Herzens anschlagen.<\/p>\n<p>Ihre Heiligkeit Shri Mataji Nirmala Devi verehrte Tagores Gedichte sehr. Anl\u00e4sslich ihres 100. Geburtstages pr\u00e4sentieren Sahaja Yogis aus aller Welt eine bescheidene Auswahl seiner Lieder. Sie feiern den universellen Menschen &#8211; eine Vision, die sowohl Tagore als auch Shri Mataji sehr am Herzen lag.<\/p>\n<p>In der meditativen Form der k\u00fcnstlerische Darbietung vereint Dhyananjali alle Kunstformen der Musik, der Malerei und des Tanzes, um den himmlischen Gedichten und Liedern von Rabindranath Tagore Ausdruck zu verleihen.<\/p>\n<p>Aus dem unendlichen Universum seiner Kompositionen wurde ein Bouquet von Liedern ausgew\u00e4hlt, das die Zuh\u00f6rer auf eine innere Reise zur Entdeckung des unbekannten und doch in allen Wesen wohnenden Selbst mitnimmt &#8230;<\/p>\n\t\n<h4>5. Mai &#8211; <a href=\"https:\/\/shrimataji.org\/test\/de\/entscheidender-moment\/\">Ein entscheidender Moment<\/a> &#8211; Feierlichkeiten zum Welttag der Selbst-Verwirklichung<\/h4>\n<p>5. Mai, 19:00 CET<\/p>\n\t\n\t<p>Am fr\u00fchen Morgen des 5. Mai 1970 wurde ein neues Kapitel in der Entwicklung des menschlichen Bewusstseins aufgeschlagen &#8211; ein einmaliges Ereignis, das zu einem revolution\u00e4ren Durchbruch in der massenhaften Zug\u00e4nglichkeit zur spirituellen Transformation f\u00fchrte. Alles begann an einem einsamen Strand von Nargol in Indien.<\/p>\n<p>Nach f\u00fcnf Jahrzehnten hat sich heute die massenhafte Selbst-Verwirklichung und die als &#8220;Sahaja Yoga&#8221; bekannte nachhaltige Meditationspraxis \u00fcber alle Kontinente verbreitet. Sie bietet allen die einzigartige Gelegenheit, innere Transformation nicht nur im Hinblick auf einen ausgeglichenen Lebensstil zu erfahren. Millionen haben von der immer kostenfrei und weltweit angebotenen Selbst-Verwirklichung sowie der zugeh\u00f6rigen Sahaja-Yoga-Meditationen profitiert und feiern diesen Tag als Welttag der Selbst-Verwirklichung.<\/p>\n<p>Anl\u00e4sslich des hundertsten Geburtstages Ihrer Heiligkeit Shri Mataji Nirmala Devi k\u00f6nnen wir das historische Ereignis online selbst erfahren und erleben, wie die Selbst-Verwirklichung eine entscheidende Transformation unseres Wesens ausl\u00f6st. Sie erm\u00f6glicht es uns, ein friedliches, zufriedenes und ganzheitliches Leben zu f\u00fchren.<\/p>\n<p>Die Selbst-Verwirklichung ist nicht nur ein Schl\u00fcssel zu unserer angeborenen F\u00e4higkeit, das volle Potenzial unserer Pers\u00f6nlichkeit auszusch\u00f6pfen, sondern auch ein einzigartiger Weg, um durch ein h\u00f6heres spirituelles Bewusstsein in Harmonie mit der Natur zu leben. Angesichts der aktuellen globalen Situation ist dies ein dringendes Bed\u00fcrfnis unserer Zeit.<\/p>\n<p>Das folgende Video und die Links zeigen mehr \u00fcber das spirituelle Verm\u00e4chtnis und das beispiellose globale Werk von Shri Mataji, wie sie liebevoll genannt wird.<\/p>\n\t<h4><strong>21. M\u00e4rz 2023 &#8211; Die Reise einer Mutter<\/strong><\/h4>\n<p>&#8230; von einer <strong>Freiheitsk\u00e4mpferin <\/strong>zum <strong>Geliebten Guru<\/strong><\/p>\n\t\n\t<h4>N\u00fctzliche Links<\/h4>\n<p><strong>Shri Mataji<\/strong><\/p>\n<ol>\n<li><a href=\"https:\/\/shrimataji.org\/test\/de\/shrimataji_de\/\" target=\"_blank\" rel=\"noopener\">Leben und Verm\u00e4chtnis<\/a><\/li>\n<li><a href=\"https:\/\/shrimataji.org\/test\/de\/oeffentliche-veranstaltungen\/\" target=\"_blank\" rel=\"noopener\">Weltweite \u00f6ffentliche Programme<\/a><\/li>\n<li><a href=\"https:\/\/shrimataji.org\/test\/de\/gesellschaftliche-transformation\/\" target=\"_blank\" rel=\"noopener\">Gesellschaftliche Transformation und von Shri Mataji initiierte NRO-Projekte<\/a><\/li>\n<\/ol>\n<p><strong>Meditation<\/strong><\/p>\n<ol>\n<li>Gef\u00fchrte Meditation zur Selbst-Verwirklichung von Shri Mataji &#8211; <a href=\"https:\/\/shrimataji.org\/test\/de\/erfahrung-selbstverwirklichung\/\" target=\"_blank\" rel=\"noopener\">Erfahre sie jetzt<\/a><\/li>\n<li>Mehr \u00fcber Sahaja-Yoga-Meditation\n<ul>\n<li><a href=\"https:\/\/shrimataji.org\/test\/de\/sahaja-yoga-meditation-de\/\" target=\"_blank\" rel=\"noopener\">Die Kraft der inneren Stille<\/a><\/li>\n<li><a href=\"https:\/\/shrimataji.org\/test\/de\/wissen-wurzeln\/\" target=\"_blank\" rel=\"noopener\">Das Wissen \u00fcber die Wurzeln &#8211; Unser Subtiles System<\/a><\/li>\n<li><a href=\"https:\/\/shrimataji.org\/test\/the-art-of-inner-growth\/\" target=\"_blank\" rel=\"noopener\">Die Kunst des inneren Wachstums<\/a><\/li>\n<\/ul>\n<\/li>\n<\/ol>\n<p><strong>Kostenfreie internationale Meditationszentren und Internetseite<\/strong><\/p>\n<ol>\n<li><a href=\"https:\/\/shrimataji.org\/test\/de\/zentren-weltweit\/\" target=\"_blank\" rel=\"noopener\">Sahaja-Yoga-Meditations-Zentren weltweit<\/a> (aktuell nur einige Standorte in der EU und den USA verf\u00fcgbar).<\/li>\n<li><a href=\"https:\/\/shrimataji.org\/test\/de\/internationale-webseiten\/\" target=\"_blank\" rel=\"noopener\">Internationale Sahaja-Yoga-Internetseiten<\/a><\/li>\n<\/ol>\n<p><b>Forschungsprojekte \u00fcber Meditation<\/b><\/p>\n<ol>\n<li><a href=\"https:\/\/researchingmeditation.org\/\" target=\"_blank\" rel=\"noopener\">Researching Meditation &#8211; Wissenschaftliche Meditationsforschung<\/a><\/li>\n<li><a href=\"https:\/\/vimeo.com\/showcase\/7053569\" target=\"_blank\" rel=\"noopener\">Forschungsprojekte zum medizinischen Nutzen der Sahaja-Yoga-Meditation<\/a><\/li>\n<\/ol>\n<p><strong>Presse und Medien<\/strong><\/p>\n<ul>\n<li><a href=\"https:\/\/shrimataji.org\/test\/de\/presse_medien\/\" target=\"_blank\" rel=\"noopener\">Presseartikel und Medien<\/a><\/li>\n<\/ul>\n\n","protected":false},"excerpt":{"rendered":"<p>Online-Events \u00a0Dhyananjali &#8211; Meditative Darbietung von Rabindranath Tagores Liedern 6. Mai, 18:30 CET Die Lieder des Nobelpreistr\u00e4gers Rabindranath Tagore inspirierten Generationen von Musikliebhabern im Westen und Osten. H\u00f6rt man seine Lieder in einem meditativen Zustand, verst\u00e4rkt das die subtile Erfahrung der tiefen Gef\u00fchle, die die Akkorde unseres Herzens anschlagen. Ihre Heiligkeit Shri Mataji Nirmala Devi&hellip; <br \/> <a class=\"read-more\" href=\"https:\/\/shrimataji.org\/test\/de\/online-ereignisse\/\">Read more<\/a><\/p>\n","protected":false},"author":10,"featured_media":9552,"parent":0,"menu_order":0,"comment_status":"closed","ping_status":"closed","template":"","meta":{"inline_featured_image":false,"footnotes":""},"class_list":["post-10674","page","type-page","status-publish","has-post-thumbnail","hentry"],"yoast_head":"<!-- This site is optimized with the Yoast SEO plugin v27.4 - https:\/\/yoast.com\/product\/yoast-seo-wordpress\/ -->\n<title>Online-Events - TEST - SMND<\/title>\n<meta name=\"robots\" content=\"noindex, follow, max-snippet:-1, max-image-preview:large, max-video-preview:-1\" \/>\n<meta property=\"og:locale\" content=\"en_US\" \/>\n<meta property=\"og:type\" content=\"article\" \/>\n<meta property=\"og:title\" content=\"Online-Events - TEST - SMND\" \/>\n<meta property=\"og:description\" content=\"Online-Events \u00a0Dhyananjali &#8211; Meditative Darbietung von Rabindranath Tagores Liedern 6. Mai, 18:30 CET Die Lieder des Nobelpreistr\u00e4gers Rabindranath Tagore inspirierten Generationen von Musikliebhabern im Westen und Osten. H\u00f6rt man seine Lieder in einem meditativen Zustand, verst\u00e4rkt das die subtile Erfahrung der tiefen Gef\u00fchle, die die Akkorde unseres Herzens anschlagen. Ihre Heiligkeit Shri Mataji Nirmala Devi&hellip; Read more\" \/>\n<meta property=\"og:url\" content=\"https:\/\/shrimataji.org\/test\/de\/online-ereignisse\/\" \/>\n<meta property=\"og:site_name\" content=\"TEST - SMND\" \/>\n<meta property=\"article:publisher\" content=\"https:\/\/www.facebook.com\/shrimataji\" \/>\n<meta property=\"article:modified_time\" content=\"2024-08-25T07:41:08+00:00\" \/>\n<meta property=\"og:image\" content=\"https:\/\/shrimataji.org\/test\/wp-content\/uploads\/2023\/03\/Banner-Footer-Castle-1-scaled.jpg\" \/>\n\t<meta property=\"og:image:width\" content=\"2560\" \/>\n\t<meta property=\"og:image:height\" content=\"905\" \/>\n\t<meta property=\"og:image:type\" content=\"image\/jpeg\" \/>\n<meta name=\"twitter:card\" content=\"summary_large_image\" \/>\n<meta name=\"twitter:site\" content=\"@shrimataji\" \/>\n<meta name=\"twitter:label1\" content=\"Est. reading time\" \/>\n\t<meta name=\"twitter:data1\" content=\"1 minute\" \/>\n<script type=\"application\/ld+json\" class=\"yoast-schema-graph\">{\"@context\":\"https:\\\/\\\/schema.org\",\"@graph\":[{\"@type\":\"WebPage\",\"@id\":\"https:\\\/\\\/shrimataji.org\\\/test\\\/de\\\/online-ereignisse\\\/\",\"url\":\"https:\\\/\\\/shrimataji.org\\\/test\\\/de\\\/online-ereignisse\\\/\",\"name\":\"Online-Events - TEST - SMND\",\"isPartOf\":{\"@id\":\"https:\\\/\\\/shrimataji.org\\\/test\\\/#website\"},\"primaryImageOfPage\":{\"@id\":\"https:\\\/\\\/shrimataji.org\\\/test\\\/de\\\/online-ereignisse\\\/#primaryimage\"},\"image\":{\"@id\":\"https:\\\/\\\/shrimataji.org\\\/test\\\/de\\\/online-ereignisse\\\/#primaryimage\"},\"thumbnailUrl\":\"https:\\\/\\\/shrimataji.org\\\/test\\\/wp-content\\\/uploads\\\/2023\\\/03\\\/Banner-Footer-Castle-1-scaled.jpg\",\"datePublished\":\"2023-03-18T21:15:49+00:00\",\"dateModified\":\"2024-08-25T07:41:08+00:00\",\"breadcrumb\":{\"@id\":\"https:\\\/\\\/shrimataji.org\\\/test\\\/de\\\/online-ereignisse\\\/#breadcrumb\"},\"inLanguage\":\"en-US\",\"potentialAction\":[{\"@type\":\"ReadAction\",\"target\":[\"https:\\\/\\\/shrimataji.org\\\/test\\\/de\\\/online-ereignisse\\\/\"]}]},{\"@type\":\"ImageObject\",\"inLanguage\":\"en-US\",\"@id\":\"https:\\\/\\\/shrimataji.org\\\/test\\\/de\\\/online-ereignisse\\\/#primaryimage\",\"url\":\"https:\\\/\\\/shrimataji.org\\\/test\\\/wp-content\\\/uploads\\\/2023\\\/03\\\/Banner-Footer-Castle-1-scaled.jpg\",\"contentUrl\":\"https:\\\/\\\/shrimataji.org\\\/test\\\/wp-content\\\/uploads\\\/2023\\\/03\\\/Banner-Footer-Castle-1-scaled.jpg\",\"width\":2560,\"height\":905},{\"@type\":\"BreadcrumbList\",\"@id\":\"https:\\\/\\\/shrimataji.org\\\/test\\\/de\\\/online-ereignisse\\\/#breadcrumb\",\"itemListElement\":[{\"@type\":\"ListItem\",\"position\":1,\"name\":\"Home\",\"item\":\"https:\\\/\\\/shrimataji.org\\\/test\\\/uk\\\/home-en\\\/\"},{\"@type\":\"ListItem\",\"position\":2,\"name\":\"Online-Events\"}]},{\"@type\":\"WebSite\",\"@id\":\"https:\\\/\\\/shrimataji.org\\\/test\\\/#website\",\"url\":\"https:\\\/\\\/shrimataji.org\\\/test\\\/\",\"name\":\"Shri Mataji Nirmala Devi\",\"description\":\"A Life Dedicated to Humanity\",\"publisher\":{\"@id\":\"https:\\\/\\\/shrimataji.org\\\/test\\\/#\\\/schema\\\/person\\\/a1b3419c6585f164aa96da1ff85715d1\"},\"potentialAction\":[{\"@type\":\"SearchAction\",\"target\":{\"@type\":\"EntryPoint\",\"urlTemplate\":\"https:\\\/\\\/shrimataji.org\\\/test\\\/?s={search_term_string}\"},\"query-input\":{\"@type\":\"PropertyValueSpecification\",\"valueRequired\":true,\"valueName\":\"search_term_string\"}}],\"inLanguage\":\"en-US\"},{\"@type\":[\"Person\",\"Organization\"],\"@id\":\"https:\\\/\\\/shrimataji.org\\\/test\\\/#\\\/schema\\\/person\\\/a1b3419c6585f164aa96da1ff85715d1\",\"name\":\"Nirmala Shrivastava\",\"image\":{\"@type\":\"ImageObject\",\"inLanguage\":\"en-US\",\"@id\":\"https:\\\/\\\/shrimataji.org\\\/test\\\/wp-content\\\/uploads\\\/2023\\\/02\\\/SMO_LOGO-03.svg\",\"url\":\"https:\\\/\\\/shrimataji.org\\\/test\\\/wp-content\\\/uploads\\\/2023\\\/02\\\/SMO_LOGO-03.svg\",\"contentUrl\":\"https:\\\/\\\/shrimataji.org\\\/test\\\/wp-content\\\/uploads\\\/2023\\\/02\\\/SMO_LOGO-03.svg\",\"width\":\"1024\",\"height\":\"1024\",\"caption\":\"Nirmala Shrivastava\"},\"logo\":{\"@id\":\"https:\\\/\\\/shrimataji.org\\\/test\\\/wp-content\\\/uploads\\\/2023\\\/02\\\/SMO_LOGO-03.svg\"},\"sameAs\":[\"https:\\\/\\\/shrimataji.org\\\/test\",\"https:\\\/\\\/www.facebook.com\\\/shrimataji\",\"https:\\\/\\\/x.com\\\/shrimataji\",\"https:\\\/\\\/www.youtube.com\\\/@Shri_Mataji_Nirmala_Devi\\\/featured\"]}]}<\/script>\n<!-- \/ Yoast SEO plugin. -->","yoast_head_json":{"title":"Online-Events - TEST - SMND","robots":{"index":"noindex","follow":"follow","max-snippet":"max-snippet:-1","max-image-preview":"max-image-preview:large","max-video-preview":"max-video-preview:-1"},"og_locale":"en_US","og_type":"article","og_title":"Online-Events - TEST - SMND","og_description":"Online-Events \u00a0Dhyananjali &#8211; Meditative Darbietung von Rabindranath Tagores Liedern 6. Mai, 18:30 CET Die Lieder des Nobelpreistr\u00e4gers Rabindranath Tagore inspirierten Generationen von Musikliebhabern im Westen und Osten. H\u00f6rt man seine Lieder in einem meditativen Zustand, verst\u00e4rkt das die subtile Erfahrung der tiefen Gef\u00fchle, die die Akkorde unseres Herzens anschlagen. Ihre Heiligkeit Shri Mataji Nirmala Devi&hellip; Read more","og_url":"https:\/\/shrimataji.org\/test\/de\/online-ereignisse\/","og_site_name":"TEST - SMND","article_publisher":"https:\/\/www.facebook.com\/shrimataji","article_modified_time":"2024-08-25T07:41:08+00:00","og_image":[{"width":2560,"height":905,"url":"https:\/\/shrimataji.org\/test\/wp-content\/uploads\/2023\/03\/Banner-Footer-Castle-1-scaled.jpg","type":"image\/jpeg"}],"twitter_card":"summary_large_image","twitter_site":"@shrimataji","twitter_misc":{"Est. reading time":"1 minute"},"schema":{"@context":"https:\/\/schema.org","@graph":[{"@type":"WebPage","@id":"https:\/\/shrimataji.org\/test\/de\/online-ereignisse\/","url":"https:\/\/shrimataji.org\/test\/de\/online-ereignisse\/","name":"Online-Events - TEST - SMND","isPartOf":{"@id":"https:\/\/shrimataji.org\/test\/#website"},"primaryImageOfPage":{"@id":"https:\/\/shrimataji.org\/test\/de\/online-ereignisse\/#primaryimage"},"image":{"@id":"https:\/\/shrimataji.org\/test\/de\/online-ereignisse\/#primaryimage"},"thumbnailUrl":"https:\/\/shrimataji.org\/test\/wp-content\/uploads\/2023\/03\/Banner-Footer-Castle-1-scaled.jpg","datePublished":"2023-03-18T21:15:49+00:00","dateModified":"2024-08-25T07:41:08+00:00","breadcrumb":{"@id":"https:\/\/shrimataji.org\/test\/de\/online-ereignisse\/#breadcrumb"},"inLanguage":"en-US","potentialAction":[{"@type":"ReadAction","target":["https:\/\/shrimataji.org\/test\/de\/online-ereignisse\/"]}]},{"@type":"ImageObject","inLanguage":"en-US","@id":"https:\/\/shrimataji.org\/test\/de\/online-ereignisse\/#primaryimage","url":"https:\/\/shrimataji.org\/test\/wp-content\/uploads\/2023\/03\/Banner-Footer-Castle-1-scaled.jpg","contentUrl":"https:\/\/shrimataji.org\/test\/wp-content\/uploads\/2023\/03\/Banner-Footer-Castle-1-scaled.jpg","width":2560,"height":905},{"@type":"BreadcrumbList","@id":"https:\/\/shrimataji.org\/test\/de\/online-ereignisse\/#breadcrumb","itemListElement":[{"@type":"ListItem","position":1,"name":"Home","item":"https:\/\/shrimataji.org\/test\/uk\/home-en\/"},{"@type":"ListItem","position":2,"name":"Online-Events"}]},{"@type":"WebSite","@id":"https:\/\/shrimataji.org\/test\/#website","url":"https:\/\/shrimataji.org\/test\/","name":"Shri Mataji Nirmala Devi","description":"A Life Dedicated to Humanity","publisher":{"@id":"https:\/\/shrimataji.org\/test\/#\/schema\/person\/a1b3419c6585f164aa96da1ff85715d1"},"potentialAction":[{"@type":"SearchAction","target":{"@type":"EntryPoint","urlTemplate":"https:\/\/shrimataji.org\/test\/?s={search_term_string}"},"query-input":{"@type":"PropertyValueSpecification","valueRequired":true,"valueName":"search_term_string"}}],"inLanguage":"en-US"},{"@type":["Person","Organization"],"@id":"https:\/\/shrimataji.org\/test\/#\/schema\/person\/a1b3419c6585f164aa96da1ff85715d1","name":"Nirmala Shrivastava","image":{"@type":"ImageObject","inLanguage":"en-US","@id":"https:\/\/shrimataji.org\/test\/wp-content\/uploads\/2023\/02\/SMO_LOGO-03.svg","url":"https:\/\/shrimataji.org\/test\/wp-content\/uploads\/2023\/02\/SMO_LOGO-03.svg","contentUrl":"https:\/\/shrimataji.org\/test\/wp-content\/uploads\/2023\/02\/SMO_LOGO-03.svg","width":"1024","height":"1024","caption":"Nirmala Shrivastava"},"logo":{"@id":"https:\/\/shrimataji.org\/test\/wp-content\/uploads\/2023\/02\/SMO_LOGO-03.svg"},"sameAs":["https:\/\/shrimataji.org\/test","https:\/\/www.facebook.com\/shrimataji","https:\/\/x.com\/shrimataji","https:\/\/www.youtube.com\/@Shri_Mataji_Nirmala_Devi\/featured"]}]}},"lang":"de","translations":{"de":10674,"am":18045,"th":20011,"hu":19528,"en":9878,"sq":18446,"zh":17343,"tr":10190,"pt":10400,"fr":10772,"it":10870,"es":10967,"ja":11264,"ru":11452,"bn":11644,"te":11752,"sw":11875,"he":12023,"el":12315,"sk":12413,"fa":12511,"fi":12609,"bg":13359,"ro":14433,"cs":14626,"nl":16606,"ku":16766,"ar":16942,"be":18653,"kn":18927,"uk":20669,"ml":20964,"gu":28878,"pa":29038},"pll_sync_post":[],"_links":{"self":[{"href":"https:\/\/shrimataji.org\/test\/wp-json\/wp\/v2\/pages\/10674","targetHints":{"allow":["GET"]}}],"collection":[{"href":"https:\/\/shrimataji.org\/test\/wp-json\/wp\/v2\/pages"}],"about":[{"href":"https:\/\/shrimataji.org\/test\/wp-json\/wp\/v2\/types\/page"}],"author":[{"embeddable":true,"href":"https:\/\/shrimataji.org\/test\/wp-json\/wp\/v2\/users\/10"}],"replies":[{"embeddable":true,"href":"https:\/\/shrimataji.org\/test\/wp-json\/wp\/v2\/comments?post=10674"}],"version-history":[{"count":0,"href":"https:\/\/shrimataji.org\/test\/wp-json\/wp\/v2\/pages\/10674\/revisions"}],"wp:featuredmedia":[{"embeddable":true,"href":"https:\/\/shrimataji.org\/test\/wp-json\/wp\/v2\/media\/9552"}],"wp:attachment":[{"href":"https:\/\/shrimataji.org\/test\/wp-json\/wp\/v2\/media?parent=10674"}],"curies":[{"name":"wp","href":"https:\/\/api.w.org\/{rel}","templated":true}]}}