{"id":10676,"date":"2022-01-29T10:23:24","date_gmt":"2022-01-29T10:23:24","guid":{"rendered":"https:\/\/test.shrimataji.org\/?page_id=6404"},"modified":"2024-06-11T09:24:17","modified_gmt":"2024-06-11T09:24:17","slug":"paramchaitanya_de","status":"publish","type":"page","link":"https:\/\/shrimataji.org\/test\/de\/paramchaitanya_de\/","title":{"rendered":"Paramchaitanya DE"},"content":{"rendered":"\n\n\t<h1>Paramchaitanya<\/h1>\n<h2>Die g\u00f6ttliche K\u00fchle Brise des Unbewussten<\/h2>\n<div class=\"su-quote su-quote-style-default\"><div class=\"su-quote-inner su-u-clearfix su-u-trim\">Jeden Tag sehen wir Samen aufgehen, Blumen bl\u00fchen, Fr\u00fcchte reifen &#8211; aber wir wollen nicht dar\u00fcber nachdenken, wie es funktioniert. Es gibt eine Kraft, die diese Arbeit tut, und das ist die allesdurchdringende Kraft der g\u00f6ttlichen Liebe. Die Zeit ist gekommen, diese Kraft mit Hilfe unser inneres Instrument direkt wahrzunehmen. Doch dieses Instrument ist nutzlos, wenn es nicht an das Hauptnetz angeschlossen ist. Wir kennen unser Potenzial und unsere Sch\u00f6nheit nicht. Doch sobald die Verbindung mit dem Hauptleitung hergestellt ist, sind wir von den dynamischen Ergebnissen \u00fcberrascht.<\/div><\/div>\n<h4>Verschiedene Kulturen haben unterschiedliche Namen f\u00fcr die universelle Kraft der Liebe Gottes: <em>Pneuma<\/em> (Griechisch), <em>Ruach<\/em> (Hebr\u00e4isch), <em>Ruh<\/em> (Arabisch), <em>Tao<\/em> (Mandarin), &#8220;Wind des Heiligen Geistes&#8221; oder &#8220;Wasser des Lebens&#8221;. Sie alle verweisen jedoch auf dieselbe liebevolle, intelligente und allumfassende Sch\u00f6pfungsenergie. Bewusstsein und Energie sind die prim\u00e4ren Faktoren. Alles andere ist sekund\u00e4r. Diese urs\u00e4chliche Energie durchdringt den gesamten Kosmos und Shri Mataji nennt diese allesdurchdringende Energie <em>Paramchaitanya<\/em>.<\/h4>\n<p><em>Paramchaitanya<\/em> wird nach der Selbst-Verwirklichung als k\u00fchle Brise oder als &#8220;Vibrationen&#8221; besonders \u00fcber dem Scheitel und auf den Handfl\u00e4chen empfunden. Wenn unsere <a href=\"https:\/\/shrimataji.org\/test\/de\/kundalini_de\/\" target=\"_blank\" rel=\"noopener\"><u>Kundalini<\/u><\/a> in der Meditation durch die verschiedenen <a href=\"https:\/\/shrimataji.org\/test\/de\/chakren-und-qualitaeten\/\" target=\"_blank\" rel=\"noopener\"><u>Chakren<\/u><\/a>\u00a0aufsteigt, k\u00f6nnen wir ihren vibratorischen Zustand an den jeweiligen Positionen in der Wirbels\u00e4ule oder den zugeh\u00f6rigen Fingern sp\u00fcren. Die Vibrationen spiegeln nicht nur ein vollst\u00e4ndiges Bild der Realit\u00e4t. Sie arbeiten auch alle Umst\u00e4nde zu unserem Wohl, dem unserer Mitmenschen und dem der uns umgebenden Natur heraus.<\/p>\n<p>Viele praktizierende Sahaja Yogis staunten \u00fcber die Pr\u00e4zision und Effektivit\u00e4t dieser Vibrationen der g\u00f6ttlichen Liebe. Sie h\u00fcllen uns vollst\u00e4ndig ein und leiten uns in unserem t\u00e4glichen Leben, ohne sich in unseren freien Willen einzumischen. Sie sind wie ein allesdurchdringendes Medium, das es uns erm\u00f6glicht, viele Alltagsprobleme zu l\u00f6sen, ohne dass wir Expertenwissen in einem bestimmten Bereich haben m\u00fcssen. Wie beim Internet m\u00fcssen wir nur richtig mit dieser Kraft verbunden sein, was wir in unserer t\u00e4glichen Meditation leicht erreichen k\u00f6nnen.<\/p>\n<div class=\"su-quote su-quote-style-default\"><div class=\"su-quote-inner su-u-clearfix su-u-trim\">F\u00fcr Sahaja Yogis ist es jetzt sehr einfach herauszufinden, ob etwas wirklich oder unwirklich, ob es Wahrheit oder Unwahrheit oder ob es Liebe oder Hass ist. Allein durch die Vibrationen wei\u00df man es. Doch man sollte auch wissen, was diese Vibrationen sind und woraus sie bestehen. Was ist die subtile Kraft, die hinter diesen Vibrationen steht? Wir nennen es <em>Paramchaitanya<\/em>.<\/div><\/div>\n\t\n\n","protected":false},"excerpt":{"rendered":"<p>Paramchaitanya Die g\u00f6ttliche K\u00fchle Brise des Unbewussten Verschiedene Kulturen haben unterschiedliche Namen f\u00fcr die universelle Kraft der Liebe Gottes: Pneuma (Griechisch), Ruach (Hebr\u00e4isch), Ruh (Arabisch), Tao (Mandarin), &#8220;Wind des Heiligen Geistes&#8221; oder &#8220;Wasser des Lebens&#8221;. Sie alle verweisen jedoch auf dieselbe liebevolle, intelligente und allumfassende Sch\u00f6pfungsenergie. Bewusstsein und Energie sind die prim\u00e4ren Faktoren. Alles andere&hellip; <br \/> <a class=\"read-more\" href=\"https:\/\/shrimataji.org\/test\/de\/paramchaitanya_de\/\">Read more<\/a><\/p>\n","protected":false},"author":10,"featured_media":9245,"parent":0,"menu_order":0,"comment_status":"closed","ping_status":"closed","template":"","meta":{"inline_featured_image":false,"footnotes":""},"class_list":["post-10676","page","type-page","status-publish","has-post-thumbnail","hentry"],"yoast_head":"<!-- This site is optimized with the Yoast SEO plugin v27.4 - https:\/\/yoast.com\/product\/yoast-seo-wordpress\/ -->\n<title>Paramchaitanya DE - TEST - SMND<\/title>\n<meta name=\"robots\" content=\"noindex, follow, max-snippet:-1, max-image-preview:large, max-video-preview:-1\" \/>\n<meta property=\"og:locale\" content=\"en_US\" \/>\n<meta property=\"og:type\" content=\"article\" \/>\n<meta property=\"og:title\" content=\"Paramchaitanya DE - TEST - SMND\" \/>\n<meta property=\"og:description\" content=\"Paramchaitanya Die g\u00f6ttliche K\u00fchle Brise des Unbewussten Verschiedene Kulturen haben unterschiedliche Namen f\u00fcr die universelle Kraft der Liebe Gottes: Pneuma (Griechisch), Ruach (Hebr\u00e4isch), Ruh (Arabisch), Tao (Mandarin), &#8220;Wind des Heiligen Geistes&#8221; oder &#8220;Wasser des Lebens&#8221;. Sie alle verweisen jedoch auf dieselbe liebevolle, intelligente und allumfassende Sch\u00f6pfungsenergie. Bewusstsein und Energie sind die prim\u00e4ren Faktoren. Alles andere&hellip; Read more\" \/>\n<meta property=\"og:url\" content=\"https:\/\/shrimataji.org\/test\/de\/paramchaitanya_de\/\" \/>\n<meta property=\"og:site_name\" content=\"TEST - SMND\" \/>\n<meta property=\"article:publisher\" content=\"https:\/\/www.facebook.com\/shrimataji\" \/>\n<meta property=\"article:modified_time\" content=\"2024-06-11T09:24:17+00:00\" \/>\n<meta property=\"og:image\" content=\"https:\/\/shrimataji.org\/test\/wp-content\/uploads\/2023\/03\/10_Banner-SY-Paramchaitanya-scaled.jpg\" \/>\n\t<meta property=\"og:image:width\" content=\"2560\" \/>\n\t<meta property=\"og:image:height\" content=\"905\" \/>\n\t<meta property=\"og:image:type\" content=\"image\/jpeg\" \/>\n<meta name=\"twitter:card\" content=\"summary_large_image\" \/>\n<meta name=\"twitter:site\" content=\"@shrimataji\" \/>\n<meta name=\"twitter:label1\" content=\"Est. reading time\" \/>\n\t<meta name=\"twitter:data1\" content=\"2 minutes\" \/>\n<script type=\"application\/ld+json\" class=\"yoast-schema-graph\">{\"@context\":\"https:\\\/\\\/schema.org\",\"@graph\":[{\"@type\":\"WebPage\",\"@id\":\"https:\\\/\\\/shrimataji.org\\\/test\\\/de\\\/paramchaitanya_de\\\/\",\"url\":\"https:\\\/\\\/shrimataji.org\\\/test\\\/de\\\/paramchaitanya_de\\\/\",\"name\":\"Paramchaitanya DE - TEST - SMND\",\"isPartOf\":{\"@id\":\"https:\\\/\\\/shrimataji.org\\\/test\\\/#website\"},\"primaryImageOfPage\":{\"@id\":\"https:\\\/\\\/shrimataji.org\\\/test\\\/de\\\/paramchaitanya_de\\\/#primaryimage\"},\"image\":{\"@id\":\"https:\\\/\\\/shrimataji.org\\\/test\\\/de\\\/paramchaitanya_de\\\/#primaryimage\"},\"thumbnailUrl\":\"https:\\\/\\\/shrimataji.org\\\/test\\\/wp-content\\\/uploads\\\/2023\\\/03\\\/10_Banner-SY-Paramchaitanya-scaled.jpg\",\"datePublished\":\"2022-01-29T10:23:24+00:00\",\"dateModified\":\"2024-06-11T09:24:17+00:00\",\"breadcrumb\":{\"@id\":\"https:\\\/\\\/shrimataji.org\\\/test\\\/de\\\/paramchaitanya_de\\\/#breadcrumb\"},\"inLanguage\":\"en-US\",\"potentialAction\":[{\"@type\":\"ReadAction\",\"target\":[\"https:\\\/\\\/shrimataji.org\\\/test\\\/de\\\/paramchaitanya_de\\\/\"]}]},{\"@type\":\"ImageObject\",\"inLanguage\":\"en-US\",\"@id\":\"https:\\\/\\\/shrimataji.org\\\/test\\\/de\\\/paramchaitanya_de\\\/#primaryimage\",\"url\":\"https:\\\/\\\/shrimataji.org\\\/test\\\/wp-content\\\/uploads\\\/2023\\\/03\\\/10_Banner-SY-Paramchaitanya-scaled.jpg\",\"contentUrl\":\"https:\\\/\\\/shrimataji.org\\\/test\\\/wp-content\\\/uploads\\\/2023\\\/03\\\/10_Banner-SY-Paramchaitanya-scaled.jpg\",\"width\":2560,\"height\":905},{\"@type\":\"BreadcrumbList\",\"@id\":\"https:\\\/\\\/shrimataji.org\\\/test\\\/de\\\/paramchaitanya_de\\\/#breadcrumb\",\"itemListElement\":[{\"@type\":\"ListItem\",\"position\":1,\"name\":\"Home\",\"item\":\"https:\\\/\\\/shrimataji.org\\\/test\\\/uk\\\/home-en\\\/\"},{\"@type\":\"ListItem\",\"position\":2,\"name\":\"Paramchaitanya DE\"}]},{\"@type\":\"WebSite\",\"@id\":\"https:\\\/\\\/shrimataji.org\\\/test\\\/#website\",\"url\":\"https:\\\/\\\/shrimataji.org\\\/test\\\/\",\"name\":\"Shri Mataji Nirmala Devi\",\"description\":\"A Life Dedicated to Humanity\",\"publisher\":{\"@id\":\"https:\\\/\\\/shrimataji.org\\\/test\\\/#\\\/schema\\\/person\\\/a1b3419c6585f164aa96da1ff85715d1\"},\"potentialAction\":[{\"@type\":\"SearchAction\",\"target\":{\"@type\":\"EntryPoint\",\"urlTemplate\":\"https:\\\/\\\/shrimataji.org\\\/test\\\/?s={search_term_string}\"},\"query-input\":{\"@type\":\"PropertyValueSpecification\",\"valueRequired\":true,\"valueName\":\"search_term_string\"}}],\"inLanguage\":\"en-US\"},{\"@type\":[\"Person\",\"Organization\"],\"@id\":\"https:\\\/\\\/shrimataji.org\\\/test\\\/#\\\/schema\\\/person\\\/a1b3419c6585f164aa96da1ff85715d1\",\"name\":\"Nirmala Shrivastava\",\"image\":{\"@type\":\"ImageObject\",\"inLanguage\":\"en-US\",\"@id\":\"https:\\\/\\\/shrimataji.org\\\/test\\\/wp-content\\\/uploads\\\/2023\\\/02\\\/SMO_LOGO-03.svg\",\"url\":\"https:\\\/\\\/shrimataji.org\\\/test\\\/wp-content\\\/uploads\\\/2023\\\/02\\\/SMO_LOGO-03.svg\",\"contentUrl\":\"https:\\\/\\\/shrimataji.org\\\/test\\\/wp-content\\\/uploads\\\/2023\\\/02\\\/SMO_LOGO-03.svg\",\"width\":\"1024\",\"height\":\"1024\",\"caption\":\"Nirmala Shrivastava\"},\"logo\":{\"@id\":\"https:\\\/\\\/shrimataji.org\\\/test\\\/wp-content\\\/uploads\\\/2023\\\/02\\\/SMO_LOGO-03.svg\"},\"sameAs\":[\"https:\\\/\\\/shrimataji.org\\\/test\",\"https:\\\/\\\/www.facebook.com\\\/shrimataji\",\"https:\\\/\\\/x.com\\\/shrimataji\",\"https:\\\/\\\/www.youtube.com\\\/@Shri_Mataji_Nirmala_Devi\\\/featured\"]}]}<\/script>\n<!-- \/ Yoast SEO plugin. -->","yoast_head_json":{"title":"Paramchaitanya DE - TEST - SMND","robots":{"index":"noindex","follow":"follow","max-snippet":"max-snippet:-1","max-image-preview":"max-image-preview:large","max-video-preview":"max-video-preview:-1"},"og_locale":"en_US","og_type":"article","og_title":"Paramchaitanya DE - TEST - SMND","og_description":"Paramchaitanya Die g\u00f6ttliche K\u00fchle Brise des Unbewussten Verschiedene Kulturen haben unterschiedliche Namen f\u00fcr die universelle Kraft der Liebe Gottes: Pneuma (Griechisch), Ruach (Hebr\u00e4isch), Ruh (Arabisch), Tao (Mandarin), &#8220;Wind des Heiligen Geistes&#8221; oder &#8220;Wasser des Lebens&#8221;. Sie alle verweisen jedoch auf dieselbe liebevolle, intelligente und allumfassende Sch\u00f6pfungsenergie. Bewusstsein und Energie sind die prim\u00e4ren Faktoren. Alles andere&hellip; Read more","og_url":"https:\/\/shrimataji.org\/test\/de\/paramchaitanya_de\/","og_site_name":"TEST - SMND","article_publisher":"https:\/\/www.facebook.com\/shrimataji","article_modified_time":"2024-06-11T09:24:17+00:00","og_image":[{"width":2560,"height":905,"url":"https:\/\/shrimataji.org\/test\/wp-content\/uploads\/2023\/03\/10_Banner-SY-Paramchaitanya-scaled.jpg","type":"image\/jpeg"}],"twitter_card":"summary_large_image","twitter_site":"@shrimataji","twitter_misc":{"Est. reading time":"2 minutes"},"schema":{"@context":"https:\/\/schema.org","@graph":[{"@type":"WebPage","@id":"https:\/\/shrimataji.org\/test\/de\/paramchaitanya_de\/","url":"https:\/\/shrimataji.org\/test\/de\/paramchaitanya_de\/","name":"Paramchaitanya DE - TEST - SMND","isPartOf":{"@id":"https:\/\/shrimataji.org\/test\/#website"},"primaryImageOfPage":{"@id":"https:\/\/shrimataji.org\/test\/de\/paramchaitanya_de\/#primaryimage"},"image":{"@id":"https:\/\/shrimataji.org\/test\/de\/paramchaitanya_de\/#primaryimage"},"thumbnailUrl":"https:\/\/shrimataji.org\/test\/wp-content\/uploads\/2023\/03\/10_Banner-SY-Paramchaitanya-scaled.jpg","datePublished":"2022-01-29T10:23:24+00:00","dateModified":"2024-06-11T09:24:17+00:00","breadcrumb":{"@id":"https:\/\/shrimataji.org\/test\/de\/paramchaitanya_de\/#breadcrumb"},"inLanguage":"en-US","potentialAction":[{"@type":"ReadAction","target":["https:\/\/shrimataji.org\/test\/de\/paramchaitanya_de\/"]}]},{"@type":"ImageObject","inLanguage":"en-US","@id":"https:\/\/shrimataji.org\/test\/de\/paramchaitanya_de\/#primaryimage","url":"https:\/\/shrimataji.org\/test\/wp-content\/uploads\/2023\/03\/10_Banner-SY-Paramchaitanya-scaled.jpg","contentUrl":"https:\/\/shrimataji.org\/test\/wp-content\/uploads\/2023\/03\/10_Banner-SY-Paramchaitanya-scaled.jpg","width":2560,"height":905},{"@type":"BreadcrumbList","@id":"https:\/\/shrimataji.org\/test\/de\/paramchaitanya_de\/#breadcrumb","itemListElement":[{"@type":"ListItem","position":1,"name":"Home","item":"https:\/\/shrimataji.org\/test\/uk\/home-en\/"},{"@type":"ListItem","position":2,"name":"Paramchaitanya DE"}]},{"@type":"WebSite","@id":"https:\/\/shrimataji.org\/test\/#website","url":"https:\/\/shrimataji.org\/test\/","name":"Shri Mataji Nirmala Devi","description":"A Life Dedicated to Humanity","publisher":{"@id":"https:\/\/shrimataji.org\/test\/#\/schema\/person\/a1b3419c6585f164aa96da1ff85715d1"},"potentialAction":[{"@type":"SearchAction","target":{"@type":"EntryPoint","urlTemplate":"https:\/\/shrimataji.org\/test\/?s={search_term_string}"},"query-input":{"@type":"PropertyValueSpecification","valueRequired":true,"valueName":"search_term_string"}}],"inLanguage":"en-US"},{"@type":["Person","Organization"],"@id":"https:\/\/shrimataji.org\/test\/#\/schema\/person\/a1b3419c6585f164aa96da1ff85715d1","name":"Nirmala Shrivastava","image":{"@type":"ImageObject","inLanguage":"en-US","@id":"https:\/\/shrimataji.org\/test\/wp-content\/uploads\/2023\/02\/SMO_LOGO-03.svg","url":"https:\/\/shrimataji.org\/test\/wp-content\/uploads\/2023\/02\/SMO_LOGO-03.svg","contentUrl":"https:\/\/shrimataji.org\/test\/wp-content\/uploads\/2023\/02\/SMO_LOGO-03.svg","width":"1024","height":"1024","caption":"Nirmala Shrivastava"},"logo":{"@id":"https:\/\/shrimataji.org\/test\/wp-content\/uploads\/2023\/02\/SMO_LOGO-03.svg"},"sameAs":["https:\/\/shrimataji.org\/test","https:\/\/www.facebook.com\/shrimataji","https:\/\/x.com\/shrimataji","https:\/\/www.youtube.com\/@Shri_Mataji_Nirmala_Devi\/featured"]}]}},"lang":"de","translations":{"de":10676,"ur":37475,"en":6404,"am":18048,"th":20016,"hu":19532,"sq":18449,"zh":17346,"hi":8298,"tr":10192,"pt":10402,"fr":10774,"it":10872,"es":10969,"ja":11266,"ru":11454,"bn":11646,"te":11754,"sw":11877,"he":12025,"el":12317,"sk":12415,"fa":12513,"fi":12611,"bg":13388,"ro":14462,"cs":14655,"nl":16609,"ku":16769,"ar":16945,"be":18656,"kn":18930,"mr":20380,"uk":20674,"ml":20969,"ta":22767,"sv":23037,"gu":28881,"pa":29041,"fil":29485,"da":37786,"pl":37998,"nn":38338},"pll_sync_post":[],"_links":{"self":[{"href":"https:\/\/shrimataji.org\/test\/wp-json\/wp\/v2\/pages\/10676","targetHints":{"allow":["GET"]}}],"collection":[{"href":"https:\/\/shrimataji.org\/test\/wp-json\/wp\/v2\/pages"}],"about":[{"href":"https:\/\/shrimataji.org\/test\/wp-json\/wp\/v2\/types\/page"}],"author":[{"embeddable":true,"href":"https:\/\/shrimataji.org\/test\/wp-json\/wp\/v2\/users\/10"}],"replies":[{"embeddable":true,"href":"https:\/\/shrimataji.org\/test\/wp-json\/wp\/v2\/comments?post=10676"}],"version-history":[{"count":0,"href":"https:\/\/shrimataji.org\/test\/wp-json\/wp\/v2\/pages\/10676\/revisions"}],"wp:featuredmedia":[{"embeddable":true,"href":"https:\/\/shrimataji.org\/test\/wp-json\/wp\/v2\/media\/9245"}],"wp:attachment":[{"href":"https:\/\/shrimataji.org\/test\/wp-json\/wp\/v2\/media?parent=10676"}],"curies":[{"name":"wp","href":"https:\/\/api.w.org\/{rel}","templated":true}]}}