{"id":10677,"date":"2022-01-29T10:34:53","date_gmt":"2022-01-29T10:34:53","guid":{"rendered":"https:\/\/test.shrimataji.org\/?page_id=6414"},"modified":"2024-06-11T09:24:17","modified_gmt":"2024-06-11T09:24:17","slug":"pingala-de","status":"publish","type":"page","link":"https:\/\/shrimataji.org\/test\/de\/pingala-de\/","title":{"rendered":"Pingala Nadi DE"},"content":{"rendered":"\n\n\t<h1>Pingala Nadi<\/h1>\n<h2>Handlungen und Intelligenz<\/h2>\n\t<h4>Der im Sanskrit als <em>Pingala Nadi<\/em> bezeichnete rechte Energiekanal wird auch &#8220;Sonnenkanal&#8221; genannt. Er beginnt im zweiten Energiezentrum &#8211; dem <em><a href=\"https:\/\/shrimataji.org\/test\/de\/swadhisthana-de\/\" target=\"_blank\" rel=\"noopener\">Swadhisthana Chakra<\/a> -,<\/em> bewegt sich auf der rechten K\u00f6rperseite nach oben und erreicht sein oberes Ende in einem Ballon entlang der linken Hemisph\u00e4re unseres Gehirns.<\/h4>\n<p>Shri Mataji beschreibt diesen Ballon als psychischen Ausdruck des Egos. Das Ego gibt uns ein Gef\u00fchl von Individualit\u00e4t und eines von anderen getrenntes Selbst. Das <a href=\"https:\/\/shrimataji.org\/test\/de\/agnya-de\/\">Ego<\/a> erlaubt es uns, von &#8220;mir&#8221; oder &#8220;Ich&#8221; zu sprechen.<\/p>\n\t\t\t\t<a href=\"https:\/\/shrimataji.org\/test\/wp-content\/uploads\/2023\/02\/3_Pingala-01.png\" target=\"_blank\" rel=\"noopener\">\n\t\t\t\t<img loading=\"lazy\" decoding=\"async\" src=\"https:\/\/shrimataji.org\/test\/wp-content\/uploads\/2024\/04\/DE_Pingala.png\" alt=\"DE_Pingala\" height=\"1635\" width=\"1543\" title=\"DE_Pingala\" \/>\n\t\t\t\t<\/a>\n\t<div class=\"su-quote su-quote-style-default\"><div class=\"su-quote-inner su-u-clearfix su-u-trim\">&#8230; diese Spannung entsteht, weil wir zu sehr auf der rechten Seite arbeiten &#8230; Das entwickelt sich zu einer schrecklichen Sache, die man als Ego bezeichnet und die uns glauben l\u00e4sst, dass wir tun etwas. Doch zu glauben: &#8220;Ich mache diese Arbeit&#8221;, ist eine Form von Unwissenheit.<\/div><\/div>\n\t\n\t<p>Handeln und Planen sind wesentliche, mit dem rechten Energiekanal verbundene Qualit\u00e4ten. Diese Aspekte manifestieren sich auch als neuronale Verbindungen in der linken Hemisph\u00e4re des Gehirns und steuern unsere mentalen und k\u00f6rperlichen Aktivit\u00e4ten. Allerdings kann die Nachfrage nach Energie auf der rechten Seite manchmal so gro\u00df sein, dass die linke Seite geschw\u00e4cht wird. In diesem Fall schwindet unser Wunsch nach Freude, und wir f\u00fchlen uns m\u00fcrrisch und reizbar. M\u00f6glicherweise schreien wir alle an oder fahren aus der Haut, wenn die kleinste Kleinigkeit schief geht. Infolgedessen stauen sich negative Energien, Stress und Aggressionen weiter auf. Am Arbeitsplatz, in der Schule und an anderen \u00f6ffentlichen Orten sind wir oft mit stressigen Situationen konfrontiert. Manchmal ist es schwierig, ein friedliches und f\u00fcrsorgliches Zuhause aufrechtzuerhalten, wenn solche Stresssituationen chronisch und \u00fcber einen langen Zeitraum hinweg andauern.<\/p>\n<p>Gl\u00fccklicherweise ist Bewusstheit der erste Schritt, um solche Ungleichgewichte der rechten Seite zu korrigieren. Meditation und der Zugang zur <a href=\"https:\/\/shrimataji.org\/test\/de\/kundalini_de\/\" target=\"_blank\" rel=\"noopener\">Kundalini-Energie<\/a> erm\u00f6glichen es uns, ein nat\u00fcrliches Gleichgewicht zu finden, um Harmonie, Frieden und Freude wiederherzustellen.<\/p>\n<p>Der rechte Energiekanal beeinflusst also unsere F\u00e4higkeit, f\u00fcr die Zukunft zu planen und zu handeln, und er spielt eine Rolle bei negativen Emotionen wie \u00c4rger, Reizbarkeit und Stress. Der <em>Pingala Nadi<\/em> gibt uns die F\u00e4higkeit, in Begriffen wie &#8220;ich&#8221;, &#8220;mein&#8221; und &#8220;mir&#8221; zu denken. Doch wenn wir es mit einer dieser Vorstellungen \u00fcbertreiben, machen wir unsere Gegenwart f\u00fcr andere unangenehm. Durch Meditation erkennen wir jedoch, wenn unsere Energie im rechten Kanal zu stark ist und es Zeit ist, sich abzuk\u00fchlen und wieder ins Gleichgewicht zu kommen.<\/p>\n<p>Shri Mataji empfahl dazu <a href=\"https:\/\/shrimataji.org\/test\/wp-content\/uploads\/2024\/04\/Meditieren-und-Balancieren-2024-1.pdf\" target=\"_blank\" rel=\"noopener\">Meditieren und Balancieren 2024<\/a>.<\/p>\n\n","protected":false},"excerpt":{"rendered":"<p>Pingala Nadi Handlungen und Intelligenz Der im Sanskrit als Pingala Nadi bezeichnete rechte Energiekanal wird auch &#8220;Sonnenkanal&#8221; genannt. Er beginnt im zweiten Energiezentrum &#8211; dem Swadhisthana Chakra -, bewegt sich auf der rechten K\u00f6rperseite nach oben und erreicht sein oberes Ende in einem Ballon entlang der linken Hemisph\u00e4re unseres Gehirns. Shri Mataji beschreibt diesen Ballon&hellip; <br \/> <a class=\"read-more\" href=\"https:\/\/shrimataji.org\/test\/de\/pingala-de\/\">Read more<\/a><\/p>\n","protected":false},"author":10,"featured_media":9248,"parent":0,"menu_order":0,"comment_status":"closed","ping_status":"closed","template":"","meta":{"inline_featured_image":false,"footnotes":""},"class_list":["post-10677","page","type-page","status-publish","has-post-thumbnail","hentry"],"yoast_head":"<!-- This site is optimized with the Yoast SEO plugin v27.4 - https:\/\/yoast.com\/product\/yoast-seo-wordpress\/ -->\n<title>Pingala Nadi DE - TEST - SMND<\/title>\n<meta name=\"robots\" content=\"noindex, follow, max-snippet:-1, max-image-preview:large, max-video-preview:-1\" \/>\n<meta property=\"og:locale\" content=\"en_US\" \/>\n<meta property=\"og:type\" content=\"article\" \/>\n<meta property=\"og:title\" content=\"Pingala Nadi DE - TEST - SMND\" \/>\n<meta property=\"og:description\" content=\"Pingala Nadi Handlungen und Intelligenz Der im Sanskrit als Pingala Nadi bezeichnete rechte Energiekanal wird auch &#8220;Sonnenkanal&#8221; genannt. Er beginnt im zweiten Energiezentrum &#8211; dem Swadhisthana Chakra -, bewegt sich auf der rechten K\u00f6rperseite nach oben und erreicht sein oberes Ende in einem Ballon entlang der linken Hemisph\u00e4re unseres Gehirns. Shri Mataji beschreibt diesen Ballon&hellip; Read more\" \/>\n<meta property=\"og:url\" content=\"https:\/\/shrimataji.org\/test\/de\/pingala-de\/\" \/>\n<meta property=\"og:site_name\" content=\"TEST - SMND\" \/>\n<meta property=\"article:publisher\" content=\"https:\/\/www.facebook.com\/shrimataji\" \/>\n<meta property=\"article:modified_time\" content=\"2024-06-11T09:24:17+00:00\" \/>\n<meta property=\"og:image\" content=\"https:\/\/shrimataji.org\/test\/wp-content\/uploads\/2023\/03\/13_Banner-SY-Pingala-scaled.jpg\" \/>\n\t<meta property=\"og:image:width\" content=\"2560\" \/>\n\t<meta property=\"og:image:height\" content=\"905\" \/>\n\t<meta property=\"og:image:type\" content=\"image\/jpeg\" \/>\n<meta name=\"twitter:card\" content=\"summary_large_image\" \/>\n<meta name=\"twitter:site\" content=\"@shrimataji\" \/>\n<script type=\"application\/ld+json\" class=\"yoast-schema-graph\">{\"@context\":\"https:\\\/\\\/schema.org\",\"@graph\":[{\"@type\":\"WebPage\",\"@id\":\"https:\\\/\\\/shrimataji.org\\\/test\\\/de\\\/pingala-de\\\/\",\"url\":\"https:\\\/\\\/shrimataji.org\\\/test\\\/de\\\/pingala-de\\\/\",\"name\":\"Pingala Nadi DE - TEST - SMND\",\"isPartOf\":{\"@id\":\"https:\\\/\\\/shrimataji.org\\\/test\\\/#website\"},\"primaryImageOfPage\":{\"@id\":\"https:\\\/\\\/shrimataji.org\\\/test\\\/de\\\/pingala-de\\\/#primaryimage\"},\"image\":{\"@id\":\"https:\\\/\\\/shrimataji.org\\\/test\\\/de\\\/pingala-de\\\/#primaryimage\"},\"thumbnailUrl\":\"https:\\\/\\\/shrimataji.org\\\/test\\\/wp-content\\\/uploads\\\/2023\\\/03\\\/13_Banner-SY-Pingala-scaled.jpg\",\"datePublished\":\"2022-01-29T10:34:53+00:00\",\"dateModified\":\"2024-06-11T09:24:17+00:00\",\"breadcrumb\":{\"@id\":\"https:\\\/\\\/shrimataji.org\\\/test\\\/de\\\/pingala-de\\\/#breadcrumb\"},\"inLanguage\":\"en-US\",\"potentialAction\":[{\"@type\":\"ReadAction\",\"target\":[\"https:\\\/\\\/shrimataji.org\\\/test\\\/de\\\/pingala-de\\\/\"]}]},{\"@type\":\"ImageObject\",\"inLanguage\":\"en-US\",\"@id\":\"https:\\\/\\\/shrimataji.org\\\/test\\\/de\\\/pingala-de\\\/#primaryimage\",\"url\":\"https:\\\/\\\/shrimataji.org\\\/test\\\/wp-content\\\/uploads\\\/2023\\\/03\\\/13_Banner-SY-Pingala-scaled.jpg\",\"contentUrl\":\"https:\\\/\\\/shrimataji.org\\\/test\\\/wp-content\\\/uploads\\\/2023\\\/03\\\/13_Banner-SY-Pingala-scaled.jpg\",\"width\":2560,\"height\":905},{\"@type\":\"BreadcrumbList\",\"@id\":\"https:\\\/\\\/shrimataji.org\\\/test\\\/de\\\/pingala-de\\\/#breadcrumb\",\"itemListElement\":[{\"@type\":\"ListItem\",\"position\":1,\"name\":\"Home\",\"item\":\"https:\\\/\\\/shrimataji.org\\\/test\\\/uk\\\/home-en\\\/\"},{\"@type\":\"ListItem\",\"position\":2,\"name\":\"Pingala Nadi DE\"}]},{\"@type\":\"WebSite\",\"@id\":\"https:\\\/\\\/shrimataji.org\\\/test\\\/#website\",\"url\":\"https:\\\/\\\/shrimataji.org\\\/test\\\/\",\"name\":\"Shri Mataji Nirmala Devi\",\"description\":\"A Life Dedicated to Humanity\",\"publisher\":{\"@id\":\"https:\\\/\\\/shrimataji.org\\\/test\\\/#\\\/schema\\\/person\\\/a1b3419c6585f164aa96da1ff85715d1\"},\"potentialAction\":[{\"@type\":\"SearchAction\",\"target\":{\"@type\":\"EntryPoint\",\"urlTemplate\":\"https:\\\/\\\/shrimataji.org\\\/test\\\/?s={search_term_string}\"},\"query-input\":{\"@type\":\"PropertyValueSpecification\",\"valueRequired\":true,\"valueName\":\"search_term_string\"}}],\"inLanguage\":\"en-US\"},{\"@type\":[\"Person\",\"Organization\"],\"@id\":\"https:\\\/\\\/shrimataji.org\\\/test\\\/#\\\/schema\\\/person\\\/a1b3419c6585f164aa96da1ff85715d1\",\"name\":\"Nirmala Shrivastava\",\"image\":{\"@type\":\"ImageObject\",\"inLanguage\":\"en-US\",\"@id\":\"https:\\\/\\\/shrimataji.org\\\/test\\\/wp-content\\\/uploads\\\/2023\\\/02\\\/SMO_LOGO-03.svg\",\"url\":\"https:\\\/\\\/shrimataji.org\\\/test\\\/wp-content\\\/uploads\\\/2023\\\/02\\\/SMO_LOGO-03.svg\",\"contentUrl\":\"https:\\\/\\\/shrimataji.org\\\/test\\\/wp-content\\\/uploads\\\/2023\\\/02\\\/SMO_LOGO-03.svg\",\"width\":\"1024\",\"height\":\"1024\",\"caption\":\"Nirmala Shrivastava\"},\"logo\":{\"@id\":\"https:\\\/\\\/shrimataji.org\\\/test\\\/wp-content\\\/uploads\\\/2023\\\/02\\\/SMO_LOGO-03.svg\"},\"sameAs\":[\"https:\\\/\\\/shrimataji.org\\\/test\",\"https:\\\/\\\/www.facebook.com\\\/shrimataji\",\"https:\\\/\\\/x.com\\\/shrimataji\",\"https:\\\/\\\/www.youtube.com\\\/@Shri_Mataji_Nirmala_Devi\\\/featured\"]}]}<\/script>\n<!-- \/ Yoast SEO plugin. -->","yoast_head_json":{"title":"Pingala Nadi DE - TEST - SMND","robots":{"index":"noindex","follow":"follow","max-snippet":"max-snippet:-1","max-image-preview":"max-image-preview:large","max-video-preview":"max-video-preview:-1"},"og_locale":"en_US","og_type":"article","og_title":"Pingala Nadi DE - TEST - SMND","og_description":"Pingala Nadi Handlungen und Intelligenz Der im Sanskrit als Pingala Nadi bezeichnete rechte Energiekanal wird auch &#8220;Sonnenkanal&#8221; genannt. Er beginnt im zweiten Energiezentrum &#8211; dem Swadhisthana Chakra -, bewegt sich auf der rechten K\u00f6rperseite nach oben und erreicht sein oberes Ende in einem Ballon entlang der linken Hemisph\u00e4re unseres Gehirns. Shri Mataji beschreibt diesen Ballon&hellip; Read more","og_url":"https:\/\/shrimataji.org\/test\/de\/pingala-de\/","og_site_name":"TEST - SMND","article_publisher":"https:\/\/www.facebook.com\/shrimataji","article_modified_time":"2024-06-11T09:24:17+00:00","og_image":[{"width":2560,"height":905,"url":"https:\/\/shrimataji.org\/test\/wp-content\/uploads\/2023\/03\/13_Banner-SY-Pingala-scaled.jpg","type":"image\/jpeg"}],"twitter_card":"summary_large_image","twitter_site":"@shrimataji","schema":{"@context":"https:\/\/schema.org","@graph":[{"@type":"WebPage","@id":"https:\/\/shrimataji.org\/test\/de\/pingala-de\/","url":"https:\/\/shrimataji.org\/test\/de\/pingala-de\/","name":"Pingala Nadi DE - TEST - SMND","isPartOf":{"@id":"https:\/\/shrimataji.org\/test\/#website"},"primaryImageOfPage":{"@id":"https:\/\/shrimataji.org\/test\/de\/pingala-de\/#primaryimage"},"image":{"@id":"https:\/\/shrimataji.org\/test\/de\/pingala-de\/#primaryimage"},"thumbnailUrl":"https:\/\/shrimataji.org\/test\/wp-content\/uploads\/2023\/03\/13_Banner-SY-Pingala-scaled.jpg","datePublished":"2022-01-29T10:34:53+00:00","dateModified":"2024-06-11T09:24:17+00:00","breadcrumb":{"@id":"https:\/\/shrimataji.org\/test\/de\/pingala-de\/#breadcrumb"},"inLanguage":"en-US","potentialAction":[{"@type":"ReadAction","target":["https:\/\/shrimataji.org\/test\/de\/pingala-de\/"]}]},{"@type":"ImageObject","inLanguage":"en-US","@id":"https:\/\/shrimataji.org\/test\/de\/pingala-de\/#primaryimage","url":"https:\/\/shrimataji.org\/test\/wp-content\/uploads\/2023\/03\/13_Banner-SY-Pingala-scaled.jpg","contentUrl":"https:\/\/shrimataji.org\/test\/wp-content\/uploads\/2023\/03\/13_Banner-SY-Pingala-scaled.jpg","width":2560,"height":905},{"@type":"BreadcrumbList","@id":"https:\/\/shrimataji.org\/test\/de\/pingala-de\/#breadcrumb","itemListElement":[{"@type":"ListItem","position":1,"name":"Home","item":"https:\/\/shrimataji.org\/test\/uk\/home-en\/"},{"@type":"ListItem","position":2,"name":"Pingala Nadi DE"}]},{"@type":"WebSite","@id":"https:\/\/shrimataji.org\/test\/#website","url":"https:\/\/shrimataji.org\/test\/","name":"Shri Mataji Nirmala Devi","description":"A Life Dedicated to Humanity","publisher":{"@id":"https:\/\/shrimataji.org\/test\/#\/schema\/person\/a1b3419c6585f164aa96da1ff85715d1"},"potentialAction":[{"@type":"SearchAction","target":{"@type":"EntryPoint","urlTemplate":"https:\/\/shrimataji.org\/test\/?s={search_term_string}"},"query-input":{"@type":"PropertyValueSpecification","valueRequired":true,"valueName":"search_term_string"}}],"inLanguage":"en-US"},{"@type":["Person","Organization"],"@id":"https:\/\/shrimataji.org\/test\/#\/schema\/person\/a1b3419c6585f164aa96da1ff85715d1","name":"Nirmala Shrivastava","image":{"@type":"ImageObject","inLanguage":"en-US","@id":"https:\/\/shrimataji.org\/test\/wp-content\/uploads\/2023\/02\/SMO_LOGO-03.svg","url":"https:\/\/shrimataji.org\/test\/wp-content\/uploads\/2023\/02\/SMO_LOGO-03.svg","contentUrl":"https:\/\/shrimataji.org\/test\/wp-content\/uploads\/2023\/02\/SMO_LOGO-03.svg","width":"1024","height":"1024","caption":"Nirmala Shrivastava"},"logo":{"@id":"https:\/\/shrimataji.org\/test\/wp-content\/uploads\/2023\/02\/SMO_LOGO-03.svg"},"sameAs":["https:\/\/shrimataji.org\/test","https:\/\/www.facebook.com\/shrimataji","https:\/\/x.com\/shrimataji","https:\/\/www.youtube.com\/@Shri_Mataji_Nirmala_Devi\/featured"]}]}},"lang":"de","translations":{"de":10677,"ur":37477,"en":6414,"am":18050,"th":20019,"hu":19534,"sq":18451,"zh":17348,"hi":8311,"tr":10193,"pt":10403,"fr":10775,"it":10873,"es":10970,"ja":11267,"ru":11455,"bn":11647,"te":11755,"sw":11878,"he":12026,"el":12318,"sk":12416,"fa":12514,"fi":12612,"bg":13382,"ro":14456,"cs":14649,"nl":16611,"ku":16771,"ar":16947,"be":18658,"kn":18932,"mr":20383,"uk":20677,"ml":20972,"ta":22769,"sv":23039,"gu":28883,"pa":29043,"fil":29487,"da":37788,"pl":38000,"nn":38340},"pll_sync_post":[],"_links":{"self":[{"href":"https:\/\/shrimataji.org\/test\/wp-json\/wp\/v2\/pages\/10677","targetHints":{"allow":["GET"]}}],"collection":[{"href":"https:\/\/shrimataji.org\/test\/wp-json\/wp\/v2\/pages"}],"about":[{"href":"https:\/\/shrimataji.org\/test\/wp-json\/wp\/v2\/types\/page"}],"author":[{"embeddable":true,"href":"https:\/\/shrimataji.org\/test\/wp-json\/wp\/v2\/users\/10"}],"replies":[{"embeddable":true,"href":"https:\/\/shrimataji.org\/test\/wp-json\/wp\/v2\/comments?post=10677"}],"version-history":[{"count":0,"href":"https:\/\/shrimataji.org\/test\/wp-json\/wp\/v2\/pages\/10677\/revisions"}],"wp:featuredmedia":[{"embeddable":true,"href":"https:\/\/shrimataji.org\/test\/wp-json\/wp\/v2\/media\/9248"}],"wp:attachment":[{"href":"https:\/\/shrimataji.org\/test\/wp-json\/wp\/v2\/media?parent=10677"}],"curies":[{"name":"wp","href":"https:\/\/api.w.org\/{rel}","templated":true}]}}