{"id":10678,"date":"2015-02-02T03:00:00","date_gmt":"2015-02-02T03:00:00","guid":{"rendered":"http:\/\/testwordpress.nirmalnagari.org\/smnd\/index.php\/poems-by-shri-mataji\/"},"modified":"2024-05-19T17:13:23","modified_gmt":"2024-05-19T17:13:23","slug":"gedichte-shri-mataji","status":"publish","type":"page","link":"https:\/\/shrimataji.org\/test\/de\/gedichte-shri-mataji\/","title":{"rendered":"Gedichte von Shri Mataji"},"content":{"rendered":"\n\n\t<h1>Wie ein Staubkorn<\/h1>\n<em>Ich m\u00f6chte wie <\/em><em>ein Staubkorn sein<\/em><br \/>\n<em>das sich mit <\/em><em>dem Wind bewegt<\/em>\n<em>Es setzt sich a<\/em><em>uf das Haupt des K\u00f6nigs<\/em><br \/>\n<em>und f\u00e4llt auf jemands F\u00fc\u00dfe\u00a0<\/em>\n<em>Wie auf einer kleinen Bl\u00fcte<br \/>\nl\u00e4sst es sich nieder allerorten<\/em>\n<em>Doch ich m\u00f6chte eines sein<\/em><br \/>\n<em>das duftet<\/em><br \/>\n<em>n\u00e4hrt<\/em><br \/>\n<em>und das erleuchtet<\/em>\n<strong>Shri Mataji Nirmala Devi<\/strong><br \/>\n<strong>im Alter von sieben Jahren<\/strong><br \/>\n<strong>und von ihr vorgetragen<\/strong><br \/>\n<strong>in Dhulia, 14. Januar 1983.<\/strong>\n\t<h1>An meine Blumenkinder<\/h1>\n<em>Zornig auf das Leben<\/em><br \/>\n<em>Wie kleine Kinder<\/em><br \/>\n<em>Die ihre Mutter in der Dunkelheit verloren<\/em><br \/>\n<em>Dr\u00fcckt euer Missmut Verzweiflung aus<\/em>\n<em>Am fruchtlosen Ende eurer Reise<\/em><br \/>\n<em>Kleidet ihr euch in H\u00e4sslichkeit, um Sch\u00f6nheit zu entdecken<\/em><br \/>\n<em>Im Namen der Wahrheit benennt ihr alles falsch<\/em><br \/>\n<em>Und ersch\u00f6pft eure Gef\u00fchle, um den Kelch der Liebe zu f\u00fcllen<\/em>\n<em>Meine lieben Kinder, meine Sch\u00e4tze<\/em><br \/>\n<em>Wie k\u00f6nnt ihr Frieden finden, wenn ihr in den Krieg zieht<\/em><br \/>\n<em>Gegen euch selbst, euer Wesen und die Freude selbst<\/em>\n<em>Genug eurer Entsagungen<\/em><br \/>\n<em>Und der k\u00fcnstlichen Maske des Trostes<\/em><br \/>\n<em>Ruht in den Bl\u00fctenbl\u00e4ttern des Lotus<\/em><br \/>\n<em>Im Scho\u00df eurer barmherzigen Mutter<\/em>\n<em>Ich werde euer Leben mit herrlichen Bl\u00fcten schm\u00fccken<\/em><br \/>\n<em>Und jeden Augenblick mit freudigem Duft erf\u00fcllen<\/em><br \/>\n<em>Ich werde euer Haupt mit g\u00f6ttlicher Liebe salben<\/em><br \/>\n<em>Denn ich kann eure Qual nicht l\u00e4nger ertragen<\/em>\n<em>Lasst mich euch in den Ozean der Liebe tauchen<\/em><br \/>\n<em>Sodass ihr euch im Gr\u00f6\u00dferen verliert<\/em><br \/>\n<em>Der im Kelch eures Selbst l\u00e4chelt<\/em><br \/>\n<em>Und euch die ganze Zeit heimlich neckt<\/em>\n<em>Seid wachsam und ihr werdet ihn finden<\/em><br \/>\n<em>Der alle eure Fasern mit seliger Freude vibrieren<\/em><br \/>\n<em>Und das gesamte Universum in Licht erstrahlen l\u00e4sst.<\/em>\n<h4>Shri Mataji Nirmala Devi, 1972,<br \/>\nan die Sucher\/-innen der Wahrheit in den USA<br \/>\nauf ihrer ersten Reise dorthin.<\/h4>\n\t<h1>Ich sehe einen Berg<\/h1>\n<em>Von meinem Fenster aus sehe ich einen Berg<\/em><br \/>\n<em>Wie einen alten Weisen stehen<\/em><br \/>\n<em>Wunschlos und voll von Liebe.<\/em>\n<em>Zahllose B\u00e4ume und Blumen<\/em><br \/>\n<em>Pl\u00fcndern ihn unentwegt.<\/em><br \/>\n<em>Doch seine Aufmerksamkeit bleibt ungest\u00f6rt.<\/em>\n<em>Wenn sich der Regen ergie\u00dft<\/em><br \/>\n<em>Wie aus vielen berstenden Wolkenkr\u00fcgen<\/em><br \/>\n<em>\u00dcberzieht er den Berg mit Gr\u00fcn.<\/em>\n<em>St\u00fcrme m\u00f6gen sich erheben<\/em><br \/>\n<em>Und den See mit Mitgef\u00fchl f\u00fcllen.<\/em><br \/>\n<em>Und die Fl\u00fcsse flie\u00dfen hinab<\/em><br \/>\n<em>Dem rufenden Meer entgegen.<\/em>\n<em>Die Sonne wird Wolken erschaffen<\/em><br \/>\n<em>Und der Wind tr\u00e4gt auf seinen federgleichen Fl\u00fcgeln<\/em><br \/>\n<em>Den Regen auf den Berg.<\/em>\n<em>So ist das ewige Spiel<\/em><br \/>\n<em>Dem der Berg zusieht.<\/em><br \/>\n<em>Wunschlos.<\/em>\n<h4>Shri Mataji Nirmala Devi, 2002.<\/h4>\n\n","protected":false},"excerpt":{"rendered":"<p>Wie ein Staubkorn Ich m\u00f6chte wie ein Staubkorn sein das sich mit dem Wind bewegt Es setzt sich auf das Haupt des K\u00f6nigs und f\u00e4llt auf jemands F\u00fc\u00dfe\u00a0 Wie auf einer kleinen Bl\u00fcte l\u00e4sst es sich nieder allerorten Doch ich m\u00f6chte eines sein das duftet n\u00e4hrt und das erleuchtet Shri Mataji Nirmala Devi im Alter&hellip; <br \/> <a class=\"read-more\" href=\"https:\/\/shrimataji.org\/test\/de\/gedichte-shri-mataji\/\">Read more<\/a><\/p>\n","protected":false},"author":10,"featured_media":150,"parent":0,"menu_order":0,"comment_status":"closed","ping_status":"closed","template":"","meta":{"inline_featured_image":false,"footnotes":""},"class_list":["post-10678","page","type-page","status-publish","has-post-thumbnail","hentry"],"yoast_head":"<!-- This site is optimized with the Yoast SEO plugin v27.4 - https:\/\/yoast.com\/product\/yoast-seo-wordpress\/ -->\n<title>Gedichte von Shri Mataji - TEST - SMND<\/title>\n<meta name=\"robots\" content=\"noindex, follow, max-snippet:-1, max-image-preview:large, max-video-preview:-1\" \/>\n<meta property=\"og:locale\" content=\"en_US\" \/>\n<meta property=\"og:type\" content=\"article\" \/>\n<meta property=\"og:title\" content=\"Gedichte von Shri Mataji - TEST - SMND\" \/>\n<meta property=\"og:description\" content=\"Wie ein Staubkorn Ich m\u00f6chte wie ein Staubkorn sein das sich mit dem Wind bewegt Es setzt sich auf das Haupt des K\u00f6nigs und f\u00e4llt auf jemands F\u00fc\u00dfe\u00a0 Wie auf einer kleinen Bl\u00fcte l\u00e4sst es sich nieder allerorten Doch ich m\u00f6chte eines sein das duftet n\u00e4hrt und das erleuchtet Shri Mataji Nirmala Devi im Alter&hellip; Read more\" \/>\n<meta property=\"og:url\" content=\"https:\/\/shrimataji.org\/test\/de\/gedichte-shri-mataji\/\" \/>\n<meta property=\"og:site_name\" content=\"TEST - SMND\" \/>\n<meta property=\"article:publisher\" content=\"https:\/\/www.facebook.com\/shrimataji\" \/>\n<meta property=\"article:modified_time\" content=\"2024-05-19T17:13:23+00:00\" \/>\n<meta property=\"og:image\" content=\"https:\/\/shrimataji.org\/test\/wp-content\/uploads\/2018\/07\/media_originals\/images\/headers-general\/artwork-by-meredith-cooper-australia.jpg\" \/>\n\t<meta property=\"og:image:width\" content=\"990\" \/>\n\t<meta property=\"og:image:height\" content=\"350\" \/>\n\t<meta property=\"og:image:type\" content=\"image\/jpeg\" \/>\n<meta name=\"twitter:card\" content=\"summary_large_image\" \/>\n<meta name=\"twitter:site\" content=\"@shrimataji\" \/>\n<meta name=\"twitter:label1\" content=\"Est. reading time\" \/>\n\t<meta name=\"twitter:data1\" content=\"2 minutes\" \/>\n<script type=\"application\/ld+json\" class=\"yoast-schema-graph\">{\"@context\":\"https:\\\/\\\/schema.org\",\"@graph\":[{\"@type\":\"WebPage\",\"@id\":\"https:\\\/\\\/shrimataji.org\\\/test\\\/de\\\/gedichte-shri-mataji\\\/\",\"url\":\"https:\\\/\\\/shrimataji.org\\\/test\\\/de\\\/gedichte-shri-mataji\\\/\",\"name\":\"Gedichte von Shri Mataji - TEST - SMND\",\"isPartOf\":{\"@id\":\"https:\\\/\\\/shrimataji.org\\\/test\\\/#website\"},\"primaryImageOfPage\":{\"@id\":\"https:\\\/\\\/shrimataji.org\\\/test\\\/de\\\/gedichte-shri-mataji\\\/#primaryimage\"},\"image\":{\"@id\":\"https:\\\/\\\/shrimataji.org\\\/test\\\/de\\\/gedichte-shri-mataji\\\/#primaryimage\"},\"thumbnailUrl\":\"https:\\\/\\\/shrimataji.org\\\/test\\\/wp-content\\\/uploads\\\/2018\\\/07\\\/media_originals\\\/images\\\/headers-general\\\/artwork-by-meredith-cooper-australia.jpg\",\"datePublished\":\"2015-02-02T03:00:00+00:00\",\"dateModified\":\"2024-05-19T17:13:23+00:00\",\"breadcrumb\":{\"@id\":\"https:\\\/\\\/shrimataji.org\\\/test\\\/de\\\/gedichte-shri-mataji\\\/#breadcrumb\"},\"inLanguage\":\"en-US\",\"potentialAction\":[{\"@type\":\"ReadAction\",\"target\":[\"https:\\\/\\\/shrimataji.org\\\/test\\\/de\\\/gedichte-shri-mataji\\\/\"]}]},{\"@type\":\"ImageObject\",\"inLanguage\":\"en-US\",\"@id\":\"https:\\\/\\\/shrimataji.org\\\/test\\\/de\\\/gedichte-shri-mataji\\\/#primaryimage\",\"url\":\"https:\\\/\\\/shrimataji.org\\\/test\\\/wp-content\\\/uploads\\\/2018\\\/07\\\/media_originals\\\/images\\\/headers-general\\\/artwork-by-meredith-cooper-australia.jpg\",\"contentUrl\":\"https:\\\/\\\/shrimataji.org\\\/test\\\/wp-content\\\/uploads\\\/2018\\\/07\\\/media_originals\\\/images\\\/headers-general\\\/artwork-by-meredith-cooper-australia.jpg\",\"width\":990,\"height\":350},{\"@type\":\"BreadcrumbList\",\"@id\":\"https:\\\/\\\/shrimataji.org\\\/test\\\/de\\\/gedichte-shri-mataji\\\/#breadcrumb\",\"itemListElement\":[{\"@type\":\"ListItem\",\"position\":1,\"name\":\"Home\",\"item\":\"https:\\\/\\\/shrimataji.org\\\/test\\\/uk\\\/home-en\\\/\"},{\"@type\":\"ListItem\",\"position\":2,\"name\":\"Gedichte von Shri Mataji\"}]},{\"@type\":\"WebSite\",\"@id\":\"https:\\\/\\\/shrimataji.org\\\/test\\\/#website\",\"url\":\"https:\\\/\\\/shrimataji.org\\\/test\\\/\",\"name\":\"Shri Mataji Nirmala Devi\",\"description\":\"A Life Dedicated to Humanity\",\"publisher\":{\"@id\":\"https:\\\/\\\/shrimataji.org\\\/test\\\/#\\\/schema\\\/person\\\/a1b3419c6585f164aa96da1ff85715d1\"},\"potentialAction\":[{\"@type\":\"SearchAction\",\"target\":{\"@type\":\"EntryPoint\",\"urlTemplate\":\"https:\\\/\\\/shrimataji.org\\\/test\\\/?s={search_term_string}\"},\"query-input\":{\"@type\":\"PropertyValueSpecification\",\"valueRequired\":true,\"valueName\":\"search_term_string\"}}],\"inLanguage\":\"en-US\"},{\"@type\":[\"Person\",\"Organization\"],\"@id\":\"https:\\\/\\\/shrimataji.org\\\/test\\\/#\\\/schema\\\/person\\\/a1b3419c6585f164aa96da1ff85715d1\",\"name\":\"Nirmala Shrivastava\",\"image\":{\"@type\":\"ImageObject\",\"inLanguage\":\"en-US\",\"@id\":\"https:\\\/\\\/shrimataji.org\\\/test\\\/wp-content\\\/uploads\\\/2023\\\/02\\\/SMO_LOGO-03.svg\",\"url\":\"https:\\\/\\\/shrimataji.org\\\/test\\\/wp-content\\\/uploads\\\/2023\\\/02\\\/SMO_LOGO-03.svg\",\"contentUrl\":\"https:\\\/\\\/shrimataji.org\\\/test\\\/wp-content\\\/uploads\\\/2023\\\/02\\\/SMO_LOGO-03.svg\",\"width\":\"1024\",\"height\":\"1024\",\"caption\":\"Nirmala Shrivastava\"},\"logo\":{\"@id\":\"https:\\\/\\\/shrimataji.org\\\/test\\\/wp-content\\\/uploads\\\/2023\\\/02\\\/SMO_LOGO-03.svg\"},\"sameAs\":[\"https:\\\/\\\/shrimataji.org\\\/test\",\"https:\\\/\\\/www.facebook.com\\\/shrimataji\",\"https:\\\/\\\/x.com\\\/shrimataji\",\"https:\\\/\\\/www.youtube.com\\\/@Shri_Mataji_Nirmala_Devi\\\/featured\"]}]}<\/script>\n<!-- \/ Yoast SEO plugin. -->","yoast_head_json":{"title":"Gedichte von Shri Mataji - TEST - SMND","robots":{"index":"noindex","follow":"follow","max-snippet":"max-snippet:-1","max-image-preview":"max-image-preview:large","max-video-preview":"max-video-preview:-1"},"og_locale":"en_US","og_type":"article","og_title":"Gedichte von Shri Mataji - TEST - SMND","og_description":"Wie ein Staubkorn Ich m\u00f6chte wie ein Staubkorn sein das sich mit dem Wind bewegt Es setzt sich auf das Haupt des K\u00f6nigs und f\u00e4llt auf jemands F\u00fc\u00dfe\u00a0 Wie auf einer kleinen Bl\u00fcte l\u00e4sst es sich nieder allerorten Doch ich m\u00f6chte eines sein das duftet n\u00e4hrt und das erleuchtet Shri Mataji Nirmala Devi im Alter&hellip; Read more","og_url":"https:\/\/shrimataji.org\/test\/de\/gedichte-shri-mataji\/","og_site_name":"TEST - SMND","article_publisher":"https:\/\/www.facebook.com\/shrimataji","article_modified_time":"2024-05-19T17:13:23+00:00","og_image":[{"width":990,"height":350,"url":"https:\/\/shrimataji.org\/test\/wp-content\/uploads\/2018\/07\/media_originals\/images\/headers-general\/artwork-by-meredith-cooper-australia.jpg","type":"image\/jpeg"}],"twitter_card":"summary_large_image","twitter_site":"@shrimataji","twitter_misc":{"Est. reading time":"2 minutes"},"schema":{"@context":"https:\/\/schema.org","@graph":[{"@type":"WebPage","@id":"https:\/\/shrimataji.org\/test\/de\/gedichte-shri-mataji\/","url":"https:\/\/shrimataji.org\/test\/de\/gedichte-shri-mataji\/","name":"Gedichte von Shri Mataji - TEST - SMND","isPartOf":{"@id":"https:\/\/shrimataji.org\/test\/#website"},"primaryImageOfPage":{"@id":"https:\/\/shrimataji.org\/test\/de\/gedichte-shri-mataji\/#primaryimage"},"image":{"@id":"https:\/\/shrimataji.org\/test\/de\/gedichte-shri-mataji\/#primaryimage"},"thumbnailUrl":"https:\/\/shrimataji.org\/test\/wp-content\/uploads\/2018\/07\/media_originals\/images\/headers-general\/artwork-by-meredith-cooper-australia.jpg","datePublished":"2015-02-02T03:00:00+00:00","dateModified":"2024-05-19T17:13:23+00:00","breadcrumb":{"@id":"https:\/\/shrimataji.org\/test\/de\/gedichte-shri-mataji\/#breadcrumb"},"inLanguage":"en-US","potentialAction":[{"@type":"ReadAction","target":["https:\/\/shrimataji.org\/test\/de\/gedichte-shri-mataji\/"]}]},{"@type":"ImageObject","inLanguage":"en-US","@id":"https:\/\/shrimataji.org\/test\/de\/gedichte-shri-mataji\/#primaryimage","url":"https:\/\/shrimataji.org\/test\/wp-content\/uploads\/2018\/07\/media_originals\/images\/headers-general\/artwork-by-meredith-cooper-australia.jpg","contentUrl":"https:\/\/shrimataji.org\/test\/wp-content\/uploads\/2018\/07\/media_originals\/images\/headers-general\/artwork-by-meredith-cooper-australia.jpg","width":990,"height":350},{"@type":"BreadcrumbList","@id":"https:\/\/shrimataji.org\/test\/de\/gedichte-shri-mataji\/#breadcrumb","itemListElement":[{"@type":"ListItem","position":1,"name":"Home","item":"https:\/\/shrimataji.org\/test\/uk\/home-en\/"},{"@type":"ListItem","position":2,"name":"Gedichte von Shri Mataji"}]},{"@type":"WebSite","@id":"https:\/\/shrimataji.org\/test\/#website","url":"https:\/\/shrimataji.org\/test\/","name":"Shri Mataji Nirmala Devi","description":"A Life Dedicated to Humanity","publisher":{"@id":"https:\/\/shrimataji.org\/test\/#\/schema\/person\/a1b3419c6585f164aa96da1ff85715d1"},"potentialAction":[{"@type":"SearchAction","target":{"@type":"EntryPoint","urlTemplate":"https:\/\/shrimataji.org\/test\/?s={search_term_string}"},"query-input":{"@type":"PropertyValueSpecification","valueRequired":true,"valueName":"search_term_string"}}],"inLanguage":"en-US"},{"@type":["Person","Organization"],"@id":"https:\/\/shrimataji.org\/test\/#\/schema\/person\/a1b3419c6585f164aa96da1ff85715d1","name":"Nirmala Shrivastava","image":{"@type":"ImageObject","inLanguage":"en-US","@id":"https:\/\/shrimataji.org\/test\/wp-content\/uploads\/2023\/02\/SMO_LOGO-03.svg","url":"https:\/\/shrimataji.org\/test\/wp-content\/uploads\/2023\/02\/SMO_LOGO-03.svg","contentUrl":"https:\/\/shrimataji.org\/test\/wp-content\/uploads\/2023\/02\/SMO_LOGO-03.svg","width":"1024","height":"1024","caption":"Nirmala Shrivastava"},"logo":{"@id":"https:\/\/shrimataji.org\/test\/wp-content\/uploads\/2023\/02\/SMO_LOGO-03.svg"},"sameAs":["https:\/\/shrimataji.org\/test","https:\/\/www.facebook.com\/shrimataji","https:\/\/x.com\/shrimataji","https:\/\/www.youtube.com\/@Shri_Mataji_Nirmala_Devi\/featured"]}]}},"lang":"de","translations":{"de":10678,"ur":37479,"en":428,"am":18052,"th":20022,"hu":19536,"sq":18453,"zh":17350,"hi":7608,"tr":10194,"pt":10404,"fr":10776,"it":10874,"es":10971,"ja":11268,"ru":11456,"bn":11648,"te":11756,"sw":11879,"he":12027,"el":12319,"sk":12417,"fa":12515,"fi":12613,"bg":13489,"ro":14564,"cs":14757,"nl":16613,"ku":16773,"ar":16949,"be":18660,"kn":18934,"mr":20386,"uk":20680,"ml":20975,"ta":22771,"sv":23041,"gu":28885,"pa":29045,"fil":29489,"da":37790,"pl":38002,"nn":38342},"pll_sync_post":[],"_links":{"self":[{"href":"https:\/\/shrimataji.org\/test\/wp-json\/wp\/v2\/pages\/10678","targetHints":{"allow":["GET"]}}],"collection":[{"href":"https:\/\/shrimataji.org\/test\/wp-json\/wp\/v2\/pages"}],"about":[{"href":"https:\/\/shrimataji.org\/test\/wp-json\/wp\/v2\/types\/page"}],"author":[{"embeddable":true,"href":"https:\/\/shrimataji.org\/test\/wp-json\/wp\/v2\/users\/10"}],"replies":[{"embeddable":true,"href":"https:\/\/shrimataji.org\/test\/wp-json\/wp\/v2\/comments?post=10678"}],"version-history":[{"count":0,"href":"https:\/\/shrimataji.org\/test\/wp-json\/wp\/v2\/pages\/10678\/revisions"}],"wp:featuredmedia":[{"embeddable":true,"href":"https:\/\/shrimataji.org\/test\/wp-json\/wp\/v2\/media\/150"}],"wp:attachment":[{"href":"https:\/\/shrimataji.org\/test\/wp-json\/wp\/v2\/media?parent=10678"}],"curies":[{"name":"wp","href":"https:\/\/api.w.org\/{rel}","templated":true}]}}