{"id":10679,"date":"2015-11-02T21:00:00","date_gmt":"2015-11-02T21:00:00","guid":{"rendered":"http:\/\/testwordpress.nirmalnagari.org\/smnd\/index.php\/press\/"},"modified":"2024-04-27T01:15:18","modified_gmt":"2024-04-27T01:15:18","slug":"presse_medien","status":"publish","type":"page","link":"https:\/\/shrimataji.org\/test\/de\/presse_medien\/","title":{"rendered":"Presse und Medien"},"content":{"rendered":"\n\n\t<h1>Presse und Medien<\/h1>\n<h2>Kontakt<\/h2>\n<p>Anerkannte Vertreter von Presse und Medien k\u00f6nnen mit uns \u00fcber<\/p>\n<p><a href=\"mailto:press@shrimataji.org\" target=\"_blank\" rel=\"noopener\">press@shrimataji.org<\/a><\/p>\n<p>Kontakt aufnehmen.<\/p>\n<h2>Dokumente<\/h2>\n<p>Dokumente zum Download:<\/p>\n<ul>\n<li><a href=\"https:\/\/shrimataji.org\/test\/wp-content\/uploads\/2024\/04\/Shri-Mataji-Nirmala-Devi-Kurzbiografie-1.pdf\" target=\"_blank\" rel=\"noopener\">Shri Mataji Nirmala Devi &#8211; Kurzbiografie<\/a><\/li>\n<li><a href=\"https:\/\/shrimataji.org\/test\/wp-content\/uploads\/2024\/04\/Sahaja-Yoga-Meditation-Ein-Uberblick.pdf\" target=\"_blank\" rel=\"noopener\">Sahaja-Yoga-Meditation &#8211; Ein \u00dcberblick<\/a><\/li>\n<li><a href=\"https:\/\/shrimataji.org\/test\/wp-content\/uploads\/2024\/03\/broschure_2019_0511.pdf\" target=\"_blank\" rel=\"noopener\">Ein Leben f\u00fcr die Menschheit<\/a><\/li>\n<\/ul>\n\t<h2>Artikel<\/h2>\n<p><a href=\"https:\/\/shrimataji.org\/test\/wp-content\/uploads\/2023\/03\/Shri-Mataji-100-Anniversary-Press-Release.pdf\" target=\"_blank\" rel=\"noopener\">Shri Mataji Nirmala Devi &#8211; 100. Geburtstag<\/a><\/p>\n<p><a href=\"https:\/\/shrimataji.org\/test\/wp-content\/uploads\/2020\/05\/5th-May_50-years-Sahaja-Yoga_press-release.pdf\" target=\"_blank\" rel=\"noopener\">Sahaja Yoga &#8211; 50. Jubil\u00e4um<\/a><\/p>\n<a href=\"https:\/\/shrimataji.org\/test\/de\/internationaler-yogatag\/\" target=\"_blank\" rel=\"noopener\">Internationaler Tag des Yoga &#8211; 21. Juni 2015<br \/>\n<\/a>\n<p><a href=\"https:\/\/shrimataji.org\/test\/de\/welttag-selbst-verwirklichung\/\" target=\"_blank\" rel=\"noopener\">5. Mai &#8211; Welttag der Selbst-Verwirklichung zu Ehren von Shri Mataji Nirmala Devi<\/a><\/p>\n<p><a href=\"https:\/\/shrimataji.org\/test\/de\/nachruf-srivastava\/\" target=\"_blank\" rel=\"noopener\">Nachruf auf Sir Chandrika P, Srivastava<\/a><\/p>\n\t<h2>Fotografien<\/h2>\n<p>Bitte lesen Sie die Nutzungsvereinbarung, bevor Sie eins der eingestellten Fotos herunterladen. Die Bilder sind im Tiff-Format und in einem Zip-Archiv komprimiert.<\/p>\n\t\t\t\t<img loading=\"lazy\" decoding=\"async\" src=\"https:\/\/shrimataji.org\/test\/wp-content\/uploads\/2023\/03\/Home_1440x775_100_2-scaled.jpg\" alt=\"Home_1440x775_100_2\" height=\"1378\" width=\"2560\" title=\"Home_1440x775_100_2\" \/>\n\t\t\t\t<img loading=\"lazy\" decoding=\"async\" src=\"https:\/\/shrimataji.org\/test\/wp-content\/uploads\/2020\/04\/Image-50-years-1920x1080-1.jpg\" alt=\"Image-50-years-1920x1080\" height=\"1080\" width=\"1920\" title=\"Image-50-years-1920x1080\" \/>\n\t<p><img loading=\"lazy\" decoding=\"async\" src=\"https:\/\/shrimataji.org\/test\/wp-content\/uploads\/2018\/07\/media_originals\/images\/shri-mataji-portraits\/shri-mataji-nirmala-devi-lane-cove-sydney-australia-722x1024.jpg\" alt=\"\" width=\"722\" height=\"1024\" \/><\/p>\n\t<p><img loading=\"lazy\" decoding=\"async\" src=\"https:\/\/shrimataji.org\/test\/wp-content\/uploads\/2018\/07\/media_originals\/images\/press\/shri-mataji-nirmala-devi-press-portrait-2-1024x681.jpg\" alt=\"\" width=\"1024\" height=\"681\" \/><\/p>\n<p>&nbsp;<\/p>\n<p><img loading=\"lazy\" decoding=\"async\" src=\"https:\/\/shrimataji.org\/test\/wp-content\/uploads\/2018\/07\/media_originals\/images\/press\/shri-mataji-nirmala-devi-press-portrait-3-1024x726.jpg\" alt=\"\" width=\"1024\" height=\"726\" \/><\/p>\n\t<h4>Nutzungsbedingungen<\/h4>\n<p>Sofern Sie die eingestellten Fotos kopieren oder verwenden, best\u00e4tigen Sie, dass Sie die nachstehende Nutzungsvereinbarung gelesen haben und ihr zustimmen. Wenn Sie mit den genannten Bedingungen nicht einverstanden sind, d\u00fcrfen Sie das Foto weder kopieren noch in sonstiger Weise verwenden. F\u00fcr R\u00fcckfragen wenden sich bitte \u00fcber <a href=\"mailto:press@shrimataji.org?subject=Contact%20from%20ShriMataji.org%20Press%20Page\">press@shrimataji.org<\/a> an uns.<\/p>\n<h4>Nutzungsvereinbarung<\/h4>\n<p>Vorbehaltlich der Bedingungen dieses Vertrags d\u00fcrfen Sie das Bild ausschlie\u00dflich in seiner Gesamtheit f\u00fcr die redaktionelle Presse- und Medienarbeit verwenden. Dieses Nutzungsrecht gilt nur f\u00fcr Sie pers\u00f6nlich und ist nicht auf andere \u00fcbertragbar. Das Foto darf nicht zur F\u00f6rderung oder zum Verkauf von Produkten oder Technologien verwendet werden wie etwa in Werbeanzeigen, Brosch\u00fcren, Buchumschl\u00e4gen, Archivfotos, T-Shirts oder anderen Werbeartikel. Sie d\u00fcrfen das Bild weder ganz noch teilweise modifizieren.<\/p>\n<p>Von wenigen Ausnahmen abgesehen, bleibt die Shri Mataji Nirmala Devi World Foundation die alleinige Eigent\u00fcmerin aller Fotografien. Es d\u00fcrfen keine Eigentumsvermerke dahingehend gel\u00f6scht, ver\u00e4ndert oder verschleiert werden und jede Nutzung muss mit einem entsprechenden Eigentumsvermerk neben dem Bild versehen werden.<\/p>\n<p>Alle Fotografien, Dokumente und Logos auf dieser Seite unterliegen dem Urheberrecht der Shri Mataji Nirmala Devi World Foundation oder ausgew\u00e4hlter Dritter.<\/p>\n\t<hr \/>\n<h3>\u00a9 Shri Mataji Nirmala Devi Sahaja Yoga World Foundation ist eine im Register der juristischen Personen der Region Piemont (Italien) eingetragene gemeinn\u00fctzige Organisation (Registrierungsnummer Prot.-Nr. 747).<\/h3>\n\n","protected":false},"excerpt":{"rendered":"<p>Presse und Medien Kontakt Anerkannte Vertreter von Presse und Medien k\u00f6nnen mit uns \u00fcber press@shrimataji.org Kontakt aufnehmen. Dokumente Dokumente zum Download: Shri Mataji Nirmala Devi &#8211; Kurzbiografie Sahaja-Yoga-Meditation &#8211; Ein \u00dcberblick Ein Leben f\u00fcr die Menschheit Artikel Shri Mataji Nirmala Devi &#8211; 100. Geburtstag Sahaja Yoga &#8211; 50. Jubil\u00e4um Internationaler Tag des Yoga &#8211; 21.&hellip; <br \/> <a class=\"read-more\" href=\"https:\/\/shrimataji.org\/test\/de\/presse_medien\/\">Read more<\/a><\/p>\n","protected":false},"author":10,"featured_media":9552,"parent":0,"menu_order":0,"comment_status":"closed","ping_status":"closed","template":"","meta":{"inline_featured_image":false,"footnotes":""},"class_list":["post-10679","page","type-page","status-publish","has-post-thumbnail","hentry"],"yoast_head":"<!-- This site is optimized with the Yoast SEO plugin v27.4 - https:\/\/yoast.com\/product\/yoast-seo-wordpress\/ -->\n<title>Presse und Medien - TEST - SMND<\/title>\n<meta name=\"robots\" content=\"noindex, follow, max-snippet:-1, max-image-preview:large, max-video-preview:-1\" \/>\n<meta property=\"og:locale\" content=\"en_US\" \/>\n<meta property=\"og:type\" content=\"article\" \/>\n<meta property=\"og:title\" content=\"Presse und Medien - TEST - SMND\" \/>\n<meta property=\"og:description\" content=\"Presse und Medien Kontakt Anerkannte Vertreter von Presse und Medien k\u00f6nnen mit uns \u00fcber press@shrimataji.org Kontakt aufnehmen. Dokumente Dokumente zum Download: Shri Mataji Nirmala Devi &#8211; Kurzbiografie Sahaja-Yoga-Meditation &#8211; Ein \u00dcberblick Ein Leben f\u00fcr die Menschheit Artikel Shri Mataji Nirmala Devi &#8211; 100. Geburtstag Sahaja Yoga &#8211; 50. Jubil\u00e4um Internationaler Tag des Yoga &#8211; 21.&hellip; Read more\" \/>\n<meta property=\"og:url\" content=\"https:\/\/shrimataji.org\/test\/de\/presse_medien\/\" \/>\n<meta property=\"og:site_name\" content=\"TEST - SMND\" \/>\n<meta property=\"article:publisher\" content=\"https:\/\/www.facebook.com\/shrimataji\" \/>\n<meta property=\"article:modified_time\" content=\"2024-04-27T01:15:18+00:00\" \/>\n<meta property=\"og:image\" content=\"https:\/\/shrimataji.org\/test\/wp-content\/uploads\/2023\/03\/Banner-Footer-Castle-1-scaled.jpg\" \/>\n\t<meta property=\"og:image:width\" content=\"2560\" \/>\n\t<meta property=\"og:image:height\" content=\"905\" \/>\n\t<meta property=\"og:image:type\" content=\"image\/jpeg\" \/>\n<meta name=\"twitter:card\" content=\"summary_large_image\" \/>\n<meta name=\"twitter:site\" content=\"@shrimataji\" \/>\n<meta name=\"twitter:label1\" content=\"Est. reading time\" \/>\n\t<meta name=\"twitter:data1\" content=\"3 minutes\" \/>\n<script type=\"application\/ld+json\" class=\"yoast-schema-graph\">{\"@context\":\"https:\\\/\\\/schema.org\",\"@graph\":[{\"@type\":\"WebPage\",\"@id\":\"https:\\\/\\\/shrimataji.org\\\/test\\\/de\\\/presse_medien\\\/\",\"url\":\"https:\\\/\\\/shrimataji.org\\\/test\\\/de\\\/presse_medien\\\/\",\"name\":\"Presse und Medien - TEST - SMND\",\"isPartOf\":{\"@id\":\"https:\\\/\\\/shrimataji.org\\\/test\\\/#website\"},\"primaryImageOfPage\":{\"@id\":\"https:\\\/\\\/shrimataji.org\\\/test\\\/de\\\/presse_medien\\\/#primaryimage\"},\"image\":{\"@id\":\"https:\\\/\\\/shrimataji.org\\\/test\\\/de\\\/presse_medien\\\/#primaryimage\"},\"thumbnailUrl\":\"https:\\\/\\\/shrimataji.org\\\/test\\\/wp-content\\\/uploads\\\/2023\\\/03\\\/Banner-Footer-Castle-1-scaled.jpg\",\"datePublished\":\"2015-11-02T21:00:00+00:00\",\"dateModified\":\"2024-04-27T01:15:18+00:00\",\"breadcrumb\":{\"@id\":\"https:\\\/\\\/shrimataji.org\\\/test\\\/de\\\/presse_medien\\\/#breadcrumb\"},\"inLanguage\":\"en-US\",\"potentialAction\":[{\"@type\":\"ReadAction\",\"target\":[\"https:\\\/\\\/shrimataji.org\\\/test\\\/de\\\/presse_medien\\\/\"]}]},{\"@type\":\"ImageObject\",\"inLanguage\":\"en-US\",\"@id\":\"https:\\\/\\\/shrimataji.org\\\/test\\\/de\\\/presse_medien\\\/#primaryimage\",\"url\":\"https:\\\/\\\/shrimataji.org\\\/test\\\/wp-content\\\/uploads\\\/2023\\\/03\\\/Banner-Footer-Castle-1-scaled.jpg\",\"contentUrl\":\"https:\\\/\\\/shrimataji.org\\\/test\\\/wp-content\\\/uploads\\\/2023\\\/03\\\/Banner-Footer-Castle-1-scaled.jpg\",\"width\":2560,\"height\":905},{\"@type\":\"BreadcrumbList\",\"@id\":\"https:\\\/\\\/shrimataji.org\\\/test\\\/de\\\/presse_medien\\\/#breadcrumb\",\"itemListElement\":[{\"@type\":\"ListItem\",\"position\":1,\"name\":\"Home\",\"item\":\"https:\\\/\\\/shrimataji.org\\\/test\\\/uk\\\/home-en\\\/\"},{\"@type\":\"ListItem\",\"position\":2,\"name\":\"Presse und Medien\"}]},{\"@type\":\"WebSite\",\"@id\":\"https:\\\/\\\/shrimataji.org\\\/test\\\/#website\",\"url\":\"https:\\\/\\\/shrimataji.org\\\/test\\\/\",\"name\":\"Shri Mataji Nirmala Devi\",\"description\":\"A Life Dedicated to Humanity\",\"publisher\":{\"@id\":\"https:\\\/\\\/shrimataji.org\\\/test\\\/#\\\/schema\\\/person\\\/a1b3419c6585f164aa96da1ff85715d1\"},\"potentialAction\":[{\"@type\":\"SearchAction\",\"target\":{\"@type\":\"EntryPoint\",\"urlTemplate\":\"https:\\\/\\\/shrimataji.org\\\/test\\\/?s={search_term_string}\"},\"query-input\":{\"@type\":\"PropertyValueSpecification\",\"valueRequired\":true,\"valueName\":\"search_term_string\"}}],\"inLanguage\":\"en-US\"},{\"@type\":[\"Person\",\"Organization\"],\"@id\":\"https:\\\/\\\/shrimataji.org\\\/test\\\/#\\\/schema\\\/person\\\/a1b3419c6585f164aa96da1ff85715d1\",\"name\":\"Nirmala Shrivastava\",\"image\":{\"@type\":\"ImageObject\",\"inLanguage\":\"en-US\",\"@id\":\"https:\\\/\\\/shrimataji.org\\\/test\\\/wp-content\\\/uploads\\\/2023\\\/02\\\/SMO_LOGO-03.svg\",\"url\":\"https:\\\/\\\/shrimataji.org\\\/test\\\/wp-content\\\/uploads\\\/2023\\\/02\\\/SMO_LOGO-03.svg\",\"contentUrl\":\"https:\\\/\\\/shrimataji.org\\\/test\\\/wp-content\\\/uploads\\\/2023\\\/02\\\/SMO_LOGO-03.svg\",\"width\":\"1024\",\"height\":\"1024\",\"caption\":\"Nirmala Shrivastava\"},\"logo\":{\"@id\":\"https:\\\/\\\/shrimataji.org\\\/test\\\/wp-content\\\/uploads\\\/2023\\\/02\\\/SMO_LOGO-03.svg\"},\"sameAs\":[\"https:\\\/\\\/shrimataji.org\\\/test\",\"https:\\\/\\\/www.facebook.com\\\/shrimataji\",\"https:\\\/\\\/x.com\\\/shrimataji\",\"https:\\\/\\\/www.youtube.com\\\/@Shri_Mataji_Nirmala_Devi\\\/featured\"]}]}<\/script>\n<!-- \/ Yoast SEO plugin. -->","yoast_head_json":{"title":"Presse und Medien - TEST - SMND","robots":{"index":"noindex","follow":"follow","max-snippet":"max-snippet:-1","max-image-preview":"max-image-preview:large","max-video-preview":"max-video-preview:-1"},"og_locale":"en_US","og_type":"article","og_title":"Presse und Medien - TEST - SMND","og_description":"Presse und Medien Kontakt Anerkannte Vertreter von Presse und Medien k\u00f6nnen mit uns \u00fcber press@shrimataji.org Kontakt aufnehmen. Dokumente Dokumente zum Download: Shri Mataji Nirmala Devi &#8211; Kurzbiografie Sahaja-Yoga-Meditation &#8211; Ein \u00dcberblick Ein Leben f\u00fcr die Menschheit Artikel Shri Mataji Nirmala Devi &#8211; 100. Geburtstag Sahaja Yoga &#8211; 50. Jubil\u00e4um Internationaler Tag des Yoga &#8211; 21.&hellip; Read more","og_url":"https:\/\/shrimataji.org\/test\/de\/presse_medien\/","og_site_name":"TEST - SMND","article_publisher":"https:\/\/www.facebook.com\/shrimataji","article_modified_time":"2024-04-27T01:15:18+00:00","og_image":[{"width":2560,"height":905,"url":"https:\/\/shrimataji.org\/test\/wp-content\/uploads\/2023\/03\/Banner-Footer-Castle-1-scaled.jpg","type":"image\/jpeg"}],"twitter_card":"summary_large_image","twitter_site":"@shrimataji","twitter_misc":{"Est. reading time":"3 minutes"},"schema":{"@context":"https:\/\/schema.org","@graph":[{"@type":"WebPage","@id":"https:\/\/shrimataji.org\/test\/de\/presse_medien\/","url":"https:\/\/shrimataji.org\/test\/de\/presse_medien\/","name":"Presse und Medien - TEST - SMND","isPartOf":{"@id":"https:\/\/shrimataji.org\/test\/#website"},"primaryImageOfPage":{"@id":"https:\/\/shrimataji.org\/test\/de\/presse_medien\/#primaryimage"},"image":{"@id":"https:\/\/shrimataji.org\/test\/de\/presse_medien\/#primaryimage"},"thumbnailUrl":"https:\/\/shrimataji.org\/test\/wp-content\/uploads\/2023\/03\/Banner-Footer-Castle-1-scaled.jpg","datePublished":"2015-11-02T21:00:00+00:00","dateModified":"2024-04-27T01:15:18+00:00","breadcrumb":{"@id":"https:\/\/shrimataji.org\/test\/de\/presse_medien\/#breadcrumb"},"inLanguage":"en-US","potentialAction":[{"@type":"ReadAction","target":["https:\/\/shrimataji.org\/test\/de\/presse_medien\/"]}]},{"@type":"ImageObject","inLanguage":"en-US","@id":"https:\/\/shrimataji.org\/test\/de\/presse_medien\/#primaryimage","url":"https:\/\/shrimataji.org\/test\/wp-content\/uploads\/2023\/03\/Banner-Footer-Castle-1-scaled.jpg","contentUrl":"https:\/\/shrimataji.org\/test\/wp-content\/uploads\/2023\/03\/Banner-Footer-Castle-1-scaled.jpg","width":2560,"height":905},{"@type":"BreadcrumbList","@id":"https:\/\/shrimataji.org\/test\/de\/presse_medien\/#breadcrumb","itemListElement":[{"@type":"ListItem","position":1,"name":"Home","item":"https:\/\/shrimataji.org\/test\/uk\/home-en\/"},{"@type":"ListItem","position":2,"name":"Presse und Medien"}]},{"@type":"WebSite","@id":"https:\/\/shrimataji.org\/test\/#website","url":"https:\/\/shrimataji.org\/test\/","name":"Shri Mataji Nirmala Devi","description":"A Life Dedicated to Humanity","publisher":{"@id":"https:\/\/shrimataji.org\/test\/#\/schema\/person\/a1b3419c6585f164aa96da1ff85715d1"},"potentialAction":[{"@type":"SearchAction","target":{"@type":"EntryPoint","urlTemplate":"https:\/\/shrimataji.org\/test\/?s={search_term_string}"},"query-input":{"@type":"PropertyValueSpecification","valueRequired":true,"valueName":"search_term_string"}}],"inLanguage":"en-US"},{"@type":["Person","Organization"],"@id":"https:\/\/shrimataji.org\/test\/#\/schema\/person\/a1b3419c6585f164aa96da1ff85715d1","name":"Nirmala Shrivastava","image":{"@type":"ImageObject","inLanguage":"en-US","@id":"https:\/\/shrimataji.org\/test\/wp-content\/uploads\/2023\/02\/SMO_LOGO-03.svg","url":"https:\/\/shrimataji.org\/test\/wp-content\/uploads\/2023\/02\/SMO_LOGO-03.svg","contentUrl":"https:\/\/shrimataji.org\/test\/wp-content\/uploads\/2023\/02\/SMO_LOGO-03.svg","width":"1024","height":"1024","caption":"Nirmala Shrivastava"},"logo":{"@id":"https:\/\/shrimataji.org\/test\/wp-content\/uploads\/2023\/02\/SMO_LOGO-03.svg"},"sameAs":["https:\/\/shrimataji.org\/test","https:\/\/www.facebook.com\/shrimataji","https:\/\/x.com\/shrimataji","https:\/\/www.youtube.com\/@Shri_Mataji_Nirmala_Devi\/featured"]}]}},"lang":"de","translations":{"de":10679,"en":426,"am":18054,"th":20025,"hu":19538,"sq":18455,"zh":17352,"hi":8501,"tr":10195,"pt":10405,"fr":10777,"it":10875,"es":10972,"ja":11269,"ru":11457,"bn":11649,"te":11757,"sw":11880,"he":12028,"el":12320,"fa":12516,"fi":12614,"bg":13488,"ro":14563,"cs":14756,"nl":16615,"ku":16775,"ar":16951,"be":18662,"kn":18936,"mr":20389,"uk":20683,"ml":20978,"ta":22773,"sv":23043,"pa":29047,"fil":29491},"pll_sync_post":[],"_links":{"self":[{"href":"https:\/\/shrimataji.org\/test\/wp-json\/wp\/v2\/pages\/10679","targetHints":{"allow":["GET"]}}],"collection":[{"href":"https:\/\/shrimataji.org\/test\/wp-json\/wp\/v2\/pages"}],"about":[{"href":"https:\/\/shrimataji.org\/test\/wp-json\/wp\/v2\/types\/page"}],"author":[{"embeddable":true,"href":"https:\/\/shrimataji.org\/test\/wp-json\/wp\/v2\/users\/10"}],"replies":[{"embeddable":true,"href":"https:\/\/shrimataji.org\/test\/wp-json\/wp\/v2\/comments?post=10679"}],"version-history":[{"count":0,"href":"https:\/\/shrimataji.org\/test\/wp-json\/wp\/v2\/pages\/10679\/revisions"}],"wp:featuredmedia":[{"embeddable":true,"href":"https:\/\/shrimataji.org\/test\/wp-json\/wp\/v2\/media\/9552"}],"wp:attachment":[{"href":"https:\/\/shrimataji.org\/test\/wp-json\/wp\/v2\/media?parent=10679"}],"curies":[{"name":"wp","href":"https:\/\/api.w.org\/{rel}","templated":true}]}}