{"id":10680,"date":"2012-08-02T21:00:00","date_gmt":"2012-08-02T21:00:00","guid":{"rendered":"http:\/\/testwordpress.nirmalnagari.org\/smnd\/index.php\/privacy\/"},"modified":"2024-06-01T10:45:54","modified_gmt":"2024-06-01T10:45:54","slug":"datenschutz","status":"publish","type":"page","link":"https:\/\/shrimataji.org\/test\/de\/datenschutz\/","title":{"rendered":"Datenschutz"},"content":{"rendered":"\n\n\t<h1>Datenschutzrichtlinie<\/h1>\n<h4>Die Mitarbeiter\/-innen von ShriMataji.org sind sich des in uns gesetzten Vertrauens und unserer Verantwortung f\u00fcr den Schutz Ihrer Privatsph\u00e4re bewusst. Als Teil dieser Verantwortung informieren wie Sie \u00fcber die von uns bei Ihrem Besuch unserer Website gesammelten Informationen. Wir teilen Ihnen mit, warum wir sie sammeln und wie wir sie nutzen, um Ihre Besuchserlebnis zu verbessern.<\/h4>\n<p>Die Shri Mataji Nirmala Devi Sahaja Yoga World Foundation wendet stiftungsbezogene Verfahren und Richtlinien an, die im Einklang mit der EU-Datenschutzgrundverordnung (GDPR 2016\/679) stehen, um hohe Sicherheitsstandards und Regeln f\u00fcr einen angemessenen Umgang mit personenbezogenen Daten zu gew\u00e4hrleisten.<\/p>\n<h4>Befugte Personen<\/h4>\n<p>Die Daten werden von ausreichend identifiziertem, geschultem und zur Datenverarbeitung befugtem Personal verarbeitet, das sowohl innerhalb als auch au\u00dferhalb der Gesch\u00e4ftsr\u00e4ume der Stiftung t\u00e4tig ist.<\/p>\n<h4>Vorratsspeicherung<\/h4>\n<p>Die Daten werden nur so lange verwendet, wie es f\u00fcr die Zwecke der Verarbeitung unbedingt erforderlich ist.<\/p>\n<h4>Datenschutz<\/h4>\n<p>Weitere Einzelheiten finden Sie in den Datenschutzinformationen unten:<\/p>\n<ul>\n<li><a href=\"https:\/\/shrimataji.org\/test\/wp-content\/uploads\/2024\/06\/datenschutz_website_nutzer.pdf\">Datenschutz (Website-Nutzer)<\/a><\/li>\n<li><a href=\"https:\/\/shrimataji.org\/test\/wp-content\/uploads\/2024\/06\/feedback_shri_mataji.pdf\">Datenschutz (Feedback)<\/a><\/li>\n<li><a href=\"https:\/\/shrimataji.org\/test\/wp-content\/uploads\/2024\/06\/cookies_datenverarbeitung.pdf\">Cookie-Richtlinie<\/a><\/li>\n<\/ul>\n<hr \/>\n<h3>\u00a9 Shri Mataji Nirmala Devi Sahaja Yoga World Foundation, eine gemeinn\u00fctzige Organisation, die im regionalen Register der juristischen Personen des Piemont eingetragen ist (Prot.-Nr. 747)<\/h3>\n\n","protected":false},"excerpt":{"rendered":"<p>Datenschutzrichtlinie Die Mitarbeiter\/-innen von ShriMataji.org sind sich des in uns gesetzten Vertrauens und unserer Verantwortung f\u00fcr den Schutz Ihrer Privatsph\u00e4re bewusst. Als Teil dieser Verantwortung informieren wie Sie \u00fcber die von uns bei Ihrem Besuch unserer Website gesammelten Informationen. Wir teilen Ihnen mit, warum wir sie sammeln und wie wir sie nutzen, um Ihre Besuchserlebnis&hellip; <br \/> <a class=\"read-more\" href=\"https:\/\/shrimataji.org\/test\/de\/datenschutz\/\">Read more<\/a><\/p>\n","protected":false},"author":10,"featured_media":9552,"parent":0,"menu_order":0,"comment_status":"closed","ping_status":"closed","template":"","meta":{"inline_featured_image":false,"footnotes":""},"class_list":["post-10680","page","type-page","status-publish","has-post-thumbnail","hentry"],"yoast_head":"<!-- This site is optimized with the Yoast SEO plugin v27.4 - https:\/\/yoast.com\/product\/yoast-seo-wordpress\/ -->\n<title>Datenschutz - TEST - SMND<\/title>\n<meta name=\"robots\" content=\"noindex, follow, max-snippet:-1, max-image-preview:large, max-video-preview:-1\" \/>\n<meta property=\"og:locale\" content=\"en_US\" \/>\n<meta property=\"og:type\" content=\"article\" \/>\n<meta property=\"og:title\" content=\"Datenschutz - TEST - SMND\" \/>\n<meta property=\"og:description\" content=\"Datenschutzrichtlinie Die Mitarbeiter\/-innen von ShriMataji.org sind sich des in uns gesetzten Vertrauens und unserer Verantwortung f\u00fcr den Schutz Ihrer Privatsph\u00e4re bewusst. Als Teil dieser Verantwortung informieren wie Sie \u00fcber die von uns bei Ihrem Besuch unserer Website gesammelten Informationen. Wir teilen Ihnen mit, warum wir sie sammeln und wie wir sie nutzen, um Ihre Besuchserlebnis&hellip; Read more\" \/>\n<meta property=\"og:url\" content=\"https:\/\/shrimataji.org\/test\/de\/datenschutz\/\" \/>\n<meta property=\"og:site_name\" content=\"TEST - SMND\" \/>\n<meta property=\"article:publisher\" content=\"https:\/\/www.facebook.com\/shrimataji\" \/>\n<meta property=\"article:modified_time\" content=\"2024-06-01T10:45:54+00:00\" \/>\n<meta property=\"og:image\" content=\"https:\/\/shrimataji.org\/test\/wp-content\/uploads\/2023\/03\/Banner-Footer-Castle-1-scaled.jpg\" \/>\n\t<meta property=\"og:image:width\" content=\"2560\" \/>\n\t<meta property=\"og:image:height\" content=\"905\" \/>\n\t<meta property=\"og:image:type\" content=\"image\/jpeg\" \/>\n<meta name=\"twitter:card\" content=\"summary_large_image\" \/>\n<meta name=\"twitter:site\" content=\"@shrimataji\" \/>\n<meta name=\"twitter:label1\" content=\"Est. reading time\" \/>\n\t<meta name=\"twitter:data1\" content=\"1 minute\" \/>\n<script type=\"application\/ld+json\" class=\"yoast-schema-graph\">{\"@context\":\"https:\\\/\\\/schema.org\",\"@graph\":[{\"@type\":\"WebPage\",\"@id\":\"https:\\\/\\\/shrimataji.org\\\/test\\\/de\\\/datenschutz\\\/\",\"url\":\"https:\\\/\\\/shrimataji.org\\\/test\\\/de\\\/datenschutz\\\/\",\"name\":\"Datenschutz - TEST - SMND\",\"isPartOf\":{\"@id\":\"https:\\\/\\\/shrimataji.org\\\/test\\\/#website\"},\"primaryImageOfPage\":{\"@id\":\"https:\\\/\\\/shrimataji.org\\\/test\\\/de\\\/datenschutz\\\/#primaryimage\"},\"image\":{\"@id\":\"https:\\\/\\\/shrimataji.org\\\/test\\\/de\\\/datenschutz\\\/#primaryimage\"},\"thumbnailUrl\":\"https:\\\/\\\/shrimataji.org\\\/test\\\/wp-content\\\/uploads\\\/2023\\\/03\\\/Banner-Footer-Castle-1-scaled.jpg\",\"datePublished\":\"2012-08-02T21:00:00+00:00\",\"dateModified\":\"2024-06-01T10:45:54+00:00\",\"breadcrumb\":{\"@id\":\"https:\\\/\\\/shrimataji.org\\\/test\\\/de\\\/datenschutz\\\/#breadcrumb\"},\"inLanguage\":\"en-US\",\"potentialAction\":[{\"@type\":\"ReadAction\",\"target\":[\"https:\\\/\\\/shrimataji.org\\\/test\\\/de\\\/datenschutz\\\/\"]}]},{\"@type\":\"ImageObject\",\"inLanguage\":\"en-US\",\"@id\":\"https:\\\/\\\/shrimataji.org\\\/test\\\/de\\\/datenschutz\\\/#primaryimage\",\"url\":\"https:\\\/\\\/shrimataji.org\\\/test\\\/wp-content\\\/uploads\\\/2023\\\/03\\\/Banner-Footer-Castle-1-scaled.jpg\",\"contentUrl\":\"https:\\\/\\\/shrimataji.org\\\/test\\\/wp-content\\\/uploads\\\/2023\\\/03\\\/Banner-Footer-Castle-1-scaled.jpg\",\"width\":2560,\"height\":905},{\"@type\":\"BreadcrumbList\",\"@id\":\"https:\\\/\\\/shrimataji.org\\\/test\\\/de\\\/datenschutz\\\/#breadcrumb\",\"itemListElement\":[{\"@type\":\"ListItem\",\"position\":1,\"name\":\"Home\",\"item\":\"https:\\\/\\\/shrimataji.org\\\/test\\\/uk\\\/home-en\\\/\"},{\"@type\":\"ListItem\",\"position\":2,\"name\":\"Datenschutz\"}]},{\"@type\":\"WebSite\",\"@id\":\"https:\\\/\\\/shrimataji.org\\\/test\\\/#website\",\"url\":\"https:\\\/\\\/shrimataji.org\\\/test\\\/\",\"name\":\"Shri Mataji Nirmala Devi\",\"description\":\"A Life Dedicated to Humanity\",\"publisher\":{\"@id\":\"https:\\\/\\\/shrimataji.org\\\/test\\\/#\\\/schema\\\/person\\\/a1b3419c6585f164aa96da1ff85715d1\"},\"potentialAction\":[{\"@type\":\"SearchAction\",\"target\":{\"@type\":\"EntryPoint\",\"urlTemplate\":\"https:\\\/\\\/shrimataji.org\\\/test\\\/?s={search_term_string}\"},\"query-input\":{\"@type\":\"PropertyValueSpecification\",\"valueRequired\":true,\"valueName\":\"search_term_string\"}}],\"inLanguage\":\"en-US\"},{\"@type\":[\"Person\",\"Organization\"],\"@id\":\"https:\\\/\\\/shrimataji.org\\\/test\\\/#\\\/schema\\\/person\\\/a1b3419c6585f164aa96da1ff85715d1\",\"name\":\"Nirmala Shrivastava\",\"image\":{\"@type\":\"ImageObject\",\"inLanguage\":\"en-US\",\"@id\":\"https:\\\/\\\/shrimataji.org\\\/test\\\/wp-content\\\/uploads\\\/2023\\\/02\\\/SMO_LOGO-03.svg\",\"url\":\"https:\\\/\\\/shrimataji.org\\\/test\\\/wp-content\\\/uploads\\\/2023\\\/02\\\/SMO_LOGO-03.svg\",\"contentUrl\":\"https:\\\/\\\/shrimataji.org\\\/test\\\/wp-content\\\/uploads\\\/2023\\\/02\\\/SMO_LOGO-03.svg\",\"width\":\"1024\",\"height\":\"1024\",\"caption\":\"Nirmala Shrivastava\"},\"logo\":{\"@id\":\"https:\\\/\\\/shrimataji.org\\\/test\\\/wp-content\\\/uploads\\\/2023\\\/02\\\/SMO_LOGO-03.svg\"},\"sameAs\":[\"https:\\\/\\\/shrimataji.org\\\/test\",\"https:\\\/\\\/www.facebook.com\\\/shrimataji\",\"https:\\\/\\\/x.com\\\/shrimataji\",\"https:\\\/\\\/www.youtube.com\\\/@Shri_Mataji_Nirmala_Devi\\\/featured\"]}]}<\/script>\n<!-- \/ Yoast SEO plugin. -->","yoast_head_json":{"title":"Datenschutz - TEST - SMND","robots":{"index":"noindex","follow":"follow","max-snippet":"max-snippet:-1","max-image-preview":"max-image-preview:large","max-video-preview":"max-video-preview:-1"},"og_locale":"en_US","og_type":"article","og_title":"Datenschutz - TEST - SMND","og_description":"Datenschutzrichtlinie Die Mitarbeiter\/-innen von ShriMataji.org sind sich des in uns gesetzten Vertrauens und unserer Verantwortung f\u00fcr den Schutz Ihrer Privatsph\u00e4re bewusst. Als Teil dieser Verantwortung informieren wie Sie \u00fcber die von uns bei Ihrem Besuch unserer Website gesammelten Informationen. Wir teilen Ihnen mit, warum wir sie sammeln und wie wir sie nutzen, um Ihre Besuchserlebnis&hellip; Read more","og_url":"https:\/\/shrimataji.org\/test\/de\/datenschutz\/","og_site_name":"TEST - SMND","article_publisher":"https:\/\/www.facebook.com\/shrimataji","article_modified_time":"2024-06-01T10:45:54+00:00","og_image":[{"width":2560,"height":905,"url":"https:\/\/shrimataji.org\/test\/wp-content\/uploads\/2023\/03\/Banner-Footer-Castle-1-scaled.jpg","type":"image\/jpeg"}],"twitter_card":"summary_large_image","twitter_site":"@shrimataji","twitter_misc":{"Est. reading time":"1 minute"},"schema":{"@context":"https:\/\/schema.org","@graph":[{"@type":"WebPage","@id":"https:\/\/shrimataji.org\/test\/de\/datenschutz\/","url":"https:\/\/shrimataji.org\/test\/de\/datenschutz\/","name":"Datenschutz - TEST - SMND","isPartOf":{"@id":"https:\/\/shrimataji.org\/test\/#website"},"primaryImageOfPage":{"@id":"https:\/\/shrimataji.org\/test\/de\/datenschutz\/#primaryimage"},"image":{"@id":"https:\/\/shrimataji.org\/test\/de\/datenschutz\/#primaryimage"},"thumbnailUrl":"https:\/\/shrimataji.org\/test\/wp-content\/uploads\/2023\/03\/Banner-Footer-Castle-1-scaled.jpg","datePublished":"2012-08-02T21:00:00+00:00","dateModified":"2024-06-01T10:45:54+00:00","breadcrumb":{"@id":"https:\/\/shrimataji.org\/test\/de\/datenschutz\/#breadcrumb"},"inLanguage":"en-US","potentialAction":[{"@type":"ReadAction","target":["https:\/\/shrimataji.org\/test\/de\/datenschutz\/"]}]},{"@type":"ImageObject","inLanguage":"en-US","@id":"https:\/\/shrimataji.org\/test\/de\/datenschutz\/#primaryimage","url":"https:\/\/shrimataji.org\/test\/wp-content\/uploads\/2023\/03\/Banner-Footer-Castle-1-scaled.jpg","contentUrl":"https:\/\/shrimataji.org\/test\/wp-content\/uploads\/2023\/03\/Banner-Footer-Castle-1-scaled.jpg","width":2560,"height":905},{"@type":"BreadcrumbList","@id":"https:\/\/shrimataji.org\/test\/de\/datenschutz\/#breadcrumb","itemListElement":[{"@type":"ListItem","position":1,"name":"Home","item":"https:\/\/shrimataji.org\/test\/uk\/home-en\/"},{"@type":"ListItem","position":2,"name":"Datenschutz"}]},{"@type":"WebSite","@id":"https:\/\/shrimataji.org\/test\/#website","url":"https:\/\/shrimataji.org\/test\/","name":"Shri Mataji Nirmala Devi","description":"A Life Dedicated to Humanity","publisher":{"@id":"https:\/\/shrimataji.org\/test\/#\/schema\/person\/a1b3419c6585f164aa96da1ff85715d1"},"potentialAction":[{"@type":"SearchAction","target":{"@type":"EntryPoint","urlTemplate":"https:\/\/shrimataji.org\/test\/?s={search_term_string}"},"query-input":{"@type":"PropertyValueSpecification","valueRequired":true,"valueName":"search_term_string"}}],"inLanguage":"en-US"},{"@type":["Person","Organization"],"@id":"https:\/\/shrimataji.org\/test\/#\/schema\/person\/a1b3419c6585f164aa96da1ff85715d1","name":"Nirmala Shrivastava","image":{"@type":"ImageObject","inLanguage":"en-US","@id":"https:\/\/shrimataji.org\/test\/wp-content\/uploads\/2023\/02\/SMO_LOGO-03.svg","url":"https:\/\/shrimataji.org\/test\/wp-content\/uploads\/2023\/02\/SMO_LOGO-03.svg","contentUrl":"https:\/\/shrimataji.org\/test\/wp-content\/uploads\/2023\/02\/SMO_LOGO-03.svg","width":"1024","height":"1024","caption":"Nirmala Shrivastava"},"logo":{"@id":"https:\/\/shrimataji.org\/test\/wp-content\/uploads\/2023\/02\/SMO_LOGO-03.svg"},"sameAs":["https:\/\/shrimataji.org\/test","https:\/\/www.facebook.com\/shrimataji","https:\/\/x.com\/shrimataji","https:\/\/www.youtube.com\/@Shri_Mataji_Nirmala_Devi\/featured"]}]}},"lang":"de","translations":{"de":10680,"en":424,"am":18055,"th":20027,"hu":19540,"sq":18456,"zh":17353,"hi":8498,"tr":10196,"pt":10406,"fr":10778,"it":10876,"es":10973,"ja":11270,"ru":11458,"bn":11650,"te":11758,"sw":11881,"he":12029,"el":12321,"fa":12517,"fi":12615,"bg":13503,"ro":14578,"cs":14771,"nl":16616,"ku":16776,"ar":16952,"be":18663,"kn":18937,"mr":20391,"uk":20685,"ml":20980,"ta":22774,"sv":23044,"pa":29048,"fil":29492},"pll_sync_post":[],"_links":{"self":[{"href":"https:\/\/shrimataji.org\/test\/wp-json\/wp\/v2\/pages\/10680","targetHints":{"allow":["GET"]}}],"collection":[{"href":"https:\/\/shrimataji.org\/test\/wp-json\/wp\/v2\/pages"}],"about":[{"href":"https:\/\/shrimataji.org\/test\/wp-json\/wp\/v2\/types\/page"}],"author":[{"embeddable":true,"href":"https:\/\/shrimataji.org\/test\/wp-json\/wp\/v2\/users\/10"}],"replies":[{"embeddable":true,"href":"https:\/\/shrimataji.org\/test\/wp-json\/wp\/v2\/comments?post=10680"}],"version-history":[{"count":0,"href":"https:\/\/shrimataji.org\/test\/wp-json\/wp\/v2\/pages\/10680\/revisions"}],"wp:featuredmedia":[{"embeddable":true,"href":"https:\/\/shrimataji.org\/test\/wp-json\/wp\/v2\/media\/9552"}],"wp:attachment":[{"href":"https:\/\/shrimataji.org\/test\/wp-json\/wp\/v2\/media?parent=10680"}],"curies":[{"name":"wp","href":"https:\/\/api.w.org\/{rel}","templated":true}]}}