{"id":10681,"date":"2018-07-10T06:54:50","date_gmt":"2018-07-10T06:54:50","guid":{"rendered":"http:\/\/testwordpress.nirmalnagari.org\/smnd\/index.php\/public-life\/"},"modified":"2024-06-11T08:08:59","modified_gmt":"2024-06-11T08:08:59","slug":"oeffentliches-leben","status":"publish","type":"page","link":"https:\/\/shrimataji.org\/test\/de\/oeffentliches-leben\/","title":{"rendered":"\u00d6ffentliches Leben"},"content":{"rendered":"\n\n\t<h1>\u00d6ffentliches Leben<\/h1>\n<h2>Es in die Welt tragen<\/h2>\n\t<h4>Nachdem ihre Kinder erwachsen und sesshaft geworden waren, konnte Nirmala Srivastava ihre Aufmerksamkeit und Zeit verst\u00e4rkt der \u00d6ffentlichkeit widmen. W\u00e4hrend ihr Mann die <a href=\"https:\/\/www.imo.org\/en\/\" target=\"_blank\" rel=\"noopener\">International Maritime Organization<\/a> der Vereinten Nationen in London leitete, begann sie in der englischen Hauptstadt ihre spirituelle Arbeit mit einer kleinen Gruppe von Interessierten. Sie tourte durch das Land und hielt Vortr\u00e4ge, um dabei die Erfahrung der Selbst-Verwirklichung weiterzugeben. Nirmala Srivastava wurde bald unter dem Ehrentitel Shri Mataji bekannt, da man ihre au\u00dfergew\u00f6hnlichen spirituellen und m\u00fctterlichen Qualit\u00e4ten erkannte. Es bedeutet so viel wie &#8220;Geachtete Mutter&#8221;.<\/h4>\n\t<p>Niemals verlangte sie f\u00fcr diese Vortr\u00e4ge noch die Selbst-Verwirklichung Geld, da sie darauf bestand, dass die Erweckung der in allen Menschen schlummernden spirituellen Energie deren Geburtsrecht sei und daher nicht bezahlt werden k\u00f6nne. Die von Shri Mataji entwickelte Methode zur Selbst-Verwirklichung durch Meditation wurde <a href=\"https:\/\/shrimataji.org\/test\/de\/sahaja-yoga_d\/\" target=\"_blank\" rel=\"noopener\">Sahaja Yoga<\/a> genannt. Zun\u00e4chst konzentrierte sie ihre Bem\u00fchungen auf das Vereinigte K\u00f6nigreich und \u00fcberbrachte ihre Botschaft Zuh\u00f6rern\/-innen in Klein- und Gro\u00dfst\u00e4dten. Sie reiste durch das Land, gab Radio- und Fernsehinterviews und hielt Vortr\u00e4ge in \u00f6ffentlichen S\u00e4len. Dar\u00fcber hinaus verbrachte sie Stunden damit, einzelne Zuh\u00f6rer pers\u00f6nlich zu treffen, sich geduldig deren Geschichten und Probleme anzuh\u00f6ren und ihnen Ratschl\u00e4ge zu geben.<\/p>\n\t\n\t<p>Auch als Shri Mataji in den 1980ern begann, durch Europa, Australien und Nordamerika zu reisen, unterrichtete sie Sahaja Yoga allen Interessierten kostenlos und nahm an lebhaften Debatten sowie Frage-und-Antwort-Sitzungen \u00fcber die Rolle der Spiritualit\u00e4t in der modernen Zeit teil.<\/p>\n<p>In den 1990er Jahren reiste sie nach S\u00fcdamerika, Osteuropa, Asien und in den pazifischen Raum.<\/p>\n<p>Zahlreiche <a href=\"https:\/\/shrimataji.org\/test\/de\/auszeichnungen\/\" target=\"_blank\" rel=\"noopener\">Auszeichnungen und Ehrentitel<\/a> wurden ihr von Institutionen in aller Welt verliehen. Im Jahr 1995 sprach sie auf der <a href=\"https:\/\/shrimataji.org\/test\/de\/weltfrauenkonferenz\/\" target=\"_blank\" rel=\"noopener\">Vierten Weltfrauenkonferenz<\/a> in Peking. Au\u00dferdem hielt sie bei den Vereinten Nationen eine Rede zum Thema Weltfrieden.<\/p>\n\t\t\t\t<img loading=\"lazy\" decoding=\"async\" src=\"https:\/\/shrimataji.org\/test\/wp-content\/uploads\/2018\/11\/shri-mataji-greeting-the-queen-2.jpg\" alt=\"Shri Mataji with Queen Elizabeth II\" height=\"320\" width=\"460\" title=\"shri-mataji-greeting-the-queen-2\" \/>\n\t\tShri Mataji mit K\u00f6nigin Elizabeth II.\n\t<p>1997 dr\u00fcckte Claes Nobel seine Bewunderung f\u00fcr Shri Mataji und Sahaja Yoga aus. Er bezeichnete sie als &#8220;einen Bezugspunkt, um Recht von Unrecht zu unterscheiden&#8221; und als &#8220;eine Quelle der Hoffnung f\u00fcr die Menschheit&#8221;.<\/p>\n\t<div class=\"su-quote su-quote-style-default\"><div class=\"su-quote-inner su-u-clearfix su-u-trim\">Der Gewinn zeigt sich im Frieden, den ihr erreicht und in der Liebe, die ihr entwickelt habt. Er zeigt sich im Mitgef\u00fchl, das ihr ausstrahlen und in der Anzahl an Beziehungen, die ihr zu anderen aufbauen k\u00f6nnt &#8211; und auch in deren harmonischer und innerlicher Qualit\u00e4t.<\/div><\/div>\n\n","protected":false},"excerpt":{"rendered":"<p>\u00d6ffentliches Leben Es in die Welt tragen Nachdem ihre Kinder erwachsen und sesshaft geworden waren, konnte Nirmala Srivastava ihre Aufmerksamkeit und Zeit verst\u00e4rkt der \u00d6ffentlichkeit widmen. W\u00e4hrend ihr Mann die International Maritime Organization der Vereinten Nationen in London leitete, begann sie in der englischen Hauptstadt ihre spirituelle Arbeit mit einer kleinen Gruppe von Interessierten. Sie&hellip; <br \/> <a class=\"read-more\" href=\"https:\/\/shrimataji.org\/test\/de\/oeffentliches-leben\/\">Read more<\/a><\/p>\n","protected":false},"author":10,"featured_media":9514,"parent":0,"menu_order":0,"comment_status":"closed","ping_status":"closed","template":"","meta":{"inline_featured_image":false,"footnotes":""},"class_list":["post-10681","page","type-page","status-publish","has-post-thumbnail","hentry"],"yoast_head":"<!-- This site is optimized with the Yoast SEO plugin v27.4 - https:\/\/yoast.com\/product\/yoast-seo-wordpress\/ -->\n<title>\u00d6ffentliches Leben - TEST - SMND<\/title>\n<meta name=\"robots\" content=\"noindex, follow, max-snippet:-1, max-image-preview:large, max-video-preview:-1\" \/>\n<meta property=\"og:locale\" content=\"en_US\" \/>\n<meta property=\"og:type\" content=\"article\" \/>\n<meta property=\"og:title\" content=\"\u00d6ffentliches Leben - TEST - SMND\" \/>\n<meta property=\"og:description\" content=\"\u00d6ffentliches Leben Es in die Welt tragen Nachdem ihre Kinder erwachsen und sesshaft geworden waren, konnte Nirmala Srivastava ihre Aufmerksamkeit und Zeit verst\u00e4rkt der \u00d6ffentlichkeit widmen. W\u00e4hrend ihr Mann die International Maritime Organization der Vereinten Nationen in London leitete, begann sie in der englischen Hauptstadt ihre spirituelle Arbeit mit einer kleinen Gruppe von Interessierten. Sie&hellip; Read more\" \/>\n<meta property=\"og:url\" content=\"https:\/\/shrimataji.org\/test\/de\/oeffentliches-leben\/\" \/>\n<meta property=\"og:site_name\" content=\"TEST - SMND\" \/>\n<meta property=\"article:publisher\" content=\"https:\/\/www.facebook.com\/shrimataji\" \/>\n<meta property=\"article:modified_time\" content=\"2024-06-11T08:08:59+00:00\" \/>\n<meta property=\"og:image\" content=\"https:\/\/shrimataji.org\/test\/wp-content\/uploads\/2023\/03\/9_Banner-PublicLife-2-scaled.jpg\" \/>\n\t<meta property=\"og:image:width\" content=\"2560\" \/>\n\t<meta property=\"og:image:height\" content=\"905\" \/>\n\t<meta property=\"og:image:type\" content=\"image\/jpeg\" \/>\n<meta name=\"twitter:card\" content=\"summary_large_image\" \/>\n<meta name=\"twitter:site\" content=\"@shrimataji\" \/>\n<script type=\"application\/ld+json\" class=\"yoast-schema-graph\">{\"@context\":\"https:\\\/\\\/schema.org\",\"@graph\":[{\"@type\":\"WebPage\",\"@id\":\"https:\\\/\\\/shrimataji.org\\\/test\\\/de\\\/oeffentliches-leben\\\/\",\"url\":\"https:\\\/\\\/shrimataji.org\\\/test\\\/de\\\/oeffentliches-leben\\\/\",\"name\":\"\u00d6ffentliches Leben - TEST - SMND\",\"isPartOf\":{\"@id\":\"https:\\\/\\\/shrimataji.org\\\/test\\\/#website\"},\"primaryImageOfPage\":{\"@id\":\"https:\\\/\\\/shrimataji.org\\\/test\\\/de\\\/oeffentliches-leben\\\/#primaryimage\"},\"image\":{\"@id\":\"https:\\\/\\\/shrimataji.org\\\/test\\\/de\\\/oeffentliches-leben\\\/#primaryimage\"},\"thumbnailUrl\":\"https:\\\/\\\/shrimataji.org\\\/test\\\/wp-content\\\/uploads\\\/2023\\\/03\\\/9_Banner-PublicLife-2-scaled.jpg\",\"datePublished\":\"2018-07-10T06:54:50+00:00\",\"dateModified\":\"2024-06-11T08:08:59+00:00\",\"breadcrumb\":{\"@id\":\"https:\\\/\\\/shrimataji.org\\\/test\\\/de\\\/oeffentliches-leben\\\/#breadcrumb\"},\"inLanguage\":\"en-US\",\"potentialAction\":[{\"@type\":\"ReadAction\",\"target\":[\"https:\\\/\\\/shrimataji.org\\\/test\\\/de\\\/oeffentliches-leben\\\/\"]}]},{\"@type\":\"ImageObject\",\"inLanguage\":\"en-US\",\"@id\":\"https:\\\/\\\/shrimataji.org\\\/test\\\/de\\\/oeffentliches-leben\\\/#primaryimage\",\"url\":\"https:\\\/\\\/shrimataji.org\\\/test\\\/wp-content\\\/uploads\\\/2023\\\/03\\\/9_Banner-PublicLife-2-scaled.jpg\",\"contentUrl\":\"https:\\\/\\\/shrimataji.org\\\/test\\\/wp-content\\\/uploads\\\/2023\\\/03\\\/9_Banner-PublicLife-2-scaled.jpg\",\"width\":2560,\"height\":905},{\"@type\":\"BreadcrumbList\",\"@id\":\"https:\\\/\\\/shrimataji.org\\\/test\\\/de\\\/oeffentliches-leben\\\/#breadcrumb\",\"itemListElement\":[{\"@type\":\"ListItem\",\"position\":1,\"name\":\"Home\",\"item\":\"https:\\\/\\\/shrimataji.org\\\/test\\\/uk\\\/home-en\\\/\"},{\"@type\":\"ListItem\",\"position\":2,\"name\":\"\u00d6ffentliches Leben\"}]},{\"@type\":\"WebSite\",\"@id\":\"https:\\\/\\\/shrimataji.org\\\/test\\\/#website\",\"url\":\"https:\\\/\\\/shrimataji.org\\\/test\\\/\",\"name\":\"Shri Mataji Nirmala Devi\",\"description\":\"A Life Dedicated to Humanity\",\"publisher\":{\"@id\":\"https:\\\/\\\/shrimataji.org\\\/test\\\/#\\\/schema\\\/person\\\/a1b3419c6585f164aa96da1ff85715d1\"},\"potentialAction\":[{\"@type\":\"SearchAction\",\"target\":{\"@type\":\"EntryPoint\",\"urlTemplate\":\"https:\\\/\\\/shrimataji.org\\\/test\\\/?s={search_term_string}\"},\"query-input\":{\"@type\":\"PropertyValueSpecification\",\"valueRequired\":true,\"valueName\":\"search_term_string\"}}],\"inLanguage\":\"en-US\"},{\"@type\":[\"Person\",\"Organization\"],\"@id\":\"https:\\\/\\\/shrimataji.org\\\/test\\\/#\\\/schema\\\/person\\\/a1b3419c6585f164aa96da1ff85715d1\",\"name\":\"Nirmala Shrivastava\",\"image\":{\"@type\":\"ImageObject\",\"inLanguage\":\"en-US\",\"@id\":\"https:\\\/\\\/shrimataji.org\\\/test\\\/wp-content\\\/uploads\\\/2023\\\/02\\\/SMO_LOGO-03.svg\",\"url\":\"https:\\\/\\\/shrimataji.org\\\/test\\\/wp-content\\\/uploads\\\/2023\\\/02\\\/SMO_LOGO-03.svg\",\"contentUrl\":\"https:\\\/\\\/shrimataji.org\\\/test\\\/wp-content\\\/uploads\\\/2023\\\/02\\\/SMO_LOGO-03.svg\",\"width\":\"1024\",\"height\":\"1024\",\"caption\":\"Nirmala Shrivastava\"},\"logo\":{\"@id\":\"https:\\\/\\\/shrimataji.org\\\/test\\\/wp-content\\\/uploads\\\/2023\\\/02\\\/SMO_LOGO-03.svg\"},\"sameAs\":[\"https:\\\/\\\/shrimataji.org\\\/test\",\"https:\\\/\\\/www.facebook.com\\\/shrimataji\",\"https:\\\/\\\/x.com\\\/shrimataji\",\"https:\\\/\\\/www.youtube.com\\\/@Shri_Mataji_Nirmala_Devi\\\/featured\"]}]}<\/script>\n<!-- \/ Yoast SEO plugin. -->","yoast_head_json":{"title":"\u00d6ffentliches Leben - TEST - SMND","robots":{"index":"noindex","follow":"follow","max-snippet":"max-snippet:-1","max-image-preview":"max-image-preview:large","max-video-preview":"max-video-preview:-1"},"og_locale":"en_US","og_type":"article","og_title":"\u00d6ffentliches Leben - TEST - SMND","og_description":"\u00d6ffentliches Leben Es in die Welt tragen Nachdem ihre Kinder erwachsen und sesshaft geworden waren, konnte Nirmala Srivastava ihre Aufmerksamkeit und Zeit verst\u00e4rkt der \u00d6ffentlichkeit widmen. W\u00e4hrend ihr Mann die International Maritime Organization der Vereinten Nationen in London leitete, begann sie in der englischen Hauptstadt ihre spirituelle Arbeit mit einer kleinen Gruppe von Interessierten. Sie&hellip; Read more","og_url":"https:\/\/shrimataji.org\/test\/de\/oeffentliches-leben\/","og_site_name":"TEST - SMND","article_publisher":"https:\/\/www.facebook.com\/shrimataji","article_modified_time":"2024-06-11T08:08:59+00:00","og_image":[{"width":2560,"height":905,"url":"https:\/\/shrimataji.org\/test\/wp-content\/uploads\/2023\/03\/9_Banner-PublicLife-2-scaled.jpg","type":"image\/jpeg"}],"twitter_card":"summary_large_image","twitter_site":"@shrimataji","schema":{"@context":"https:\/\/schema.org","@graph":[{"@type":"WebPage","@id":"https:\/\/shrimataji.org\/test\/de\/oeffentliches-leben\/","url":"https:\/\/shrimataji.org\/test\/de\/oeffentliches-leben\/","name":"\u00d6ffentliches Leben - TEST - SMND","isPartOf":{"@id":"https:\/\/shrimataji.org\/test\/#website"},"primaryImageOfPage":{"@id":"https:\/\/shrimataji.org\/test\/de\/oeffentliches-leben\/#primaryimage"},"image":{"@id":"https:\/\/shrimataji.org\/test\/de\/oeffentliches-leben\/#primaryimage"},"thumbnailUrl":"https:\/\/shrimataji.org\/test\/wp-content\/uploads\/2023\/03\/9_Banner-PublicLife-2-scaled.jpg","datePublished":"2018-07-10T06:54:50+00:00","dateModified":"2024-06-11T08:08:59+00:00","breadcrumb":{"@id":"https:\/\/shrimataji.org\/test\/de\/oeffentliches-leben\/#breadcrumb"},"inLanguage":"en-US","potentialAction":[{"@type":"ReadAction","target":["https:\/\/shrimataji.org\/test\/de\/oeffentliches-leben\/"]}]},{"@type":"ImageObject","inLanguage":"en-US","@id":"https:\/\/shrimataji.org\/test\/de\/oeffentliches-leben\/#primaryimage","url":"https:\/\/shrimataji.org\/test\/wp-content\/uploads\/2023\/03\/9_Banner-PublicLife-2-scaled.jpg","contentUrl":"https:\/\/shrimataji.org\/test\/wp-content\/uploads\/2023\/03\/9_Banner-PublicLife-2-scaled.jpg","width":2560,"height":905},{"@type":"BreadcrumbList","@id":"https:\/\/shrimataji.org\/test\/de\/oeffentliches-leben\/#breadcrumb","itemListElement":[{"@type":"ListItem","position":1,"name":"Home","item":"https:\/\/shrimataji.org\/test\/uk\/home-en\/"},{"@type":"ListItem","position":2,"name":"\u00d6ffentliches Leben"}]},{"@type":"WebSite","@id":"https:\/\/shrimataji.org\/test\/#website","url":"https:\/\/shrimataji.org\/test\/","name":"Shri Mataji Nirmala Devi","description":"A Life Dedicated to Humanity","publisher":{"@id":"https:\/\/shrimataji.org\/test\/#\/schema\/person\/a1b3419c6585f164aa96da1ff85715d1"},"potentialAction":[{"@type":"SearchAction","target":{"@type":"EntryPoint","urlTemplate":"https:\/\/shrimataji.org\/test\/?s={search_term_string}"},"query-input":{"@type":"PropertyValueSpecification","valueRequired":true,"valueName":"search_term_string"}}],"inLanguage":"en-US"},{"@type":["Person","Organization"],"@id":"https:\/\/shrimataji.org\/test\/#\/schema\/person\/a1b3419c6585f164aa96da1ff85715d1","name":"Nirmala Shrivastava","image":{"@type":"ImageObject","inLanguage":"en-US","@id":"https:\/\/shrimataji.org\/test\/wp-content\/uploads\/2023\/02\/SMO_LOGO-03.svg","url":"https:\/\/shrimataji.org\/test\/wp-content\/uploads\/2023\/02\/SMO_LOGO-03.svg","contentUrl":"https:\/\/shrimataji.org\/test\/wp-content\/uploads\/2023\/02\/SMO_LOGO-03.svg","width":"1024","height":"1024","caption":"Nirmala Shrivastava"},"logo":{"@id":"https:\/\/shrimataji.org\/test\/wp-content\/uploads\/2023\/02\/SMO_LOGO-03.svg"},"sameAs":["https:\/\/shrimataji.org\/test","https:\/\/www.facebook.com\/shrimataji","https:\/\/x.com\/shrimataji","https:\/\/www.youtube.com\/@Shri_Mataji_Nirmala_Devi\/featured"]}]}},"lang":"de","translations":{"de":10681,"ur":37481,"en":438,"am":18056,"th":20029,"hu":19542,"sq":18457,"zh":17354,"tr":10197,"pt":10407,"fr":10779,"it":10877,"es":10974,"ja":11271,"ru":11459,"bn":11651,"te":11759,"sw":11882,"he":12030,"el":12322,"sk":12420,"fa":12518,"fi":12616,"bg":13440,"ro":14514,"cs":14707,"nl":16617,"ku":16777,"ar":16953,"be":18664,"kn":18938,"mr":20393,"uk":20687,"ml":20982,"ta":22775,"sv":23045,"gu":28889,"pa":29049,"fil":29493,"da":37792,"pl":38004,"nn":38344},"pll_sync_post":[],"_links":{"self":[{"href":"https:\/\/shrimataji.org\/test\/wp-json\/wp\/v2\/pages\/10681","targetHints":{"allow":["GET"]}}],"collection":[{"href":"https:\/\/shrimataji.org\/test\/wp-json\/wp\/v2\/pages"}],"about":[{"href":"https:\/\/shrimataji.org\/test\/wp-json\/wp\/v2\/types\/page"}],"author":[{"embeddable":true,"href":"https:\/\/shrimataji.org\/test\/wp-json\/wp\/v2\/users\/10"}],"replies":[{"embeddable":true,"href":"https:\/\/shrimataji.org\/test\/wp-json\/wp\/v2\/comments?post=10681"}],"version-history":[{"count":0,"href":"https:\/\/shrimataji.org\/test\/wp-json\/wp\/v2\/pages\/10681\/revisions"}],"wp:featuredmedia":[{"embeddable":true,"href":"https:\/\/shrimataji.org\/test\/wp-json\/wp\/v2\/media\/9514"}],"wp:attachment":[{"href":"https:\/\/shrimataji.org\/test\/wp-json\/wp\/v2\/media?parent=10681"}],"curies":[{"name":"wp","href":"https:\/\/api.w.org\/{rel}","templated":true}]}}