{"id":10683,"date":"2018-07-10T06:54:46","date_gmt":"2018-07-10T06:54:46","guid":{"rendered":"http:\/\/testwordpress.nirmalnagari.org\/smnd\/index.php\/reading-room\/"},"modified":"2024-04-27T01:15:17","modified_gmt":"2024-04-27T01:15:17","slug":"lesezimmer","status":"publish","type":"page","link":"https:\/\/shrimataji.org\/test\/de\/lesezimmer\/","title":{"rendered":"Lesezimmer"},"content":{"rendered":"\n\n\t<h1>Lesezimmer<\/h1>\n\t<h4>Den bedeutendsten Teil ihres Verm\u00e4chtnisses stellt vielleicht die umfangreiche Sammlung von Shri Matajis Reden, Presseinterviews, Vortr\u00e4gen, B\u00fcchern und kreativen Werken dar, die heute digital und zugunsten zuk\u00fcnftiger Generationen bewahrt werden k\u00f6nnen.<\/h4>\n\t<p>Von 1970 bis zu ihrem Tod im Jahr 2011 reiste Shri Mataji durch sechs Kontinente und verbreitete die Botschaft, dass unabh\u00e4ngig von Herkunft oder spiritueller Ausrichtung die Selbst-Verwirklichung f\u00fcr alle zug\u00e4nglich ist.<\/p>\n<p>Ihre m\u00fctterliche Pers\u00f6nlichkeit war weit entfernt vom traditionellen Bild eines strengen, trockenen Gurus, und sie vermittelte ihr Wissen stets mit Liebe. Ihre Vortr\u00e4ge und Schriften sind voller Weisheit und praktischer Anleitung zu Themen, die von Kindererziehung \u00fcber Landwirtschaft und Finanzmanagement bis hin zum gro\u00dfen Potenzial des Menschen hinsichtlich seiner spirituellen Entwicklung reichen.<\/p>\n\t\t\t\t<img loading=\"lazy\" decoding=\"async\" src=\"https:\/\/shrimataji.org\/test\/wp-content\/uploads\/2018\/07\/media_originals\/images\/shri-mataji-with-people\/shri-mataji-smiling-while-reading-a-book-in-india.jpg\" alt=\"Shri Mataji beim Lesen eines Buches (Indien)\" height=\"318\" width=\"500\" title=\"shri-mataji-smiling-while-reading-a-book-in-india\" \/>\n\t\tShri Mataji beim Lesen eines Buches (Indien)\n\t<p>Hier pr\u00e4sentieren wir einige Ausz\u00fcge aus dieser reichen und umfangreichen Textsammlung. Leserinnen und Leser werden feststellen, dass Shri Matajis einzigartige und ungeschriebene Sprache in keiner Weise bearbeitet oder ver\u00e4ndert wurde.<\/p>\n\n","protected":false},"excerpt":{"rendered":"<p>Lesezimmer Den bedeutendsten Teil ihres Verm\u00e4chtnisses stellt vielleicht die umfangreiche Sammlung von Shri Matajis Reden, Presseinterviews, Vortr\u00e4gen, B\u00fcchern und kreativen Werken dar, die heute digital und zugunsten zuk\u00fcnftiger Generationen bewahrt werden k\u00f6nnen. Von 1970 bis zu ihrem Tod im Jahr 2011 reiste Shri Mataji durch sechs Kontinente und verbreitete die Botschaft, dass unabh\u00e4ngig von Herkunft&hellip; <br \/> <a class=\"read-more\" href=\"https:\/\/shrimataji.org\/test\/de\/lesezimmer\/\">Read more<\/a><\/p>\n","protected":false},"author":10,"featured_media":113,"parent":0,"menu_order":0,"comment_status":"closed","ping_status":"closed","template":"","meta":{"inline_featured_image":false,"footnotes":""},"class_list":["post-10683","page","type-page","status-publish","has-post-thumbnail","hentry"],"yoast_head":"<!-- This site is optimized with the Yoast SEO plugin v27.4 - https:\/\/yoast.com\/product\/yoast-seo-wordpress\/ -->\n<title>Lesezimmer - TEST - SMND<\/title>\n<meta name=\"robots\" content=\"noindex, follow, max-snippet:-1, max-image-preview:large, max-video-preview:-1\" \/>\n<meta property=\"og:locale\" content=\"en_US\" \/>\n<meta property=\"og:type\" content=\"article\" \/>\n<meta property=\"og:title\" content=\"Lesezimmer - TEST - SMND\" \/>\n<meta property=\"og:description\" content=\"Lesezimmer Den bedeutendsten Teil ihres Verm\u00e4chtnisses stellt vielleicht die umfangreiche Sammlung von Shri Matajis Reden, Presseinterviews, Vortr\u00e4gen, B\u00fcchern und kreativen Werken dar, die heute digital und zugunsten zuk\u00fcnftiger Generationen bewahrt werden k\u00f6nnen. Von 1970 bis zu ihrem Tod im Jahr 2011 reiste Shri Mataji durch sechs Kontinente und verbreitete die Botschaft, dass unabh\u00e4ngig von Herkunft&hellip; Read more\" \/>\n<meta property=\"og:url\" content=\"https:\/\/shrimataji.org\/test\/de\/lesezimmer\/\" \/>\n<meta property=\"og:site_name\" content=\"TEST - SMND\" \/>\n<meta property=\"article:publisher\" content=\"https:\/\/www.facebook.com\/shrimataji\" \/>\n<meta property=\"article:modified_time\" content=\"2024-04-27T01:15:17+00:00\" \/>\n<meta property=\"og:image\" content=\"https:\/\/shrimataji.org\/test\/wp-content\/uploads\/2018\/07\/media_originals\/images\/headers-general\/shri-mataji-nirmala-devi-teaching-sahaja-yoga-meditation.jpg\" \/>\n\t<meta property=\"og:image:width\" content=\"990\" \/>\n\t<meta property=\"og:image:height\" content=\"350\" \/>\n\t<meta property=\"og:image:type\" content=\"image\/jpeg\" \/>\n<meta name=\"twitter:card\" content=\"summary_large_image\" \/>\n<meta name=\"twitter:site\" content=\"@shrimataji\" \/>\n<script type=\"application\/ld+json\" class=\"yoast-schema-graph\">{\"@context\":\"https:\\\/\\\/schema.org\",\"@graph\":[{\"@type\":\"WebPage\",\"@id\":\"https:\\\/\\\/shrimataji.org\\\/test\\\/de\\\/lesezimmer\\\/\",\"url\":\"https:\\\/\\\/shrimataji.org\\\/test\\\/de\\\/lesezimmer\\\/\",\"name\":\"Lesezimmer - TEST - SMND\",\"isPartOf\":{\"@id\":\"https:\\\/\\\/shrimataji.org\\\/test\\\/#website\"},\"primaryImageOfPage\":{\"@id\":\"https:\\\/\\\/shrimataji.org\\\/test\\\/de\\\/lesezimmer\\\/#primaryimage\"},\"image\":{\"@id\":\"https:\\\/\\\/shrimataji.org\\\/test\\\/de\\\/lesezimmer\\\/#primaryimage\"},\"thumbnailUrl\":\"https:\\\/\\\/shrimataji.org\\\/test\\\/wp-content\\\/uploads\\\/2018\\\/07\\\/media_originals\\\/images\\\/headers-general\\\/shri-mataji-nirmala-devi-teaching-sahaja-yoga-meditation.jpg\",\"datePublished\":\"2018-07-10T06:54:46+00:00\",\"dateModified\":\"2024-04-27T01:15:17+00:00\",\"breadcrumb\":{\"@id\":\"https:\\\/\\\/shrimataji.org\\\/test\\\/de\\\/lesezimmer\\\/#breadcrumb\"},\"inLanguage\":\"en-US\",\"potentialAction\":[{\"@type\":\"ReadAction\",\"target\":[\"https:\\\/\\\/shrimataji.org\\\/test\\\/de\\\/lesezimmer\\\/\"]}]},{\"@type\":\"ImageObject\",\"inLanguage\":\"en-US\",\"@id\":\"https:\\\/\\\/shrimataji.org\\\/test\\\/de\\\/lesezimmer\\\/#primaryimage\",\"url\":\"https:\\\/\\\/shrimataji.org\\\/test\\\/wp-content\\\/uploads\\\/2018\\\/07\\\/media_originals\\\/images\\\/headers-general\\\/shri-mataji-nirmala-devi-teaching-sahaja-yoga-meditation.jpg\",\"contentUrl\":\"https:\\\/\\\/shrimataji.org\\\/test\\\/wp-content\\\/uploads\\\/2018\\\/07\\\/media_originals\\\/images\\\/headers-general\\\/shri-mataji-nirmala-devi-teaching-sahaja-yoga-meditation.jpg\",\"width\":990,\"height\":350},{\"@type\":\"BreadcrumbList\",\"@id\":\"https:\\\/\\\/shrimataji.org\\\/test\\\/de\\\/lesezimmer\\\/#breadcrumb\",\"itemListElement\":[{\"@type\":\"ListItem\",\"position\":1,\"name\":\"Home\",\"item\":\"https:\\\/\\\/shrimataji.org\\\/test\\\/uk\\\/home-en\\\/\"},{\"@type\":\"ListItem\",\"position\":2,\"name\":\"Lesezimmer\"}]},{\"@type\":\"WebSite\",\"@id\":\"https:\\\/\\\/shrimataji.org\\\/test\\\/#website\",\"url\":\"https:\\\/\\\/shrimataji.org\\\/test\\\/\",\"name\":\"Shri Mataji Nirmala Devi\",\"description\":\"A Life Dedicated to Humanity\",\"publisher\":{\"@id\":\"https:\\\/\\\/shrimataji.org\\\/test\\\/#\\\/schema\\\/person\\\/a1b3419c6585f164aa96da1ff85715d1\"},\"potentialAction\":[{\"@type\":\"SearchAction\",\"target\":{\"@type\":\"EntryPoint\",\"urlTemplate\":\"https:\\\/\\\/shrimataji.org\\\/test\\\/?s={search_term_string}\"},\"query-input\":{\"@type\":\"PropertyValueSpecification\",\"valueRequired\":true,\"valueName\":\"search_term_string\"}}],\"inLanguage\":\"en-US\"},{\"@type\":[\"Person\",\"Organization\"],\"@id\":\"https:\\\/\\\/shrimataji.org\\\/test\\\/#\\\/schema\\\/person\\\/a1b3419c6585f164aa96da1ff85715d1\",\"name\":\"Nirmala Shrivastava\",\"image\":{\"@type\":\"ImageObject\",\"inLanguage\":\"en-US\",\"@id\":\"https:\\\/\\\/shrimataji.org\\\/test\\\/wp-content\\\/uploads\\\/2023\\\/02\\\/SMO_LOGO-03.svg\",\"url\":\"https:\\\/\\\/shrimataji.org\\\/test\\\/wp-content\\\/uploads\\\/2023\\\/02\\\/SMO_LOGO-03.svg\",\"contentUrl\":\"https:\\\/\\\/shrimataji.org\\\/test\\\/wp-content\\\/uploads\\\/2023\\\/02\\\/SMO_LOGO-03.svg\",\"width\":\"1024\",\"height\":\"1024\",\"caption\":\"Nirmala Shrivastava\"},\"logo\":{\"@id\":\"https:\\\/\\\/shrimataji.org\\\/test\\\/wp-content\\\/uploads\\\/2023\\\/02\\\/SMO_LOGO-03.svg\"},\"sameAs\":[\"https:\\\/\\\/shrimataji.org\\\/test\",\"https:\\\/\\\/www.facebook.com\\\/shrimataji\",\"https:\\\/\\\/x.com\\\/shrimataji\",\"https:\\\/\\\/www.youtube.com\\\/@Shri_Mataji_Nirmala_Devi\\\/featured\"]}]}<\/script>\n<!-- \/ Yoast SEO plugin. -->","yoast_head_json":{"title":"Lesezimmer - TEST - SMND","robots":{"index":"noindex","follow":"follow","max-snippet":"max-snippet:-1","max-image-preview":"max-image-preview:large","max-video-preview":"max-video-preview:-1"},"og_locale":"en_US","og_type":"article","og_title":"Lesezimmer - TEST - SMND","og_description":"Lesezimmer Den bedeutendsten Teil ihres Verm\u00e4chtnisses stellt vielleicht die umfangreiche Sammlung von Shri Matajis Reden, Presseinterviews, Vortr\u00e4gen, B\u00fcchern und kreativen Werken dar, die heute digital und zugunsten zuk\u00fcnftiger Generationen bewahrt werden k\u00f6nnen. Von 1970 bis zu ihrem Tod im Jahr 2011 reiste Shri Mataji durch sechs Kontinente und verbreitete die Botschaft, dass unabh\u00e4ngig von Herkunft&hellip; Read more","og_url":"https:\/\/shrimataji.org\/test\/de\/lesezimmer\/","og_site_name":"TEST - SMND","article_publisher":"https:\/\/www.facebook.com\/shrimataji","article_modified_time":"2024-04-27T01:15:17+00:00","og_image":[{"width":990,"height":350,"url":"https:\/\/shrimataji.org\/test\/wp-content\/uploads\/2018\/07\/media_originals\/images\/headers-general\/shri-mataji-nirmala-devi-teaching-sahaja-yoga-meditation.jpg","type":"image\/jpeg"}],"twitter_card":"summary_large_image","twitter_site":"@shrimataji","schema":{"@context":"https:\/\/schema.org","@graph":[{"@type":"WebPage","@id":"https:\/\/shrimataji.org\/test\/de\/lesezimmer\/","url":"https:\/\/shrimataji.org\/test\/de\/lesezimmer\/","name":"Lesezimmer - TEST - SMND","isPartOf":{"@id":"https:\/\/shrimataji.org\/test\/#website"},"primaryImageOfPage":{"@id":"https:\/\/shrimataji.org\/test\/de\/lesezimmer\/#primaryimage"},"image":{"@id":"https:\/\/shrimataji.org\/test\/de\/lesezimmer\/#primaryimage"},"thumbnailUrl":"https:\/\/shrimataji.org\/test\/wp-content\/uploads\/2018\/07\/media_originals\/images\/headers-general\/shri-mataji-nirmala-devi-teaching-sahaja-yoga-meditation.jpg","datePublished":"2018-07-10T06:54:46+00:00","dateModified":"2024-04-27T01:15:17+00:00","breadcrumb":{"@id":"https:\/\/shrimataji.org\/test\/de\/lesezimmer\/#breadcrumb"},"inLanguage":"en-US","potentialAction":[{"@type":"ReadAction","target":["https:\/\/shrimataji.org\/test\/de\/lesezimmer\/"]}]},{"@type":"ImageObject","inLanguage":"en-US","@id":"https:\/\/shrimataji.org\/test\/de\/lesezimmer\/#primaryimage","url":"https:\/\/shrimataji.org\/test\/wp-content\/uploads\/2018\/07\/media_originals\/images\/headers-general\/shri-mataji-nirmala-devi-teaching-sahaja-yoga-meditation.jpg","contentUrl":"https:\/\/shrimataji.org\/test\/wp-content\/uploads\/2018\/07\/media_originals\/images\/headers-general\/shri-mataji-nirmala-devi-teaching-sahaja-yoga-meditation.jpg","width":990,"height":350},{"@type":"BreadcrumbList","@id":"https:\/\/shrimataji.org\/test\/de\/lesezimmer\/#breadcrumb","itemListElement":[{"@type":"ListItem","position":1,"name":"Home","item":"https:\/\/shrimataji.org\/test\/uk\/home-en\/"},{"@type":"ListItem","position":2,"name":"Lesezimmer"}]},{"@type":"WebSite","@id":"https:\/\/shrimataji.org\/test\/#website","url":"https:\/\/shrimataji.org\/test\/","name":"Shri Mataji Nirmala Devi","description":"A Life Dedicated to Humanity","publisher":{"@id":"https:\/\/shrimataji.org\/test\/#\/schema\/person\/a1b3419c6585f164aa96da1ff85715d1"},"potentialAction":[{"@type":"SearchAction","target":{"@type":"EntryPoint","urlTemplate":"https:\/\/shrimataji.org\/test\/?s={search_term_string}"},"query-input":{"@type":"PropertyValueSpecification","valueRequired":true,"valueName":"search_term_string"}}],"inLanguage":"en-US"},{"@type":["Person","Organization"],"@id":"https:\/\/shrimataji.org\/test\/#\/schema\/person\/a1b3419c6585f164aa96da1ff85715d1","name":"Nirmala Shrivastava","image":{"@type":"ImageObject","inLanguage":"en-US","@id":"https:\/\/shrimataji.org\/test\/wp-content\/uploads\/2023\/02\/SMO_LOGO-03.svg","url":"https:\/\/shrimataji.org\/test\/wp-content\/uploads\/2023\/02\/SMO_LOGO-03.svg","contentUrl":"https:\/\/shrimataji.org\/test\/wp-content\/uploads\/2023\/02\/SMO_LOGO-03.svg","width":"1024","height":"1024","caption":"Nirmala Shrivastava"},"logo":{"@id":"https:\/\/shrimataji.org\/test\/wp-content\/uploads\/2023\/02\/SMO_LOGO-03.svg"},"sameAs":["https:\/\/shrimataji.org\/test","https:\/\/www.facebook.com\/shrimataji","https:\/\/x.com\/shrimataji","https:\/\/www.youtube.com\/@Shri_Mataji_Nirmala_Devi\/featured"]}]}},"lang":"de","translations":{"de":10683,"ur":37485,"en":415,"am":18060,"th":20035,"hu":19546,"sq":18461,"zh":17358,"tr":10199,"pt":10409,"fr":10781,"it":10879,"es":10976,"ja":11274,"ru":11462,"bn":11653,"te":11761,"sw":11884,"he":12032,"el":12324,"sk":12422,"fa":12520,"fi":12618,"bg":13455,"ro":14529,"cs":14722,"nl":16621,"ku":16781,"ar":16957,"be":18668,"kn":18942,"mr":20399,"uk":20693,"ml":20988,"ta":22779,"sv":23049,"gu":28891,"pa":29051,"fil":29497,"da":37796,"pl":38006,"nn":38348},"pll_sync_post":[],"_links":{"self":[{"href":"https:\/\/shrimataji.org\/test\/wp-json\/wp\/v2\/pages\/10683","targetHints":{"allow":["GET"]}}],"collection":[{"href":"https:\/\/shrimataji.org\/test\/wp-json\/wp\/v2\/pages"}],"about":[{"href":"https:\/\/shrimataji.org\/test\/wp-json\/wp\/v2\/types\/page"}],"author":[{"embeddable":true,"href":"https:\/\/shrimataji.org\/test\/wp-json\/wp\/v2\/users\/10"}],"replies":[{"embeddable":true,"href":"https:\/\/shrimataji.org\/test\/wp-json\/wp\/v2\/comments?post=10683"}],"version-history":[{"count":0,"href":"https:\/\/shrimataji.org\/test\/wp-json\/wp\/v2\/pages\/10683\/revisions"}],"wp:featuredmedia":[{"embeddable":true,"href":"https:\/\/shrimataji.org\/test\/wp-json\/wp\/v2\/media\/113"}],"wp:attachment":[{"href":"https:\/\/shrimataji.org\/test\/wp-json\/wp\/v2\/media?parent=10683"}],"curies":[{"name":"wp","href":"https:\/\/api.w.org\/{rel}","templated":true}]}}