{"id":10685,"date":"2020-04-20T17:46:08","date_gmt":"2020-04-20T17:46:08","guid":{"rendered":"https:\/\/testwordpress.nirmalnagari.org\/smnd\/?page_id=3434"},"modified":"2024-06-26T10:54:06","modified_gmt":"2024-06-26T10:54:06","slug":"sahaja-yoga_d","status":"publish","type":"page","link":"https:\/\/shrimataji.org\/test\/de\/sahaja-yoga_d\/","title":{"rendered":"Sahaja Yoga DE"},"content":{"rendered":"\n\n\t<h1>Sahaja Yoga<\/h1>\n<h2>Inneres Erwachen durch Selbst-Verwirklichung und Meditation<\/h2>\n<h4>Shri Mataji Nirmala Devi revolutionierte die Praxis des Yoga durch die Aktualisierung der Selbst-Verwirklichung im zentralen Nervensystem. In der Geschichte der Spiritualit\u00e4t war Shri Mataji die erste und einzige Person, die diese Erfahrung en masse angeboten hat. Die Selbst-Verwirklichung zu erhalten, sei ihr zufolge das Geburtsrecht aller Menschen &#8211; unabh\u00e4ngig von Religion, Ethnie, Nationalit\u00e4t oder sonstigen Umst\u00e4nden. Sie betonte ebenfalls, dass man f\u00fcr die Wahrheit oder Selbst-Erkenntnis nicht bezahlen k\u00f6nne, weshalb die Selbst-Verwirklichung immer kostenlos sein werde.<\/h4>\n<p>Shri Mataji wurde mit dem vollst\u00e4ndigen Bewusstsein der <a href=\"https:\/\/shrimataji.org\/test\/de\/selbst-verwirklichung\/\" target=\"_blank\" rel=\"noopener\">Selbst-Verwirklichung<\/a> geboren und wollte dieses kostbare Geschenk schon in jungen Jahren mit allen teilen. Ihr Vater erkannt dieses spirituelle Wunderkind und riet ihr, daf\u00fcr einen Weg zu finden, um zum Wohl der Menschheit ein gr\u00f6\u00dferes globales Publikum zu erreichen. Dies inspirierte Shri Mataji, die Menschen fast 50 Jahre lang im Zusammenleben mit ihnen zu studieren. Erst nachdem sie mit allen Permutationen und Kombinationen der menschlichen Psyche vertraut war, entschied sie sich, die \u00d6ffnung des siebten spirituellen Energiezentrums am Scheitel &#8211; des <a href=\"https:\/\/shrimataji.org\/test\/de\/sahasrara-de\/\" target=\"_blank\" rel=\"noopener\">Sahasrara Chakras &#8211;<\/a> in sich zuzulassen. Dies erm\u00f6glichte es ihr, ihre Lebensaufgabe zu erf\u00fcllen und die Selbst-Verwirklichung sowie die Meditationspraxis von Sahaja Yoga zu entwickeln und massenhaft zu verbreiten.<\/p>\n<p>Der <a href=\"https:\/\/shrimataji.org\/test\/de\/entscheidender-moment\/\" target=\"_blank\" rel=\"noopener\">5. Mai 1970<\/a> war ein historischer Durchbruch in der spirituellen Entwicklung der Menschheit. Das innere Erweckung durch Selbst-Verwirklichung und wahrhaftige Meditation waren nicht l\u00e4nger auf wenige begeisterte Yogameister beschr\u00e4nkt. Beides wurde f\u00fcr alle zug\u00e4nglich, die eine Antwort auf die Frage nach h\u00f6herem und buchst\u00e4blichem Selbst-Bewusstsein suchten. Der einzigartige Unterschied, den Shri Mataji in der Praxis des Yoga einbrachte, war vom ersten Tage an die Aktualisierung der Selbst-Verwirklichung. Zuvor war dies selbst nach jahre- oder jahrzehntelanger rigoroser Yogapraxis unter der eingehenden Anleitung eines Gurus nur selten m\u00f6glich. Das menschliche Bewusstsein habe Shri Mataji zufolge einen H\u00f6hepunkt im Evolutionsprozess erreicht und sei reif genug, um die spontane Selbst-Verwirklichung zu erlangen. Voraussetzung daf\u00fcr sei aber, dass ein autorisierter Meister die schlummernde spirituelle Ur-Energie aktivieren k\u00f6nne. Sie wird als <a href=\"https:\/\/shrimataji.org\/test\/de\/kundalini_de\/\" target=\"_blank\" rel=\"noopener\">Kundalini-Shakti<\/a> bezeichnet &#8211; was so viel bedeutet wie &#8220;die gewundene Energie der allesdurchdringenden g\u00f6ttlichen Kraft&#8221; &#8211; und residiert zun\u00e4chst ruhend an der Basis der Wirbels\u00e4ule.<\/p>\n<p>In den folgenden vier Jahrzehnten etablierte Shri Mataji die Praxis der Sahaja-Yoga-Meditation. Unabh\u00e4ngig von kulturell, religi\u00f6s, alters- oder bildungsbedingten Hintergr\u00fcnden konnte jeder diese Form der Meditation leicht praktizieren. Viele, die sich in Sahaja Yoga etabliert hatten, konnten auch das tiefe Geschenk der Selbst-Verwirklichung m\u00fchelos an andere weitergeben &#8211; so wie eine Kerze andere Kerzen anz\u00fcnden kann. Shri Mataji betonte, dass f\u00fcr die Weitergabe der Selbst-Verwirklichung oder des Sahaja-Yoga-Wissens kein Geld verlangt werden d\u00fcrfe. Damit legte sie den Grundstein f\u00fcr die wahre Selbst-Verwirklichung, die ihr Vater ihr schon als kleines Kind in Aussicht gestellt hatte.<\/p>\n<p>Die <a href=\"https:\/\/shrimataji.org\/test\/de\/sahaja-yoga-meditation-de\/\" target=\"_blank\" rel=\"noopener\">Sahaja-Yoga-Meditation<\/a> ist eine einfache, m\u00fchelose Technik, die sie entwickelte, um das angeborene Erwachen durch die Initiation die Selbst-Verwirklichung zu erm\u00f6glichen. Das Wort <em>sahaja<\/em> bedeutet sowohl &#8220;spontan&#8221; als auch &#8220;angeboren&#8221; und beschreibt die subtile Kundalini-Energie, die in jedem Menschen existiert. Entgegen der landl\u00e4ufigen Meinung bezeichnet Yoga keine Reihe von \u00dcbungen oder Haltungen, sondern bedeutet tats\u00e4chlich &#8220;sich verbinden, vereinigen oder verschmelzen&#8221;. Das Ziel des Yoga besteht darin, dem Einzelnen die wahre Natur des Selbst &#8211; oder des <em><a href=\"https:\/\/shrimataji.org\/test\/de\/atma-de\/\" target=\"_blank\" rel=\"noopener\">Atmas<\/a>,<\/em> der Reflexion des allesdurchdringenden Geistes &#8211; \u00a0bewusst zu machen und die vollst\u00e4ndige Vereinigung mit diesem neuen Bewusstsein zu erreichen. Wie ein Wassertropfen mit dem Ozean verschmilzt, vereinigt sich das individuelle Bewusstsein mit dem kollektiven Bewusstsein. Wenn diese Verbindung stattfindet, beschert die integrierende Kraft der Kundalini Gleichgewicht und Frieden sowohl auf individueller als auch auf kollektiver Ebene.<\/p>\n<div class=\"su-quote su-quote-style-default\"><div class=\"su-quote-inner su-u-clearfix su-u-trim\">Die Bedeutung von <em>Sahaja Yoga<\/em> wird besser verstanden, wenn wir es in seine Bestandteile zerlegen: <em>Saha<\/em> bedeutet &#8220;mit&#8221; und <em>ja<\/em> bedeutet &#8220;geboren&#8221;, und <em>Yoga<\/em> ist die &#8220;Vereinigung&#8221; oder &#8220;Methode&#8221;. <em>Sahaja Yoga<\/em> bedeutet also, dass die Technik, sich zu entwickeln, jedem von uns angeboren ist<\/div><\/div>.<\/p>\n\t\n\n","protected":false},"excerpt":{"rendered":"<p>Sahaja Yoga Inneres Erwachen durch Selbst-Verwirklichung und Meditation Shri Mataji Nirmala Devi revolutionierte die Praxis des Yoga durch die Aktualisierung der Selbst-Verwirklichung im zentralen Nervensystem. In der Geschichte der Spiritualit\u00e4t war Shri Mataji die erste und einzige Person, die diese Erfahrung en masse angeboten hat. Die Selbst-Verwirklichung zu erhalten, sei ihr zufolge das Geburtsrecht aller&hellip; <br \/> <a class=\"read-more\" href=\"https:\/\/shrimataji.org\/test\/de\/sahaja-yoga_d\/\">Read more<\/a><\/p>\n","protected":false},"author":10,"featured_media":8561,"parent":0,"menu_order":0,"comment_status":"closed","ping_status":"closed","template":"","meta":{"inline_featured_image":false,"footnotes":""},"class_list":["post-10685","page","type-page","status-publish","has-post-thumbnail","hentry"],"yoast_head":"<!-- This site is optimized with the Yoast SEO plugin v27.4 - https:\/\/yoast.com\/product\/yoast-seo-wordpress\/ -->\n<title>Sahaja Yoga DE - TEST - SMND<\/title>\n<meta name=\"robots\" content=\"noindex, follow, max-snippet:-1, max-image-preview:large, max-video-preview:-1\" \/>\n<meta property=\"og:locale\" content=\"en_US\" \/>\n<meta property=\"og:type\" content=\"article\" \/>\n<meta property=\"og:title\" content=\"Sahaja Yoga DE - TEST - SMND\" \/>\n<meta property=\"og:description\" content=\"Sahaja Yoga Inneres Erwachen durch Selbst-Verwirklichung und Meditation Shri Mataji Nirmala Devi revolutionierte die Praxis des Yoga durch die Aktualisierung der Selbst-Verwirklichung im zentralen Nervensystem. In der Geschichte der Spiritualit\u00e4t war Shri Mataji die erste und einzige Person, die diese Erfahrung en masse angeboten hat. Die Selbst-Verwirklichung zu erhalten, sei ihr zufolge das Geburtsrecht aller&hellip; Read more\" \/>\n<meta property=\"og:url\" content=\"https:\/\/shrimataji.org\/test\/de\/sahaja-yoga_d\/\" \/>\n<meta property=\"og:site_name\" content=\"TEST - SMND\" \/>\n<meta property=\"article:publisher\" content=\"https:\/\/www.facebook.com\/shrimataji\" \/>\n<meta property=\"article:modified_time\" content=\"2024-06-26T10:54:06+00:00\" \/>\n<meta property=\"og:image\" content=\"https:\/\/shrimataji.org\/test\/wp-content\/uploads\/2023\/02\/Banner-SY-SY-scaled.jpg\" \/>\n\t<meta property=\"og:image:width\" content=\"2560\" \/>\n\t<meta property=\"og:image:height\" content=\"905\" \/>\n\t<meta property=\"og:image:type\" content=\"image\/jpeg\" \/>\n<meta name=\"twitter:card\" content=\"summary_large_image\" \/>\n<meta name=\"twitter:site\" content=\"@shrimataji\" \/>\n<script type=\"application\/ld+json\" class=\"yoast-schema-graph\">{\"@context\":\"https:\\\/\\\/schema.org\",\"@graph\":[{\"@type\":\"WebPage\",\"@id\":\"https:\\\/\\\/shrimataji.org\\\/test\\\/de\\\/sahaja-yoga_d\\\/\",\"url\":\"https:\\\/\\\/shrimataji.org\\\/test\\\/de\\\/sahaja-yoga_d\\\/\",\"name\":\"Sahaja Yoga DE - TEST - SMND\",\"isPartOf\":{\"@id\":\"https:\\\/\\\/shrimataji.org\\\/test\\\/#website\"},\"primaryImageOfPage\":{\"@id\":\"https:\\\/\\\/shrimataji.org\\\/test\\\/de\\\/sahaja-yoga_d\\\/#primaryimage\"},\"image\":{\"@id\":\"https:\\\/\\\/shrimataji.org\\\/test\\\/de\\\/sahaja-yoga_d\\\/#primaryimage\"},\"thumbnailUrl\":\"https:\\\/\\\/shrimataji.org\\\/test\\\/wp-content\\\/uploads\\\/2023\\\/02\\\/Banner-SY-SY-scaled.jpg\",\"datePublished\":\"2020-04-20T17:46:08+00:00\",\"dateModified\":\"2024-06-26T10:54:06+00:00\",\"breadcrumb\":{\"@id\":\"https:\\\/\\\/shrimataji.org\\\/test\\\/de\\\/sahaja-yoga_d\\\/#breadcrumb\"},\"inLanguage\":\"en-US\",\"potentialAction\":[{\"@type\":\"ReadAction\",\"target\":[\"https:\\\/\\\/shrimataji.org\\\/test\\\/de\\\/sahaja-yoga_d\\\/\"]}]},{\"@type\":\"ImageObject\",\"inLanguage\":\"en-US\",\"@id\":\"https:\\\/\\\/shrimataji.org\\\/test\\\/de\\\/sahaja-yoga_d\\\/#primaryimage\",\"url\":\"https:\\\/\\\/shrimataji.org\\\/test\\\/wp-content\\\/uploads\\\/2023\\\/02\\\/Banner-SY-SY-scaled.jpg\",\"contentUrl\":\"https:\\\/\\\/shrimataji.org\\\/test\\\/wp-content\\\/uploads\\\/2023\\\/02\\\/Banner-SY-SY-scaled.jpg\",\"width\":2560,\"height\":905},{\"@type\":\"BreadcrumbList\",\"@id\":\"https:\\\/\\\/shrimataji.org\\\/test\\\/de\\\/sahaja-yoga_d\\\/#breadcrumb\",\"itemListElement\":[{\"@type\":\"ListItem\",\"position\":1,\"name\":\"Home\",\"item\":\"https:\\\/\\\/shrimataji.org\\\/test\\\/uk\\\/home-en\\\/\"},{\"@type\":\"ListItem\",\"position\":2,\"name\":\"Sahaja Yoga DE\"}]},{\"@type\":\"WebSite\",\"@id\":\"https:\\\/\\\/shrimataji.org\\\/test\\\/#website\",\"url\":\"https:\\\/\\\/shrimataji.org\\\/test\\\/\",\"name\":\"Shri Mataji Nirmala Devi\",\"description\":\"A Life Dedicated to Humanity\",\"publisher\":{\"@id\":\"https:\\\/\\\/shrimataji.org\\\/test\\\/#\\\/schema\\\/person\\\/a1b3419c6585f164aa96da1ff85715d1\"},\"potentialAction\":[{\"@type\":\"SearchAction\",\"target\":{\"@type\":\"EntryPoint\",\"urlTemplate\":\"https:\\\/\\\/shrimataji.org\\\/test\\\/?s={search_term_string}\"},\"query-input\":{\"@type\":\"PropertyValueSpecification\",\"valueRequired\":true,\"valueName\":\"search_term_string\"}}],\"inLanguage\":\"en-US\"},{\"@type\":[\"Person\",\"Organization\"],\"@id\":\"https:\\\/\\\/shrimataji.org\\\/test\\\/#\\\/schema\\\/person\\\/a1b3419c6585f164aa96da1ff85715d1\",\"name\":\"Nirmala Shrivastava\",\"image\":{\"@type\":\"ImageObject\",\"inLanguage\":\"en-US\",\"@id\":\"https:\\\/\\\/shrimataji.org\\\/test\\\/wp-content\\\/uploads\\\/2023\\\/02\\\/SMO_LOGO-03.svg\",\"url\":\"https:\\\/\\\/shrimataji.org\\\/test\\\/wp-content\\\/uploads\\\/2023\\\/02\\\/SMO_LOGO-03.svg\",\"contentUrl\":\"https:\\\/\\\/shrimataji.org\\\/test\\\/wp-content\\\/uploads\\\/2023\\\/02\\\/SMO_LOGO-03.svg\",\"width\":\"1024\",\"height\":\"1024\",\"caption\":\"Nirmala Shrivastava\"},\"logo\":{\"@id\":\"https:\\\/\\\/shrimataji.org\\\/test\\\/wp-content\\\/uploads\\\/2023\\\/02\\\/SMO_LOGO-03.svg\"},\"sameAs\":[\"https:\\\/\\\/shrimataji.org\\\/test\",\"https:\\\/\\\/www.facebook.com\\\/shrimataji\",\"https:\\\/\\\/x.com\\\/shrimataji\",\"https:\\\/\\\/www.youtube.com\\\/@Shri_Mataji_Nirmala_Devi\\\/featured\"]}]}<\/script>\n<!-- \/ Yoast SEO plugin. -->","yoast_head_json":{"title":"Sahaja Yoga DE - TEST - SMND","robots":{"index":"noindex","follow":"follow","max-snippet":"max-snippet:-1","max-image-preview":"max-image-preview:large","max-video-preview":"max-video-preview:-1"},"og_locale":"en_US","og_type":"article","og_title":"Sahaja Yoga DE - TEST - SMND","og_description":"Sahaja Yoga Inneres Erwachen durch Selbst-Verwirklichung und Meditation Shri Mataji Nirmala Devi revolutionierte die Praxis des Yoga durch die Aktualisierung der Selbst-Verwirklichung im zentralen Nervensystem. In der Geschichte der Spiritualit\u00e4t war Shri Mataji die erste und einzige Person, die diese Erfahrung en masse angeboten hat. Die Selbst-Verwirklichung zu erhalten, sei ihr zufolge das Geburtsrecht aller&hellip; Read more","og_url":"https:\/\/shrimataji.org\/test\/de\/sahaja-yoga_d\/","og_site_name":"TEST - SMND","article_publisher":"https:\/\/www.facebook.com\/shrimataji","article_modified_time":"2024-06-26T10:54:06+00:00","og_image":[{"width":2560,"height":905,"url":"https:\/\/shrimataji.org\/test\/wp-content\/uploads\/2023\/02\/Banner-SY-SY-scaled.jpg","type":"image\/jpeg"}],"twitter_card":"summary_large_image","twitter_site":"@shrimataji","schema":{"@context":"https:\/\/schema.org","@graph":[{"@type":"WebPage","@id":"https:\/\/shrimataji.org\/test\/de\/sahaja-yoga_d\/","url":"https:\/\/shrimataji.org\/test\/de\/sahaja-yoga_d\/","name":"Sahaja Yoga DE - TEST - SMND","isPartOf":{"@id":"https:\/\/shrimataji.org\/test\/#website"},"primaryImageOfPage":{"@id":"https:\/\/shrimataji.org\/test\/de\/sahaja-yoga_d\/#primaryimage"},"image":{"@id":"https:\/\/shrimataji.org\/test\/de\/sahaja-yoga_d\/#primaryimage"},"thumbnailUrl":"https:\/\/shrimataji.org\/test\/wp-content\/uploads\/2023\/02\/Banner-SY-SY-scaled.jpg","datePublished":"2020-04-20T17:46:08+00:00","dateModified":"2024-06-26T10:54:06+00:00","breadcrumb":{"@id":"https:\/\/shrimataji.org\/test\/de\/sahaja-yoga_d\/#breadcrumb"},"inLanguage":"en-US","potentialAction":[{"@type":"ReadAction","target":["https:\/\/shrimataji.org\/test\/de\/sahaja-yoga_d\/"]}]},{"@type":"ImageObject","inLanguage":"en-US","@id":"https:\/\/shrimataji.org\/test\/de\/sahaja-yoga_d\/#primaryimage","url":"https:\/\/shrimataji.org\/test\/wp-content\/uploads\/2023\/02\/Banner-SY-SY-scaled.jpg","contentUrl":"https:\/\/shrimataji.org\/test\/wp-content\/uploads\/2023\/02\/Banner-SY-SY-scaled.jpg","width":2560,"height":905},{"@type":"BreadcrumbList","@id":"https:\/\/shrimataji.org\/test\/de\/sahaja-yoga_d\/#breadcrumb","itemListElement":[{"@type":"ListItem","position":1,"name":"Home","item":"https:\/\/shrimataji.org\/test\/uk\/home-en\/"},{"@type":"ListItem","position":2,"name":"Sahaja Yoga DE"}]},{"@type":"WebSite","@id":"https:\/\/shrimataji.org\/test\/#website","url":"https:\/\/shrimataji.org\/test\/","name":"Shri Mataji Nirmala Devi","description":"A Life Dedicated to Humanity","publisher":{"@id":"https:\/\/shrimataji.org\/test\/#\/schema\/person\/a1b3419c6585f164aa96da1ff85715d1"},"potentialAction":[{"@type":"SearchAction","target":{"@type":"EntryPoint","urlTemplate":"https:\/\/shrimataji.org\/test\/?s={search_term_string}"},"query-input":{"@type":"PropertyValueSpecification","valueRequired":true,"valueName":"search_term_string"}}],"inLanguage":"en-US"},{"@type":["Person","Organization"],"@id":"https:\/\/shrimataji.org\/test\/#\/schema\/person\/a1b3419c6585f164aa96da1ff85715d1","name":"Nirmala Shrivastava","image":{"@type":"ImageObject","inLanguage":"en-US","@id":"https:\/\/shrimataji.org\/test\/wp-content\/uploads\/2023\/02\/SMO_LOGO-03.svg","url":"https:\/\/shrimataji.org\/test\/wp-content\/uploads\/2023\/02\/SMO_LOGO-03.svg","contentUrl":"https:\/\/shrimataji.org\/test\/wp-content\/uploads\/2023\/02\/SMO_LOGO-03.svg","width":"1024","height":"1024","caption":"Nirmala Shrivastava"},"logo":{"@id":"https:\/\/shrimataji.org\/test\/wp-content\/uploads\/2023\/02\/SMO_LOGO-03.svg"},"sameAs":["https:\/\/shrimataji.org\/test","https:\/\/www.facebook.com\/shrimataji","https:\/\/x.com\/shrimataji","https:\/\/www.youtube.com\/@Shri_Mataji_Nirmala_Devi\/featured"]}]}},"lang":"de","translations":{"de":10685,"ur":37488,"en":3434,"pa":25904,"gu":25507,"th":20040,"hu":19550,"sq":18464,"zh":17361,"tr":10201,"pt":10411,"fr":10783,"it":10881,"es":10978,"ja":11276,"ru":11464,"bn":11655,"te":11763,"sw":11886,"he":12034,"el":12326,"sk":12424,"fa":12522,"fi":12620,"bg":13428,"ro":14502,"cs":14695,"nl":16624,"ku":16784,"ar":16960,"be":18671,"kn":18945,"mr":20404,"uk":20698,"ml":20993,"ta":22782,"sv":23052,"bs":27292,"fil":29500,"sd":31004,"da":37798,"pl":38008,"nn":38350},"pll_sync_post":[],"_links":{"self":[{"href":"https:\/\/shrimataji.org\/test\/wp-json\/wp\/v2\/pages\/10685","targetHints":{"allow":["GET"]}}],"collection":[{"href":"https:\/\/shrimataji.org\/test\/wp-json\/wp\/v2\/pages"}],"about":[{"href":"https:\/\/shrimataji.org\/test\/wp-json\/wp\/v2\/types\/page"}],"author":[{"embeddable":true,"href":"https:\/\/shrimataji.org\/test\/wp-json\/wp\/v2\/users\/10"}],"replies":[{"embeddable":true,"href":"https:\/\/shrimataji.org\/test\/wp-json\/wp\/v2\/comments?post=10685"}],"version-history":[{"count":0,"href":"https:\/\/shrimataji.org\/test\/wp-json\/wp\/v2\/pages\/10685\/revisions"}],"wp:featuredmedia":[{"embeddable":true,"href":"https:\/\/shrimataji.org\/test\/wp-json\/wp\/v2\/media\/8561"}],"wp:attachment":[{"href":"https:\/\/shrimataji.org\/test\/wp-json\/wp\/v2\/media?parent=10685"}],"curies":[{"name":"wp","href":"https:\/\/api.w.org\/{rel}","templated":true}]}}