{"id":10688,"date":"2022-01-23T03:06:21","date_gmt":"2022-01-23T03:06:21","guid":{"rendered":"https:\/\/test.shrimataji.org\/?page_id=6275"},"modified":"2024-04-27T01:15:18","modified_gmt":"2024-04-27T01:15:18","slug":"sahaja-yoga-meditation-de","status":"publish","type":"page","link":"https:\/\/shrimataji.org\/test\/de\/sahaja-yoga-meditation-de\/","title":{"rendered":"Sahaja-Yoga-Meditation"},"content":{"rendered":"\n\n\t<h1>Sahaja-Yoga-Meditation<\/h1>\n<h2>Die Kraft der inneren Stille<\/h2>\n<div class=\"su-quote su-quote-style-default\"><div class=\"su-quote-inner su-u-clearfix su-u-trim\"> Ihr k\u00f6nnt Meditation nicht tun. Ihr m\u00fcsst in Meditation sein und meditativ werden. Ihr seid die ganze Zeit in Meditation.<\/div><\/div>\n\t<h4>Meditation ist ein Begriff, der auf zahllose Arten definiert und interpretiert wurde &#8211; von tiefem Nachdenken \u00fcber ein Thema bis hin zum stillen Sitzen mit geschlossenen Augen und konzentrierter Aufmerksamkeit.<\/h4>\nMeditation in Sahaja Yoga basiert auf der sogenannten <a href=\"https:\/\/shrimataji.org\/test\/de\/selbst-verwirklichung\/\" target=\"_blank\" rel=\"noopener\">Selbst-Verwirklichung<\/a>. Dies geschieht durch die Erweckung der subtilen inneren Energie der <a href=\"https:\/\/shrimataji.org\/test\/de\/kundalini_de\/\" target=\"_blank\" rel=\"noopener\">Kundalini<\/a> im Menschen. Es stellt sich ein Zustand ein, der als <em>Nirvichara Samadhi<\/em> oder &#8220;gedankenfreie Bewusstsein&#8221; bekannt ist. Befreit von den turbulenten Wellen der Gedanken und Emotionen, kommt der Geist wie ein friedlicher See zur Ruhe. Doch man ist sich der gl\u00fcckseligen inneren Freude des <a href=\"https:\/\/shrimataji.org\/test\/de\/atma-de\/\" target=\"_blank\" rel=\"noopener\">Atmas<\/a>, des ewigen, allesdurchdringenden Geistes voll bewusst.&#8221;<a href=\"#footnote-1\"><sup>[1]<\/sup><\/a><br \/>\n.\n\t\t\t\t<a href=\"https:\/\/shrimataji.org\/test\/wp-content\/uploads\/2023\/02\/00_Subtle-System-01.png\" target=\"_blank\" rel=\"noopener\">\n\t\t\t\t<img loading=\"lazy\" decoding=\"async\" src=\"https:\/\/shrimataji.org\/test\/wp-content\/uploads\/2024\/04\/DE_Subtle-System.png\" alt=\"DE_Subtle System\" height=\"1578\" width=\"1544\" title=\"DE_Subtle System\" \/>\n\t\t\t\t<\/a>\n\t<p>Je mehr Str\u00e4nge der Kundalini durch die Wirbels\u00e4ule aufsteigen und die <a href=\"https:\/\/shrimataji.org\/test\/de\/chakren-und-qualitaeten\/\" target=\"_blank\" rel=\"noopener\">Chakren<\/a>\u00a0und <a href=\"https:\/\/shrimataji.org\/test\/de\/nadis-gunas\/\" target=\"_blank\" rel=\"noopener\">Nadis <\/a>erleuchten, desto m\u00fcheloser werden sich die Meditierenden des Zustands ihres feinstofflichen Systems bewusst. Sie sp\u00fcren eine k\u00fchle Brise, die ihren ganzen K\u00f6rper umh\u00fcllt und insbesondere \u00fcber dem Bereich der Fontanelle und an den H\u00e4nden. In nur wenigen Wochen kann man nicht nur das Bewusstsein f\u00fcr das eigene feinstoffliche System meistern, sondern auch eine ausreichende Sensibilit\u00e4t entwickeln, um die Energien der Umgebung und sogar den Zustand des feinstofflichen Systems von Personen in der Umgebung zu sp\u00fcren.<\/p>\n\t\n\t<p>Die Praxis der Meditation im Sahaja Yoga ist einfach und kann zu Hause oder im B\u00fcro, alleine oder mit anderen durchgef\u00fchrt werden. Shri Mataji betonte, es sei nicht notwendig, eine Organisation zu hinterlassen, um spirituelle Erleuchtung zu erlangen. Die Grundlage der Methode ist die Erweckung der Energie, die in jedem Menschen vorhanden ist, und es geht um die individuelle Entscheidung, diese Gelegenheit zu ergreifen und zu praktizieren. Es handelt sich um eine Erfahrung und nicht um eine \u00dcbung von Achtsamkeit oder Konzentration.<\/p>\n\t<div class=\"su-quote su-quote-style-default\"><div class=\"su-quote-inner su-u-clearfix su-u-trim\">Meditation funktioniert am besten, wenn ihr euch in keiner Weise anstrengt.<\/div><\/div>\n\t<p>Australische und indische medizinische Studien zeigten, dass die Heilungsmechanismen des K\u00f6rpers aktiviert werden, wenn man im gedankenfreien Bewusstsein meditiert. Diese Effekte stellen sich dagegen nicht ein, wenn man einfache Entspannungsmethoden wie tiefes Atmen oder Visualisierung praktiziert.<\/p>\n<p>Entspannungsmethoden sind wirksam bei der Reduzierung von Stress, zeigten aber keine quantifizierbaren medizinischen Ergebnisse im Vergleich zur Sahaja-Yoga-Meditation.<a href=\"#footnote-1\"><sup>[1]<\/sup><\/a><\/p>\n\t\n\t<p>Ein spezifisches Merkmal der Sahaja-Yoga-Meditation ist die Tatsache, dass sie nicht nur einen einzigen und vorgeschriebenen Weg zur Spiritualit\u00e4t anbietet. Es gibt keine di\u00e4tetischen Einschr\u00e4nkungen oder religi\u00f6sen Verpflichtungen. Alle Praktizierenden haben die M\u00f6glichkeit, ihren Weg, das Tempo ihres Fortschritts und ihre spirituellen Ziele selbst zu w\u00e4hlen. Niemand wird gezwungen, einen bestimmten Weg einzuschlagen und es gibt keinen vorgeschriebenen Einstiegspunkt. Alle selbst gestalteten Wege sind flexibel und lebendige Prozesse, die sich an spezifische Bed\u00fcrfnisse oder Umst\u00e4nde anpassen lassen.<a href=\"#footnote-2\"><sup>[2]<\/sup><\/a><\/p>\n\t<p>Auf der ganzen Welt wurden <a href=\"https:\/\/shrimataji.org\/test\/de\/zentren-weltweit\/\" target=\"_blank\" rel=\"noopener\">Sahaja-Yoga-Meditations-Zentren<\/a> eingerichtet, in denen die von Shri Mataji eingef\u00fchrt Methode kostenlos gelehrt wird.<\/p>\n\t [1] Manocha, R. (2008): Does Meditation Have a Specific Effect?: A Systematic Experimental Evaluation of a Mental Silence Orientated Definition, UNSW, Australia; online: https:\/\/api.core.ac.uk\/oai\/oai:unsworks.library.unsw.edu.au:1959.4\/43564;<br \/>\nMonacha, R. (2013): <a href=\"https:\/\/www.sahajbooks.org\/collection\/silence-your-mind\" target=\"_blank\" rel=\"noopener\">Silence Your Mind (E-Book)<\/a>, <a>Hachette, Australia;<br \/>\nManocha, R., Purdie, A., Golosheykin, S. and K. Rubia: <\/a>Researching Meditation &#8211; The scientific study of thoughtless awareness associated with the practice of Sahaja Yoga Meditation; online: https:\/\/researchingmeditation.org\/.\n<p><a id=\"footnote-2\"><\/a> [2] Powell, N. T. (2005): <a href=\"https:\/\/www.sahajbooks.org\/collection\/SAHAJA-YOGA-MEDITATION\" target=\"_blank\" rel=\"noopener\">Sahaja Yoga Meditation<\/a>, Corvalis, London.<\/p>\n\n","protected":false},"excerpt":{"rendered":"<p>Sahaja-Yoga-Meditation Die Kraft der inneren Stille Meditation ist ein Begriff, der auf zahllose Arten definiert und interpretiert wurde &#8211; von tiefem Nachdenken \u00fcber ein Thema bis hin zum stillen Sitzen mit geschlossenen Augen und konzentrierter Aufmerksamkeit. Meditation in Sahaja Yoga basiert auf der sogenannten Selbst-Verwirklichung. Dies geschieht durch die Erweckung der subtilen inneren Energie der&hellip; <br \/> <a class=\"read-more\" href=\"https:\/\/shrimataji.org\/test\/de\/sahaja-yoga-meditation-de\/\">Read more<\/a><\/p>\n","protected":false},"author":10,"featured_media":9266,"parent":0,"menu_order":0,"comment_status":"closed","ping_status":"closed","template":"","meta":{"inline_featured_image":false,"footnotes":""},"class_list":["post-10688","page","type-page","status-publish","has-post-thumbnail","hentry"],"yoast_head":"<!-- This site is optimized with the Yoast SEO plugin v27.4 - https:\/\/yoast.com\/product\/yoast-seo-wordpress\/ -->\n<title>Sahaja-Yoga-Meditation - TEST - SMND<\/title>\n<meta name=\"robots\" content=\"noindex, follow, max-snippet:-1, max-image-preview:large, max-video-preview:-1\" \/>\n<meta property=\"og:locale\" content=\"en_US\" \/>\n<meta property=\"og:type\" content=\"article\" \/>\n<meta property=\"og:title\" content=\"Sahaja-Yoga-Meditation - TEST - SMND\" \/>\n<meta property=\"og:description\" content=\"Sahaja-Yoga-Meditation Die Kraft der inneren Stille Meditation ist ein Begriff, der auf zahllose Arten definiert und interpretiert wurde &#8211; von tiefem Nachdenken \u00fcber ein Thema bis hin zum stillen Sitzen mit geschlossenen Augen und konzentrierter Aufmerksamkeit. Meditation in Sahaja Yoga basiert auf der sogenannten Selbst-Verwirklichung. Dies geschieht durch die Erweckung der subtilen inneren Energie der&hellip; Read more\" \/>\n<meta property=\"og:url\" content=\"https:\/\/shrimataji.org\/test\/de\/sahaja-yoga-meditation-de\/\" \/>\n<meta property=\"og:site_name\" content=\"TEST - SMND\" \/>\n<meta property=\"article:publisher\" content=\"https:\/\/www.facebook.com\/shrimataji\" \/>\n<meta property=\"article:modified_time\" content=\"2024-04-27T01:15:18+00:00\" \/>\n<meta property=\"og:image\" content=\"https:\/\/shrimataji.org\/test\/wp-content\/uploads\/2023\/03\/4_Banner-SY-SYMedit-scaled.jpg\" \/>\n\t<meta property=\"og:image:width\" content=\"2560\" \/>\n\t<meta property=\"og:image:height\" content=\"905\" \/>\n\t<meta property=\"og:image:type\" content=\"image\/jpeg\" \/>\n<meta name=\"twitter:card\" content=\"summary_large_image\" \/>\n<meta name=\"twitter:site\" content=\"@shrimataji\" \/>\n<meta name=\"twitter:label1\" content=\"Est. reading time\" \/>\n\t<meta name=\"twitter:data1\" content=\"3 minutes\" \/>\n<script type=\"application\/ld+json\" class=\"yoast-schema-graph\">{\"@context\":\"https:\\\/\\\/schema.org\",\"@graph\":[{\"@type\":\"WebPage\",\"@id\":\"https:\\\/\\\/shrimataji.org\\\/test\\\/de\\\/sahaja-yoga-meditation-de\\\/\",\"url\":\"https:\\\/\\\/shrimataji.org\\\/test\\\/de\\\/sahaja-yoga-meditation-de\\\/\",\"name\":\"Sahaja-Yoga-Meditation - TEST - SMND\",\"isPartOf\":{\"@id\":\"https:\\\/\\\/shrimataji.org\\\/test\\\/#website\"},\"primaryImageOfPage\":{\"@id\":\"https:\\\/\\\/shrimataji.org\\\/test\\\/de\\\/sahaja-yoga-meditation-de\\\/#primaryimage\"},\"image\":{\"@id\":\"https:\\\/\\\/shrimataji.org\\\/test\\\/de\\\/sahaja-yoga-meditation-de\\\/#primaryimage\"},\"thumbnailUrl\":\"https:\\\/\\\/shrimataji.org\\\/test\\\/wp-content\\\/uploads\\\/2023\\\/03\\\/4_Banner-SY-SYMedit-scaled.jpg\",\"datePublished\":\"2022-01-23T03:06:21+00:00\",\"dateModified\":\"2024-04-27T01:15:18+00:00\",\"breadcrumb\":{\"@id\":\"https:\\\/\\\/shrimataji.org\\\/test\\\/de\\\/sahaja-yoga-meditation-de\\\/#breadcrumb\"},\"inLanguage\":\"en-US\",\"potentialAction\":[{\"@type\":\"ReadAction\",\"target\":[\"https:\\\/\\\/shrimataji.org\\\/test\\\/de\\\/sahaja-yoga-meditation-de\\\/\"]}]},{\"@type\":\"ImageObject\",\"inLanguage\":\"en-US\",\"@id\":\"https:\\\/\\\/shrimataji.org\\\/test\\\/de\\\/sahaja-yoga-meditation-de\\\/#primaryimage\",\"url\":\"https:\\\/\\\/shrimataji.org\\\/test\\\/wp-content\\\/uploads\\\/2023\\\/03\\\/4_Banner-SY-SYMedit-scaled.jpg\",\"contentUrl\":\"https:\\\/\\\/shrimataji.org\\\/test\\\/wp-content\\\/uploads\\\/2023\\\/03\\\/4_Banner-SY-SYMedit-scaled.jpg\",\"width\":2560,\"height\":905},{\"@type\":\"BreadcrumbList\",\"@id\":\"https:\\\/\\\/shrimataji.org\\\/test\\\/de\\\/sahaja-yoga-meditation-de\\\/#breadcrumb\",\"itemListElement\":[{\"@type\":\"ListItem\",\"position\":1,\"name\":\"Home\",\"item\":\"https:\\\/\\\/shrimataji.org\\\/test\\\/uk\\\/home-en\\\/\"},{\"@type\":\"ListItem\",\"position\":2,\"name\":\"Sahaja-Yoga-Meditation\"}]},{\"@type\":\"WebSite\",\"@id\":\"https:\\\/\\\/shrimataji.org\\\/test\\\/#website\",\"url\":\"https:\\\/\\\/shrimataji.org\\\/test\\\/\",\"name\":\"Shri Mataji Nirmala Devi\",\"description\":\"A Life Dedicated to Humanity\",\"publisher\":{\"@id\":\"https:\\\/\\\/shrimataji.org\\\/test\\\/#\\\/schema\\\/person\\\/a1b3419c6585f164aa96da1ff85715d1\"},\"potentialAction\":[{\"@type\":\"SearchAction\",\"target\":{\"@type\":\"EntryPoint\",\"urlTemplate\":\"https:\\\/\\\/shrimataji.org\\\/test\\\/?s={search_term_string}\"},\"query-input\":{\"@type\":\"PropertyValueSpecification\",\"valueRequired\":true,\"valueName\":\"search_term_string\"}}],\"inLanguage\":\"en-US\"},{\"@type\":[\"Person\",\"Organization\"],\"@id\":\"https:\\\/\\\/shrimataji.org\\\/test\\\/#\\\/schema\\\/person\\\/a1b3419c6585f164aa96da1ff85715d1\",\"name\":\"Nirmala Shrivastava\",\"image\":{\"@type\":\"ImageObject\",\"inLanguage\":\"en-US\",\"@id\":\"https:\\\/\\\/shrimataji.org\\\/test\\\/wp-content\\\/uploads\\\/2023\\\/02\\\/SMO_LOGO-03.svg\",\"url\":\"https:\\\/\\\/shrimataji.org\\\/test\\\/wp-content\\\/uploads\\\/2023\\\/02\\\/SMO_LOGO-03.svg\",\"contentUrl\":\"https:\\\/\\\/shrimataji.org\\\/test\\\/wp-content\\\/uploads\\\/2023\\\/02\\\/SMO_LOGO-03.svg\",\"width\":\"1024\",\"height\":\"1024\",\"caption\":\"Nirmala Shrivastava\"},\"logo\":{\"@id\":\"https:\\\/\\\/shrimataji.org\\\/test\\\/wp-content\\\/uploads\\\/2023\\\/02\\\/SMO_LOGO-03.svg\"},\"sameAs\":[\"https:\\\/\\\/shrimataji.org\\\/test\",\"https:\\\/\\\/www.facebook.com\\\/shrimataji\",\"https:\\\/\\\/x.com\\\/shrimataji\",\"https:\\\/\\\/www.youtube.com\\\/@Shri_Mataji_Nirmala_Devi\\\/featured\"]}]}<\/script>\n<!-- \/ Yoast SEO plugin. -->","yoast_head_json":{"title":"Sahaja-Yoga-Meditation - TEST - SMND","robots":{"index":"noindex","follow":"follow","max-snippet":"max-snippet:-1","max-image-preview":"max-image-preview:large","max-video-preview":"max-video-preview:-1"},"og_locale":"en_US","og_type":"article","og_title":"Sahaja-Yoga-Meditation - TEST - SMND","og_description":"Sahaja-Yoga-Meditation Die Kraft der inneren Stille Meditation ist ein Begriff, der auf zahllose Arten definiert und interpretiert wurde &#8211; von tiefem Nachdenken \u00fcber ein Thema bis hin zum stillen Sitzen mit geschlossenen Augen und konzentrierter Aufmerksamkeit. Meditation in Sahaja Yoga basiert auf der sogenannten Selbst-Verwirklichung. Dies geschieht durch die Erweckung der subtilen inneren Energie der&hellip; Read more","og_url":"https:\/\/shrimataji.org\/test\/de\/sahaja-yoga-meditation-de\/","og_site_name":"TEST - SMND","article_publisher":"https:\/\/www.facebook.com\/shrimataji","article_modified_time":"2024-04-27T01:15:18+00:00","og_image":[{"width":2560,"height":905,"url":"https:\/\/shrimataji.org\/test\/wp-content\/uploads\/2023\/03\/4_Banner-SY-SYMedit-scaled.jpg","type":"image\/jpeg"}],"twitter_card":"summary_large_image","twitter_site":"@shrimataji","twitter_misc":{"Est. reading time":"3 minutes"},"schema":{"@context":"https:\/\/schema.org","@graph":[{"@type":"WebPage","@id":"https:\/\/shrimataji.org\/test\/de\/sahaja-yoga-meditation-de\/","url":"https:\/\/shrimataji.org\/test\/de\/sahaja-yoga-meditation-de\/","name":"Sahaja-Yoga-Meditation - TEST - SMND","isPartOf":{"@id":"https:\/\/shrimataji.org\/test\/#website"},"primaryImageOfPage":{"@id":"https:\/\/shrimataji.org\/test\/de\/sahaja-yoga-meditation-de\/#primaryimage"},"image":{"@id":"https:\/\/shrimataji.org\/test\/de\/sahaja-yoga-meditation-de\/#primaryimage"},"thumbnailUrl":"https:\/\/shrimataji.org\/test\/wp-content\/uploads\/2023\/03\/4_Banner-SY-SYMedit-scaled.jpg","datePublished":"2022-01-23T03:06:21+00:00","dateModified":"2024-04-27T01:15:18+00:00","breadcrumb":{"@id":"https:\/\/shrimataji.org\/test\/de\/sahaja-yoga-meditation-de\/#breadcrumb"},"inLanguage":"en-US","potentialAction":[{"@type":"ReadAction","target":["https:\/\/shrimataji.org\/test\/de\/sahaja-yoga-meditation-de\/"]}]},{"@type":"ImageObject","inLanguage":"en-US","@id":"https:\/\/shrimataji.org\/test\/de\/sahaja-yoga-meditation-de\/#primaryimage","url":"https:\/\/shrimataji.org\/test\/wp-content\/uploads\/2023\/03\/4_Banner-SY-SYMedit-scaled.jpg","contentUrl":"https:\/\/shrimataji.org\/test\/wp-content\/uploads\/2023\/03\/4_Banner-SY-SYMedit-scaled.jpg","width":2560,"height":905},{"@type":"BreadcrumbList","@id":"https:\/\/shrimataji.org\/test\/de\/sahaja-yoga-meditation-de\/#breadcrumb","itemListElement":[{"@type":"ListItem","position":1,"name":"Home","item":"https:\/\/shrimataji.org\/test\/uk\/home-en\/"},{"@type":"ListItem","position":2,"name":"Sahaja-Yoga-Meditation"}]},{"@type":"WebSite","@id":"https:\/\/shrimataji.org\/test\/#website","url":"https:\/\/shrimataji.org\/test\/","name":"Shri Mataji Nirmala Devi","description":"A Life Dedicated to Humanity","publisher":{"@id":"https:\/\/shrimataji.org\/test\/#\/schema\/person\/a1b3419c6585f164aa96da1ff85715d1"},"potentialAction":[{"@type":"SearchAction","target":{"@type":"EntryPoint","urlTemplate":"https:\/\/shrimataji.org\/test\/?s={search_term_string}"},"query-input":{"@type":"PropertyValueSpecification","valueRequired":true,"valueName":"search_term_string"}}],"inLanguage":"en-US"},{"@type":["Person","Organization"],"@id":"https:\/\/shrimataji.org\/test\/#\/schema\/person\/a1b3419c6585f164aa96da1ff85715d1","name":"Nirmala Shrivastava","image":{"@type":"ImageObject","inLanguage":"en-US","@id":"https:\/\/shrimataji.org\/test\/wp-content\/uploads\/2023\/02\/SMO_LOGO-03.svg","url":"https:\/\/shrimataji.org\/test\/wp-content\/uploads\/2023\/02\/SMO_LOGO-03.svg","contentUrl":"https:\/\/shrimataji.org\/test\/wp-content\/uploads\/2023\/02\/SMO_LOGO-03.svg","width":"1024","height":"1024","caption":"Nirmala Shrivastava"},"logo":{"@id":"https:\/\/shrimataji.org\/test\/wp-content\/uploads\/2023\/02\/SMO_LOGO-03.svg"},"sameAs":["https:\/\/shrimataji.org\/test","https:\/\/www.facebook.com\/shrimataji","https:\/\/x.com\/shrimataji","https:\/\/www.youtube.com\/@Shri_Mataji_Nirmala_Devi\/featured"]}]}},"lang":"de","translations":{"de":10688,"ur":37492,"en":7044,"am":18067,"th":20046,"hu":19555,"sq":18468,"zh":17365,"hi":8368,"tr":10204,"pt":10414,"fr":10786,"it":10884,"es":10981,"ja":11279,"ru":11467,"bn":11658,"te":11766,"sw":11889,"he":12037,"el":12329,"sk":12427,"fa":12525,"fi":12623,"bg":13411,"ro":14485,"cs":14678,"nl":16628,"ku":16788,"ar":16964,"be":18675,"kn":18949,"mr":20410,"uk":20704,"ml":20999,"ta":22786,"sv":23056,"gu":28896,"pa":29056,"fil":29504,"sd":31006,"da":37802,"pl":38012,"nn":38354},"pll_sync_post":[],"_links":{"self":[{"href":"https:\/\/shrimataji.org\/test\/wp-json\/wp\/v2\/pages\/10688","targetHints":{"allow":["GET"]}}],"collection":[{"href":"https:\/\/shrimataji.org\/test\/wp-json\/wp\/v2\/pages"}],"about":[{"href":"https:\/\/shrimataji.org\/test\/wp-json\/wp\/v2\/types\/page"}],"author":[{"embeddable":true,"href":"https:\/\/shrimataji.org\/test\/wp-json\/wp\/v2\/users\/10"}],"replies":[{"embeddable":true,"href":"https:\/\/shrimataji.org\/test\/wp-json\/wp\/v2\/comments?post=10688"}],"version-history":[{"count":0,"href":"https:\/\/shrimataji.org\/test\/wp-json\/wp\/v2\/pages\/10688\/revisions"}],"wp:featuredmedia":[{"embeddable":true,"href":"https:\/\/shrimataji.org\/test\/wp-json\/wp\/v2\/media\/9266"}],"wp:attachment":[{"href":"https:\/\/shrimataji.org\/test\/wp-json\/wp\/v2\/media?parent=10688"}],"curies":[{"name":"wp","href":"https:\/\/api.w.org\/{rel}","templated":true}]}}