{"id":10689,"date":"2022-03-05T08:01:33","date_gmt":"2022-03-05T08:01:33","guid":{"rendered":"https:\/\/test.shrimataji.org\/?page_id=6500"},"modified":"2024-06-11T09:24:17","modified_gmt":"2024-06-11T09:24:17","slug":"sahasrara-de","status":"publish","type":"page","link":"https:\/\/shrimataji.org\/test\/de\/sahasrara-de\/","title":{"rendered":"Sahasrara Chakra DE"},"content":{"rendered":"\n\n\t<h1>Sahasrara Chakra<\/h1>\n<h2>Integration<\/h2>\n<h4>Das auch &#8220;Tausenbl\u00e4ttriger Lotos &#8221; genannte Sahasrara Chakra befindet sich am Scheitel unseres Kopfes und symbolisiert den H\u00f6hepunkt unserer evolution\u00e4ren Reise als Homo sapiens. Die menschliche Spezies, die am Ende der etwa 3,5 Milliarden Jahre langen Evolution des Lebens auf der Erde entstanden ist, dominiert den gesamten Planeten aufgrund des Vorteils der fortgeschrittenen Entwicklung unseres Gehirns. Was ist der Zweck unseres menschlichen Lebens? Geht es nur darum, dieses Gehirn f\u00fcr illusorische Gewinne an Macht oder Geld zu nutzen? Oder befriedigen wir mit seiner Hilfe unsere begrenzte wissenschaftliche Neugier, um die Geheimnisse der Sch\u00f6pfung, der Evolution und der Zerst\u00f6rung toter Materie in einer relativen und unendlichen Raumzeit zu ergr\u00fcnden? Oder hat unser menschliches Leben einen h\u00f6heren Zweck, den nur wenige zu erkennen verm\u00f6gen?<\/h4>\n<p>Unsere sogenannte <a href=\"https:\/\/shrimataji.org\/test\/de\/selbst-verwirklichung\/\" target=\"_blank\" rel=\"noopener\">Selbst-Verwirklichung<\/a> wird dadurch ausgel\u00f6st, dass die <a href=\"https:\/\/shrimataji.org\/test\/de\/kundalini_de\/\" target=\"_blank\" rel=\"noopener\"><u>Kundalini<\/u><\/a> das <em>Brahmarandra<\/em> im limbischen Bereich des Gehirns durchdringt. In den indischen Schriften wird das <em>Brahmarandra<\/em> auch als \u00d6ffnung im Scheitel und vom Sahasrara Chakra umschlossen beschrieben. Durch dieses Ereignis erf\u00e4hrt unser menschliches Bewusstsein einen neuen Bereich der Wahrnehmung, der jenseits mentaler Aktivit\u00e4ten und Gedanken liegt. Das Sahasrara Chakra erm\u00f6glicht uns die direkte, absolute Wahrnehmung der Realit\u00e4t \u00fcber unser zentrales Nervensystem, und wir erreichen m\u00fchelos einen Zustand des zweifelsfreien Bewusstseins, der auch als <em>Nirvikalpa Samadhi<\/em> bekannt ist.<\/p>\n<p>Die prim\u00e4re Qualit\u00e4t des Sahasrara Chakras besteht in der Integration und dem Gef\u00fchl des Einsseins mit allen Elementen des Universums. Durch das Sahasrara erfahren wir die Verbindung mit der allesdurchdringenden spirituellen Energie, mit der absoluten Wahrheit. Das Sahasrara stellt unser letztes Ziel dar. Um den Sinn und Zweck unseres Lebens vollst\u00e4ndig zu verstehen, m\u00fcssen wir die h\u00f6heren Bereiche des Bewusstseins erforschen, die Teil der Kraft sind, die uns geschaffen hat.<\/p>\n<p>Das siebte Zentrum integriert die Kr\u00e4fte und Qualit\u00e4ten des gesamten feinstofflichen Systems, das aus Tausenden von <a href=\"https:\/\/shrimataji.org\/test\/de\/nadis-gunas\/\" target=\"_blank\" rel=\"noopener\">Nadis <\/a>und sieben <a href=\"https:\/\/shrimataji.org\/test\/de\/chakren-und-qualitaeten\/\" target=\"_blank\" rel=\"noopener\">Hauptchakren<\/a> besteht. Der Modus Operandi aller Chakren wird durch ihren jeweiligen Sitz innerhalb des Sahasraras ausgel\u00f6st. \u00c4hnlich wie das Gehirn die Schaltzentrale unsers Nervensystems ist und jede Information \u00fcber diesen Supercomputer kommuniziert und verarbeitet wird, interagiert das Sahasrara mit dem gesamten feinstofflichen System.<\/p>\n\t\n\t\t\t\t<img loading=\"lazy\" decoding=\"async\" src=\"https:\/\/shrimataji.org\/test\/wp-content\/uploads\/2023\/03\/Sahasrara_Handsketch_1.jpg\" alt=\"Original-Skizze von Shri Mataji\" height=\"589\" width=\"1001\" title=\"Sahasrara_Handsketch_1\" \/>\n\t\tOriginal-Skizze von Shri Mataji\n\t<p><strong>Lage<\/strong><\/p>\n<p>Das Sahasrara Chakra befindet sich im limbischen System unseres Gehirns. Wir k\u00f6nnen seine Vibrationen in der Mitte der Handfl\u00e4chen sp\u00fcren.<\/p>\n<p><strong>Qualit\u00e4ten<\/strong><\/p>\n<p>Durch das Sahasrara Chakra sind wir in der Lage, uns mit der Kraft zu verbinden, die uns erschaffen hat. Wir k\u00f6nnen den Sinn Lebens verstehen. Es repr\u00e4sentiert unser ultimatives Ziel &#8211; die Verwirklichung des Himmels auf Erden.<\/p>\n<p><strong>Zu den Qualit\u00e4ten des Sahasrara Chakras geh\u00f6ren<\/strong><\/p>\n<ul>\n<li>ein Gef\u00fchl des Einsseins mit dem Universum &#8211; auch als &#8220;Integration&#8221; bezeichnet<\/li>\n<li>gedankenfreies Bewusstsein oder geistige Stille<\/li>\n<li>zweifelsfreies Bewusstsein oder Bewusstsein der g\u00f6ttlichen Energie<\/li>\n<\/ul>\n\t\t\t\t<a href=\"https:\/\/shrimataji.org\/test\/wp-content\/uploads\/2023\/02\/7-Sahasrara-01-1.png\" target=\"_blank\" rel=\"noopener\">\n\t\t\t\t<img loading=\"lazy\" decoding=\"async\" src=\"https:\/\/shrimataji.org\/test\/wp-content\/uploads\/2024\/04\/DE_7-Sahasrara.png\" alt=\"DE_7-Sahasrara\" height=\"6867\" width=\"6429\" title=\"DE_7-Sahasrara\" \/>\n\t\t\t\t<\/a>\n\t<p>Alle anderen sechs Hauptchakren &#8211; vom Muladhara bis zum Agnya Chakra &#8211; haben ihre Wurzeln im Gehirn. Wenn wir Sahaja Yoga praktizieren, steigt die Kundalini auf. Sie durchdringt alle sechs Energiezentren und l\u00e4sst sich in der limbischen Region des Gehirns nieder. Dieser Vorgang wird auch als spirituelle Erleuchtung bezeichnet.<\/p>\n<p>Das Sahasrara Chakra befindet sich im von Tausend Nerven umgebenen Hohlraum innerhalb des limbischen Bereichs. Wenn die Kundalini-Energie durch Meditation in unser Sahasrara Chakra eintritt, feuern all diese Nerven im Einklang. Die Kundalini durchdringt dann den Scheitel und vereinigt sich mit der g\u00f6ttlichen Energie des Universums.<\/p>\n<p><strong>Erfahrung und Nutzen<\/strong><\/p>\n<p>Wenn die Kundalini den Bereich der Fontanelle durchdringt, vereint sie das individuelle <a href=\"https:\/\/shrimataji.org\/test\/de\/atma-de\/\">Atma<\/a> mit dem universellen Paramatma. Dies kann als starkes Pulsieren im Scheitelbereich wahrgenommen werden. Daraufhin folgen oft ein schmelzendes Gef\u00fchl und k\u00fchle Vibrationen. Durch diese Erfahrung erlangen wir eine neue Dimension des Bewusstseins, die uns die Wahrheit besser erkennen l\u00e4sst. Wir k\u00f6nnen nun Gutes von Schlechtem, Richtiges von Falschem und Wahres von Unwahrem unterscheiden.<\/p>\n<p>Wenn wir die Verbindung unserer Kundalini mit der g\u00f6ttlichen Energie des Universums erreicht haben, sind wir nicht mehr von Vergangenheit oder Zukunft eingenommen. Wir erfahren eine wahre innere Freude, die noch nie zuvor erlebt haben. An diesem Punkt vereinigt sich unser menschliches mit dem g\u00f6ttlichen Bewusstsein und auch unser physisches, intellektuelles, emotionales und spirituelles Selbst wurden eins oder integriert.<\/p>\n<p>Nun k\u00f6nnen wir in vollkommener Harmonie handeln und sp\u00fcren keine Verwirrung oder Widerspr\u00fcche mehr. Wir erleben v\u00f6llige innere Ruhe und vollkommene Freude und wissen intuitiv, welche Reaktion oder Handlung moralisch richtig ist. Bevor die Kundalini unsere Verbindung herstellte, mussten wir die Existenz Gottes vielleicht allein aufgrund unseres Glaubens akzeptieren. Doch danach treten wir in einen Zustand des <strong>zweifelsfreien Bewusstseins<\/strong> ein, in dem wir uns der Existenz des G\u00f6ttlichen sowohl bewusst als auch sicher sind. Wenn wir weiter meditieren, verst\u00e4rkt sich dieses zweifelsfreie Bewusstsein.<\/p>\n<p><strong>Selbsteinsch\u00e4tzung<\/strong><\/p>\n<p>Ist unser Sahasrara Chakra blockiert oder unausgeglichen, haben wir vielleicht Schwierigkeiten, die Vibrationen im Allgemeinen zu sp\u00fcren. Wir k\u00f6nnen auch Zweifel an der spirituellen Realit\u00e4t oder an der Existenz des G\u00f6ttlichen haben. Gl\u00fccklicherweise werden alle unsere Chakras klarer, je mehr wir meditieren, und schlie\u00dflich wird sich ein Gleichgewicht innerhalb des Sahasraras einstellen. Alles, was wir dazu brauchen, ist ein offener Geist und die Bereitschaft, unsere Meditation weiter zu praktizieren. Schlie\u00dflich werden wir die Verbindung unserer Kundalini mit der g\u00f6ttlichen Energie regelm\u00e4\u00dfig erreichen und erfahren.<\/p>\n<p><strong>Gr\u00fcnde f\u00fcr Ungleichgewichte<\/strong><\/p>\n<ul>\n<li>Selbstzweifel<\/li>\n<li>extreme Form des Atheismus<\/li>\n<li>in Extreme gehen<\/li>\n<\/ul>\n<p><strong>Ausgleichsm\u00f6glichkeiten<\/strong><\/p>\n<p>Wir k\u00f6nnen unser Sahasrara Chakra balancieren, indem wir unsere rechte Handinnenfl\u00e4che mit nach oben \u00fcberstreckten Fingern fest auf den Scheitel des Kopfes pressen. Wir bewegen dann die Kopfhaut langsam im Uhrzeigersinn und sagen dabei: &#8220;Lass mich den Zustand der Meditation erfahren.&#8221;<\/p>\n<p>Wenn wir die Vibrationen zun\u00e4chst nicht sp\u00fcren k\u00f6nnen, lassen wir uns nicht davon nicht beirren. Viele Menschen, die Sahaja Yoga praktizieren, brauchen l\u00e4ngere Zeit, bis sie Vibrationen sp\u00fcren oder ihre Verbindung mit der Kundalini-Energie glaubhaft best\u00e4tigen k\u00f6nnen. Seid einfach geduldig mit euch selbst und bleibt dran. Auch ihr werdet es schaffen. Dies ist ein wichtiger Schritt, um unser Sahasrara Chakra offen und frei von Hindernissen zu halten.<\/p>\n\n","protected":false},"excerpt":{"rendered":"<p>Sahasrara Chakra Integration Das auch &#8220;Tausenbl\u00e4ttriger Lotos &#8221; genannte Sahasrara Chakra befindet sich am Scheitel unseres Kopfes und symbolisiert den H\u00f6hepunkt unserer evolution\u00e4ren Reise als Homo sapiens. Die menschliche Spezies, die am Ende der etwa 3,5 Milliarden Jahre langen Evolution des Lebens auf der Erde entstanden ist, dominiert den gesamten Planeten aufgrund des Vorteils der&hellip; <br \/> <a class=\"read-more\" href=\"https:\/\/shrimataji.org\/test\/de\/sahasrara-de\/\">Read more<\/a><\/p>\n","protected":false},"author":10,"featured_media":9257,"parent":0,"menu_order":0,"comment_status":"closed","ping_status":"closed","template":"","meta":{"inline_featured_image":false,"footnotes":""},"class_list":["post-10689","page","type-page","status-publish","has-post-thumbnail","hentry"],"yoast_head":"<!-- This site is optimized with the Yoast SEO plugin v27.4 - https:\/\/yoast.com\/product\/yoast-seo-wordpress\/ -->\n<title>Sahasrara Chakra DE - TEST - SMND<\/title>\n<meta name=\"robots\" content=\"noindex, follow, max-snippet:-1, max-image-preview:large, max-video-preview:-1\" \/>\n<meta property=\"og:locale\" content=\"en_US\" \/>\n<meta property=\"og:type\" content=\"article\" \/>\n<meta property=\"og:title\" content=\"Sahasrara Chakra DE - TEST - SMND\" \/>\n<meta property=\"og:description\" content=\"Sahasrara Chakra Integration Das auch &#8220;Tausenbl\u00e4ttriger Lotos &#8221; genannte Sahasrara Chakra befindet sich am Scheitel unseres Kopfes und symbolisiert den H\u00f6hepunkt unserer evolution\u00e4ren Reise als Homo sapiens. Die menschliche Spezies, die am Ende der etwa 3,5 Milliarden Jahre langen Evolution des Lebens auf der Erde entstanden ist, dominiert den gesamten Planeten aufgrund des Vorteils der&hellip; Read more\" \/>\n<meta property=\"og:url\" content=\"https:\/\/shrimataji.org\/test\/de\/sahasrara-de\/\" \/>\n<meta property=\"og:site_name\" content=\"TEST - SMND\" \/>\n<meta property=\"article:publisher\" content=\"https:\/\/www.facebook.com\/shrimataji\" \/>\n<meta property=\"article:modified_time\" content=\"2024-06-11T09:24:17+00:00\" \/>\n<meta property=\"og:image\" content=\"https:\/\/shrimataji.org\/test\/wp-content\/uploads\/2023\/03\/22_Banner-SY-Chakra-sahas-scaled.jpg\" \/>\n\t<meta property=\"og:image:width\" content=\"2560\" \/>\n\t<meta property=\"og:image:height\" content=\"905\" \/>\n\t<meta property=\"og:image:type\" content=\"image\/jpeg\" \/>\n<meta name=\"twitter:card\" content=\"summary_large_image\" \/>\n<meta name=\"twitter:site\" content=\"@shrimataji\" \/>\n<script type=\"application\/ld+json\" class=\"yoast-schema-graph\">{\"@context\":\"https:\\\/\\\/schema.org\",\"@graph\":[{\"@type\":\"WebPage\",\"@id\":\"https:\\\/\\\/shrimataji.org\\\/test\\\/de\\\/sahasrara-de\\\/\",\"url\":\"https:\\\/\\\/shrimataji.org\\\/test\\\/de\\\/sahasrara-de\\\/\",\"name\":\"Sahasrara Chakra DE - TEST - SMND\",\"isPartOf\":{\"@id\":\"https:\\\/\\\/shrimataji.org\\\/test\\\/#website\"},\"primaryImageOfPage\":{\"@id\":\"https:\\\/\\\/shrimataji.org\\\/test\\\/de\\\/sahasrara-de\\\/#primaryimage\"},\"image\":{\"@id\":\"https:\\\/\\\/shrimataji.org\\\/test\\\/de\\\/sahasrara-de\\\/#primaryimage\"},\"thumbnailUrl\":\"https:\\\/\\\/shrimataji.org\\\/test\\\/wp-content\\\/uploads\\\/2023\\\/03\\\/22_Banner-SY-Chakra-sahas-scaled.jpg\",\"datePublished\":\"2022-03-05T08:01:33+00:00\",\"dateModified\":\"2024-06-11T09:24:17+00:00\",\"breadcrumb\":{\"@id\":\"https:\\\/\\\/shrimataji.org\\\/test\\\/de\\\/sahasrara-de\\\/#breadcrumb\"},\"inLanguage\":\"en-US\",\"potentialAction\":[{\"@type\":\"ReadAction\",\"target\":[\"https:\\\/\\\/shrimataji.org\\\/test\\\/de\\\/sahasrara-de\\\/\"]}]},{\"@type\":\"ImageObject\",\"inLanguage\":\"en-US\",\"@id\":\"https:\\\/\\\/shrimataji.org\\\/test\\\/de\\\/sahasrara-de\\\/#primaryimage\",\"url\":\"https:\\\/\\\/shrimataji.org\\\/test\\\/wp-content\\\/uploads\\\/2023\\\/03\\\/22_Banner-SY-Chakra-sahas-scaled.jpg\",\"contentUrl\":\"https:\\\/\\\/shrimataji.org\\\/test\\\/wp-content\\\/uploads\\\/2023\\\/03\\\/22_Banner-SY-Chakra-sahas-scaled.jpg\",\"width\":2560,\"height\":905},{\"@type\":\"BreadcrumbList\",\"@id\":\"https:\\\/\\\/shrimataji.org\\\/test\\\/de\\\/sahasrara-de\\\/#breadcrumb\",\"itemListElement\":[{\"@type\":\"ListItem\",\"position\":1,\"name\":\"Home\",\"item\":\"https:\\\/\\\/shrimataji.org\\\/test\\\/uk\\\/home-en\\\/\"},{\"@type\":\"ListItem\",\"position\":2,\"name\":\"Sahasrara Chakra DE\"}]},{\"@type\":\"WebSite\",\"@id\":\"https:\\\/\\\/shrimataji.org\\\/test\\\/#website\",\"url\":\"https:\\\/\\\/shrimataji.org\\\/test\\\/\",\"name\":\"Shri Mataji Nirmala Devi\",\"description\":\"A Life Dedicated to Humanity\",\"publisher\":{\"@id\":\"https:\\\/\\\/shrimataji.org\\\/test\\\/#\\\/schema\\\/person\\\/a1b3419c6585f164aa96da1ff85715d1\"},\"potentialAction\":[{\"@type\":\"SearchAction\",\"target\":{\"@type\":\"EntryPoint\",\"urlTemplate\":\"https:\\\/\\\/shrimataji.org\\\/test\\\/?s={search_term_string}\"},\"query-input\":{\"@type\":\"PropertyValueSpecification\",\"valueRequired\":true,\"valueName\":\"search_term_string\"}}],\"inLanguage\":\"en-US\"},{\"@type\":[\"Person\",\"Organization\"],\"@id\":\"https:\\\/\\\/shrimataji.org\\\/test\\\/#\\\/schema\\\/person\\\/a1b3419c6585f164aa96da1ff85715d1\",\"name\":\"Nirmala Shrivastava\",\"image\":{\"@type\":\"ImageObject\",\"inLanguage\":\"en-US\",\"@id\":\"https:\\\/\\\/shrimataji.org\\\/test\\\/wp-content\\\/uploads\\\/2023\\\/02\\\/SMO_LOGO-03.svg\",\"url\":\"https:\\\/\\\/shrimataji.org\\\/test\\\/wp-content\\\/uploads\\\/2023\\\/02\\\/SMO_LOGO-03.svg\",\"contentUrl\":\"https:\\\/\\\/shrimataji.org\\\/test\\\/wp-content\\\/uploads\\\/2023\\\/02\\\/SMO_LOGO-03.svg\",\"width\":\"1024\",\"height\":\"1024\",\"caption\":\"Nirmala Shrivastava\"},\"logo\":{\"@id\":\"https:\\\/\\\/shrimataji.org\\\/test\\\/wp-content\\\/uploads\\\/2023\\\/02\\\/SMO_LOGO-03.svg\"},\"sameAs\":[\"https:\\\/\\\/shrimataji.org\\\/test\",\"https:\\\/\\\/www.facebook.com\\\/shrimataji\",\"https:\\\/\\\/x.com\\\/shrimataji\",\"https:\\\/\\\/www.youtube.com\\\/@Shri_Mataji_Nirmala_Devi\\\/featured\"]}]}<\/script>\n<!-- \/ Yoast SEO plugin. -->","yoast_head_json":{"title":"Sahasrara Chakra DE - TEST - SMND","robots":{"index":"noindex","follow":"follow","max-snippet":"max-snippet:-1","max-image-preview":"max-image-preview:large","max-video-preview":"max-video-preview:-1"},"og_locale":"en_US","og_type":"article","og_title":"Sahasrara Chakra DE - TEST - SMND","og_description":"Sahasrara Chakra Integration Das auch &#8220;Tausenbl\u00e4ttriger Lotos &#8221; genannte Sahasrara Chakra befindet sich am Scheitel unseres Kopfes und symbolisiert den H\u00f6hepunkt unserer evolution\u00e4ren Reise als Homo sapiens. Die menschliche Spezies, die am Ende der etwa 3,5 Milliarden Jahre langen Evolution des Lebens auf der Erde entstanden ist, dominiert den gesamten Planeten aufgrund des Vorteils der&hellip; Read more","og_url":"https:\/\/shrimataji.org\/test\/de\/sahasrara-de\/","og_site_name":"TEST - SMND","article_publisher":"https:\/\/www.facebook.com\/shrimataji","article_modified_time":"2024-06-11T09:24:17+00:00","og_image":[{"width":2560,"height":905,"url":"https:\/\/shrimataji.org\/test\/wp-content\/uploads\/2023\/03\/22_Banner-SY-Chakra-sahas-scaled.jpg","type":"image\/jpeg"}],"twitter_card":"summary_large_image","twitter_site":"@shrimataji","schema":{"@context":"https:\/\/schema.org","@graph":[{"@type":"WebPage","@id":"https:\/\/shrimataji.org\/test\/de\/sahasrara-de\/","url":"https:\/\/shrimataji.org\/test\/de\/sahasrara-de\/","name":"Sahasrara Chakra DE - TEST - SMND","isPartOf":{"@id":"https:\/\/shrimataji.org\/test\/#website"},"primaryImageOfPage":{"@id":"https:\/\/shrimataji.org\/test\/de\/sahasrara-de\/#primaryimage"},"image":{"@id":"https:\/\/shrimataji.org\/test\/de\/sahasrara-de\/#primaryimage"},"thumbnailUrl":"https:\/\/shrimataji.org\/test\/wp-content\/uploads\/2023\/03\/22_Banner-SY-Chakra-sahas-scaled.jpg","datePublished":"2022-03-05T08:01:33+00:00","dateModified":"2024-06-11T09:24:17+00:00","breadcrumb":{"@id":"https:\/\/shrimataji.org\/test\/de\/sahasrara-de\/#breadcrumb"},"inLanguage":"en-US","potentialAction":[{"@type":"ReadAction","target":["https:\/\/shrimataji.org\/test\/de\/sahasrara-de\/"]}]},{"@type":"ImageObject","inLanguage":"en-US","@id":"https:\/\/shrimataji.org\/test\/de\/sahasrara-de\/#primaryimage","url":"https:\/\/shrimataji.org\/test\/wp-content\/uploads\/2023\/03\/22_Banner-SY-Chakra-sahas-scaled.jpg","contentUrl":"https:\/\/shrimataji.org\/test\/wp-content\/uploads\/2023\/03\/22_Banner-SY-Chakra-sahas-scaled.jpg","width":2560,"height":905},{"@type":"BreadcrumbList","@id":"https:\/\/shrimataji.org\/test\/de\/sahasrara-de\/#breadcrumb","itemListElement":[{"@type":"ListItem","position":1,"name":"Home","item":"https:\/\/shrimataji.org\/test\/uk\/home-en\/"},{"@type":"ListItem","position":2,"name":"Sahasrara Chakra DE"}]},{"@type":"WebSite","@id":"https:\/\/shrimataji.org\/test\/#website","url":"https:\/\/shrimataji.org\/test\/","name":"Shri Mataji Nirmala Devi","description":"A Life Dedicated to Humanity","publisher":{"@id":"https:\/\/shrimataji.org\/test\/#\/schema\/person\/a1b3419c6585f164aa96da1ff85715d1"},"potentialAction":[{"@type":"SearchAction","target":{"@type":"EntryPoint","urlTemplate":"https:\/\/shrimataji.org\/test\/?s={search_term_string}"},"query-input":{"@type":"PropertyValueSpecification","valueRequired":true,"valueName":"search_term_string"}}],"inLanguage":"en-US"},{"@type":["Person","Organization"],"@id":"https:\/\/shrimataji.org\/test\/#\/schema\/person\/a1b3419c6585f164aa96da1ff85715d1","name":"Nirmala Shrivastava","image":{"@type":"ImageObject","inLanguage":"en-US","@id":"https:\/\/shrimataji.org\/test\/wp-content\/uploads\/2023\/02\/SMO_LOGO-03.svg","url":"https:\/\/shrimataji.org\/test\/wp-content\/uploads\/2023\/02\/SMO_LOGO-03.svg","contentUrl":"https:\/\/shrimataji.org\/test\/wp-content\/uploads\/2023\/02\/SMO_LOGO-03.svg","width":"1024","height":"1024","caption":"Nirmala Shrivastava"},"logo":{"@id":"https:\/\/shrimataji.org\/test\/wp-content\/uploads\/2023\/02\/SMO_LOGO-03.svg"},"sameAs":["https:\/\/shrimataji.org\/test","https:\/\/www.facebook.com\/shrimataji","https:\/\/x.com\/shrimataji","https:\/\/www.youtube.com\/@Shri_Mataji_Nirmala_Devi\/featured"]}]}},"lang":"de","translations":{"de":10689,"ur":37494,"en":6500,"am":18069,"th":20049,"hu":19557,"sq":18470,"zh":17367,"hi":8335,"tr":10205,"pt":10415,"fr":10787,"it":10885,"es":10982,"ja":11280,"ru":11468,"bn":11659,"te":11767,"sw":11890,"he":12038,"el":12330,"sk":12428,"fa":12526,"fi":12624,"bg":13364,"ro":14438,"cs":14631,"nl":16630,"ku":16790,"ar":16966,"be":18677,"kn":18951,"mr":20413,"uk":20707,"ml":21002,"ta":22788,"sv":23058,"gu":28898,"pa":29058,"fil":29506,"da":37804,"pl":38014,"nn":38356},"pll_sync_post":[],"_links":{"self":[{"href":"https:\/\/shrimataji.org\/test\/wp-json\/wp\/v2\/pages\/10689","targetHints":{"allow":["GET"]}}],"collection":[{"href":"https:\/\/shrimataji.org\/test\/wp-json\/wp\/v2\/pages"}],"about":[{"href":"https:\/\/shrimataji.org\/test\/wp-json\/wp\/v2\/types\/page"}],"author":[{"embeddable":true,"href":"https:\/\/shrimataji.org\/test\/wp-json\/wp\/v2\/users\/10"}],"replies":[{"embeddable":true,"href":"https:\/\/shrimataji.org\/test\/wp-json\/wp\/v2\/comments?post=10689"}],"version-history":[{"count":0,"href":"https:\/\/shrimataji.org\/test\/wp-json\/wp\/v2\/pages\/10689\/revisions"}],"wp:featuredmedia":[{"embeddable":true,"href":"https:\/\/shrimataji.org\/test\/wp-json\/wp\/v2\/media\/9257"}],"wp:attachment":[{"href":"https:\/\/shrimataji.org\/test\/wp-json\/wp\/v2\/media?parent=10689"}],"curies":[{"name":"wp","href":"https:\/\/api.w.org\/{rel}","templated":true}]}}