{"id":10692,"date":"2018-07-10T06:54:42","date_gmt":"2018-07-10T06:54:42","guid":{"rendered":"http:\/\/testwordpress.nirmalnagari.org\/smnd\/index.php\/self-empowerment\/"},"modified":"2024-04-27T01:15:19","modified_gmt":"2024-04-27T01:15:19","slug":"selbst-ermaechtigung","status":"publish","type":"page","link":"https:\/\/shrimataji.org\/test\/de\/selbst-ermaechtigung\/","title":{"rendered":"Selbst-Erm\u00e4chtigung"},"content":{"rendered":"\n\n\t<h1>Unser Potential freisetzen<\/h1>\n<h2>&#8230; durch Selbst-Erkenntnis<\/h2>\n\t<h4>Wenn &#8220;Erm\u00e4chtigung&#8221; f\u00fcr ein Individuum als der Prozess zunehmender Kontrolle \u00fcber das eigene Leben, als gr\u00f6\u00dfere St\u00e4rke oder gr\u00f6\u00dferes Vertrauen in die eigenen F\u00e4higkeiten definiert wird, dann ist die von Shri Mataji entwickelte Methode das ultimative Mittel zur Selbst-Erm\u00e4chtigung. Es erm\u00f6glicht es dem Menschen, ein gewaltiges Potenzial in sich selbst freizusetzen, das eine echte Transformation bewirkt.<\/h4>\n\t<div class=\"su-quote su-quote-style-default\"><div class=\"su-quote-inner su-u-clearfix su-u-trim\">Alles ist in euch angelegt. Lasst es sich entfalten &#8211; so wie die Bl\u00fcten zu Fr\u00fcchten werden m\u00fcssen.<\/div><\/div>\n\t<p>Die regelm\u00e4\u00dfige Praxis der <a href=\"https:\/\/shrimataji.org\/test\/de\/sahaja-yoga-meditation-de\/\" target=\"_blank\" rel=\"noopener\">Sahaja-Yoga-Meditation<\/a> erm\u00f6glicht die allgemeine Verbesserung des Wohlbefindens und eine h\u00f6here Widerstandsf\u00e4higkeit gegen\u00fcber Stress und negativen Einfl\u00fcssen. Sie f\u00fchrt dar\u00fcber hinaus zu einem besseren Verst\u00e4ndnis des eigenen subtilen K\u00f6rpers als Netzwerk aus unverzichtbaren Energiekan\u00e4len und -zentren. Schrittweise beherrschen wir einfache Techniken zur Wiederherstellung unseres Gleichgewichts und unseren innerer Harmonie.<\/p>\n\t<p>Shri Mataji betonte, dass <a href=\"https:\/\/shrimataji.org\/test\/de\/selbst-verwirklichung\/\" target=\"_blank\" rel=\"noopener\">Selbst-Verwirklichung<\/a> mit Selbst-Erkenntnis beginnt. Innerhalb weniger Wochen entwickeln <a href=\"https:\/\/shrimataji.org\/test\/de\/sahaja-yoga-meditation-de\/\" target=\"_blank\" rel=\"noopener\">Sahaja-Yoga-Praktizierende<\/a> ein neues und subtileres Bewusstsein der Realit\u00e4t, das sogenannte &#8220;<a href=\"https:\/\/shrimataji.org\/test\/de\/glossar\/\" target=\"_blank\" rel=\"noopener\">vibratorische Bewusstsein<\/a>&#8220;. Es verleiht ihnen die F\u00e4higkeit, die Energiequalit\u00e4t ihrer Umgebung zu beurteilen und ihren inneren Zustand zu diagnostizieren. Mit Hilfe der Elemente Luft, Wasser, Feuer und Erde k\u00f6nnen Techniken und Behandlungen durchgef\u00fchrt werden, um Energie\u00fcbersch\u00fcsse oder -m\u00e4ngel zu korrigieren, die \u00fcber sp\u00fcrbare Empfindungen in den H\u00e4nden und bestimmten K\u00f6rperbereichen identifiziert werden k\u00f6nnen.<\/p>\n\t<p>Die Erfahrung wahrer Meditation im gedankenfreien Bewusstsein und des inneren Friedens tr\u00e4gt dazu bei, Ungleichgewichte durch \u00fcberm\u00e4\u00dfiges Denken oder zu viele Sorgen zu neutralisieren. Dies wiederum erh\u00f6ht die F\u00e4higkeit, sich selbst zu kontrollieren und zu konzentrieren und vermehrt das Selbstwertgef\u00fchl.<\/p>\n<p>Mit entsprechender \u00dcbung kann die Wahrnehmung feinstofflicher Vibrationen zu einer Entscheidungshilfe werden, die die F\u00e4higkeit aller Praktizierenden verbessert, alle Aspekte einer Situation genauer zu beurteilen. Meditation und die begleitenden Tipps und Techniken tragen zu einer allm\u00e4hlichen Ver\u00e4nderung sowie zur F\u00e4higkeit bei, die eigene Umgebung positiv zu beeinflussen.<\/p>\n\t\t\t\t<img loading=\"lazy\" decoding=\"async\" src=\"https:\/\/shrimataji.org\/test\/wp-content\/uploads\/2020\/08\/self-empowerment-through-meditation.jpg\" alt=\"self-empowerment-through-meditation\" height=\"321\" width=\"489\" title=\"self-empowerment-through-meditation\" \/>\n\t<div class=\"su-quote su-quote-style-default\"><div class=\"su-quote-inner su-u-clearfix su-u-trim\">Ihr m\u00fcsst \u00fcber diesen Verstand hinauswachsen, und daf\u00fcr ist das Erwecken der Kundalini am hilfreichsten. Sie durchdringt euren limbischen Bereich und die Fontanelle und nimmt euch einfach mit hinaus in das Reich der Realit\u00e4t. So findet das Yoga zwischen eurem Gehirn oder besser gesagt eurem Herzen und dieser allesdurchdringenden Kraft statt.<\/div><\/div>\n\t<p>Wahre Selbsterm\u00e4chtigung wird durch die Praxis der Sahaja-Yoga-Meditation erreicht, die uns automatisch mit der h\u00f6chsten Quelle der allesdurchdringenden universellen Kraft verbindet &#8211; dem <a href=\"https:\/\/shrimataji.org\/test\/de\/atma-de\/\" target=\"_blank\" rel=\"noopener\">ewigen Geist<\/a>, der in unserem Herzen wohnt.<\/p>\n\t<div class=\"su-quote su-quote-style-default\"><div class=\"su-quote-inner su-u-clearfix su-u-trim\">Eine erleuchtete Pers\u00f6nlichkeit geht \u00fcber den Verstand hinaus. Sie steht in Kontakt mit der allesdurchdringenden Kraft der g\u00f6ttlichen Liebe. Infolgedessen wird alles in dieser Person gef\u00fchrt und ihr wird geholfen &#8230; Diese Kraft ist so gro\u00df, dass sie sich um euch k\u00fcmmert. Sie organisiert alles, sie denkt, sie versteht und sie ist weise &#8230;&#8221;<\/div><\/div>\n\n","protected":false},"excerpt":{"rendered":"<p>Unser Potential freisetzen &#8230; durch Selbst-Erkenntnis Wenn &#8220;Erm\u00e4chtigung&#8221; f\u00fcr ein Individuum als der Prozess zunehmender Kontrolle \u00fcber das eigene Leben, als gr\u00f6\u00dfere St\u00e4rke oder gr\u00f6\u00dferes Vertrauen in die eigenen F\u00e4higkeiten definiert wird, dann ist die von Shri Mataji entwickelte Methode das ultimative Mittel zur Selbst-Erm\u00e4chtigung. Es erm\u00f6glicht es dem Menschen, ein gewaltiges Potenzial in sich&hellip; <br \/> <a class=\"read-more\" href=\"https:\/\/shrimataji.org\/test\/de\/selbst-ermaechtigung\/\">Read more<\/a><\/p>\n","protected":false},"author":10,"featured_media":9259,"parent":0,"menu_order":0,"comment_status":"closed","ping_status":"closed","template":"","meta":{"inline_featured_image":false,"footnotes":""},"class_list":["post-10692","page","type-page","status-publish","has-post-thumbnail","hentry"],"yoast_head":"<!-- This site is optimized with the Yoast SEO plugin v27.4 - https:\/\/yoast.com\/product\/yoast-seo-wordpress\/ -->\n<title>Selbst-Erm\u00e4chtigung - TEST - SMND<\/title>\n<meta name=\"robots\" content=\"noindex, follow, max-snippet:-1, max-image-preview:large, max-video-preview:-1\" \/>\n<meta property=\"og:locale\" content=\"en_US\" \/>\n<meta property=\"og:type\" content=\"article\" \/>\n<meta property=\"og:title\" content=\"Selbst-Erm\u00e4chtigung - TEST - SMND\" \/>\n<meta property=\"og:description\" content=\"Unser Potential freisetzen &#8230; durch Selbst-Erkenntnis Wenn &#8220;Erm\u00e4chtigung&#8221; f\u00fcr ein Individuum als der Prozess zunehmender Kontrolle \u00fcber das eigene Leben, als gr\u00f6\u00dfere St\u00e4rke oder gr\u00f6\u00dferes Vertrauen in die eigenen F\u00e4higkeiten definiert wird, dann ist die von Shri Mataji entwickelte Methode das ultimative Mittel zur Selbst-Erm\u00e4chtigung. Es erm\u00f6glicht es dem Menschen, ein gewaltiges Potenzial in sich&hellip; Read more\" \/>\n<meta property=\"og:url\" content=\"https:\/\/shrimataji.org\/test\/de\/selbst-ermaechtigung\/\" \/>\n<meta property=\"og:site_name\" content=\"TEST - SMND\" \/>\n<meta property=\"article:publisher\" content=\"https:\/\/www.facebook.com\/shrimataji\" \/>\n<meta property=\"article:modified_time\" content=\"2024-04-27T01:15:19+00:00\" \/>\n<meta property=\"og:image\" content=\"https:\/\/shrimataji.org\/test\/wp-content\/uploads\/2023\/03\/24_Banner-SY-Empower-scaled.jpg\" \/>\n\t<meta property=\"og:image:width\" content=\"2560\" \/>\n\t<meta property=\"og:image:height\" content=\"905\" \/>\n\t<meta property=\"og:image:type\" content=\"image\/jpeg\" \/>\n<meta name=\"twitter:card\" content=\"summary_large_image\" \/>\n<meta name=\"twitter:site\" content=\"@shrimataji\" \/>\n<script type=\"application\/ld+json\" class=\"yoast-schema-graph\">{\"@context\":\"https:\\\/\\\/schema.org\",\"@graph\":[{\"@type\":\"WebPage\",\"@id\":\"https:\\\/\\\/shrimataji.org\\\/test\\\/de\\\/selbst-ermaechtigung\\\/\",\"url\":\"https:\\\/\\\/shrimataji.org\\\/test\\\/de\\\/selbst-ermaechtigung\\\/\",\"name\":\"Selbst-Erm\u00e4chtigung - TEST - SMND\",\"isPartOf\":{\"@id\":\"https:\\\/\\\/shrimataji.org\\\/test\\\/#website\"},\"primaryImageOfPage\":{\"@id\":\"https:\\\/\\\/shrimataji.org\\\/test\\\/de\\\/selbst-ermaechtigung\\\/#primaryimage\"},\"image\":{\"@id\":\"https:\\\/\\\/shrimataji.org\\\/test\\\/de\\\/selbst-ermaechtigung\\\/#primaryimage\"},\"thumbnailUrl\":\"https:\\\/\\\/shrimataji.org\\\/test\\\/wp-content\\\/uploads\\\/2023\\\/03\\\/24_Banner-SY-Empower-scaled.jpg\",\"datePublished\":\"2018-07-10T06:54:42+00:00\",\"dateModified\":\"2024-04-27T01:15:19+00:00\",\"breadcrumb\":{\"@id\":\"https:\\\/\\\/shrimataji.org\\\/test\\\/de\\\/selbst-ermaechtigung\\\/#breadcrumb\"},\"inLanguage\":\"en-US\",\"potentialAction\":[{\"@type\":\"ReadAction\",\"target\":[\"https:\\\/\\\/shrimataji.org\\\/test\\\/de\\\/selbst-ermaechtigung\\\/\"]}]},{\"@type\":\"ImageObject\",\"inLanguage\":\"en-US\",\"@id\":\"https:\\\/\\\/shrimataji.org\\\/test\\\/de\\\/selbst-ermaechtigung\\\/#primaryimage\",\"url\":\"https:\\\/\\\/shrimataji.org\\\/test\\\/wp-content\\\/uploads\\\/2023\\\/03\\\/24_Banner-SY-Empower-scaled.jpg\",\"contentUrl\":\"https:\\\/\\\/shrimataji.org\\\/test\\\/wp-content\\\/uploads\\\/2023\\\/03\\\/24_Banner-SY-Empower-scaled.jpg\",\"width\":2560,\"height\":905},{\"@type\":\"BreadcrumbList\",\"@id\":\"https:\\\/\\\/shrimataji.org\\\/test\\\/de\\\/selbst-ermaechtigung\\\/#breadcrumb\",\"itemListElement\":[{\"@type\":\"ListItem\",\"position\":1,\"name\":\"Home\",\"item\":\"https:\\\/\\\/shrimataji.org\\\/test\\\/uk\\\/home-en\\\/\"},{\"@type\":\"ListItem\",\"position\":2,\"name\":\"Selbst-Erm\u00e4chtigung\"}]},{\"@type\":\"WebSite\",\"@id\":\"https:\\\/\\\/shrimataji.org\\\/test\\\/#website\",\"url\":\"https:\\\/\\\/shrimataji.org\\\/test\\\/\",\"name\":\"Shri Mataji Nirmala Devi\",\"description\":\"A Life Dedicated to Humanity\",\"publisher\":{\"@id\":\"https:\\\/\\\/shrimataji.org\\\/test\\\/#\\\/schema\\\/person\\\/a1b3419c6585f164aa96da1ff85715d1\"},\"potentialAction\":[{\"@type\":\"SearchAction\",\"target\":{\"@type\":\"EntryPoint\",\"urlTemplate\":\"https:\\\/\\\/shrimataji.org\\\/test\\\/?s={search_term_string}\"},\"query-input\":{\"@type\":\"PropertyValueSpecification\",\"valueRequired\":true,\"valueName\":\"search_term_string\"}}],\"inLanguage\":\"en-US\"},{\"@type\":[\"Person\",\"Organization\"],\"@id\":\"https:\\\/\\\/shrimataji.org\\\/test\\\/#\\\/schema\\\/person\\\/a1b3419c6585f164aa96da1ff85715d1\",\"name\":\"Nirmala Shrivastava\",\"image\":{\"@type\":\"ImageObject\",\"inLanguage\":\"en-US\",\"@id\":\"https:\\\/\\\/shrimataji.org\\\/test\\\/wp-content\\\/uploads\\\/2023\\\/02\\\/SMO_LOGO-03.svg\",\"url\":\"https:\\\/\\\/shrimataji.org\\\/test\\\/wp-content\\\/uploads\\\/2023\\\/02\\\/SMO_LOGO-03.svg\",\"contentUrl\":\"https:\\\/\\\/shrimataji.org\\\/test\\\/wp-content\\\/uploads\\\/2023\\\/02\\\/SMO_LOGO-03.svg\",\"width\":\"1024\",\"height\":\"1024\",\"caption\":\"Nirmala Shrivastava\"},\"logo\":{\"@id\":\"https:\\\/\\\/shrimataji.org\\\/test\\\/wp-content\\\/uploads\\\/2023\\\/02\\\/SMO_LOGO-03.svg\"},\"sameAs\":[\"https:\\\/\\\/shrimataji.org\\\/test\",\"https:\\\/\\\/www.facebook.com\\\/shrimataji\",\"https:\\\/\\\/x.com\\\/shrimataji\",\"https:\\\/\\\/www.youtube.com\\\/@Shri_Mataji_Nirmala_Devi\\\/featured\"]}]}<\/script>\n<!-- \/ Yoast SEO plugin. -->","yoast_head_json":{"title":"Selbst-Erm\u00e4chtigung - TEST - SMND","robots":{"index":"noindex","follow":"follow","max-snippet":"max-snippet:-1","max-image-preview":"max-image-preview:large","max-video-preview":"max-video-preview:-1"},"og_locale":"en_US","og_type":"article","og_title":"Selbst-Erm\u00e4chtigung - TEST - SMND","og_description":"Unser Potential freisetzen &#8230; durch Selbst-Erkenntnis Wenn &#8220;Erm\u00e4chtigung&#8221; f\u00fcr ein Individuum als der Prozess zunehmender Kontrolle \u00fcber das eigene Leben, als gr\u00f6\u00dfere St\u00e4rke oder gr\u00f6\u00dferes Vertrauen in die eigenen F\u00e4higkeiten definiert wird, dann ist die von Shri Mataji entwickelte Methode das ultimative Mittel zur Selbst-Erm\u00e4chtigung. Es erm\u00f6glicht es dem Menschen, ein gewaltiges Potenzial in sich&hellip; Read more","og_url":"https:\/\/shrimataji.org\/test\/de\/selbst-ermaechtigung\/","og_site_name":"TEST - SMND","article_publisher":"https:\/\/www.facebook.com\/shrimataji","article_modified_time":"2024-04-27T01:15:19+00:00","og_image":[{"width":2560,"height":905,"url":"https:\/\/shrimataji.org\/test\/wp-content\/uploads\/2023\/03\/24_Banner-SY-Empower-scaled.jpg","type":"image\/jpeg"}],"twitter_card":"summary_large_image","twitter_site":"@shrimataji","schema":{"@context":"https:\/\/schema.org","@graph":[{"@type":"WebPage","@id":"https:\/\/shrimataji.org\/test\/de\/selbst-ermaechtigung\/","url":"https:\/\/shrimataji.org\/test\/de\/selbst-ermaechtigung\/","name":"Selbst-Erm\u00e4chtigung - TEST - SMND","isPartOf":{"@id":"https:\/\/shrimataji.org\/test\/#website"},"primaryImageOfPage":{"@id":"https:\/\/shrimataji.org\/test\/de\/selbst-ermaechtigung\/#primaryimage"},"image":{"@id":"https:\/\/shrimataji.org\/test\/de\/selbst-ermaechtigung\/#primaryimage"},"thumbnailUrl":"https:\/\/shrimataji.org\/test\/wp-content\/uploads\/2023\/03\/24_Banner-SY-Empower-scaled.jpg","datePublished":"2018-07-10T06:54:42+00:00","dateModified":"2024-04-27T01:15:19+00:00","breadcrumb":{"@id":"https:\/\/shrimataji.org\/test\/de\/selbst-ermaechtigung\/#breadcrumb"},"inLanguage":"en-US","potentialAction":[{"@type":"ReadAction","target":["https:\/\/shrimataji.org\/test\/de\/selbst-ermaechtigung\/"]}]},{"@type":"ImageObject","inLanguage":"en-US","@id":"https:\/\/shrimataji.org\/test\/de\/selbst-ermaechtigung\/#primaryimage","url":"https:\/\/shrimataji.org\/test\/wp-content\/uploads\/2023\/03\/24_Banner-SY-Empower-scaled.jpg","contentUrl":"https:\/\/shrimataji.org\/test\/wp-content\/uploads\/2023\/03\/24_Banner-SY-Empower-scaled.jpg","width":2560,"height":905},{"@type":"BreadcrumbList","@id":"https:\/\/shrimataji.org\/test\/de\/selbst-ermaechtigung\/#breadcrumb","itemListElement":[{"@type":"ListItem","position":1,"name":"Home","item":"https:\/\/shrimataji.org\/test\/uk\/home-en\/"},{"@type":"ListItem","position":2,"name":"Selbst-Erm\u00e4chtigung"}]},{"@type":"WebSite","@id":"https:\/\/shrimataji.org\/test\/#website","url":"https:\/\/shrimataji.org\/test\/","name":"Shri Mataji Nirmala Devi","description":"A Life Dedicated to Humanity","publisher":{"@id":"https:\/\/shrimataji.org\/test\/#\/schema\/person\/a1b3419c6585f164aa96da1ff85715d1"},"potentialAction":[{"@type":"SearchAction","target":{"@type":"EntryPoint","urlTemplate":"https:\/\/shrimataji.org\/test\/?s={search_term_string}"},"query-input":{"@type":"PropertyValueSpecification","valueRequired":true,"valueName":"search_term_string"}}],"inLanguage":"en-US"},{"@type":["Person","Organization"],"@id":"https:\/\/shrimataji.org\/test\/#\/schema\/person\/a1b3419c6585f164aa96da1ff85715d1","name":"Nirmala Shrivastava","image":{"@type":"ImageObject","inLanguage":"en-US","@id":"https:\/\/shrimataji.org\/test\/wp-content\/uploads\/2023\/02\/SMO_LOGO-03.svg","url":"https:\/\/shrimataji.org\/test\/wp-content\/uploads\/2023\/02\/SMO_LOGO-03.svg","contentUrl":"https:\/\/shrimataji.org\/test\/wp-content\/uploads\/2023\/02\/SMO_LOGO-03.svg","width":"1024","height":"1024","caption":"Nirmala Shrivastava"},"logo":{"@id":"https:\/\/shrimataji.org\/test\/wp-content\/uploads\/2023\/02\/SMO_LOGO-03.svg"},"sameAs":["https:\/\/shrimataji.org\/test","https:\/\/www.facebook.com\/shrimataji","https:\/\/x.com\/shrimataji","https:\/\/www.youtube.com\/@Shri_Mataji_Nirmala_Devi\/featured"]}]}},"lang":"de","translations":{"de":10692,"ur":37498,"en":401,"am":18073,"th":20055,"hu":19562,"sq":18474,"zh":17371,"hi":8356,"tr":10208,"pt":10418,"fr":10790,"it":10888,"es":10985,"ja":11283,"ru":11471,"bn":11662,"te":11770,"sw":11893,"he":12041,"el":12333,"sk":12431,"fa":12529,"fi":12627,"bg":13476,"ro":14548,"cs":14741,"nl":16634,"ku":16794,"ar":16970,"be":18681,"kn":18955,"mr":20419,"uk":20713,"ml":21008,"ta":22792,"sv":23062,"gu":28902,"pa":29062,"fil":29510,"da":37808,"pl":38018,"nn":38360},"pll_sync_post":[],"_links":{"self":[{"href":"https:\/\/shrimataji.org\/test\/wp-json\/wp\/v2\/pages\/10692","targetHints":{"allow":["GET"]}}],"collection":[{"href":"https:\/\/shrimataji.org\/test\/wp-json\/wp\/v2\/pages"}],"about":[{"href":"https:\/\/shrimataji.org\/test\/wp-json\/wp\/v2\/types\/page"}],"author":[{"embeddable":true,"href":"https:\/\/shrimataji.org\/test\/wp-json\/wp\/v2\/users\/10"}],"replies":[{"embeddable":true,"href":"https:\/\/shrimataji.org\/test\/wp-json\/wp\/v2\/comments?post=10692"}],"version-history":[{"count":0,"href":"https:\/\/shrimataji.org\/test\/wp-json\/wp\/v2\/pages\/10692\/revisions"}],"wp:featuredmedia":[{"embeddable":true,"href":"https:\/\/shrimataji.org\/test\/wp-json\/wp\/v2\/media\/9259"}],"wp:attachment":[{"href":"https:\/\/shrimataji.org\/test\/wp-json\/wp\/v2\/media?parent=10692"}],"curies":[{"name":"wp","href":"https:\/\/api.w.org\/{rel}","templated":true}]}}