{"id":10694,"date":"2018-07-10T06:54:42","date_gmt":"2018-07-10T06:54:42","guid":{"rendered":"http:\/\/testwordpress.nirmalnagari.org\/smnd\/index.php\/life\/"},"modified":"2024-06-11T09:24:17","modified_gmt":"2024-06-11T09:24:17","slug":"shrimataji_de","status":"publish","type":"page","link":"https:\/\/shrimataji.org\/test\/de\/shrimataji_de\/","title":{"rendered":"Shri Mataji DE"},"content":{"rendered":"\n\n\t<h1>Shri Mataji<\/h1>\n<h2>Biografie eines lebenslangen Engagements<\/h2>\n<h4>Unerm\u00fcdlich reiste Shri Mataji Nirmala Devi Tausende von Kilometern rund um den Globus. In abgelegenen D\u00f6rfern bis hin zu St\u00e4dten und Metropolen teilt sie selbstlos ihre einzigartige Entdeckung der wahren spirituellen Erleuchtung durch die Erfahrung der <a href=\"https:\/\/shrimataji.org\/test\/self-realization\/\" target=\"_blank\" rel=\"noopener\">Selbst-Verwirklichung<\/a> mit Millionen. Sie revolutioniert den sozialen Wandel auf der Grundlage innerer Transformation. Alle\u00a0 diese und viele weitere kostbare Momente vermitteln einen Einblick in Shri Matajis lebenslanges Engagement f\u00fcr das Wohl der Menschheit.<\/h4>\n\t<p>Nirmala Srivastava, heute bekannt unter dem Ehrentitel Shri Mataji Nirmala Devi, wurde am 21. M\u00e4rz 1923 im zentralindischen <a href=\"https:\/\/shrinechhindwara.in\/\" target=\"_blank\" rel=\"noopener\">Chhindwara<\/a> in eine christliche Familie hineingeboren. Ihre Eltern, Prasad und Cornelia Salve, w\u00e4hlten den Namen &#8220;Nirmala&#8221;, was &#8220;unbefleckt&#8221; bedeutet. Ihr Vater beherrschte als Rechtsanwalt und Gelehrter 14 Sprachen flie\u00dfend und \u00fcbersetzte den <em>Koran<\/em> in Hindi. Ihre Mutter war die erste Frau Indiens, die ein Pr\u00e4dikatsexamen in Mathematik erhielt.<\/p>\n<p>Von klein auf nahm Shri Mataji Anteil an der sie umgebenden Welt. W\u00e4hrend ihre Eltern aktiv am Kampf f\u00fcr die Unabh\u00e4ngigkeit Indiens beteiligt waren, \u00fcbernahm Shri Mataji bereits als kleines Kind die Verantwortung f\u00fcr den Haushalt. Mahatma Gandhi, dessen Ashram sie in jungen Jahren h\u00e4ufig besuchte, erkannte in ihr ein spirituelles Wunderkind. Er konsultierte sie oft bei den t\u00e4glichen Gebeten und ihre Schulfreunde suchten ebenfalls bei ihr Rat und Unterst\u00fctzung.<\/p>\n<p>Shri Mataji studierte Medizin am Christian Medical College in Ludhiana und am Balakram Medical College in Lahore. Als junge Frau beteiligte sie sich auch am Unabh\u00e4ngigkeitskampf und f\u00fchrte ihre Hochschul-Kommilitonen\/-innen in der Quit-India-Bewegung an. F\u00fcr ihre Teilnahme an der Bewegung wurde sie 1942 inhaftiert.<\/p>\n\t\t\t\t<img loading=\"lazy\" decoding=\"async\" src=\"https:\/\/shrimataji.org\/test\/wp-content\/uploads\/2018\/07\/media_originals\/images\/shri-mataji-portraits\/shri-mataji-in-delhi-india-feb-1983-683x1024.jpg\" alt=\"Shri Mataji in Delhi, ca. 09.02.1983\" height=\"1024\" width=\"683\" title=\"shri-mataji-in-delhi-india-feb-1983\" \/>\n\t<p>1947 heiratete sie den hochrangigen indischen Beamten <a href=\"https:\/\/shrimataji.org\/test\/de\/srivastava-de\/\" target=\"_blank\" rel=\"noopener\">Chandrika Prasad Srivastava<\/a>. Seine Karriere umfasste unter anderem den Dienst als pers\u00f6nlicher Sekret\u00e4r des verstorbenen indischen Premierministers Lal Bahadur Shastri wie auch vier aufeinander folgenden Amtszeiten als Generalsekret\u00e4r der <a href=\"https:\/\/www.imo.org\/en\/\" target=\"_blank\" rel=\"noopener\">Internationalen Seeschifffahrtsorganisation der Vereinten Nationen<\/a> (ISO). Sie hatten zwei T\u00f6chter. W\u00e4hrend der Zeit, in der sie ihre T\u00f6chter aufzog und die Karriere ihres Mannes unterst\u00fctzte, nahm Shri Mataji weiterhin wohlwollenden Anteil an der Welt um sie herum. Sie begegnete einer Vielzahl von Menschen aus verschiedenen L\u00e4ndern, Kulturen, Einkommensschichten und Hintergr\u00fcnden und begegnete ihnen mit aufrichtiger Achtung. Ob sie Staatsangelegenheiten mit wichtigen Politikern oder Familienangelegenheiten mit einem Taxifahrer besprach &#8211; sie hatte immer ein offenes Ohr und Verst\u00e4ndnis. Sie setzte sich gegen Vorurteile ein, bot Bed\u00fcrftigen Schutz, engagierte sich in der <a href=\"https:\/\/www.nirmalprem.org\/\" target=\"_blank\" rel=\"noopener\">Wohlfahrt<\/a>, f\u00f6rderte die <a href=\"https:\/\/www.pksacademy.com\/\" target=\"_blank\" rel=\"noopener\">Kultur durch Musik<\/a> und Film, bewirtschaftete das Land und f\u00fchrte einen gesch\u00e4ftigen Haushalt. Sie war eine liebevolle Ehefrau, Mutter und Schwester und wurde schlie\u00dflich Gro\u00dfmutter.<\/p>\n<p>Die ganze Zeit \u00fcber vertiefte sie ihre Wahrnehmung der menschlichen Natur und konzentrierte sich auf die Frage, wie man den Menschen am besten helfen k\u00f6nne, ihr h\u00f6chstes Potenzial zu entfalten. Sie erkannte, dass eine solche Transformation nur durch den Prozess der Selbst-Verwirklichung m\u00f6glich ist, also durch die Aktivierung der uns innewohnenden subtilen Kundalini-Energie. Das Erwachen dieser Energie wollte sie selbst erfahren, bevor sie ihr Leben der Weitergabe dieser Energie an andere widmete.<\/p>\n<p>Am <a href=\"https:\/\/shrimataji.org\/test\/de\/entscheidender-moment\/\" target=\"_blank\" rel=\"noopener\">5. Mai 1970 begann Shri Mataji ihr spirituelles Lebenswerk<\/a>. Im Alter von 47 Jahren entwickelte eine Methode, die Selbst-Verwirklichung en masse weiterzugeben. Sie bot eine echte Erfahrung an, die die Menschen nutzen konnten, um sich selbst zu transformieren und zu heilen. Im Gegensatz zu vielen sogenannten Gurus, die die Menschen auf der Suche nach spirituellem Wissen ausnutzten, wollte Shri Mataji die Suchenden selbst mit diesem Wissen ausstatten. Sie prangerte alle falschen Gurus an und warnte ihr Leben lang vor betr\u00fcgerischen und missbr\u00e4uchlichen spirituellen Praktiken.<\/p>\n<p>Als ihr Mann Generalsekret\u00e4r der ISO wurde, zog Shri Mataji mit ihm nach London und begann ihre spirituelle Arbeit mit einer kleinen Gruppe. Sie tourte durch das Vereinigte K\u00f6nigreich und hielt Vortr\u00e4ge, in denen sie die Erfahrung der Selbst-Verwirklichung vermittelte. Sie verlangte nie Geld f\u00fcr diese Programme und bestand darauf, dass die Erweckung dieser spirituellen Energie ihr Geburtsrecht sei und daher nicht bezahlt werden k\u00f6nne. Als die Menschen in ihrer Umgebung ihre au\u00dfergew\u00f6hnlichen spirituellen und m\u00fctterlichen Qualit\u00e4ten erkannten, erhielt sie bald den Ehrentitel &#8220;Shri Mataji&#8221;, was so viel bedeutet wie &#8220;Geachtete Mutter&#8221;.<\/p>\n<p>Die von Shri Mataji entwickelte Methode der Meditation durch Selbst-Verwirklichung wurde Sahaja Yoga genannt. In den 1980er Jahren bereiste sie kontinuierlich und unerm\u00fcdlich Europa, Australien und Nordamerika und lehrte diese Methode kostenlos allen Interessierten. In den 1990er Jahren reiste sie auch nach S\u00fcdamerika, Afrika, Russland, Osteuropa, Asien und in den pazifischen Raum.<\/p>\n<p>Institutionen in aller Welt verliehen ihr <a href=\"https:\/\/shrimataji.org\/test\/de\/auszeichnungen\/\" target=\"_blank\" rel=\"noopener\">Ehrenpreise und Doktortitel<\/a>. Im Jahr 1995 sprach sie auf der <a href=\"https:\/\/shrimataji.org\/test\/de\/weltfrauenkonferenz\/\">Vierten Weltfrauenkonferenz in Peking<\/a>. Claes Nobel sprach 1997 in der Royal Albert Hall in London \u00fcber ihre Nominierung f\u00fcr den Friedensnobelpreis. Als gro\u00dfer Bewunderer von Shri Mataji und Sahaja Yoga bezeichnete er sie als &#8220;eine Quelle der Hoffnung f\u00fcr die Menschheit&#8221; und &#8220;einen Bezugspunkt, um Recht von Unrecht zu unterscheiden&#8221;.<\/p>\n<div class=\"su-quote su-quote-style-default\"><div class=\"su-quote-inner su-u-clearfix su-u-trim\">Mein Leben ist jetzt ganz und gar dem Wohl der Menschheit gewidmet.<\/div><\/div>\n<p>Shri Mataji glaubte, dass das Potenzial der Selbst-Verwirklichung und der ganzheitliche Nutzen der <a href=\"https:\/\/shrimataji.org\/test\/de\/sahaja-yoga-meditation-de\/\" target=\"_blank\" rel=\"noopener\">Sahaja-Yoga-Meditation<\/a> f\u00fcr das pers\u00f6nliche und soziale Leben jedes Einzelnen die Grundlage f\u00fcr eine echte <a href=\"https:\/\/shrimataji.org\/test\/de\/gesellschaftliche-transformation\/\" target=\"_blank\" rel=\"noopener\">gesellschaftliche Transformation<\/a> sei. Sie gr\u00fcndete viele gemeinn\u00fctzige Organisationen, die auf den Prinzipien dieser einzigartigen inneren Ver\u00e4nderung basieren. Dazu geh\u00f6ren etwa ein Heim f\u00fcr mittellose Frauen und Kinder, mehrere<a href=\"https:\/\/isps.edu.in\/\" target=\"_blank\" rel=\"noopener\"> internationale Schulen<\/a>, ein <a href=\"http:\/\/www.sahajahealthcentre.com\/index.html\" target=\"_blank\" rel=\"noopener\">ganzheitliches Gesundheits- und Forschungszentrum<\/a> sowie eine internationale Akademie zur F\u00f6rderung der klassischen Musik und der sch\u00f6nen K\u00fcnste.<\/p>\n<p>Am 23. Februar 2011 verstarb Shri Mataji friedlich im Alter von 87 Jahren im italienischen Genua. Ihr Verm\u00e4chtnis lebt jedoch weiter -denn die Erfahrung der Selbst-Verwirklichung verwandelt weiterhin zahllose Leben, wo unter der liebevollen F\u00fcrsorge von Sahaja Yoginis und Yogis in den Meditationszentren von mehr als 100 L\u00e4ndern Sahaja Yoga immer kostenlos unterrichtet wird.<\/p>\n<div class=\"su-quote su-quote-style-default\"><div class=\"su-quote-inner su-u-clearfix su-u-trim\">Wie der Ozean an alle Ufer schl\u00e4gt und alle Wellen beim Zur\u00fccklaufen ein Muster weben, so konnte ich mein ganzes Leben als wunderbares Muster sehen. Und diese sch\u00f6ne Verflechtung kann man mit Worten nicht beschreiben.<\/div><\/div>\n\t<h4>Download<\/h4>\n<p><a href=\"https:\/\/shrimataji.org\/test\/wp-content\/uploads\/2024\/04\/Shri-Mataji-Nirmala-Devi-Kurzbiografie-1.pdf\" target=\"_blank\" rel=\"noopener\">Shri Mataji Nirmala Devi &#8211; Kurzbiografie<\/a> (pdf\/679kb)<\/p>\n<p><a href=\"https:\/\/shrimataji.org\/test\/wp-content\/uploads\/2024\/04\/Shri-Mataji-Nirmala-Devi-Chronik-wichtiger-Lebensereignisse.pdf\" target=\"_blank\" rel=\"noopener\">Shri Mataji Nirmala Devi &#8211; Chronik wichtiger Lebensereignisse<\/a> (pdf\/623kb)<\/p>\n\n","protected":false},"excerpt":{"rendered":"<p>Shri Mataji Biografie eines lebenslangen Engagements Unerm\u00fcdlich reiste Shri Mataji Nirmala Devi Tausende von Kilometern rund um den Globus. In abgelegenen D\u00f6rfern bis hin zu St\u00e4dten und Metropolen teilt sie selbstlos ihre einzigartige Entdeckung der wahren spirituellen Erleuchtung durch die Erfahrung der Selbst-Verwirklichung mit Millionen. Sie revolutioniert den sozialen Wandel auf der Grundlage innerer Transformation.&hellip; <br \/> <a class=\"read-more\" href=\"https:\/\/shrimataji.org\/test\/de\/shrimataji_de\/\">Read more<\/a><\/p>\n","protected":false},"author":10,"featured_media":9599,"parent":0,"menu_order":0,"comment_status":"closed","ping_status":"closed","template":"","meta":{"inline_featured_image":false,"footnotes":""},"class_list":["post-10694","page","type-page","status-publish","has-post-thumbnail","hentry"],"yoast_head":"<!-- This site is optimized with the Yoast SEO plugin v27.4 - https:\/\/yoast.com\/product\/yoast-seo-wordpress\/ -->\n<title>Shri Mataji DE - TEST - SMND<\/title>\n<meta name=\"robots\" content=\"noindex, follow, max-snippet:-1, max-image-preview:large, max-video-preview:-1\" \/>\n<meta property=\"og:locale\" content=\"en_US\" \/>\n<meta property=\"og:type\" content=\"article\" \/>\n<meta property=\"og:title\" content=\"Shri Mataji DE - TEST - SMND\" \/>\n<meta property=\"og:description\" content=\"Shri Mataji Biografie eines lebenslangen Engagements Unerm\u00fcdlich reiste Shri Mataji Nirmala Devi Tausende von Kilometern rund um den Globus. In abgelegenen D\u00f6rfern bis hin zu St\u00e4dten und Metropolen teilt sie selbstlos ihre einzigartige Entdeckung der wahren spirituellen Erleuchtung durch die Erfahrung der Selbst-Verwirklichung mit Millionen. Sie revolutioniert den sozialen Wandel auf der Grundlage innerer Transformation.&hellip; Read more\" \/>\n<meta property=\"og:url\" content=\"https:\/\/shrimataji.org\/test\/de\/shrimataji_de\/\" \/>\n<meta property=\"og:site_name\" content=\"TEST - SMND\" \/>\n<meta property=\"article:publisher\" content=\"https:\/\/www.facebook.com\/shrimataji\" \/>\n<meta property=\"article:modified_time\" content=\"2024-06-11T09:24:17+00:00\" \/>\n<meta property=\"og:image\" content=\"https:\/\/shrimataji.org\/test\/wp-content\/uploads\/2023\/03\/test_banner_inner_shrimataji-scaled.jpg\" \/>\n\t<meta property=\"og:image:width\" content=\"2560\" \/>\n\t<meta property=\"og:image:height\" content=\"1067\" \/>\n\t<meta property=\"og:image:type\" content=\"image\/jpeg\" \/>\n<meta name=\"twitter:card\" content=\"summary_large_image\" \/>\n<meta name=\"twitter:site\" content=\"@shrimataji\" \/>\n<meta name=\"twitter:label1\" content=\"Est. reading time\" \/>\n\t<meta name=\"twitter:data1\" content=\"5 minutes\" \/>\n<script type=\"application\/ld+json\" class=\"yoast-schema-graph\">{\"@context\":\"https:\\\/\\\/schema.org\",\"@graph\":[{\"@type\":\"WebPage\",\"@id\":\"https:\\\/\\\/shrimataji.org\\\/test\\\/de\\\/shrimataji_de\\\/\",\"url\":\"https:\\\/\\\/shrimataji.org\\\/test\\\/de\\\/shrimataji_de\\\/\",\"name\":\"Shri Mataji DE - TEST - SMND\",\"isPartOf\":{\"@id\":\"https:\\\/\\\/shrimataji.org\\\/test\\\/#website\"},\"primaryImageOfPage\":{\"@id\":\"https:\\\/\\\/shrimataji.org\\\/test\\\/de\\\/shrimataji_de\\\/#primaryimage\"},\"image\":{\"@id\":\"https:\\\/\\\/shrimataji.org\\\/test\\\/de\\\/shrimataji_de\\\/#primaryimage\"},\"thumbnailUrl\":\"https:\\\/\\\/shrimataji.org\\\/test\\\/wp-content\\\/uploads\\\/2023\\\/03\\\/test_banner_inner_shrimataji-scaled.jpg\",\"datePublished\":\"2018-07-10T06:54:42+00:00\",\"dateModified\":\"2024-06-11T09:24:17+00:00\",\"breadcrumb\":{\"@id\":\"https:\\\/\\\/shrimataji.org\\\/test\\\/de\\\/shrimataji_de\\\/#breadcrumb\"},\"inLanguage\":\"en-US\",\"potentialAction\":[{\"@type\":\"ReadAction\",\"target\":[\"https:\\\/\\\/shrimataji.org\\\/test\\\/de\\\/shrimataji_de\\\/\"]}]},{\"@type\":\"ImageObject\",\"inLanguage\":\"en-US\",\"@id\":\"https:\\\/\\\/shrimataji.org\\\/test\\\/de\\\/shrimataji_de\\\/#primaryimage\",\"url\":\"https:\\\/\\\/shrimataji.org\\\/test\\\/wp-content\\\/uploads\\\/2023\\\/03\\\/test_banner_inner_shrimataji-scaled.jpg\",\"contentUrl\":\"https:\\\/\\\/shrimataji.org\\\/test\\\/wp-content\\\/uploads\\\/2023\\\/03\\\/test_banner_inner_shrimataji-scaled.jpg\",\"width\":2560,\"height\":1067},{\"@type\":\"BreadcrumbList\",\"@id\":\"https:\\\/\\\/shrimataji.org\\\/test\\\/de\\\/shrimataji_de\\\/#breadcrumb\",\"itemListElement\":[{\"@type\":\"ListItem\",\"position\":1,\"name\":\"Home\",\"item\":\"https:\\\/\\\/shrimataji.org\\\/test\\\/uk\\\/home-en\\\/\"},{\"@type\":\"ListItem\",\"position\":2,\"name\":\"Shri Mataji DE\"}]},{\"@type\":\"WebSite\",\"@id\":\"https:\\\/\\\/shrimataji.org\\\/test\\\/#website\",\"url\":\"https:\\\/\\\/shrimataji.org\\\/test\\\/\",\"name\":\"Shri Mataji Nirmala Devi\",\"description\":\"A Life Dedicated to Humanity\",\"publisher\":{\"@id\":\"https:\\\/\\\/shrimataji.org\\\/test\\\/#\\\/schema\\\/person\\\/a1b3419c6585f164aa96da1ff85715d1\"},\"potentialAction\":[{\"@type\":\"SearchAction\",\"target\":{\"@type\":\"EntryPoint\",\"urlTemplate\":\"https:\\\/\\\/shrimataji.org\\\/test\\\/?s={search_term_string}\"},\"query-input\":{\"@type\":\"PropertyValueSpecification\",\"valueRequired\":true,\"valueName\":\"search_term_string\"}}],\"inLanguage\":\"en-US\"},{\"@type\":[\"Person\",\"Organization\"],\"@id\":\"https:\\\/\\\/shrimataji.org\\\/test\\\/#\\\/schema\\\/person\\\/a1b3419c6585f164aa96da1ff85715d1\",\"name\":\"Nirmala Shrivastava\",\"image\":{\"@type\":\"ImageObject\",\"inLanguage\":\"en-US\",\"@id\":\"https:\\\/\\\/shrimataji.org\\\/test\\\/wp-content\\\/uploads\\\/2023\\\/02\\\/SMO_LOGO-03.svg\",\"url\":\"https:\\\/\\\/shrimataji.org\\\/test\\\/wp-content\\\/uploads\\\/2023\\\/02\\\/SMO_LOGO-03.svg\",\"contentUrl\":\"https:\\\/\\\/shrimataji.org\\\/test\\\/wp-content\\\/uploads\\\/2023\\\/02\\\/SMO_LOGO-03.svg\",\"width\":\"1024\",\"height\":\"1024\",\"caption\":\"Nirmala Shrivastava\"},\"logo\":{\"@id\":\"https:\\\/\\\/shrimataji.org\\\/test\\\/wp-content\\\/uploads\\\/2023\\\/02\\\/SMO_LOGO-03.svg\"},\"sameAs\":[\"https:\\\/\\\/shrimataji.org\\\/test\",\"https:\\\/\\\/www.facebook.com\\\/shrimataji\",\"https:\\\/\\\/x.com\\\/shrimataji\",\"https:\\\/\\\/www.youtube.com\\\/@Shri_Mataji_Nirmala_Devi\\\/featured\"]}]}<\/script>\n<!-- \/ Yoast SEO plugin. -->","yoast_head_json":{"title":"Shri Mataji DE - TEST - SMND","robots":{"index":"noindex","follow":"follow","max-snippet":"max-snippet:-1","max-image-preview":"max-image-preview:large","max-video-preview":"max-video-preview:-1"},"og_locale":"en_US","og_type":"article","og_title":"Shri Mataji DE - TEST - SMND","og_description":"Shri Mataji Biografie eines lebenslangen Engagements Unerm\u00fcdlich reiste Shri Mataji Nirmala Devi Tausende von Kilometern rund um den Globus. In abgelegenen D\u00f6rfern bis hin zu St\u00e4dten und Metropolen teilt sie selbstlos ihre einzigartige Entdeckung der wahren spirituellen Erleuchtung durch die Erfahrung der Selbst-Verwirklichung mit Millionen. Sie revolutioniert den sozialen Wandel auf der Grundlage innerer Transformation.&hellip; Read more","og_url":"https:\/\/shrimataji.org\/test\/de\/shrimataji_de\/","og_site_name":"TEST - SMND","article_publisher":"https:\/\/www.facebook.com\/shrimataji","article_modified_time":"2024-06-11T09:24:17+00:00","og_image":[{"width":2560,"height":1067,"url":"https:\/\/shrimataji.org\/test\/wp-content\/uploads\/2023\/03\/test_banner_inner_shrimataji-scaled.jpg","type":"image\/jpeg"}],"twitter_card":"summary_large_image","twitter_site":"@shrimataji","twitter_misc":{"Est. reading time":"5 minutes"},"schema":{"@context":"https:\/\/schema.org","@graph":[{"@type":"WebPage","@id":"https:\/\/shrimataji.org\/test\/de\/shrimataji_de\/","url":"https:\/\/shrimataji.org\/test\/de\/shrimataji_de\/","name":"Shri Mataji DE - TEST - SMND","isPartOf":{"@id":"https:\/\/shrimataji.org\/test\/#website"},"primaryImageOfPage":{"@id":"https:\/\/shrimataji.org\/test\/de\/shrimataji_de\/#primaryimage"},"image":{"@id":"https:\/\/shrimataji.org\/test\/de\/shrimataji_de\/#primaryimage"},"thumbnailUrl":"https:\/\/shrimataji.org\/test\/wp-content\/uploads\/2023\/03\/test_banner_inner_shrimataji-scaled.jpg","datePublished":"2018-07-10T06:54:42+00:00","dateModified":"2024-06-11T09:24:17+00:00","breadcrumb":{"@id":"https:\/\/shrimataji.org\/test\/de\/shrimataji_de\/#breadcrumb"},"inLanguage":"en-US","potentialAction":[{"@type":"ReadAction","target":["https:\/\/shrimataji.org\/test\/de\/shrimataji_de\/"]}]},{"@type":"ImageObject","inLanguage":"en-US","@id":"https:\/\/shrimataji.org\/test\/de\/shrimataji_de\/#primaryimage","url":"https:\/\/shrimataji.org\/test\/wp-content\/uploads\/2023\/03\/test_banner_inner_shrimataji-scaled.jpg","contentUrl":"https:\/\/shrimataji.org\/test\/wp-content\/uploads\/2023\/03\/test_banner_inner_shrimataji-scaled.jpg","width":2560,"height":1067},{"@type":"BreadcrumbList","@id":"https:\/\/shrimataji.org\/test\/de\/shrimataji_de\/#breadcrumb","itemListElement":[{"@type":"ListItem","position":1,"name":"Home","item":"https:\/\/shrimataji.org\/test\/uk\/home-en\/"},{"@type":"ListItem","position":2,"name":"Shri Mataji DE"}]},{"@type":"WebSite","@id":"https:\/\/shrimataji.org\/test\/#website","url":"https:\/\/shrimataji.org\/test\/","name":"Shri Mataji Nirmala Devi","description":"A Life Dedicated to Humanity","publisher":{"@id":"https:\/\/shrimataji.org\/test\/#\/schema\/person\/a1b3419c6585f164aa96da1ff85715d1"},"potentialAction":[{"@type":"SearchAction","target":{"@type":"EntryPoint","urlTemplate":"https:\/\/shrimataji.org\/test\/?s={search_term_string}"},"query-input":{"@type":"PropertyValueSpecification","valueRequired":true,"valueName":"search_term_string"}}],"inLanguage":"en-US"},{"@type":["Person","Organization"],"@id":"https:\/\/shrimataji.org\/test\/#\/schema\/person\/a1b3419c6585f164aa96da1ff85715d1","name":"Nirmala Shrivastava","image":{"@type":"ImageObject","inLanguage":"en-US","@id":"https:\/\/shrimataji.org\/test\/wp-content\/uploads\/2023\/02\/SMO_LOGO-03.svg","url":"https:\/\/shrimataji.org\/test\/wp-content\/uploads\/2023\/02\/SMO_LOGO-03.svg","contentUrl":"https:\/\/shrimataji.org\/test\/wp-content\/uploads\/2023\/02\/SMO_LOGO-03.svg","width":"1024","height":"1024","caption":"Nirmala Shrivastava"},"logo":{"@id":"https:\/\/shrimataji.org\/test\/wp-content\/uploads\/2023\/02\/SMO_LOGO-03.svg"},"sameAs":["https:\/\/shrimataji.org\/test","https:\/\/www.facebook.com\/shrimataji","https:\/\/x.com\/shrimataji","https:\/\/www.youtube.com\/@Shri_Mataji_Nirmala_Devi\/featured"]}]}},"lang":"de","translations":{"de":10694,"ur":37503,"en":391,"pa":25918,"gu":25521,"th":20061,"hu":19566,"sq":18478,"zh":17375,"hi":8496,"tr":10210,"pt":10420,"fr":10792,"it":10890,"es":10987,"ja":11285,"ru":11473,"bn":11664,"te":11772,"sw":11895,"he":12043,"el":12335,"sk":12433,"fa":12531,"fi":12629,"bg":13463,"ro":14535,"cs":14728,"nl":16638,"ku":16798,"ar":16974,"be":18685,"kn":18959,"mr":20425,"uk":20719,"ml":21014,"ta":22796,"sv":23066,"bs":27296,"fil":29515,"sd":31010,"da":37812,"pl":38022,"nn":38364},"pll_sync_post":[],"_links":{"self":[{"href":"https:\/\/shrimataji.org\/test\/wp-json\/wp\/v2\/pages\/10694","targetHints":{"allow":["GET"]}}],"collection":[{"href":"https:\/\/shrimataji.org\/test\/wp-json\/wp\/v2\/pages"}],"about":[{"href":"https:\/\/shrimataji.org\/test\/wp-json\/wp\/v2\/types\/page"}],"author":[{"embeddable":true,"href":"https:\/\/shrimataji.org\/test\/wp-json\/wp\/v2\/users\/10"}],"replies":[{"embeddable":true,"href":"https:\/\/shrimataji.org\/test\/wp-json\/wp\/v2\/comments?post=10694"}],"version-history":[{"count":0,"href":"https:\/\/shrimataji.org\/test\/wp-json\/wp\/v2\/pages\/10694\/revisions"}],"wp:featuredmedia":[{"embeddable":true,"href":"https:\/\/shrimataji.org\/test\/wp-json\/wp\/v2\/media\/9599"}],"wp:attachment":[{"href":"https:\/\/shrimataji.org\/test\/wp-json\/wp\/v2\/media?parent=10694"}],"curies":[{"name":"wp","href":"https:\/\/api.w.org\/{rel}","templated":true}]}}