{"id":10696,"date":"2018-07-10T06:54:42","date_gmt":"2018-07-10T06:54:42","guid":{"rendered":"http:\/\/testwordpress.nirmalnagari.org\/smnd\/index.php\/work\/"},"modified":"2024-04-27T01:15:15","modified_gmt":"2024-04-27T01:15:15","slug":"gesellschaftliche-transformation","status":"publish","type":"page","link":"https:\/\/shrimataji.org\/test\/de\/gesellschaftliche-transformation\/","title":{"rendered":"Gesellschaftliche Transformation"},"content":{"rendered":"\n\n\t<h1>Gesellschaftliche Transformation<\/h1>\n<h2>Ein Dienst der Liebe<\/h2>\n\t<h4>Aufgewachsen in einer Familie, die Selbstaufopferung als h\u00f6chste Berufung ansah, widmete Shri Mataji ihr Leben einer andauernden Agenda \u00f6ffentlicher und spiritueller Arbeit.<\/h4>\n\t<p>Bereits in jungen Jahren beteiligte sie sich tatkr\u00e4ftig am indischen Freiheitskampf. Inmitten ihres arbeitsreichen Lebens als Ehefrau eines angesehenen indischen Diplomaten und als Mutter von zwei T\u00f6chtern nahm sie weiterhin wohlwollend Anteil an der sie umgebenden Welt. 1961 etwa rief sie die &#8220;Youth Society for Films&#8221; ins Leben, um nationale, soziale und moralische Werte bei jungen Menschen zu f\u00f6rdern und war ebenfalls Mitglied der Filmzensurbeh\u00f6rde in Mumbai.<\/p>\n<p>Als Gr\u00fcnderin von Sahaja Yoga und auf ihren ausgedehnten Reisen durch die ganze Welt traft sie mit vielen Menschen aus verschiedenen L\u00e4ndern, Kulturen, Einkommensschichten und sozialen Hintergr\u00fcnden zusammen. Sie begegnete ihnen interessiert und aufrichtig und erkannte, dass alle menschlichen Probleme aus der Unkenntnis ihres wahren inneren Potenzials als spirituelle Wesen herr\u00fchrten. Dieses Potenzial konnte durch die Verwirklichung des Selbst leicht zug\u00e4nglich gemacht werden, wobei der Schl\u00fcssel zur gesellschaftlichen in der individuellen inneren Transformation lag. Letztere diente als Grundlage f\u00fcr alle von Shri Mataji initiierten globalen Nichtregierungsorganisationen.<\/p>\n<p>Sie schuf wohlt\u00e4tige Organisationen wie den <a href=\"https:\/\/www.nirmalprem.org\/\" target=\"_blank\" rel=\"noopener\">Vishwa Nirmala Prem Ashram<\/a> f\u00fcr mittellose Frauen und Waisenkinder, gr\u00fcndete <a href=\"https:\/\/isps.edu.in\/\" target=\"_blank\" rel=\"noopener\">internationale Schulen<\/a> zur F\u00f6rderung einer auf Sahaja Yoga basierenden Bildung, richtete <a href=\"http:\/\/www.sahajahealthcentre.com\/index.html\" target=\"_blank\" rel=\"noopener\">ganzheitliche Gesundheitszentren<\/a> ein, schuf eine <a href=\"https:\/\/pksalveacademy.org\/\" target=\"_blank\" rel=\"noopener\">internationale Akademie zur F\u00f6rderung der klassischen Musik und der sch\u00f6nen K\u00fcnste<\/a> und vieles mehr. All diese Unternehmungen erg\u00e4nzten ihr globales Werk der spirituellen Transformation.<\/p>\n<p>Das 21. Jahrhundert stellt uns vor vielschichtige Herausforderungen. Die Antworten darauf werden die neuen Normen der Gesellschaft von morgen definieren und pr\u00e4gen. Menschen auf der ganzen Welt suchen nach L\u00f6sungen f\u00fcr gro\u00dfe Aufgaben im Zusammenhang mit globalen Pandemien, Klimawandel, sozio\u00f6konomischen Problemen, kulturellen Konflikten, religi\u00f6sem Fanatismus usw. Sie alle werden unseren menschlichen Fu\u00dfabdruck auf diesem Planeten Erde bestimmen.<\/p>\n<p>Viele soziale und wirtschaftliche Probleme heutiger Gesellschaften werden durch Gier und Materialismus verursacht. Shri Mataji betonte, dass Materialismus eine falsche Einstellung zur Materie spiegele und sie eigentlich den Zweck habe, uns Freude zu bereiten. Betrachten wir etwa ein sch\u00f6nes Kunstwerk, k\u00f6nnen wir es bewundern, m\u00fcssen es aber nicht besitzen. Auch wenn wir unsere Liebe durch ein Geschenk ausdr\u00fccken, verwenden wir Materie auf angemessene Weise. Dann empfinden wir eine echte und \u00fcber das verg\u00e4ngliche Vergn\u00fcgen hinausgehende Befriedigung, etwas zu kaufen und zu besitzen.<\/p>\n<p>Wird unser drittes subtiles Zentrum, das <a href=\"https:\/\/shrimataji.org\/test\/de\/nabhi-de\/\" target=\"_blank\" rel=\"noopener\">Nabhi Chakra<\/a>, nach unserer <a href=\"https:\/\/shrimataji.org\/test\/de\/selbst-verwirklichung\/\" target=\"_blank\" rel=\"noopener\">Selbst-Verwirklichung<\/a> durch das Erwachen der <a href=\"https:\/\/shrimataji.org\/test\/de\/kundalini_de\/\" target=\"_blank\" rel=\"noopener\">Kundalini <\/a>erleuchtet, f\u00fchlen wir uns vollkommen zufrieden. Frei von negativen Tendenzen der Gier und Habgier erkennen wir den spirituellen Wert der Materie. Wir empfinden ihn als positive Energie, die von Objekten aus nat\u00fcrlichen Materialen und sch\u00f6nen handgefertigten Werken und Gem\u00e4lden ausstrahlt. Shri Mataji f\u00fchrt diese Ph\u00e4nomene auf den spirituellen Faktor der Materie zur\u00fcck, der nach der Selbst-Verwirklichung sp\u00fcrbar wird.<\/p>\n<p>Interessanterweise steigert die Erleuchtung des zweiten Zentrums, des <a href=\"https:\/\/shrimataji.org\/test\/de\/swadhisthana-de\/\" target=\"_blank\" rel=\"noopener\">Swadhisthana Chakras<\/a>, unseren Sinn f\u00fcr Kreativit\u00e4t. Sie versetzt uns nicht nur in die Lage, die kreativen Werke anderer zu sch\u00e4tzen, sondern oft auch unser eigenes angeborenes kreatives Potenzial zu entdecken. Viele, die Sahaja Yoga praktizieren, staunen \u00fcber das exponentielle Wachstum ihrer kreativen Talente, die sich alle spontan aus reiner Inspiration und Intuition manifestieren.<\/p>\n<p>Shri Mataji beobachtete, wie sich diese sch\u00f6nen subtilen Qualit\u00e4ten nicht nur individuell manifestierten, sondern sie identifizierte sie auch als kollektive gesellschaftliche Kraft, die die selbstzerst\u00f6rerischen Tendenzen der Menschheit hin zu einem nachhaltigen Leben auf dem Planeten Erde ver\u00e4ndern k\u00f6nnte. Ihr Mitgef\u00fchl f\u00fcr und die Sorge um die Menschheit waren die Motivation f\u00fcr ihre Aktivit\u00e4ten, und daher bezeichnete sie ihre Arbeit nie als solche, sondern als Liebesdienst, der ihr sehr viel Freude bereitete.<\/p>\n\n","protected":false},"excerpt":{"rendered":"<p>Gesellschaftliche Transformation Ein Dienst der Liebe Aufgewachsen in einer Familie, die Selbstaufopferung als h\u00f6chste Berufung ansah, widmete Shri Mataji ihr Leben einer andauernden Agenda \u00f6ffentlicher und spiritueller Arbeit. Bereits in jungen Jahren beteiligte sie sich tatkr\u00e4ftig am indischen Freiheitskampf. Inmitten ihres arbeitsreichen Lebens als Ehefrau eines angesehenen indischen Diplomaten und als Mutter von zwei T\u00f6chtern&hellip; <br \/> <a class=\"read-more\" href=\"https:\/\/shrimataji.org\/test\/de\/gesellschaftliche-transformation\/\">Read more<\/a><\/p>\n","protected":false},"author":10,"featured_media":127,"parent":0,"menu_order":0,"comment_status":"closed","ping_status":"closed","template":"","meta":{"inline_featured_image":false,"footnotes":""},"class_list":["post-10696","page","type-page","status-publish","has-post-thumbnail","hentry"],"yoast_head":"<!-- This site is optimized with the Yoast SEO plugin v27.4 - https:\/\/yoast.com\/product\/yoast-seo-wordpress\/ -->\n<title>Gesellschaftliche Transformation - TEST - SMND<\/title>\n<meta name=\"robots\" content=\"noindex, follow, max-snippet:-1, max-image-preview:large, max-video-preview:-1\" \/>\n<meta property=\"og:locale\" content=\"en_US\" \/>\n<meta property=\"og:type\" content=\"article\" \/>\n<meta property=\"og:title\" content=\"Gesellschaftliche Transformation - TEST - SMND\" \/>\n<meta property=\"og:description\" content=\"Gesellschaftliche Transformation Ein Dienst der Liebe Aufgewachsen in einer Familie, die Selbstaufopferung als h\u00f6chste Berufung ansah, widmete Shri Mataji ihr Leben einer andauernden Agenda \u00f6ffentlicher und spiritueller Arbeit. Bereits in jungen Jahren beteiligte sie sich tatkr\u00e4ftig am indischen Freiheitskampf. Inmitten ihres arbeitsreichen Lebens als Ehefrau eines angesehenen indischen Diplomaten und als Mutter von zwei T\u00f6chtern&hellip; Read more\" \/>\n<meta property=\"og:url\" content=\"https:\/\/shrimataji.org\/test\/de\/gesellschaftliche-transformation\/\" \/>\n<meta property=\"og:site_name\" content=\"TEST - SMND\" \/>\n<meta property=\"article:publisher\" content=\"https:\/\/www.facebook.com\/shrimataji\" \/>\n<meta property=\"article:modified_time\" content=\"2024-04-27T01:15:15+00:00\" \/>\n<meta property=\"og:image\" content=\"https:\/\/shrimataji.org\/test\/wp-content\/uploads\/2018\/07\/media_originals\/images\/headers-general\/shri-mataji-arrival-in-rome-may-1985.jpg\" \/>\n\t<meta property=\"og:image:width\" content=\"990\" \/>\n\t<meta property=\"og:image:height\" content=\"350\" \/>\n\t<meta property=\"og:image:type\" content=\"image\/jpeg\" \/>\n<meta name=\"twitter:card\" content=\"summary_large_image\" \/>\n<meta name=\"twitter:site\" content=\"@shrimataji\" \/>\n<meta name=\"twitter:label1\" content=\"Est. reading time\" \/>\n\t<meta name=\"twitter:data1\" content=\"3 minutes\" \/>\n<script type=\"application\/ld+json\" class=\"yoast-schema-graph\">{\"@context\":\"https:\\\/\\\/schema.org\",\"@graph\":[{\"@type\":\"WebPage\",\"@id\":\"https:\\\/\\\/shrimataji.org\\\/test\\\/de\\\/gesellschaftliche-transformation\\\/\",\"url\":\"https:\\\/\\\/shrimataji.org\\\/test\\\/de\\\/gesellschaftliche-transformation\\\/\",\"name\":\"Gesellschaftliche Transformation - TEST - SMND\",\"isPartOf\":{\"@id\":\"https:\\\/\\\/shrimataji.org\\\/test\\\/#website\"},\"primaryImageOfPage\":{\"@id\":\"https:\\\/\\\/shrimataji.org\\\/test\\\/de\\\/gesellschaftliche-transformation\\\/#primaryimage\"},\"image\":{\"@id\":\"https:\\\/\\\/shrimataji.org\\\/test\\\/de\\\/gesellschaftliche-transformation\\\/#primaryimage\"},\"thumbnailUrl\":\"https:\\\/\\\/shrimataji.org\\\/test\\\/wp-content\\\/uploads\\\/2018\\\/07\\\/media_originals\\\/images\\\/headers-general\\\/shri-mataji-arrival-in-rome-may-1985.jpg\",\"datePublished\":\"2018-07-10T06:54:42+00:00\",\"dateModified\":\"2024-04-27T01:15:15+00:00\",\"breadcrumb\":{\"@id\":\"https:\\\/\\\/shrimataji.org\\\/test\\\/de\\\/gesellschaftliche-transformation\\\/#breadcrumb\"},\"inLanguage\":\"en-US\",\"potentialAction\":[{\"@type\":\"ReadAction\",\"target\":[\"https:\\\/\\\/shrimataji.org\\\/test\\\/de\\\/gesellschaftliche-transformation\\\/\"]}]},{\"@type\":\"ImageObject\",\"inLanguage\":\"en-US\",\"@id\":\"https:\\\/\\\/shrimataji.org\\\/test\\\/de\\\/gesellschaftliche-transformation\\\/#primaryimage\",\"url\":\"https:\\\/\\\/shrimataji.org\\\/test\\\/wp-content\\\/uploads\\\/2018\\\/07\\\/media_originals\\\/images\\\/headers-general\\\/shri-mataji-arrival-in-rome-may-1985.jpg\",\"contentUrl\":\"https:\\\/\\\/shrimataji.org\\\/test\\\/wp-content\\\/uploads\\\/2018\\\/07\\\/media_originals\\\/images\\\/headers-general\\\/shri-mataji-arrival-in-rome-may-1985.jpg\",\"width\":990,\"height\":350},{\"@type\":\"BreadcrumbList\",\"@id\":\"https:\\\/\\\/shrimataji.org\\\/test\\\/de\\\/gesellschaftliche-transformation\\\/#breadcrumb\",\"itemListElement\":[{\"@type\":\"ListItem\",\"position\":1,\"name\":\"Home\",\"item\":\"https:\\\/\\\/shrimataji.org\\\/test\\\/uk\\\/home-en\\\/\"},{\"@type\":\"ListItem\",\"position\":2,\"name\":\"Gesellschaftliche Transformation\"}]},{\"@type\":\"WebSite\",\"@id\":\"https:\\\/\\\/shrimataji.org\\\/test\\\/#website\",\"url\":\"https:\\\/\\\/shrimataji.org\\\/test\\\/\",\"name\":\"Shri Mataji Nirmala Devi\",\"description\":\"A Life Dedicated to Humanity\",\"publisher\":{\"@id\":\"https:\\\/\\\/shrimataji.org\\\/test\\\/#\\\/schema\\\/person\\\/a1b3419c6585f164aa96da1ff85715d1\"},\"potentialAction\":[{\"@type\":\"SearchAction\",\"target\":{\"@type\":\"EntryPoint\",\"urlTemplate\":\"https:\\\/\\\/shrimataji.org\\\/test\\\/?s={search_term_string}\"},\"query-input\":{\"@type\":\"PropertyValueSpecification\",\"valueRequired\":true,\"valueName\":\"search_term_string\"}}],\"inLanguage\":\"en-US\"},{\"@type\":[\"Person\",\"Organization\"],\"@id\":\"https:\\\/\\\/shrimataji.org\\\/test\\\/#\\\/schema\\\/person\\\/a1b3419c6585f164aa96da1ff85715d1\",\"name\":\"Nirmala Shrivastava\",\"image\":{\"@type\":\"ImageObject\",\"inLanguage\":\"en-US\",\"@id\":\"https:\\\/\\\/shrimataji.org\\\/test\\\/wp-content\\\/uploads\\\/2023\\\/02\\\/SMO_LOGO-03.svg\",\"url\":\"https:\\\/\\\/shrimataji.org\\\/test\\\/wp-content\\\/uploads\\\/2023\\\/02\\\/SMO_LOGO-03.svg\",\"contentUrl\":\"https:\\\/\\\/shrimataji.org\\\/test\\\/wp-content\\\/uploads\\\/2023\\\/02\\\/SMO_LOGO-03.svg\",\"width\":\"1024\",\"height\":\"1024\",\"caption\":\"Nirmala Shrivastava\"},\"logo\":{\"@id\":\"https:\\\/\\\/shrimataji.org\\\/test\\\/wp-content\\\/uploads\\\/2023\\\/02\\\/SMO_LOGO-03.svg\"},\"sameAs\":[\"https:\\\/\\\/shrimataji.org\\\/test\",\"https:\\\/\\\/www.facebook.com\\\/shrimataji\",\"https:\\\/\\\/x.com\\\/shrimataji\",\"https:\\\/\\\/www.youtube.com\\\/@Shri_Mataji_Nirmala_Devi\\\/featured\"]}]}<\/script>\n<!-- \/ Yoast SEO plugin. -->","yoast_head_json":{"title":"Gesellschaftliche Transformation - TEST - SMND","robots":{"index":"noindex","follow":"follow","max-snippet":"max-snippet:-1","max-image-preview":"max-image-preview:large","max-video-preview":"max-video-preview:-1"},"og_locale":"en_US","og_type":"article","og_title":"Gesellschaftliche Transformation - TEST - SMND","og_description":"Gesellschaftliche Transformation Ein Dienst der Liebe Aufgewachsen in einer Familie, die Selbstaufopferung als h\u00f6chste Berufung ansah, widmete Shri Mataji ihr Leben einer andauernden Agenda \u00f6ffentlicher und spiritueller Arbeit. Bereits in jungen Jahren beteiligte sie sich tatkr\u00e4ftig am indischen Freiheitskampf. Inmitten ihres arbeitsreichen Lebens als Ehefrau eines angesehenen indischen Diplomaten und als Mutter von zwei T\u00f6chtern&hellip; Read more","og_url":"https:\/\/shrimataji.org\/test\/de\/gesellschaftliche-transformation\/","og_site_name":"TEST - SMND","article_publisher":"https:\/\/www.facebook.com\/shrimataji","article_modified_time":"2024-04-27T01:15:15+00:00","og_image":[{"width":990,"height":350,"url":"https:\/\/shrimataji.org\/test\/wp-content\/uploads\/2018\/07\/media_originals\/images\/headers-general\/shri-mataji-arrival-in-rome-may-1985.jpg","type":"image\/jpeg"}],"twitter_card":"summary_large_image","twitter_site":"@shrimataji","twitter_misc":{"Est. reading time":"3 minutes"},"schema":{"@context":"https:\/\/schema.org","@graph":[{"@type":"WebPage","@id":"https:\/\/shrimataji.org\/test\/de\/gesellschaftliche-transformation\/","url":"https:\/\/shrimataji.org\/test\/de\/gesellschaftliche-transformation\/","name":"Gesellschaftliche Transformation - TEST - SMND","isPartOf":{"@id":"https:\/\/shrimataji.org\/test\/#website"},"primaryImageOfPage":{"@id":"https:\/\/shrimataji.org\/test\/de\/gesellschaftliche-transformation\/#primaryimage"},"image":{"@id":"https:\/\/shrimataji.org\/test\/de\/gesellschaftliche-transformation\/#primaryimage"},"thumbnailUrl":"https:\/\/shrimataji.org\/test\/wp-content\/uploads\/2018\/07\/media_originals\/images\/headers-general\/shri-mataji-arrival-in-rome-may-1985.jpg","datePublished":"2018-07-10T06:54:42+00:00","dateModified":"2024-04-27T01:15:15+00:00","breadcrumb":{"@id":"https:\/\/shrimataji.org\/test\/de\/gesellschaftliche-transformation\/#breadcrumb"},"inLanguage":"en-US","potentialAction":[{"@type":"ReadAction","target":["https:\/\/shrimataji.org\/test\/de\/gesellschaftliche-transformation\/"]}]},{"@type":"ImageObject","inLanguage":"en-US","@id":"https:\/\/shrimataji.org\/test\/de\/gesellschaftliche-transformation\/#primaryimage","url":"https:\/\/shrimataji.org\/test\/wp-content\/uploads\/2018\/07\/media_originals\/images\/headers-general\/shri-mataji-arrival-in-rome-may-1985.jpg","contentUrl":"https:\/\/shrimataji.org\/test\/wp-content\/uploads\/2018\/07\/media_originals\/images\/headers-general\/shri-mataji-arrival-in-rome-may-1985.jpg","width":990,"height":350},{"@type":"BreadcrumbList","@id":"https:\/\/shrimataji.org\/test\/de\/gesellschaftliche-transformation\/#breadcrumb","itemListElement":[{"@type":"ListItem","position":1,"name":"Home","item":"https:\/\/shrimataji.org\/test\/uk\/home-en\/"},{"@type":"ListItem","position":2,"name":"Gesellschaftliche Transformation"}]},{"@type":"WebSite","@id":"https:\/\/shrimataji.org\/test\/#website","url":"https:\/\/shrimataji.org\/test\/","name":"Shri Mataji Nirmala Devi","description":"A Life Dedicated to Humanity","publisher":{"@id":"https:\/\/shrimataji.org\/test\/#\/schema\/person\/a1b3419c6585f164aa96da1ff85715d1"},"potentialAction":[{"@type":"SearchAction","target":{"@type":"EntryPoint","urlTemplate":"https:\/\/shrimataji.org\/test\/?s={search_term_string}"},"query-input":{"@type":"PropertyValueSpecification","valueRequired":true,"valueName":"search_term_string"}}],"inLanguage":"en-US"},{"@type":["Person","Organization"],"@id":"https:\/\/shrimataji.org\/test\/#\/schema\/person\/a1b3419c6585f164aa96da1ff85715d1","name":"Nirmala Shrivastava","image":{"@type":"ImageObject","inLanguage":"en-US","@id":"https:\/\/shrimataji.org\/test\/wp-content\/uploads\/2023\/02\/SMO_LOGO-03.svg","url":"https:\/\/shrimataji.org\/test\/wp-content\/uploads\/2023\/02\/SMO_LOGO-03.svg","contentUrl":"https:\/\/shrimataji.org\/test\/wp-content\/uploads\/2023\/02\/SMO_LOGO-03.svg","width":"1024","height":"1024","caption":"Nirmala Shrivastava"},"logo":{"@id":"https:\/\/shrimataji.org\/test\/wp-content\/uploads\/2023\/02\/SMO_LOGO-03.svg"},"sameAs":["https:\/\/shrimataji.org\/test","https:\/\/www.facebook.com\/shrimataji","https:\/\/x.com\/shrimataji","https:\/\/www.youtube.com\/@Shri_Mataji_Nirmala_Devi\/featured"]}]}},"lang":"de","translations":{"de":10696,"ur":37508,"en":392,"pa":25922,"gu":25525,"th":20067,"hu":19570,"sq":18482,"zh":17379,"tr":10214,"pt":10422,"fr":10794,"it":10892,"es":10989,"ja":11287,"ru":11475,"bn":11666,"te":11774,"sw":11897,"he":12045,"el":12337,"sk":12435,"fa":12533,"fi":12631,"bg":13465,"ro":14537,"cs":14730,"nl":16642,"ku":16802,"ar":16978,"be":18689,"kn":18963,"mr":20431,"uk":20725,"ml":21020,"ta":22801,"sv":23070,"bs":27298,"fil":29519,"sd":31012,"da":37816,"pl":38026,"nn":38368},"pll_sync_post":[],"_links":{"self":[{"href":"https:\/\/shrimataji.org\/test\/wp-json\/wp\/v2\/pages\/10696","targetHints":{"allow":["GET"]}}],"collection":[{"href":"https:\/\/shrimataji.org\/test\/wp-json\/wp\/v2\/pages"}],"about":[{"href":"https:\/\/shrimataji.org\/test\/wp-json\/wp\/v2\/types\/page"}],"author":[{"embeddable":true,"href":"https:\/\/shrimataji.org\/test\/wp-json\/wp\/v2\/users\/10"}],"replies":[{"embeddable":true,"href":"https:\/\/shrimataji.org\/test\/wp-json\/wp\/v2\/comments?post=10696"}],"version-history":[{"count":0,"href":"https:\/\/shrimataji.org\/test\/wp-json\/wp\/v2\/pages\/10696\/revisions"}],"wp:featuredmedia":[{"embeddable":true,"href":"https:\/\/shrimataji.org\/test\/wp-json\/wp\/v2\/media\/127"}],"wp:attachment":[{"href":"https:\/\/shrimataji.org\/test\/wp-json\/wp\/v2\/media?parent=10696"}],"curies":[{"name":"wp","href":"https:\/\/api.w.org\/{rel}","templated":true}]}}