{"id":10697,"date":"2020-04-13T17:41:10","date_gmt":"2020-04-13T17:41:10","guid":{"rendered":"https:\/\/testwordpress.nirmalnagari.org\/smnd\/?page_id=3082"},"modified":"2024-04-27T01:15:19","modified_gmt":"2024-04-27T01:15:19","slug":"spirituelles-erwachen","status":"publish","type":"page","link":"https:\/\/shrimataji.org\/test\/de\/spirituelles-erwachen\/","title":{"rendered":"Spirituelles Erwachen"},"content":{"rendered":"\n\n\t<h1>Spirituelles Erwachen f\u00fcr alle<\/h1>\n<h2>Revolution\u00e4rer Wandel zur globalen Erleuchtung<\/h2>\n\t<h4><b>Shri Mataji wurde als Kind christlicher Eltern geboren, die die Essenz aller Religionen respektierten.<\/b> <b>Ihr Vater, Prasad K. Salve, war fasziniert <\/b><b>von Theologie <\/b><b>und ermutigte seine Kinder, ein Verst\u00e4ndnis f\u00fcr die Lehren aller gro\u00dfen Glaubensrichtungen zu entwickeln.<\/b> <b>Er erkannte, dass die letztendliche Einheit der Menschheit von einer umfassenden spirituellen Erleuchtung abhinge. Sie w\u00fcrde die allen Glaubenskonflikten <\/b><b>ein Ende setzen<\/b><b>, die die Welt seit Tausenden von Jahren plagten.<\/b><\/h4>\n<p>Shri Matajis Eltern lie\u00dfen sich von Mahatma Gandhis Philosophie der gewaltfreien Nicht-Kooperation inspirieren und beteiligten sich aktiv an seiner &#8220;Quit-India-Bewegung&#8221;<a href=\"#footnote-1\"><sup>[1]<\/sup><\/a>. Als junges M\u00e4dchen lebte Shri Mataji in Gandhis Ashram zusammen mit Hindus, Sikhs, Christen und Muslimen, die alle durch das gemeinsame Ziel der nationalen Freiheit und Unabh\u00e4ngigkeit verbunden waren. Als Indien sp\u00e4ter durch sektiererische Gewalt zerrissen wurde, gew\u00e4hrte Shri Matajis Familie, ungeachtet ihrer Religion, denjenigen Zuflucht, die dem Konflikt entkamen.<\/p>\n<p>Nach diesen intensiven und schwierigen Zeiten erkannte Shri Mataji, dass politische Freiheit nicht die endg\u00fcltige L\u00f6sung sei. Sie sah ihre wahre Lebensaufgabe darin, einen Beitrag zur spirituellen Transformation der Menschheit zu leisten. Bei ihrer Verm\u00e4hlung mit Chandrika P. Srivastava vereinbarte sie mit ihm, ihrer wahren Berufung erst nachzugehen, wenn ihre Kinder erwachsen und sesshaft w\u00e4ren.<\/p>\n<p>Erst 1970 hielt Shri Mataji die Zeit f\u00fcr gekommen, ihre eigentliche Mission auf der Erde zu beginnen. Sie hatte die Menschen und ihre Probleme studiert und wusste, dass die wahren Antworten in ihrem spirituellen Erwachen lagen &#8211; in einem Potenzial, das darauf wartete, freigesetzt zu werden.<\/p>\n<p>Obwohl sie auf den Lehren wahrer Propheten basierten, war es Shri Mataji klar, dass die konventionellen Religionen diesen spirituellen Ansto\u00df im menschlichen Bewusstsein nicht ausl\u00f6sen w\u00fcrden. Angewidert von falschen indischen Gurus und ihren ebenso ausbeuterischen Versprechungen, beschloss sie eines Abends, nicht l\u00e4nger zu warten. Am fr\u00fchen Morgen des 5. Mai 1970 meditierte sie an der Schwelle zu einer Neumondnacht an einem einsamen Strand in Nargol. Dabei sp\u00fcrte sie das Erwachen der sch\u00f6pferischen Urkraft in ihrem subtilen System &#8211; und diese tiefe spirituelle Erfahrung vermittelte ihr alle Antworten, um das Bewusstsein des ewigen Geistes in den Sucher\/-innen der Wahrheit zu wecken. Dieses historische Ereignis markierte den <a href=\"https:\/\/shrimataji.org\/test\/de\/entscheidender-moment\/\" target=\"_blank\" rel=\"noopener\">entscheidenden Moment<\/a> ihres Lebens &#8211; n\u00e4mlich die einzigartige M\u00f6glichkeit zur Entdeckung der spirituellen Erweckung en masse. Sp\u00e4ter begr\u00fcndete sie die als <a href=\"https:\/\/shrimataji.org\/test\/sahaja-yoga\/\" target=\"_blank\" rel=\"noopener\">Sahaja Yoga<\/a> bezeichnete Methode. W\u00f6rtlich \u00fcbersetzt bedeutet &#8220;Sahaja Yoga&#8221; &#8220;spontane und angeborene Vereinigung des Menschen mit der ewigen, g\u00f6ttlichen Kraft&#8221;. Dieser Kraft waren sie sich die Menschen allerdings noch nicht bewusst.<\/p>\n\t<p>Sahaja Yoga ist eine einfache und leichte Form der Meditation. Sie erweckt die jedem Menschen innewohnende, subtile und doch kraftvolle spirituelle Energie. Dieser Moment der Wahrheit ist als <a href=\"https:\/\/shrimataji.org\/test\/de\/selbst-verwirklichung\/\" target=\"_blank\" rel=\"noopener\">Selbst-Verwirklichung<\/a> bekannt &#8211; das schwer definierbare und erreichbare Ziel religi\u00f6ser Mystiker auf der ganzen Welt seit undenklichen Zeiten.<\/p>\n\t<div class=\"su-quote su-quote-style-default\"><div class=\"su-quote-inner su-u-clearfix su-u-trim\">Es gibt eine subtile lebendige Kraft &#8211; die g\u00f6ttliche Liebe. Sie vollbring alle lebendige Arbeit.<\/div><\/div>\n\t<p>Selbst-Verwirklichung sei Shri Mataji zufolge etwas, das hier und jetzt und nicht durch lebenslange Bu\u00dfe und Opfer erreicht werden kann. Bei ihren \u00f6ffentlichen Veranstaltungen betonte sie immer, dass jeder von uns sein eigener Meister und Lehrer sein m\u00fcsse. Wir sollten uns auf unsere eigene direkte Erfahrung der Wahrheit verlassen und nicht von einem Vermittler abh\u00e4ngig sein, der uns zur Erleuchtung f\u00fchre. Au\u00dferdem erkl\u00e4rte Shri Mataji alles, was sie sagte, zu einer Hypothese. Die Menschen sollten alles selbst \u00fcberpr\u00fcfen, denn blinder Glaube f\u00fchre zu nichts.<\/p>\n<p>Wahre Religion beruhe nicht auf Dogmen und Hierarchien, sondern auf einer absoluten Erkenntnis des Selbst als dem Geist. &#8220;Alle Religionen sind aus dem einen Baum des Lebens hervorgegangen, der Spiritualit\u00e4t. Religion ist dazu da, euch Frieden, Freude und Gl\u00fcck zu schenken und sie unterscheiden sich nicht. Doch wenn ihr euch selbst nicht kennt, wie wollt ihr dann etwas \u00fcber Religion wissen? Es ist also wichtig, zuerst sich selbst zu erkennen&#8221;, so Shri Mataji. Wenn ihr euch selbst als spirituelle Wesen erkennt, &#8220;werdet ihr die Religion verstehen, der ihr folgt&#8221; und &#8220;auch die Gro\u00dfartigkeit aller Propheten und Gurus&#8221;.<\/p>\n<p>Shri Mataji k\u00f6nnte man eher als eine &#8220;spirituelle Mutter&#8221; bezeichnen, denn als Guru oder Lehrerin. Motiviert von Mitgef\u00fchl und Liebe sorgte sie sich um das Wohlergehen und die Entwicklung der gesamten Menschheit. Dank ihrer Vision und ihres unerm\u00fcdlichen Einsatzes etablierte sich das moderne Sahaja Yoga in \u00fcber 100 L\u00e4ndern. Millionen k\u00f6nnen durch die <a href=\"https:\/\/shrimataji.org\/test\/de\/erfahrung-selbstverwirklichung\/\" target=\"_blank\" rel=\"noopener\">Erfahrung der Selbst-Verwirklichung<\/a> und die regelm\u00e4\u00dfige Praxis der Sahaja <a href=\"https:\/\/shrimataji.org\/test\/de\/sahaja-yoga-meditation-de\/\" target=\"_blank\" rel=\"noopener\">Yoga Meditation<\/a> ein ausgeglichenes und zufriedenes Leben f\u00fchren und haben dar\u00fcber hinaus teilweise schwere geistige und k\u00f6rperliche Behinderungen \u00fcberwunden.<\/p>\n\t<p><a id=\"footnote-1\"><\/a>[1] Eine von Mohandas K. Gandhi und dem Indischen Nationalkongress im August 1942 initiierte Bewegung des zivilen Ungehorsams. Sie rief zum entschlossenen, aber passiven Widerstand gegen\u00fcber der Herrschaft und zum geordneten R\u00fcckzug der Briten aus Indien auf.<\/p>\n\n","protected":false},"excerpt":{"rendered":"<p>Spirituelles Erwachen f\u00fcr alle Revolution\u00e4rer Wandel zur globalen Erleuchtung Shri Mataji wurde als Kind christlicher Eltern geboren, die die Essenz aller Religionen respektierten. Ihr Vater, Prasad K. Salve, war fasziniert von Theologie und ermutigte seine Kinder, ein Verst\u00e4ndnis f\u00fcr die Lehren aller gro\u00dfen Glaubensrichtungen zu entwickeln. Er erkannte, dass die letztendliche Einheit der Menschheit von&hellip; <br \/> <a class=\"read-more\" href=\"https:\/\/shrimataji.org\/test\/de\/spirituelles-erwachen\/\">Read more<\/a><\/p>\n","protected":false},"author":10,"featured_media":303,"parent":0,"menu_order":0,"comment_status":"closed","ping_status":"closed","template":"","meta":{"inline_featured_image":false,"footnotes":""},"class_list":["post-10697","page","type-page","status-publish","has-post-thumbnail","hentry"],"yoast_head":"<!-- This site is optimized with the Yoast SEO plugin v27.4 - https:\/\/yoast.com\/product\/yoast-seo-wordpress\/ -->\n<title>Spirituelles Erwachen - TEST - SMND<\/title>\n<meta name=\"robots\" content=\"noindex, follow, max-snippet:-1, max-image-preview:large, max-video-preview:-1\" \/>\n<meta property=\"og:locale\" content=\"en_US\" \/>\n<meta property=\"og:type\" content=\"article\" \/>\n<meta property=\"og:title\" content=\"Spirituelles Erwachen - TEST - SMND\" \/>\n<meta property=\"og:description\" content=\"Spirituelles Erwachen f\u00fcr alle Revolution\u00e4rer Wandel zur globalen Erleuchtung Shri Mataji wurde als Kind christlicher Eltern geboren, die die Essenz aller Religionen respektierten. Ihr Vater, Prasad K. Salve, war fasziniert von Theologie und ermutigte seine Kinder, ein Verst\u00e4ndnis f\u00fcr die Lehren aller gro\u00dfen Glaubensrichtungen zu entwickeln. Er erkannte, dass die letztendliche Einheit der Menschheit von&hellip; Read more\" \/>\n<meta property=\"og:url\" content=\"https:\/\/shrimataji.org\/test\/de\/spirituelles-erwachen\/\" \/>\n<meta property=\"og:site_name\" content=\"TEST - SMND\" \/>\n<meta property=\"article:publisher\" content=\"https:\/\/www.facebook.com\/shrimataji\" \/>\n<meta property=\"article:modified_time\" content=\"2024-04-27T01:15:19+00:00\" \/>\n<meta property=\"og:image\" content=\"https:\/\/shrimataji.org\/test\/wp-content\/uploads\/2018\/07\/media_originals\/images\/shri-mataji-with-people\/shri-mataji-with-village-people-in-india.jpg\" \/>\n\t<meta property=\"og:image:width\" content=\"1500\" \/>\n\t<meta property=\"og:image:height\" content=\"980\" \/>\n\t<meta property=\"og:image:type\" content=\"image\/jpeg\" \/>\n<meta name=\"twitter:card\" content=\"summary_large_image\" \/>\n<meta name=\"twitter:site\" content=\"@shrimataji\" \/>\n<meta name=\"twitter:label1\" content=\"Est. reading time\" \/>\n\t<meta name=\"twitter:data1\" content=\"4 minutes\" \/>\n<script type=\"application\/ld+json\" class=\"yoast-schema-graph\">{\"@context\":\"https:\\\/\\\/schema.org\",\"@graph\":[{\"@type\":\"WebPage\",\"@id\":\"https:\\\/\\\/shrimataji.org\\\/test\\\/de\\\/spirituelles-erwachen\\\/\",\"url\":\"https:\\\/\\\/shrimataji.org\\\/test\\\/de\\\/spirituelles-erwachen\\\/\",\"name\":\"Spirituelles Erwachen - TEST - SMND\",\"isPartOf\":{\"@id\":\"https:\\\/\\\/shrimataji.org\\\/test\\\/#website\"},\"primaryImageOfPage\":{\"@id\":\"https:\\\/\\\/shrimataji.org\\\/test\\\/de\\\/spirituelles-erwachen\\\/#primaryimage\"},\"image\":{\"@id\":\"https:\\\/\\\/shrimataji.org\\\/test\\\/de\\\/spirituelles-erwachen\\\/#primaryimage\"},\"thumbnailUrl\":\"https:\\\/\\\/shrimataji.org\\\/test\\\/wp-content\\\/uploads\\\/2018\\\/07\\\/media_originals\\\/images\\\/shri-mataji-with-people\\\/shri-mataji-with-village-people-in-india.jpg\",\"datePublished\":\"2020-04-13T17:41:10+00:00\",\"dateModified\":\"2024-04-27T01:15:19+00:00\",\"breadcrumb\":{\"@id\":\"https:\\\/\\\/shrimataji.org\\\/test\\\/de\\\/spirituelles-erwachen\\\/#breadcrumb\"},\"inLanguage\":\"en-US\",\"potentialAction\":[{\"@type\":\"ReadAction\",\"target\":[\"https:\\\/\\\/shrimataji.org\\\/test\\\/de\\\/spirituelles-erwachen\\\/\"]}]},{\"@type\":\"ImageObject\",\"inLanguage\":\"en-US\",\"@id\":\"https:\\\/\\\/shrimataji.org\\\/test\\\/de\\\/spirituelles-erwachen\\\/#primaryimage\",\"url\":\"https:\\\/\\\/shrimataji.org\\\/test\\\/wp-content\\\/uploads\\\/2018\\\/07\\\/media_originals\\\/images\\\/shri-mataji-with-people\\\/shri-mataji-with-village-people-in-india.jpg\",\"contentUrl\":\"https:\\\/\\\/shrimataji.org\\\/test\\\/wp-content\\\/uploads\\\/2018\\\/07\\\/media_originals\\\/images\\\/shri-mataji-with-people\\\/shri-mataji-with-village-people-in-india.jpg\",\"width\":1500,\"height\":980},{\"@type\":\"BreadcrumbList\",\"@id\":\"https:\\\/\\\/shrimataji.org\\\/test\\\/de\\\/spirituelles-erwachen\\\/#breadcrumb\",\"itemListElement\":[{\"@type\":\"ListItem\",\"position\":1,\"name\":\"Home\",\"item\":\"https:\\\/\\\/shrimataji.org\\\/test\\\/uk\\\/home-en\\\/\"},{\"@type\":\"ListItem\",\"position\":2,\"name\":\"Spirituelles Erwachen\"}]},{\"@type\":\"WebSite\",\"@id\":\"https:\\\/\\\/shrimataji.org\\\/test\\\/#website\",\"url\":\"https:\\\/\\\/shrimataji.org\\\/test\\\/\",\"name\":\"Shri Mataji Nirmala Devi\",\"description\":\"A Life Dedicated to Humanity\",\"publisher\":{\"@id\":\"https:\\\/\\\/shrimataji.org\\\/test\\\/#\\\/schema\\\/person\\\/a1b3419c6585f164aa96da1ff85715d1\"},\"potentialAction\":[{\"@type\":\"SearchAction\",\"target\":{\"@type\":\"EntryPoint\",\"urlTemplate\":\"https:\\\/\\\/shrimataji.org\\\/test\\\/?s={search_term_string}\"},\"query-input\":{\"@type\":\"PropertyValueSpecification\",\"valueRequired\":true,\"valueName\":\"search_term_string\"}}],\"inLanguage\":\"en-US\"},{\"@type\":[\"Person\",\"Organization\"],\"@id\":\"https:\\\/\\\/shrimataji.org\\\/test\\\/#\\\/schema\\\/person\\\/a1b3419c6585f164aa96da1ff85715d1\",\"name\":\"Nirmala Shrivastava\",\"image\":{\"@type\":\"ImageObject\",\"inLanguage\":\"en-US\",\"@id\":\"https:\\\/\\\/shrimataji.org\\\/test\\\/wp-content\\\/uploads\\\/2023\\\/02\\\/SMO_LOGO-03.svg\",\"url\":\"https:\\\/\\\/shrimataji.org\\\/test\\\/wp-content\\\/uploads\\\/2023\\\/02\\\/SMO_LOGO-03.svg\",\"contentUrl\":\"https:\\\/\\\/shrimataji.org\\\/test\\\/wp-content\\\/uploads\\\/2023\\\/02\\\/SMO_LOGO-03.svg\",\"width\":\"1024\",\"height\":\"1024\",\"caption\":\"Nirmala Shrivastava\"},\"logo\":{\"@id\":\"https:\\\/\\\/shrimataji.org\\\/test\\\/wp-content\\\/uploads\\\/2023\\\/02\\\/SMO_LOGO-03.svg\"},\"sameAs\":[\"https:\\\/\\\/shrimataji.org\\\/test\",\"https:\\\/\\\/www.facebook.com\\\/shrimataji\",\"https:\\\/\\\/x.com\\\/shrimataji\",\"https:\\\/\\\/www.youtube.com\\\/@Shri_Mataji_Nirmala_Devi\\\/featured\"]}]}<\/script>\n<!-- \/ Yoast SEO plugin. -->","yoast_head_json":{"title":"Spirituelles Erwachen - TEST - SMND","robots":{"index":"noindex","follow":"follow","max-snippet":"max-snippet:-1","max-image-preview":"max-image-preview:large","max-video-preview":"max-video-preview:-1"},"og_locale":"en_US","og_type":"article","og_title":"Spirituelles Erwachen - TEST - SMND","og_description":"Spirituelles Erwachen f\u00fcr alle Revolution\u00e4rer Wandel zur globalen Erleuchtung Shri Mataji wurde als Kind christlicher Eltern geboren, die die Essenz aller Religionen respektierten. Ihr Vater, Prasad K. Salve, war fasziniert von Theologie und ermutigte seine Kinder, ein Verst\u00e4ndnis f\u00fcr die Lehren aller gro\u00dfen Glaubensrichtungen zu entwickeln. Er erkannte, dass die letztendliche Einheit der Menschheit von&hellip; Read more","og_url":"https:\/\/shrimataji.org\/test\/de\/spirituelles-erwachen\/","og_site_name":"TEST - SMND","article_publisher":"https:\/\/www.facebook.com\/shrimataji","article_modified_time":"2024-04-27T01:15:19+00:00","og_image":[{"width":1500,"height":980,"url":"https:\/\/shrimataji.org\/test\/wp-content\/uploads\/2018\/07\/media_originals\/images\/shri-mataji-with-people\/shri-mataji-with-village-people-in-india.jpg","type":"image\/jpeg"}],"twitter_card":"summary_large_image","twitter_site":"@shrimataji","twitter_misc":{"Est. reading time":"4 minutes"},"schema":{"@context":"https:\/\/schema.org","@graph":[{"@type":"WebPage","@id":"https:\/\/shrimataji.org\/test\/de\/spirituelles-erwachen\/","url":"https:\/\/shrimataji.org\/test\/de\/spirituelles-erwachen\/","name":"Spirituelles Erwachen - TEST - SMND","isPartOf":{"@id":"https:\/\/shrimataji.org\/test\/#website"},"primaryImageOfPage":{"@id":"https:\/\/shrimataji.org\/test\/de\/spirituelles-erwachen\/#primaryimage"},"image":{"@id":"https:\/\/shrimataji.org\/test\/de\/spirituelles-erwachen\/#primaryimage"},"thumbnailUrl":"https:\/\/shrimataji.org\/test\/wp-content\/uploads\/2018\/07\/media_originals\/images\/shri-mataji-with-people\/shri-mataji-with-village-people-in-india.jpg","datePublished":"2020-04-13T17:41:10+00:00","dateModified":"2024-04-27T01:15:19+00:00","breadcrumb":{"@id":"https:\/\/shrimataji.org\/test\/de\/spirituelles-erwachen\/#breadcrumb"},"inLanguage":"en-US","potentialAction":[{"@type":"ReadAction","target":["https:\/\/shrimataji.org\/test\/de\/spirituelles-erwachen\/"]}]},{"@type":"ImageObject","inLanguage":"en-US","@id":"https:\/\/shrimataji.org\/test\/de\/spirituelles-erwachen\/#primaryimage","url":"https:\/\/shrimataji.org\/test\/wp-content\/uploads\/2018\/07\/media_originals\/images\/shri-mataji-with-people\/shri-mataji-with-village-people-in-india.jpg","contentUrl":"https:\/\/shrimataji.org\/test\/wp-content\/uploads\/2018\/07\/media_originals\/images\/shri-mataji-with-people\/shri-mataji-with-village-people-in-india.jpg","width":1500,"height":980},{"@type":"BreadcrumbList","@id":"https:\/\/shrimataji.org\/test\/de\/spirituelles-erwachen\/#breadcrumb","itemListElement":[{"@type":"ListItem","position":1,"name":"Home","item":"https:\/\/shrimataji.org\/test\/uk\/home-en\/"},{"@type":"ListItem","position":2,"name":"Spirituelles Erwachen"}]},{"@type":"WebSite","@id":"https:\/\/shrimataji.org\/test\/#website","url":"https:\/\/shrimataji.org\/test\/","name":"Shri Mataji Nirmala Devi","description":"A Life Dedicated to Humanity","publisher":{"@id":"https:\/\/shrimataji.org\/test\/#\/schema\/person\/a1b3419c6585f164aa96da1ff85715d1"},"potentialAction":[{"@type":"SearchAction","target":{"@type":"EntryPoint","urlTemplate":"https:\/\/shrimataji.org\/test\/?s={search_term_string}"},"query-input":{"@type":"PropertyValueSpecification","valueRequired":true,"valueName":"search_term_string"}}],"inLanguage":"en-US"},{"@type":["Person","Organization"],"@id":"https:\/\/shrimataji.org\/test\/#\/schema\/person\/a1b3419c6585f164aa96da1ff85715d1","name":"Nirmala Shrivastava","image":{"@type":"ImageObject","inLanguage":"en-US","@id":"https:\/\/shrimataji.org\/test\/wp-content\/uploads\/2023\/02\/SMO_LOGO-03.svg","url":"https:\/\/shrimataji.org\/test\/wp-content\/uploads\/2023\/02\/SMO_LOGO-03.svg","contentUrl":"https:\/\/shrimataji.org\/test\/wp-content\/uploads\/2023\/02\/SMO_LOGO-03.svg","width":"1024","height":"1024","caption":"Nirmala Shrivastava"},"logo":{"@id":"https:\/\/shrimataji.org\/test\/wp-content\/uploads\/2023\/02\/SMO_LOGO-03.svg"},"sameAs":["https:\/\/shrimataji.org\/test","https:\/\/www.facebook.com\/shrimataji","https:\/\/x.com\/shrimataji","https:\/\/www.youtube.com\/@Shri_Mataji_Nirmala_Devi\/featured"]}]}},"lang":"de","translations":{"de":10697,"ur":37510,"en":3082,"am":18083,"th":20070,"hu":19572,"sq":18484,"zh":17381,"tr":10215,"pt":10423,"fr":10795,"it":10893,"es":10990,"ja":11288,"ru":11476,"bn":11667,"te":11775,"sw":11898,"he":12046,"el":12338,"sk":12436,"fa":12534,"fi":12632,"bg":13430,"ro":14504,"cs":14697,"nl":16644,"ku":16804,"ar":16980,"be":18691,"kn":18965,"mr":20434,"uk":20728,"ml":21023,"ta":22803,"sv":23072,"gu":28906,"pa":29066,"fil":29521,"da":37818,"pl":38028,"nn":38370},"pll_sync_post":[],"_links":{"self":[{"href":"https:\/\/shrimataji.org\/test\/wp-json\/wp\/v2\/pages\/10697","targetHints":{"allow":["GET"]}}],"collection":[{"href":"https:\/\/shrimataji.org\/test\/wp-json\/wp\/v2\/pages"}],"about":[{"href":"https:\/\/shrimataji.org\/test\/wp-json\/wp\/v2\/types\/page"}],"author":[{"embeddable":true,"href":"https:\/\/shrimataji.org\/test\/wp-json\/wp\/v2\/users\/10"}],"replies":[{"embeddable":true,"href":"https:\/\/shrimataji.org\/test\/wp-json\/wp\/v2\/comments?post=10697"}],"version-history":[{"count":0,"href":"https:\/\/shrimataji.org\/test\/wp-json\/wp\/v2\/pages\/10697\/revisions"}],"wp:featuredmedia":[{"embeddable":true,"href":"https:\/\/shrimataji.org\/test\/wp-json\/wp\/v2\/media\/303"}],"wp:attachment":[{"href":"https:\/\/shrimataji.org\/test\/wp-json\/wp\/v2\/media?parent=10697"}],"curies":[{"name":"wp","href":"https:\/\/api.w.org\/{rel}","templated":true}]}}