{"id":10698,"date":"2022-01-29T10:35:29","date_gmt":"2022-01-29T10:35:29","guid":{"rendered":"https:\/\/test.shrimataji.org\/?page_id=6416"},"modified":"2024-06-11T09:24:17","modified_gmt":"2024-06-11T09:24:17","slug":"sushumna-de","status":"publish","type":"page","link":"https:\/\/shrimataji.org\/test\/de\/sushumna-de\/","title":{"rendered":"Sushumna Nadi DE"},"content":{"rendered":"\n\n\t<h1>Sushumna Nadi<\/h1>\n<h2>Gleichgewicht und Evolution<\/h2>\n\t<h4>Der zentrale Energiekanal oder -pfad wird im Sanskrit als <em>Sushumna Nadi<\/em> bezeichnet. Er beginnt im Kreuzbein an der Basis der Wirbels\u00e4ule &#8211; dem Sitz der ruhenden <a href=\"https:\/\/shrimataji.org\/test\/de\/kundalini_de\/\" target=\"_blank\" rel=\"noopener\">Kundalini-Energie<\/a>. Er m\u00fcndet in das <a href=\"https:\/\/shrimataji.org\/test\/de\/sahasrara-de\/\">Sahasrara Chakra<\/a> im Bereich der Fontanelle auf dem Scheitel des Kopfes.<\/h4>\n<p>Der zentrale Energiekanal st\u00fctzt unser spirituelles Wachstum. Er ist bei selbst-verwirklichten Seelen und auch bei jenen hochentwickelt, die dem Weg der Rechtschaffenheit folgen und sich an Tugenden halten. Die Aktivierung des Sushumna Nadi nach der Selbst-Verwirklichung manifestiert die wunderbaren Qualit\u00e4ten des <em>Sattwa Gunas<\/em> &#8211; die Stimmung der Rechtschaffenheit &#8211; in unserem Bewusstsein. Dadurch k\u00f6nnen wir uns kontinuierlich weiterentwickeln und verst\u00e4rkt auf die subtileren Aspekte des Lebens konzentrieren.<\/p>\n\t\t\t\t<a href=\"https:\/\/shrimataji.org\/test\/wp-content\/uploads\/2023\/02\/4_Sushumna-Nadi-01.png\" target=\"_blank\" rel=\"noopener\">\n\t\t\t\t<img loading=\"lazy\" decoding=\"async\" src=\"https:\/\/shrimataji.org\/test\/wp-content\/uploads\/2024\/04\/DE_Sushumna-Nadi.png\" alt=\"DE_Sushumna-Nadi\" height=\"1633\" width=\"1543\" title=\"DE_Sushumna-Nadi\" \/>\n\t\t\t\t<\/a>\n\t\n\t<p>Unser feinstoffliches System ist als Ganzes in das Sahasrara Chakra integriert. Das auch &#8220;Tausendbl\u00e4ttriger Lotos&#8221; genannte Energiezentrum spielt die wichtigste Rolle bei unserem spirituellem Wachstum und unsere Meditation. Dort kann sich unsere Kundalini am besten entfalten und h\u00f6here Bewusstseinszust\u00e4nde manifestieren.<\/p>\n<p>Die Beseitigung von Hindernissen im zentralen Energiekanal ist ein wesentlicher Bestandteil von Sahaja Yoga. Es ist einfach, einen Gleichgewichtszustand aufrechtzuerhalten, wenn unser zentraler Kanal gekl\u00e4rt ist. Dies ebnet den Weg f\u00fcr die Kundalini, um sich problemlos zum Sahasrara Chakra zu erheben und sich dort &#8211; zusammen mit unserem nun erleuchteten Selbst &#8211; mit der allesdurchdringenden g\u00f6ttlichen Energie zu vereinigen. In den alten spirituellen Traditionen ist diese Energie unter vielen Namen bekannt und Shri Mataji bezeichnete sie als <a href=\"https:\/\/shrimataji.org\/test\/de\/paramchaitanya_de\/\" target=\"_blank\" rel=\"noopener\"><em><u>Paramchaitanya<\/u><\/em><\/a>. Das richtige Funktion der Sushumna Nadi ist f\u00fcr die Aufrechterhaltung des subtilen Energiegleichgewichts aller <a href=\"https:\/\/shrimataji.org\/test\/de\/chakren-und-qualitaeten\/\" target=\"_blank\" rel=\"noopener\"><u>Chakren<\/u><\/a> und <a href=\"https:\/\/shrimataji.org\/test\/de\/nadis-gunas\/\" target=\"_blank\" rel=\"noopener\">Nadis<\/a> entscheidend.<\/p>\n<p>Trotz dieses komplexen Anscheins, verwendet Shri Mataji einfache Analogien, damit auch einfache Menschen das Yoga-Wissen verstehen.\u00a0 Ein wesentlicher Teil der Yoga-Schriften betont die Notwendigkeit, zwischen unserem linken und rechten Energiekanal ein Gleichgewicht herzustellen &#8211; also zwischen unseren Emotionen und W\u00fcnschen einerseits und unseren Handlungen andererseits. Gleichzeitig m\u00f6chten wir unser Leben leben und es genie\u00dfen. Ein ausgeglichenes und zufriedenes Leben bietet uns die M\u00f6glichkeit, unsere Zeit fruchtbar zu nutzen und uns auf den Sinn unseres Daseins auf der Erde zu konzentrieren &#8211; n\u00e4mlich unser h\u00f6chstm\u00f6gliches spirituelles Potenzial zu entwickeln. Halten wir alle drei Kan\u00e4le im Gleichgewicht und rein, haben wir die Kraft, unser Leben und seine Herausforderungen mit Leichtigkeit zu meistern. Au\u00dferdem erleben und genie\u00dfen wir alle seine Aspekte auf ausgewogene und sinnvolle Art und Weise.<\/p>\n\n","protected":false},"excerpt":{"rendered":"<p>Sushumna Nadi Gleichgewicht und Evolution Der zentrale Energiekanal oder -pfad wird im Sanskrit als Sushumna Nadi bezeichnet. Er beginnt im Kreuzbein an der Basis der Wirbels\u00e4ule &#8211; dem Sitz der ruhenden Kundalini-Energie. Er m\u00fcndet in das Sahasrara Chakra im Bereich der Fontanelle auf dem Scheitel des Kopfes. Der zentrale Energiekanal st\u00fctzt unser spirituelles Wachstum. Er&hellip; <br \/> <a class=\"read-more\" href=\"https:\/\/shrimataji.org\/test\/de\/sushumna-de\/\">Read more<\/a><\/p>\n","protected":false},"author":10,"featured_media":9249,"parent":0,"menu_order":0,"comment_status":"closed","ping_status":"closed","template":"","meta":{"inline_featured_image":false,"footnotes":""},"class_list":["post-10698","page","type-page","status-publish","has-post-thumbnail","hentry"],"yoast_head":"<!-- This site is optimized with the Yoast SEO plugin v27.4 - https:\/\/yoast.com\/product\/yoast-seo-wordpress\/ -->\n<title>Sushumna Nadi DE - TEST - SMND<\/title>\n<meta name=\"robots\" content=\"noindex, follow, max-snippet:-1, max-image-preview:large, max-video-preview:-1\" \/>\n<meta property=\"og:locale\" content=\"en_US\" \/>\n<meta property=\"og:type\" content=\"article\" \/>\n<meta property=\"og:title\" content=\"Sushumna Nadi DE - TEST - SMND\" \/>\n<meta property=\"og:description\" content=\"Sushumna Nadi Gleichgewicht und Evolution Der zentrale Energiekanal oder -pfad wird im Sanskrit als Sushumna Nadi bezeichnet. Er beginnt im Kreuzbein an der Basis der Wirbels\u00e4ule &#8211; dem Sitz der ruhenden Kundalini-Energie. Er m\u00fcndet in das Sahasrara Chakra im Bereich der Fontanelle auf dem Scheitel des Kopfes. Der zentrale Energiekanal st\u00fctzt unser spirituelles Wachstum. Er&hellip; Read more\" \/>\n<meta property=\"og:url\" content=\"https:\/\/shrimataji.org\/test\/de\/sushumna-de\/\" \/>\n<meta property=\"og:site_name\" content=\"TEST - SMND\" \/>\n<meta property=\"article:publisher\" content=\"https:\/\/www.facebook.com\/shrimataji\" \/>\n<meta property=\"article:modified_time\" content=\"2024-06-11T09:24:17+00:00\" \/>\n<meta property=\"og:image\" content=\"https:\/\/shrimataji.org\/test\/wp-content\/uploads\/2023\/03\/14_Banner-SY-Sushumna-scaled.jpg\" \/>\n\t<meta property=\"og:image:width\" content=\"2560\" \/>\n\t<meta property=\"og:image:height\" content=\"905\" \/>\n\t<meta property=\"og:image:type\" content=\"image\/jpeg\" \/>\n<meta name=\"twitter:card\" content=\"summary_large_image\" \/>\n<meta name=\"twitter:site\" content=\"@shrimataji\" \/>\n<meta name=\"twitter:label1\" content=\"Est. reading time\" \/>\n\t<meta name=\"twitter:data1\" content=\"2 minutes\" \/>\n<script type=\"application\/ld+json\" class=\"yoast-schema-graph\">{\"@context\":\"https:\\\/\\\/schema.org\",\"@graph\":[{\"@type\":\"WebPage\",\"@id\":\"https:\\\/\\\/shrimataji.org\\\/test\\\/de\\\/sushumna-de\\\/\",\"url\":\"https:\\\/\\\/shrimataji.org\\\/test\\\/de\\\/sushumna-de\\\/\",\"name\":\"Sushumna Nadi DE - TEST - SMND\",\"isPartOf\":{\"@id\":\"https:\\\/\\\/shrimataji.org\\\/test\\\/#website\"},\"primaryImageOfPage\":{\"@id\":\"https:\\\/\\\/shrimataji.org\\\/test\\\/de\\\/sushumna-de\\\/#primaryimage\"},\"image\":{\"@id\":\"https:\\\/\\\/shrimataji.org\\\/test\\\/de\\\/sushumna-de\\\/#primaryimage\"},\"thumbnailUrl\":\"https:\\\/\\\/shrimataji.org\\\/test\\\/wp-content\\\/uploads\\\/2023\\\/03\\\/14_Banner-SY-Sushumna-scaled.jpg\",\"datePublished\":\"2022-01-29T10:35:29+00:00\",\"dateModified\":\"2024-06-11T09:24:17+00:00\",\"breadcrumb\":{\"@id\":\"https:\\\/\\\/shrimataji.org\\\/test\\\/de\\\/sushumna-de\\\/#breadcrumb\"},\"inLanguage\":\"en-US\",\"potentialAction\":[{\"@type\":\"ReadAction\",\"target\":[\"https:\\\/\\\/shrimataji.org\\\/test\\\/de\\\/sushumna-de\\\/\"]}]},{\"@type\":\"ImageObject\",\"inLanguage\":\"en-US\",\"@id\":\"https:\\\/\\\/shrimataji.org\\\/test\\\/de\\\/sushumna-de\\\/#primaryimage\",\"url\":\"https:\\\/\\\/shrimataji.org\\\/test\\\/wp-content\\\/uploads\\\/2023\\\/03\\\/14_Banner-SY-Sushumna-scaled.jpg\",\"contentUrl\":\"https:\\\/\\\/shrimataji.org\\\/test\\\/wp-content\\\/uploads\\\/2023\\\/03\\\/14_Banner-SY-Sushumna-scaled.jpg\",\"width\":2560,\"height\":905},{\"@type\":\"BreadcrumbList\",\"@id\":\"https:\\\/\\\/shrimataji.org\\\/test\\\/de\\\/sushumna-de\\\/#breadcrumb\",\"itemListElement\":[{\"@type\":\"ListItem\",\"position\":1,\"name\":\"Home\",\"item\":\"https:\\\/\\\/shrimataji.org\\\/test\\\/uk\\\/home-en\\\/\"},{\"@type\":\"ListItem\",\"position\":2,\"name\":\"Sushumna Nadi DE\"}]},{\"@type\":\"WebSite\",\"@id\":\"https:\\\/\\\/shrimataji.org\\\/test\\\/#website\",\"url\":\"https:\\\/\\\/shrimataji.org\\\/test\\\/\",\"name\":\"Shri Mataji Nirmala Devi\",\"description\":\"A Life Dedicated to Humanity\",\"publisher\":{\"@id\":\"https:\\\/\\\/shrimataji.org\\\/test\\\/#\\\/schema\\\/person\\\/a1b3419c6585f164aa96da1ff85715d1\"},\"potentialAction\":[{\"@type\":\"SearchAction\",\"target\":{\"@type\":\"EntryPoint\",\"urlTemplate\":\"https:\\\/\\\/shrimataji.org\\\/test\\\/?s={search_term_string}\"},\"query-input\":{\"@type\":\"PropertyValueSpecification\",\"valueRequired\":true,\"valueName\":\"search_term_string\"}}],\"inLanguage\":\"en-US\"},{\"@type\":[\"Person\",\"Organization\"],\"@id\":\"https:\\\/\\\/shrimataji.org\\\/test\\\/#\\\/schema\\\/person\\\/a1b3419c6585f164aa96da1ff85715d1\",\"name\":\"Nirmala Shrivastava\",\"image\":{\"@type\":\"ImageObject\",\"inLanguage\":\"en-US\",\"@id\":\"https:\\\/\\\/shrimataji.org\\\/test\\\/wp-content\\\/uploads\\\/2023\\\/02\\\/SMO_LOGO-03.svg\",\"url\":\"https:\\\/\\\/shrimataji.org\\\/test\\\/wp-content\\\/uploads\\\/2023\\\/02\\\/SMO_LOGO-03.svg\",\"contentUrl\":\"https:\\\/\\\/shrimataji.org\\\/test\\\/wp-content\\\/uploads\\\/2023\\\/02\\\/SMO_LOGO-03.svg\",\"width\":\"1024\",\"height\":\"1024\",\"caption\":\"Nirmala Shrivastava\"},\"logo\":{\"@id\":\"https:\\\/\\\/shrimataji.org\\\/test\\\/wp-content\\\/uploads\\\/2023\\\/02\\\/SMO_LOGO-03.svg\"},\"sameAs\":[\"https:\\\/\\\/shrimataji.org\\\/test\",\"https:\\\/\\\/www.facebook.com\\\/shrimataji\",\"https:\\\/\\\/x.com\\\/shrimataji\",\"https:\\\/\\\/www.youtube.com\\\/@Shri_Mataji_Nirmala_Devi\\\/featured\"]}]}<\/script>\n<!-- \/ Yoast SEO plugin. -->","yoast_head_json":{"title":"Sushumna Nadi DE - TEST - SMND","robots":{"index":"noindex","follow":"follow","max-snippet":"max-snippet:-1","max-image-preview":"max-image-preview:large","max-video-preview":"max-video-preview:-1"},"og_locale":"en_US","og_type":"article","og_title":"Sushumna Nadi DE - TEST - SMND","og_description":"Sushumna Nadi Gleichgewicht und Evolution Der zentrale Energiekanal oder -pfad wird im Sanskrit als Sushumna Nadi bezeichnet. Er beginnt im Kreuzbein an der Basis der Wirbels\u00e4ule &#8211; dem Sitz der ruhenden Kundalini-Energie. Er m\u00fcndet in das Sahasrara Chakra im Bereich der Fontanelle auf dem Scheitel des Kopfes. Der zentrale Energiekanal st\u00fctzt unser spirituelles Wachstum. Er&hellip; Read more","og_url":"https:\/\/shrimataji.org\/test\/de\/sushumna-de\/","og_site_name":"TEST - SMND","article_publisher":"https:\/\/www.facebook.com\/shrimataji","article_modified_time":"2024-06-11T09:24:17+00:00","og_image":[{"width":2560,"height":905,"url":"https:\/\/shrimataji.org\/test\/wp-content\/uploads\/2023\/03\/14_Banner-SY-Sushumna-scaled.jpg","type":"image\/jpeg"}],"twitter_card":"summary_large_image","twitter_site":"@shrimataji","twitter_misc":{"Est. reading time":"2 minutes"},"schema":{"@context":"https:\/\/schema.org","@graph":[{"@type":"WebPage","@id":"https:\/\/shrimataji.org\/test\/de\/sushumna-de\/","url":"https:\/\/shrimataji.org\/test\/de\/sushumna-de\/","name":"Sushumna Nadi DE - TEST - SMND","isPartOf":{"@id":"https:\/\/shrimataji.org\/test\/#website"},"primaryImageOfPage":{"@id":"https:\/\/shrimataji.org\/test\/de\/sushumna-de\/#primaryimage"},"image":{"@id":"https:\/\/shrimataji.org\/test\/de\/sushumna-de\/#primaryimage"},"thumbnailUrl":"https:\/\/shrimataji.org\/test\/wp-content\/uploads\/2023\/03\/14_Banner-SY-Sushumna-scaled.jpg","datePublished":"2022-01-29T10:35:29+00:00","dateModified":"2024-06-11T09:24:17+00:00","breadcrumb":{"@id":"https:\/\/shrimataji.org\/test\/de\/sushumna-de\/#breadcrumb"},"inLanguage":"en-US","potentialAction":[{"@type":"ReadAction","target":["https:\/\/shrimataji.org\/test\/de\/sushumna-de\/"]}]},{"@type":"ImageObject","inLanguage":"en-US","@id":"https:\/\/shrimataji.org\/test\/de\/sushumna-de\/#primaryimage","url":"https:\/\/shrimataji.org\/test\/wp-content\/uploads\/2023\/03\/14_Banner-SY-Sushumna-scaled.jpg","contentUrl":"https:\/\/shrimataji.org\/test\/wp-content\/uploads\/2023\/03\/14_Banner-SY-Sushumna-scaled.jpg","width":2560,"height":905},{"@type":"BreadcrumbList","@id":"https:\/\/shrimataji.org\/test\/de\/sushumna-de\/#breadcrumb","itemListElement":[{"@type":"ListItem","position":1,"name":"Home","item":"https:\/\/shrimataji.org\/test\/uk\/home-en\/"},{"@type":"ListItem","position":2,"name":"Sushumna Nadi DE"}]},{"@type":"WebSite","@id":"https:\/\/shrimataji.org\/test\/#website","url":"https:\/\/shrimataji.org\/test\/","name":"Shri Mataji Nirmala Devi","description":"A Life Dedicated to Humanity","publisher":{"@id":"https:\/\/shrimataji.org\/test\/#\/schema\/person\/a1b3419c6585f164aa96da1ff85715d1"},"potentialAction":[{"@type":"SearchAction","target":{"@type":"EntryPoint","urlTemplate":"https:\/\/shrimataji.org\/test\/?s={search_term_string}"},"query-input":{"@type":"PropertyValueSpecification","valueRequired":true,"valueName":"search_term_string"}}],"inLanguage":"en-US"},{"@type":["Person","Organization"],"@id":"https:\/\/shrimataji.org\/test\/#\/schema\/person\/a1b3419c6585f164aa96da1ff85715d1","name":"Nirmala Shrivastava","image":{"@type":"ImageObject","inLanguage":"en-US","@id":"https:\/\/shrimataji.org\/test\/wp-content\/uploads\/2023\/02\/SMO_LOGO-03.svg","url":"https:\/\/shrimataji.org\/test\/wp-content\/uploads\/2023\/02\/SMO_LOGO-03.svg","contentUrl":"https:\/\/shrimataji.org\/test\/wp-content\/uploads\/2023\/02\/SMO_LOGO-03.svg","width":"1024","height":"1024","caption":"Nirmala Shrivastava"},"logo":{"@id":"https:\/\/shrimataji.org\/test\/wp-content\/uploads\/2023\/02\/SMO_LOGO-03.svg"},"sameAs":["https:\/\/shrimataji.org\/test","https:\/\/www.facebook.com\/shrimataji","https:\/\/x.com\/shrimataji","https:\/\/www.youtube.com\/@Shri_Mataji_Nirmala_Devi\/featured"]}]}},"lang":"de","translations":{"de":10698,"ur":37511,"en":6416,"am":18085,"th":20073,"hu":19574,"sq":18486,"zh":17383,"hi":8315,"tr":10216,"pt":10424,"fr":10796,"it":10894,"es":10991,"ja":11289,"ru":11477,"bn":11668,"te":11776,"sw":11899,"he":12047,"el":12339,"sk":12437,"fa":12535,"fi":12633,"bg":13380,"ro":14454,"cs":14647,"nl":16645,"ku":16805,"ar":16981,"be":18693,"kn":18967,"mr":20437,"uk":20730,"ml":21025,"ta":22804,"sv":23073,"gu":28908,"pa":29068,"fil":29522,"da":37819,"pl":38029,"nn":38371},"pll_sync_post":[],"_links":{"self":[{"href":"https:\/\/shrimataji.org\/test\/wp-json\/wp\/v2\/pages\/10698","targetHints":{"allow":["GET"]}}],"collection":[{"href":"https:\/\/shrimataji.org\/test\/wp-json\/wp\/v2\/pages"}],"about":[{"href":"https:\/\/shrimataji.org\/test\/wp-json\/wp\/v2\/types\/page"}],"author":[{"embeddable":true,"href":"https:\/\/shrimataji.org\/test\/wp-json\/wp\/v2\/users\/10"}],"replies":[{"embeddable":true,"href":"https:\/\/shrimataji.org\/test\/wp-json\/wp\/v2\/comments?post=10698"}],"version-history":[{"count":0,"href":"https:\/\/shrimataji.org\/test\/wp-json\/wp\/v2\/pages\/10698\/revisions"}],"wp:featuredmedia":[{"embeddable":true,"href":"https:\/\/shrimataji.org\/test\/wp-json\/wp\/v2\/media\/9249"}],"wp:attachment":[{"href":"https:\/\/shrimataji.org\/test\/wp-json\/wp\/v2\/media?parent=10698"}],"curies":[{"name":"wp","href":"https:\/\/api.w.org\/{rel}","templated":true}]}}